{"id":6933,"date":"2026-04-14T17:20:45","date_gmt":"2026-04-14T22:20:45","guid":{"rendered":"https:\/\/tecnimport.com.pe\/web\/?post_type=product&#038;p=6933"},"modified":"2026-04-17T17:11:16","modified_gmt":"2026-04-17T22:11:16","slug":"quick-orange-hand-cleaner-limpiador-de-manos","status":"publish","type":"product","link":"https:\/\/tecnimport.com.pe\/web\/productos\/procyon-labs\/quick-orange-hand-cleaner-limpiador-de-manos\/","title":{"rendered":"Procyon Quick Orange"},"content":{"rendered":"<div class=\"wpb-content-wrapper\"><p>[vc_row][vc_column][vc_column_text css=\u00bb\u00bb woodmart_inline=\u00bbno\u00bb text_larger=\u00bbno\u00bb]<\/p>\n<h3>Procyon\u00ae Quick Orange<\/h3>\n<h5><strong class=\"subtitulo_prod\">Presentaci\u00f3n &amp; Fichas<\/strong><\/h5>\n<div class=\"table-container\">\n<table class=\"responsive-table\">\n<thead>\n<tr>\n<th style=\"text-align: center;\">N\u00ba de Parte<\/th>\n<th style=\"text-align: center;\">Capacidad<\/th>\n<th style=\"text-align: center;\">Envase<\/th>\n<th style=\"text-align: center;\"><i class=\"fas fa-download\"><\/i> Ficha T\u00e9cnica (TDS)<\/th>\n<\/tr>\n<\/thead>\n<tbody>\n<tr>\n<td style=\"text-align: center;\">PR023601<\/td>\n<td style=\"text-align: center;\">1 GL<\/td>\n<td style=\"text-align: center;\">Galonera<\/td>\n<td style=\"text-align: center; color: #3340dd;\"><strong><a href=\"https:\/\/tecnimport.com.pe\/web\/wp-content\/uploads\/2026\/04\/TDS-PROCYON-QUICK-ORANGE.pdf\" target=\"_blank\" rel=\"noopener\"><i class=\"fas fa-download\"><\/i> FICHA T\u00c9CNICA<\/a><br \/>\n<\/strong><\/td>\n<\/tr>\n<\/tbody>\n<\/table>\n<\/div>\n<p>[\/vc_column_text][\/vc_column][\/vc_row][vc_row][vc_column width=\u00bb1\/3&#8243;][vc_column_text css=\u00bb\u00bb woodmart_inline=\u00bbno\u00bb text_larger=\u00bbno\u00bb]<\/p>\n<h5><strong class=\"subtitulo_prod\">Otras Caracter\u00edsticas<\/strong><\/h5>\n<ul>\n<li>Elimina eficazmente grasa, aceite, tinta, pintura, selladores y adhesivos industriales.<\/li>\n<li>Limpieza sin agua: f\u00f3rmula avanzada act\u00faa directamente sobre la suciedad m\u00e1s dif\u00edcil.<\/li>\n<li>Incorpora tecnolog\u00eda y surfactantes biodegradables, que disuelven residuos con alto poder de limpieza.<\/li>\n<li>Envase auto dosificador, dise\u00f1ado para evitar obstrucciones y desperdicio de producto.<\/li>\n<li>Disponible en aroma Naranja Original.<\/li>\n<li>Resiste ciclos de congelamiento y descongelamiento sin alterar su calidad ni desempe\u00f1o.<\/li>\n<li>Alto poder de limpieza industrial.<\/li>\n<\/ul>\n<p>[\/vc_column_text][\/vc_column][vc_column width=\u00bb1\/3&#8243;][vc_column_text css=\u00bb\u00bb woodmart_inline=\u00bbno\u00bb text_larger=\u00bbno\u00bb]<\/p>\n<h5><strong class=\"subtitulo_prod\">Forma de uso<\/strong><\/h5>\n<ul>\n<li>Dispense sobre la superficie a limpiar una cantidad adecuada de Procyon Quick Orange.<\/li>\n<li>Frote uniformemente hasta disolver la grasa y la suciedad.<\/li>\n<li>Retire el producto con un pa\u00f1o seco o enjuague con agua, seg\u00fan<br \/>\npreferencia.<\/li>\n<\/ul>\n<p>[\/vc_column_text][\/vc_column][vc_column width=\u00bb1\/3&#8243;][vc_column_text css=\u00bb\u00bb woodmart_inline=\u00bbno\u00bb text_larger=\u00bbno\u00bb]<\/p>\n<h5><strong class=\"subtitulo_prod\">Imagen<\/strong><\/h5>\n<p>[\/vc_column_text][vc_single_image image=\u00bb6941&#8243; img_size=\u00bbfull\u00bb alignment=\u00bbright\u00bb css=\u00bb\u00bb parallax_scroll=\u00bbno\u00bb woodmart_inline=\u00bbno\u00bb][\/vc_column][\/vc_row][vc_row][vc_column width=\u00bb1\/3&#8243;][vc_column_text css=\u00bb\u00bb woodmart_inline=\u00bbno\u00bb text_larger=\u00bbno\u00bb]<\/p>\n<h5>Almacenamiento<\/h5>\n<ul>\n<li>Conserve el producto en un ambiente fresco, seco y bien ventilado, dentro de su envase original y sellado, a una temperatura entre 8 \u00b0C y 28 \u00b0C (46 \u00b0F \u2013 82 \u00b0F), salvo indicaci\u00f3n distinta en la etiqueta.<\/li>\n<li>Para garantizar un mejor rendimiento, se recomienda mantenerlo en la parte baja de este rango de temperatura.<\/li>\n<li>Evite la contaminaci\u00f3n del producto restante; no reincorpore material usado al envase original.<\/li>\n<\/ul>\n<p>[\/vc_column_text][\/vc_column][vc_column width=\u00bb1\/3&#8243;][\/vc_column][vc_column width=\u00bb1\/3&#8243;][vc_column_text css=\u00bb\u00bb woodmart_inline=\u00bbno\u00bb text_larger=\u00bbno\u00bb]<\/p>\n<h5><strong class=\"subtitulo_prod\">Marca &amp; Fabricante<\/strong><\/h5>\n<table class=\"table\">\n<tbody>\n<tr>\n<td>Marca<\/td>\n<td><strong>PROCYON<\/strong><\/td>\n<\/tr>\n<tr>\n<td>Fabricante<\/td>\n<td><a href=\"https:\/\/www.procyon-labs.com\/product\/procyon-quick-orange\/\"><strong>PROCYON LABS<\/strong><\/a><\/td>\n<\/tr>\n<\/tbody>\n<\/table>\n<p>[\/vc_column_text][\/vc_column][\/vc_row][vc_column][\/vc_column]<\/p>\n<\/div>","protected":false},"excerpt":{"rendered":"<p><strong>PROCYON\u00ae QUICK ORANGE\u00a0<\/strong>\u00a0es una crema limpiadora y desengrasante premium, formulado con piedra p\u00f3mez de textura fina. Ofrece una limpieza profunda y buen olor.<\/p>\n<p>Formulaci\u00f3n avanzada elaborada con esencias naturales, agentes tensoactivos de alto rendimiento, dise\u00f1ada para remover suciedad dif\u00edcil, manchas semisecas, residuos dif\u00edciles, como grasas, aceites, selladores y suciedad industrial persistente y residuos grasos con facilidad. Su potente acci\u00f3n desengrasante que act\u00faa profundamente dejando la superficie tratada limpia y con un agradable aroma c\u00edtrico.<\/p>\n","protected":false},"featured_media":6941,"template":"","meta":[],"product_brand":[1350],"product_cat":[280],"product_tag":[1475,1324],"class_list":{"0":"post-6933","1":"product","2":"type-product","3":"status-publish","4":"has-post-thumbnail","6":"product_brand-procyon-x","7":"product_cat-procyon-labs","8":"product_tag-crema-limpiadora","9":"product_tag-desengrasante","11":"first","12":"instock","13":"shipping-taxable","14":"purchasable","15":"product-type-simple"},"yoast_head":"<!-- This site is optimized with the Yoast SEO plugin v26.9 - https:\/\/yoast.com\/product\/yoast-seo-wordpress\/ -->\n<title>Procyon Quick Orange - Crema Limpiadora<\/title>\n<meta name=\"description\" content=\"Procyon Quick Orange es una crema limpiadora y desengrasante premium c\u00edtrica . Formulado con piedra p\u00f3mez, ofrece una limpieza profunda.\" \/>\n<meta name=\"robots\" content=\"index, follow, max-snippet:-1, max-image-preview:large, max-video-preview:-1\" \/>\n<link rel=\"canonical\" href=\"https:\/\/tecnimport.com.pe\/web\/productos\/procyon-labs\/quick-orange-hand-cleaner-limpiador-de-manos\/\" \/>\n<meta property=\"og:locale\" content=\"es_ES\" \/>\n<meta property=\"og:type\" content=\"article\" \/>\n<meta property=\"og:title\" content=\"Transformador de \u00f3xido - Procyon Oxy Stop - Tecnimport\" \/>\n<meta property=\"og:description\" content=\"Procyon Oxy Stop neutraliza la superficie de o\u0301xido. Penetra en a\u0301reas afectadas, convirtiendo el o\u0301xido en un compuesto orga\u0301nico meta\u0301lico.\" \/>\n<meta property=\"og:url\" content=\"https:\/\/tecnimport.com.pe\/web\/productos\/procyon-labs\/quick-orange-hand-cleaner-limpiador-de-manos\/\" \/>\n<meta property=\"og:site_name\" content=\"TECNIMPORT S.A.\" \/>\n<meta property=\"article:modified_time\" content=\"2026-04-17T22:11:16+00:00\" \/>\n<meta property=\"og:image\" content=\"https:\/\/tecnimport.com.pe\/web\/wp-content\/uploads\/2019\/07\/ProcyonOxyStop.gif\" \/>\n\t<meta property=\"og:image:width\" content=\"1000\" \/>\n\t<meta property=\"og:image:height\" content=\"1000\" \/>\n\t<meta property=\"og:image:type\" content=\"image\/gif\" \/>\n<meta name=\"twitter:card\" content=\"summary_large_image\" \/>\n<meta name=\"twitter:label1\" content=\"Precio\" \/>\n\t<meta name=\"twitter:data1\" content=\"&#036;1.00\" \/>\n\t<meta name=\"twitter:label2\" content=\"Disponibilidad\" \/>\n\t<meta name=\"twitter:data2\" content=\"Disponible\" \/>\n<script type=\"application\/ld+json\" class=\"yoast-schema-graph\">{\"@context\":\"https:\/\/schema.org\",\"@graph\":[{\"@type\":\"WebPage\",\"@id\":\"https:\/\/tecnimport.com.pe\/web\/productos\/procyon-labs\/quick-orange-hand-cleaner-limpiador-de-manos\/\",\"url\":\"https:\/\/tecnimport.com.pe\/web\/productos\/procyon-labs\/quick-orange-hand-cleaner-limpiador-de-manos\/\",\"name\":\"Procyon Quick Orange - Crema Limpiadora\",\"isPartOf\":{\"@id\":\"https:\/\/tecnimport.com.pe\/web\/#website\"},\"primaryImageOfPage\":{\"@id\":\"https:\/\/tecnimport.com.pe\/web\/productos\/procyon-labs\/quick-orange-hand-cleaner-limpiador-de-manos\/#primaryimage\"},\"image\":{\"@id\":\"https:\/\/tecnimport.com.pe\/web\/productos\/procyon-labs\/quick-orange-hand-cleaner-limpiador-de-manos\/#primaryimage\"},\"thumbnailUrl\":\"https:\/\/tecnimport.com.pe\/web\/wp-content\/uploads\/2026\/04\/Procyon-Quick-Orange.gif\",\"datePublished\":\"2026-04-14T22:20:45+00:00\",\"dateModified\":\"2026-04-17T22:11:16+00:00\",\"description\":\"Procyon Quick Orange es una crema limpiadora y desengrasante premium c\u00edtrica . Formulado con piedra p\u00f3mez, ofrece una limpieza profunda.\",\"breadcrumb\":{\"@id\":\"https:\/\/tecnimport.com.pe\/web\/productos\/procyon-labs\/quick-orange-hand-cleaner-limpiador-de-manos\/#breadcrumb\"},\"inLanguage\":\"es\",\"potentialAction\":[{\"@type\":\"ReadAction\",\"target\":[\"https:\/\/tecnimport.com.pe\/web\/productos\/procyon-labs\/quick-orange-hand-cleaner-limpiador-de-manos\/\"]}]},{\"@type\":\"ImageObject\",\"inLanguage\":\"es\",\"@id\":\"https:\/\/tecnimport.com.pe\/web\/productos\/procyon-labs\/quick-orange-hand-cleaner-limpiador-de-manos\/#primaryimage\",\"url\":\"https:\/\/tecnimport.com.pe\/web\/wp-content\/uploads\/2026\/04\/Procyon-Quick-Orange.gif\",\"contentUrl\":\"https:\/\/tecnimport.com.pe\/web\/wp-content\/uploads\/2026\/04\/Procyon-Quick-Orange.gif\",\"width\":1000,\"height\":1000},{\"@type\":\"BreadcrumbList\",\"@id\":\"https:\/\/tecnimport.com.pe\/web\/productos\/procyon-labs\/quick-orange-hand-cleaner-limpiador-de-manos\/#breadcrumb\",\"itemListElement\":[{\"@type\":\"ListItem\",\"position\":1,\"name\":\"Portada\",\"item\":\"https:\/\/tecnimport.com.pe\/web\/\"},{\"@type\":\"ListItem\",\"position\":2,\"name\":\"Productos\",\"item\":\"https:\/\/tecnimport.com.pe\/web\/productos-navigation\/\"},{\"@type\":\"ListItem\",\"position\":3,\"name\":\"Procyon Quick Orange\"}]},{\"@type\":\"WebSite\",\"@id\":\"https:\/\/tecnimport.com.pe\/web\/#website\",\"url\":\"https:\/\/tecnimport.com.pe\/web\/\",\"name\":\"TECNIMPORT S.A.\",\"description\":\"Representante de Devcon, LPS, Rocol y Procyon en el Per\u00fa\",\"publisher\":{\"@id\":\"https:\/\/tecnimport.com.pe\/web\/#organization\"},\"potentialAction\":[{\"@type\":\"SearchAction\",\"target\":{\"@type\":\"EntryPoint\",\"urlTemplate\":\"https:\/\/tecnimport.com.pe\/web\/?s={search_term_string}\"},\"query-input\":{\"@type\":\"PropertyValueSpecification\",\"valueRequired\":true,\"valueName\":\"search_term_string\"}}],\"inLanguage\":\"es\"},{\"@type\":\"Organization\",\"@id\":\"https:\/\/tecnimport.com.pe\/web\/#organization\",\"name\":\"Tecnimport S.A\",\"url\":\"https:\/\/tecnimport.com.pe\/web\/\",\"logo\":{\"@type\":\"ImageObject\",\"inLanguage\":\"es\",\"@id\":\"https:\/\/tecnimport.com.pe\/web\/#\/schema\/logo\/image\/\",\"url\":\"https:\/\/tecnimport.com.pe\/web\/wp-content\/uploads\/2020\/03\/logo_tecnimport.png\",\"contentUrl\":\"https:\/\/tecnimport.com.pe\/web\/wp-content\/uploads\/2020\/03\/logo_tecnimport.png\",\"width\":367,\"height\":49,\"caption\":\"Tecnimport S.A\"},\"image\":{\"@id\":\"https:\/\/tecnimport.com.pe\/web\/#\/schema\/logo\/image\/\"}}]}<\/script>\n<meta property=\"product:price:amount\" content=\"1.00\" \/>\n<meta property=\"product:price:currency\" content=\"USD\" \/>\n<meta property=\"og:availability\" content=\"instock\" \/>\n<meta property=\"product:availability\" content=\"instock\" \/>\n<meta property=\"product:retailer_item_id\" content=\"PR023601\" \/>\n<meta property=\"product:condition\" content=\"new\" \/>\n<!-- \/ Yoast SEO plugin. -->","yoast_head_json":{"title":"Procyon Quick Orange - Crema Limpiadora","description":"Procyon Quick Orange es una crema limpiadora y desengrasante premium c\u00edtrica . Formulado con piedra p\u00f3mez, ofrece una limpieza profunda.","robots":{"index":"index","follow":"follow","max-snippet":"max-snippet:-1","max-image-preview":"max-image-preview:large","max-video-preview":"max-video-preview:-1"},"canonical":"https:\/\/tecnimport.com.pe\/web\/productos\/procyon-labs\/quick-orange-hand-cleaner-limpiador-de-manos\/","og_locale":"es_ES","og_type":"article","og_title":"Transformador de \u00f3xido - Procyon Oxy Stop - Tecnimport","og_description":"Procyon Oxy Stop neutraliza la superficie de o\u0301xido. Penetra en a\u0301reas afectadas, convirtiendo el o\u0301xido en un compuesto orga\u0301nico meta\u0301lico.","og_url":"https:\/\/tecnimport.com.pe\/web\/productos\/procyon-labs\/quick-orange-hand-cleaner-limpiador-de-manos\/","og_site_name":"TECNIMPORT S.A.","article_modified_time":"2026-04-17T22:11:16+00:00","og_image":[{"width":1000,"height":1000,"url":"https:\/\/tecnimport.com.pe\/web\/wp-content\/uploads\/2019\/07\/ProcyonOxyStop.gif","type":"image\/gif"}],"twitter_card":"summary_large_image","twitter_misc":{"Precio":"&#36;1.00","Disponibilidad":"Disponible"},"schema":{"@context":"https:\/\/schema.org","@graph":[{"@type":"WebPage","@id":"https:\/\/tecnimport.com.pe\/web\/productos\/procyon-labs\/quick-orange-hand-cleaner-limpiador-de-manos\/","url":"https:\/\/tecnimport.com.pe\/web\/productos\/procyon-labs\/quick-orange-hand-cleaner-limpiador-de-manos\/","name":"Procyon Quick Orange - Crema Limpiadora","isPartOf":{"@id":"https:\/\/tecnimport.com.pe\/web\/#website"},"primaryImageOfPage":{"@id":"https:\/\/tecnimport.com.pe\/web\/productos\/procyon-labs\/quick-orange-hand-cleaner-limpiador-de-manos\/#primaryimage"},"image":{"@id":"https:\/\/tecnimport.com.pe\/web\/productos\/procyon-labs\/quick-orange-hand-cleaner-limpiador-de-manos\/#primaryimage"},"thumbnailUrl":"https:\/\/tecnimport.com.pe\/web\/wp-content\/uploads\/2026\/04\/Procyon-Quick-Orange.gif","datePublished":"2026-04-14T22:20:45+00:00","dateModified":"2026-04-17T22:11:16+00:00","description":"Procyon Quick Orange es una crema limpiadora y desengrasante premium c\u00edtrica . Formulado con piedra p\u00f3mez, ofrece una limpieza profunda.","breadcrumb":{"@id":"https:\/\/tecnimport.com.pe\/web\/productos\/procyon-labs\/quick-orange-hand-cleaner-limpiador-de-manos\/#breadcrumb"},"inLanguage":"es","potentialAction":[{"@type":"ReadAction","target":["https:\/\/tecnimport.com.pe\/web\/productos\/procyon-labs\/quick-orange-hand-cleaner-limpiador-de-manos\/"]}]},{"@type":"ImageObject","inLanguage":"es","@id":"https:\/\/tecnimport.com.pe\/web\/productos\/procyon-labs\/quick-orange-hand-cleaner-limpiador-de-manos\/#primaryimage","url":"https:\/\/tecnimport.com.pe\/web\/wp-content\/uploads\/2026\/04\/Procyon-Quick-Orange.gif","contentUrl":"https:\/\/tecnimport.com.pe\/web\/wp-content\/uploads\/2026\/04\/Procyon-Quick-Orange.gif","width":1000,"height":1000},{"@type":"BreadcrumbList","@id":"https:\/\/tecnimport.com.pe\/web\/productos\/procyon-labs\/quick-orange-hand-cleaner-limpiador-de-manos\/#breadcrumb","itemListElement":[{"@type":"ListItem","position":1,"name":"Portada","item":"https:\/\/tecnimport.com.pe\/web\/"},{"@type":"ListItem","position":2,"name":"Productos","item":"https:\/\/tecnimport.com.pe\/web\/productos-navigation\/"},{"@type":"ListItem","position":3,"name":"Procyon Quick Orange"}]},{"@type":"WebSite","@id":"https:\/\/tecnimport.com.pe\/web\/#website","url":"https:\/\/tecnimport.com.pe\/web\/","name":"TECNIMPORT S.A.","description":"Representante de Devcon, LPS, Rocol y Procyon en el Per\u00fa","publisher":{"@id":"https:\/\/tecnimport.com.pe\/web\/#organization"},"potentialAction":[{"@type":"SearchAction","target":{"@type":"EntryPoint","urlTemplate":"https:\/\/tecnimport.com.pe\/web\/?s={search_term_string}"},"query-input":{"@type":"PropertyValueSpecification","valueRequired":true,"valueName":"search_term_string"}}],"inLanguage":"es"},{"@type":"Organization","@id":"https:\/\/tecnimport.com.pe\/web\/#organization","name":"Tecnimport S.A","url":"https:\/\/tecnimport.com.pe\/web\/","logo":{"@type":"ImageObject","inLanguage":"es","@id":"https:\/\/tecnimport.com.pe\/web\/#\/schema\/logo\/image\/","url":"https:\/\/tecnimport.com.pe\/web\/wp-content\/uploads\/2020\/03\/logo_tecnimport.png","contentUrl":"https:\/\/tecnimport.com.pe\/web\/wp-content\/uploads\/2020\/03\/logo_tecnimport.png","width":367,"height":49,"caption":"Tecnimport S.A"},"image":{"@id":"https:\/\/tecnimport.com.pe\/web\/#\/schema\/logo\/image\/"}}]},"product_price_amount":"1.00","product_price_currency":"USD","og_availability":"instock","product_availability":"instock","product_retailer_item_id":"PR023601","product_condition":"new"},"_links":{"self":[{"href":"https:\/\/tecnimport.com.pe\/web\/wp-json\/wp\/v2\/product\/6933","targetHints":{"allow":["GET"]}}],"collection":[{"href":"https:\/\/tecnimport.com.pe\/web\/wp-json\/wp\/v2\/product"}],"about":[{"href":"https:\/\/tecnimport.com.pe\/web\/wp-json\/wp\/v2\/types\/product"}],"wp:featuredmedia":[{"embeddable":true,"href":"https:\/\/tecnimport.com.pe\/web\/wp-json\/wp\/v2\/media\/6941"}],"wp:attachment":[{"href":"https:\/\/tecnimport.com.pe\/web\/wp-json\/wp\/v2\/media?parent=6933"}],"wp:term":[{"taxonomy":"product_brand","embeddable":true,"href":"https:\/\/tecnimport.com.pe\/web\/wp-json\/wp\/v2\/product_brand?post=6933"},{"taxonomy":"product_cat","embeddable":true,"href":"https:\/\/tecnimport.com.pe\/web\/wp-json\/wp\/v2\/product_cat?post=6933"},{"taxonomy":"product_tag","embeddable":true,"href":"https:\/\/tecnimport.com.pe\/web\/wp-json\/wp\/v2\/product_tag?post=6933"}],"curies":[{"name":"wp","href":"https:\/\/api.w.org\/{rel}","templated":true}]}}