{"id":6882,"date":"2025-07-25T19:33:45","date_gmt":"2025-07-26T00:33:45","guid":{"rendered":"https:\/\/tecnimport.com.pe\/web\/?post_type=product&#038;p=6882"},"modified":"2025-07-25T19:56:20","modified_gmt":"2025-07-26T00:56:20","slug":"procyon-silicone-spray","status":"publish","type":"product","link":"https:\/\/tecnimport.com.pe\/web\/productos\/procyon-labs\/procyon-silicone-spray\/","title":{"rendered":"Procyon Silicone Spray"},"content":{"rendered":"<div class=\"wpb-content-wrapper\"><p>[vc_row][vc_column][vc_row_inner][vc_column_inner][vc_column_text css=\u00bb\u00bb woodmart_inline=\u00bbno\u00bb text_larger=\u00bbno\u00bb]<\/p>\n<h3>Procyon Chain Lube &#8211; Lubricante para Cadenas<\/h3>\n<h5><strong class=\"subtitulo_prod\">Presentaci\u00f3n &amp; Fichas<\/strong><\/h5>\n<div class=\"table-container\">\n<table class=\"responsive-table\">\n<thead>\n<tr>\n<th style=\"text-align: center;\">N\u00ba de Parte<\/th>\n<th style=\"text-align: center;\">Capacidad<\/th>\n<th style=\"text-align: center;\">Volumen<\/th>\n<th style=\"text-align: center;\">Envase<\/th>\n<th style=\"text-align: center;\"><i class=\"fas fa-download\"><\/i> Ficha T\u00e9cnica (TDS)<\/th>\n<\/tr>\n<\/thead>\n<tbody>\n<tr>\n<td style=\"text-align: center;\">PR15112<\/td>\n<td style=\"text-align: center;\">12 oz (340 gr)<\/td>\n<td style=\"text-align: center;\">400 ml<\/td>\n<td style=\"text-align: center;\">Aerosol<\/td>\n<td style=\"text-align: center; color: #3340dd;\"><strong><a href=\"https:\/\/tecnimport.com.pe\/web\/wp-content\/uploads\/2025\/07\/PROCYON-SILICONE-SPRAY-TDS.pdf\" target=\"_blank\" rel=\"noopener\"><i class=\"fas fa-download\"><\/i> Descargar<\/a><br \/>\n<\/strong><\/td>\n<\/tr>\n<\/tbody>\n<\/table>\n<\/div>\n<p>[\/vc_column_text][\/vc_column_inner][\/vc_row_inner][vc_row_inner][vc_column_inner][vc_empty_space height=\u00bb50px\u00bb woodmart_hide_large=\u00bb0&#8243; woodmart_hide_medium=\u00bb0&#8243; woodmart_hide_small=\u00bb0&#8243;][\/vc_column_inner][\/vc_row_inner][\/vc_column][\/vc_row][vc_row][vc_column width=\u00bb1\/3&#8243;][vc_column_text css=\u00bb\u00bb woodmart_inline=\u00bbno\u00bb text_larger=\u00bbno\u00bb]<\/p>\n<h5><strong class=\"subtitulo_prod\">Otras Caracter\u00edsticas<\/strong><\/h5>\n<ul>\n<li>Producto No t\u00f3xico.<\/li>\n<li>Excelente para el desmolde de pl\u00e1sticos: ABS,<\/li>\n<li>PVC, PE, NYLON, ACR\u00cdLICOS, PS, PP, PC y SAN.<\/li>\n<li>Proporciona excelente lubricidad.<\/li>\n<li>Incoloro e inodoro.<\/li>\n<li>Elimina adherencias, atascos y chirridos.<\/li>\n<li>Maximiza los ciclos de desmoldeo.<\/li>\n<li>Ideal para superficies como elast\u00f3meros y pl\u00e1sticos.<\/li>\n<li>F\u00f3rmula que protege piezas de caucho, pl\u00e1stico y metal.<\/li>\n<li>Incluye propulsor premium inodoro, deja una superficie perfecta del producto, sin oleosidad.<\/li>\n<\/ul>\n<p>[\/vc_column_text][\/vc_column][vc_column width=\u00bb1\/3&#8243;][vc_column_text css=\u00bb\u00bb woodmart_inline=\u00bbno\u00bb text_larger=\u00bbno\u00bb]<\/p>\n<h5><strong class=\"subtitulo_prod\">Aplicaciones<\/strong><\/h5>\n<ul>\n<li>Moldeo por compresi\u00f3n<\/li>\n<li>Moldeo por inyecci\u00f3n<\/li>\n<li>Transportadores<\/li>\n<li>Sellos y Puertas<\/li>\n<li>Rodillos de pl\u00e1stico<\/li>\n<li>Ruedas dentadas<\/li>\n<li>Engranajes de pl\u00e1stico<\/li>\n<li>Componentes de caucho<\/li>\n<li>Superficies corredizas<\/li>\n<li>Rodillos de pl\u00e1stico<\/li>\n<li>Bujes de goma<\/li>\n<li>Soportes de goma<\/li>\n<li>Correas \/ Fajas de transmisi\u00f3n<\/li>\n<\/ul>\n<p>[\/vc_column_text][\/vc_column][vc_column width=\u00bb1\/3&#8243;][vc_column_text css=\u00bb\u00bb woodmart_inline=\u00bbno\u00bb text_larger=\u00bbno\u00bb]<\/p>\n<h5><strong class=\"subtitulo_prod\">Imagen<\/strong><\/h5>\n<p>[\/vc_column_text][vc_single_image image=\u00bb6884&#8243; img_size=\u00bbfull\u00bb alignment=\u00bbright\u00bb onclick=\u00bbimg_link_large\u00bb img_link_target=\u00bb_blank\u00bb css=\u00bb\u00bb parallax_scroll=\u00bbno\u00bb woodmart_inline=\u00bbno\u00bb][\/vc_column][\/vc_row][vc_row][vc_column width=\u00bb1\/3&#8243;][vc_column_text css=\u00bb\u00bb woodmart_inline=\u00bbno\u00bb text_larger=\u00bbno\u00bb]<\/p>\n<h5><strong class=\"subtitulo_prod\">Direcciones de Uso<\/strong><\/h5>\n<ul>\n<li>Agite bien el envase <strong>PROCYON SILICONE SPRAY<\/strong> antes de usar.<\/li>\n<li>Aseg\u00farese de que haya suficiente ventilaci\u00f3n antes de su uso.<\/li>\n<li>Sujete el envase a una distancia de 15 a 20 cm y roc\u00ede directamente.<\/li>\n<\/ul>\n<p>[\/vc_column_text][\/vc_column][vc_column width=\u00bb1\/3&#8243;][\/vc_column][vc_column width=\u00bb1\/3&#8243;][vc_column_text css=\u00bb\u00bb woodmart_inline=\u00bbno\u00bb text_larger=\u00bbno\u00bb]<\/p>\n<h5><strong class=\"subtitulo_prod\">Marca &amp; Fabricante<\/strong><\/h5>\n<table class=\"table\">\n<tbody>\n<tr>\n<td>Marca<\/td>\n<td><strong>PROCYON<\/strong><\/td>\n<\/tr>\n<tr>\n<td>Fabricante<\/td>\n<td><a href=\"https:\/\/www.procyon-labs.com\/product\/silicone-spray\/\" target=\"_blank\" rel=\"noopener\"><strong>PROCYON LABS<\/strong><\/a><\/td>\n<\/tr>\n<\/tbody>\n<\/table>\n<p>[\/vc_column_text][\/vc_column][\/vc_row][vc_column][\/vc_column]<\/p>\n<\/div>","protected":false},"excerpt":{"rendered":"<p><strong>PROCYON SILICONE SPRAY <\/strong>Lubricante de Silicona ideal para superficies como elast\u00f3meros y pl\u00e1sticos, excelente para el desmolde de pl\u00e1sticos, y fajas de transmisi\u00f3n. Adopta una f\u00f3rmula preparada a partir de materiales compuestos con alta capacidad de carga y fuerte resistencia a la presi\u00f3n extrema y al desgaste.<\/p>\n","protected":false},"featured_media":6884,"template":"","meta":[],"product_brand":[1350],"product_cat":[280,282],"product_tag":[1452,682,1451],"class_list":{"0":"post-6882","1":"product","2":"type-product","3":"status-publish","4":"has-post-thumbnail","6":"product_brand-procyon-x","7":"product_cat-procyon-labs","8":"product_cat-lubricantes-penetrantes-aflojatodo","9":"product_tag-desmoldante","10":"product_tag-lubricante","11":"product_tag-lubricante-de-silicona","13":"first","14":"instock","15":"shipping-taxable","16":"purchasable","17":"product-type-simple"},"yoast_head":"<!-- This site is optimized with the Yoast SEO plugin v26.9 - https:\/\/yoast.com\/product\/yoast-seo-wordpress\/ -->\n<title>Lubricante de Silicona - Procyon Silicone Spray - TECNIMPORT S.A.<\/title>\n<meta name=\"description\" content=\"PROCYON SILICONE SPRAY Lubricante de Silicona ideal para superficies como elast\u00f3meros y pl\u00e1sticos, desmolde de pl\u00e1sticos y excelente lubricidad.\" \/>\n<meta name=\"robots\" content=\"index, follow, max-snippet:-1, max-image-preview:large, max-video-preview:-1\" \/>\n<link rel=\"canonical\" href=\"https:\/\/tecnimport.com.pe\/web\/productos\/procyon-labs\/procyon-silicone-spray\/\" \/>\n<meta property=\"og:locale\" content=\"es_ES\" \/>\n<meta property=\"og:type\" content=\"article\" \/>\n<meta property=\"og:title\" content=\"Transformador de \u00f3xido - Procyon Oxy Stop - Tecnimport\" \/>\n<meta property=\"og:description\" content=\"Procyon Oxy Stop neutraliza la superficie de o\u0301xido. Penetra en a\u0301reas afectadas, convirtiendo el o\u0301xido en un compuesto orga\u0301nico meta\u0301lico.\" \/>\n<meta property=\"og:url\" content=\"https:\/\/tecnimport.com.pe\/web\/productos\/procyon-labs\/procyon-silicone-spray\/\" \/>\n<meta property=\"og:site_name\" content=\"TECNIMPORT S.A.\" \/>\n<meta property=\"article:modified_time\" content=\"2025-07-26T00:56:20+00:00\" \/>\n<meta property=\"og:image\" content=\"https:\/\/tecnimport.com.pe\/web\/wp-content\/uploads\/2019\/07\/ProcyonOxyStop.gif\" \/>\n\t<meta property=\"og:image:width\" content=\"1000\" \/>\n\t<meta property=\"og:image:height\" content=\"1000\" \/>\n\t<meta property=\"og:image:type\" content=\"image\/gif\" \/>\n<meta name=\"twitter:card\" content=\"summary_large_image\" \/>\n<meta name=\"twitter:label1\" content=\"Precio\" \/>\n\t<meta name=\"twitter:data1\" content=\"&#036;1.00\" \/>\n\t<meta name=\"twitter:label2\" content=\"Disponibilidad\" \/>\n\t<meta name=\"twitter:data2\" content=\"Disponible\" \/>\n<script type=\"application\/ld+json\" class=\"yoast-schema-graph\">{\"@context\":\"https:\/\/schema.org\",\"@graph\":[{\"@type\":\"WebPage\",\"@id\":\"https:\/\/tecnimport.com.pe\/web\/productos\/procyon-labs\/procyon-silicone-spray\/\",\"url\":\"https:\/\/tecnimport.com.pe\/web\/productos\/procyon-labs\/procyon-silicone-spray\/\",\"name\":\"Lubricante de Silicona - Procyon Silicone Spray - TECNIMPORT S.A.\",\"isPartOf\":{\"@id\":\"https:\/\/tecnimport.com.pe\/web\/#website\"},\"primaryImageOfPage\":{\"@id\":\"https:\/\/tecnimport.com.pe\/web\/productos\/procyon-labs\/procyon-silicone-spray\/#primaryimage\"},\"image\":{\"@id\":\"https:\/\/tecnimport.com.pe\/web\/productos\/procyon-labs\/procyon-silicone-spray\/#primaryimage\"},\"thumbnailUrl\":\"https:\/\/tecnimport.com.pe\/web\/wp-content\/uploads\/2025\/07\/PROCYON-SILICONE-SPAY-LUBRICANTE-BASE-SILICONA.gif\",\"datePublished\":\"2025-07-26T00:33:45+00:00\",\"dateModified\":\"2025-07-26T00:56:20+00:00\",\"description\":\"PROCYON SILICONE SPRAY Lubricante de Silicona ideal para superficies como elast\u00f3meros y pl\u00e1sticos, desmolde de pl\u00e1sticos y excelente lubricidad.\",\"breadcrumb\":{\"@id\":\"https:\/\/tecnimport.com.pe\/web\/productos\/procyon-labs\/procyon-silicone-spray\/#breadcrumb\"},\"inLanguage\":\"es\",\"potentialAction\":[{\"@type\":\"ReadAction\",\"target\":[\"https:\/\/tecnimport.com.pe\/web\/productos\/procyon-labs\/procyon-silicone-spray\/\"]}]},{\"@type\":\"ImageObject\",\"inLanguage\":\"es\",\"@id\":\"https:\/\/tecnimport.com.pe\/web\/productos\/procyon-labs\/procyon-silicone-spray\/#primaryimage\",\"url\":\"https:\/\/tecnimport.com.pe\/web\/wp-content\/uploads\/2025\/07\/PROCYON-SILICONE-SPAY-LUBRICANTE-BASE-SILICONA.gif\",\"contentUrl\":\"https:\/\/tecnimport.com.pe\/web\/wp-content\/uploads\/2025\/07\/PROCYON-SILICONE-SPAY-LUBRICANTE-BASE-SILICONA.gif\",\"width\":1000,\"height\":1000,\"caption\":\"PROCYON-SILICONE-SPAY-LUBRICANTE-BASE-SILICONA\"},{\"@type\":\"BreadcrumbList\",\"@id\":\"https:\/\/tecnimport.com.pe\/web\/productos\/procyon-labs\/procyon-silicone-spray\/#breadcrumb\",\"itemListElement\":[{\"@type\":\"ListItem\",\"position\":1,\"name\":\"Portada\",\"item\":\"https:\/\/tecnimport.com.pe\/web\/\"},{\"@type\":\"ListItem\",\"position\":2,\"name\":\"Productos\",\"item\":\"https:\/\/tecnimport.com.pe\/web\/productos-navigation\/\"},{\"@type\":\"ListItem\",\"position\":3,\"name\":\"Procyon Silicone Spray\"}]},{\"@type\":\"WebSite\",\"@id\":\"https:\/\/tecnimport.com.pe\/web\/#website\",\"url\":\"https:\/\/tecnimport.com.pe\/web\/\",\"name\":\"TECNIMPORT S.A.\",\"description\":\"Representante de Devcon, LPS, Rocol y Procyon en el Per\u00fa\",\"publisher\":{\"@id\":\"https:\/\/tecnimport.com.pe\/web\/#organization\"},\"potentialAction\":[{\"@type\":\"SearchAction\",\"target\":{\"@type\":\"EntryPoint\",\"urlTemplate\":\"https:\/\/tecnimport.com.pe\/web\/?s={search_term_string}\"},\"query-input\":{\"@type\":\"PropertyValueSpecification\",\"valueRequired\":true,\"valueName\":\"search_term_string\"}}],\"inLanguage\":\"es\"},{\"@type\":\"Organization\",\"@id\":\"https:\/\/tecnimport.com.pe\/web\/#organization\",\"name\":\"Tecnimport S.A\",\"url\":\"https:\/\/tecnimport.com.pe\/web\/\",\"logo\":{\"@type\":\"ImageObject\",\"inLanguage\":\"es\",\"@id\":\"https:\/\/tecnimport.com.pe\/web\/#\/schema\/logo\/image\/\",\"url\":\"https:\/\/tecnimport.com.pe\/web\/wp-content\/uploads\/2020\/03\/logo_tecnimport.png\",\"contentUrl\":\"https:\/\/tecnimport.com.pe\/web\/wp-content\/uploads\/2020\/03\/logo_tecnimport.png\",\"width\":367,\"height\":49,\"caption\":\"Tecnimport S.A\"},\"image\":{\"@id\":\"https:\/\/tecnimport.com.pe\/web\/#\/schema\/logo\/image\/\"}}]}<\/script>\n<meta property=\"product:price:amount\" content=\"1.00\" \/>\n<meta property=\"product:price:currency\" content=\"USD\" \/>\n<meta property=\"og:availability\" content=\"instock\" \/>\n<meta property=\"product:availability\" content=\"instock\" \/>\n<meta property=\"product:retailer_item_id\" content=\"PR15212\" \/>\n<meta property=\"product:condition\" content=\"new\" \/>\n<!-- \/ Yoast SEO plugin. -->","yoast_head_json":{"title":"Lubricante de Silicona - Procyon Silicone Spray - TECNIMPORT S.A.","description":"PROCYON SILICONE SPRAY Lubricante de Silicona ideal para superficies como elast\u00f3meros y pl\u00e1sticos, desmolde de pl\u00e1sticos y excelente lubricidad.","robots":{"index":"index","follow":"follow","max-snippet":"max-snippet:-1","max-image-preview":"max-image-preview:large","max-video-preview":"max-video-preview:-1"},"canonical":"https:\/\/tecnimport.com.pe\/web\/productos\/procyon-labs\/procyon-silicone-spray\/","og_locale":"es_ES","og_type":"article","og_title":"Transformador de \u00f3xido - Procyon Oxy Stop - Tecnimport","og_description":"Procyon Oxy Stop neutraliza la superficie de o\u0301xido. Penetra en a\u0301reas afectadas, convirtiendo el o\u0301xido en un compuesto orga\u0301nico meta\u0301lico.","og_url":"https:\/\/tecnimport.com.pe\/web\/productos\/procyon-labs\/procyon-silicone-spray\/","og_site_name":"TECNIMPORT S.A.","article_modified_time":"2025-07-26T00:56:20+00:00","og_image":[{"width":1000,"height":1000,"url":"https:\/\/tecnimport.com.pe\/web\/wp-content\/uploads\/2019\/07\/ProcyonOxyStop.gif","type":"image\/gif"}],"twitter_card":"summary_large_image","twitter_misc":{"Precio":"&#36;1.00","Disponibilidad":"Disponible"},"schema":{"@context":"https:\/\/schema.org","@graph":[{"@type":"WebPage","@id":"https:\/\/tecnimport.com.pe\/web\/productos\/procyon-labs\/procyon-silicone-spray\/","url":"https:\/\/tecnimport.com.pe\/web\/productos\/procyon-labs\/procyon-silicone-spray\/","name":"Lubricante de Silicona - Procyon Silicone Spray - TECNIMPORT S.A.","isPartOf":{"@id":"https:\/\/tecnimport.com.pe\/web\/#website"},"primaryImageOfPage":{"@id":"https:\/\/tecnimport.com.pe\/web\/productos\/procyon-labs\/procyon-silicone-spray\/#primaryimage"},"image":{"@id":"https:\/\/tecnimport.com.pe\/web\/productos\/procyon-labs\/procyon-silicone-spray\/#primaryimage"},"thumbnailUrl":"https:\/\/tecnimport.com.pe\/web\/wp-content\/uploads\/2025\/07\/PROCYON-SILICONE-SPAY-LUBRICANTE-BASE-SILICONA.gif","datePublished":"2025-07-26T00:33:45+00:00","dateModified":"2025-07-26T00:56:20+00:00","description":"PROCYON SILICONE SPRAY Lubricante de Silicona ideal para superficies como elast\u00f3meros y pl\u00e1sticos, desmolde de pl\u00e1sticos y excelente lubricidad.","breadcrumb":{"@id":"https:\/\/tecnimport.com.pe\/web\/productos\/procyon-labs\/procyon-silicone-spray\/#breadcrumb"},"inLanguage":"es","potentialAction":[{"@type":"ReadAction","target":["https:\/\/tecnimport.com.pe\/web\/productos\/procyon-labs\/procyon-silicone-spray\/"]}]},{"@type":"ImageObject","inLanguage":"es","@id":"https:\/\/tecnimport.com.pe\/web\/productos\/procyon-labs\/procyon-silicone-spray\/#primaryimage","url":"https:\/\/tecnimport.com.pe\/web\/wp-content\/uploads\/2025\/07\/PROCYON-SILICONE-SPAY-LUBRICANTE-BASE-SILICONA.gif","contentUrl":"https:\/\/tecnimport.com.pe\/web\/wp-content\/uploads\/2025\/07\/PROCYON-SILICONE-SPAY-LUBRICANTE-BASE-SILICONA.gif","width":1000,"height":1000,"caption":"PROCYON-SILICONE-SPAY-LUBRICANTE-BASE-SILICONA"},{"@type":"BreadcrumbList","@id":"https:\/\/tecnimport.com.pe\/web\/productos\/procyon-labs\/procyon-silicone-spray\/#breadcrumb","itemListElement":[{"@type":"ListItem","position":1,"name":"Portada","item":"https:\/\/tecnimport.com.pe\/web\/"},{"@type":"ListItem","position":2,"name":"Productos","item":"https:\/\/tecnimport.com.pe\/web\/productos-navigation\/"},{"@type":"ListItem","position":3,"name":"Procyon Silicone Spray"}]},{"@type":"WebSite","@id":"https:\/\/tecnimport.com.pe\/web\/#website","url":"https:\/\/tecnimport.com.pe\/web\/","name":"TECNIMPORT S.A.","description":"Representante de Devcon, LPS, Rocol y Procyon en el Per\u00fa","publisher":{"@id":"https:\/\/tecnimport.com.pe\/web\/#organization"},"potentialAction":[{"@type":"SearchAction","target":{"@type":"EntryPoint","urlTemplate":"https:\/\/tecnimport.com.pe\/web\/?s={search_term_string}"},"query-input":{"@type":"PropertyValueSpecification","valueRequired":true,"valueName":"search_term_string"}}],"inLanguage":"es"},{"@type":"Organization","@id":"https:\/\/tecnimport.com.pe\/web\/#organization","name":"Tecnimport S.A","url":"https:\/\/tecnimport.com.pe\/web\/","logo":{"@type":"ImageObject","inLanguage":"es","@id":"https:\/\/tecnimport.com.pe\/web\/#\/schema\/logo\/image\/","url":"https:\/\/tecnimport.com.pe\/web\/wp-content\/uploads\/2020\/03\/logo_tecnimport.png","contentUrl":"https:\/\/tecnimport.com.pe\/web\/wp-content\/uploads\/2020\/03\/logo_tecnimport.png","width":367,"height":49,"caption":"Tecnimport S.A"},"image":{"@id":"https:\/\/tecnimport.com.pe\/web\/#\/schema\/logo\/image\/"}}]},"product_price_amount":"1.00","product_price_currency":"USD","og_availability":"instock","product_availability":"instock","product_retailer_item_id":"PR15212","product_condition":"new"},"_links":{"self":[{"href":"https:\/\/tecnimport.com.pe\/web\/wp-json\/wp\/v2\/product\/6882","targetHints":{"allow":["GET"]}}],"collection":[{"href":"https:\/\/tecnimport.com.pe\/web\/wp-json\/wp\/v2\/product"}],"about":[{"href":"https:\/\/tecnimport.com.pe\/web\/wp-json\/wp\/v2\/types\/product"}],"wp:featuredmedia":[{"embeddable":true,"href":"https:\/\/tecnimport.com.pe\/web\/wp-json\/wp\/v2\/media\/6884"}],"wp:attachment":[{"href":"https:\/\/tecnimport.com.pe\/web\/wp-json\/wp\/v2\/media?parent=6882"}],"wp:term":[{"taxonomy":"product_brand","embeddable":true,"href":"https:\/\/tecnimport.com.pe\/web\/wp-json\/wp\/v2\/product_brand?post=6882"},{"taxonomy":"product_cat","embeddable":true,"href":"https:\/\/tecnimport.com.pe\/web\/wp-json\/wp\/v2\/product_cat?post=6882"},{"taxonomy":"product_tag","embeddable":true,"href":"https:\/\/tecnimport.com.pe\/web\/wp-json\/wp\/v2\/product_tag?post=6882"}],"curies":[{"name":"wp","href":"https:\/\/api.w.org\/{rel}","templated":true}]}}