{"id":6874,"date":"2025-07-25T10:07:16","date_gmt":"2025-07-25T15:07:16","guid":{"rendered":"https:\/\/tecnimport.com.pe\/web\/?post_type=product&#038;p=6874"},"modified":"2025-07-25T19:57:13","modified_gmt":"2025-07-26T00:57:13","slug":"procyon-wx-penetrant","status":"publish","type":"product","link":"https:\/\/tecnimport.com.pe\/web\/productos\/procyon-labs\/procyon-wx-penetrant\/","title":{"rendered":"Procyon WX-Penetrant"},"content":{"rendered":"<div class=\"wpb-content-wrapper\"><p>[vc_row][vc_column][vc_row_inner][vc_column_inner][vc_column_text css=\u00bb\u00bb woodmart_inline=\u00bbno\u00bb text_larger=\u00bbno\u00bb]<\/p>\n<h3>Procyon WX-Penetrant &#8211; Lubricante Multiprop\u00f3sito Aflojatodo<\/h3>\n<h5><strong class=\"subtitulo_prod\">Presentaci\u00f3n &amp; Fichas<\/strong><\/h5>\n<div class=\"table-container\">\n<table class=\"responsive-table\">\n<thead>\n<tr>\n<th style=\"text-align: center;\">N\u00ba de Parte<\/th>\n<th style=\"text-align: center;\">Capacidad<\/th>\n<th style=\"text-align: center;\">Volumen<\/th>\n<th style=\"text-align: center;\">Envase<\/th>\n<th style=\"text-align: center;\"><i class=\"fas fa-download\"><\/i> Ficha T\u00e9cnica (TDS)<\/th>\n<\/tr>\n<\/thead>\n<tbody>\n<tr>\n<td style=\"text-align: center;\">PR15012<\/td>\n<td style=\"text-align: center;\">12 oz (340 gr)<\/td>\n<td style=\"text-align: center;\">400 ml<\/td>\n<td style=\"text-align: center;\">Aerosol<\/td>\n<td style=\"text-align: center; color: #3340dd;\"><strong><a href=\"https:\/\/tecnimport.com.pe\/web\/wp-content\/uploads\/2025\/07\/WX-PENETRANT_MULTIPURPOSE_LUBRICANT-TDS.pdf\" target=\"_blank\" rel=\"noopener\"><i class=\"fas fa-download\"><\/i> Descargar<\/a><br \/>\n<\/strong><\/td>\n<\/tr>\n<\/tbody>\n<\/table>\n<\/div>\n<p>[\/vc_column_text][\/vc_column_inner][\/vc_row_inner][vc_row_inner][vc_column_inner][vc_empty_space height=\u00bb50px\u00bb woodmart_hide_large=\u00bb0&#8243; woodmart_hide_medium=\u00bb0&#8243; woodmart_hide_small=\u00bb0&#8243;][\/vc_column_inner][\/vc_row_inner][\/vc_column][\/vc_row][vc_row][vc_column width=\u00bb1\/3&#8243;][vc_column_text css=\u00bb\u00bb woodmart_inline=\u00bbno\u00bb text_larger=\u00bbno\u00bb]<\/p>\n<h5><strong class=\"subtitulo_prod\">Otras Caracter\u00edsticas<\/strong><\/h5>\n<ul>\n<li>Detiene chirridos.<\/li>\n<li>Desplaza la humedad.<\/li>\n<li>Protege contra la corrosi\u00f3n.<\/li>\n<li>Afloja piezas oxidadas o congeladas.<\/li>\n<li>Proporciona una pel\u00edcula aceitosa duradera.<\/li>\n<li>Penetra grietas peque\u00f1as para una protecci\u00f3n avanzada y prolongada vida \u00fatil de los equipos.<\/li>\n<li>Lubricaci\u00f3n prolongada, extiende y reduce intervalos de relubricaci\u00f3n, minimiza desechos.<\/li>\n<\/ul>\n<p>[\/vc_column_text][\/vc_column][vc_column width=\u00bb1\/3&#8243;][vc_column_text css=\u00bb\u00bb woodmart_inline=\u00bbno\u00bb text_larger=\u00bbno\u00bb]<\/p>\n<h5><strong class=\"subtitulo_prod\">Aplicaciones<\/strong><\/h5>\n<ul>\n<li>Gu\u00edas<\/li>\n<li>Muelles<\/li>\n<li>Teclados<\/li>\n<li>Engranajes<\/li>\n<li>Rodamientos<\/li>\n<li>Instrumentaci\u00f3n<\/li>\n<li>Piezas forjadas<\/li>\n<li>Hojas de sierra<\/li>\n<li>Piezas fundidas<\/li>\n<li>Bombas y poleas<\/li>\n<li>Cables y cadenas<br \/>\nMatrices y moldes<\/li>\n<\/ul>\n<p>[\/vc_column_text][\/vc_column][vc_column width=\u00bb1\/3&#8243;][vc_column_text css=\u00bb\u00bb woodmart_inline=\u00bbno\u00bb text_larger=\u00bbno\u00bb]<\/p>\n<h5><strong class=\"subtitulo_prod\">Imagen<\/strong><\/h5>\n<p>[\/vc_column_text][vc_single_image image=\u00bb6877&#8243; img_size=\u00bbfull\u00bb alignment=\u00bbright\u00bb css=\u00bb\u00bb parallax_scroll=\u00bbno\u00bb woodmart_inline=\u00bbno\u00bb][\/vc_column][\/vc_row][vc_row][vc_column width=\u00bb1\/3&#8243;][vc_column_text css=\u00bb\u00bb woodmart_inline=\u00bbno\u00bb text_larger=\u00bbno\u00bb]<\/p>\n<h5><strong class=\"subtitulo_prod\">Direcciones de Uso<\/strong><\/h5>\n<ul>\n<li>Agite bien <strong>PROCYON WX-PENETRANT<\/strong> antes de usar. Roc\u00ede sobre las partes atascadas.<\/li>\n<li>Utilice la ca\u00f1a de extensi\u00f3n adjunto para aplicaciones detalladas.<\/li>\n<li>Asegure que haya suficiente ventilaci\u00f3n antes de su uso.<\/li>\n<\/ul>\n<p>[\/vc_column_text][\/vc_column][vc_column width=\u00bb1\/3&#8243;][\/vc_column][vc_column width=\u00bb1\/3&#8243;][vc_column_text css=\u00bb\u00bb woodmart_inline=\u00bbno\u00bb text_larger=\u00bbno\u00bb]<\/p>\n<h5><strong class=\"subtitulo_prod\">Marca &amp; Fabricante<\/strong><\/h5>\n<table class=\"table\">\n<tbody>\n<tr>\n<td>Marca<\/td>\n<td><strong>PROCYON<\/strong><\/td>\n<\/tr>\n<tr>\n<td>Fabricante<\/td>\n<td><a href=\"https:\/\/www.procyon-labs.com\/product\/wx-penetrant-lubricante-multiproposito-aflojatodo\/\" target=\"_blank\" rel=\"noopener\"><strong>PROCYON LABS<\/strong><\/a><\/td>\n<\/tr>\n<\/tbody>\n<\/table>\n<p>[\/vc_column_text][\/vc_column][\/vc_row][vc_column][\/vc_column]<\/p>\n<\/div>","protected":false},"excerpt":{"rendered":"<p><strong>PROCYON WX-Penetrant<\/strong> es un potente Aflojatodo Lubricante Multiprop\u00f3sito &amp; inhibidor de corrosi\u00f3n que penetra, afloja, limpia, libera, desplaza la humedad y protege piezas met\u00e1licas contra la corrosi\u00f3n.<\/p>\n","protected":false},"featured_media":6877,"template":"","meta":[],"product_brand":[1350],"product_cat":[280,282],"product_tag":[1296,1286,682,1444],"class_list":{"0":"post-6874","1":"product","2":"type-product","3":"status-publish","4":"has-post-thumbnail","6":"product_brand-procyon-x","7":"product_cat-procyon-labs","8":"product_cat-lubricantes-penetrantes-aflojatodo","9":"product_tag-afloja-todo","10":"product_tag-inhibidor-de-corrosion","11":"product_tag-lubricante","12":"product_tag-lubricante-multiproposito","14":"first","15":"instock","16":"shipping-taxable","17":"purchasable","18":"product-type-simple"},"yoast_head":"<!-- This site is optimized with the Yoast SEO plugin v26.9 - https:\/\/yoast.com\/product\/yoast-seo-wordpress\/ -->\n<title>Aflojatodo Lubricante Multiprop\u00f3sito - Procyon WX-Penetrant<\/title>\n<meta name=\"description\" content=\"PROCYON WX-Penetrant, potente lubricante multiprop\u00f3sito &amp; inhibidor de corrosi\u00f3n que penetra, afloja, desplaza la humedad y protege contra la corrosi\u00f3n.\" \/>\n<meta name=\"robots\" content=\"index, follow, max-snippet:-1, max-image-preview:large, max-video-preview:-1\" \/>\n<link rel=\"canonical\" href=\"https:\/\/tecnimport.com.pe\/web\/productos\/procyon-labs\/procyon-wx-penetrant\/\" \/>\n<meta property=\"og:locale\" content=\"es_ES\" \/>\n<meta property=\"og:type\" content=\"article\" \/>\n<meta property=\"og:title\" content=\"Transformador de \u00f3xido - Procyon Oxy Stop - Tecnimport\" \/>\n<meta property=\"og:description\" content=\"Procyon Oxy Stop neutraliza la superficie de o\u0301xido. Penetra en a\u0301reas afectadas, convirtiendo el o\u0301xido en un compuesto orga\u0301nico meta\u0301lico.\" \/>\n<meta property=\"og:url\" content=\"https:\/\/tecnimport.com.pe\/web\/productos\/procyon-labs\/procyon-wx-penetrant\/\" \/>\n<meta property=\"og:site_name\" content=\"TECNIMPORT S.A.\" \/>\n<meta property=\"article:modified_time\" content=\"2025-07-26T00:57:13+00:00\" \/>\n<meta property=\"og:image\" content=\"https:\/\/tecnimport.com.pe\/web\/wp-content\/uploads\/2019\/07\/ProcyonOxyStop.gif\" \/>\n\t<meta property=\"og:image:width\" content=\"1000\" \/>\n\t<meta property=\"og:image:height\" content=\"1000\" \/>\n\t<meta property=\"og:image:type\" content=\"image\/gif\" \/>\n<meta name=\"twitter:card\" content=\"summary_large_image\" \/>\n<meta name=\"twitter:label1\" content=\"Precio\" \/>\n\t<meta name=\"twitter:data1\" content=\"&#036;1.00\" \/>\n\t<meta name=\"twitter:label2\" content=\"Disponibilidad\" \/>\n\t<meta name=\"twitter:data2\" content=\"Disponible\" \/>\n<script type=\"application\/ld+json\" class=\"yoast-schema-graph\">{\"@context\":\"https:\/\/schema.org\",\"@graph\":[{\"@type\":\"WebPage\",\"@id\":\"https:\/\/tecnimport.com.pe\/web\/productos\/procyon-labs\/procyon-wx-penetrant\/\",\"url\":\"https:\/\/tecnimport.com.pe\/web\/productos\/procyon-labs\/procyon-wx-penetrant\/\",\"name\":\"Aflojatodo Lubricante Multiprop\u00f3sito - Procyon WX-Penetrant\",\"isPartOf\":{\"@id\":\"https:\/\/tecnimport.com.pe\/web\/#website\"},\"primaryImageOfPage\":{\"@id\":\"https:\/\/tecnimport.com.pe\/web\/productos\/procyon-labs\/procyon-wx-penetrant\/#primaryimage\"},\"image\":{\"@id\":\"https:\/\/tecnimport.com.pe\/web\/productos\/procyon-labs\/procyon-wx-penetrant\/#primaryimage\"},\"thumbnailUrl\":\"https:\/\/tecnimport.com.pe\/web\/wp-content\/uploads\/2025\/07\/PROCYON-WX-PENETRANT-LUBRICANTE-MULTIPROPOSITO.gif\",\"datePublished\":\"2025-07-25T15:07:16+00:00\",\"dateModified\":\"2025-07-26T00:57:13+00:00\",\"description\":\"PROCYON WX-Penetrant, potente lubricante multiprop\u00f3sito & inhibidor de corrosi\u00f3n que penetra, afloja, desplaza la humedad y protege contra la corrosi\u00f3n.\",\"breadcrumb\":{\"@id\":\"https:\/\/tecnimport.com.pe\/web\/productos\/procyon-labs\/procyon-wx-penetrant\/#breadcrumb\"},\"inLanguage\":\"es\",\"potentialAction\":[{\"@type\":\"ReadAction\",\"target\":[\"https:\/\/tecnimport.com.pe\/web\/productos\/procyon-labs\/procyon-wx-penetrant\/\"]}]},{\"@type\":\"ImageObject\",\"inLanguage\":\"es\",\"@id\":\"https:\/\/tecnimport.com.pe\/web\/productos\/procyon-labs\/procyon-wx-penetrant\/#primaryimage\",\"url\":\"https:\/\/tecnimport.com.pe\/web\/wp-content\/uploads\/2025\/07\/PROCYON-WX-PENETRANT-LUBRICANTE-MULTIPROPOSITO.gif\",\"contentUrl\":\"https:\/\/tecnimport.com.pe\/web\/wp-content\/uploads\/2025\/07\/PROCYON-WX-PENETRANT-LUBRICANTE-MULTIPROPOSITO.gif\",\"width\":1000,\"height\":1000,\"caption\":\"PROCYON-WX-PENETRANT-LUBRICANTE-MULTIPROPOSITO\"},{\"@type\":\"BreadcrumbList\",\"@id\":\"https:\/\/tecnimport.com.pe\/web\/productos\/procyon-labs\/procyon-wx-penetrant\/#breadcrumb\",\"itemListElement\":[{\"@type\":\"ListItem\",\"position\":1,\"name\":\"Portada\",\"item\":\"https:\/\/tecnimport.com.pe\/web\/\"},{\"@type\":\"ListItem\",\"position\":2,\"name\":\"Productos\",\"item\":\"https:\/\/tecnimport.com.pe\/web\/productos-navigation\/\"},{\"@type\":\"ListItem\",\"position\":3,\"name\":\"Procyon WX-Penetrant\"}]},{\"@type\":\"WebSite\",\"@id\":\"https:\/\/tecnimport.com.pe\/web\/#website\",\"url\":\"https:\/\/tecnimport.com.pe\/web\/\",\"name\":\"TECNIMPORT S.A.\",\"description\":\"Representante de Devcon, LPS, Rocol y Procyon en el Per\u00fa\",\"publisher\":{\"@id\":\"https:\/\/tecnimport.com.pe\/web\/#organization\"},\"potentialAction\":[{\"@type\":\"SearchAction\",\"target\":{\"@type\":\"EntryPoint\",\"urlTemplate\":\"https:\/\/tecnimport.com.pe\/web\/?s={search_term_string}\"},\"query-input\":{\"@type\":\"PropertyValueSpecification\",\"valueRequired\":true,\"valueName\":\"search_term_string\"}}],\"inLanguage\":\"es\"},{\"@type\":\"Organization\",\"@id\":\"https:\/\/tecnimport.com.pe\/web\/#organization\",\"name\":\"Tecnimport S.A\",\"url\":\"https:\/\/tecnimport.com.pe\/web\/\",\"logo\":{\"@type\":\"ImageObject\",\"inLanguage\":\"es\",\"@id\":\"https:\/\/tecnimport.com.pe\/web\/#\/schema\/logo\/image\/\",\"url\":\"https:\/\/tecnimport.com.pe\/web\/wp-content\/uploads\/2020\/03\/logo_tecnimport.png\",\"contentUrl\":\"https:\/\/tecnimport.com.pe\/web\/wp-content\/uploads\/2020\/03\/logo_tecnimport.png\",\"width\":367,\"height\":49,\"caption\":\"Tecnimport S.A\"},\"image\":{\"@id\":\"https:\/\/tecnimport.com.pe\/web\/#\/schema\/logo\/image\/\"}}]}<\/script>\n<meta property=\"product:price:amount\" content=\"1.00\" \/>\n<meta property=\"product:price:currency\" content=\"USD\" \/>\n<meta property=\"og:availability\" content=\"instock\" \/>\n<meta property=\"product:availability\" content=\"instock\" \/>\n<meta property=\"product:retailer_item_id\" content=\"PR15012\" \/>\n<meta property=\"product:condition\" content=\"new\" \/>\n<!-- \/ Yoast SEO plugin. -->","yoast_head_json":{"title":"Aflojatodo Lubricante Multiprop\u00f3sito - Procyon WX-Penetrant","description":"PROCYON WX-Penetrant, potente lubricante multiprop\u00f3sito & inhibidor de corrosi\u00f3n que penetra, afloja, desplaza la humedad y protege contra la corrosi\u00f3n.","robots":{"index":"index","follow":"follow","max-snippet":"max-snippet:-1","max-image-preview":"max-image-preview:large","max-video-preview":"max-video-preview:-1"},"canonical":"https:\/\/tecnimport.com.pe\/web\/productos\/procyon-labs\/procyon-wx-penetrant\/","og_locale":"es_ES","og_type":"article","og_title":"Transformador de \u00f3xido - Procyon Oxy Stop - Tecnimport","og_description":"Procyon Oxy Stop neutraliza la superficie de o\u0301xido. Penetra en a\u0301reas afectadas, convirtiendo el o\u0301xido en un compuesto orga\u0301nico meta\u0301lico.","og_url":"https:\/\/tecnimport.com.pe\/web\/productos\/procyon-labs\/procyon-wx-penetrant\/","og_site_name":"TECNIMPORT S.A.","article_modified_time":"2025-07-26T00:57:13+00:00","og_image":[{"width":1000,"height":1000,"url":"https:\/\/tecnimport.com.pe\/web\/wp-content\/uploads\/2019\/07\/ProcyonOxyStop.gif","type":"image\/gif"}],"twitter_card":"summary_large_image","twitter_misc":{"Precio":"&#36;1.00","Disponibilidad":"Disponible"},"schema":{"@context":"https:\/\/schema.org","@graph":[{"@type":"WebPage","@id":"https:\/\/tecnimport.com.pe\/web\/productos\/procyon-labs\/procyon-wx-penetrant\/","url":"https:\/\/tecnimport.com.pe\/web\/productos\/procyon-labs\/procyon-wx-penetrant\/","name":"Aflojatodo Lubricante Multiprop\u00f3sito - Procyon WX-Penetrant","isPartOf":{"@id":"https:\/\/tecnimport.com.pe\/web\/#website"},"primaryImageOfPage":{"@id":"https:\/\/tecnimport.com.pe\/web\/productos\/procyon-labs\/procyon-wx-penetrant\/#primaryimage"},"image":{"@id":"https:\/\/tecnimport.com.pe\/web\/productos\/procyon-labs\/procyon-wx-penetrant\/#primaryimage"},"thumbnailUrl":"https:\/\/tecnimport.com.pe\/web\/wp-content\/uploads\/2025\/07\/PROCYON-WX-PENETRANT-LUBRICANTE-MULTIPROPOSITO.gif","datePublished":"2025-07-25T15:07:16+00:00","dateModified":"2025-07-26T00:57:13+00:00","description":"PROCYON WX-Penetrant, potente lubricante multiprop\u00f3sito & inhibidor de corrosi\u00f3n que penetra, afloja, desplaza la humedad y protege contra la corrosi\u00f3n.","breadcrumb":{"@id":"https:\/\/tecnimport.com.pe\/web\/productos\/procyon-labs\/procyon-wx-penetrant\/#breadcrumb"},"inLanguage":"es","potentialAction":[{"@type":"ReadAction","target":["https:\/\/tecnimport.com.pe\/web\/productos\/procyon-labs\/procyon-wx-penetrant\/"]}]},{"@type":"ImageObject","inLanguage":"es","@id":"https:\/\/tecnimport.com.pe\/web\/productos\/procyon-labs\/procyon-wx-penetrant\/#primaryimage","url":"https:\/\/tecnimport.com.pe\/web\/wp-content\/uploads\/2025\/07\/PROCYON-WX-PENETRANT-LUBRICANTE-MULTIPROPOSITO.gif","contentUrl":"https:\/\/tecnimport.com.pe\/web\/wp-content\/uploads\/2025\/07\/PROCYON-WX-PENETRANT-LUBRICANTE-MULTIPROPOSITO.gif","width":1000,"height":1000,"caption":"PROCYON-WX-PENETRANT-LUBRICANTE-MULTIPROPOSITO"},{"@type":"BreadcrumbList","@id":"https:\/\/tecnimport.com.pe\/web\/productos\/procyon-labs\/procyon-wx-penetrant\/#breadcrumb","itemListElement":[{"@type":"ListItem","position":1,"name":"Portada","item":"https:\/\/tecnimport.com.pe\/web\/"},{"@type":"ListItem","position":2,"name":"Productos","item":"https:\/\/tecnimport.com.pe\/web\/productos-navigation\/"},{"@type":"ListItem","position":3,"name":"Procyon WX-Penetrant"}]},{"@type":"WebSite","@id":"https:\/\/tecnimport.com.pe\/web\/#website","url":"https:\/\/tecnimport.com.pe\/web\/","name":"TECNIMPORT S.A.","description":"Representante de Devcon, LPS, Rocol y Procyon en el Per\u00fa","publisher":{"@id":"https:\/\/tecnimport.com.pe\/web\/#organization"},"potentialAction":[{"@type":"SearchAction","target":{"@type":"EntryPoint","urlTemplate":"https:\/\/tecnimport.com.pe\/web\/?s={search_term_string}"},"query-input":{"@type":"PropertyValueSpecification","valueRequired":true,"valueName":"search_term_string"}}],"inLanguage":"es"},{"@type":"Organization","@id":"https:\/\/tecnimport.com.pe\/web\/#organization","name":"Tecnimport S.A","url":"https:\/\/tecnimport.com.pe\/web\/","logo":{"@type":"ImageObject","inLanguage":"es","@id":"https:\/\/tecnimport.com.pe\/web\/#\/schema\/logo\/image\/","url":"https:\/\/tecnimport.com.pe\/web\/wp-content\/uploads\/2020\/03\/logo_tecnimport.png","contentUrl":"https:\/\/tecnimport.com.pe\/web\/wp-content\/uploads\/2020\/03\/logo_tecnimport.png","width":367,"height":49,"caption":"Tecnimport S.A"},"image":{"@id":"https:\/\/tecnimport.com.pe\/web\/#\/schema\/logo\/image\/"}}]},"product_price_amount":"1.00","product_price_currency":"USD","og_availability":"instock","product_availability":"instock","product_retailer_item_id":"PR15012","product_condition":"new"},"_links":{"self":[{"href":"https:\/\/tecnimport.com.pe\/web\/wp-json\/wp\/v2\/product\/6874","targetHints":{"allow":["GET"]}}],"collection":[{"href":"https:\/\/tecnimport.com.pe\/web\/wp-json\/wp\/v2\/product"}],"about":[{"href":"https:\/\/tecnimport.com.pe\/web\/wp-json\/wp\/v2\/types\/product"}],"wp:featuredmedia":[{"embeddable":true,"href":"https:\/\/tecnimport.com.pe\/web\/wp-json\/wp\/v2\/media\/6877"}],"wp:attachment":[{"href":"https:\/\/tecnimport.com.pe\/web\/wp-json\/wp\/v2\/media?parent=6874"}],"wp:term":[{"taxonomy":"product_brand","embeddable":true,"href":"https:\/\/tecnimport.com.pe\/web\/wp-json\/wp\/v2\/product_brand?post=6874"},{"taxonomy":"product_cat","embeddable":true,"href":"https:\/\/tecnimport.com.pe\/web\/wp-json\/wp\/v2\/product_cat?post=6874"},{"taxonomy":"product_tag","embeddable":true,"href":"https:\/\/tecnimport.com.pe\/web\/wp-json\/wp\/v2\/product_tag?post=6874"}],"curies":[{"name":"wp","href":"https:\/\/api.w.org\/{rel}","templated":true}]}}