{"id":6126,"date":"2024-06-28T12:13:24","date_gmt":"2024-06-28T17:13:24","guid":{"rendered":"https:\/\/tecnimport.com.pe\/web\/?post_type=product&#038;p=6126"},"modified":"2025-03-14T08:49:14","modified_gmt":"2025-03-14T13:49:14","slug":"lps-food-grade-3h-spray-grease-grasa-liquida","status":"publish","type":"product","link":"https:\/\/tecnimport.com.pe\/web\/productos\/lps\/lubricantes-grado-alimenticio-h1\/lps-food-grade-3h-spray-grease-grasa-liquida\/","title":{"rendered":"LPS Food Grade 3H Spray Grease"},"content":{"rendered":"<div class=\"wpb-content-wrapper\"><p>[vc_row][vc_column][vc_row_inner][vc_column_inner][vc_column_text woodmart_inline=\u00bbno\u00bb text_larger=\u00bbno\u00bb]<strong class=\"subtitulo_prod\">GRASA L\u00cdQUIDA GRADO ALIMENTICIO 3H<\/strong><\/p>\n<p><strong class=\"subtitulo_prod\">Presentaci\u00f3n &amp; Fichas<\/strong><\/p>\n<div class=\"table-container\">\n<table class=\"responsive-table\">\n<thead>\n<tr>\n<th style=\"text-align: center;\">N\u00ba de Parte<\/th>\n<th style=\"text-align: center;\">Capacidad<\/th>\n<th style=\"text-align: center;\">Envase<\/th>\n<th style=\"text-align: center;\"><i class=\"fas fa-download\"><\/i> TDS<\/th>\n<\/tr>\n<\/thead>\n<tbody>\n<tr>\n<td style=\"text-align: center;\">54016<\/td>\n<td style=\"text-align: center;\">9 wt oz\/256 g<\/td>\n<td style=\"text-align: center;\">Aerosol<\/td>\n<td style=\"text-align: center;\"><a href=\"https:\/\/tecnimport.com.pe\/web\/wp-content\/uploads\/2024\/09\/LPSDETEXFoodGrade3HSprayGrease-.pdf\" target=\"_blank\" rel=\"noopener\"><i class=\"fas fa-download\"><\/i><\/a><\/td>\n<\/tr>\n<\/tbody>\n<\/table>\n<\/div>\n<p>[\/vc_column_text][\/vc_column_inner][\/vc_row_inner][\/vc_column][\/vc_row][vc_row][vc_column width=\u00bb1\/3&#8243;][vc_column_text woodmart_inline=\u00bbno\u00bb text_larger=\u00bbno\u00bb]<strong class=\"subtitulo_prod\">Otras Caracter\u00edsticas<\/strong><\/p>\n<ul>\n<li>Agente desmoldante y lubricante NSF 3H\/H1 se puede utilizar en superficies duras en contacto directo con productos alimenticios para evitar que los alimentos se adhieran durante el procesamiento.<\/li>\n<li>Dise\u00f1ado para lubricar y proteger sellos, placas de molinillos, mezcladores y rebanadoras donde no se puede evitar el contacto con alimentos.<\/li>\n<li>La f\u00f3rmula de presi\u00f3n extrema reduce la tensi\u00f3n en los engranajes y mecanismos deslizantes, lo que reduce el desgaste acelerado en condiciones de alta carga<\/li>\n<li>El agente desmoldante\/lubricante de larga duraci\u00f3n extiende los ciclos de mantenimiento, lo que reduce el tiempo de inactividad.<\/li>\n<li>No contiene derivados animales, aceites de nueces ni ingredientes modificados gen\u00e9ticamente.<\/li>\n<li>Tapa de pl\u00e1stico detectable por rayos X y metal.<\/li>\n<li style=\"color: #862633;\"><a href=\"https:\/\/tecnimport.com.pe\/web\/wp-content\/uploads\/2024\/08\/LPS_DETEX_TECNIMPORT_GRADO_ALIMENTICIO_CATALOGO.pdf\" target=\"_blank\" rel=\"noopener\">Sistema patentado \u00aeLPS \u00aeDETEX.<\/a><\/li>\n<\/ul>\n<p>[\/vc_column_text][\/vc_column][vc_column width=\u00bb1\/3&#8243;][vc_column_text woodmart_inline=\u00bbno\u00bb text_larger=\u00bbno\u00bb]<strong class=\"subtitulo_prod\">Aplicaciones<\/strong><\/p>\n<ul>\n<li>Rodamientos<\/li>\n<li>Cadenas<\/li>\n<li>Canales<\/li>\n<li>Transportadores<\/li>\n<li>Equipos de llenado<\/li>\n<li>Estantes para alimentos<\/li>\n<\/ul>\n<p>[\/vc_column_text][\/vc_column][vc_column width=\u00bb1\/3&#8243;][vc_column_text woodmart_inline=\u00bbno\u00bb text_larger=\u00bbno\u00bb]<strong class=\"subtitulo_prod\">Aplicaciones<\/strong><\/p>\n<ul>\n<li>Carritos de servicio de alimentos<\/li>\n<li>Engranajes<\/li>\n<li>Transmisiones abiertas<\/li>\n<li>Cuchillas de corte<\/li>\n<li>Equipos de mezcla y licuado<\/li>\n<li>Extrusoras de alimentos<\/li>\n<\/ul>\n<p>[\/vc_column_text][\/vc_column][\/vc_row][vc_row][vc_column width=\u00bb1\/3&#8243;][vc_column_text woodmart_inline=\u00bbno\u00bb text_larger=\u00bbno\u00bb]<strong class=\"subtitulo_prod\">Certificaciones &amp; Especificaciones<\/strong><\/p>\n<ul>\n<li style=\"color: #862633;\"><a href=\"https:\/\/info.nsf.org\/usda\/letters\/166425.pdf\" target=\"_blank\" rel=\"noopener\">Certificado NSF: 3H H1 &#8211; Registro # 166425<br \/>\n<\/a><\/li>\n<li style=\"color: #862633;\"><a href=\"https:\/\/www.itwprobrands.com\/files\/product_specifications\/Halal-Product-Certificate___HP-_5543-_CH.pdf\" target=\"_blank\" rel=\"noopener\">Halal Product Certified #HP-5543-CH<br \/>\n<\/a><\/li>\n<li style=\"color: #862633;\"><a href=\"https:\/\/www.itwprobrands.com\/files\/product_specifications\/DETEX_Kosher_Certificate.pdf\" target=\"_blank\" rel=\"noopener\">Kosher Certified<br \/>\n<\/a><\/li>\n<\/ul>\n<p>[\/vc_column_text][\/vc_column][vc_column width=\u00bb1\/3&#8243;][vc_column_text woodmart_inline=\u00bbno\u00bb text_larger=\u00bbno\u00bb]<strong class=\"subtitulo_prod\">Marca &amp; Fabricante<\/strong><\/p>\n<table class=\"table\">\n<tbody>\n<tr>\n<td>Marca<\/td>\n<td><strong><a href=\"https:\/\/www.itwprobrands.com\/product\/lps-detex-food-grade-3h-spray-grease\" target=\"_blank\" rel=\"noopener\">LPS<\/a><\/strong><\/td>\n<\/tr>\n<tr>\n<td>Fabricante<\/td>\n<td><strong><a href=\"https:\/\/www.itwprobrands.com\/product\/lps-detex-food-grade-3h-spray-grease\" target=\"_blank\" rel=\"noopener\">ITW PROBRANDS<\/a><\/strong><\/td>\n<\/tr>\n<\/tbody>\n<\/table>\n<p>[\/vc_column_text][\/vc_column][vc_column width=\u00bb1\/3&#8243;][vc_column_text woodmart_inline=\u00bbno\u00bb text_larger=\u00bbno\u00bb]<strong class=\"subtitulo_prod\">Aplicaci\u00f3n<\/strong>[\/vc_column_text][vc_single_image image=\u00bb6332&#8243; img_size=\u00bblarge\u00bb add_caption=\u00bbyes\u00bb alignment=\u00bbcenter\u00bb parallax_scroll=\u00bbno\u00bb woodmart_inline=\u00bbno\u00bb][\/vc_column][\/vc_row][vc_row][\/vc_row][vc_column][vc_column_text woodmart_inline=\u00bbno\u00bb text_larger=\u00bbno\u00bb]<strong class=\"subtitulo_prod\">Propiedades<\/strong><\/p>\n<table class=\"table\">\n<tbody>\n<tr>\n<td>Aspecto\/estado f\u00edsico<\/td>\n<td>Gas.<\/td>\n<\/tr>\n<tr>\n<td>Color<\/td>\n<td>Blanco<\/td>\n<\/tr>\n<tr>\n<td>Olor<\/td>\n<td>Suave.<\/td>\n<\/tr>\n<tr>\n<td>Punto de fusi\u00f3n\/congelaci\u00f3n<\/td>\n<td>No disponible.<\/td>\n<\/tr>\n<tr>\n<td>Punto de inflamaci\u00f3n<\/td>\n<td>&lt;-76,0 \u00b0F (&lt;-60,0 \u00b0C)<\/td>\n<\/tr>\n<tr>\n<td>Gravedad espec\u00edfica<\/td>\n<td>0,7<\/td>\n<\/tr>\n<tr>\n<td>Solubilidad en agua<\/td>\n<td>Insoluble en agua.<\/td>\n<\/tr>\n<tr>\n<td>Temperatura de autoignici\u00f3n<\/td>\n<td>&gt;572 \u00b0F (&gt;300 \u00b0C)<\/td>\n<\/tr>\n<tr>\n<td>Contenido de COV<\/td>\n<td>385 g\/L<\/td>\n<\/tr>\n<\/tbody>\n<\/table>\n<p>[\/vc_column_text][\/vc_column]<\/p>\n<\/div>","protected":false},"excerpt":{"rendered":"<h2 class=\"h2_subtitulo\"><i>GRASA L\u00cdQUIDA GRADO ALIMENTICIO 3H<\/i><\/h2>\n<p>LPS FOOD GRADE 3H SPRAY GREASE es una GRASA L\u00cdQUIDA GRADO ALIMENTICIO DETEX\u00ae, aprobada por NSF 3H\/H1 para lubricar y proteger equipos de procesamiento de alimentos en aplicaciones donde no se puede evitar el contacto con los alimentos.<br \/>\nEste producto vers\u00e1til est\u00e1 dise\u00f1ado para funcionar como lubricante y agente desmoldante para placas de molinillos, mezcladores, rebanadoras, moldes para pan, tablas de cortar y otros equipos de procesamiento de alimentos donde es probable el riesgo de contacto directo con el producto.<br \/>\nLa f\u00f3rmula de larga duraci\u00f3n extiende los ciclos de mantenimiento, lo que reduce el tiempo de inactividad.<\/p>\n","protected":false},"featured_media":6331,"template":"","meta":[],"product_brand":[],"product_cat":[205,210],"product_tag":[1309,1310,1293,1307,682],"class_list":{"0":"post-6126","1":"product","2":"type-product","3":"status-publish","4":"has-post-thumbnail","6":"product_cat-lps","7":"product_cat-lubricantes-grado-alimenticio-h1","8":"product_tag-3h","9":"product_tag-contacto-directo-con-alimentos","10":"product_tag-grado-alimenticio","11":"product_tag-grasa","12":"product_tag-lubricante","14":"first","15":"instock","16":"shipping-taxable","17":"purchasable","18":"product-type-simple"},"yoast_head":"<!-- This site is optimized with the Yoast SEO plugin v26.9 - https:\/\/yoast.com\/product\/yoast-seo-wordpress\/ -->\n<title>LPS Food Grade 3H Spray Grease - TECNIMPORT S.A.<\/title>\n<meta name=\"description\" content=\"LPS FOOD GRADE 3H SPRAY GREASE es una GRASA L\u00cdQUIDA GRADO ALIMENTICIO 3H\/H1 para lubricar equipos donde no se puede evitar el contacto con alimentos.\" \/>\n<meta name=\"robots\" content=\"index, follow, max-snippet:-1, max-image-preview:large, max-video-preview:-1\" \/>\n<link rel=\"canonical\" href=\"https:\/\/tecnimport.com.pe\/web\/productos\/lps\/lubricantes-grado-alimenticio-h1\/lps-food-grade-3h-spray-grease-grasa-liquida\/\" \/>\n<meta property=\"og:locale\" content=\"es_ES\" \/>\n<meta property=\"og:type\" content=\"article\" \/>\n<meta property=\"og:title\" content=\"LPS Food Grade 3H Spray Grease - TECNIMPORT S.A.\" \/>\n<meta property=\"og:description\" content=\"LPS FOOD GRADE 3H SPRAY GREASE es una GRASA L\u00cdQUIDA GRADO ALIMENTICIO 3H\/H1 para lubricar equipos donde no se puede evitar el contacto con alimentos.\" \/>\n<meta property=\"og:url\" content=\"https:\/\/tecnimport.com.pe\/web\/productos\/lps\/lubricantes-grado-alimenticio-h1\/lps-food-grade-3h-spray-grease-grasa-liquida\/\" \/>\n<meta property=\"og:site_name\" content=\"TECNIMPORT S.A.\" \/>\n<meta property=\"article:modified_time\" content=\"2025-03-14T13:49:14+00:00\" \/>\n<meta property=\"og:image\" content=\"https:\/\/tecnimport.com.pe\/web\/wp-content\/uploads\/2024\/06\/LPS-DETEX-FOOD-GRADE-3H-SPRAY-GREASE-GRASA-LIQUIDA-TECNIMPORT-GRADO-ALIMENTICIO.gif\" \/>\n\t<meta property=\"og:image:width\" content=\"1000\" \/>\n\t<meta property=\"og:image:height\" content=\"1000\" \/>\n\t<meta property=\"og:image:type\" content=\"image\/gif\" \/>\n<meta name=\"twitter:card\" content=\"summary_large_image\" \/>\n<meta name=\"twitter:label1\" content=\"Precio\" \/>\n\t<meta name=\"twitter:data1\" content=\"&#036;1.00\" \/>\n\t<meta name=\"twitter:label2\" content=\"Disponibilidad\" \/>\n\t<meta name=\"twitter:data2\" content=\"Disponible\" \/>\n<script type=\"application\/ld+json\" class=\"yoast-schema-graph\">{\"@context\":\"https:\/\/schema.org\",\"@graph\":[{\"@type\":\"WebPage\",\"@id\":\"https:\/\/tecnimport.com.pe\/web\/productos\/lps\/lubricantes-grado-alimenticio-h1\/lps-food-grade-3h-spray-grease-grasa-liquida\/\",\"url\":\"https:\/\/tecnimport.com.pe\/web\/productos\/lps\/lubricantes-grado-alimenticio-h1\/lps-food-grade-3h-spray-grease-grasa-liquida\/\",\"name\":\"LPS Food Grade 3H Spray Grease - TECNIMPORT S.A.\",\"isPartOf\":{\"@id\":\"https:\/\/tecnimport.com.pe\/web\/#website\"},\"primaryImageOfPage\":{\"@id\":\"https:\/\/tecnimport.com.pe\/web\/productos\/lps\/lubricantes-grado-alimenticio-h1\/lps-food-grade-3h-spray-grease-grasa-liquida\/#primaryimage\"},\"image\":{\"@id\":\"https:\/\/tecnimport.com.pe\/web\/productos\/lps\/lubricantes-grado-alimenticio-h1\/lps-food-grade-3h-spray-grease-grasa-liquida\/#primaryimage\"},\"thumbnailUrl\":\"https:\/\/tecnimport.com.pe\/web\/wp-content\/uploads\/2024\/06\/LPS-DETEX-FOOD-GRADE-3H-SPRAY-GREASE-GRASA-LIQUIDA-TECNIMPORT-GRADO-ALIMENTICIO.gif\",\"datePublished\":\"2024-06-28T17:13:24+00:00\",\"dateModified\":\"2025-03-14T13:49:14+00:00\",\"description\":\"LPS FOOD GRADE 3H SPRAY GREASE es una GRASA L\u00cdQUIDA GRADO ALIMENTICIO 3H\/H1 para lubricar equipos donde no se puede evitar el contacto con alimentos.\",\"breadcrumb\":{\"@id\":\"https:\/\/tecnimport.com.pe\/web\/productos\/lps\/lubricantes-grado-alimenticio-h1\/lps-food-grade-3h-spray-grease-grasa-liquida\/#breadcrumb\"},\"inLanguage\":\"es\",\"potentialAction\":[{\"@type\":\"ReadAction\",\"target\":[\"https:\/\/tecnimport.com.pe\/web\/productos\/lps\/lubricantes-grado-alimenticio-h1\/lps-food-grade-3h-spray-grease-grasa-liquida\/\"]}]},{\"@type\":\"ImageObject\",\"inLanguage\":\"es\",\"@id\":\"https:\/\/tecnimport.com.pe\/web\/productos\/lps\/lubricantes-grado-alimenticio-h1\/lps-food-grade-3h-spray-grease-grasa-liquida\/#primaryimage\",\"url\":\"https:\/\/tecnimport.com.pe\/web\/wp-content\/uploads\/2024\/06\/LPS-DETEX-FOOD-GRADE-3H-SPRAY-GREASE-GRASA-LIQUIDA-TECNIMPORT-GRADO-ALIMENTICIO.gif\",\"contentUrl\":\"https:\/\/tecnimport.com.pe\/web\/wp-content\/uploads\/2024\/06\/LPS-DETEX-FOOD-GRADE-3H-SPRAY-GREASE-GRASA-LIQUIDA-TECNIMPORT-GRADO-ALIMENTICIO.gif\",\"width\":1000,\"height\":1000,\"caption\":\"LPS DETEX FOOD GRADE 3H SPRAY GREASE GRASA LIQUIDA\"},{\"@type\":\"BreadcrumbList\",\"@id\":\"https:\/\/tecnimport.com.pe\/web\/productos\/lps\/lubricantes-grado-alimenticio-h1\/lps-food-grade-3h-spray-grease-grasa-liquida\/#breadcrumb\",\"itemListElement\":[{\"@type\":\"ListItem\",\"position\":1,\"name\":\"Portada\",\"item\":\"https:\/\/tecnimport.com.pe\/web\/\"},{\"@type\":\"ListItem\",\"position\":2,\"name\":\"Productos\",\"item\":\"https:\/\/tecnimport.com.pe\/web\/productos-navigation\/\"},{\"@type\":\"ListItem\",\"position\":3,\"name\":\"LPS Food Grade 3H Spray Grease\"}]},{\"@type\":\"WebSite\",\"@id\":\"https:\/\/tecnimport.com.pe\/web\/#website\",\"url\":\"https:\/\/tecnimport.com.pe\/web\/\",\"name\":\"TECNIMPORT S.A.\",\"description\":\"Representante de Devcon, LPS, Rocol y Procyon en el Per\u00fa\",\"publisher\":{\"@id\":\"https:\/\/tecnimport.com.pe\/web\/#organization\"},\"potentialAction\":[{\"@type\":\"SearchAction\",\"target\":{\"@type\":\"EntryPoint\",\"urlTemplate\":\"https:\/\/tecnimport.com.pe\/web\/?s={search_term_string}\"},\"query-input\":{\"@type\":\"PropertyValueSpecification\",\"valueRequired\":true,\"valueName\":\"search_term_string\"}}],\"inLanguage\":\"es\"},{\"@type\":\"Organization\",\"@id\":\"https:\/\/tecnimport.com.pe\/web\/#organization\",\"name\":\"Tecnimport S.A\",\"url\":\"https:\/\/tecnimport.com.pe\/web\/\",\"logo\":{\"@type\":\"ImageObject\",\"inLanguage\":\"es\",\"@id\":\"https:\/\/tecnimport.com.pe\/web\/#\/schema\/logo\/image\/\",\"url\":\"https:\/\/tecnimport.com.pe\/web\/wp-content\/uploads\/2020\/03\/logo_tecnimport.png\",\"contentUrl\":\"https:\/\/tecnimport.com.pe\/web\/wp-content\/uploads\/2020\/03\/logo_tecnimport.png\",\"width\":367,\"height\":49,\"caption\":\"Tecnimport S.A\"},\"image\":{\"@id\":\"https:\/\/tecnimport.com.pe\/web\/#\/schema\/logo\/image\/\"}}]}<\/script>\n<meta property=\"product:price:amount\" content=\"1.00\" \/>\n<meta property=\"product:price:currency\" content=\"USD\" \/>\n<meta property=\"og:availability\" content=\"instock\" \/>\n<meta property=\"product:availability\" content=\"instock\" \/>\n<meta property=\"product:retailer_item_id\" content=\"LPS54016\" \/>\n<meta property=\"product:condition\" content=\"new\" \/>\n<!-- \/ Yoast SEO plugin. -->","yoast_head_json":{"title":"LPS Food Grade 3H Spray Grease - TECNIMPORT S.A.","description":"LPS FOOD GRADE 3H SPRAY GREASE es una GRASA L\u00cdQUIDA GRADO ALIMENTICIO 3H\/H1 para lubricar equipos donde no se puede evitar el contacto con alimentos.","robots":{"index":"index","follow":"follow","max-snippet":"max-snippet:-1","max-image-preview":"max-image-preview:large","max-video-preview":"max-video-preview:-1"},"canonical":"https:\/\/tecnimport.com.pe\/web\/productos\/lps\/lubricantes-grado-alimenticio-h1\/lps-food-grade-3h-spray-grease-grasa-liquida\/","og_locale":"es_ES","og_type":"article","og_title":"LPS Food Grade 3H Spray Grease - TECNIMPORT S.A.","og_description":"LPS FOOD GRADE 3H SPRAY GREASE es una GRASA L\u00cdQUIDA GRADO ALIMENTICIO 3H\/H1 para lubricar equipos donde no se puede evitar el contacto con alimentos.","og_url":"https:\/\/tecnimport.com.pe\/web\/productos\/lps\/lubricantes-grado-alimenticio-h1\/lps-food-grade-3h-spray-grease-grasa-liquida\/","og_site_name":"TECNIMPORT S.A.","article_modified_time":"2025-03-14T13:49:14+00:00","og_image":[{"width":1000,"height":1000,"url":"https:\/\/tecnimport.com.pe\/web\/wp-content\/uploads\/2024\/06\/LPS-DETEX-FOOD-GRADE-3H-SPRAY-GREASE-GRASA-LIQUIDA-TECNIMPORT-GRADO-ALIMENTICIO.gif","type":"image\/gif"}],"twitter_card":"summary_large_image","twitter_misc":{"Precio":"&#36;1.00","Disponibilidad":"Disponible"},"schema":{"@context":"https:\/\/schema.org","@graph":[{"@type":"WebPage","@id":"https:\/\/tecnimport.com.pe\/web\/productos\/lps\/lubricantes-grado-alimenticio-h1\/lps-food-grade-3h-spray-grease-grasa-liquida\/","url":"https:\/\/tecnimport.com.pe\/web\/productos\/lps\/lubricantes-grado-alimenticio-h1\/lps-food-grade-3h-spray-grease-grasa-liquida\/","name":"LPS Food Grade 3H Spray Grease - TECNIMPORT S.A.","isPartOf":{"@id":"https:\/\/tecnimport.com.pe\/web\/#website"},"primaryImageOfPage":{"@id":"https:\/\/tecnimport.com.pe\/web\/productos\/lps\/lubricantes-grado-alimenticio-h1\/lps-food-grade-3h-spray-grease-grasa-liquida\/#primaryimage"},"image":{"@id":"https:\/\/tecnimport.com.pe\/web\/productos\/lps\/lubricantes-grado-alimenticio-h1\/lps-food-grade-3h-spray-grease-grasa-liquida\/#primaryimage"},"thumbnailUrl":"https:\/\/tecnimport.com.pe\/web\/wp-content\/uploads\/2024\/06\/LPS-DETEX-FOOD-GRADE-3H-SPRAY-GREASE-GRASA-LIQUIDA-TECNIMPORT-GRADO-ALIMENTICIO.gif","datePublished":"2024-06-28T17:13:24+00:00","dateModified":"2025-03-14T13:49:14+00:00","description":"LPS FOOD GRADE 3H SPRAY GREASE es una GRASA L\u00cdQUIDA GRADO ALIMENTICIO 3H\/H1 para lubricar equipos donde no se puede evitar el contacto con alimentos.","breadcrumb":{"@id":"https:\/\/tecnimport.com.pe\/web\/productos\/lps\/lubricantes-grado-alimenticio-h1\/lps-food-grade-3h-spray-grease-grasa-liquida\/#breadcrumb"},"inLanguage":"es","potentialAction":[{"@type":"ReadAction","target":["https:\/\/tecnimport.com.pe\/web\/productos\/lps\/lubricantes-grado-alimenticio-h1\/lps-food-grade-3h-spray-grease-grasa-liquida\/"]}]},{"@type":"ImageObject","inLanguage":"es","@id":"https:\/\/tecnimport.com.pe\/web\/productos\/lps\/lubricantes-grado-alimenticio-h1\/lps-food-grade-3h-spray-grease-grasa-liquida\/#primaryimage","url":"https:\/\/tecnimport.com.pe\/web\/wp-content\/uploads\/2024\/06\/LPS-DETEX-FOOD-GRADE-3H-SPRAY-GREASE-GRASA-LIQUIDA-TECNIMPORT-GRADO-ALIMENTICIO.gif","contentUrl":"https:\/\/tecnimport.com.pe\/web\/wp-content\/uploads\/2024\/06\/LPS-DETEX-FOOD-GRADE-3H-SPRAY-GREASE-GRASA-LIQUIDA-TECNIMPORT-GRADO-ALIMENTICIO.gif","width":1000,"height":1000,"caption":"LPS DETEX FOOD GRADE 3H SPRAY GREASE GRASA LIQUIDA"},{"@type":"BreadcrumbList","@id":"https:\/\/tecnimport.com.pe\/web\/productos\/lps\/lubricantes-grado-alimenticio-h1\/lps-food-grade-3h-spray-grease-grasa-liquida\/#breadcrumb","itemListElement":[{"@type":"ListItem","position":1,"name":"Portada","item":"https:\/\/tecnimport.com.pe\/web\/"},{"@type":"ListItem","position":2,"name":"Productos","item":"https:\/\/tecnimport.com.pe\/web\/productos-navigation\/"},{"@type":"ListItem","position":3,"name":"LPS Food Grade 3H Spray Grease"}]},{"@type":"WebSite","@id":"https:\/\/tecnimport.com.pe\/web\/#website","url":"https:\/\/tecnimport.com.pe\/web\/","name":"TECNIMPORT S.A.","description":"Representante de Devcon, LPS, Rocol y Procyon en el Per\u00fa","publisher":{"@id":"https:\/\/tecnimport.com.pe\/web\/#organization"},"potentialAction":[{"@type":"SearchAction","target":{"@type":"EntryPoint","urlTemplate":"https:\/\/tecnimport.com.pe\/web\/?s={search_term_string}"},"query-input":{"@type":"PropertyValueSpecification","valueRequired":true,"valueName":"search_term_string"}}],"inLanguage":"es"},{"@type":"Organization","@id":"https:\/\/tecnimport.com.pe\/web\/#organization","name":"Tecnimport S.A","url":"https:\/\/tecnimport.com.pe\/web\/","logo":{"@type":"ImageObject","inLanguage":"es","@id":"https:\/\/tecnimport.com.pe\/web\/#\/schema\/logo\/image\/","url":"https:\/\/tecnimport.com.pe\/web\/wp-content\/uploads\/2020\/03\/logo_tecnimport.png","contentUrl":"https:\/\/tecnimport.com.pe\/web\/wp-content\/uploads\/2020\/03\/logo_tecnimport.png","width":367,"height":49,"caption":"Tecnimport S.A"},"image":{"@id":"https:\/\/tecnimport.com.pe\/web\/#\/schema\/logo\/image\/"}}]},"product_price_amount":"1.00","product_price_currency":"USD","og_availability":"instock","product_availability":"instock","product_retailer_item_id":"LPS54016","product_condition":"new"},"_links":{"self":[{"href":"https:\/\/tecnimport.com.pe\/web\/wp-json\/wp\/v2\/product\/6126","targetHints":{"allow":["GET"]}}],"collection":[{"href":"https:\/\/tecnimport.com.pe\/web\/wp-json\/wp\/v2\/product"}],"about":[{"href":"https:\/\/tecnimport.com.pe\/web\/wp-json\/wp\/v2\/types\/product"}],"wp:featuredmedia":[{"embeddable":true,"href":"https:\/\/tecnimport.com.pe\/web\/wp-json\/wp\/v2\/media\/6331"}],"wp:attachment":[{"href":"https:\/\/tecnimport.com.pe\/web\/wp-json\/wp\/v2\/media?parent=6126"}],"wp:term":[{"taxonomy":"product_brand","embeddable":true,"href":"https:\/\/tecnimport.com.pe\/web\/wp-json\/wp\/v2\/product_brand?post=6126"},{"taxonomy":"product_cat","embeddable":true,"href":"https:\/\/tecnimport.com.pe\/web\/wp-json\/wp\/v2\/product_cat?post=6126"},{"taxonomy":"product_tag","embeddable":true,"href":"https:\/\/tecnimport.com.pe\/web\/wp-json\/wp\/v2\/product_tag?post=6126"}],"curies":[{"name":"wp","href":"https:\/\/api.w.org\/{rel}","templated":true}]}}