{"id":6086,"date":"2024-06-11T15:04:40","date_gmt":"2024-06-11T20:04:40","guid":{"rendered":"https:\/\/tecnimport.com.pe\/web\/?post_type=product&#038;p=6086"},"modified":"2025-07-11T10:23:37","modified_gmt":"2025-07-11T15:23:37","slug":"procyon-oxy-clean-t66","status":"publish","type":"product","link":"https:\/\/tecnimport.com.pe\/web\/productos\/procyon-labs\/oxido-inhibidores-de-corrosion\/procyon-oxy-clean-t66\/","title":{"rendered":"Procyon Oxy Clean T66"},"content":{"rendered":"<div class=\"wpb-content-wrapper\"><p>[vc_row][vc_column][vc_row_inner][vc_column_inner][vc_column_text css=\u00bb\u00bb woodmart_inline=\u00bbno\u00bb text_larger=\u00bbno\u00bb]<\/p>\n<h3>Procyon Oxy Clean T66 &#8211; Removedor de \u00d3xido<\/h3>\n<p><strong class=\"subtitulo_prod\">Presentaci\u00f3n &amp; Fichas<\/strong><\/p>\n<div class=\"table-container\">\n<table class=\"responsive-table\">\n<thead>\n<tr>\n<th style=\"text-align: center;\">N\u00ba de Parte<\/th>\n<th style=\"text-align: center;\">Capacidad<\/th>\n<th style=\"text-align: center;\">Envase<\/th>\n<th style=\"text-align: center;\"><i class=\"fas fa-download\"><\/i> Ficha T\u00e9cnica<\/th>\n<\/tr>\n<\/thead>\n<tbody>\n<tr>\n<td style=\"text-align: center;\">QTOS101<\/td>\n<td style=\"text-align: center;\">5 gl<\/td>\n<td style=\"text-align: center;\">Balde<\/td>\n<td style=\"text-align: center;\"><a href=\"https:\/\/tecnimport.com.pe\/web\/wp-content\/uploads\/2025\/01\/Oxy-Clean-T66.pdf\" target=\"_blank\" rel=\"noopener\">Descargar<\/a><\/td>\n<\/tr>\n<tr>\n<td style=\"text-align: center;\">QTOS105<\/td>\n<td style=\"text-align: center;\">55 gl<\/td>\n<td style=\"text-align: center;\">Cilindro<\/td>\n<td style=\"text-align: center;\"><a href=\"https:\/\/tecnimport.com.pe\/web\/wp-content\/uploads\/2025\/01\/Oxy-Clean-T66.pdf\" target=\"_blank\" rel=\"noopener\">Descargar<\/a><\/td>\n<\/tr>\n<\/tbody>\n<\/table>\n<\/div>\n<p>[\/vc_column_text][\/vc_column_inner][\/vc_row_inner][\/vc_column][\/vc_row][vc_row][vc_column width=\u00bb1\/3&#8243;][vc_column_text css=\u00bb\u00bb woodmart_inline=\u00bbno\u00bb text_larger=\u00bbno\u00bb]<\/p>\n<h5><strong class=\"subtitulo_prod\">Aplicaci\u00f3n<\/strong><\/h5>\n<ul>\n<li><strong>Oxidaci\u00f3n ligera:<\/strong>\n<ul>\n<li>Aplicaci\u00f3n manual: se diluye una parte del producto en tres partes de agua en un recipiente pl\u00e1stico. Se sumerge la pieza a limpiar durante 30 minutos a temperatura ambiente. Si se calienta la mezcla entre 60 \u00b0C. a 80 \u00b0C. solo ser\u00e1 necesario entre 5 a 8 minutos de inmersi\u00f3n.<\/li>\n<\/ul>\n<\/li>\n<li><strong>Oxidaci\u00f3n severa:<\/strong>\n<ul>\n<li>Se proceder\u00e1 en igual forma que el caso anterior, pero la mezcla ser\u00e1 en dos partes.<\/li>\n<\/ul>\n<\/li>\n<li><strong>Nota:<\/strong>\n<ul>\n<li>En los casos en que no se pueda utilizar el sistema de inmersi\u00f3n siempre y cuando la oxidaci\u00f3n no presente incrustaciones avanzadas, se aplicar\u00e1 la mezcla frotando la pieza o plancha con un trapo, en un intervalo de 5 a 10 minutos entre cada una de ellas.<\/li>\n<\/ul>\n<\/li>\n<\/ul>\n<p>[\/vc_column_text][\/vc_column][vc_column width=\u00bb1\/3&#8243;][vc_column_text css=\u00bb\u00bb woodmart_inline=\u00bbno\u00bb text_larger=\u00bbno\u00bb]<\/p>\n<h5><strong class=\"subtitulo_prod\">Ventajas y recomendaciones<\/strong><\/h5>\n<ul>\n<li>Recupera piezas oxidadas.<\/li>\n<li>Remojar con agua pura para neutralizar el efecto despu\u00e9s de retirar la pieza de la mezcla.<\/li>\n<li>Usar guantes y lentes de seguridad.<\/li>\n<\/ul>\n<p>[\/vc_column_text][\/vc_column][vc_column width=\u00bb1\/3&#8243;][vc_column_text css=\u00bb\u00bb woodmart_inline=\u00bbno\u00bb text_larger=\u00bbno\u00bb]<\/p>\n<h5><strong class=\"subtitulo_prod\">Aplicaci\u00f3n<\/strong><\/h5>\n<ul>\n<li>El m\u00e9todo que se usar\u00e1 para la limpieza depender\u00e1 del estado y el tipo de equipo a limpiar, por eso sugerimos una limpieza manual previamente con escobillas y\/o aire comprimido.<\/li>\n<li>La aplicaci\u00f3n podr\u00e1 realizarse con herramientas manuales como: brocha, escobillas, trapos; etc.; aspersi\u00f3n con un pulverizador manual o de aire comprimido o por inmersi\u00f3n en tinas adecuadas.<\/li>\n<li>En equipos el\u00e9ctricos no se recomienda la reutilizaci\u00f3n del solvente porque al contaminarse podr\u00eda disminuir la capacidad de desengrasante.<\/li>\n<\/ul>\n<p>[\/vc_column_text][\/vc_column][\/vc_row][vc_row][vc_column width=\u00bb1\/2&#8243;][vc_column_text css=\u00bb\u00bb woodmart_inline=\u00bbno\u00bb text_larger=\u00bbno\u00bb]<\/p>\n<h5 style=\"text-align: center;\"><strong class=\"subtitulo_prod\">Antes<\/strong><\/h5>\n<p>[\/vc_column_text][vc_single_image image=\u00bb6859&#8243; img_size=\u00bbmedium\u00bb alignment=\u00bbcenter\u00bb css=\u00bb\u00bb parallax_scroll=\u00bbno\u00bb woodmart_inline=\u00bbno\u00bb][\/vc_column][vc_column width=\u00bb1\/2&#8243;][vc_column_text css=\u00bb\u00bb woodmart_inline=\u00bbno\u00bb text_larger=\u00bbno\u00bb]<\/p>\n<h5 style=\"text-align: center;\"><strong class=\"subtitulo_prod\">Despu\u00e9s<\/strong><\/h5>\n<p>[\/vc_column_text][vc_single_image image=\u00bb6860&#8243; img_size=\u00bbmedium\u00bb alignment=\u00bbcenter\u00bb css=\u00bb\u00bb parallax_scroll=\u00bbno\u00bb woodmart_inline=\u00bbno\u00bb][\/vc_column][\/vc_row][vc_row][vc_column width=\u00bb1\/3&#8243;][vc_column_text css=\u00bb\u00bb woodmart_inline=\u00bbno\u00bb text_larger=\u00bbno\u00bb]<\/p>\n<h5><strong class=\"subtitulo_prod\">Marca &amp; Fabricante<\/strong><\/h5>\n<table class=\"table\">\n<tbody>\n<tr>\n<td>Marca<\/td>\n<td><a href=\"https:\/\/www.procyon-labs.com\/\" target=\"_blank\" rel=\"noopener\"><strong>PROCYON<\/strong><\/a><\/td>\n<\/tr>\n<tr>\n<td>Fabricante<\/td>\n<td><strong>PROCYON LABS<\/strong><\/td>\n<\/tr>\n<\/tbody>\n<\/table>\n<p>[\/vc_column_text][\/vc_column][vc_column width=\u00bb1\/3&#8243;][\/vc_column][vc_column width=\u00bb1\/3&#8243;][\/vc_column][\/vc_row][vc_row][\/vc_row][vc_column][vc_column_text css=\u00bb\u00bb woodmart_inline=\u00bbno\u00bb text_larger=\u00bbno\u00bb]<strong class=\"subtitulo_prod\">Propiedades<\/strong><\/p>\n<table class=\"table\">\n<tbody>\n<tr>\n<td>Gravedad Espec\u00edfica<\/td>\n<td>0.761 (ASTM D-1298)<\/td>\n<\/tr>\n<tr>\n<td>Punto de Inflamaci\u00f3n<\/td>\n<td>&gt;40 \u00baC (ASTM D-93)<\/td>\n<\/tr>\n<tr>\n<td>Valor Kauri-Butanol<\/td>\n<td>&gt;42 KB (ASTM D-1130)<\/td>\n<\/tr>\n<tr>\n<td>Apariencia y olor<\/td>\n<td>L\u00edquido transparente, suave a c\u00edtrico.<\/td>\n<\/tr>\n<\/tbody>\n<\/table>\n<p>[\/vc_column_text][\/vc_column]<\/p>\n<\/div>","protected":false},"excerpt":{"rendered":"<p><strong>Procyon Oxy Clean T66<\/strong> es una mezcla concentrada de \u00e1cidos, agentes humectantes, tensoactivos e inhibidores de corrosi\u00f3n. Usado para remover \u00f3xidos y corrosi\u00f3n formadas en piezas de hierro y sus aleaciones, dejando despu\u00e9s de su aplicaci\u00f3n una superficie pasiva que permite la buena adherencia de la pintura.<\/p>\n","protected":false},"featured_media":6856,"template":"","meta":[],"product_brand":[1350],"product_cat":[280,687],"product_tag":[1351],"class_list":{"0":"post-6086","1":"product","2":"type-product","3":"status-publish","4":"has-post-thumbnail","6":"product_brand-procyon-x","7":"product_cat-procyon-labs","8":"product_cat-oxido-inhibidores-de-corrosion","9":"product_tag-removedor-de-oxido","11":"first","12":"instock","13":"shipping-taxable","14":"purchasable","15":"product-type-variable"},"yoast_head":"<!-- This site is optimized with the Yoast SEO plugin v26.9 - https:\/\/yoast.com\/product\/yoast-seo-wordpress\/ -->\n<title>Procyon Oxy Clean T66 - Removedor de \u00d3xido - TECNIMPORT S.A.<\/title>\n<meta name=\"description\" content=\"Procyon Oxy Clean T66 usado para remover \u00f3xidos y corrosi\u00f3n formadas en hierro y sus aleaciones, como resultado permite buena adherencia de la pintura.\" \/>\n<meta name=\"robots\" content=\"index, follow, max-snippet:-1, max-image-preview:large, max-video-preview:-1\" \/>\n<link rel=\"canonical\" href=\"https:\/\/tecnimport.com.pe\/web\/productos\/procyon-labs\/oxido-inhibidores-de-corrosion\/procyon-oxy-clean-t66\/\" \/>\n<meta property=\"og:locale\" content=\"es_ES\" \/>\n<meta property=\"og:type\" content=\"article\" \/>\n<meta property=\"og:title\" content=\"Transformador de \u00f3xido - Procyon Oxy Stop - Tecnimport\" \/>\n<meta property=\"og:description\" content=\"Procyon Oxy Stop neutraliza la superficie de o\u0301xido. Penetra en a\u0301reas afectadas, convirtiendo el o\u0301xido en un compuesto orga\u0301nico meta\u0301lico.\" \/>\n<meta property=\"og:url\" content=\"https:\/\/tecnimport.com.pe\/web\/productos\/procyon-labs\/oxido-inhibidores-de-corrosion\/procyon-oxy-clean-t66\/\" \/>\n<meta property=\"og:site_name\" content=\"TECNIMPORT S.A.\" \/>\n<meta property=\"article:modified_time\" content=\"2025-07-11T15:23:37+00:00\" \/>\n<meta property=\"og:image\" content=\"https:\/\/tecnimport.com.pe\/web\/wp-content\/uploads\/2019\/07\/ProcyonOxyStop.gif\" \/>\n\t<meta property=\"og:image:width\" content=\"1000\" \/>\n\t<meta property=\"og:image:height\" content=\"1000\" \/>\n\t<meta property=\"og:image:type\" content=\"image\/gif\" \/>\n<meta name=\"twitter:card\" content=\"summary_large_image\" \/>\n<meta name=\"twitter:label1\" content=\"Disponibilidad\" \/>\n\t<meta name=\"twitter:data1\" content=\"Disponible\" \/>\n<script type=\"application\/ld+json\" class=\"yoast-schema-graph\">{\"@context\":\"https:\/\/schema.org\",\"@graph\":[{\"@type\":\"WebPage\",\"@id\":\"https:\/\/tecnimport.com.pe\/web\/productos\/procyon-labs\/oxido-inhibidores-de-corrosion\/procyon-oxy-clean-t66\/\",\"url\":\"https:\/\/tecnimport.com.pe\/web\/productos\/procyon-labs\/oxido-inhibidores-de-corrosion\/procyon-oxy-clean-t66\/\",\"name\":\"Procyon Oxy Clean T66 - Removedor de \u00d3xido - TECNIMPORT S.A.\",\"isPartOf\":{\"@id\":\"https:\/\/tecnimport.com.pe\/web\/#website\"},\"primaryImageOfPage\":{\"@id\":\"https:\/\/tecnimport.com.pe\/web\/productos\/procyon-labs\/oxido-inhibidores-de-corrosion\/procyon-oxy-clean-t66\/#primaryimage\"},\"image\":{\"@id\":\"https:\/\/tecnimport.com.pe\/web\/productos\/procyon-labs\/oxido-inhibidores-de-corrosion\/procyon-oxy-clean-t66\/#primaryimage\"},\"thumbnailUrl\":\"https:\/\/tecnimport.com.pe\/web\/wp-content\/uploads\/2024\/06\/Procyon_oxy_clean_t66.gif\",\"datePublished\":\"2024-06-11T20:04:40+00:00\",\"dateModified\":\"2025-07-11T15:23:37+00:00\",\"description\":\"Procyon Oxy Clean T66 usado para remover \u00f3xidos y corrosi\u00f3n formadas en hierro y sus aleaciones, como resultado permite buena adherencia de la pintura.\",\"breadcrumb\":{\"@id\":\"https:\/\/tecnimport.com.pe\/web\/productos\/procyon-labs\/oxido-inhibidores-de-corrosion\/procyon-oxy-clean-t66\/#breadcrumb\"},\"inLanguage\":\"es\",\"potentialAction\":[{\"@type\":\"ReadAction\",\"target\":[\"https:\/\/tecnimport.com.pe\/web\/productos\/procyon-labs\/oxido-inhibidores-de-corrosion\/procyon-oxy-clean-t66\/\"]}]},{\"@type\":\"ImageObject\",\"inLanguage\":\"es\",\"@id\":\"https:\/\/tecnimport.com.pe\/web\/productos\/procyon-labs\/oxido-inhibidores-de-corrosion\/procyon-oxy-clean-t66\/#primaryimage\",\"url\":\"https:\/\/tecnimport.com.pe\/web\/wp-content\/uploads\/2024\/06\/Procyon_oxy_clean_t66.gif\",\"contentUrl\":\"https:\/\/tecnimport.com.pe\/web\/wp-content\/uploads\/2024\/06\/Procyon_oxy_clean_t66.gif\",\"width\":1000,\"height\":1000,\"caption\":\"Procyon Oxy Clean T66 - Removedor de \u00d3xido_img\"},{\"@type\":\"BreadcrumbList\",\"@id\":\"https:\/\/tecnimport.com.pe\/web\/productos\/procyon-labs\/oxido-inhibidores-de-corrosion\/procyon-oxy-clean-t66\/#breadcrumb\",\"itemListElement\":[{\"@type\":\"ListItem\",\"position\":1,\"name\":\"Portada\",\"item\":\"https:\/\/tecnimport.com.pe\/web\/\"},{\"@type\":\"ListItem\",\"position\":2,\"name\":\"Productos\",\"item\":\"https:\/\/tecnimport.com.pe\/web\/productos-navigation\/\"},{\"@type\":\"ListItem\",\"position\":3,\"name\":\"Procyon Oxy Clean T66\"}]},{\"@type\":\"WebSite\",\"@id\":\"https:\/\/tecnimport.com.pe\/web\/#website\",\"url\":\"https:\/\/tecnimport.com.pe\/web\/\",\"name\":\"TECNIMPORT S.A.\",\"description\":\"Representante de Devcon, LPS, Rocol y Procyon en el Per\u00fa\",\"publisher\":{\"@id\":\"https:\/\/tecnimport.com.pe\/web\/#organization\"},\"potentialAction\":[{\"@type\":\"SearchAction\",\"target\":{\"@type\":\"EntryPoint\",\"urlTemplate\":\"https:\/\/tecnimport.com.pe\/web\/?s={search_term_string}\"},\"query-input\":{\"@type\":\"PropertyValueSpecification\",\"valueRequired\":true,\"valueName\":\"search_term_string\"}}],\"inLanguage\":\"es\"},{\"@type\":\"Organization\",\"@id\":\"https:\/\/tecnimport.com.pe\/web\/#organization\",\"name\":\"Tecnimport S.A\",\"url\":\"https:\/\/tecnimport.com.pe\/web\/\",\"logo\":{\"@type\":\"ImageObject\",\"inLanguage\":\"es\",\"@id\":\"https:\/\/tecnimport.com.pe\/web\/#\/schema\/logo\/image\/\",\"url\":\"https:\/\/tecnimport.com.pe\/web\/wp-content\/uploads\/2020\/03\/logo_tecnimport.png\",\"contentUrl\":\"https:\/\/tecnimport.com.pe\/web\/wp-content\/uploads\/2020\/03\/logo_tecnimport.png\",\"width\":367,\"height\":49,\"caption\":\"Tecnimport S.A\"},\"image\":{\"@id\":\"https:\/\/tecnimport.com.pe\/web\/#\/schema\/logo\/image\/\"}}]}<\/script>\n<meta property=\"og:availability\" content=\"instock\" \/>\n<meta property=\"product:availability\" content=\"instock\" \/>\n<meta property=\"product:condition\" content=\"new\" \/>\n<!-- \/ Yoast SEO plugin. -->","yoast_head_json":{"title":"Procyon Oxy Clean T66 - Removedor de \u00d3xido - TECNIMPORT S.A.","description":"Procyon Oxy Clean T66 usado para remover \u00f3xidos y corrosi\u00f3n formadas en hierro y sus aleaciones, como resultado permite buena adherencia de la pintura.","robots":{"index":"index","follow":"follow","max-snippet":"max-snippet:-1","max-image-preview":"max-image-preview:large","max-video-preview":"max-video-preview:-1"},"canonical":"https:\/\/tecnimport.com.pe\/web\/productos\/procyon-labs\/oxido-inhibidores-de-corrosion\/procyon-oxy-clean-t66\/","og_locale":"es_ES","og_type":"article","og_title":"Transformador de \u00f3xido - Procyon Oxy Stop - Tecnimport","og_description":"Procyon Oxy Stop neutraliza la superficie de o\u0301xido. Penetra en a\u0301reas afectadas, convirtiendo el o\u0301xido en un compuesto orga\u0301nico meta\u0301lico.","og_url":"https:\/\/tecnimport.com.pe\/web\/productos\/procyon-labs\/oxido-inhibidores-de-corrosion\/procyon-oxy-clean-t66\/","og_site_name":"TECNIMPORT S.A.","article_modified_time":"2025-07-11T15:23:37+00:00","og_image":[{"width":1000,"height":1000,"url":"https:\/\/tecnimport.com.pe\/web\/wp-content\/uploads\/2019\/07\/ProcyonOxyStop.gif","type":"image\/gif"}],"twitter_card":"summary_large_image","twitter_misc":{"Disponibilidad":"Disponible"},"schema":{"@context":"https:\/\/schema.org","@graph":[{"@type":"WebPage","@id":"https:\/\/tecnimport.com.pe\/web\/productos\/procyon-labs\/oxido-inhibidores-de-corrosion\/procyon-oxy-clean-t66\/","url":"https:\/\/tecnimport.com.pe\/web\/productos\/procyon-labs\/oxido-inhibidores-de-corrosion\/procyon-oxy-clean-t66\/","name":"Procyon Oxy Clean T66 - Removedor de \u00d3xido - TECNIMPORT S.A.","isPartOf":{"@id":"https:\/\/tecnimport.com.pe\/web\/#website"},"primaryImageOfPage":{"@id":"https:\/\/tecnimport.com.pe\/web\/productos\/procyon-labs\/oxido-inhibidores-de-corrosion\/procyon-oxy-clean-t66\/#primaryimage"},"image":{"@id":"https:\/\/tecnimport.com.pe\/web\/productos\/procyon-labs\/oxido-inhibidores-de-corrosion\/procyon-oxy-clean-t66\/#primaryimage"},"thumbnailUrl":"https:\/\/tecnimport.com.pe\/web\/wp-content\/uploads\/2024\/06\/Procyon_oxy_clean_t66.gif","datePublished":"2024-06-11T20:04:40+00:00","dateModified":"2025-07-11T15:23:37+00:00","description":"Procyon Oxy Clean T66 usado para remover \u00f3xidos y corrosi\u00f3n formadas en hierro y sus aleaciones, como resultado permite buena adherencia de la pintura.","breadcrumb":{"@id":"https:\/\/tecnimport.com.pe\/web\/productos\/procyon-labs\/oxido-inhibidores-de-corrosion\/procyon-oxy-clean-t66\/#breadcrumb"},"inLanguage":"es","potentialAction":[{"@type":"ReadAction","target":["https:\/\/tecnimport.com.pe\/web\/productos\/procyon-labs\/oxido-inhibidores-de-corrosion\/procyon-oxy-clean-t66\/"]}]},{"@type":"ImageObject","inLanguage":"es","@id":"https:\/\/tecnimport.com.pe\/web\/productos\/procyon-labs\/oxido-inhibidores-de-corrosion\/procyon-oxy-clean-t66\/#primaryimage","url":"https:\/\/tecnimport.com.pe\/web\/wp-content\/uploads\/2024\/06\/Procyon_oxy_clean_t66.gif","contentUrl":"https:\/\/tecnimport.com.pe\/web\/wp-content\/uploads\/2024\/06\/Procyon_oxy_clean_t66.gif","width":1000,"height":1000,"caption":"Procyon Oxy Clean T66 - Removedor de \u00d3xido_img"},{"@type":"BreadcrumbList","@id":"https:\/\/tecnimport.com.pe\/web\/productos\/procyon-labs\/oxido-inhibidores-de-corrosion\/procyon-oxy-clean-t66\/#breadcrumb","itemListElement":[{"@type":"ListItem","position":1,"name":"Portada","item":"https:\/\/tecnimport.com.pe\/web\/"},{"@type":"ListItem","position":2,"name":"Productos","item":"https:\/\/tecnimport.com.pe\/web\/productos-navigation\/"},{"@type":"ListItem","position":3,"name":"Procyon Oxy Clean T66"}]},{"@type":"WebSite","@id":"https:\/\/tecnimport.com.pe\/web\/#website","url":"https:\/\/tecnimport.com.pe\/web\/","name":"TECNIMPORT S.A.","description":"Representante de Devcon, LPS, Rocol y Procyon en el Per\u00fa","publisher":{"@id":"https:\/\/tecnimport.com.pe\/web\/#organization"},"potentialAction":[{"@type":"SearchAction","target":{"@type":"EntryPoint","urlTemplate":"https:\/\/tecnimport.com.pe\/web\/?s={search_term_string}"},"query-input":{"@type":"PropertyValueSpecification","valueRequired":true,"valueName":"search_term_string"}}],"inLanguage":"es"},{"@type":"Organization","@id":"https:\/\/tecnimport.com.pe\/web\/#organization","name":"Tecnimport S.A","url":"https:\/\/tecnimport.com.pe\/web\/","logo":{"@type":"ImageObject","inLanguage":"es","@id":"https:\/\/tecnimport.com.pe\/web\/#\/schema\/logo\/image\/","url":"https:\/\/tecnimport.com.pe\/web\/wp-content\/uploads\/2020\/03\/logo_tecnimport.png","contentUrl":"https:\/\/tecnimport.com.pe\/web\/wp-content\/uploads\/2020\/03\/logo_tecnimport.png","width":367,"height":49,"caption":"Tecnimport S.A"},"image":{"@id":"https:\/\/tecnimport.com.pe\/web\/#\/schema\/logo\/image\/"}}]},"og_availability":"instock","product_availability":"instock","product_condition":"new"},"_links":{"self":[{"href":"https:\/\/tecnimport.com.pe\/web\/wp-json\/wp\/v2\/product\/6086","targetHints":{"allow":["GET"]}}],"collection":[{"href":"https:\/\/tecnimport.com.pe\/web\/wp-json\/wp\/v2\/product"}],"about":[{"href":"https:\/\/tecnimport.com.pe\/web\/wp-json\/wp\/v2\/types\/product"}],"wp:featuredmedia":[{"embeddable":true,"href":"https:\/\/tecnimport.com.pe\/web\/wp-json\/wp\/v2\/media\/6856"}],"wp:attachment":[{"href":"https:\/\/tecnimport.com.pe\/web\/wp-json\/wp\/v2\/media?parent=6086"}],"wp:term":[{"taxonomy":"product_brand","embeddable":true,"href":"https:\/\/tecnimport.com.pe\/web\/wp-json\/wp\/v2\/product_brand?post=6086"},{"taxonomy":"product_cat","embeddable":true,"href":"https:\/\/tecnimport.com.pe\/web\/wp-json\/wp\/v2\/product_cat?post=6086"},{"taxonomy":"product_tag","embeddable":true,"href":"https:\/\/tecnimport.com.pe\/web\/wp-json\/wp\/v2\/product_tag?post=6086"}],"curies":[{"name":"wp","href":"https:\/\/api.w.org\/{rel}","templated":true}]}}