{"id":6084,"date":"2024-05-27T12:10:14","date_gmt":"2024-05-27T17:10:14","guid":{"rendered":"https:\/\/tecnimport.com.pe\/web\/?post_type=product&#038;p=6084"},"modified":"2025-03-14T08:52:05","modified_gmt":"2025-03-14T13:52:05","slug":"lps-detex-food-grade-machine-oil-lubricante-penetrante-multiproposito-grado-alimenticio","status":"publish","type":"product","link":"https:\/\/tecnimport.com.pe\/web\/productos\/lps\/lps-detex-food-grade-machine-oil-lubricante-penetrante-multiproposito-grado-alimenticio\/","title":{"rendered":"LPS Food Grade Machine Oil"},"content":{"rendered":"<div class=\"wpb-content-wrapper\"><p>[vc_row][vc_column][vc_row_inner][vc_column_inner][vc_column_text woodmart_inline=\u00bbno\u00bb text_larger=\u00bbno\u00bb]<strong class=\"subtitulo_prod\">LPS FOOD GRADE MACHINE OIL &#8211; LUBRICANTE PENETRANTE MULTIPROP\u00d3SITO GRADO ALIMENTICIO<\/strong><\/p>\n<p><strong class=\"subtitulo_prod\">Presentaci\u00f3n &amp; Fichas<\/strong><\/p>\n<div class=\"table-container\">\n<table class=\"responsive-table\">\n<thead>\n<tr>\n<th style=\"text-align: center;\">N\u00ba de Parte<\/th>\n<th style=\"text-align: center;\">Capacidad<\/th>\n<th style=\"text-align: center;\">Envase<\/th>\n<th style=\"text-align: center;\"><i class=\"fas fa-download\"><\/i> TDS<\/th>\n<\/tr>\n<\/thead>\n<tbody>\n<tr>\n<td style=\"text-align: center;\">01316<\/td>\n<td style=\"text-align: center;\">11 wt oz \/ 312 g \/ 376 mL<\/td>\n<td style=\"text-align: center;\">Aerosol<\/td>\n<td style=\"text-align: center;\"><a href=\"https:\/\/tecnimport.com.pe\/web\/wp-content\/uploads\/2024\/09\/LPSDETEXFoodGradeMachineOil-.pdf\" target=\"_blank\" rel=\"noopener\"><i class=\"fas fa-download\"><\/i><\/a><\/td>\n<\/tr>\n<\/tbody>\n<\/table>\n<\/div>\n<p>[\/vc_column_text][\/vc_column_inner][\/vc_row_inner][\/vc_column][\/vc_row][vc_row][vc_column width=\u00bb1\/3&#8243;][vc_column_text woodmart_inline=\u00bbno\u00bb text_larger=\u00bbno\u00bb]<strong class=\"subtitulo_prod\">Otras Caracter\u00edsticas<\/strong><\/p>\n<ul>\n<li>Lubricante NSF H1 se puede utilizar en cualquier lugar dentro de una instalaci\u00f3n donde pueda producirse un contacto accidental con alimentos.<\/li>\n<li>El lubricante vers\u00e1til elimina las adherencias, los atascos y los chirridos.<\/li>\n<li>La pel\u00edcula aceitosa penetra para aflojar las tuercas y los tornillos congelados.<\/li>\n<li>La f\u00f3rmula incolora no mancha el producto ni el equipo.<\/li>\n<li>Seguro en todas las superficies met\u00e1licas.<\/li>\n<li>Embalaje detectable por rayos X y metales.<\/li>\n<li style=\"color: #862633;\"><a href=\"https:\/\/tecnimport.com.pe\/web\/wp-content\/uploads\/2024\/08\/LPS_DETEX_TECNIMPORT_GRADO_ALIMENTICIO_CATALOGO.pdf\" target=\"_blank\" rel=\"noopener\">Sistema patentado \u00aeLPS \u00aeDETEX.<\/a><\/li>\n<\/ul>\n<p>[\/vc_column_text][\/vc_column][vc_column width=\u00bb1\/3&#8243;][vc_column_text woodmart_inline=\u00bbno\u00bb text_larger=\u00bbno\u00bb]<strong class=\"subtitulo_prod\">Aplicaciones<\/strong><\/p>\n<ul>\n<li>Ruedas<\/li>\n<li>Cadenas<\/li>\n<li>Canales<\/li>\n<li>Transportadores<\/li>\n<li>Equipos de llenado<\/li>\n<li>Estantes para alimentos<\/li>\n<li>Carritos de servicio de alimentos<\/li>\n<li>Cortadoras<\/li>\n<\/ul>\n<p>[\/vc_column_text][\/vc_column][vc_column width=\u00bb1\/3&#8243;][vc_column_text woodmart_inline=\u00bbno\u00bb text_larger=\u00bbno\u00bb]<strong class=\"subtitulo_prod\">Aplicaci\u00f3n<\/strong>[\/vc_column_text][vc_single_image image=\u00bb6327&#8243; img_size=\u00bblarge\u00bb add_caption=\u00bbyes\u00bb alignment=\u00bbcenter\u00bb parallax_scroll=\u00bbno\u00bb woodmart_inline=\u00bbno\u00bb][\/vc_column][\/vc_row][vc_row][vc_column width=\u00bb1\/3&#8243;][vc_column_text woodmart_inline=\u00bbno\u00bb text_larger=\u00bbno\u00bb]<strong class=\"subtitulo_prod\">Certificaciones &amp; Especificaciones<\/strong><\/p>\n<ul>\n<li style=\"color: #862633;\"><a href=\"https:\/\/info.nsf.org\/usda\/letters\/129000.pdf\" target=\"_blank\" rel=\"noopener\">Certificado NSF: H1 &#8211; Registro # 129000<br \/>\n<\/a><\/li>\n<li>FDA Regulation 21 C.F.R. 178.3570 for incidental food contact<\/li>\n<li style=\"color: #862633;\"><a href=\"https:\/\/www.itwprobrands.com\/files\/product_specifications\/ITW_Pro_Brands_Allergen_Disclosure_Form.pdf\" target=\"_blank\" rel=\"noopener\">Allergen Disclosure Form<br \/>\n<\/a><\/li>\n<li style=\"color: #862633;\"><a href=\"https:\/\/www.itwprobrands.com\/files\/product_specifications\/Halal-Product-Certificate___HP-_5543-_CH.pdf\" target=\"_blank\" rel=\"noopener\">Halal Product Certified #HP-5543-CH<br \/>\n<\/a><\/li>\n<li style=\"color: #862633;\"><a href=\"https:\/\/www.itwprobrands.com\/files\/product_specifications\/DETEX_Kosher_Certificate.pdf\" target=\"_blank\" rel=\"noopener\">Kosher Certified<br \/>\n<\/a><\/li>\n<\/ul>\n<p>[\/vc_column_text][\/vc_column][vc_column width=\u00bb1\/3&#8243;][vc_column_text woodmart_inline=\u00bbno\u00bb text_larger=\u00bbno\u00bb]<strong class=\"subtitulo_prod\">Marca &amp; Fabricante<\/strong><\/p>\n<table class=\"table\">\n<tbody>\n<tr>\n<td>Marca<\/td>\n<td><strong><a href=\"https:\/\/tecnimport.com.pe\/web\/lps-probrands-itw-peru\/\" target=\"_blank\" rel=\"noopener\">LPS<\/a><\/strong><\/td>\n<\/tr>\n<tr>\n<td>Fabricante<\/td>\n<td><strong><a href=\"https:\/\/www.itwprobrands.com\/product\/food-grade-machine-oil\" target=\"_blank\" rel=\"noopener\">ITW PROBRANDS<\/a><\/strong><\/td>\n<\/tr>\n<\/tbody>\n<\/table>\n<p>[\/vc_column_text][\/vc_column][vc_column width=\u00bb1\/3&#8243;][\/vc_column][\/vc_row][vc_row][\/vc_row][vc_column][vc_column_text woodmart_inline=\u00bbno\u00bb text_larger=\u00bbno\u00bb]<strong class=\"subtitulo_prod\">Propiedades<\/strong><\/p>\n<table class=\"table\">\n<tbody>\n<tr>\n<td>Aspecto \/ Estado f\u00edsico<\/td>\n<td>L\u00edquido transparente<\/td>\n<\/tr>\n<tr>\n<td>Olor<\/td>\n<td>Ligero olor a petr\u00f3leo<\/td>\n<\/tr>\n<tr>\n<td>Punto de fusi\u00f3n \/ punto de congelaci\u00f3n<\/td>\n<td>No disponible<\/td>\n<\/tr>\n<tr>\n<td>Punto de ebullici\u00f3n \/ rango<\/td>\n<td>&gt; 435,2 \u00b0F (&gt; 224 \u00b0C)<\/td>\n<\/tr>\n<tr>\n<td>Presi\u00f3n de vapor<\/td>\n<td>&lt; 0,05 mm Hg a 20 \u00baC<\/td>\n<\/tr>\n<tr>\n<td>Coeficiente de partici\u00f3n<\/td>\n<td>&lt; 1<\/td>\n<\/tr>\n<tr>\n<td>Porcentaje de vol\u00e1tiles<\/td>\n<td>0.6<\/td>\n<\/tr>\n<tr>\n<td>Inflamabilidad<\/td>\n<td>Inferior: 0,6 %, Superior: 7 %<\/td>\n<\/tr>\n<tr>\n<td>Propelente<\/td>\n<td>Di\u00f3xido de carbono<\/td>\n<\/tr>\n<tr>\n<td>Contenido de COV<\/td>\n<td>0 % seg\u00fan las reglamentaciones federales y estatales de productos de consumo de EE. UU.<\/td>\n<\/tr>\n<tr>\n<td>Color<\/td>\n<td>Transparente. Incoloro.<\/td>\n<\/tr>\n<tr>\n<td>Punto de inflamaci\u00f3n<\/td>\n<td>&gt; 158,0 \u00b0F (&gt; 70,0 \u00b0C) Etiqueta de vaso cerrado<\/td>\n<\/tr>\n<tr>\n<td>Densidad<\/td>\n<td>No disponible<\/td>\n<\/tr>\n<tr>\n<td>Tasa de evaporaci\u00f3n<\/td>\n<td>&lt; 0,1 BuAc<\/td>\n<\/tr>\n<tr>\n<td>Densidad de vapor<\/td>\n<td>4.7<\/td>\n<\/tr>\n<tr>\n<td>Temperatura de autoignici\u00f3n<\/td>\n<td>&gt; 442,4 \u00b0F (&gt; 228 \u00b0C)<\/td>\n<\/tr>\n<tr>\n<td>Viscosidad<\/td>\n<td>Viscosidad 130 &#8211; 160 cP<\/td>\n<\/tr>\n<tr>\n<td>Gravedad espec\u00edfica<\/td>\n<td>0,81 &#8211; 0,83 a 20 \u00baC<\/td>\n<\/tr>\n<\/tbody>\n<\/table>\n<p>[\/vc_column_text][\/vc_column]<\/p>\n<\/div>","protected":false},"excerpt":{"rendered":"<h2 class=\"h2_subtitulo\"><i>LUBRICANTE PENETRANTE MULTIPROP\u00d3SITO GRADO ALIMENTICIO<\/i><\/h2>\n<p>LPS FOOD GRADE MACHINE OIL es un LUBRICANTE PENETRANTE MULTIPROP\u00d3SITO GRADO ALIMENTICIO LPS\u00ae DETEX\u00ae.<br \/>\nLubricante vers\u00e1til y multiusos. El aceite para m\u00e1quinas de grado alimenticio est\u00e1 aprobado por NSF H1 para su uso en instalaciones de procesamiento de alimentos donde puede ocurrir contacto incidental con alimentos.<br \/>\nPenetra r\u00e1pidamente para aflojar tuercas y tornillos congelados, al mismo tiempo que elimina el atascamiento, el atascamiento y el chirrido en las piezas met\u00e1licas. La f\u00f3rmula incolora no mancha los productos ni los equipos.<\/p>\n","protected":false},"featured_media":6325,"template":"","meta":[],"product_brand":[],"product_cat":[205,210],"product_tag":[1296,1293,682,1292],"class_list":{"0":"post-6084","1":"product","2":"type-product","3":"status-publish","4":"has-post-thumbnail","6":"product_cat-lps","7":"product_cat-lubricantes-grado-alimenticio-h1","8":"product_tag-afloja-todo","9":"product_tag-grado-alimenticio","10":"product_tag-lubricante","11":"product_tag-multiproposito","13":"first","14":"instock","15":"shipping-taxable","16":"purchasable","17":"product-type-simple"},"yoast_head":"<!-- This site is optimized with the Yoast SEO plugin v26.9 - https:\/\/yoast.com\/product\/yoast-seo-wordpress\/ -->\n<title>LPS Food Grade Machine Oil - TECNIMPORT S.A.<\/title>\n<meta name=\"description\" content=\"LPS FOOD GRADE MACHINE OIL es un LUBRICANTE PENETRANTE MULTIPROP\u00d3SITO GRADO ALIMENTICIO LPS DETEX. Lubricante vers\u00e1til y multiusos.\" \/>\n<meta name=\"robots\" content=\"index, follow, max-snippet:-1, max-image-preview:large, max-video-preview:-1\" \/>\n<link rel=\"canonical\" href=\"https:\/\/tecnimport.com.pe\/web\/productos\/lps\/lps-detex-food-grade-machine-oil-lubricante-penetrante-multiproposito-grado-alimenticio\/\" \/>\n<meta property=\"og:locale\" content=\"es_ES\" \/>\n<meta property=\"og:type\" content=\"article\" \/>\n<meta property=\"og:title\" content=\"LPS Food Grade Machine Oil - TECNIMPORT S.A.\" \/>\n<meta property=\"og:description\" content=\"LPS FOOD GRADE MACHINE OIL es un LUBRICANTE PENETRANTE MULTIPROP\u00d3SITO GRADO ALIMENTICIO LPS DETEX. Lubricante vers\u00e1til y multiusos.\" \/>\n<meta property=\"og:url\" content=\"https:\/\/tecnimport.com.pe\/web\/productos\/lps\/lps-detex-food-grade-machine-oil-lubricante-penetrante-multiproposito-grado-alimenticio\/\" \/>\n<meta property=\"og:site_name\" content=\"TECNIMPORT S.A.\" \/>\n<meta property=\"article:modified_time\" content=\"2025-03-14T13:52:05+00:00\" \/>\n<meta property=\"og:image\" content=\"https:\/\/tecnimport.com.pe\/web\/wp-content\/uploads\/2024\/05\/LPS-DETEX-FOOD-GRADE-MACHINE-OIL-LUBRICANTE-PENETRANTE-MULTIPROPOSITO-GRADO-ALIMENTICIO-TECNIMPORT.gif\" \/>\n\t<meta property=\"og:image:width\" content=\"1000\" \/>\n\t<meta property=\"og:image:height\" content=\"1000\" \/>\n\t<meta property=\"og:image:type\" content=\"image\/gif\" \/>\n<meta name=\"twitter:card\" content=\"summary_large_image\" \/>\n<meta name=\"twitter:label1\" content=\"Precio\" \/>\n\t<meta name=\"twitter:data1\" content=\"&#036;1.00\" \/>\n\t<meta name=\"twitter:label2\" content=\"Disponibilidad\" \/>\n\t<meta name=\"twitter:data2\" content=\"Disponible\" \/>\n<script type=\"application\/ld+json\" class=\"yoast-schema-graph\">{\"@context\":\"https:\/\/schema.org\",\"@graph\":[{\"@type\":\"WebPage\",\"@id\":\"https:\/\/tecnimport.com.pe\/web\/productos\/lps\/lps-detex-food-grade-machine-oil-lubricante-penetrante-multiproposito-grado-alimenticio\/\",\"url\":\"https:\/\/tecnimport.com.pe\/web\/productos\/lps\/lps-detex-food-grade-machine-oil-lubricante-penetrante-multiproposito-grado-alimenticio\/\",\"name\":\"LPS Food Grade Machine Oil - TECNIMPORT S.A.\",\"isPartOf\":{\"@id\":\"https:\/\/tecnimport.com.pe\/web\/#website\"},\"primaryImageOfPage\":{\"@id\":\"https:\/\/tecnimport.com.pe\/web\/productos\/lps\/lps-detex-food-grade-machine-oil-lubricante-penetrante-multiproposito-grado-alimenticio\/#primaryimage\"},\"image\":{\"@id\":\"https:\/\/tecnimport.com.pe\/web\/productos\/lps\/lps-detex-food-grade-machine-oil-lubricante-penetrante-multiproposito-grado-alimenticio\/#primaryimage\"},\"thumbnailUrl\":\"https:\/\/tecnimport.com.pe\/web\/wp-content\/uploads\/2024\/05\/LPS-DETEX-FOOD-GRADE-MACHINE-OIL-LUBRICANTE-PENETRANTE-MULTIPROPOSITO-GRADO-ALIMENTICIO-TECNIMPORT.gif\",\"datePublished\":\"2024-05-27T17:10:14+00:00\",\"dateModified\":\"2025-03-14T13:52:05+00:00\",\"description\":\"LPS FOOD GRADE MACHINE OIL es un LUBRICANTE PENETRANTE MULTIPROP\u00d3SITO GRADO ALIMENTICIO LPS DETEX. Lubricante vers\u00e1til y multiusos.\",\"breadcrumb\":{\"@id\":\"https:\/\/tecnimport.com.pe\/web\/productos\/lps\/lps-detex-food-grade-machine-oil-lubricante-penetrante-multiproposito-grado-alimenticio\/#breadcrumb\"},\"inLanguage\":\"es\",\"potentialAction\":[{\"@type\":\"ReadAction\",\"target\":[\"https:\/\/tecnimport.com.pe\/web\/productos\/lps\/lps-detex-food-grade-machine-oil-lubricante-penetrante-multiproposito-grado-alimenticio\/\"]}]},{\"@type\":\"ImageObject\",\"inLanguage\":\"es\",\"@id\":\"https:\/\/tecnimport.com.pe\/web\/productos\/lps\/lps-detex-food-grade-machine-oil-lubricante-penetrante-multiproposito-grado-alimenticio\/#primaryimage\",\"url\":\"https:\/\/tecnimport.com.pe\/web\/wp-content\/uploads\/2024\/05\/LPS-DETEX-FOOD-GRADE-MACHINE-OIL-LUBRICANTE-PENETRANTE-MULTIPROPOSITO-GRADO-ALIMENTICIO-TECNIMPORT.gif\",\"contentUrl\":\"https:\/\/tecnimport.com.pe\/web\/wp-content\/uploads\/2024\/05\/LPS-DETEX-FOOD-GRADE-MACHINE-OIL-LUBRICANTE-PENETRANTE-MULTIPROPOSITO-GRADO-ALIMENTICIO-TECNIMPORT.gif\",\"width\":1000,\"height\":1000,\"caption\":\"LPS FOOD GRADE MACHINE OIL LUBRICANTE PENETRANTE MULTIPROPOSITO GRADO ALIMENTICIO\"},{\"@type\":\"BreadcrumbList\",\"@id\":\"https:\/\/tecnimport.com.pe\/web\/productos\/lps\/lps-detex-food-grade-machine-oil-lubricante-penetrante-multiproposito-grado-alimenticio\/#breadcrumb\",\"itemListElement\":[{\"@type\":\"ListItem\",\"position\":1,\"name\":\"Portada\",\"item\":\"https:\/\/tecnimport.com.pe\/web\/\"},{\"@type\":\"ListItem\",\"position\":2,\"name\":\"Productos\",\"item\":\"https:\/\/tecnimport.com.pe\/web\/productos-navigation\/\"},{\"@type\":\"ListItem\",\"position\":3,\"name\":\"LPS Food Grade Machine Oil\"}]},{\"@type\":\"WebSite\",\"@id\":\"https:\/\/tecnimport.com.pe\/web\/#website\",\"url\":\"https:\/\/tecnimport.com.pe\/web\/\",\"name\":\"TECNIMPORT S.A.\",\"description\":\"Representante de Devcon, LPS, Rocol y Procyon en el Per\u00fa\",\"publisher\":{\"@id\":\"https:\/\/tecnimport.com.pe\/web\/#organization\"},\"potentialAction\":[{\"@type\":\"SearchAction\",\"target\":{\"@type\":\"EntryPoint\",\"urlTemplate\":\"https:\/\/tecnimport.com.pe\/web\/?s={search_term_string}\"},\"query-input\":{\"@type\":\"PropertyValueSpecification\",\"valueRequired\":true,\"valueName\":\"search_term_string\"}}],\"inLanguage\":\"es\"},{\"@type\":\"Organization\",\"@id\":\"https:\/\/tecnimport.com.pe\/web\/#organization\",\"name\":\"Tecnimport S.A\",\"url\":\"https:\/\/tecnimport.com.pe\/web\/\",\"logo\":{\"@type\":\"ImageObject\",\"inLanguage\":\"es\",\"@id\":\"https:\/\/tecnimport.com.pe\/web\/#\/schema\/logo\/image\/\",\"url\":\"https:\/\/tecnimport.com.pe\/web\/wp-content\/uploads\/2020\/03\/logo_tecnimport.png\",\"contentUrl\":\"https:\/\/tecnimport.com.pe\/web\/wp-content\/uploads\/2020\/03\/logo_tecnimport.png\",\"width\":367,\"height\":49,\"caption\":\"Tecnimport S.A\"},\"image\":{\"@id\":\"https:\/\/tecnimport.com.pe\/web\/#\/schema\/logo\/image\/\"}}]}<\/script>\n<meta property=\"product:price:amount\" content=\"1.00\" \/>\n<meta property=\"product:price:currency\" content=\"USD\" \/>\n<meta property=\"og:availability\" content=\"instock\" \/>\n<meta property=\"product:availability\" content=\"instock\" \/>\n<meta property=\"product:retailer_item_id\" content=\"LPS01316\" \/>\n<meta property=\"product:condition\" content=\"new\" \/>\n<!-- \/ Yoast SEO plugin. -->","yoast_head_json":{"title":"LPS Food Grade Machine Oil - TECNIMPORT S.A.","description":"LPS FOOD GRADE MACHINE OIL es un LUBRICANTE PENETRANTE MULTIPROP\u00d3SITO GRADO ALIMENTICIO LPS DETEX. Lubricante vers\u00e1til y multiusos.","robots":{"index":"index","follow":"follow","max-snippet":"max-snippet:-1","max-image-preview":"max-image-preview:large","max-video-preview":"max-video-preview:-1"},"canonical":"https:\/\/tecnimport.com.pe\/web\/productos\/lps\/lps-detex-food-grade-machine-oil-lubricante-penetrante-multiproposito-grado-alimenticio\/","og_locale":"es_ES","og_type":"article","og_title":"LPS Food Grade Machine Oil - TECNIMPORT S.A.","og_description":"LPS FOOD GRADE MACHINE OIL es un LUBRICANTE PENETRANTE MULTIPROP\u00d3SITO GRADO ALIMENTICIO LPS DETEX. Lubricante vers\u00e1til y multiusos.","og_url":"https:\/\/tecnimport.com.pe\/web\/productos\/lps\/lps-detex-food-grade-machine-oil-lubricante-penetrante-multiproposito-grado-alimenticio\/","og_site_name":"TECNIMPORT S.A.","article_modified_time":"2025-03-14T13:52:05+00:00","og_image":[{"width":1000,"height":1000,"url":"https:\/\/tecnimport.com.pe\/web\/wp-content\/uploads\/2024\/05\/LPS-DETEX-FOOD-GRADE-MACHINE-OIL-LUBRICANTE-PENETRANTE-MULTIPROPOSITO-GRADO-ALIMENTICIO-TECNIMPORT.gif","type":"image\/gif"}],"twitter_card":"summary_large_image","twitter_misc":{"Precio":"&#36;1.00","Disponibilidad":"Disponible"},"schema":{"@context":"https:\/\/schema.org","@graph":[{"@type":"WebPage","@id":"https:\/\/tecnimport.com.pe\/web\/productos\/lps\/lps-detex-food-grade-machine-oil-lubricante-penetrante-multiproposito-grado-alimenticio\/","url":"https:\/\/tecnimport.com.pe\/web\/productos\/lps\/lps-detex-food-grade-machine-oil-lubricante-penetrante-multiproposito-grado-alimenticio\/","name":"LPS Food Grade Machine Oil - TECNIMPORT S.A.","isPartOf":{"@id":"https:\/\/tecnimport.com.pe\/web\/#website"},"primaryImageOfPage":{"@id":"https:\/\/tecnimport.com.pe\/web\/productos\/lps\/lps-detex-food-grade-machine-oil-lubricante-penetrante-multiproposito-grado-alimenticio\/#primaryimage"},"image":{"@id":"https:\/\/tecnimport.com.pe\/web\/productos\/lps\/lps-detex-food-grade-machine-oil-lubricante-penetrante-multiproposito-grado-alimenticio\/#primaryimage"},"thumbnailUrl":"https:\/\/tecnimport.com.pe\/web\/wp-content\/uploads\/2024\/05\/LPS-DETEX-FOOD-GRADE-MACHINE-OIL-LUBRICANTE-PENETRANTE-MULTIPROPOSITO-GRADO-ALIMENTICIO-TECNIMPORT.gif","datePublished":"2024-05-27T17:10:14+00:00","dateModified":"2025-03-14T13:52:05+00:00","description":"LPS FOOD GRADE MACHINE OIL es un LUBRICANTE PENETRANTE MULTIPROP\u00d3SITO GRADO ALIMENTICIO LPS DETEX. Lubricante vers\u00e1til y multiusos.","breadcrumb":{"@id":"https:\/\/tecnimport.com.pe\/web\/productos\/lps\/lps-detex-food-grade-machine-oil-lubricante-penetrante-multiproposito-grado-alimenticio\/#breadcrumb"},"inLanguage":"es","potentialAction":[{"@type":"ReadAction","target":["https:\/\/tecnimport.com.pe\/web\/productos\/lps\/lps-detex-food-grade-machine-oil-lubricante-penetrante-multiproposito-grado-alimenticio\/"]}]},{"@type":"ImageObject","inLanguage":"es","@id":"https:\/\/tecnimport.com.pe\/web\/productos\/lps\/lps-detex-food-grade-machine-oil-lubricante-penetrante-multiproposito-grado-alimenticio\/#primaryimage","url":"https:\/\/tecnimport.com.pe\/web\/wp-content\/uploads\/2024\/05\/LPS-DETEX-FOOD-GRADE-MACHINE-OIL-LUBRICANTE-PENETRANTE-MULTIPROPOSITO-GRADO-ALIMENTICIO-TECNIMPORT.gif","contentUrl":"https:\/\/tecnimport.com.pe\/web\/wp-content\/uploads\/2024\/05\/LPS-DETEX-FOOD-GRADE-MACHINE-OIL-LUBRICANTE-PENETRANTE-MULTIPROPOSITO-GRADO-ALIMENTICIO-TECNIMPORT.gif","width":1000,"height":1000,"caption":"LPS FOOD GRADE MACHINE OIL LUBRICANTE PENETRANTE MULTIPROPOSITO GRADO ALIMENTICIO"},{"@type":"BreadcrumbList","@id":"https:\/\/tecnimport.com.pe\/web\/productos\/lps\/lps-detex-food-grade-machine-oil-lubricante-penetrante-multiproposito-grado-alimenticio\/#breadcrumb","itemListElement":[{"@type":"ListItem","position":1,"name":"Portada","item":"https:\/\/tecnimport.com.pe\/web\/"},{"@type":"ListItem","position":2,"name":"Productos","item":"https:\/\/tecnimport.com.pe\/web\/productos-navigation\/"},{"@type":"ListItem","position":3,"name":"LPS Food Grade Machine Oil"}]},{"@type":"WebSite","@id":"https:\/\/tecnimport.com.pe\/web\/#website","url":"https:\/\/tecnimport.com.pe\/web\/","name":"TECNIMPORT S.A.","description":"Representante de Devcon, LPS, Rocol y Procyon en el Per\u00fa","publisher":{"@id":"https:\/\/tecnimport.com.pe\/web\/#organization"},"potentialAction":[{"@type":"SearchAction","target":{"@type":"EntryPoint","urlTemplate":"https:\/\/tecnimport.com.pe\/web\/?s={search_term_string}"},"query-input":{"@type":"PropertyValueSpecification","valueRequired":true,"valueName":"search_term_string"}}],"inLanguage":"es"},{"@type":"Organization","@id":"https:\/\/tecnimport.com.pe\/web\/#organization","name":"Tecnimport S.A","url":"https:\/\/tecnimport.com.pe\/web\/","logo":{"@type":"ImageObject","inLanguage":"es","@id":"https:\/\/tecnimport.com.pe\/web\/#\/schema\/logo\/image\/","url":"https:\/\/tecnimport.com.pe\/web\/wp-content\/uploads\/2020\/03\/logo_tecnimport.png","contentUrl":"https:\/\/tecnimport.com.pe\/web\/wp-content\/uploads\/2020\/03\/logo_tecnimport.png","width":367,"height":49,"caption":"Tecnimport S.A"},"image":{"@id":"https:\/\/tecnimport.com.pe\/web\/#\/schema\/logo\/image\/"}}]},"product_price_amount":"1.00","product_price_currency":"USD","og_availability":"instock","product_availability":"instock","product_retailer_item_id":"LPS01316","product_condition":"new"},"_links":{"self":[{"href":"https:\/\/tecnimport.com.pe\/web\/wp-json\/wp\/v2\/product\/6084","targetHints":{"allow":["GET"]}}],"collection":[{"href":"https:\/\/tecnimport.com.pe\/web\/wp-json\/wp\/v2\/product"}],"about":[{"href":"https:\/\/tecnimport.com.pe\/web\/wp-json\/wp\/v2\/types\/product"}],"wp:featuredmedia":[{"embeddable":true,"href":"https:\/\/tecnimport.com.pe\/web\/wp-json\/wp\/v2\/media\/6325"}],"wp:attachment":[{"href":"https:\/\/tecnimport.com.pe\/web\/wp-json\/wp\/v2\/media?parent=6084"}],"wp:term":[{"taxonomy":"product_brand","embeddable":true,"href":"https:\/\/tecnimport.com.pe\/web\/wp-json\/wp\/v2\/product_brand?post=6084"},{"taxonomy":"product_cat","embeddable":true,"href":"https:\/\/tecnimport.com.pe\/web\/wp-json\/wp\/v2\/product_cat?post=6084"},{"taxonomy":"product_tag","embeddable":true,"href":"https:\/\/tecnimport.com.pe\/web\/wp-json\/wp\/v2\/product_tag?post=6084"}],"curies":[{"name":"wp","href":"https:\/\/api.w.org\/{rel}","templated":true}]}}