{"id":6083,"date":"2024-05-27T12:01:45","date_gmt":"2024-05-27T17:01:45","guid":{"rendered":"https:\/\/tecnimport.com.pe\/web\/?post_type=product&#038;p=6083"},"modified":"2025-03-14T08:50:45","modified_gmt":"2025-03-14T13:50:45","slug":"lps-food-grade-chain-lubricant-lubricante-para-cadenas","status":"publish","type":"product","link":"https:\/\/tecnimport.com.pe\/web\/productos\/lps\/lps-food-grade-chain-lubricant-lubricante-para-cadenas\/","title":{"rendered":"LPS Food Grade Chain Lubricant"},"content":{"rendered":"<div class=\"wpb-content-wrapper\"><p>[vc_row][vc_column][vc_row_inner][vc_column_inner][vc_column_text woodmart_inline=\u00bbno\u00bb text_larger=\u00bbno\u00bb]<strong class=\"subtitulo_prod\">LUBRICANTE PARA CADENAS GRADO ALIMENTICIO<\/strong><\/p>\n<p><strong class=\"subtitulo_prod\">Presentaci\u00f3n &amp; Fichas<\/strong><\/p>\n<div class=\"table-container\">\n<table class=\"responsive-table\">\n<thead>\n<tr>\n<th style=\"text-align: center;\">N\u00ba de Parte<\/th>\n<th style=\"text-align: center;\">Capacidad<\/th>\n<th style=\"text-align: center;\">Envase<\/th>\n<th style=\"text-align: center;\"><i class=\"fas fa-download\"><\/i> TDS<\/th>\n<\/tr>\n<\/thead>\n<tbody>\n<tr>\n<td style=\"text-align: center;\">06016<\/td>\n<td style=\"text-align: center;\">12 wt oz \/ 340 g \/ 430 mL<\/td>\n<td style=\"text-align: center;\">Aerosol<\/td>\n<td style=\"text-align: center;\"><a href=\"https:\/\/tecnimport.com.pe\/web\/wp-content\/uploads\/2024\/09\/LPSDETEXFoodGradeChainLubricant-.pdf\" target=\"_blank\" rel=\"noopener\"><i class=\"fas fa-download\"><\/i><\/a><\/td>\n<\/tr>\n<\/tbody>\n<\/table>\n<\/div>\n<p>[\/vc_column_text][\/vc_column_inner][\/vc_row_inner][\/vc_column][\/vc_row][vc_row][vc_column width=\u00bb1\/3&#8243;][vc_column_text woodmart_inline=\u00bbno\u00bb text_larger=\u00bbno\u00bb]<strong class=\"subtitulo_prod\">Otras Caracter\u00edsticas<\/strong><\/p>\n<ul>\n<li>Lubricante NSF H1 se puede utilizar en cualquier lugar dentro de una instalaci\u00f3n donde pueda ocurrir contacto incidental con alimentos.<\/li>\n<li>La pel\u00edcula oleosa lubrica profundamente las cadenas, los bujes y los pasadores para extender la vida \u00fatil de la cadena, minimizando el costoso tiempo de inactividad.<\/li>\n<li>La f\u00f3rmula resistente al agua no se desprende y permanece en las superficies de la cadena.<\/li>\n<li>La acci\u00f3n espumante aumenta el tiempo de contacto para una mejor penetraci\u00f3n de los componentes internos de la cadena.<\/li>\n<li>Proporciona hasta 4 meses de protecci\u00f3n contra la corrosi\u00f3n en interiores.<\/li>\n<li>Embalaje detectable por rayos X y metal<\/li>\n<li style=\"color: #862633;\"><a href=\"https:\/\/tecnimport.com.pe\/web\/wp-content\/uploads\/2024\/08\/LPS_DETEX_TECNIMPORT_GRADO_ALIMENTICIO_CATALOGO.pdf\" target=\"_blank\" rel=\"noopener\">Sistema patentado \u00aeLPS \u00aeDETEX.<\/a><\/li>\n<\/ul>\n<p>[\/vc_column_text][\/vc_column][vc_column width=\u00bb1\/3&#8243;][vc_column_text woodmart_inline=\u00bbno\u00bb text_larger=\u00bbno\u00bb]<strong class=\"subtitulo_prod\">Aplicaciones<\/strong><\/p>\n<ul>\n<li>Cadenas<\/li>\n<li>Canales<\/li>\n<li>Transportadores<\/li>\n<li>Equipos de llenado<\/li>\n<li>Estantes para alimentos<\/li>\n<li>Carritos de servicio de alimentos<\/li>\n<li>Engranajes<\/li>\n<li>Transmisiones abiertas<\/li>\n<\/ul>\n<p>[\/vc_column_text][\/vc_column][vc_column width=\u00bb1\/3&#8243;][vc_column_text woodmart_inline=\u00bbno\u00bb text_larger=\u00bbno\u00bb]<strong class=\"subtitulo_prod\">Aplicaci\u00f3n<\/strong>[\/vc_column_text][vc_single_image image=\u00bb6324&#8243; img_size=\u00bblarge\u00bb add_caption=\u00bbyes\u00bb alignment=\u00bbcenter\u00bb parallax_scroll=\u00bbno\u00bb woodmart_inline=\u00bbno\u00bb][\/vc_column][\/vc_row][vc_row][vc_column width=\u00bb1\/3&#8243;][vc_column_text woodmart_inline=\u00bbno\u00bb text_larger=\u00bbno\u00bb]<strong class=\"subtitulo_prod\">Certificaciones &amp; Especificaciones<\/strong><\/p>\n<ul>\n<li style=\"color: #862633;\"><a href=\"https:\/\/info.nsf.org\/usda\/letters\/132899.pdf\" target=\"_blank\" rel=\"noopener\">Certificado NSF: H1 &#8211; Registro # 132899<br \/>\n<\/a><\/li>\n<li>FDA Regulation 21 C.F.R. 178.3570 for incidental food contact<\/li>\n<li style=\"color: #862633;\"><a href=\"https:\/\/www.itwprobrands.com\/files\/product_specifications\/ITW_Pro_Brands_Allergen_Disclosure_Form.pdf\" target=\"_blank\" rel=\"noopener\">Allergen Disclosure Form<br \/>\n<\/a><\/li>\n<li style=\"color: #862633;\"><a href=\"https:\/\/www.itwprobrands.com\/files\/product_specifications\/Halal-Product-Certificate___HP-_5543-_CH.pdf\" target=\"_blank\" rel=\"noopener\">Halal Product Certified #HP-5543-CH<br \/>\n<\/a><\/li>\n<li style=\"color: #862633;\"><a href=\"https:\/\/www.itwprobrands.com\/files\/product_specifications\/DETEX_Kosher_Certificate.pdf\" target=\"_blank\" rel=\"noopener\">Kosher Certified<br \/>\n<\/a><\/li>\n<\/ul>\n<p>[\/vc_column_text][\/vc_column][vc_column width=\u00bb1\/3&#8243;][vc_column_text woodmart_inline=\u00bbno\u00bb text_larger=\u00bbno\u00bb]<strong class=\"subtitulo_prod\">Marca &amp; Fabricante<\/strong><\/p>\n<table class=\"table\">\n<tbody>\n<tr>\n<td>Marca<\/td>\n<td><strong><a href=\"https:\/\/tecnimport.com.pe\/web\/lps-probrands-itw-peru\/\" target=\"_blank\" rel=\"noopener\">LPS<\/a><\/strong><\/td>\n<\/tr>\n<tr>\n<td>Fabricante<\/td>\n<td><strong><a href=\"https:\/\/www.itwprobrands.com\/product\/food-grade-chain-lubricant\" target=\"_blank\" rel=\"noopener\">ITW PROBRANDS<\/a><\/strong><\/td>\n<\/tr>\n<\/tbody>\n<\/table>\n<p>[\/vc_column_text][\/vc_column][vc_column width=\u00bb1\/3&#8243;][\/vc_column][\/vc_row][vc_row][\/vc_row][vc_column][vc_column_text woodmart_inline=\u00bbno\u00bb text_larger=\u00bbno\u00bb]<strong class=\"subtitulo_prod\">Propiedades<\/strong><\/p>\n<table class=\"table\">\n<tbody>\n<tr>\n<td>Aspecto \/ Estado f\u00edsico<\/td>\n<td>L\u00edquido espeso<\/td>\n<\/tr>\n<tr>\n<td>Olor<\/td>\n<td>Aerosol: suave, hidrocarburo<\/td>\n<\/tr>\n<tr>\n<td>Punto de fusi\u00f3n \/ punto de congelaci\u00f3n<\/td>\n<td>No establecido<\/td>\n<\/tr>\n<tr>\n<td>Punto de ebullici\u00f3n \/ rango<\/td>\n<td>Aerosol: 345,2 \u00b0F (174 \u00b0C); a granel: 500 \u00b0F (&gt;260 \u00b0C)<\/td>\n<\/tr>\n<tr>\n<td>Coeficiente de partici\u00f3n<\/td>\n<td>Aerosol: no establecido, a granel: &gt;1<\/td>\n<\/tr>\n<tr>\n<td>Porcentaje de vol\u00e1tiles<\/td>\n<td>Aerosol: 15-20 %, a granel: 0 %<\/td>\n<\/tr>\n<tr>\n<td>Inflamabilidad<\/td>\n<td>Aerosol: gas inflamable. A granel: N\/D<\/td>\n<\/tr>\n<tr>\n<td>Propelente<\/td>\n<td>Aerosol: propano, a granel: N\/D<\/td>\n<\/tr>\n<tr>\n<td>Color<\/td>\n<td>Transparente, incoloro<\/td>\n<\/tr>\n<tr>\n<td>Punto de inflamaci\u00f3n<\/td>\n<td>Aerosol: l\u00edquido dispensado a -20 \u00b0F (-29 \u00b0C); a granel: &gt;405 \u00b0F (207 \u00b0C)<\/td>\n<\/tr>\n<tr>\n<td>Densidad<\/td>\n<td>No disponible.<\/td>\n<\/tr>\n<tr>\n<td>Tasa de evaporaci\u00f3n<\/td>\n<td>Aerosol: ~8,1, A granel: &lt; 1<\/td>\n<\/tr>\n<tr>\n<td>Presi\u00f3n de vapor<\/td>\n<td>2782 mm Hg a 20 \u00b0C<\/td>\n<\/tr>\n<tr>\n<td>Densidad de vapor<\/td>\n<td>~3<\/td>\n<\/tr>\n<tr>\n<td>Temperatura de autoignici\u00f3n<\/td>\n<td>&gt;509 \u00b0F (&gt;265 \u00b0C)<\/td>\n<\/tr>\n<tr>\n<td>Viscosidad<\/td>\n<td>164 cP a 25 \u00b0C<\/td>\n<\/tr>\n<tr>\n<td>Calor de combusti\u00f3n<\/td>\n<td>&gt; 30 kJ\/g<\/td>\n<\/tr>\n<tr>\n<td>Gravedad espec\u00edfica<\/td>\n<td>0,85 &#8211; 0,87 a 20 \u00b0C<\/td>\n<\/tr>\n<\/tbody>\n<\/table>\n<p>[\/vc_column_text][\/vc_column]<\/p>\n<\/div>","protected":false},"excerpt":{"rendered":"<h2 class=\"h2_subtitulo\"><i>LUBRICANTE PARA CADENAS GRADO ALIMENTICIO<\/i><\/h2>\n<p>LPS FOOD GRADE CHAIN LUBRICANT es un LUBRICANTE PARA CADENAS grado alimenticio LPS\u00ae DETEX\u00ae.<br \/>\nEst\u00e1 dise\u00f1ado espec\u00edficamente para la lubricaci\u00f3n eficaz de cadenas y transportadores que funcionan en entornos de procesamiento de alimentos.<br \/>\nAprobado por NSF H1, se puede utilizar en cualquier lugar dentro de una instalaci\u00f3n de procesamiento de alimentos donde pueda ocurrir contacto incidental con alimentos.<br \/>\nLa acci\u00f3n espumante del lubricante para cadenas de grado alimenticio penetra profundamente en las cadenas, bujes y pasadores para extender la vida \u00fatil de la cadena.<br \/>\nLa f\u00f3rmula de pel\u00edcula h\u00fameda resiste el desprendimiento y el lavado con agua, permaneciendo en las superficies previstas, lo que reduce el desperdicio de producto y la limpieza sucia.<\/p>\n","protected":false},"featured_media":6322,"template":"","meta":[],"product_brand":[],"product_cat":[205,210],"product_tag":[1301,1293,682],"class_list":{"0":"post-6083","1":"product","2":"type-product","3":"status-publish","4":"has-post-thumbnail","6":"product_cat-lps","7":"product_cat-lubricantes-grado-alimenticio-h1","8":"product_tag-cables-cadenas","9":"product_tag-grado-alimenticio","10":"product_tag-lubricante","12":"first","13":"instock","14":"shipping-taxable","15":"purchasable","16":"product-type-simple"},"yoast_head":"<!-- This site is optimized with the Yoast SEO plugin v26.9 - https:\/\/yoast.com\/product\/yoast-seo-wordpress\/ -->\n<title>LPS Food Grade Chain Lubricant - TECNIMPORT S.A.<\/title>\n<meta name=\"description\" content=\"LPS FOOD GRADE CHAIN LUBRICANT es un LUBRICANTE PARA CADENAS GRADO ALIMENTICIO, dise\u00f1ado para la lubricaci\u00f3n de cadenas y transportadores.\" \/>\n<meta name=\"robots\" content=\"index, follow, max-snippet:-1, max-image-preview:large, max-video-preview:-1\" \/>\n<link rel=\"canonical\" href=\"https:\/\/tecnimport.com.pe\/web\/productos\/lps\/lps-food-grade-chain-lubricant-lubricante-para-cadenas\/\" \/>\n<meta property=\"og:locale\" content=\"es_ES\" \/>\n<meta property=\"og:type\" content=\"article\" \/>\n<meta property=\"og:title\" content=\"LPS Food Grade Chain Lubricant - TECNIMPORT S.A.\" \/>\n<meta property=\"og:description\" content=\"LPS FOOD GRADE CHAIN LUBRICANT es un LUBRICANTE PARA CADENAS GRADO ALIMENTICIO, dise\u00f1ado para la lubricaci\u00f3n de cadenas y transportadores.\" \/>\n<meta property=\"og:url\" content=\"https:\/\/tecnimport.com.pe\/web\/productos\/lps\/lps-food-grade-chain-lubricant-lubricante-para-cadenas\/\" \/>\n<meta property=\"og:site_name\" content=\"TECNIMPORT S.A.\" \/>\n<meta property=\"article:modified_time\" content=\"2025-03-14T13:50:45+00:00\" \/>\n<meta property=\"og:image\" content=\"https:\/\/tecnimport.com.pe\/web\/wp-content\/uploads\/2024\/05\/LPS-FOOD-GRADE-CHAIN-LUBRICANTE-LUBRICANTE-PARA-CADENAS-GRADO-ALIMENTICIO-TECNIMPORT.gif\" \/>\n\t<meta property=\"og:image:width\" content=\"1000\" \/>\n\t<meta property=\"og:image:height\" content=\"1000\" \/>\n\t<meta property=\"og:image:type\" content=\"image\/gif\" \/>\n<meta name=\"twitter:card\" content=\"summary_large_image\" \/>\n<meta name=\"twitter:label1\" content=\"Precio\" \/>\n\t<meta name=\"twitter:data1\" content=\"&#036;1.00\" \/>\n\t<meta name=\"twitter:label2\" content=\"Disponibilidad\" \/>\n\t<meta name=\"twitter:data2\" content=\"Disponible\" \/>\n<script type=\"application\/ld+json\" class=\"yoast-schema-graph\">{\"@context\":\"https:\/\/schema.org\",\"@graph\":[{\"@type\":\"WebPage\",\"@id\":\"https:\/\/tecnimport.com.pe\/web\/productos\/lps\/lps-food-grade-chain-lubricant-lubricante-para-cadenas\/\",\"url\":\"https:\/\/tecnimport.com.pe\/web\/productos\/lps\/lps-food-grade-chain-lubricant-lubricante-para-cadenas\/\",\"name\":\"LPS Food Grade Chain Lubricant - TECNIMPORT S.A.\",\"isPartOf\":{\"@id\":\"https:\/\/tecnimport.com.pe\/web\/#website\"},\"primaryImageOfPage\":{\"@id\":\"https:\/\/tecnimport.com.pe\/web\/productos\/lps\/lps-food-grade-chain-lubricant-lubricante-para-cadenas\/#primaryimage\"},\"image\":{\"@id\":\"https:\/\/tecnimport.com.pe\/web\/productos\/lps\/lps-food-grade-chain-lubricant-lubricante-para-cadenas\/#primaryimage\"},\"thumbnailUrl\":\"https:\/\/tecnimport.com.pe\/web\/wp-content\/uploads\/2024\/05\/LPS-FOOD-GRADE-CHAIN-LUBRICANTE-LUBRICANTE-PARA-CADENAS-GRADO-ALIMENTICIO-TECNIMPORT.gif\",\"datePublished\":\"2024-05-27T17:01:45+00:00\",\"dateModified\":\"2025-03-14T13:50:45+00:00\",\"description\":\"LPS FOOD GRADE CHAIN LUBRICANT es un LUBRICANTE PARA CADENAS GRADO ALIMENTICIO, dise\u00f1ado para la lubricaci\u00f3n de cadenas y transportadores.\",\"breadcrumb\":{\"@id\":\"https:\/\/tecnimport.com.pe\/web\/productos\/lps\/lps-food-grade-chain-lubricant-lubricante-para-cadenas\/#breadcrumb\"},\"inLanguage\":\"es\",\"potentialAction\":[{\"@type\":\"ReadAction\",\"target\":[\"https:\/\/tecnimport.com.pe\/web\/productos\/lps\/lps-food-grade-chain-lubricant-lubricante-para-cadenas\/\"]}]},{\"@type\":\"ImageObject\",\"inLanguage\":\"es\",\"@id\":\"https:\/\/tecnimport.com.pe\/web\/productos\/lps\/lps-food-grade-chain-lubricant-lubricante-para-cadenas\/#primaryimage\",\"url\":\"https:\/\/tecnimport.com.pe\/web\/wp-content\/uploads\/2024\/05\/LPS-FOOD-GRADE-CHAIN-LUBRICANTE-LUBRICANTE-PARA-CADENAS-GRADO-ALIMENTICIO-TECNIMPORT.gif\",\"contentUrl\":\"https:\/\/tecnimport.com.pe\/web\/wp-content\/uploads\/2024\/05\/LPS-FOOD-GRADE-CHAIN-LUBRICANTE-LUBRICANTE-PARA-CADENAS-GRADO-ALIMENTICIO-TECNIMPORT.gif\",\"width\":1000,\"height\":1000,\"caption\":\"LPS FOOD GRADE CHAIN LUBRICANTE LUBRICANTE PARA CADENAS GRADO ALIMENTICIO\"},{\"@type\":\"BreadcrumbList\",\"@id\":\"https:\/\/tecnimport.com.pe\/web\/productos\/lps\/lps-food-grade-chain-lubricant-lubricante-para-cadenas\/#breadcrumb\",\"itemListElement\":[{\"@type\":\"ListItem\",\"position\":1,\"name\":\"Portada\",\"item\":\"https:\/\/tecnimport.com.pe\/web\/\"},{\"@type\":\"ListItem\",\"position\":2,\"name\":\"Productos\",\"item\":\"https:\/\/tecnimport.com.pe\/web\/productos-navigation\/\"},{\"@type\":\"ListItem\",\"position\":3,\"name\":\"LPS Food Grade Chain Lubricant\"}]},{\"@type\":\"WebSite\",\"@id\":\"https:\/\/tecnimport.com.pe\/web\/#website\",\"url\":\"https:\/\/tecnimport.com.pe\/web\/\",\"name\":\"TECNIMPORT S.A.\",\"description\":\"Representante de Devcon, LPS, Rocol y Procyon en el Per\u00fa\",\"publisher\":{\"@id\":\"https:\/\/tecnimport.com.pe\/web\/#organization\"},\"potentialAction\":[{\"@type\":\"SearchAction\",\"target\":{\"@type\":\"EntryPoint\",\"urlTemplate\":\"https:\/\/tecnimport.com.pe\/web\/?s={search_term_string}\"},\"query-input\":{\"@type\":\"PropertyValueSpecification\",\"valueRequired\":true,\"valueName\":\"search_term_string\"}}],\"inLanguage\":\"es\"},{\"@type\":\"Organization\",\"@id\":\"https:\/\/tecnimport.com.pe\/web\/#organization\",\"name\":\"Tecnimport S.A\",\"url\":\"https:\/\/tecnimport.com.pe\/web\/\",\"logo\":{\"@type\":\"ImageObject\",\"inLanguage\":\"es\",\"@id\":\"https:\/\/tecnimport.com.pe\/web\/#\/schema\/logo\/image\/\",\"url\":\"https:\/\/tecnimport.com.pe\/web\/wp-content\/uploads\/2020\/03\/logo_tecnimport.png\",\"contentUrl\":\"https:\/\/tecnimport.com.pe\/web\/wp-content\/uploads\/2020\/03\/logo_tecnimport.png\",\"width\":367,\"height\":49,\"caption\":\"Tecnimport S.A\"},\"image\":{\"@id\":\"https:\/\/tecnimport.com.pe\/web\/#\/schema\/logo\/image\/\"}}]}<\/script>\n<meta property=\"product:price:amount\" content=\"1.00\" \/>\n<meta property=\"product:price:currency\" content=\"USD\" \/>\n<meta property=\"og:availability\" content=\"instock\" \/>\n<meta property=\"product:availability\" content=\"instock\" \/>\n<meta property=\"product:retailer_item_id\" content=\"LPS06016\" \/>\n<meta property=\"product:condition\" content=\"new\" \/>\n<!-- \/ Yoast SEO plugin. -->","yoast_head_json":{"title":"LPS Food Grade Chain Lubricant - TECNIMPORT S.A.","description":"LPS FOOD GRADE CHAIN LUBRICANT es un LUBRICANTE PARA CADENAS GRADO ALIMENTICIO, dise\u00f1ado para la lubricaci\u00f3n de cadenas y transportadores.","robots":{"index":"index","follow":"follow","max-snippet":"max-snippet:-1","max-image-preview":"max-image-preview:large","max-video-preview":"max-video-preview:-1"},"canonical":"https:\/\/tecnimport.com.pe\/web\/productos\/lps\/lps-food-grade-chain-lubricant-lubricante-para-cadenas\/","og_locale":"es_ES","og_type":"article","og_title":"LPS Food Grade Chain Lubricant - TECNIMPORT S.A.","og_description":"LPS FOOD GRADE CHAIN LUBRICANT es un LUBRICANTE PARA CADENAS GRADO ALIMENTICIO, dise\u00f1ado para la lubricaci\u00f3n de cadenas y transportadores.","og_url":"https:\/\/tecnimport.com.pe\/web\/productos\/lps\/lps-food-grade-chain-lubricant-lubricante-para-cadenas\/","og_site_name":"TECNIMPORT S.A.","article_modified_time":"2025-03-14T13:50:45+00:00","og_image":[{"width":1000,"height":1000,"url":"https:\/\/tecnimport.com.pe\/web\/wp-content\/uploads\/2024\/05\/LPS-FOOD-GRADE-CHAIN-LUBRICANTE-LUBRICANTE-PARA-CADENAS-GRADO-ALIMENTICIO-TECNIMPORT.gif","type":"image\/gif"}],"twitter_card":"summary_large_image","twitter_misc":{"Precio":"&#36;1.00","Disponibilidad":"Disponible"},"schema":{"@context":"https:\/\/schema.org","@graph":[{"@type":"WebPage","@id":"https:\/\/tecnimport.com.pe\/web\/productos\/lps\/lps-food-grade-chain-lubricant-lubricante-para-cadenas\/","url":"https:\/\/tecnimport.com.pe\/web\/productos\/lps\/lps-food-grade-chain-lubricant-lubricante-para-cadenas\/","name":"LPS Food Grade Chain Lubricant - TECNIMPORT S.A.","isPartOf":{"@id":"https:\/\/tecnimport.com.pe\/web\/#website"},"primaryImageOfPage":{"@id":"https:\/\/tecnimport.com.pe\/web\/productos\/lps\/lps-food-grade-chain-lubricant-lubricante-para-cadenas\/#primaryimage"},"image":{"@id":"https:\/\/tecnimport.com.pe\/web\/productos\/lps\/lps-food-grade-chain-lubricant-lubricante-para-cadenas\/#primaryimage"},"thumbnailUrl":"https:\/\/tecnimport.com.pe\/web\/wp-content\/uploads\/2024\/05\/LPS-FOOD-GRADE-CHAIN-LUBRICANTE-LUBRICANTE-PARA-CADENAS-GRADO-ALIMENTICIO-TECNIMPORT.gif","datePublished":"2024-05-27T17:01:45+00:00","dateModified":"2025-03-14T13:50:45+00:00","description":"LPS FOOD GRADE CHAIN LUBRICANT es un LUBRICANTE PARA CADENAS GRADO ALIMENTICIO, dise\u00f1ado para la lubricaci\u00f3n de cadenas y transportadores.","breadcrumb":{"@id":"https:\/\/tecnimport.com.pe\/web\/productos\/lps\/lps-food-grade-chain-lubricant-lubricante-para-cadenas\/#breadcrumb"},"inLanguage":"es","potentialAction":[{"@type":"ReadAction","target":["https:\/\/tecnimport.com.pe\/web\/productos\/lps\/lps-food-grade-chain-lubricant-lubricante-para-cadenas\/"]}]},{"@type":"ImageObject","inLanguage":"es","@id":"https:\/\/tecnimport.com.pe\/web\/productos\/lps\/lps-food-grade-chain-lubricant-lubricante-para-cadenas\/#primaryimage","url":"https:\/\/tecnimport.com.pe\/web\/wp-content\/uploads\/2024\/05\/LPS-FOOD-GRADE-CHAIN-LUBRICANTE-LUBRICANTE-PARA-CADENAS-GRADO-ALIMENTICIO-TECNIMPORT.gif","contentUrl":"https:\/\/tecnimport.com.pe\/web\/wp-content\/uploads\/2024\/05\/LPS-FOOD-GRADE-CHAIN-LUBRICANTE-LUBRICANTE-PARA-CADENAS-GRADO-ALIMENTICIO-TECNIMPORT.gif","width":1000,"height":1000,"caption":"LPS FOOD GRADE CHAIN LUBRICANTE LUBRICANTE PARA CADENAS GRADO ALIMENTICIO"},{"@type":"BreadcrumbList","@id":"https:\/\/tecnimport.com.pe\/web\/productos\/lps\/lps-food-grade-chain-lubricant-lubricante-para-cadenas\/#breadcrumb","itemListElement":[{"@type":"ListItem","position":1,"name":"Portada","item":"https:\/\/tecnimport.com.pe\/web\/"},{"@type":"ListItem","position":2,"name":"Productos","item":"https:\/\/tecnimport.com.pe\/web\/productos-navigation\/"},{"@type":"ListItem","position":3,"name":"LPS Food Grade Chain Lubricant"}]},{"@type":"WebSite","@id":"https:\/\/tecnimport.com.pe\/web\/#website","url":"https:\/\/tecnimport.com.pe\/web\/","name":"TECNIMPORT S.A.","description":"Representante de Devcon, LPS, Rocol y Procyon en el Per\u00fa","publisher":{"@id":"https:\/\/tecnimport.com.pe\/web\/#organization"},"potentialAction":[{"@type":"SearchAction","target":{"@type":"EntryPoint","urlTemplate":"https:\/\/tecnimport.com.pe\/web\/?s={search_term_string}"},"query-input":{"@type":"PropertyValueSpecification","valueRequired":true,"valueName":"search_term_string"}}],"inLanguage":"es"},{"@type":"Organization","@id":"https:\/\/tecnimport.com.pe\/web\/#organization","name":"Tecnimport S.A","url":"https:\/\/tecnimport.com.pe\/web\/","logo":{"@type":"ImageObject","inLanguage":"es","@id":"https:\/\/tecnimport.com.pe\/web\/#\/schema\/logo\/image\/","url":"https:\/\/tecnimport.com.pe\/web\/wp-content\/uploads\/2020\/03\/logo_tecnimport.png","contentUrl":"https:\/\/tecnimport.com.pe\/web\/wp-content\/uploads\/2020\/03\/logo_tecnimport.png","width":367,"height":49,"caption":"Tecnimport S.A"},"image":{"@id":"https:\/\/tecnimport.com.pe\/web\/#\/schema\/logo\/image\/"}}]},"product_price_amount":"1.00","product_price_currency":"USD","og_availability":"instock","product_availability":"instock","product_retailer_item_id":"LPS06016","product_condition":"new"},"_links":{"self":[{"href":"https:\/\/tecnimport.com.pe\/web\/wp-json\/wp\/v2\/product\/6083","targetHints":{"allow":["GET"]}}],"collection":[{"href":"https:\/\/tecnimport.com.pe\/web\/wp-json\/wp\/v2\/product"}],"about":[{"href":"https:\/\/tecnimport.com.pe\/web\/wp-json\/wp\/v2\/types\/product"}],"wp:featuredmedia":[{"embeddable":true,"href":"https:\/\/tecnimport.com.pe\/web\/wp-json\/wp\/v2\/media\/6322"}],"wp:attachment":[{"href":"https:\/\/tecnimport.com.pe\/web\/wp-json\/wp\/v2\/media?parent=6083"}],"wp:term":[{"taxonomy":"product_brand","embeddable":true,"href":"https:\/\/tecnimport.com.pe\/web\/wp-json\/wp\/v2\/product_brand?post=6083"},{"taxonomy":"product_cat","embeddable":true,"href":"https:\/\/tecnimport.com.pe\/web\/wp-json\/wp\/v2\/product_cat?post=6083"},{"taxonomy":"product_tag","embeddable":true,"href":"https:\/\/tecnimport.com.pe\/web\/wp-json\/wp\/v2\/product_tag?post=6083"}],"curies":[{"name":"wp","href":"https:\/\/api.w.org\/{rel}","templated":true}]}}