{"id":6081,"date":"2024-05-27T11:56:08","date_gmt":"2024-05-27T16:56:08","guid":{"rendered":"https:\/\/tecnimport.com.pe\/web\/?post_type=product&#038;p=6081"},"modified":"2025-03-14T08:53:43","modified_gmt":"2025-03-14T13:53:43","slug":"lps-kb-88-penetrante-trabajo-duro","status":"publish","type":"product","link":"https:\/\/tecnimport.com.pe\/web\/productos\/lps\/lubricante-penetrante-aflojatodo\/lps-kb-88-penetrante-trabajo-duro\/","title":{"rendered":"LPS KB 88 Penetrant"},"content":{"rendered":"<div class=\"wpb-content-wrapper\"><p>[vc_row][vc_column][vc_row_inner][vc_column_inner][vc_column_text woodmart_inline=\u00bbno\u00bb text_larger=\u00bbno\u00bb]<strong class=\"subtitulo_prod\">LPS KB 88 PENETRANTE TRABAJO DURO<\/strong><\/p>\n<p><strong class=\"subtitulo_prod\">Presentaci\u00f3n &amp; Fichas<\/strong><\/p>\n<div class=\"table-container\">\n<table class=\"responsive-table\">\n<thead>\n<tr>\n<th style=\"text-align: center;\">N\u00ba de Parte<\/th>\n<th style=\"text-align: center;\">Capacidad<\/th>\n<th style=\"text-align: center;\">Envase<\/th>\n<th style=\"text-align: center;\"><i class=\"fas fa-download\"><\/i> TDS<\/th>\n<\/tr>\n<\/thead>\n<tbody>\n<tr>\n<td style=\"text-align: center;\">02316<\/td>\n<td style=\"text-align: center;\">13 wt oz \/ 369 g \/ 417 mL<\/td>\n<td style=\"text-align: center;\">Aerosol<\/td>\n<td style=\"text-align: center;\"><a href=\"https:\/\/tecnimport.com.pe\/web\/wp-content\/uploads\/2024\/09\/KB88-TheUltimatePenetrant.pdf\" target=\"_blank\" rel=\"noopener\"><i class=\"fas fa-download\"><\/i><\/a><\/td>\n<\/tr>\n<\/tbody>\n<\/table>\n<\/div>\n<p>[\/vc_column_text][\/vc_column_inner][\/vc_row_inner][\/vc_column][\/vc_row][vc_row][vc_column width=\u00bb1\/3&#8243;][vc_column_text woodmart_inline=\u00bbno\u00bb text_larger=\u00bbno\u00bb]<strong class=\"subtitulo_prod\">Otras Caracter\u00edsticas<\/strong><\/p>\n<ul>\n<li>Formulado para atacar y liberar r\u00e1pidamente tuercas, pernos, bisagras y otros componentes congelados oxidados y corro\u00eddos.<\/li>\n<li>Alto valor de solvencia de KB de 151 y baja tensi\u00f3n superficial.<\/li>\n<li>Penetra m\u00e1s r\u00e1pido y m\u00e1s profundamente que la mayor\u00eda de los dem\u00e1s productos similares en el mercado.<\/li>\n<li>Desplaza la humedad.<\/li>\n<li>F\u00f3rmula agresiva.<\/li>\n<li>Cumple con las normas de VOC en lo Estados Unidos.<\/li>\n<\/ul>\n<p>[\/vc_column_text][\/vc_column][vc_column width=\u00bb1\/3&#8243;][vc_column_text woodmart_inline=\u00bbno\u00bb text_larger=\u00bbno\u00bb]<strong class=\"subtitulo_prod\">Aplicaciones<\/strong><\/p>\n<ul>\n<li>Tuercas y tornillos congelados<\/li>\n<li>Cadenas<\/li>\n<li>Sujeciones corro\u00eddas<\/li>\n<li>Desmontaje de equipos<\/li>\n<li>Bisagras<\/li>\n<li>Accesorios de plomer\u00eda<\/li>\n<\/ul>\n<p>[\/vc_column_text][\/vc_column][vc_column width=\u00bb1\/3&#8243;][vc_column_text woodmart_inline=\u00bbno\u00bb text_larger=\u00bbno\u00bb]<strong class=\"subtitulo_prod\">Aplicaciones<\/strong><\/p>\n<ul>\n<li>Ejes<\/li>\n<li>Transportadores<\/li>\n<li>Engranajes y ruedas dentadas congeladas<\/li>\n<li>Cojinetes<\/li>\n<li>Tornillos<\/li>\n<li>Poleas<\/li>\n<\/ul>\n<p>[\/vc_column_text][\/vc_column][\/vc_row][vc_row][vc_column width=\u00bb1\/3&#8243;][vc_column_text woodmart_inline=\u00bbno\u00bb text_larger=\u00bbno\u00bb]<strong class=\"subtitulo_prod\">Certificaciones &amp; Especificaciones<\/strong><\/p>\n<ul>\n<li style=\"color: #862633;\"><a href=\"https:\/\/info.nsf.org\/usda\/letters\/138554.pdf\" target=\"_blank\" rel=\"noopener\">Certificado NSF: H2 &#8211; Registro # 138554(Aerosol)<br \/>\n<\/a><\/li>\n<\/ul>\n<p>[\/vc_column_text][\/vc_column][vc_column width=\u00bb1\/3&#8243;][vc_column_text woodmart_inline=\u00bbno\u00bb text_larger=\u00bbno\u00bb]<strong class=\"subtitulo_prod\">Marca &amp; Fabricante<\/strong><\/p>\n<table class=\"table\">\n<tbody>\n<tr>\n<td>Marca<\/td>\n<td><strong><a href=\"https:\/\/tecnimport.com.pe\/web\/lps-probrands-itw-peru\/\" target=\"_blank\" rel=\"noopener\">LPS<\/a><\/strong><\/td>\n<\/tr>\n<tr>\n<td>Fabricante<\/td>\n<td><strong><a href=\"https:\/\/www.itwprobrands.com\/product\/kb88\" target=\"_blank\" rel=\"noopener\">ITW PROBRANDS<\/a><\/strong><\/td>\n<\/tr>\n<\/tbody>\n<\/table>\n<p>[\/vc_column_text][\/vc_column][vc_column width=\u00bb1\/3&#8243;][vc_column_text woodmart_inline=\u00bbno\u00bb text_larger=\u00bbno\u00bb]<strong class=\"subtitulo_prod\">Aplicaci\u00f3n<\/strong>[\/vc_column_text][vc_single_image image=\u00bb6255&#8243; img_size=\u00bblarge\u00bb add_caption=\u00bbyes\u00bb alignment=\u00bbcenter\u00bb parallax_scroll=\u00bbno\u00bb woodmart_inline=\u00bbno\u00bb][\/vc_column][\/vc_row][vc_row][vc_column][vc_column_text woodmart_inline=\u00bbno\u00bb text_larger=\u00bbno\u00bb]<strong class=\"subtitulo_prod\">Propiedades<\/strong><\/p>\n<table class=\"table\">\n<tbody>\n<tr>\n<td>Aspecto \/ Estado f\u00edsico<\/td>\n<td>L\u00edquido (dispensado) \/ gas<\/td>\n<\/tr>\n<tr>\n<td>Olor<\/td>\n<td>similar a un hidrocarburo<\/td>\n<\/tr>\n<tr>\n<td>Punto de fusi\u00f3n \/ punto de congelaci\u00f3n<\/td>\n<td>N\/A<\/td>\n<\/tr>\n<tr>\n<td>Punto de ebullici\u00f3n \/ rango<\/td>\n<td>N\/A<\/td>\n<\/tr>\n<tr>\n<td>Presi\u00f3n de vapor<\/td>\n<td>&gt;1<\/td>\n<\/tr>\n<tr>\n<td>Coeficiente de partici\u00f3n<\/td>\n<td>N\/A<\/td>\n<\/tr>\n<tr>\n<td>Porcentaje de vol\u00e1tiles<\/td>\n<td>0.92<\/td>\n<\/tr>\n<tr>\n<td>Inflamabilidad<\/td>\n<td>0,6 % &#8211; 11,7 %<\/td>\n<\/tr>\n<tr>\n<td>Propelente<\/td>\n<td>CO2<\/td>\n<\/tr>\n<tr>\n<td>Color<\/td>\n<td>Rojo transparente<\/td>\n<\/tr>\n<tr>\n<td>Contenido de COV<\/td>\n<td>Aerosol: 24 % (209 g\/L) seg\u00fan las Regulaciones de productos de consumo estatales y federales de EE. UU., 783 g\/L seg\u00fan la Regla 102 de SCAQMD A granel: 25 % (219 g\/L) seg\u00fan las Regulaciones de productos de consumo estatales y federales de EE. UU., 805 g\/L seg\u00fan la Regla 102 de SCAQMD<\/td>\n<\/tr>\n<tr>\n<td>Punto de inflamaci\u00f3n<\/td>\n<td>159,8 \u00b0F (71,0 \u00b0C) Vaso cerrado con etiqueta<\/td>\n<\/tr>\n<tr>\n<td>Densidad<\/td>\n<td>N\/A<\/td>\n<\/tr>\n<tr>\n<td>Tasa de evaporaci\u00f3n<\/td>\n<td>&lt; 0,1 BuAc<\/td>\n<\/tr>\n<tr>\n<td>Densidad de vapor<\/td>\n<td>&gt;1<\/td>\n<\/tr>\n<tr>\n<td>Temperatura de autoignici\u00f3n<\/td>\n<td>&gt; 420 \u00b0F (&gt; 215,56 \u00b0C)<\/td>\n<\/tr>\n<tr>\n<td>Viscosidad<\/td>\n<td>Viscosidad baja comparable al agua (agua = 1 cST a 20 \u00baC)<\/td>\n<\/tr>\n<tr>\n<td>Gravedad espec\u00edfica<\/td>\n<td>0,88 a 23 \u00baC<\/td>\n<\/tr>\n<tr>\n<td>Tensi\u00f3n superficial<\/td>\n<td>25,5 dinas\/cm<\/td>\n<\/tr>\n<\/tbody>\n<\/table>\n<p>[\/vc_column_text][\/vc_column][\/vc_row]<\/p>\n<\/div>","protected":false},"excerpt":{"rendered":"<h2 class=\"h2_subtitulo\"><i>PENETRANTE TRABAJO DURO<\/i><\/h2>\n<p>LPS KB 88 PENETRANTE TRABAJO DURO tiene una solvencia extremadamente alta y aditivos especiales para mejorar la penetraci\u00f3n y atacar la corrosi\u00f3n.<\/p>\n","protected":false},"featured_media":6253,"template":"","meta":[],"product_brand":[],"product_cat":[205,636],"product_tag":[1296,682,1312,1311],"class_list":{"0":"post-6081","1":"product","2":"type-product","3":"status-publish","4":"has-post-thumbnail","6":"product_cat-lps","7":"product_cat-lubricante-penetrante-aflojatodo","8":"product_tag-afloja-todo","9":"product_tag-lubricante","10":"product_tag-penetrante","11":"product_tag-trabajo-duro","13":"first","14":"instock","15":"shipping-taxable","16":"purchasable","17":"product-type-simple"},"yoast_head":"<!-- This site is optimized with the Yoast SEO plugin v26.9 - https:\/\/yoast.com\/product\/yoast-seo-wordpress\/ -->\n<title>LPS KB 88 Penetrant - TECNIMPORT S.A.<\/title>\n<meta name=\"description\" content=\"LPS KB 88 PENETRANTE TRABAJO DURO tiene una solvencia extremadamente alta y aditivos especiales para mejorar la penetraci\u00f3n y atacar la corrosi\u00f3n.\" \/>\n<meta name=\"robots\" content=\"index, follow, max-snippet:-1, max-image-preview:large, max-video-preview:-1\" \/>\n<link rel=\"canonical\" href=\"https:\/\/tecnimport.com.pe\/web\/productos\/lps\/lubricante-penetrante-aflojatodo\/lps-kb-88-penetrante-trabajo-duro\/\" \/>\n<meta property=\"og:locale\" content=\"es_ES\" \/>\n<meta property=\"og:type\" content=\"article\" \/>\n<meta property=\"og:title\" content=\"LPS KB 88 Penetrant - TECNIMPORT S.A.\" \/>\n<meta property=\"og:description\" content=\"LPS KB 88 PENETRANTE TRABAJO DURO tiene una solvencia extremadamente alta y aditivos especiales para mejorar la penetraci\u00f3n y atacar la corrosi\u00f3n.\" \/>\n<meta property=\"og:url\" content=\"https:\/\/tecnimport.com.pe\/web\/productos\/lps\/lubricante-penetrante-aflojatodo\/lps-kb-88-penetrante-trabajo-duro\/\" \/>\n<meta property=\"og:site_name\" content=\"TECNIMPORT S.A.\" \/>\n<meta property=\"article:modified_time\" content=\"2025-03-14T13:53:43+00:00\" \/>\n<meta property=\"og:image\" content=\"https:\/\/tecnimport.com.pe\/web\/wp-content\/uploads\/2024\/08\/LPS-KB-88-PENETRANTE-TRABAJO-DURO.gif\" \/>\n\t<meta property=\"og:image:width\" content=\"1000\" \/>\n\t<meta property=\"og:image:height\" content=\"1000\" \/>\n\t<meta property=\"og:image:type\" content=\"image\/gif\" \/>\n<meta name=\"twitter:card\" content=\"summary_large_image\" \/>\n<meta name=\"twitter:label1\" content=\"Precio\" \/>\n\t<meta name=\"twitter:data1\" content=\"&#036;1.00\" \/>\n\t<meta name=\"twitter:label2\" content=\"Disponibilidad\" \/>\n\t<meta name=\"twitter:data2\" content=\"Disponible\" \/>\n<script type=\"application\/ld+json\" class=\"yoast-schema-graph\">{\"@context\":\"https:\/\/schema.org\",\"@graph\":[{\"@type\":\"WebPage\",\"@id\":\"https:\/\/tecnimport.com.pe\/web\/productos\/lps\/lubricante-penetrante-aflojatodo\/lps-kb-88-penetrante-trabajo-duro\/\",\"url\":\"https:\/\/tecnimport.com.pe\/web\/productos\/lps\/lubricante-penetrante-aflojatodo\/lps-kb-88-penetrante-trabajo-duro\/\",\"name\":\"LPS KB 88 Penetrant - TECNIMPORT S.A.\",\"isPartOf\":{\"@id\":\"https:\/\/tecnimport.com.pe\/web\/#website\"},\"primaryImageOfPage\":{\"@id\":\"https:\/\/tecnimport.com.pe\/web\/productos\/lps\/lubricante-penetrante-aflojatodo\/lps-kb-88-penetrante-trabajo-duro\/#primaryimage\"},\"image\":{\"@id\":\"https:\/\/tecnimport.com.pe\/web\/productos\/lps\/lubricante-penetrante-aflojatodo\/lps-kb-88-penetrante-trabajo-duro\/#primaryimage\"},\"thumbnailUrl\":\"https:\/\/tecnimport.com.pe\/web\/wp-content\/uploads\/2024\/08\/LPS-KB-88-PENETRANTE-TRABAJO-DURO.gif\",\"datePublished\":\"2024-05-27T16:56:08+00:00\",\"dateModified\":\"2025-03-14T13:53:43+00:00\",\"description\":\"LPS KB 88 PENETRANTE TRABAJO DURO tiene una solvencia extremadamente alta y aditivos especiales para mejorar la penetraci\u00f3n y atacar la corrosi\u00f3n.\",\"breadcrumb\":{\"@id\":\"https:\/\/tecnimport.com.pe\/web\/productos\/lps\/lubricante-penetrante-aflojatodo\/lps-kb-88-penetrante-trabajo-duro\/#breadcrumb\"},\"inLanguage\":\"es\",\"potentialAction\":[{\"@type\":\"ReadAction\",\"target\":[\"https:\/\/tecnimport.com.pe\/web\/productos\/lps\/lubricante-penetrante-aflojatodo\/lps-kb-88-penetrante-trabajo-duro\/\"]}]},{\"@type\":\"ImageObject\",\"inLanguage\":\"es\",\"@id\":\"https:\/\/tecnimport.com.pe\/web\/productos\/lps\/lubricante-penetrante-aflojatodo\/lps-kb-88-penetrante-trabajo-duro\/#primaryimage\",\"url\":\"https:\/\/tecnimport.com.pe\/web\/wp-content\/uploads\/2024\/08\/LPS-KB-88-PENETRANTE-TRABAJO-DURO.gif\",\"contentUrl\":\"https:\/\/tecnimport.com.pe\/web\/wp-content\/uploads\/2024\/08\/LPS-KB-88-PENETRANTE-TRABAJO-DURO.gif\",\"width\":1000,\"height\":1000,\"caption\":\"LPS KB 88 PENETRANTE TRABAJO DURO\"},{\"@type\":\"BreadcrumbList\",\"@id\":\"https:\/\/tecnimport.com.pe\/web\/productos\/lps\/lubricante-penetrante-aflojatodo\/lps-kb-88-penetrante-trabajo-duro\/#breadcrumb\",\"itemListElement\":[{\"@type\":\"ListItem\",\"position\":1,\"name\":\"Portada\",\"item\":\"https:\/\/tecnimport.com.pe\/web\/\"},{\"@type\":\"ListItem\",\"position\":2,\"name\":\"Productos\",\"item\":\"https:\/\/tecnimport.com.pe\/web\/productos-navigation\/\"},{\"@type\":\"ListItem\",\"position\":3,\"name\":\"LPS KB 88 Penetrant\"}]},{\"@type\":\"WebSite\",\"@id\":\"https:\/\/tecnimport.com.pe\/web\/#website\",\"url\":\"https:\/\/tecnimport.com.pe\/web\/\",\"name\":\"TECNIMPORT S.A.\",\"description\":\"Representante de Devcon, LPS, Rocol y Procyon en el Per\u00fa\",\"publisher\":{\"@id\":\"https:\/\/tecnimport.com.pe\/web\/#organization\"},\"potentialAction\":[{\"@type\":\"SearchAction\",\"target\":{\"@type\":\"EntryPoint\",\"urlTemplate\":\"https:\/\/tecnimport.com.pe\/web\/?s={search_term_string}\"},\"query-input\":{\"@type\":\"PropertyValueSpecification\",\"valueRequired\":true,\"valueName\":\"search_term_string\"}}],\"inLanguage\":\"es\"},{\"@type\":\"Organization\",\"@id\":\"https:\/\/tecnimport.com.pe\/web\/#organization\",\"name\":\"Tecnimport S.A\",\"url\":\"https:\/\/tecnimport.com.pe\/web\/\",\"logo\":{\"@type\":\"ImageObject\",\"inLanguage\":\"es\",\"@id\":\"https:\/\/tecnimport.com.pe\/web\/#\/schema\/logo\/image\/\",\"url\":\"https:\/\/tecnimport.com.pe\/web\/wp-content\/uploads\/2020\/03\/logo_tecnimport.png\",\"contentUrl\":\"https:\/\/tecnimport.com.pe\/web\/wp-content\/uploads\/2020\/03\/logo_tecnimport.png\",\"width\":367,\"height\":49,\"caption\":\"Tecnimport S.A\"},\"image\":{\"@id\":\"https:\/\/tecnimport.com.pe\/web\/#\/schema\/logo\/image\/\"}}]}<\/script>\n<meta property=\"product:price:amount\" content=\"1.00\" \/>\n<meta property=\"product:price:currency\" content=\"USD\" \/>\n<meta property=\"og:availability\" content=\"instock\" \/>\n<meta property=\"product:availability\" content=\"instock\" \/>\n<meta property=\"product:retailer_item_id\" content=\"LPS02316\" \/>\n<meta property=\"product:condition\" content=\"new\" \/>\n<!-- \/ Yoast SEO plugin. -->","yoast_head_json":{"title":"LPS KB 88 Penetrant - TECNIMPORT S.A.","description":"LPS KB 88 PENETRANTE TRABAJO DURO tiene una solvencia extremadamente alta y aditivos especiales para mejorar la penetraci\u00f3n y atacar la corrosi\u00f3n.","robots":{"index":"index","follow":"follow","max-snippet":"max-snippet:-1","max-image-preview":"max-image-preview:large","max-video-preview":"max-video-preview:-1"},"canonical":"https:\/\/tecnimport.com.pe\/web\/productos\/lps\/lubricante-penetrante-aflojatodo\/lps-kb-88-penetrante-trabajo-duro\/","og_locale":"es_ES","og_type":"article","og_title":"LPS KB 88 Penetrant - TECNIMPORT S.A.","og_description":"LPS KB 88 PENETRANTE TRABAJO DURO tiene una solvencia extremadamente alta y aditivos especiales para mejorar la penetraci\u00f3n y atacar la corrosi\u00f3n.","og_url":"https:\/\/tecnimport.com.pe\/web\/productos\/lps\/lubricante-penetrante-aflojatodo\/lps-kb-88-penetrante-trabajo-duro\/","og_site_name":"TECNIMPORT S.A.","article_modified_time":"2025-03-14T13:53:43+00:00","og_image":[{"width":1000,"height":1000,"url":"https:\/\/tecnimport.com.pe\/web\/wp-content\/uploads\/2024\/08\/LPS-KB-88-PENETRANTE-TRABAJO-DURO.gif","type":"image\/gif"}],"twitter_card":"summary_large_image","twitter_misc":{"Precio":"&#36;1.00","Disponibilidad":"Disponible"},"schema":{"@context":"https:\/\/schema.org","@graph":[{"@type":"WebPage","@id":"https:\/\/tecnimport.com.pe\/web\/productos\/lps\/lubricante-penetrante-aflojatodo\/lps-kb-88-penetrante-trabajo-duro\/","url":"https:\/\/tecnimport.com.pe\/web\/productos\/lps\/lubricante-penetrante-aflojatodo\/lps-kb-88-penetrante-trabajo-duro\/","name":"LPS KB 88 Penetrant - TECNIMPORT S.A.","isPartOf":{"@id":"https:\/\/tecnimport.com.pe\/web\/#website"},"primaryImageOfPage":{"@id":"https:\/\/tecnimport.com.pe\/web\/productos\/lps\/lubricante-penetrante-aflojatodo\/lps-kb-88-penetrante-trabajo-duro\/#primaryimage"},"image":{"@id":"https:\/\/tecnimport.com.pe\/web\/productos\/lps\/lubricante-penetrante-aflojatodo\/lps-kb-88-penetrante-trabajo-duro\/#primaryimage"},"thumbnailUrl":"https:\/\/tecnimport.com.pe\/web\/wp-content\/uploads\/2024\/08\/LPS-KB-88-PENETRANTE-TRABAJO-DURO.gif","datePublished":"2024-05-27T16:56:08+00:00","dateModified":"2025-03-14T13:53:43+00:00","description":"LPS KB 88 PENETRANTE TRABAJO DURO tiene una solvencia extremadamente alta y aditivos especiales para mejorar la penetraci\u00f3n y atacar la corrosi\u00f3n.","breadcrumb":{"@id":"https:\/\/tecnimport.com.pe\/web\/productos\/lps\/lubricante-penetrante-aflojatodo\/lps-kb-88-penetrante-trabajo-duro\/#breadcrumb"},"inLanguage":"es","potentialAction":[{"@type":"ReadAction","target":["https:\/\/tecnimport.com.pe\/web\/productos\/lps\/lubricante-penetrante-aflojatodo\/lps-kb-88-penetrante-trabajo-duro\/"]}]},{"@type":"ImageObject","inLanguage":"es","@id":"https:\/\/tecnimport.com.pe\/web\/productos\/lps\/lubricante-penetrante-aflojatodo\/lps-kb-88-penetrante-trabajo-duro\/#primaryimage","url":"https:\/\/tecnimport.com.pe\/web\/wp-content\/uploads\/2024\/08\/LPS-KB-88-PENETRANTE-TRABAJO-DURO.gif","contentUrl":"https:\/\/tecnimport.com.pe\/web\/wp-content\/uploads\/2024\/08\/LPS-KB-88-PENETRANTE-TRABAJO-DURO.gif","width":1000,"height":1000,"caption":"LPS KB 88 PENETRANTE TRABAJO DURO"},{"@type":"BreadcrumbList","@id":"https:\/\/tecnimport.com.pe\/web\/productos\/lps\/lubricante-penetrante-aflojatodo\/lps-kb-88-penetrante-trabajo-duro\/#breadcrumb","itemListElement":[{"@type":"ListItem","position":1,"name":"Portada","item":"https:\/\/tecnimport.com.pe\/web\/"},{"@type":"ListItem","position":2,"name":"Productos","item":"https:\/\/tecnimport.com.pe\/web\/productos-navigation\/"},{"@type":"ListItem","position":3,"name":"LPS KB 88 Penetrant"}]},{"@type":"WebSite","@id":"https:\/\/tecnimport.com.pe\/web\/#website","url":"https:\/\/tecnimport.com.pe\/web\/","name":"TECNIMPORT S.A.","description":"Representante de Devcon, LPS, Rocol y Procyon en el Per\u00fa","publisher":{"@id":"https:\/\/tecnimport.com.pe\/web\/#organization"},"potentialAction":[{"@type":"SearchAction","target":{"@type":"EntryPoint","urlTemplate":"https:\/\/tecnimport.com.pe\/web\/?s={search_term_string}"},"query-input":{"@type":"PropertyValueSpecification","valueRequired":true,"valueName":"search_term_string"}}],"inLanguage":"es"},{"@type":"Organization","@id":"https:\/\/tecnimport.com.pe\/web\/#organization","name":"Tecnimport S.A","url":"https:\/\/tecnimport.com.pe\/web\/","logo":{"@type":"ImageObject","inLanguage":"es","@id":"https:\/\/tecnimport.com.pe\/web\/#\/schema\/logo\/image\/","url":"https:\/\/tecnimport.com.pe\/web\/wp-content\/uploads\/2020\/03\/logo_tecnimport.png","contentUrl":"https:\/\/tecnimport.com.pe\/web\/wp-content\/uploads\/2020\/03\/logo_tecnimport.png","width":367,"height":49,"caption":"Tecnimport S.A"},"image":{"@id":"https:\/\/tecnimport.com.pe\/web\/#\/schema\/logo\/image\/"}}]},"product_price_amount":"1.00","product_price_currency":"USD","og_availability":"instock","product_availability":"instock","product_retailer_item_id":"LPS02316","product_condition":"new"},"_links":{"self":[{"href":"https:\/\/tecnimport.com.pe\/web\/wp-json\/wp\/v2\/product\/6081","targetHints":{"allow":["GET"]}}],"collection":[{"href":"https:\/\/tecnimport.com.pe\/web\/wp-json\/wp\/v2\/product"}],"about":[{"href":"https:\/\/tecnimport.com.pe\/web\/wp-json\/wp\/v2\/types\/product"}],"wp:featuredmedia":[{"embeddable":true,"href":"https:\/\/tecnimport.com.pe\/web\/wp-json\/wp\/v2\/media\/6253"}],"wp:attachment":[{"href":"https:\/\/tecnimport.com.pe\/web\/wp-json\/wp\/v2\/media?parent=6081"}],"wp:term":[{"taxonomy":"product_brand","embeddable":true,"href":"https:\/\/tecnimport.com.pe\/web\/wp-json\/wp\/v2\/product_brand?post=6081"},{"taxonomy":"product_cat","embeddable":true,"href":"https:\/\/tecnimport.com.pe\/web\/wp-json\/wp\/v2\/product_cat?post=6081"},{"taxonomy":"product_tag","embeddable":true,"href":"https:\/\/tecnimport.com.pe\/web\/wp-json\/wp\/v2\/product_tag?post=6081"}],"curies":[{"name":"wp","href":"https:\/\/api.w.org\/{rel}","templated":true}]}}