{"id":6076,"date":"2024-04-29T14:28:02","date_gmt":"2024-04-29T19:28:02","guid":{"rendered":"https:\/\/tecnimport.com.pe\/web\/?post_type=product&#038;p=6076"},"modified":"2024-04-29T14:30:42","modified_gmt":"2024-04-29T19:30:42","slug":"mortero-epoxicodevcon-ultra-quartz","status":"publish","type":"product","link":"https:\/\/tecnimport.com.pe\/web\/productos\/devcon-productos\/mortero-epoxicodevcon-ultra-quartz\/","title":{"rendered":"<span class=\"t1\">Mortero Ep\u00f3xico<\/span><br\/><span class=\"t2\">Devcon Ultra Quartz<\/span>"},"content":{"rendered":"<div class=\"wpb-content-wrapper\"><p>[vc_row][vc_column][vc_column_text woodmart_inline=\u00bbno\u00bb text_larger=\u00bbno\u00bb]<\/p>\n<h3>Devcon Epoxy Concrete Sealer<\/h3>\n<p>[\/vc_column_text][\/vc_column][\/vc_row][vc_row][vc_column][vc_row_inner][vc_column_inner][vc_column_text woodmart_inline=\u00bbno\u00bb text_larger=\u00bbno\u00bb]<span class=\"ocultar\">Wearing Compound Alta Carga Anti abrasivo<\/span><\/p>\n<h2>DEVCON WEA GUARD HIGH LOAD<\/h2>\n<p>[\/vc_column_text][\/vc_column_inner][\/vc_row_inner][vc_row_inner][vc_column_inner width=\u00bb1\/3&#8243;]\n\t\t<div id=\"wd-65e6043150106\" class=\"title-wrapper wd-wpb set-mb-s reset-last-child  wd-rs-65e6043150106 wd-title-color-default wd-title-style-default text-left  wd-underline-colored\">\n\t\t\t\n\t\t\t<div class=\"liner-continer\">\n\t\t\t\t<h4 class=\"woodmart-title-container title  wd-font-weight- wd-fontsize-l\" >Wearing Compound Alta Carga<\/h4>\n\t\t\t\t\t\t\t<\/div>\n\t\t\t\n\t\t\t\n\t\t\t\n\t\t<\/div>\n\t\t\n\t\t[vc_column_text woodmart_inline=\u00bbno\u00bb text_larger=\u00bbno\u00bb]<strong class=\"ocultar\">Beneficios Anti abrasivo<\/strong><\/p>\n<ul>\n<li>Soporta impactos de part\u00edculas con granulometr\u00eda mayor a 1\/8&#8243; de di\u00e1metro.<\/li>\n<li>No se desliza en superficies verticales.<\/li>\n<li>Exepcional resistencia a una amplia gama de \u00e1cidos bases, soluciones salinas, aceites y otro productos qu\u00edmicos.<\/li>\n<li>Temperaturas de trabajo de hasta 150\u00baC.<\/li>\n<li>Ideal para recubrir y reparar molinos de bolas, chutes, bombas de relaves, codos, tolvas ductos de cemento, entre otros.<\/li>\n<li>Aplicable con esp\u00e1tula.<\/li>\n<li>Tiempo de curado 4 horas.<\/li>\n<\/ul>\n<p>[\/vc_column_text]\n\t\t<div id=\"wd-65e1e3b8a575e\" class=\"title-wrapper wd-wpb set-mb-s reset-last-child  wd-rs-65e1e3b8a575e wd-title-color-default wd-title-style-default text-left  wd-underline-colored\">\n\t\t\t\n\t\t\t<div class=\"liner-continer\">\n\t\t\t\t<h4 class=\"woodmart-title-container title  wd-font-weight- wd-fontsize-l\" >Aplicaci\u00f3n<\/h4>\n\t\t\t\t\t\t\t<\/div>\n\t\t\t\n\t\t\t\n\t\t\t\n\t\t<\/div>\n\t\t\n\t\t[vc_column_text woodmart_inline=\u00bbno\u00bb text_larger=\u00bbno\u00bb]<span class=\"ocultar\">Wearing Compound Alta Carga.<\/span><br \/>\n<span class=\"ocultar\"><strong>Aplicaci\u00f3n<\/strong><\/span><\/p>\n<ul>\n<li><strong>Aplicaciones:<\/strong> Protege spools, codos, chutes, bombas, celdas de flotaci\u00f3n, ciclones, zarandas, etc<\/li>\n<li><strong>Aplicaci\u00f3n:<\/strong> Facil de mezclar y aplicar, no se pega a los guantes. <strong>NO ESCURRE<\/strong> en vertical, o sobre cabeza.<\/li>\n<\/ul>\n<p>[\/vc_column_text][\/vc_column_inner][vc_column_inner width=\u00bb1\/3&#8243;]\n\t\t<div id=\"wd-65e1e2d006e31\" class=\"title-wrapper wd-wpb set-mb-s reset-last-child  wd-rs-65e1e2d006e31 wd-title-color-default wd-title-style-default text-left  wd-underline-colored\">\n\t\t\t\n\t\t\t<div class=\"liner-continer\">\n\t\t\t\t<h4 class=\"woodmart-title-container title  wd-font-weight- wd-fontsize-l\" >Propiedades F\u00edsicas<\/h4>\n\t\t\t\t\t\t\t<\/div>\n\t\t\t\n\t\t\t\n\t\t\t\n\t\t<\/div>\n\t\t\n\t\t[vc_column_text woodmart_inline=\u00bbno\u00bb text_larger=\u00bbno\u00bb]<span class=\"ocultar\">Wearing Compound Alta Carga<\/span><br \/>\n<strong class=\"ocultar\">Propiedades<\/strong><\/p>\n<table border=\"0\">\n<tbody>\n<tr>\n<td><\/td>\n<td>PROPORCI\u00d3N DE MEZCLA POR VOL\u00daMEN<\/td>\n<td><\/td>\n<td align=\"left\" valign=\"middle\">2:1<\/td>\n<\/tr>\n<tr>\n<td><\/td>\n<td>POT LIFE A 24\u00baC<\/td>\n<td><\/td>\n<td align=\"left\" valign=\"middle\">45 min<\/td>\n<\/tr>\n<tr>\n<td><\/td>\n<td>TEMPERATURA M\u00c1XIMA DE TRABAJO \u00baC<\/td>\n<td><\/td>\n<td align=\"left\" valign=\"middle\">150<\/td>\n<\/tr>\n<tr>\n<td><\/td>\n<td>RESISTENCIA\u00a0COMPRESIVA\u00a0(ASTM D695) psi<\/td>\n<td><\/td>\n<td align=\"left\" valign=\"middle\">11,000<\/td>\n<\/tr>\n<tr>\n<td><\/td>\n<td>DUREZA\u00a0SHORE D\u00a0(ASTM D2240)<\/td>\n<td><\/td>\n<td align=\"left\" valign=\"middle\">87<\/td>\n<\/tr>\n<tr>\n<td><\/td>\n<td>COLOR<\/td>\n<td><\/td>\n<td align=\"left\" valign=\"middle\">Gris<\/td>\n<\/tr>\n<\/tbody>\n<\/table>\n<p>[\/vc_column_text]\n\t\t<div id=\"wd-65e1e3a760da7\" class=\"title-wrapper wd-wpb set-mb-s reset-last-child  wd-rs-65e1e3a760da7 wd-title-color-default wd-title-style-default text-left  wd-underline-colored\">\n\t\t\t\n\t\t\t<div class=\"liner-continer\">\n\t\t\t\t<h4 class=\"woodmart-title-container title  wd-font-weight- wd-fontsize-l\" >Presentaci\u00f3n<\/h4>\n\t\t\t\t\t\t\t<\/div>\n\t\t\t\n\t\t\t\n\t\t\t\n\t\t<\/div>\n\t\t\n\t\t[vc_column_text woodmart_inline=\u00bbno\u00bb text_larger=\u00bbno\u00bb]<\/p>\n<table style=\"height: 132px;\" width=\"245\">\n<tbody>\n<tr>\n<td><strong>N\u00ba de Parte<\/strong><\/td>\n<td><strong>Capacidad<\/strong><\/td>\n<\/tr>\n<tr>\n<td>11490<\/td>\n<td>30 lb<\/td>\n<\/tr>\n<\/tbody>\n<\/table>\n<p>[\/vc_column_text][\/vc_column_inner][vc_column_inner width=\u00bb1\/3&#8243;]\n\t\t<div id=\"wd-65e1e39bbcd09\" class=\"title-wrapper wd-wpb set-mb-s reset-last-child  wd-rs-65e1e39bbcd09 wd-title-color-default wd-title-style-default text-left  wd-underline-colored\">\n\t\t\t\n\t\t\t<div class=\"liner-continer\">\n\t\t\t\t<h4 class=\"woodmart-title-container title  wd-font-weight- wd-fontsize-l\" >Imagen<\/h4>\n\t\t\t\t\t\t\t<\/div>\n\t\t\t\n\t\t\t\n\t\t\t\n\t\t<\/div>\n\t\t\n\t\t[vc_single_image image=\u00bb5931&#8243; img_size=\u00bbfull\u00bb parallax_scroll=\u00bbno\u00bb woodmart_inline=\u00bbno\u00bb]\n\t\t<div id=\"wd-65e1e49a8e907\" class=\"title-wrapper wd-wpb set-mb-s reset-last-child  wd-rs-65e1e49a8e907 wd-title-color-default wd-title-style-default text-left  wd-underline-colored\">\n\t\t\t\n\t\t\t<div class=\"liner-continer\">\n\t\t\t\t<h4 class=\"woodmart-title-container title  wd-font-weight- wd-fontsize-l\" >TDS &amp; MSDS<\/h4>\n\t\t\t\t\t\t\t<\/div>\n\t\t\t\n\t\t\t\n\t\t\t\n\t\t<\/div>\n\t\t\n\t\t[vc_column_text woodmart_inline=\u00bbno\u00bb text_larger=\u00bbno\u00bb]<\/p>\n<table style=\"height: 132px;\" width=\"245\">\n<tbody>\n<tr>\n<td><strong>Concepto<\/strong><\/td>\n<td><strong>Link<\/strong><\/td>\n<\/tr>\n<tr>\n<td>Ficha T\u00e9cnica (TDS)<\/td>\n<td><a href=\"https:\/\/tecnimport.com.pe\/web\/wp-content\/uploads\/2024\/03\/DEVCON-11450-DEVCON-COMBO-WEAR-FC-TDS-WEARING-COMPOUND-SECADO-RAPIDO.pdf\" target=\"_blank\" rel=\"noopener\">Ver Documento<\/a><\/td>\n<\/tr>\n<tr>\n<td>Hoja de Seguridad (MSDS)<\/td>\n<td>Ver Documento<\/td>\n<\/tr>\n<\/tbody>\n<\/table>\n<p>[\/vc_column_text][\/vc_column_inner][\/vc_row_inner][vc_empty_space height=\u00bb50px\u00bb woodmart_hide_large=\u00bb0&#8243; woodmart_hide_medium=\u00bb0&#8243; woodmart_hide_small=\u00bb0&#8243;][vc_row_inner][vc_column_inner width=\u00bb1\/3&#8243;]\n\t\t<div id=\"wd-65e1e2941a59c\" class=\"title-wrapper wd-wpb set-mb-s reset-last-child  wd-rs-65e1e2941a59c wd-title-color-default wd-title-style-default text-left  wd-underline-colored\">\n\t\t\t\n\t\t\t<div class=\"liner-continer\">\n\t\t\t\t<h4 class=\"woodmart-title-container title  wd-font-weight- wd-fontsize-l\" >Productos Relacionado<\/h4>\n\t\t\t\t\t\t\t<\/div>\n\t\t\t\n\t\t\t\n\t\t\t\n\t\t<\/div>\n\t\t\n\t\t[vc_column_text woodmart_inline=\u00bbno\u00bb text_larger=\u00bbno\u00bb]<\/p>\n<h4>Otros Wearing<\/h4>\n<ul>\n<li><a href=\"https:\/\/tecnimport.com.pe\/web\/productos\/devcon-productos\/wearing-compound\/wear-guard-fine-load-resina-epoxica-antibrasiva-de-carga-fina\/\" target=\"_blank\" rel=\"noopener\">Wearing Carga Fina (Devcon Wear Guard Fine Load)<\/a><\/li>\n<li><a href=\"https:\/\/tecnimport.com.pe\/web\/productos\/devcon-productos\/wearing-compound\/mezclador-dfense-blok-power-with-paddle\/\" target=\"_blank\" rel=\"noopener\">Mezcladora de Wearing en balde (Devon Power Mixer)<\/a><\/li>\n<li><a href=\"https:\/\/tecnimport.com.pe\/web\/productos\/devcon-productos\/wearing-compound\/wea-guard-high-load-resina-epoxica-antiabrasiva-de-alta-carga\/\">Wearing <\/a><a href=\"https:\/\/tecnimport.com.pe\/web\/productos\/devcon-productos\/wearing-compound\/wea-guard-high-load-resina-epoxica-antiabrasiva-de-alta-carga\/\">Compound Alta<\/a><a href=\"https:\/\/tecnimport.com.pe\/web\/productos\/devcon-productos\/wearing-compound\/wea-guard-high-load-resina-epoxica-antiabrasiva-de-alta-carga\/\"> Carga (Devcon Wear Guard High Load)<\/a><\/li>\n<li><a href=\"https:\/\/tecnimport.com.pe\/web\/productos\/devcon-productos\/wearing-compound\/dfense-blok-compuestos-antiabrasivos-resistentes-a-golpes-e-impactos\/\" target=\"_blank\" rel=\"noopener\">Wearing Resisnte a Impacto Extremo ( Devcon Wear Guard Dfense blok)<\/a><\/li>\n<li><a href=\"https:\/\/tecnimport.com.pe\/web\/productos\/devcon-productos\/wearing-compound\/dfense-blok-surface-wetting-agent-swa-compuestos-antiabrasivos-resistente-a-golpes-e-impactos-2\/\" target=\"_blank\" rel=\"noopener\">Primer para Mejorar Adhesi\u00f3n (Devon SWA)<\/a><\/li>\n<li><a href=\"https:\/\/tecnimport.com.pe\/web\/productos\/devcon-productos\/wearing-compound\/wearing-compound-secado-rapido\/\" target=\"_blank\" rel=\"noopener\">Wearing de Secado R\u00e1pido (Devcon ComboWaer FC)<\/a><\/li>\n<li>Weairng para Alta Temperaruta (Devcon Wear Guard 300RTC)<\/li>\n<\/ul>\n<p><!--more--> <!--more-->[\/vc_column_text][vc_column_text woodmart_inline=\u00bbno\u00bb text_larger=\u00bbno\u00bb]<\/p>\n<div class=\"ocultar\">\n<h4>Otros Wearing<\/h4>\n<ul>\n<li><a href=\"https:\/\/tecnimport.com.pe\/web\/productos\/devcon-productos\/wearing-compound\/wear-guard-fine-load-resina-epoxica-antibrasiva-de-carga-fina\/\" target=\"_blank\" rel=\"noopener\">Primero lugar Wearing Carga Fina (Devcon Wear Guard Fine Load)<\/a><\/li>\n<li><a href=\"https:\/\/tecnimport.com.pe\/web\/productos\/devcon-productos\/wearing-compound\/mezclador-dfense-blok-power-with-paddle\/\" target=\"_blank\" rel=\"noopener\">segundo Mezcladora de Wearing en balde (Devon Power Mixer)<\/a><\/li>\n<li><a href=\"https:\/\/tecnimport.com.pe\/web\/productos\/devcon-productos\/wearing-compound\/wea-guard-high-load-resina-epoxica-antiabrasiva-de-alta-carga\/\">tercero Wearing Carga Gruesa (Devcon Wear Guard High Load)<\/a><\/li>\n<li><a href=\"https:\/\/tecnimport.com.pe\/web\/productos\/devcon-productos\/wearing-compound\/dfense-blok-compuestos-antiabrasivos-resistentes-a-golpes-e-impactos\/\" target=\"_blank\" rel=\"noopener\">Por eso Wearing Resisnte a Impacto Extremo ( Devcon Wear Guard Dfense blok)<\/a><\/li>\n<li><a href=\"https:\/\/tecnimport.com.pe\/web\/productos\/devcon-productos\/wearing-compound\/dfense-blok-surface-wetting-agent-swa-compuestos-antiabrasivos-resistente-a-golpes-e-impactos-2\/\" target=\"_blank\" rel=\"noopener\">Dado que Primer para Mejorar Adhesi\u00f3n (Devon SWA)<\/a><\/li>\n<li><a href=\"https:\/\/tecnimport.com.pe\/web\/productos\/devcon-productos\/wearing-compound\/wearing-compound-secado-rapido\/\" target=\"_blank\" rel=\"noopener\">Seguido por Wearing de Secado R\u00e1pido (Devcon ComboWaer FC)<\/a><\/li>\n<li>Por ende, Weairng para Alta Temperaruta (Devcon Wear Guard 300RTC)<\/li>\n<li><a href=\"https:\/\/devcon.com\/\">Web devcon<\/a><\/li>\n<li>Finalmente Anti abrasivo<\/li>\n<\/ul>\n<\/div>\n<p>[\/vc_column_text][\/vc_column_inner][vc_column_inner width=\u00bb1\/3&#8243;][vc_single_image image=\u00bb5933&#8243; img_size=\u00bbfull\u00bb parallax_scroll=\u00bbno\u00bb woodmart_inline=\u00bbno\u00bb][\/vc_column_inner][vc_column_inner width=\u00bb1\/3&#8243;][vc_single_image image=\u00bb5932&#8243; img_size=\u00bbfull\u00bb parallax_scroll=\u00bbno\u00bb woodmart_inline=\u00bbno\u00bb][\/vc_column_inner][\/vc_row_inner][vc_row_inner][vc_column_inner][\/vc_column_inner][\/vc_row_inner][\/vc_column][\/vc_row]<\/p>\n<\/div>","protected":false},"excerpt":{"rendered":"<p><strong>Devcon WearGuard High Load &#8211; N\u00b0 Parte 11490, <\/strong>es un compuesto ep\u00f3xico que contiene esferas de cer\u00e1mica de al\u00famina, con una sobresaliente resistencia a la abrasi\u00f3n para condiciones de servicio severo, con part\u00edcula mayor que 1\/8\u201d (3mm.).<br \/>\nSe puede aplicar en reparaci\u00f3n de depuradores, chutes, colectores de polvo y cenizas, codos de tuber\u00edas, pantallas y rampas; chipeadores, bins,<br \/>\ntolvas, tanques, separadores y mesas Deister. Protege extractores, chutes, lavaderos, ventiladores, chancadores y trituradores.<\/p>\n","protected":false},"featured_media":5931,"template":"","meta":[],"product_brand":[],"product_cat":[206,1253],"product_tag":[],"class_list":{"0":"post-6076","1":"product","2":"type-product","3":"status-publish","4":"has-post-thumbnail","6":"product_cat-devcon-productos","7":"product_cat-pisos-epoxicos","9":"first","10":"instock","11":"shipping-taxable","12":"purchasable","13":"product-type-simple"},"yoast_head":"<!-- This site is optimized with the Yoast SEO plugin v26.9 - https:\/\/yoast.com\/product\/yoast-seo-wordpress\/ -->\n<title>Wearing Compound Alta Carga - Devcon WearGuard High Load<\/title>\n<meta name=\"description\" content=\"Devcon WearGuard, Wearing Compound Alta Carga, contiene esferas de cer\u00e1mica de al\u00famina de 1\/8\u201d (3mm.) , Resistente a la abrasi\u00f3n y condiciones severas.\" \/>\n<meta name=\"robots\" content=\"index, follow, max-snippet:-1, max-image-preview:large, max-video-preview:-1\" \/>\n<link rel=\"canonical\" href=\"https:\/\/tecnimport.com.pe\/web\/productos\/devcon-productos\/mortero-epoxicodevcon-ultra-quartz\/\" \/>\n<meta property=\"og:locale\" content=\"es_ES\" \/>\n<meta property=\"og:type\" content=\"article\" \/>\n<meta property=\"og:title\" content=\"Wearing Compound Alta Carga - Devcon WearGuard High Load\" \/>\n<meta property=\"og:description\" content=\"Devcon WearGuard, Wearing Compound Alta Carga, contiene esferas de cer\u00e1mica de al\u00famina de 1\/8\u201d (3mm.) , Resistente a la abrasi\u00f3n y condiciones severas.\" \/>\n<meta property=\"og:url\" content=\"https:\/\/tecnimport.com.pe\/web\/productos\/devcon-productos\/mortero-epoxicodevcon-ultra-quartz\/\" \/>\n<meta property=\"og:site_name\" content=\"TECNIMPORT S.A.\" \/>\n<meta property=\"article:modified_time\" content=\"2024-04-29T19:30:42+00:00\" \/>\n<meta property=\"og:image\" content=\"https:\/\/tecnimport.com.pe\/web\/wp-content\/uploads\/2024\/03\/DEVCON-11490-WEAR-GUARD-HIGH-LOAD-WEARING-COMPOUND_.gif\" \/>\n\t<meta property=\"og:image:width\" content=\"1000\" \/>\n\t<meta property=\"og:image:height\" content=\"1000\" \/>\n\t<meta property=\"og:image:type\" content=\"image\/gif\" \/>\n<meta name=\"twitter:card\" content=\"summary_large_image\" \/>\n<meta name=\"twitter:label1\" content=\"Precio\" \/>\n\t<meta name=\"twitter:data1\" content=\"&#036;1.00\" \/>\n\t<meta name=\"twitter:label2\" content=\"Disponibilidad\" \/>\n\t<meta name=\"twitter:data2\" content=\"Disponible\" \/>\n<script type=\"application\/ld+json\" class=\"yoast-schema-graph\">{\"@context\":\"https:\/\/schema.org\",\"@graph\":[{\"@type\":\"WebPage\",\"@id\":\"https:\/\/tecnimport.com.pe\/web\/productos\/devcon-productos\/mortero-epoxicodevcon-ultra-quartz\/\",\"url\":\"https:\/\/tecnimport.com.pe\/web\/productos\/devcon-productos\/mortero-epoxicodevcon-ultra-quartz\/\",\"name\":\"Wearing Compound Alta Carga - Devcon WearGuard High Load\",\"isPartOf\":{\"@id\":\"https:\/\/tecnimport.com.pe\/web\/#website\"},\"primaryImageOfPage\":{\"@id\":\"https:\/\/tecnimport.com.pe\/web\/productos\/devcon-productos\/mortero-epoxicodevcon-ultra-quartz\/#primaryimage\"},\"image\":{\"@id\":\"https:\/\/tecnimport.com.pe\/web\/productos\/devcon-productos\/mortero-epoxicodevcon-ultra-quartz\/#primaryimage\"},\"thumbnailUrl\":\"https:\/\/tecnimport.com.pe\/web\/wp-content\/uploads\/2024\/03\/DEVCON-11490-WEAR-GUARD-HIGH-LOAD-WEARING-COMPOUND_.gif\",\"datePublished\":\"2024-04-29T19:28:02+00:00\",\"dateModified\":\"2024-04-29T19:30:42+00:00\",\"description\":\"Devcon WearGuard, Wearing Compound Alta Carga, contiene esferas de cer\u00e1mica de al\u00famina de 1\/8\u201d (3mm.) , Resistente a la abrasi\u00f3n y condiciones severas.\",\"breadcrumb\":{\"@id\":\"https:\/\/tecnimport.com.pe\/web\/productos\/devcon-productos\/mortero-epoxicodevcon-ultra-quartz\/#breadcrumb\"},\"inLanguage\":\"es\",\"potentialAction\":[{\"@type\":\"ReadAction\",\"target\":[\"https:\/\/tecnimport.com.pe\/web\/productos\/devcon-productos\/mortero-epoxicodevcon-ultra-quartz\/\"]}]},{\"@type\":\"ImageObject\",\"inLanguage\":\"es\",\"@id\":\"https:\/\/tecnimport.com.pe\/web\/productos\/devcon-productos\/mortero-epoxicodevcon-ultra-quartz\/#primaryimage\",\"url\":\"https:\/\/tecnimport.com.pe\/web\/wp-content\/uploads\/2024\/03\/DEVCON-11490-WEAR-GUARD-HIGH-LOAD-WEARING-COMPOUND_.gif\",\"contentUrl\":\"https:\/\/tecnimport.com.pe\/web\/wp-content\/uploads\/2024\/03\/DEVCON-11490-WEAR-GUARD-HIGH-LOAD-WEARING-COMPOUND_.gif\",\"width\":1000,\"height\":1000,\"caption\":\"DEVCON-WEAR-GUARD-HIGH-LOAD-WEARING-COMPOUND ALTA CARGA - N PARTE 11490\"},{\"@type\":\"BreadcrumbList\",\"@id\":\"https:\/\/tecnimport.com.pe\/web\/productos\/devcon-productos\/mortero-epoxicodevcon-ultra-quartz\/#breadcrumb\",\"itemListElement\":[{\"@type\":\"ListItem\",\"position\":1,\"name\":\"Portada\",\"item\":\"https:\/\/tecnimport.com.pe\/web\/\"},{\"@type\":\"ListItem\",\"position\":2,\"name\":\"Productos\",\"item\":\"https:\/\/tecnimport.com.pe\/web\/productos-navigation\/\"},{\"@type\":\"ListItem\",\"position\":3,\"name\":\"Mortero Ep\u00f3xicoDevcon Ultra Quartz\"}]},{\"@type\":\"WebSite\",\"@id\":\"https:\/\/tecnimport.com.pe\/web\/#website\",\"url\":\"https:\/\/tecnimport.com.pe\/web\/\",\"name\":\"TECNIMPORT S.A.\",\"description\":\"Representante de Devcon, LPS, Rocol y Procyon en el Per\u00fa\",\"publisher\":{\"@id\":\"https:\/\/tecnimport.com.pe\/web\/#organization\"},\"potentialAction\":[{\"@type\":\"SearchAction\",\"target\":{\"@type\":\"EntryPoint\",\"urlTemplate\":\"https:\/\/tecnimport.com.pe\/web\/?s={search_term_string}\"},\"query-input\":{\"@type\":\"PropertyValueSpecification\",\"valueRequired\":true,\"valueName\":\"search_term_string\"}}],\"inLanguage\":\"es\"},{\"@type\":\"Organization\",\"@id\":\"https:\/\/tecnimport.com.pe\/web\/#organization\",\"name\":\"Tecnimport S.A\",\"url\":\"https:\/\/tecnimport.com.pe\/web\/\",\"logo\":{\"@type\":\"ImageObject\",\"inLanguage\":\"es\",\"@id\":\"https:\/\/tecnimport.com.pe\/web\/#\/schema\/logo\/image\/\",\"url\":\"https:\/\/tecnimport.com.pe\/web\/wp-content\/uploads\/2020\/03\/logo_tecnimport.png\",\"contentUrl\":\"https:\/\/tecnimport.com.pe\/web\/wp-content\/uploads\/2020\/03\/logo_tecnimport.png\",\"width\":367,\"height\":49,\"caption\":\"Tecnimport S.A\"},\"image\":{\"@id\":\"https:\/\/tecnimport.com.pe\/web\/#\/schema\/logo\/image\/\"}}]}<\/script>\n<meta property=\"product:price:amount\" content=\"1.00\" \/>\n<meta property=\"product:price:currency\" content=\"USD\" \/>\n<meta property=\"og:availability\" content=\"instock\" \/>\n<meta property=\"product:availability\" content=\"instock\" \/>\n<meta property=\"product:retailer_item_id\" content=\"11490-1-1-1-1\" \/>\n<meta property=\"product:condition\" content=\"new\" \/>\n<!-- \/ Yoast SEO plugin. -->","yoast_head_json":{"title":"Wearing Compound Alta Carga - Devcon WearGuard High Load","description":"Devcon WearGuard, Wearing Compound Alta Carga, contiene esferas de cer\u00e1mica de al\u00famina de 1\/8\u201d (3mm.) , Resistente a la abrasi\u00f3n y condiciones severas.","robots":{"index":"index","follow":"follow","max-snippet":"max-snippet:-1","max-image-preview":"max-image-preview:large","max-video-preview":"max-video-preview:-1"},"canonical":"https:\/\/tecnimport.com.pe\/web\/productos\/devcon-productos\/mortero-epoxicodevcon-ultra-quartz\/","og_locale":"es_ES","og_type":"article","og_title":"Wearing Compound Alta Carga - Devcon WearGuard High Load","og_description":"Devcon WearGuard, Wearing Compound Alta Carga, contiene esferas de cer\u00e1mica de al\u00famina de 1\/8\u201d (3mm.) , Resistente a la abrasi\u00f3n y condiciones severas.","og_url":"https:\/\/tecnimport.com.pe\/web\/productos\/devcon-productos\/mortero-epoxicodevcon-ultra-quartz\/","og_site_name":"TECNIMPORT S.A.","article_modified_time":"2024-04-29T19:30:42+00:00","og_image":[{"width":1000,"height":1000,"url":"https:\/\/tecnimport.com.pe\/web\/wp-content\/uploads\/2024\/03\/DEVCON-11490-WEAR-GUARD-HIGH-LOAD-WEARING-COMPOUND_.gif","type":"image\/gif"}],"twitter_card":"summary_large_image","twitter_misc":{"Precio":"&#36;1.00","Disponibilidad":"Disponible"},"schema":{"@context":"https:\/\/schema.org","@graph":[{"@type":"WebPage","@id":"https:\/\/tecnimport.com.pe\/web\/productos\/devcon-productos\/mortero-epoxicodevcon-ultra-quartz\/","url":"https:\/\/tecnimport.com.pe\/web\/productos\/devcon-productos\/mortero-epoxicodevcon-ultra-quartz\/","name":"Wearing Compound Alta Carga - Devcon WearGuard High Load","isPartOf":{"@id":"https:\/\/tecnimport.com.pe\/web\/#website"},"primaryImageOfPage":{"@id":"https:\/\/tecnimport.com.pe\/web\/productos\/devcon-productos\/mortero-epoxicodevcon-ultra-quartz\/#primaryimage"},"image":{"@id":"https:\/\/tecnimport.com.pe\/web\/productos\/devcon-productos\/mortero-epoxicodevcon-ultra-quartz\/#primaryimage"},"thumbnailUrl":"https:\/\/tecnimport.com.pe\/web\/wp-content\/uploads\/2024\/03\/DEVCON-11490-WEAR-GUARD-HIGH-LOAD-WEARING-COMPOUND_.gif","datePublished":"2024-04-29T19:28:02+00:00","dateModified":"2024-04-29T19:30:42+00:00","description":"Devcon WearGuard, Wearing Compound Alta Carga, contiene esferas de cer\u00e1mica de al\u00famina de 1\/8\u201d (3mm.) , Resistente a la abrasi\u00f3n y condiciones severas.","breadcrumb":{"@id":"https:\/\/tecnimport.com.pe\/web\/productos\/devcon-productos\/mortero-epoxicodevcon-ultra-quartz\/#breadcrumb"},"inLanguage":"es","potentialAction":[{"@type":"ReadAction","target":["https:\/\/tecnimport.com.pe\/web\/productos\/devcon-productos\/mortero-epoxicodevcon-ultra-quartz\/"]}]},{"@type":"ImageObject","inLanguage":"es","@id":"https:\/\/tecnimport.com.pe\/web\/productos\/devcon-productos\/mortero-epoxicodevcon-ultra-quartz\/#primaryimage","url":"https:\/\/tecnimport.com.pe\/web\/wp-content\/uploads\/2024\/03\/DEVCON-11490-WEAR-GUARD-HIGH-LOAD-WEARING-COMPOUND_.gif","contentUrl":"https:\/\/tecnimport.com.pe\/web\/wp-content\/uploads\/2024\/03\/DEVCON-11490-WEAR-GUARD-HIGH-LOAD-WEARING-COMPOUND_.gif","width":1000,"height":1000,"caption":"DEVCON-WEAR-GUARD-HIGH-LOAD-WEARING-COMPOUND ALTA CARGA - N PARTE 11490"},{"@type":"BreadcrumbList","@id":"https:\/\/tecnimport.com.pe\/web\/productos\/devcon-productos\/mortero-epoxicodevcon-ultra-quartz\/#breadcrumb","itemListElement":[{"@type":"ListItem","position":1,"name":"Portada","item":"https:\/\/tecnimport.com.pe\/web\/"},{"@type":"ListItem","position":2,"name":"Productos","item":"https:\/\/tecnimport.com.pe\/web\/productos-navigation\/"},{"@type":"ListItem","position":3,"name":"Mortero Ep\u00f3xicoDevcon Ultra Quartz"}]},{"@type":"WebSite","@id":"https:\/\/tecnimport.com.pe\/web\/#website","url":"https:\/\/tecnimport.com.pe\/web\/","name":"TECNIMPORT S.A.","description":"Representante de Devcon, LPS, Rocol y Procyon en el Per\u00fa","publisher":{"@id":"https:\/\/tecnimport.com.pe\/web\/#organization"},"potentialAction":[{"@type":"SearchAction","target":{"@type":"EntryPoint","urlTemplate":"https:\/\/tecnimport.com.pe\/web\/?s={search_term_string}"},"query-input":{"@type":"PropertyValueSpecification","valueRequired":true,"valueName":"search_term_string"}}],"inLanguage":"es"},{"@type":"Organization","@id":"https:\/\/tecnimport.com.pe\/web\/#organization","name":"Tecnimport S.A","url":"https:\/\/tecnimport.com.pe\/web\/","logo":{"@type":"ImageObject","inLanguage":"es","@id":"https:\/\/tecnimport.com.pe\/web\/#\/schema\/logo\/image\/","url":"https:\/\/tecnimport.com.pe\/web\/wp-content\/uploads\/2020\/03\/logo_tecnimport.png","contentUrl":"https:\/\/tecnimport.com.pe\/web\/wp-content\/uploads\/2020\/03\/logo_tecnimport.png","width":367,"height":49,"caption":"Tecnimport S.A"},"image":{"@id":"https:\/\/tecnimport.com.pe\/web\/#\/schema\/logo\/image\/"}}]},"product_price_amount":"1.00","product_price_currency":"USD","og_availability":"instock","product_availability":"instock","product_retailer_item_id":"11490-1-1-1-1","product_condition":"new"},"_links":{"self":[{"href":"https:\/\/tecnimport.com.pe\/web\/wp-json\/wp\/v2\/product\/6076","targetHints":{"allow":["GET"]}}],"collection":[{"href":"https:\/\/tecnimport.com.pe\/web\/wp-json\/wp\/v2\/product"}],"about":[{"href":"https:\/\/tecnimport.com.pe\/web\/wp-json\/wp\/v2\/types\/product"}],"wp:featuredmedia":[{"embeddable":true,"href":"https:\/\/tecnimport.com.pe\/web\/wp-json\/wp\/v2\/media\/5931"}],"wp:attachment":[{"href":"https:\/\/tecnimport.com.pe\/web\/wp-json\/wp\/v2\/media?parent=6076"}],"wp:term":[{"taxonomy":"product_brand","embeddable":true,"href":"https:\/\/tecnimport.com.pe\/web\/wp-json\/wp\/v2\/product_brand?post=6076"},{"taxonomy":"product_cat","embeddable":true,"href":"https:\/\/tecnimport.com.pe\/web\/wp-json\/wp\/v2\/product_cat?post=6076"},{"taxonomy":"product_tag","embeddable":true,"href":"https:\/\/tecnimport.com.pe\/web\/wp-json\/wp\/v2\/product_tag?post=6076"}],"curies":[{"name":"wp","href":"https:\/\/api.w.org\/{rel}","templated":true}]}}