{"id":6074,"date":"2024-04-29T13:58:22","date_gmt":"2024-04-29T18:58:22","guid":{"rendered":"https:\/\/tecnimport.com.pe\/web\/?post_type=product&#038;p=6074"},"modified":"2025-07-15T10:34:04","modified_gmt":"2025-07-15T15:34:04","slug":"devcon-epoxy-coat-7000-ar-proteccion-para-pisos-y-metales","status":"publish","type":"product","link":"https:\/\/tecnimport.com.pe\/web\/productos\/devcon-productos\/devcon-epoxy-coat-7000-ar-proteccion-para-pisos-y-metales\/","title":{"rendered":"Devcon Epoxy Coat 7000 AR"},"content":{"rendered":"<div class=\"wpb-content-wrapper\"><p>[vc_row][vc_column][vc_row_inner][vc_column_inner][vc_column_text css=\u00bb\u00bb woodmart_inline=\u00bbno\u00bb text_larger=\u00bbno\u00bb]<\/p>\n<h3><strong class=\"subtitulo_prod\">Devcon Epoxy Coat 7000 AR &#8211; Protecci\u00f3n para Pisos y Metales<\/strong><\/h3>\n<h5><strong class=\"subtitulo_prod\">Presentaci\u00f3n &amp; Fichas<\/strong><\/h5>\n<div class=\"table-container\">\n<table class=\"responsive-table\">\n<thead>\n<tr>\n<th style=\"text-align: center;\">N\u00ba de Parte<\/th>\n<th style=\"text-align: center;\">Capacidad<\/th>\n<th style=\"text-align: center;\">Envase<\/th>\n<th style=\"text-align: center;\"><i class=\"fas fa-download\"><\/i> Ficha T\u00e9cnica<\/th>\n<\/tr>\n<\/thead>\n<tbody>\n<tr>\n<td style=\"text-align: center;\">12750<\/td>\n<td style=\"text-align: center;\">2 gl<\/td>\n<td style=\"text-align: center;\">Envase<\/td>\n<td style=\"text-align: center;\"><a href=\"https:\/\/tecnimport.com.pe\/web\/wp-content\/uploads\/2024\/09\/DEVCON-EPOXY-COAT-7000-AR-TECNIMPORT.pdf\" target=\"_blank\" rel=\"noopener\"><i class=\"fas fa-download\"><\/i>Descargar<\/a><\/td>\n<\/tr>\n<\/tbody>\n<\/table>\n<\/div>\n<p>[\/vc_column_text][\/vc_column_inner][\/vc_row_inner][\/vc_column][\/vc_row][vc_row][vc_column width=\u00bb1\/3&#8243;][vc_column_text woodmart_inline=\u00bbno\u00bb text_larger=\u00bbno\u00bb]<strong class=\"subtitulo_prod\">Otras Caracter\u00edsticas<\/strong><\/p>\n<ul>\n<li>Excelente adherencia a superficies de hormig\u00f3n.<\/li>\n<li>Ideal para usar alrededor de tanques de almacenamiento de productos qu\u00edmicos, muros de diques y \u00e1reas de contenci\u00f3n.<\/li>\n<li>Superficie duradera, atractiva y f\u00e1cil de limpiar.<\/li>\n<li>Resistente al \u00e1cido sulf\u00farico en concentraciones de hasta el 98 %.<\/li>\n<\/ul>\n<p>[\/vc_column_text][\/vc_column][vc_column width=\u00bb1\/3&#8243;][vc_column_text woodmart_inline=\u00bbno\u00bb text_larger=\u00bbno\u00bb]<strong class=\"subtitulo_prod\">Aplicaciones<\/strong><\/p>\n<ul>\n<li>Pisos<\/li>\n<li>Concreto<\/li>\n<li>Tanques<\/li>\n<li>Diques<\/li>\n<li>Muros<\/li>\n<li>\u00c1reas de contenci\u00f3n<\/li>\n<\/ul>\n<p>[\/vc_column_text][\/vc_column][vc_column width=\u00bb1\/3&#8243;][vc_column_text woodmart_inline=\u00bbno\u00bb text_larger=\u00bbno\u00bb]<strong class=\"subtitulo_prod\">Aplicaci\u00f3n<\/strong>[\/vc_column_text][vc_single_image image=\u00bb6428&#8243; img_size=\u00bblarge\u00bb add_caption=\u00bbyes\u00bb alignment=\u00bbcenter\u00bb parallax_scroll=\u00bbno\u00bb woodmart_inline=\u00bbno\u00bb][\/vc_column][\/vc_row][vc_row][vc_column width=\u00bb1\/3&#8243;][vc_column_text woodmart_inline=\u00bbno\u00bb text_larger=\u00bbno\u00bb]<strong class=\"subtitulo_prod\">Marca &amp; Fabricante<\/strong><\/p>\n<table class=\"table\">\n<tbody>\n<tr>\n<td>Marca<\/td>\n<td><strong><a href=\"https:\/\/tecnimport.com.pe\/web\/devcon-peru\/\" target=\"_blank\" rel=\"noopener\">DEVCON<\/a><\/strong><\/td>\n<\/tr>\n<tr>\n<td>Fabricante<\/td>\n<td><strong><a href=\"https:\/\/itwperformancepolymers.com\/products\/devcon\/concrete-repair-flooring\/devcon-epoxy-coat-7000-ar\" target=\"_blank\" rel=\"noopener\">ITW Performance polymers<\/a><\/strong><\/td>\n<\/tr>\n<\/tbody>\n<\/table>\n<p>[\/vc_column_text][\/vc_column][vc_column width=\u00bb1\/3&#8243;][\/vc_column][vc_column width=\u00bb1\/3&#8243;][\/vc_column][\/vc_row][vc_row][\/vc_row][vc_column][vc_column_text woodmart_inline=\u00bbno\u00bb text_larger=\u00bbno\u00bb]<strong class=\"subtitulo_prod\">Propiedades de Curado 7 d\u00edas @ 25\u00b0C<\/strong><\/p>\n<table class=\"table\">\n<thead><\/thead>\n<tbody>\n<tr>\n<td>Cobertura por unidad (balde)<\/td>\n<td>200 sq.ft. @ 16 mils (18.6 m2 @ 16 mils)<\/td>\n<\/tr>\n<tr>\n<td>Temperatura de aplicaci\u00f3n<\/td>\n<td>60 \u2013 90 \u00b0F (15 \u2013 32 \u00b0C)<\/td>\n<\/tr>\n<tr>\n<td>Color<\/td>\n<td>Gris<\/td>\n<\/tr>\n<tr>\n<td>Dureza de curado<\/td>\n<td>85D<\/td>\n<\/tr>\n<tr>\n<td>Tiempo de cura<\/td>\n<td>24 hrs.<\/td>\n<\/tr>\n<tr>\n<td>Tiempo de cura \u2013 Resistencia qu\u00edmica<\/td>\n<td>10 d\u00edas<\/td>\n<\/tr>\n<tr>\n<td>Tiempo de cura \u2013 Puesta en Servicio<\/td>\n<td>48 hrs.<\/td>\n<\/tr>\n<tr>\n<td>Cura Funcional<\/td>\n<td>24 hrs.<\/td>\n<\/tr>\n<tr>\n<td>Tiempo de recapa m\u00ednimo a 75\u00b0F (24\u00b0C)<\/td>\n<td>2 a 3 horas<\/td>\n<\/tr>\n<tr>\n<td>Resistencia a la temperatura<\/td>\n<td>Seco: 200\u00b0F (93\u00b0C); H\u00famedo: 130\u00b0F (55 \u00baC)<\/td>\n<\/tr>\n<\/tbody>\n<\/table>\n<p>[\/vc_column_text][vc_column_text woodmart_inline=\u00bbno\u00bb text_larger=\u00bbno\u00bb]<strong class=\"subtitulo_prod\">Propiedades sin Curar<\/strong><\/p>\n<table class=\"table\">\n<thead><\/thead>\n<tbody>\n<tr>\n<td>Raz\u00f3n de mezcla por volumen<\/td>\n<td>1,5:1<\/td>\n<\/tr>\n<tr>\n<td>Raz\u00f3n de mezcla por peso<\/td>\n<td>1,7:1<\/td>\n<\/tr>\n<tr>\n<td>Viscosidad de la mezcla<\/td>\n<td>3.600 cps<\/td>\n<\/tr>\n<tr>\n<td>Envase<\/td>\n<td>2 gal. \/ 19 lbs. (7,6 l. \/ 8,6 Kg.)<\/td>\n<\/tr>\n<tr>\n<td>Pot Life @ 75\u00b0F (24\u00baC)<\/td>\n<td>36 minutos<\/td>\n<\/tr>\n<tr>\n<td>% s\u00f3lidos por volumen<\/td>\n<td>100<\/td>\n<\/tr>\n<\/tbody>\n<\/table>\n<p>[\/vc_column_text][\/vc_column]<\/p>\n<\/div>","protected":false},"excerpt":{"rendered":"<p><strong>Devcon Epoxy Coat 7000 AR<\/strong> es un sistema ep\u00f3xico dise\u00f1ado para proteger pisos, metales y superficies de \u00e1cidos y ataques qu\u00edmicos severos.<\/p>\n","protected":false},"featured_media":6429,"template":"","meta":[],"product_brand":[233],"product_cat":[206,1253],"product_tag":[1436,1437],"class_list":{"0":"post-6074","1":"product","2":"type-product","3":"status-publish","4":"has-post-thumbnail","6":"product_brand-devcon","7":"product_cat-devcon-productos","8":"product_cat-pisos-epoxicos","9":"product_tag-pisos-epoxicos","10":"product_tag-pisos-y-metales","12":"first","13":"instock","14":"shipping-taxable","15":"purchasable","16":"product-type-simple"},"yoast_head":"<!-- This site is optimized with the Yoast SEO plugin v26.9 - https:\/\/yoast.com\/product\/yoast-seo-wordpress\/ -->\n<title>Devcon Epoxy Coat 7000 AR - Protecci\u00f3n para Pisos y Metales<\/title>\n<meta name=\"description\" content=\"Devcon Epoxy Coat 7000 AR es un sistema ep\u00f3xico dise\u00f1ado para proteger pisos, metales y superficies de \u00e1cidos y ataques qu\u00edmicos severos.\" \/>\n<meta name=\"robots\" content=\"index, follow, max-snippet:-1, max-image-preview:large, max-video-preview:-1\" \/>\n<link rel=\"canonical\" href=\"https:\/\/tecnimport.com.pe\/web\/productos\/devcon-productos\/devcon-epoxy-coat-7000-ar-proteccion-para-pisos-y-metales\/\" \/>\n<meta property=\"og:locale\" content=\"es_ES\" \/>\n<meta property=\"og:type\" content=\"article\" \/>\n<meta property=\"og:title\" content=\"Devcon Epoxy Coat 7000 AR - Protecci\u00f3n para Pisos y Metales\" \/>\n<meta property=\"og:description\" content=\"Devcon Epoxy Coat 7000 AR es un sistema ep\u00f3xico dise\u00f1ado para proteger pisos, metales y superficies de \u00e1cidos y ataques qu\u00edmicos severos.\" \/>\n<meta property=\"og:url\" content=\"https:\/\/tecnimport.com.pe\/web\/productos\/devcon-productos\/devcon-epoxy-coat-7000-ar-proteccion-para-pisos-y-metales\/\" \/>\n<meta property=\"og:site_name\" content=\"TECNIMPORT S.A.\" \/>\n<meta property=\"article:modified_time\" content=\"2025-07-15T15:34:04+00:00\" \/>\n<meta property=\"og:image\" content=\"https:\/\/tecnimport.com.pe\/web\/wp-content\/uploads\/2024\/04\/DEVCON-EPOXY-COAT-7000-AR-TECNIMPORT-PROTECCION-PARA-PISOS-EPOXICO.gif\" \/>\n\t<meta property=\"og:image:width\" content=\"1000\" \/>\n\t<meta property=\"og:image:height\" content=\"1000\" \/>\n\t<meta property=\"og:image:type\" content=\"image\/gif\" \/>\n<meta name=\"twitter:card\" content=\"summary_large_image\" \/>\n<meta name=\"twitter:label1\" content=\"Precio\" \/>\n\t<meta name=\"twitter:data1\" content=\"&#036;1.00\" \/>\n\t<meta name=\"twitter:label2\" content=\"Disponibilidad\" \/>\n\t<meta name=\"twitter:data2\" content=\"Disponible\" \/>\n<script type=\"application\/ld+json\" class=\"yoast-schema-graph\">{\"@context\":\"https:\/\/schema.org\",\"@graph\":[{\"@type\":\"WebPage\",\"@id\":\"https:\/\/tecnimport.com.pe\/web\/productos\/devcon-productos\/devcon-epoxy-coat-7000-ar-proteccion-para-pisos-y-metales\/\",\"url\":\"https:\/\/tecnimport.com.pe\/web\/productos\/devcon-productos\/devcon-epoxy-coat-7000-ar-proteccion-para-pisos-y-metales\/\",\"name\":\"Devcon Epoxy Coat 7000 AR - Protecci\u00f3n para Pisos y Metales\",\"isPartOf\":{\"@id\":\"https:\/\/tecnimport.com.pe\/web\/#website\"},\"primaryImageOfPage\":{\"@id\":\"https:\/\/tecnimport.com.pe\/web\/productos\/devcon-productos\/devcon-epoxy-coat-7000-ar-proteccion-para-pisos-y-metales\/#primaryimage\"},\"image\":{\"@id\":\"https:\/\/tecnimport.com.pe\/web\/productos\/devcon-productos\/devcon-epoxy-coat-7000-ar-proteccion-para-pisos-y-metales\/#primaryimage\"},\"thumbnailUrl\":\"https:\/\/tecnimport.com.pe\/web\/wp-content\/uploads\/2024\/04\/DEVCON-EPOXY-COAT-7000-AR-TECNIMPORT-PROTECCION-PARA-PISOS-EPOXICO.gif\",\"datePublished\":\"2024-04-29T18:58:22+00:00\",\"dateModified\":\"2025-07-15T15:34:04+00:00\",\"description\":\"Devcon Epoxy Coat 7000 AR es un sistema ep\u00f3xico dise\u00f1ado para proteger pisos, metales y superficies de \u00e1cidos y ataques qu\u00edmicos severos.\",\"breadcrumb\":{\"@id\":\"https:\/\/tecnimport.com.pe\/web\/productos\/devcon-productos\/devcon-epoxy-coat-7000-ar-proteccion-para-pisos-y-metales\/#breadcrumb\"},\"inLanguage\":\"es\",\"potentialAction\":[{\"@type\":\"ReadAction\",\"target\":[\"https:\/\/tecnimport.com.pe\/web\/productos\/devcon-productos\/devcon-epoxy-coat-7000-ar-proteccion-para-pisos-y-metales\/\"]}]},{\"@type\":\"ImageObject\",\"inLanguage\":\"es\",\"@id\":\"https:\/\/tecnimport.com.pe\/web\/productos\/devcon-productos\/devcon-epoxy-coat-7000-ar-proteccion-para-pisos-y-metales\/#primaryimage\",\"url\":\"https:\/\/tecnimport.com.pe\/web\/wp-content\/uploads\/2024\/04\/DEVCON-EPOXY-COAT-7000-AR-TECNIMPORT-PROTECCION-PARA-PISOS-EPOXICO.gif\",\"contentUrl\":\"https:\/\/tecnimport.com.pe\/web\/wp-content\/uploads\/2024\/04\/DEVCON-EPOXY-COAT-7000-AR-TECNIMPORT-PROTECCION-PARA-PISOS-EPOXICO.gif\",\"width\":1000,\"height\":1000,\"caption\":\"DEVCON EPOXY COAT 7000 AR EPOXICO PARA PROTECCION DE PISOS\"},{\"@type\":\"BreadcrumbList\",\"@id\":\"https:\/\/tecnimport.com.pe\/web\/productos\/devcon-productos\/devcon-epoxy-coat-7000-ar-proteccion-para-pisos-y-metales\/#breadcrumb\",\"itemListElement\":[{\"@type\":\"ListItem\",\"position\":1,\"name\":\"Portada\",\"item\":\"https:\/\/tecnimport.com.pe\/web\/\"},{\"@type\":\"ListItem\",\"position\":2,\"name\":\"Productos\",\"item\":\"https:\/\/tecnimport.com.pe\/web\/productos-navigation\/\"},{\"@type\":\"ListItem\",\"position\":3,\"name\":\"Devcon Epoxy Coat 7000 AR\"}]},{\"@type\":\"WebSite\",\"@id\":\"https:\/\/tecnimport.com.pe\/web\/#website\",\"url\":\"https:\/\/tecnimport.com.pe\/web\/\",\"name\":\"TECNIMPORT S.A.\",\"description\":\"Representante de Devcon, LPS, Rocol y Procyon en el Per\u00fa\",\"publisher\":{\"@id\":\"https:\/\/tecnimport.com.pe\/web\/#organization\"},\"potentialAction\":[{\"@type\":\"SearchAction\",\"target\":{\"@type\":\"EntryPoint\",\"urlTemplate\":\"https:\/\/tecnimport.com.pe\/web\/?s={search_term_string}\"},\"query-input\":{\"@type\":\"PropertyValueSpecification\",\"valueRequired\":true,\"valueName\":\"search_term_string\"}}],\"inLanguage\":\"es\"},{\"@type\":\"Organization\",\"@id\":\"https:\/\/tecnimport.com.pe\/web\/#organization\",\"name\":\"Tecnimport S.A\",\"url\":\"https:\/\/tecnimport.com.pe\/web\/\",\"logo\":{\"@type\":\"ImageObject\",\"inLanguage\":\"es\",\"@id\":\"https:\/\/tecnimport.com.pe\/web\/#\/schema\/logo\/image\/\",\"url\":\"https:\/\/tecnimport.com.pe\/web\/wp-content\/uploads\/2020\/03\/logo_tecnimport.png\",\"contentUrl\":\"https:\/\/tecnimport.com.pe\/web\/wp-content\/uploads\/2020\/03\/logo_tecnimport.png\",\"width\":367,\"height\":49,\"caption\":\"Tecnimport S.A\"},\"image\":{\"@id\":\"https:\/\/tecnimport.com.pe\/web\/#\/schema\/logo\/image\/\"}}]}<\/script>\n<meta property=\"product:price:amount\" content=\"1.00\" \/>\n<meta property=\"product:price:currency\" content=\"USD\" \/>\n<meta property=\"og:availability\" content=\"instock\" \/>\n<meta property=\"product:availability\" content=\"instock\" \/>\n<meta property=\"product:retailer_item_id\" content=\"12750\" \/>\n<meta property=\"product:condition\" content=\"new\" \/>\n<!-- \/ Yoast SEO plugin. -->","yoast_head_json":{"title":"Devcon Epoxy Coat 7000 AR - Protecci\u00f3n para Pisos y Metales","description":"Devcon Epoxy Coat 7000 AR es un sistema ep\u00f3xico dise\u00f1ado para proteger pisos, metales y superficies de \u00e1cidos y ataques qu\u00edmicos severos.","robots":{"index":"index","follow":"follow","max-snippet":"max-snippet:-1","max-image-preview":"max-image-preview:large","max-video-preview":"max-video-preview:-1"},"canonical":"https:\/\/tecnimport.com.pe\/web\/productos\/devcon-productos\/devcon-epoxy-coat-7000-ar-proteccion-para-pisos-y-metales\/","og_locale":"es_ES","og_type":"article","og_title":"Devcon Epoxy Coat 7000 AR - Protecci\u00f3n para Pisos y Metales","og_description":"Devcon Epoxy Coat 7000 AR es un sistema ep\u00f3xico dise\u00f1ado para proteger pisos, metales y superficies de \u00e1cidos y ataques qu\u00edmicos severos.","og_url":"https:\/\/tecnimport.com.pe\/web\/productos\/devcon-productos\/devcon-epoxy-coat-7000-ar-proteccion-para-pisos-y-metales\/","og_site_name":"TECNIMPORT S.A.","article_modified_time":"2025-07-15T15:34:04+00:00","og_image":[{"width":1000,"height":1000,"url":"https:\/\/tecnimport.com.pe\/web\/wp-content\/uploads\/2024\/04\/DEVCON-EPOXY-COAT-7000-AR-TECNIMPORT-PROTECCION-PARA-PISOS-EPOXICO.gif","type":"image\/gif"}],"twitter_card":"summary_large_image","twitter_misc":{"Precio":"&#36;1.00","Disponibilidad":"Disponible"},"schema":{"@context":"https:\/\/schema.org","@graph":[{"@type":"WebPage","@id":"https:\/\/tecnimport.com.pe\/web\/productos\/devcon-productos\/devcon-epoxy-coat-7000-ar-proteccion-para-pisos-y-metales\/","url":"https:\/\/tecnimport.com.pe\/web\/productos\/devcon-productos\/devcon-epoxy-coat-7000-ar-proteccion-para-pisos-y-metales\/","name":"Devcon Epoxy Coat 7000 AR - Protecci\u00f3n para Pisos y Metales","isPartOf":{"@id":"https:\/\/tecnimport.com.pe\/web\/#website"},"primaryImageOfPage":{"@id":"https:\/\/tecnimport.com.pe\/web\/productos\/devcon-productos\/devcon-epoxy-coat-7000-ar-proteccion-para-pisos-y-metales\/#primaryimage"},"image":{"@id":"https:\/\/tecnimport.com.pe\/web\/productos\/devcon-productos\/devcon-epoxy-coat-7000-ar-proteccion-para-pisos-y-metales\/#primaryimage"},"thumbnailUrl":"https:\/\/tecnimport.com.pe\/web\/wp-content\/uploads\/2024\/04\/DEVCON-EPOXY-COAT-7000-AR-TECNIMPORT-PROTECCION-PARA-PISOS-EPOXICO.gif","datePublished":"2024-04-29T18:58:22+00:00","dateModified":"2025-07-15T15:34:04+00:00","description":"Devcon Epoxy Coat 7000 AR es un sistema ep\u00f3xico dise\u00f1ado para proteger pisos, metales y superficies de \u00e1cidos y ataques qu\u00edmicos severos.","breadcrumb":{"@id":"https:\/\/tecnimport.com.pe\/web\/productos\/devcon-productos\/devcon-epoxy-coat-7000-ar-proteccion-para-pisos-y-metales\/#breadcrumb"},"inLanguage":"es","potentialAction":[{"@type":"ReadAction","target":["https:\/\/tecnimport.com.pe\/web\/productos\/devcon-productos\/devcon-epoxy-coat-7000-ar-proteccion-para-pisos-y-metales\/"]}]},{"@type":"ImageObject","inLanguage":"es","@id":"https:\/\/tecnimport.com.pe\/web\/productos\/devcon-productos\/devcon-epoxy-coat-7000-ar-proteccion-para-pisos-y-metales\/#primaryimage","url":"https:\/\/tecnimport.com.pe\/web\/wp-content\/uploads\/2024\/04\/DEVCON-EPOXY-COAT-7000-AR-TECNIMPORT-PROTECCION-PARA-PISOS-EPOXICO.gif","contentUrl":"https:\/\/tecnimport.com.pe\/web\/wp-content\/uploads\/2024\/04\/DEVCON-EPOXY-COAT-7000-AR-TECNIMPORT-PROTECCION-PARA-PISOS-EPOXICO.gif","width":1000,"height":1000,"caption":"DEVCON EPOXY COAT 7000 AR EPOXICO PARA PROTECCION DE PISOS"},{"@type":"BreadcrumbList","@id":"https:\/\/tecnimport.com.pe\/web\/productos\/devcon-productos\/devcon-epoxy-coat-7000-ar-proteccion-para-pisos-y-metales\/#breadcrumb","itemListElement":[{"@type":"ListItem","position":1,"name":"Portada","item":"https:\/\/tecnimport.com.pe\/web\/"},{"@type":"ListItem","position":2,"name":"Productos","item":"https:\/\/tecnimport.com.pe\/web\/productos-navigation\/"},{"@type":"ListItem","position":3,"name":"Devcon Epoxy Coat 7000 AR"}]},{"@type":"WebSite","@id":"https:\/\/tecnimport.com.pe\/web\/#website","url":"https:\/\/tecnimport.com.pe\/web\/","name":"TECNIMPORT S.A.","description":"Representante de Devcon, LPS, Rocol y Procyon en el Per\u00fa","publisher":{"@id":"https:\/\/tecnimport.com.pe\/web\/#organization"},"potentialAction":[{"@type":"SearchAction","target":{"@type":"EntryPoint","urlTemplate":"https:\/\/tecnimport.com.pe\/web\/?s={search_term_string}"},"query-input":{"@type":"PropertyValueSpecification","valueRequired":true,"valueName":"search_term_string"}}],"inLanguage":"es"},{"@type":"Organization","@id":"https:\/\/tecnimport.com.pe\/web\/#organization","name":"Tecnimport S.A","url":"https:\/\/tecnimport.com.pe\/web\/","logo":{"@type":"ImageObject","inLanguage":"es","@id":"https:\/\/tecnimport.com.pe\/web\/#\/schema\/logo\/image\/","url":"https:\/\/tecnimport.com.pe\/web\/wp-content\/uploads\/2020\/03\/logo_tecnimport.png","contentUrl":"https:\/\/tecnimport.com.pe\/web\/wp-content\/uploads\/2020\/03\/logo_tecnimport.png","width":367,"height":49,"caption":"Tecnimport S.A"},"image":{"@id":"https:\/\/tecnimport.com.pe\/web\/#\/schema\/logo\/image\/"}}]},"product_price_amount":"1.00","product_price_currency":"USD","og_availability":"instock","product_availability":"instock","product_retailer_item_id":"12750","product_condition":"new"},"_links":{"self":[{"href":"https:\/\/tecnimport.com.pe\/web\/wp-json\/wp\/v2\/product\/6074","targetHints":{"allow":["GET"]}}],"collection":[{"href":"https:\/\/tecnimport.com.pe\/web\/wp-json\/wp\/v2\/product"}],"about":[{"href":"https:\/\/tecnimport.com.pe\/web\/wp-json\/wp\/v2\/types\/product"}],"wp:featuredmedia":[{"embeddable":true,"href":"https:\/\/tecnimport.com.pe\/web\/wp-json\/wp\/v2\/media\/6429"}],"wp:attachment":[{"href":"https:\/\/tecnimport.com.pe\/web\/wp-json\/wp\/v2\/media?parent=6074"}],"wp:term":[{"taxonomy":"product_brand","embeddable":true,"href":"https:\/\/tecnimport.com.pe\/web\/wp-json\/wp\/v2\/product_brand?post=6074"},{"taxonomy":"product_cat","embeddable":true,"href":"https:\/\/tecnimport.com.pe\/web\/wp-json\/wp\/v2\/product_cat?post=6074"},{"taxonomy":"product_tag","embeddable":true,"href":"https:\/\/tecnimport.com.pe\/web\/wp-json\/wp\/v2\/product_tag?post=6074"}],"curies":[{"name":"wp","href":"https:\/\/api.w.org\/{rel}","templated":true}]}}