{"id":6071,"date":"2024-04-29T13:38:45","date_gmt":"2024-04-29T18:38:45","guid":{"rendered":"https:\/\/tecnimport.com.pe\/web\/?post_type=product&#038;p=6071"},"modified":"2024-04-29T13:38:46","modified_gmt":"2024-04-29T18:38:46","slug":"devcon-11801-wet-surface-repair-putty-uw-polimero-subacuatica","status":"publish","type":"product","link":"https:\/\/tecnimport.com.pe\/web\/productos\/devcon-productos\/devcon-11801-wet-surface-repair-putty-uw-polimero-subacuatica\/","title":{"rendered":"Devcon 11801  Wet Surface Repair Putty (UW) | Pol\u00edmero SubAcu\u00e1tica"},"content":{"rendered":"<h3>Wet Surface Repair Putty (UW)<\/h3>\n<table border=\"0\">\n<tbody>\n<tr>\n<td>&nbsp;<\/p>\n<p>&nbsp;<\/td>\n<td>N\u00ba PARTE<\/td>\n<td><\/td>\n<td align=\"left\" valign=\"middle\">11801<\/td>\n<\/tr>\n<tr>\n<td><\/td>\n<td>TAMA\u00d1O DE ENVASE<\/td>\n<td><\/td>\n<td align=\"left\" valign=\"middle\">1 lb.<\/td>\n<\/tr>\n<tr>\n<td><\/td>\n<td>PROPORCI\u00d3N DE MEZCLA POR VOL\u00daMEN<\/td>\n<td><\/td>\n<td align=\"left\" valign=\"middle\">1:1<\/td>\n<\/tr>\n<tr>\n<td><\/td>\n<td>POT LIFE A 24\u00baC<\/td>\n<td><\/td>\n<td align=\"left\" valign=\"middle\">45 min<\/td>\n<\/tr>\n<tr>\n<td><\/td>\n<td>TEMPERATURA M\u00c1XIMA DE TRABAJO \u00baC<\/td>\n<td><\/td>\n<td align=\"left\" valign=\"middle\">121<\/td>\n<\/tr>\n<tr>\n<td><\/td>\n<td>RESISTENCIA\u00a0COMPRESIVA\u00a0(ASTM D695) psi<\/td>\n<td><\/td>\n<td align=\"left\" valign=\"middle\">5,625<\/td>\n<\/tr>\n<tr>\n<td><\/td>\n<td>DUREZA\u00a0SHORE D\u00a0(ASTM D2240)<\/td>\n<td><\/td>\n<td align=\"left\" valign=\"middle\">82<\/td>\n<\/tr>\n<tr>\n<td><\/td>\n<td>COLOR<\/td>\n<td><\/td>\n<td align=\"left\" valign=\"middle\">Gris<\/td>\n<\/tr>\n<\/tbody>\n<\/table>\n<p>&nbsp;<\/p>\n","protected":false},"excerpt":{"rendered":"<h2><strong>UWet Surface Repair Putty (UW)<\/strong><\/h2>\n<h3><strong>Pol\u00edmero de Reparaci\u00f3n que Fragua Bajo del Agua<\/strong><\/h3>\n<p><strong>UNDERWATER REPAIR PUTTY (UW) | DEVCON 11800 <\/strong> es un Pol\u00edmero resistente al agua para reparar, remendar y reconstruir equipos bajo agua o ambientes habitualmente mojados.<\/p>\n<p><strong class=\"sub_titulo\">Caracter\u00edsticas<\/strong><\/p>\n<ul>\n<li>Se adhiere al acero, hierro,\u00a0aluminio, lat\u00f3n, bronce,<\/li>\n<li>concreto, madera y pl\u00e1sticos.<\/li>\n<li>Penetra la humedad y elimina\u00a0la necesidad de secar\u00a0completamente los substratos<\/li>\n<li>antes de las reparaciones.<\/li>\n<li>Fragua a temperaturas de\u00a0hasta 4\u00b0C.<\/li>\n<\/ul>\n<p><strong class=\"sub_titulo\">Presentaci\u00f3n<\/strong><\/p>\n<table style=\"height: 132px;\" width=\"245\">\n<tbody>\n<tr>\n<td><strong>N\u00ba de Parte<\/strong><\/td>\n<td><strong>Capacidad<\/strong><\/td>\n<\/tr>\n<tr>\n<td>11801<\/td>\n<td>Envase x 1 lb<\/td>\n<\/tr>\n<\/tbody>\n<\/table>\n<p><a class=\"btn ft\" href=\"https:\/\/tecnimport.com.pe\/web\/wp-content\/uploads\/2021\/02\/DEVCON-11800-UNDERWATER-REPAIR-FT.pdf\" target=\"_blank\" rel=\"noopener noreferrer\">Ficha T\u00e9cnica<\/a><\/p>\n","protected":false},"featured_media":3734,"template":"","meta":[],"product_brand":[],"product_cat":[206,218,220],"product_tag":[],"class_list":{"0":"post-6071","1":"product","2":"type-product","3":"status-publish","4":"has-post-thumbnail","6":"product_cat-devcon-productos","7":"product_cat-reparaciones-y-reconstrucciones-metalicas","8":"product_cat-reparaciones-de-emergencia","10":"first","11":"instock","12":"shipping-taxable","13":"product-type-simple"},"yoast_head":"<!-- This site is optimized with the Yoast SEO plugin v26.9 - https:\/\/yoast.com\/product\/yoast-seo-wordpress\/ -->\n<title>Devcon 11801 Wet Surface Repair Putty (UW) | Pol\u00edmero SubAcu\u00e1tica - TECNIMPORT S.A.<\/title>\n<meta name=\"robots\" content=\"index, follow, max-snippet:-1, max-image-preview:large, max-video-preview:-1\" \/>\n<link rel=\"canonical\" href=\"https:\/\/tecnimport.com.pe\/web\/productos\/devcon-productos\/devcon-11801-wet-surface-repair-putty-uw-polimero-subacuatica\/\" \/>\n<meta property=\"og:locale\" content=\"es_ES\" \/>\n<meta property=\"og:type\" content=\"article\" \/>\n<meta property=\"og:title\" content=\"Devcon 11801 Wet Surface Repair Putty (UW) | Pol\u00edmero SubAcu\u00e1tica - TECNIMPORT S.A.\" \/>\n<meta property=\"og:description\" content=\"UWet Surface Repair Putty (UW) Pol\u00edmero de Reparaci\u00f3n que Fragua Bajo del Agua UNDERWATER REPAIR PUTTY (UW) | DEVCON 11800 es un Pol\u00edmero resistente al agua para reparar, remendar y reconstruir equipos bajo agua o ambientes habitualmente mojados.  Caracter\u00edsticas   Se adhiere al acero, hierro,\u00a0aluminio, lat\u00f3n, bronce,  concreto, madera y pl\u00e1sticos.  Penetra la humedad y elimina\u00a0la necesidad de secar\u00a0completamente los substratos  antes de las reparaciones.  Fragua a temperaturas de\u00a0hasta 4\u00b0C.  Presentaci\u00f3n    N\u00ba de Parte Capacidad   11801 Envase x 1 lb    Ficha T\u00e9cnica\" \/>\n<meta property=\"og:url\" content=\"https:\/\/tecnimport.com.pe\/web\/productos\/devcon-productos\/devcon-11801-wet-surface-repair-putty-uw-polimero-subacuatica\/\" \/>\n<meta property=\"og:site_name\" content=\"TECNIMPORT S.A.\" \/>\n<meta property=\"article:modified_time\" content=\"2024-04-29T18:38:46+00:00\" \/>\n<meta property=\"og:image\" content=\"https:\/\/tecnimport.com.pe\/web\/wp-content\/uploads\/2016\/04\/DEVCON-11800-UNDERWATER-REPAIR.gif\" \/>\n\t<meta property=\"og:image:width\" content=\"1000\" \/>\n\t<meta property=\"og:image:height\" content=\"1000\" \/>\n\t<meta property=\"og:image:type\" content=\"image\/gif\" \/>\n<meta name=\"twitter:card\" content=\"summary_large_image\" \/>\n<meta name=\"twitter:label1\" content=\"Precio\" \/>\n\t<meta name=\"twitter:data1\" content=\"\" \/>\n\t<meta name=\"twitter:label2\" content=\"Disponibilidad\" \/>\n\t<meta name=\"twitter:data2\" content=\"Disponible\" \/>\n<script type=\"application\/ld+json\" class=\"yoast-schema-graph\">{\"@context\":\"https:\/\/schema.org\",\"@graph\":[{\"@type\":\"WebPage\",\"@id\":\"https:\/\/tecnimport.com.pe\/web\/productos\/devcon-productos\/devcon-11801-wet-surface-repair-putty-uw-polimero-subacuatica\/\",\"url\":\"https:\/\/tecnimport.com.pe\/web\/productos\/devcon-productos\/devcon-11801-wet-surface-repair-putty-uw-polimero-subacuatica\/\",\"name\":\"Devcon 11801 Wet Surface Repair Putty (UW) | Pol\u00edmero SubAcu\u00e1tica - TECNIMPORT S.A.\",\"isPartOf\":{\"@id\":\"https:\/\/tecnimport.com.pe\/web\/#website\"},\"primaryImageOfPage\":{\"@id\":\"https:\/\/tecnimport.com.pe\/web\/productos\/devcon-productos\/devcon-11801-wet-surface-repair-putty-uw-polimero-subacuatica\/#primaryimage\"},\"image\":{\"@id\":\"https:\/\/tecnimport.com.pe\/web\/productos\/devcon-productos\/devcon-11801-wet-surface-repair-putty-uw-polimero-subacuatica\/#primaryimage\"},\"thumbnailUrl\":\"https:\/\/tecnimport.com.pe\/web\/wp-content\/uploads\/2016\/04\/DEVCON-11800-UNDERWATER-REPAIR.gif\",\"datePublished\":\"2024-04-29T18:38:45+00:00\",\"dateModified\":\"2024-04-29T18:38:46+00:00\",\"breadcrumb\":{\"@id\":\"https:\/\/tecnimport.com.pe\/web\/productos\/devcon-productos\/devcon-11801-wet-surface-repair-putty-uw-polimero-subacuatica\/#breadcrumb\"},\"inLanguage\":\"es\",\"potentialAction\":[{\"@type\":\"ReadAction\",\"target\":[\"https:\/\/tecnimport.com.pe\/web\/productos\/devcon-productos\/devcon-11801-wet-surface-repair-putty-uw-polimero-subacuatica\/\"]}]},{\"@type\":\"ImageObject\",\"inLanguage\":\"es\",\"@id\":\"https:\/\/tecnimport.com.pe\/web\/productos\/devcon-productos\/devcon-11801-wet-surface-repair-putty-uw-polimero-subacuatica\/#primaryimage\",\"url\":\"https:\/\/tecnimport.com.pe\/web\/wp-content\/uploads\/2016\/04\/DEVCON-11800-UNDERWATER-REPAIR.gif\",\"contentUrl\":\"https:\/\/tecnimport.com.pe\/web\/wp-content\/uploads\/2016\/04\/DEVCON-11800-UNDERWATER-REPAIR.gif\",\"width\":1000,\"height\":1000,\"caption\":\"Devcon UnderWater Repair Putty (UW) 11800 - Masilla Ep\u00f3xica de Curado Subacuatico\"},{\"@type\":\"BreadcrumbList\",\"@id\":\"https:\/\/tecnimport.com.pe\/web\/productos\/devcon-productos\/devcon-11801-wet-surface-repair-putty-uw-polimero-subacuatica\/#breadcrumb\",\"itemListElement\":[{\"@type\":\"ListItem\",\"position\":1,\"name\":\"Portada\",\"item\":\"https:\/\/tecnimport.com.pe\/web\/\"},{\"@type\":\"ListItem\",\"position\":2,\"name\":\"Productos\",\"item\":\"https:\/\/tecnimport.com.pe\/web\/productos-navigation\/\"},{\"@type\":\"ListItem\",\"position\":3,\"name\":\"Devcon 11801 Wet Surface Repair Putty (UW) | Pol\u00edmero SubAcu\u00e1tica\"}]},{\"@type\":\"WebSite\",\"@id\":\"https:\/\/tecnimport.com.pe\/web\/#website\",\"url\":\"https:\/\/tecnimport.com.pe\/web\/\",\"name\":\"TECNIMPORT S.A.\",\"description\":\"Representante de Devcon, LPS, Rocol y Procyon en el Per\u00fa\",\"publisher\":{\"@id\":\"https:\/\/tecnimport.com.pe\/web\/#organization\"},\"potentialAction\":[{\"@type\":\"SearchAction\",\"target\":{\"@type\":\"EntryPoint\",\"urlTemplate\":\"https:\/\/tecnimport.com.pe\/web\/?s={search_term_string}\"},\"query-input\":{\"@type\":\"PropertyValueSpecification\",\"valueRequired\":true,\"valueName\":\"search_term_string\"}}],\"inLanguage\":\"es\"},{\"@type\":\"Organization\",\"@id\":\"https:\/\/tecnimport.com.pe\/web\/#organization\",\"name\":\"Tecnimport S.A\",\"url\":\"https:\/\/tecnimport.com.pe\/web\/\",\"logo\":{\"@type\":\"ImageObject\",\"inLanguage\":\"es\",\"@id\":\"https:\/\/tecnimport.com.pe\/web\/#\/schema\/logo\/image\/\",\"url\":\"https:\/\/tecnimport.com.pe\/web\/wp-content\/uploads\/2020\/03\/logo_tecnimport.png\",\"contentUrl\":\"https:\/\/tecnimport.com.pe\/web\/wp-content\/uploads\/2020\/03\/logo_tecnimport.png\",\"width\":367,\"height\":49,\"caption\":\"Tecnimport S.A\"},\"image\":{\"@id\":\"https:\/\/tecnimport.com.pe\/web\/#\/schema\/logo\/image\/\"}}]}<\/script>\n<meta property=\"product:price:amount\" content=\"0.00\" \/>\n<meta property=\"product:price:currency\" content=\"USD\" \/>\n<meta property=\"og:availability\" content=\"instock\" \/>\n<meta property=\"product:availability\" content=\"instock\" \/>\n<meta property=\"product:condition\" content=\"new\" \/>\n<!-- \/ Yoast SEO plugin. -->","yoast_head_json":{"title":"Devcon 11801 Wet Surface Repair Putty (UW) | Pol\u00edmero SubAcu\u00e1tica - TECNIMPORT S.A.","robots":{"index":"index","follow":"follow","max-snippet":"max-snippet:-1","max-image-preview":"max-image-preview:large","max-video-preview":"max-video-preview:-1"},"canonical":"https:\/\/tecnimport.com.pe\/web\/productos\/devcon-productos\/devcon-11801-wet-surface-repair-putty-uw-polimero-subacuatica\/","og_locale":"es_ES","og_type":"article","og_title":"Devcon 11801 Wet Surface Repair Putty (UW) | Pol\u00edmero SubAcu\u00e1tica - TECNIMPORT S.A.","og_description":"UWet Surface Repair Putty (UW) Pol\u00edmero de Reparaci\u00f3n que Fragua Bajo del Agua UNDERWATER REPAIR PUTTY (UW) | DEVCON 11800 es un Pol\u00edmero resistente al agua para reparar, remendar y reconstruir equipos bajo agua o ambientes habitualmente mojados.  Caracter\u00edsticas   Se adhiere al acero, hierro,\u00a0aluminio, lat\u00f3n, bronce,  concreto, madera y pl\u00e1sticos.  Penetra la humedad y elimina\u00a0la necesidad de secar\u00a0completamente los substratos  antes de las reparaciones.  Fragua a temperaturas de\u00a0hasta 4\u00b0C.  Presentaci\u00f3n    N\u00ba de Parte Capacidad   11801 Envase x 1 lb    Ficha T\u00e9cnica","og_url":"https:\/\/tecnimport.com.pe\/web\/productos\/devcon-productos\/devcon-11801-wet-surface-repair-putty-uw-polimero-subacuatica\/","og_site_name":"TECNIMPORT S.A.","article_modified_time":"2024-04-29T18:38:46+00:00","og_image":[{"width":1000,"height":1000,"url":"https:\/\/tecnimport.com.pe\/web\/wp-content\/uploads\/2016\/04\/DEVCON-11800-UNDERWATER-REPAIR.gif","type":"image\/gif"}],"twitter_card":"summary_large_image","twitter_misc":{"Precio":"","Disponibilidad":"Disponible"},"schema":{"@context":"https:\/\/schema.org","@graph":[{"@type":"WebPage","@id":"https:\/\/tecnimport.com.pe\/web\/productos\/devcon-productos\/devcon-11801-wet-surface-repair-putty-uw-polimero-subacuatica\/","url":"https:\/\/tecnimport.com.pe\/web\/productos\/devcon-productos\/devcon-11801-wet-surface-repair-putty-uw-polimero-subacuatica\/","name":"Devcon 11801 Wet Surface Repair Putty (UW) | Pol\u00edmero SubAcu\u00e1tica - TECNIMPORT S.A.","isPartOf":{"@id":"https:\/\/tecnimport.com.pe\/web\/#website"},"primaryImageOfPage":{"@id":"https:\/\/tecnimport.com.pe\/web\/productos\/devcon-productos\/devcon-11801-wet-surface-repair-putty-uw-polimero-subacuatica\/#primaryimage"},"image":{"@id":"https:\/\/tecnimport.com.pe\/web\/productos\/devcon-productos\/devcon-11801-wet-surface-repair-putty-uw-polimero-subacuatica\/#primaryimage"},"thumbnailUrl":"https:\/\/tecnimport.com.pe\/web\/wp-content\/uploads\/2016\/04\/DEVCON-11800-UNDERWATER-REPAIR.gif","datePublished":"2024-04-29T18:38:45+00:00","dateModified":"2024-04-29T18:38:46+00:00","breadcrumb":{"@id":"https:\/\/tecnimport.com.pe\/web\/productos\/devcon-productos\/devcon-11801-wet-surface-repair-putty-uw-polimero-subacuatica\/#breadcrumb"},"inLanguage":"es","potentialAction":[{"@type":"ReadAction","target":["https:\/\/tecnimport.com.pe\/web\/productos\/devcon-productos\/devcon-11801-wet-surface-repair-putty-uw-polimero-subacuatica\/"]}]},{"@type":"ImageObject","inLanguage":"es","@id":"https:\/\/tecnimport.com.pe\/web\/productos\/devcon-productos\/devcon-11801-wet-surface-repair-putty-uw-polimero-subacuatica\/#primaryimage","url":"https:\/\/tecnimport.com.pe\/web\/wp-content\/uploads\/2016\/04\/DEVCON-11800-UNDERWATER-REPAIR.gif","contentUrl":"https:\/\/tecnimport.com.pe\/web\/wp-content\/uploads\/2016\/04\/DEVCON-11800-UNDERWATER-REPAIR.gif","width":1000,"height":1000,"caption":"Devcon UnderWater Repair Putty (UW) 11800 - Masilla Ep\u00f3xica de Curado Subacuatico"},{"@type":"BreadcrumbList","@id":"https:\/\/tecnimport.com.pe\/web\/productos\/devcon-productos\/devcon-11801-wet-surface-repair-putty-uw-polimero-subacuatica\/#breadcrumb","itemListElement":[{"@type":"ListItem","position":1,"name":"Portada","item":"https:\/\/tecnimport.com.pe\/web\/"},{"@type":"ListItem","position":2,"name":"Productos","item":"https:\/\/tecnimport.com.pe\/web\/productos-navigation\/"},{"@type":"ListItem","position":3,"name":"Devcon 11801 Wet Surface Repair Putty (UW) | Pol\u00edmero SubAcu\u00e1tica"}]},{"@type":"WebSite","@id":"https:\/\/tecnimport.com.pe\/web\/#website","url":"https:\/\/tecnimport.com.pe\/web\/","name":"TECNIMPORT S.A.","description":"Representante de Devcon, LPS, Rocol y Procyon en el Per\u00fa","publisher":{"@id":"https:\/\/tecnimport.com.pe\/web\/#organization"},"potentialAction":[{"@type":"SearchAction","target":{"@type":"EntryPoint","urlTemplate":"https:\/\/tecnimport.com.pe\/web\/?s={search_term_string}"},"query-input":{"@type":"PropertyValueSpecification","valueRequired":true,"valueName":"search_term_string"}}],"inLanguage":"es"},{"@type":"Organization","@id":"https:\/\/tecnimport.com.pe\/web\/#organization","name":"Tecnimport S.A","url":"https:\/\/tecnimport.com.pe\/web\/","logo":{"@type":"ImageObject","inLanguage":"es","@id":"https:\/\/tecnimport.com.pe\/web\/#\/schema\/logo\/image\/","url":"https:\/\/tecnimport.com.pe\/web\/wp-content\/uploads\/2020\/03\/logo_tecnimport.png","contentUrl":"https:\/\/tecnimport.com.pe\/web\/wp-content\/uploads\/2020\/03\/logo_tecnimport.png","width":367,"height":49,"caption":"Tecnimport S.A"},"image":{"@id":"https:\/\/tecnimport.com.pe\/web\/#\/schema\/logo\/image\/"}}]},"product_price_amount":"0.00","product_price_currency":"USD","og_availability":"instock","product_availability":"instock","product_condition":"new"},"_links":{"self":[{"href":"https:\/\/tecnimport.com.pe\/web\/wp-json\/wp\/v2\/product\/6071","targetHints":{"allow":["GET"]}}],"collection":[{"href":"https:\/\/tecnimport.com.pe\/web\/wp-json\/wp\/v2\/product"}],"about":[{"href":"https:\/\/tecnimport.com.pe\/web\/wp-json\/wp\/v2\/types\/product"}],"wp:featuredmedia":[{"embeddable":true,"href":"https:\/\/tecnimport.com.pe\/web\/wp-json\/wp\/v2\/media\/3734"}],"wp:attachment":[{"href":"https:\/\/tecnimport.com.pe\/web\/wp-json\/wp\/v2\/media?parent=6071"}],"wp:term":[{"taxonomy":"product_brand","embeddable":true,"href":"https:\/\/tecnimport.com.pe\/web\/wp-json\/wp\/v2\/product_brand?post=6071"},{"taxonomy":"product_cat","embeddable":true,"href":"https:\/\/tecnimport.com.pe\/web\/wp-json\/wp\/v2\/product_cat?post=6071"},{"taxonomy":"product_tag","embeddable":true,"href":"https:\/\/tecnimport.com.pe\/web\/wp-json\/wp\/v2\/product_tag?post=6071"}],"curies":[{"name":"wp","href":"https:\/\/api.w.org\/{rel}","templated":true}]}}