{"id":6068,"date":"2024-04-23T09:45:26","date_gmt":"2024-04-23T14:45:26","guid":{"rendered":"https:\/\/tecnimport.com.pe\/web\/?post_type=product&#038;p=6068"},"modified":"2024-09-09T09:59:33","modified_gmt":"2024-09-09T14:59:33","slug":"devcon-wearing-compound-alta-temperatura-devcon-wear-guard-high-temp","status":"publish","type":"product","link":"https:\/\/tecnimport.com.pe\/web\/productos\/devcon-productos\/wearing-compound\/devcon-wearing-compound-alta-temperatura-devcon-wear-guard-high-temp\/","title":{"rendered":"DEVCON WEAR GUARD HIGH TEMP"},"content":{"rendered":"<div class=\"wpb-content-wrapper\"><p>[vc_row][vc_column][vc_row_inner][vc_column_inner][vc_column_text woodmart_inline=\u00bbno\u00bb text_larger=\u00bbno\u00bb]<\/p>\n<h3><strong class=\"subtitulo_prod\">DEVCON WEAR GUARD HIGH TEMP &#8211; WEARING COMPOUND ALTA TEMPERATURA<\/strong><\/h3>\n<p><strong class=\"subtitulo_prod\">Presentaci\u00f3n &amp; Fichas<\/strong><\/p>\n<div class=\"table-container\">\n<table class=\"responsive-table\">\n<thead>\n<tr>\n<th style=\"text-align: center;\">N\u00ba de Parte<\/th>\n<th style=\"text-align: center;\">Capacidad<\/th>\n<th style=\"text-align: center;\">Envase<\/th>\n<th style=\"text-align: center;\"><i class=\"fas fa-download\"><\/i> Ficha T\u00e9cnica<\/th>\n<\/tr>\n<\/thead>\n<tbody>\n<tr>\n<td style=\"text-align: center;\">11483<\/td>\n<td style=\"text-align: center;\">24 lb<\/td>\n<td style=\"text-align: center;\">Envase<\/td>\n<td style=\"text-align: center;\"><a href=\"https:\/\/tecnimport.com.pe\/web\/wp-content\/uploads\/2024\/09\/DEVCON-WEAR-GUARD-HIGH-TEMP-TECNIMPORT-ANTIABRASIVO-ALTA-TEMPERATURA-WEARING-FICHA-TECNICA.pdf\" target=\"_blank\" rel=\"noopener\"><i class=\"fas fa-download\"><\/i><\/a><\/td>\n<\/tr>\n<\/tbody>\n<\/table>\n<\/div>\n<p>[\/vc_column_text][\/vc_column_inner][\/vc_row_inner][\/vc_column][\/vc_row][vc_row][vc_column width=\u00bb1\/3&#8243;][vc_column_text woodmart_inline=\u00bbno\u00bb text_larger=\u00bbno\u00bb]<strong class=\"subtitulo_prod\">Otras Caracter\u00edsticas<\/strong><\/p>\n<ul>\n<li>Sistema termoendurecible que se puede aplicar con llana y que ofrece hasta un 30 % de mejora con respecto a los compuestos antidesgaste convencionales<\/li>\n<li>Soporta temperaturas de servicio continuo de hasta 450 \u00b0F<\/li>\n<li>Resistencia inigualable a muchos \u00e1cidos, bases, sales y solventes<\/li>\n<li>Excelente resistencia a la abrasi\u00f3n de todos los tama\u00f1os de materiales y part\u00edculas en aplicaciones de altas temperaturas, como extractores, pulverizadores y ciclones<\/li>\n<\/ul>\n<p>[\/vc_column_text][\/vc_column][vc_column width=\u00bb1\/3&#8243;][vc_column_text woodmart_inline=\u00bbno\u00bb text_larger=\u00bbno\u00bb]<strong class=\"subtitulo_prod\">Aplicaciones<\/strong><\/p>\n<ul>\n<li>reparaci\u00f3n de depuradores<\/li>\n<li>Chutes<\/li>\n<li>Colectores de polvo y cenizas<\/li>\n<li>Codos de tuber\u00edas<\/li>\n<li>Pantallas y rampas<\/li>\n<li>Chipeadores<\/li>\n<\/ul>\n<p>[\/vc_column_text][\/vc_column][vc_column width=\u00bb1\/3&#8243;][vc_column_text woodmart_inline=\u00bbno\u00bb text_larger=\u00bbno\u00bb]<strong class=\"subtitulo_prod\">Aplicaciones<\/strong><\/p>\n<ul>\n<li>Bins<\/li>\n<li>Tolvas<\/li>\n<li>Tanques<\/li>\n<li>Separadores<\/li>\n<li>Mesas Deister<\/li>\n<\/ul>\n<p>[\/vc_column_text][\/vc_column][\/vc_row][vc_row][vc_column width=\u00bb1\/3&#8243;][vc_column_text woodmart_inline=\u00bbno\u00bb text_larger=\u00bbno\u00bb]<strong class=\"subtitulo_prod\">Marca &amp; Fabricante<\/strong><\/p>\n<table class=\"table\">\n<tbody>\n<tr>\n<td>Marca<\/td>\n<td><strong><a href=\"https:\/\/tecnimport.com.pe\/web\/devcon-peru\/\" target=\"_blank\" rel=\"noopener\">DEVCON<\/a><\/strong><\/td>\n<\/tr>\n<tr>\n<td>Fabricante<\/td>\n<td><strong><a href=\"https:\/\/itwperformancepolymers.com\/products\/devcon\/wearing-compounds\/devcon-wear-guard-high-temp\" target=\"_blank\" rel=\"noopener\">ITW Performance polymers<\/a><\/strong><\/td>\n<\/tr>\n<\/tbody>\n<\/table>\n<p>[\/vc_column_text][\/vc_column][vc_column width=\u00bb1\/3&#8243;][vc_column_text woodmart_inline=\u00bbno\u00bb text_larger=\u00bbno\u00bb]<strong class=\"subtitulo_prod\">Aplicaci\u00f3n<\/strong>[\/vc_column_text][vc_single_image image=\u00bb6444&#8243; img_size=\u00bblarge\u00bb add_caption=\u00bbyes\u00bb alignment=\u00bbcenter\u00bb parallax_scroll=\u00bbno\u00bb woodmart_inline=\u00bbno\u00bb][\/vc_column][vc_column width=\u00bb1\/3&#8243;][\/vc_column][\/vc_row][vc_row][\/vc_row][vc_column][vc_column_text woodmart_inline=\u00bbno\u00bb text_larger=\u00bbno\u00bb]<strong class=\"subtitulo_prod\">Propiedades F\u00edsicas<\/strong><\/p>\n<table class=\"table\">\n<thead><\/thead>\n<tbody>\n<tr>\n<td>COLOR<\/td>\n<td>Gris<\/td>\n<\/tr>\n<tr>\n<td>PROPORCI\u00d3N DE MEZCLA POR VOLUMEN<\/td>\n<td>Resina 6: Endurecedor 1<\/td>\n<\/tr>\n<tr>\n<td>PROPORCI\u00d3N DE MEZCLA POR PESO<\/td>\n<td>Resina 13.7: Endurecedor 1<\/td>\n<\/tr>\n<tr>\n<td>% DE S\u00d3LIDOS POR VOLUMEN<\/td>\n<td>100<\/td>\n<\/tr>\n<tr>\n<td>VIDA \u00daTIL DE LA MEZCLA A 25 OC \/ MINUTOS 120<\/td>\n<td>120<\/td>\n<\/tr>\n<tr>\n<td>VOLUMEN ESPEC\u00cdFICO CC\/KG<\/td>\n<td>100<\/td>\n<\/tr>\n<tr>\n<td>GRAVEDAD ESPEC\u00cdFICA<\/td>\n<td>1,94<\/td>\n<\/tr>\n<tr>\n<td>RESISTENCIA A LA TEMPERATURA \/ OC<\/td>\n<td>H\u00famedo 150\u00b0C Seco 230\u00b0C<\/td>\n<\/tr>\n<tr>\n<td>COBERTURA<\/td>\n<td>0,103 m2\/kg a 5 mm<\/td>\n<\/tr>\n<tr>\n<td>RETRACCI\u00d3N DE CURADO CM\/CM<\/td>\n<td>0,001<\/td>\n<\/tr>\n<tr>\n<td>DUREZA DE CURADO \/ SHORE<\/td>\n<td>D 87 D<\/td>\n<\/tr>\n<tr>\n<td>RESISTENCIA DIEL\u00c9CTRICA KV\/MM<\/td>\n<td>12<\/td>\n<\/tr>\n<tr>\n<td>CARGA DE TRACCI\u00d3N DEL ADHESIVO \/ MPA<\/td>\n<td>15,85<\/td>\n<\/tr>\n<tr>\n<td>COEFICIENTE DE EXPANSI\u00d3N T\u00c9RMICA X10-6 CM\/CM\/OC<\/td>\n<td>34<\/td>\n<\/tr>\n<tr>\n<td>ESPESOR DE CADA CAPA \/ MM<\/td>\n<td>Seg\u00fan se requiera<\/td>\n<\/tr>\n<tr>\n<td>TIEMPO DE CURADO FUNCIONAL \/ HORAS<\/td>\n<td>16*<\/td>\n<\/tr>\n<tr>\n<td>TIEMPO PARA LA NUEVA APLICACI\u00d3N \/ HORAS<\/td>\n<td>2-4<\/td>\n<\/tr>\n<tr>\n<td>VISCOSIDAD DE LA MEZCLA \/ CPS<\/td>\n<td>Masilla tixotr\u00f3pica<\/td>\n<\/tr>\n<\/tbody>\n<\/table>\n<p>[\/vc_column_text][\/vc_column]<\/p>\n<\/div>","protected":false},"excerpt":{"rendered":"<h2 class=\"h2_subtitulo\"><i>WEARING COMPOUND ALTA TEMPERATURA<\/i><\/h2>\n<p>DEVCON WEAR GUARD HIGH TEMP 11483 es un sistema ep\u00f3xico relleno de perlas de cer\u00e1mica de alta densidad y alta temperatura para m\u00e1xima resistencia al desgaste y a la abrasi\u00f3n en equipos de procesamiento.<\/p>\n","protected":false},"featured_media":6444,"template":"","meta":[],"product_brand":[],"product_cat":[206,221],"product_tag":[],"class_list":{"0":"post-6068","1":"product","2":"type-product","3":"status-publish","4":"has-post-thumbnail","6":"product_cat-devcon-productos","7":"product_cat-wearing-compound","9":"first","10":"instock","11":"shipping-taxable","12":"purchasable","13":"product-type-simple"},"yoast_head":"<!-- This site is optimized with the Yoast SEO plugin v26.9 - https:\/\/yoast.com\/product\/yoast-seo-wordpress\/ -->\n<title>DEVCON WEAR GUARD HIGH TEMP - ALTA TEMPERATURA<\/title>\n<meta name=\"description\" content=\"DEVCON WEAR GUARD HIGH TEMP ep\u00f3xico relleno de perlas de cer\u00e1mica de alta densidad y alta temperatura para m\u00e1xima resistencia al desgaste y abrasi\u00f3n.\" \/>\n<meta name=\"robots\" content=\"index, follow, max-snippet:-1, max-image-preview:large, max-video-preview:-1\" \/>\n<link rel=\"canonical\" href=\"https:\/\/tecnimport.com.pe\/web\/productos\/devcon-productos\/wearing-compound\/devcon-wearing-compound-alta-temperatura-devcon-wear-guard-high-temp\/\" \/>\n<meta property=\"og:locale\" content=\"es_ES\" \/>\n<meta property=\"og:type\" content=\"article\" \/>\n<meta property=\"og:title\" content=\"DEVCON WEAR GUARD HIGH TEMP - ALTA TEMPERATURA\" \/>\n<meta property=\"og:description\" content=\"DEVCON WEAR GUARD HIGH TEMP ep\u00f3xico relleno de perlas de cer\u00e1mica de alta densidad y alta temperatura para m\u00e1xima resistencia al desgaste y abrasi\u00f3n.\" \/>\n<meta property=\"og:url\" content=\"https:\/\/tecnimport.com.pe\/web\/productos\/devcon-productos\/wearing-compound\/devcon-wearing-compound-alta-temperatura-devcon-wear-guard-high-temp\/\" \/>\n<meta property=\"og:site_name\" content=\"TECNIMPORT S.A.\" \/>\n<meta property=\"article:modified_time\" content=\"2024-09-09T14:59:33+00:00\" \/>\n<meta property=\"og:image\" content=\"https:\/\/tecnimport.com.pe\/web\/wp-content\/uploads\/2024\/04\/DEVCON-WEAR-GUARD-HIGH-TEMP-11483-TECNIMPORT-WEARING-PARA-ALTA-TEMPERATURA.gif\" \/>\n\t<meta property=\"og:image:width\" content=\"1000\" \/>\n\t<meta property=\"og:image:height\" content=\"1000\" \/>\n\t<meta property=\"og:image:type\" content=\"image\/gif\" \/>\n<meta name=\"twitter:card\" content=\"summary_large_image\" \/>\n<meta name=\"twitter:label1\" content=\"Precio\" \/>\n\t<meta name=\"twitter:data1\" content=\"&#036;1.00\" \/>\n\t<meta name=\"twitter:label2\" content=\"Disponibilidad\" \/>\n\t<meta name=\"twitter:data2\" content=\"Disponible\" \/>\n<script type=\"application\/ld+json\" class=\"yoast-schema-graph\">{\"@context\":\"https:\/\/schema.org\",\"@graph\":[{\"@type\":\"WebPage\",\"@id\":\"https:\/\/tecnimport.com.pe\/web\/productos\/devcon-productos\/wearing-compound\/devcon-wearing-compound-alta-temperatura-devcon-wear-guard-high-temp\/\",\"url\":\"https:\/\/tecnimport.com.pe\/web\/productos\/devcon-productos\/wearing-compound\/devcon-wearing-compound-alta-temperatura-devcon-wear-guard-high-temp\/\",\"name\":\"DEVCON WEAR GUARD HIGH TEMP - ALTA TEMPERATURA\",\"isPartOf\":{\"@id\":\"https:\/\/tecnimport.com.pe\/web\/#website\"},\"primaryImageOfPage\":{\"@id\":\"https:\/\/tecnimport.com.pe\/web\/productos\/devcon-productos\/wearing-compound\/devcon-wearing-compound-alta-temperatura-devcon-wear-guard-high-temp\/#primaryimage\"},\"image\":{\"@id\":\"https:\/\/tecnimport.com.pe\/web\/productos\/devcon-productos\/wearing-compound\/devcon-wearing-compound-alta-temperatura-devcon-wear-guard-high-temp\/#primaryimage\"},\"thumbnailUrl\":\"https:\/\/tecnimport.com.pe\/web\/wp-content\/uploads\/2024\/04\/DEVCON-WEAR-GUARD-HIGH-TEMP-11483-TECNIMPORT-WEARING-PARA-ALTA-TEMPERATURA.gif\",\"datePublished\":\"2024-04-23T14:45:26+00:00\",\"dateModified\":\"2024-09-09T14:59:33+00:00\",\"description\":\"DEVCON WEAR GUARD HIGH TEMP ep\u00f3xico relleno de perlas de cer\u00e1mica de alta densidad y alta temperatura para m\u00e1xima resistencia al desgaste y abrasi\u00f3n.\",\"breadcrumb\":{\"@id\":\"https:\/\/tecnimport.com.pe\/web\/productos\/devcon-productos\/wearing-compound\/devcon-wearing-compound-alta-temperatura-devcon-wear-guard-high-temp\/#breadcrumb\"},\"inLanguage\":\"es\",\"potentialAction\":[{\"@type\":\"ReadAction\",\"target\":[\"https:\/\/tecnimport.com.pe\/web\/productos\/devcon-productos\/wearing-compound\/devcon-wearing-compound-alta-temperatura-devcon-wear-guard-high-temp\/\"]}]},{\"@type\":\"ImageObject\",\"inLanguage\":\"es\",\"@id\":\"https:\/\/tecnimport.com.pe\/web\/productos\/devcon-productos\/wearing-compound\/devcon-wearing-compound-alta-temperatura-devcon-wear-guard-high-temp\/#primaryimage\",\"url\":\"https:\/\/tecnimport.com.pe\/web\/wp-content\/uploads\/2024\/04\/DEVCON-WEAR-GUARD-HIGH-TEMP-11483-TECNIMPORT-WEARING-PARA-ALTA-TEMPERATURA.gif\",\"contentUrl\":\"https:\/\/tecnimport.com.pe\/web\/wp-content\/uploads\/2024\/04\/DEVCON-WEAR-GUARD-HIGH-TEMP-11483-TECNIMPORT-WEARING-PARA-ALTA-TEMPERATURA.gif\",\"width\":1000,\"height\":1000,\"caption\":\"DEVCON-WEAR-GUARD HIGH TEMP 11483 WEARING PARA ALTA TEMPERATURA.\"},{\"@type\":\"BreadcrumbList\",\"@id\":\"https:\/\/tecnimport.com.pe\/web\/productos\/devcon-productos\/wearing-compound\/devcon-wearing-compound-alta-temperatura-devcon-wear-guard-high-temp\/#breadcrumb\",\"itemListElement\":[{\"@type\":\"ListItem\",\"position\":1,\"name\":\"Portada\",\"item\":\"https:\/\/tecnimport.com.pe\/web\/\"},{\"@type\":\"ListItem\",\"position\":2,\"name\":\"Productos\",\"item\":\"https:\/\/tecnimport.com.pe\/web\/productos-navigation\/\"},{\"@type\":\"ListItem\",\"position\":3,\"name\":\"DEVCON WEAR GUARD HIGH TEMP\"}]},{\"@type\":\"WebSite\",\"@id\":\"https:\/\/tecnimport.com.pe\/web\/#website\",\"url\":\"https:\/\/tecnimport.com.pe\/web\/\",\"name\":\"TECNIMPORT S.A.\",\"description\":\"Representante de Devcon, LPS, Rocol y Procyon en el Per\u00fa\",\"publisher\":{\"@id\":\"https:\/\/tecnimport.com.pe\/web\/#organization\"},\"potentialAction\":[{\"@type\":\"SearchAction\",\"target\":{\"@type\":\"EntryPoint\",\"urlTemplate\":\"https:\/\/tecnimport.com.pe\/web\/?s={search_term_string}\"},\"query-input\":{\"@type\":\"PropertyValueSpecification\",\"valueRequired\":true,\"valueName\":\"search_term_string\"}}],\"inLanguage\":\"es\"},{\"@type\":\"Organization\",\"@id\":\"https:\/\/tecnimport.com.pe\/web\/#organization\",\"name\":\"Tecnimport S.A\",\"url\":\"https:\/\/tecnimport.com.pe\/web\/\",\"logo\":{\"@type\":\"ImageObject\",\"inLanguage\":\"es\",\"@id\":\"https:\/\/tecnimport.com.pe\/web\/#\/schema\/logo\/image\/\",\"url\":\"https:\/\/tecnimport.com.pe\/web\/wp-content\/uploads\/2020\/03\/logo_tecnimport.png\",\"contentUrl\":\"https:\/\/tecnimport.com.pe\/web\/wp-content\/uploads\/2020\/03\/logo_tecnimport.png\",\"width\":367,\"height\":49,\"caption\":\"Tecnimport S.A\"},\"image\":{\"@id\":\"https:\/\/tecnimport.com.pe\/web\/#\/schema\/logo\/image\/\"}}]}<\/script>\n<meta property=\"product:price:amount\" content=\"1.00\" \/>\n<meta property=\"product:price:currency\" content=\"USD\" \/>\n<meta property=\"og:availability\" content=\"instock\" \/>\n<meta property=\"product:availability\" content=\"instock\" \/>\n<meta property=\"product:retailer_item_id\" content=\"11483\" \/>\n<meta property=\"product:condition\" content=\"new\" \/>\n<!-- \/ Yoast SEO plugin. -->","yoast_head_json":{"title":"DEVCON WEAR GUARD HIGH TEMP - ALTA TEMPERATURA","description":"DEVCON WEAR GUARD HIGH TEMP ep\u00f3xico relleno de perlas de cer\u00e1mica de alta densidad y alta temperatura para m\u00e1xima resistencia al desgaste y abrasi\u00f3n.","robots":{"index":"index","follow":"follow","max-snippet":"max-snippet:-1","max-image-preview":"max-image-preview:large","max-video-preview":"max-video-preview:-1"},"canonical":"https:\/\/tecnimport.com.pe\/web\/productos\/devcon-productos\/wearing-compound\/devcon-wearing-compound-alta-temperatura-devcon-wear-guard-high-temp\/","og_locale":"es_ES","og_type":"article","og_title":"DEVCON WEAR GUARD HIGH TEMP - ALTA TEMPERATURA","og_description":"DEVCON WEAR GUARD HIGH TEMP ep\u00f3xico relleno de perlas de cer\u00e1mica de alta densidad y alta temperatura para m\u00e1xima resistencia al desgaste y abrasi\u00f3n.","og_url":"https:\/\/tecnimport.com.pe\/web\/productos\/devcon-productos\/wearing-compound\/devcon-wearing-compound-alta-temperatura-devcon-wear-guard-high-temp\/","og_site_name":"TECNIMPORT S.A.","article_modified_time":"2024-09-09T14:59:33+00:00","og_image":[{"width":1000,"height":1000,"url":"https:\/\/tecnimport.com.pe\/web\/wp-content\/uploads\/2024\/04\/DEVCON-WEAR-GUARD-HIGH-TEMP-11483-TECNIMPORT-WEARING-PARA-ALTA-TEMPERATURA.gif","type":"image\/gif"}],"twitter_card":"summary_large_image","twitter_misc":{"Precio":"&#36;1.00","Disponibilidad":"Disponible"},"schema":{"@context":"https:\/\/schema.org","@graph":[{"@type":"WebPage","@id":"https:\/\/tecnimport.com.pe\/web\/productos\/devcon-productos\/wearing-compound\/devcon-wearing-compound-alta-temperatura-devcon-wear-guard-high-temp\/","url":"https:\/\/tecnimport.com.pe\/web\/productos\/devcon-productos\/wearing-compound\/devcon-wearing-compound-alta-temperatura-devcon-wear-guard-high-temp\/","name":"DEVCON WEAR GUARD HIGH TEMP - ALTA TEMPERATURA","isPartOf":{"@id":"https:\/\/tecnimport.com.pe\/web\/#website"},"primaryImageOfPage":{"@id":"https:\/\/tecnimport.com.pe\/web\/productos\/devcon-productos\/wearing-compound\/devcon-wearing-compound-alta-temperatura-devcon-wear-guard-high-temp\/#primaryimage"},"image":{"@id":"https:\/\/tecnimport.com.pe\/web\/productos\/devcon-productos\/wearing-compound\/devcon-wearing-compound-alta-temperatura-devcon-wear-guard-high-temp\/#primaryimage"},"thumbnailUrl":"https:\/\/tecnimport.com.pe\/web\/wp-content\/uploads\/2024\/04\/DEVCON-WEAR-GUARD-HIGH-TEMP-11483-TECNIMPORT-WEARING-PARA-ALTA-TEMPERATURA.gif","datePublished":"2024-04-23T14:45:26+00:00","dateModified":"2024-09-09T14:59:33+00:00","description":"DEVCON WEAR GUARD HIGH TEMP ep\u00f3xico relleno de perlas de cer\u00e1mica de alta densidad y alta temperatura para m\u00e1xima resistencia al desgaste y abrasi\u00f3n.","breadcrumb":{"@id":"https:\/\/tecnimport.com.pe\/web\/productos\/devcon-productos\/wearing-compound\/devcon-wearing-compound-alta-temperatura-devcon-wear-guard-high-temp\/#breadcrumb"},"inLanguage":"es","potentialAction":[{"@type":"ReadAction","target":["https:\/\/tecnimport.com.pe\/web\/productos\/devcon-productos\/wearing-compound\/devcon-wearing-compound-alta-temperatura-devcon-wear-guard-high-temp\/"]}]},{"@type":"ImageObject","inLanguage":"es","@id":"https:\/\/tecnimport.com.pe\/web\/productos\/devcon-productos\/wearing-compound\/devcon-wearing-compound-alta-temperatura-devcon-wear-guard-high-temp\/#primaryimage","url":"https:\/\/tecnimport.com.pe\/web\/wp-content\/uploads\/2024\/04\/DEVCON-WEAR-GUARD-HIGH-TEMP-11483-TECNIMPORT-WEARING-PARA-ALTA-TEMPERATURA.gif","contentUrl":"https:\/\/tecnimport.com.pe\/web\/wp-content\/uploads\/2024\/04\/DEVCON-WEAR-GUARD-HIGH-TEMP-11483-TECNIMPORT-WEARING-PARA-ALTA-TEMPERATURA.gif","width":1000,"height":1000,"caption":"DEVCON-WEAR-GUARD HIGH TEMP 11483 WEARING PARA ALTA TEMPERATURA."},{"@type":"BreadcrumbList","@id":"https:\/\/tecnimport.com.pe\/web\/productos\/devcon-productos\/wearing-compound\/devcon-wearing-compound-alta-temperatura-devcon-wear-guard-high-temp\/#breadcrumb","itemListElement":[{"@type":"ListItem","position":1,"name":"Portada","item":"https:\/\/tecnimport.com.pe\/web\/"},{"@type":"ListItem","position":2,"name":"Productos","item":"https:\/\/tecnimport.com.pe\/web\/productos-navigation\/"},{"@type":"ListItem","position":3,"name":"DEVCON WEAR GUARD HIGH TEMP"}]},{"@type":"WebSite","@id":"https:\/\/tecnimport.com.pe\/web\/#website","url":"https:\/\/tecnimport.com.pe\/web\/","name":"TECNIMPORT S.A.","description":"Representante de Devcon, LPS, Rocol y Procyon en el Per\u00fa","publisher":{"@id":"https:\/\/tecnimport.com.pe\/web\/#organization"},"potentialAction":[{"@type":"SearchAction","target":{"@type":"EntryPoint","urlTemplate":"https:\/\/tecnimport.com.pe\/web\/?s={search_term_string}"},"query-input":{"@type":"PropertyValueSpecification","valueRequired":true,"valueName":"search_term_string"}}],"inLanguage":"es"},{"@type":"Organization","@id":"https:\/\/tecnimport.com.pe\/web\/#organization","name":"Tecnimport S.A","url":"https:\/\/tecnimport.com.pe\/web\/","logo":{"@type":"ImageObject","inLanguage":"es","@id":"https:\/\/tecnimport.com.pe\/web\/#\/schema\/logo\/image\/","url":"https:\/\/tecnimport.com.pe\/web\/wp-content\/uploads\/2020\/03\/logo_tecnimport.png","contentUrl":"https:\/\/tecnimport.com.pe\/web\/wp-content\/uploads\/2020\/03\/logo_tecnimport.png","width":367,"height":49,"caption":"Tecnimport S.A"},"image":{"@id":"https:\/\/tecnimport.com.pe\/web\/#\/schema\/logo\/image\/"}}]},"product_price_amount":"1.00","product_price_currency":"USD","og_availability":"instock","product_availability":"instock","product_retailer_item_id":"11483","product_condition":"new"},"_links":{"self":[{"href":"https:\/\/tecnimport.com.pe\/web\/wp-json\/wp\/v2\/product\/6068","targetHints":{"allow":["GET"]}}],"collection":[{"href":"https:\/\/tecnimport.com.pe\/web\/wp-json\/wp\/v2\/product"}],"about":[{"href":"https:\/\/tecnimport.com.pe\/web\/wp-json\/wp\/v2\/types\/product"}],"wp:featuredmedia":[{"embeddable":true,"href":"https:\/\/tecnimport.com.pe\/web\/wp-json\/wp\/v2\/media\/6444"}],"wp:attachment":[{"href":"https:\/\/tecnimport.com.pe\/web\/wp-json\/wp\/v2\/media?parent=6068"}],"wp:term":[{"taxonomy":"product_brand","embeddable":true,"href":"https:\/\/tecnimport.com.pe\/web\/wp-json\/wp\/v2\/product_brand?post=6068"},{"taxonomy":"product_cat","embeddable":true,"href":"https:\/\/tecnimport.com.pe\/web\/wp-json\/wp\/v2\/product_cat?post=6068"},{"taxonomy":"product_tag","embeddable":true,"href":"https:\/\/tecnimport.com.pe\/web\/wp-json\/wp\/v2\/product_tag?post=6068"}],"curies":[{"name":"wp","href":"https:\/\/api.w.org\/{rel}","templated":true}]}}