{"id":5651,"date":"2023-07-27T12:06:40","date_gmt":"2023-07-27T17:06:40","guid":{"rendered":"https:\/\/tecnimport.com.pe\/web\/?post_type=product&#038;p=5651"},"modified":"2025-10-20T11:09:05","modified_gmt":"2025-10-20T16:09:05","slug":"korrobond-65-crusher-backing-compound","status":"publish","type":"product","link":"https:\/\/tecnimport.com.pe\/web\/productos\/korrobond-65-backing-compund\/korrobond-65-crusher-backing-compound\/","title":{"rendered":"Korrobond 65 Crusher Backing Compound"},"content":{"rendered":"<div class=\"wpb-content-wrapper\"><p>[vc_row][vc_column][vc_row_inner][vc_column_inner][vc_column_text css=\u00bb\u00bb woodmart_inline=\u00bbno\u00bb text_larger=\u00bbno\u00bb]<strong class=\"subtitulo_prod\">Korrobond 65 Crusher Backing Compound &#8211; Respaldo para Forro de Chancadoras<\/strong><\/p>\n<h5><strong class=\"subtitulo_prod\">Presentaci\u00f3n &amp; Fichas<\/strong><\/h5>\n<div class=\"table-container\">\n<table class=\"responsive-table\">\n<thead>\n<tr>\n<th style=\"text-align: center;\">N\u00ba de Parte<\/th>\n<th style=\"text-align: center;\">Capacidad<\/th>\n<th style=\"text-align: center;\">Envase<\/th>\n<th style=\"text-align: center;\"><i class=\"fas fa-download\"><\/i>Ficha T\u00e9cnica (TDS)<\/th>\n<\/tr>\n<\/thead>\n<tbody>\n<tr>\n<td style=\"text-align: center;\">81065<\/td>\n<td style=\"text-align: center;\">10 kg \/ 22 lb<\/td>\n<td style=\"text-align: center;\">Envase<\/td>\n<td style=\"text-align: center;\"><a href=\"https:\/\/tecnimport.com.pe\/web\/wp-content\/uploads\/2023\/07\/Korrobond-65-HighPerformance-TDS-V1.pdf\" target=\"_blank\" rel=\"noopener\"><i class=\"fas fa-download\"><\/i>Descargar<\/a><\/td>\n<\/tr>\n<tr>\n<td style=\"text-align: center;\">81070<\/td>\n<td style=\"text-align: center;\">20 kg \/ 44 lb<\/td>\n<td style=\"text-align: center;\">Envase<\/td>\n<td style=\"text-align: center;\"><a href=\"https:\/\/tecnimport.com.pe\/web\/wp-content\/uploads\/2023\/07\/Korrobond-65-HighPerformance-TDS-V1.pdf\" target=\"_blank\" rel=\"noopener\"><i class=\"fas fa-download\"><\/i>Descargar<\/a><\/td>\n<\/tr>\n<\/tbody>\n<\/table>\n<\/div>\n<p>[\/vc_column_text][\/vc_column_inner][\/vc_row_inner][\/vc_column][\/vc_row][vc_row][vc_column width=\u00bb1\/3&#8243;][vc_column_text css=\u00bb\u00bb woodmart_inline=\u00bbno\u00bb text_larger=\u00bbno\u00bb]<\/p>\n<h5><strong class=\"subtitulo_prod\">Otras Caracter\u00edsticas<\/strong><\/h5>\n<ul>\n<li>Prolonga la vida \u00fatil de las trituradoras primarias giratorias y c\u00f3nicas y, por lo tanto, aumenta la productividad de la planta.<\/li>\n<li>Protege contra vibraciones de impacto y choque.<\/li>\n<li>Aumenta la productividad de la planta.<\/li>\n<li>No necesita equipo especial para su aplicaci\u00f3n y permite mezclar f\u00e1cilmente la resina con el catalizador en el lugar de trabajo.<\/li>\n<li>De baja viscosidad y con propiedades de anti sedimentaci\u00f3n que facilita el vertido y buena penetraci\u00f3n.<\/li>\n<li>R\u00e1pida reactividad con excelentes propiedades mec\u00e1nicas.<\/li>\n<li>Excelente estabilidad volum\u00e9trica que elimina la formaci\u00f3n de vac\u00edos entre el respaldo y los revestimientos o las estructuras de soporte.<\/li>\n<li>F\u00e1cil y seguro de usar.<\/li>\n<li>Alta resistencia a la compresi\u00f3n e impacto (High Performance).<\/li>\n<li>Ahorro sustancial seguridad en comparaci\u00f3n con el respaldo de zinc convencional.<\/li>\n<\/ul>\n<p>[\/vc_column_text][\/vc_column][vc_column width=\u00bb1\/3&#8243;][vc_column_text css=\u00bb\u00bb woodmart_inline=\u00bbno\u00bb text_larger=\u00bbno\u00bb]<\/p>\n<h5><strong class=\"subtitulo_prod\">Beneficios<\/strong><\/h5>\n<ul>\n<li>Resistencia a la compresi\u00f3n &gt;19 000 PSI<\/li>\n<li>Capaz de soportar temperaturas de congelaci\u00f3n y seguir funcionando<\/li>\n<li>100 % s\u00f3lidos, sin solventes, contracci\u00f3n m\u00ednima<\/li>\n<li>F\u00e1cil de mezclar y verter, no requiere mano de obra calificada<\/li>\n<li>Producto probado desde hace mucho tiempo en OEM y en el mercado de repuestos<\/li>\n<li>Alta resistencia al impacto y resiliencia<\/li>\n<\/ul>\n<p>[\/vc_column_text][\/vc_column][vc_column width=\u00bb1\/3&#8243;][vc_column_text css=\u00bb\u00bb woodmart_inline=\u00bbno\u00bb text_larger=\u00bbno\u00bb]<\/p>\n<h5><strong class=\"subtitulo_prod\">Aplicaciones<\/strong><\/h5>\n<ul>\n<li>Chancadoras C\u00f3nicas<\/li>\n<li>Molinos<\/li>\n<li>Antiabrasivo<\/li>\n<li>Ductos<\/li>\n<li>Anclaje<\/li>\n<\/ul>\n<p>[\/vc_column_text][\/vc_column][\/vc_row][vc_row][vc_column width=\u00bb1\/3&#8243;][vc_column_text css=\u00bb\u00bb woodmart_inline=\u00bbno\u00bb text_larger=\u00bbno\u00bb]<\/p>\n<h5><strong class=\"subtitulo_prod\">Marca &amp; Fabricante<\/strong><\/h5>\n<table class=\"table\">\n<tbody>\n<tr>\n<td>Marca<\/td>\n<td><strong><a href=\"https:\/\/tecnimport.com.pe\/web\/lps-probrands-itw-peru\/\" target=\"_blank\" rel=\"noopener\">KORROBOND<\/a><\/strong><\/td>\n<\/tr>\n<tr>\n<td>Fabricante<\/td>\n<td><strong><a href=\"https:\/\/itwperformancepolymers.com\/products\/korrobond\/korrobond-65\" target=\"_blank\" rel=\"noopener\">ITW PERFORMANCE &amp; POLYMERS<\/a><\/strong><\/td>\n<\/tr>\n<\/tbody>\n<\/table>\n<p>[\/vc_column_text][\/vc_column][vc_column width=\u00bb1\/3&#8243;][vc_column_text css=\u00bb\u00bb woodmart_inline=\u00bbno\u00bb text_larger=\u00bbno\u00bb]<\/p>\n<h5><strong class=\"subtitulo_prod\">Aplicaci\u00f3n<\/strong><\/h5>\n<p>[\/vc_column_text][vc_single_image image=\u00bb6286&#8243; img_size=\u00bblarge\u00bb add_caption=\u00bbyes\u00bb alignment=\u00bbcenter\u00bb parallax_scroll=\u00bbno\u00bb woodmart_inline=\u00bbno\u00bb][\/vc_column][vc_column width=\u00bb1\/3&#8243;][\/vc_column][\/vc_row][vc_row][\/vc_row][vc_column][vc_column_text css=\u00bb\u00bb woodmart_inline=\u00bbno\u00bb text_larger=\u00bbno\u00bb]<\/p>\n<h5><strong class=\"subtitulo_prod\">Propiedades de Curado 7 d\u00edas @ 75\u00b0F (24\u00b0C)<\/strong><\/h5>\n<table class=\"table\">\n<thead>\n<tr>\n<th>Conceptos<\/th>\n<th>Valores<\/th>\n<th>Prueba<\/th>\n<\/tr>\n<\/thead>\n<tbody>\n<tr>\n<td>Resistencia al corte de la superposici\u00f3n adhesiva<\/td>\n<td>&gt; 354 Kg\/m2<\/td>\n<td>ASTM D 1002<\/td>\n<\/tr>\n<tr>\n<td>Resistencia a la tracci\u00f3n adhesiva<\/td>\n<td>&gt;27 MPa \/ 4,000 psi<\/td>\n<td>ASTM D 638<\/td>\n<\/tr>\n<tr>\n<td>Resistencia a la compresi\u00f3n<\/td>\n<td>135 +\/-7 MPa \/ 19,500 +\/-1000 PSI<\/td>\n<td>ASTM D 2566<\/td>\n<\/tr>\n<tr>\n<td>Contracci\u00f3n de curado<\/td>\n<td>0.01%<\/td>\n<td>ASTM D 695<\/td>\n<\/tr>\n<tr>\n<td>S\u00f3lidos por volumen<\/td>\n<td>100%<\/td>\n<td>&#8211;<\/td>\n<\/tr>\n<\/tbody>\n<\/table>\n<p>[\/vc_column_text][vc_column_text woodmart_inline=\u00bbno\u00bb text_larger=\u00bbno\u00bb]<strong class=\"subtitulo_prod\">Propiedades sin Curar a 72 \u00b0F (23 \u00b0C) <\/strong><\/p>\n<table class=\"table\">\n<thead>\n<tr>\n<th>Conceptos<\/th>\n<th>Valores<\/th>\n<th>Prueba<\/th>\n<\/tr>\n<\/thead>\n<tbody>\n<tr>\n<td>Color<\/td>\n<td>Gris claro<\/td>\n<td>&#8211;<\/td>\n<\/tr>\n<tr>\n<td>Densidad<\/td>\n<td>14,86 lb\/Gal (1,78 g\/cm3)<\/td>\n<td>&#8211;<\/td>\n<\/tr>\n<tr>\n<td>Curado funcional<\/td>\n<td>8-10 h<\/td>\n<td>&#8211;<\/td>\n<\/tr>\n<tr>\n<td>Relaci\u00f3n de mezcla por volumen<\/td>\n<td>7 resinas; 1 endurecedor<\/td>\n<td>&#8211;<\/td>\n<\/tr>\n<tr>\n<td>Relaci\u00f3n de mezcla por peso<\/td>\n<td>13,3 : 1,0<\/td>\n<td>&#8211;<\/td>\n<\/tr>\n<tr>\n<td>Viscosidad de la mezcla<\/td>\n<td>&gt; 20 000 cP<\/td>\n<td>&#8211;<\/td>\n<\/tr>\n<tr>\n<td>Vida \u00fatil a 75 \u00b0F (24 \u00b0C)<\/td>\n<td>15-20 minutos<\/td>\n<td>&#8211;<\/td>\n<\/tr>\n<\/tbody>\n<\/table>\n<p>[\/vc_column_text][\/vc_column]<\/p>\n<\/div>","protected":false},"excerpt":{"rendered":"<p><strong>Korrobond 65 Crusher Backing Compound<\/strong> es un compuesto ep\u00f3xido para el respaldo de los forro de las chancadoras c\u00f3nicas y giratorias, relleno de respaldos met\u00e1licos de molinos logrando una buena adhesi\u00f3n y soporte.<\/p>\n","protected":false},"featured_media":6282,"template":"","meta":[],"product_brand":[],"product_cat":[1470,1220],"product_tag":[1221,1370],"class_list":{"0":"post-5651","1":"product","2":"type-product","3":"status-publish","4":"has-post-thumbnail","6":"product_cat-backing-compound","7":"product_cat-korrobond-65-backing-compund","8":"product_tag-backing-compound","9":"product_tag-reslpado-de-chancadoras","11":"first","12":"instock","13":"shipping-taxable","14":"purchasable","15":"product-type-variable"},"yoast_head":"<!-- This site is optimized with the Yoast SEO plugin v26.9 - https:\/\/yoast.com\/product\/yoast-seo-wordpress\/ -->\n<title>Korrobond 65 Crusher Backing Compound - Forro de Chancadoras<\/title>\n<meta name=\"description\" content=\"KORROBOND 65 CRUSHER BACKING COMPOUND compuesto ep\u00f3xido para relleno de respaldos met\u00e1licos, cavidades entre los forros y el cuerpo de las chancadoras.\" \/>\n<meta name=\"robots\" content=\"index, follow, max-snippet:-1, max-image-preview:large, max-video-preview:-1\" \/>\n<link rel=\"canonical\" href=\"https:\/\/tecnimport.com.pe\/web\/productos\/korrobond-65-backing-compund\/korrobond-65-crusher-backing-compound\/\" \/>\n<meta property=\"og:locale\" content=\"es_ES\" \/>\n<meta property=\"og:type\" content=\"article\" \/>\n<meta property=\"og:title\" content=\"Korrobond 65 Crusher Backing Compound - Forro de Chancadoras\" \/>\n<meta property=\"og:description\" content=\"KORROBOND 65 CRUSHER BACKING COMPOUND compuesto ep\u00f3xido para relleno de respaldos met\u00e1licos, cavidades entre los forros y el cuerpo de las chancadoras.\" \/>\n<meta property=\"og:url\" content=\"https:\/\/tecnimport.com.pe\/web\/productos\/korrobond-65-backing-compund\/korrobond-65-crusher-backing-compound\/\" \/>\n<meta property=\"og:site_name\" content=\"TECNIMPORT S.A.\" \/>\n<meta property=\"article:modified_time\" content=\"2025-10-20T16:09:05+00:00\" \/>\n<meta property=\"og:image\" content=\"https:\/\/tecnimport.com.pe\/web\/wp-content\/uploads\/2024\/08\/KORROBOND-65-EPOXY-CRUSHER-BACKING-COMPOUND-RESPALDO-PARA-MANTO-DE-FORRO-DE-CHANCADORA-TECNIMPORT.gif\" \/>\n\t<meta property=\"og:image:width\" content=\"1000\" \/>\n\t<meta property=\"og:image:height\" content=\"1000\" \/>\n\t<meta property=\"og:image:type\" content=\"image\/gif\" \/>\n<meta name=\"twitter:card\" content=\"summary_large_image\" \/>\n<meta name=\"twitter:label1\" content=\"Disponibilidad\" \/>\n\t<meta name=\"twitter:data1\" content=\"Disponible\" \/>\n<script type=\"application\/ld+json\" class=\"yoast-schema-graph\">{\"@context\":\"https:\/\/schema.org\",\"@graph\":[{\"@type\":\"WebPage\",\"@id\":\"https:\/\/tecnimport.com.pe\/web\/productos\/korrobond-65-backing-compund\/korrobond-65-crusher-backing-compound\/\",\"url\":\"https:\/\/tecnimport.com.pe\/web\/productos\/korrobond-65-backing-compund\/korrobond-65-crusher-backing-compound\/\",\"name\":\"Korrobond 65 Crusher Backing Compound - Forro de Chancadoras\",\"isPartOf\":{\"@id\":\"https:\/\/tecnimport.com.pe\/web\/#website\"},\"primaryImageOfPage\":{\"@id\":\"https:\/\/tecnimport.com.pe\/web\/productos\/korrobond-65-backing-compund\/korrobond-65-crusher-backing-compound\/#primaryimage\"},\"image\":{\"@id\":\"https:\/\/tecnimport.com.pe\/web\/productos\/korrobond-65-backing-compund\/korrobond-65-crusher-backing-compound\/#primaryimage\"},\"thumbnailUrl\":\"https:\/\/tecnimport.com.pe\/web\/wp-content\/uploads\/2024\/08\/KORROBOND-65-EPOXY-CRUSHER-BACKING-COMPOUND-RESPALDO-PARA-MANTO-DE-FORRO-DE-CHANCADORA-TECNIMPORT.gif\",\"datePublished\":\"2023-07-27T17:06:40+00:00\",\"dateModified\":\"2025-10-20T16:09:05+00:00\",\"description\":\"KORROBOND 65 CRUSHER BACKING COMPOUND compuesto ep\u00f3xido para relleno de respaldos met\u00e1licos, cavidades entre los forros y el cuerpo de las chancadoras.\",\"breadcrumb\":{\"@id\":\"https:\/\/tecnimport.com.pe\/web\/productos\/korrobond-65-backing-compund\/korrobond-65-crusher-backing-compound\/#breadcrumb\"},\"inLanguage\":\"es\",\"potentialAction\":[{\"@type\":\"ReadAction\",\"target\":[\"https:\/\/tecnimport.com.pe\/web\/productos\/korrobond-65-backing-compund\/korrobond-65-crusher-backing-compound\/\"]}]},{\"@type\":\"ImageObject\",\"inLanguage\":\"es\",\"@id\":\"https:\/\/tecnimport.com.pe\/web\/productos\/korrobond-65-backing-compund\/korrobond-65-crusher-backing-compound\/#primaryimage\",\"url\":\"https:\/\/tecnimport.com.pe\/web\/wp-content\/uploads\/2024\/08\/KORROBOND-65-EPOXY-CRUSHER-BACKING-COMPOUND-RESPALDO-PARA-MANTO-DE-FORRO-DE-CHANCADORA-TECNIMPORT.gif\",\"contentUrl\":\"https:\/\/tecnimport.com.pe\/web\/wp-content\/uploads\/2024\/08\/KORROBOND-65-EPOXY-CRUSHER-BACKING-COMPOUND-RESPALDO-PARA-MANTO-DE-FORRO-DE-CHANCADORA-TECNIMPORT.gif\",\"width\":1000,\"height\":1000,\"caption\":\"KORROBOND 65 CRUSHER BACKING COMPOUND RESPALDO PARA MANTO DE FORRO DE CHANCADORA\"},{\"@type\":\"BreadcrumbList\",\"@id\":\"https:\/\/tecnimport.com.pe\/web\/productos\/korrobond-65-backing-compund\/korrobond-65-crusher-backing-compound\/#breadcrumb\",\"itemListElement\":[{\"@type\":\"ListItem\",\"position\":1,\"name\":\"Portada\",\"item\":\"https:\/\/tecnimport.com.pe\/web\/\"},{\"@type\":\"ListItem\",\"position\":2,\"name\":\"Productos\",\"item\":\"https:\/\/tecnimport.com.pe\/web\/productos-navigation\/\"},{\"@type\":\"ListItem\",\"position\":3,\"name\":\"Korrobond 65 Crusher Backing Compound\"}]},{\"@type\":\"WebSite\",\"@id\":\"https:\/\/tecnimport.com.pe\/web\/#website\",\"url\":\"https:\/\/tecnimport.com.pe\/web\/\",\"name\":\"TECNIMPORT S.A.\",\"description\":\"Representante de Devcon, LPS, Rocol y Procyon en el Per\u00fa\",\"publisher\":{\"@id\":\"https:\/\/tecnimport.com.pe\/web\/#organization\"},\"potentialAction\":[{\"@type\":\"SearchAction\",\"target\":{\"@type\":\"EntryPoint\",\"urlTemplate\":\"https:\/\/tecnimport.com.pe\/web\/?s={search_term_string}\"},\"query-input\":{\"@type\":\"PropertyValueSpecification\",\"valueRequired\":true,\"valueName\":\"search_term_string\"}}],\"inLanguage\":\"es\"},{\"@type\":\"Organization\",\"@id\":\"https:\/\/tecnimport.com.pe\/web\/#organization\",\"name\":\"Tecnimport S.A\",\"url\":\"https:\/\/tecnimport.com.pe\/web\/\",\"logo\":{\"@type\":\"ImageObject\",\"inLanguage\":\"es\",\"@id\":\"https:\/\/tecnimport.com.pe\/web\/#\/schema\/logo\/image\/\",\"url\":\"https:\/\/tecnimport.com.pe\/web\/wp-content\/uploads\/2020\/03\/logo_tecnimport.png\",\"contentUrl\":\"https:\/\/tecnimport.com.pe\/web\/wp-content\/uploads\/2020\/03\/logo_tecnimport.png\",\"width\":367,\"height\":49,\"caption\":\"Tecnimport S.A\"},\"image\":{\"@id\":\"https:\/\/tecnimport.com.pe\/web\/#\/schema\/logo\/image\/\"}}]}<\/script>\n<meta property=\"og:availability\" content=\"instock\" \/>\n<meta property=\"product:availability\" content=\"instock\" \/>\n<meta property=\"product:condition\" content=\"new\" \/>\n<!-- \/ Yoast SEO plugin. -->","yoast_head_json":{"title":"Korrobond 65 Crusher Backing Compound - Forro de Chancadoras","description":"KORROBOND 65 CRUSHER BACKING COMPOUND compuesto ep\u00f3xido para relleno de respaldos met\u00e1licos, cavidades entre los forros y el cuerpo de las chancadoras.","robots":{"index":"index","follow":"follow","max-snippet":"max-snippet:-1","max-image-preview":"max-image-preview:large","max-video-preview":"max-video-preview:-1"},"canonical":"https:\/\/tecnimport.com.pe\/web\/productos\/korrobond-65-backing-compund\/korrobond-65-crusher-backing-compound\/","og_locale":"es_ES","og_type":"article","og_title":"Korrobond 65 Crusher Backing Compound - Forro de Chancadoras","og_description":"KORROBOND 65 CRUSHER BACKING COMPOUND compuesto ep\u00f3xido para relleno de respaldos met\u00e1licos, cavidades entre los forros y el cuerpo de las chancadoras.","og_url":"https:\/\/tecnimport.com.pe\/web\/productos\/korrobond-65-backing-compund\/korrobond-65-crusher-backing-compound\/","og_site_name":"TECNIMPORT S.A.","article_modified_time":"2025-10-20T16:09:05+00:00","og_image":[{"width":1000,"height":1000,"url":"https:\/\/tecnimport.com.pe\/web\/wp-content\/uploads\/2024\/08\/KORROBOND-65-EPOXY-CRUSHER-BACKING-COMPOUND-RESPALDO-PARA-MANTO-DE-FORRO-DE-CHANCADORA-TECNIMPORT.gif","type":"image\/gif"}],"twitter_card":"summary_large_image","twitter_misc":{"Disponibilidad":"Disponible"},"schema":{"@context":"https:\/\/schema.org","@graph":[{"@type":"WebPage","@id":"https:\/\/tecnimport.com.pe\/web\/productos\/korrobond-65-backing-compund\/korrobond-65-crusher-backing-compound\/","url":"https:\/\/tecnimport.com.pe\/web\/productos\/korrobond-65-backing-compund\/korrobond-65-crusher-backing-compound\/","name":"Korrobond 65 Crusher Backing Compound - Forro de Chancadoras","isPartOf":{"@id":"https:\/\/tecnimport.com.pe\/web\/#website"},"primaryImageOfPage":{"@id":"https:\/\/tecnimport.com.pe\/web\/productos\/korrobond-65-backing-compund\/korrobond-65-crusher-backing-compound\/#primaryimage"},"image":{"@id":"https:\/\/tecnimport.com.pe\/web\/productos\/korrobond-65-backing-compund\/korrobond-65-crusher-backing-compound\/#primaryimage"},"thumbnailUrl":"https:\/\/tecnimport.com.pe\/web\/wp-content\/uploads\/2024\/08\/KORROBOND-65-EPOXY-CRUSHER-BACKING-COMPOUND-RESPALDO-PARA-MANTO-DE-FORRO-DE-CHANCADORA-TECNIMPORT.gif","datePublished":"2023-07-27T17:06:40+00:00","dateModified":"2025-10-20T16:09:05+00:00","description":"KORROBOND 65 CRUSHER BACKING COMPOUND compuesto ep\u00f3xido para relleno de respaldos met\u00e1licos, cavidades entre los forros y el cuerpo de las chancadoras.","breadcrumb":{"@id":"https:\/\/tecnimport.com.pe\/web\/productos\/korrobond-65-backing-compund\/korrobond-65-crusher-backing-compound\/#breadcrumb"},"inLanguage":"es","potentialAction":[{"@type":"ReadAction","target":["https:\/\/tecnimport.com.pe\/web\/productos\/korrobond-65-backing-compund\/korrobond-65-crusher-backing-compound\/"]}]},{"@type":"ImageObject","inLanguage":"es","@id":"https:\/\/tecnimport.com.pe\/web\/productos\/korrobond-65-backing-compund\/korrobond-65-crusher-backing-compound\/#primaryimage","url":"https:\/\/tecnimport.com.pe\/web\/wp-content\/uploads\/2024\/08\/KORROBOND-65-EPOXY-CRUSHER-BACKING-COMPOUND-RESPALDO-PARA-MANTO-DE-FORRO-DE-CHANCADORA-TECNIMPORT.gif","contentUrl":"https:\/\/tecnimport.com.pe\/web\/wp-content\/uploads\/2024\/08\/KORROBOND-65-EPOXY-CRUSHER-BACKING-COMPOUND-RESPALDO-PARA-MANTO-DE-FORRO-DE-CHANCADORA-TECNIMPORT.gif","width":1000,"height":1000,"caption":"KORROBOND 65 CRUSHER BACKING COMPOUND RESPALDO PARA MANTO DE FORRO DE CHANCADORA"},{"@type":"BreadcrumbList","@id":"https:\/\/tecnimport.com.pe\/web\/productos\/korrobond-65-backing-compund\/korrobond-65-crusher-backing-compound\/#breadcrumb","itemListElement":[{"@type":"ListItem","position":1,"name":"Portada","item":"https:\/\/tecnimport.com.pe\/web\/"},{"@type":"ListItem","position":2,"name":"Productos","item":"https:\/\/tecnimport.com.pe\/web\/productos-navigation\/"},{"@type":"ListItem","position":3,"name":"Korrobond 65 Crusher Backing Compound"}]},{"@type":"WebSite","@id":"https:\/\/tecnimport.com.pe\/web\/#website","url":"https:\/\/tecnimport.com.pe\/web\/","name":"TECNIMPORT S.A.","description":"Representante de Devcon, LPS, Rocol y Procyon en el Per\u00fa","publisher":{"@id":"https:\/\/tecnimport.com.pe\/web\/#organization"},"potentialAction":[{"@type":"SearchAction","target":{"@type":"EntryPoint","urlTemplate":"https:\/\/tecnimport.com.pe\/web\/?s={search_term_string}"},"query-input":{"@type":"PropertyValueSpecification","valueRequired":true,"valueName":"search_term_string"}}],"inLanguage":"es"},{"@type":"Organization","@id":"https:\/\/tecnimport.com.pe\/web\/#organization","name":"Tecnimport S.A","url":"https:\/\/tecnimport.com.pe\/web\/","logo":{"@type":"ImageObject","inLanguage":"es","@id":"https:\/\/tecnimport.com.pe\/web\/#\/schema\/logo\/image\/","url":"https:\/\/tecnimport.com.pe\/web\/wp-content\/uploads\/2020\/03\/logo_tecnimport.png","contentUrl":"https:\/\/tecnimport.com.pe\/web\/wp-content\/uploads\/2020\/03\/logo_tecnimport.png","width":367,"height":49,"caption":"Tecnimport S.A"},"image":{"@id":"https:\/\/tecnimport.com.pe\/web\/#\/schema\/logo\/image\/"}}]},"og_availability":"instock","product_availability":"instock","product_condition":"new"},"_links":{"self":[{"href":"https:\/\/tecnimport.com.pe\/web\/wp-json\/wp\/v2\/product\/5651","targetHints":{"allow":["GET"]}}],"collection":[{"href":"https:\/\/tecnimport.com.pe\/web\/wp-json\/wp\/v2\/product"}],"about":[{"href":"https:\/\/tecnimport.com.pe\/web\/wp-json\/wp\/v2\/types\/product"}],"wp:featuredmedia":[{"embeddable":true,"href":"https:\/\/tecnimport.com.pe\/web\/wp-json\/wp\/v2\/media\/6282"}],"wp:attachment":[{"href":"https:\/\/tecnimport.com.pe\/web\/wp-json\/wp\/v2\/media?parent=5651"}],"wp:term":[{"taxonomy":"product_brand","embeddable":true,"href":"https:\/\/tecnimport.com.pe\/web\/wp-json\/wp\/v2\/product_brand?post=5651"},{"taxonomy":"product_cat","embeddable":true,"href":"https:\/\/tecnimport.com.pe\/web\/wp-json\/wp\/v2\/product_cat?post=5651"},{"taxonomy":"product_tag","embeddable":true,"href":"https:\/\/tecnimport.com.pe\/web\/wp-json\/wp\/v2\/product_tag?post=5651"}],"curies":[{"name":"wp","href":"https:\/\/api.w.org\/{rel}","templated":true}]}}