{"id":5647,"date":"2023-07-26T15:52:52","date_gmt":"2023-07-26T20:52:52","guid":{"rendered":"https:\/\/tecnimport.com.pe\/web\/?post_type=product&#038;p=5647"},"modified":"2025-03-13T10:21:49","modified_gmt":"2025-03-13T15:21:49","slug":"devcon-high-performance-backing-compound","status":"publish","type":"product","link":"https:\/\/tecnimport.com.pe\/web\/productos\/devcon-productos\/wearing-compound\/devcon-high-performance-backing-compound\/","title":{"rendered":"DEVCON HP BACKING COMPOUND"},"content":{"rendered":"<h2><strong>Respaldo para Forros de Chancadoras y Molinos DEVCON HP BACKING COMPOUND<\/strong><\/h2>\n<ul>\n<li>DEVCON HBacking Compound es por eso que nuestro compuesto ep\u00f3xico para el relleno de los respaldos met\u00e1licos de molinos y chancadoras c\u00f3nicas y giratorias.<\/li>\n<li>Debido a su excelente fluidez y a su bajo encogimiento<br \/>\n<h2><strong>DEVCON <\/strong><strong>HP BACKING COMPOUND<\/strong><\/h2>\n<p>rellena todas las cavidades entre los forros y el cuerpo de las chancadoras o molinos logrando finalmente una buena adhesi\u00f3n y soporte.<\/li>\n<\/ul>\n<h4><strong>Ventajas<\/strong><\/h4>\n<ul>\n<li>En primer lugar<strong> DEVCON HP Backing Compound<\/strong>\u00a0no necesita un equipo especial para su aplicaci\u00f3n y permite mezclar f\u00e1cilmente la resina con el catalizador en el lugar de trabajo.<\/li>\n<li>Debido a su baja viscosidad y con propiedades de anti sedimentaci\u00f3n que facilita el vertido y buena penetraci\u00f3n.<\/li>\n<li>R\u00e1pida reactividad con excelentes propiedades mec\u00e1nicas.<\/li>\n<li>Finalmente tiene una excelente estabilidad volum\u00e9trica que elimina la formaci\u00f3n de vac\u00edos entre el respaldo y los revestimientos o las estructuras de soporte.<\/li>\n<li>F\u00e1cil y seguro de usar.<\/li>\n<li>Alta resistencia a la compresi\u00f3n e impacto (High Performance)<\/li>\n<li>Por \u00faltimo Ahorro sustancial seguridad en comparaci\u00f3n con el respaldo de zinc convencional.<\/li>\n<\/ul>\n<h4><strong>Instrucciones de Uso<\/strong><\/h4>\n<ul>\n<li>En primer lugar todas las piezas met\u00e1licas en contacto con DEVCON HP BACKING Compound \u00a0deben estar libres de \u00f3xido, suciedad, grasa o aceite. Selle los orificios de los ganchos y las juntas inferiores, proteja las partes roscadas de los ejes donde sea necesario.<\/li>\n<li>Despu\u00e9s Premezcla la resina (Parte A) en su envase durante 2 a 3 minutos.<\/li>\n<li>Ag\u00edtese bien el catalizador (Parte B) mezclando bien su contenido.<\/li>\n<li>Mezcle bien ambos componentes durante aprox. 5 a 6 minutos con un taladro o agitador de baja velocidad hasta que lograr finalmente un producto con viscosidad y color uniforme.<\/li>\n<li>Finalmente vierta la mezcla suavemente en el \u00e1rea de aplicaci\u00f3n permitiendo que el compuesto llene la cavidad y deslice el aire que est\u00e1 enfrente.<\/li>\n<li>Es por eso que en los sucesivos envases de DEVCON high performanceBacking Compound \u00a0se pueden mezclar y verter individualmente seg\u00fan sea necesario, sin ning\u00fan problema de adherencia.<\/li>\n<li>finalmente no utilice llamas abiertas en el compuesto.<\/li>\n<\/ul>\n<h4><strong>Recomendaciones<\/strong><\/h4>\n<ul>\n<li>En primer lugar el tiempo de procesamiento y el tiempo de curado dependen de la temperatura ambiente. Cuanto mayor sea la temperatura, m\u00e1s r\u00e1pido ser\u00e1 el curado.<\/li>\n<li>Despu\u00e9s para acelerar la curaci\u00f3n de DEVCON high performanceBacking Compound \u00a0a<br \/>\nbajas temperaturas precalentar el material hasta alcanzar la temperatura de<br \/>\nproceso.<\/li>\n<li>finalmente almacene en un lugar fresco y seco por debajo de los 25 \u00b0C y mantenga<br \/>\nalejado de fuentes de calor.<\/li>\n<li>para concluir<\/li>\n<\/ul>\n<h4><strong>Datos de rendimiento<\/strong><\/h4>\n<table border=\"0\">\n<tbody>\n<tr>\n<td>primero TAMA\u00d1O DE ENVASE<\/td>\n<td align=\"left\" valign=\"middle\">25 kg \/55 lb<\/td>\n<\/tr>\n<tr>\n<td>segundo Fuerza compresiva<\/td>\n<td align=\"left\" valign=\"middle\">19,500 psi<\/td>\n<\/tr>\n<tr>\n<td>tercero Rendimiento Balde 25 kg<\/td>\n<td align=\"left\" valign=\"middle\">16,667 cm3<\/td>\n<\/tr>\n<tr>\n<td>por consecuencia Dureza<\/td>\n<td align=\"left\" valign=\"middle\">90 Shore-D<\/td>\n<\/tr>\n<tr>\n<td>Contracci\u00f3n despu\u00e9s del curado<\/td>\n<td align=\"left\" valign=\"middle\">0.5 % Max<\/td>\n<\/tr>\n<tr>\n<td>Gravedad espec\u00edfica<\/td>\n<td align=\"left\" valign=\"middle\">1.6<\/td>\n<\/tr>\n<tr>\n<td>antes de todo Densidad<\/td>\n<td align=\"left\" valign=\"middle\">1.5 gr\/cm3<\/td>\n<\/tr>\n<tr>\n<td>finalmente Viscosidad<\/td>\n<td align=\"left\" valign=\"middle\">7000 cP<\/td>\n<\/tr>\n<\/tbody>\n<\/table>\n<p><strong class=\"sub_titulo\">Presentaci\u00f3n<\/strong><\/p>\n<table style=\"height: 164px;\" width=\"429\">\n<tbody>\n<tr>\n<td><strong>N\u00ba de Parte<\/strong><\/td>\n<td><strong>Concepto<\/strong><\/td>\n<td><strong>Capacidad<\/strong><\/td>\n<\/tr>\n<tr>\n<td>PR11025A<\/td>\n<td>Resina (A)<\/td>\n<td>Envase x 24.10 kg<\/td>\n<\/tr>\n<tr>\n<td>PR11025B<\/td>\n<td>Catalizador (B)<\/td>\n<td>Envase x 0.90 kg<\/td>\n<\/tr>\n<\/tbody>\n<\/table>\n<p><a class=\"btn ft\" href=\"https:\/\/tecnimport.com.pe\/web\/wp-content\/uploads\/2023\/07\/high-performance-backing-compound-es.pdf\" target=\"_blank\" rel=\"noopener noreferrer\">Ficha T\u00e9cnica<\/a>\u00a0 \u00a0 \u00a0 \u00a0 \u00a0 <a class=\"btn ft\" href=\"https:\/\/tecnimport.com.pe\/web\/wp-content\/uploads\/2023\/07\/81095-hp-backing-compound-mexico-spanish.pdf\" target=\"_blank\" rel=\"noopener noreferrer\">Hoja de Seguridad (MSDS)<\/a><\/p>\n<p>&nbsp;<\/p>\n","protected":false},"excerpt":{"rendered":"<h2><strong>Respaldo para Forros de Chancadoras y Molinos<\/strong><\/h2>\n<ul>\n<li>Compuesto ep\u00f3xido para el relleno de los respaldos met\u00e1licos de molinos y chancadoras c\u00f3nicas y giratorias.<\/li>\n<li>Debido a su excelente fluidez y a su bajo encogimiento <strong>DEVCON HP BACKING COMPOUND\u00a0<\/strong>rellena todas las cavidades entre los forros y el cuerpo de las chancadoras o molinos logrando una buena adhesi\u00f3n y soporte.<\/li>\n<\/ul>\n<p><strong>Ventajas<\/strong><\/p>\n<ul>\n<li><strong>DEVCON HP BACKING COMPOUND\u00a0<\/strong> no necesita un equipo especial para su aplicaci\u00f3n y permite mezclar f\u00e1cilmente la resina con el catalizador en el lugar de trabajo.<\/li>\n<li>De baja viscosidad y con propiedades de anti sedimentaci\u00f3n que facilita el vertido y buena penetraci\u00f3n.<\/li>\n<li>R\u00e1pida reactividad con excelentes propiedades mec\u00e1nicas.<\/li>\n<li>Excelente estabilidad volum\u00e9trica que elimina la formaci\u00f3n de vac\u00edos entre el respaldo y los revestimientos o las estructuras de soporte.<\/li>\n<li>F\u00e1cil y seguro de usar.<\/li>\n<li>Alta resistencia a la compresi\u00f3n e impacto (High Performance)<\/li>\n<li>Ahorro sustancial seguridad en comparaci\u00f3n con el respaldo de zinc convencional.<\/li>\n<\/ul>\n<p><strong class=\"sub_titulo\">Presentaci\u00f3n<\/strong><\/p>\n<table style=\"height: 164px;\" width=\"429\">\n<tbody>\n<tr>\n<td><strong>N\u00ba de Parte<\/strong><\/td>\n<td><strong>Capacidad<\/strong><\/td>\n<\/tr>\n<tr>\n<td>DEV81095<\/td>\n<td>Envase x 20 lb.<\/td>\n<\/tr>\n<\/tbody>\n<\/table>\n<p><a class=\"btn ft\" href=\"https:\/\/tecnimport.com.pe\/web\/wp-content\/uploads\/2023\/07\/high-performance-backing-compound-es.pdf\" target=\"_blank\" rel=\"noopener noreferrer\">Ficha T\u00e9cnica<\/a>\u00a0 \u00a0 \u00a0 \u00a0 \u00a0 <a class=\"btn ft\" href=\"https:\/\/tecnimport.com.pe\/web\/wp-content\/uploads\/2023\/07\/81095-hp-backing-compound-mexico-spanish.pdf\" target=\"_blank\" rel=\"noopener noreferrer\">Hoja de Seguridad (MSDS)<\/a><\/p>\n","protected":false},"featured_media":3764,"template":"","meta":[],"product_brand":[],"product_cat":[206,221],"product_tag":[1221,1223],"class_list":{"0":"post-5647","1":"product","2":"type-product","3":"status-publish","4":"has-post-thumbnail","6":"product_cat-devcon-productos","7":"product_cat-wearing-compound","8":"product_tag-backing-compound","9":"product_tag-devcon-hp-backing-compound","11":"first","12":"instock","13":"shipping-taxable","14":"product-type-simple"},"yoast_head":"<!-- This site is optimized with the Yoast SEO plugin v26.9 - https:\/\/yoast.com\/product\/yoast-seo-wordpress\/ -->\n<title>DEVCON HP BACKING COMPOUND - N\u00b0 PARTE 81095 - TECNIMPORT S.A.<\/title>\n<meta name=\"description\" content=\"Compuesto para el relleno de los respaldo de chancadoras. DEVCON HP BACKING COMPOUND rellena todas las cavidades entre los forros y el cuerpo.\" \/>\n<meta name=\"robots\" content=\"index, follow, max-snippet:-1, max-image-preview:large, max-video-preview:-1\" \/>\n<link rel=\"canonical\" href=\"https:\/\/tecnimport.com.pe\/web\/productos\/devcon-productos\/wearing-compound\/devcon-high-performance-backing-compound\/\" \/>\n<meta property=\"og:locale\" content=\"es_ES\" \/>\n<meta property=\"og:type\" content=\"article\" \/>\n<meta property=\"og:title\" content=\"DEVCON HP BACKING COMPOUND - N\u00b0 PARTE 81095 - TECNIMPORT S.A.\" \/>\n<meta property=\"og:description\" content=\"Compuesto para el relleno de los respaldo de chancadoras. DEVCON HP BACKING COMPOUND rellena todas las cavidades entre los forros y el cuerpo.\" \/>\n<meta property=\"og:url\" content=\"https:\/\/tecnimport.com.pe\/web\/productos\/devcon-productos\/wearing-compound\/devcon-high-performance-backing-compound\/\" \/>\n<meta property=\"og:site_name\" content=\"TECNIMPORT S.A.\" \/>\n<meta property=\"article:modified_time\" content=\"2025-03-13T15:21:49+00:00\" \/>\n<meta property=\"og:image\" content=\"https:\/\/tecnimport.com.pe\/web\/wp-content\/uploads\/2018\/12\/DEVCON-81096-DEVCON-HIGH-PERFORMANCE-BACKING-COMPOUND-50-LB.gif\" \/>\n\t<meta property=\"og:image:width\" content=\"1000\" \/>\n\t<meta property=\"og:image:height\" content=\"1000\" \/>\n\t<meta property=\"og:image:type\" content=\"image\/gif\" \/>\n<meta name=\"twitter:card\" content=\"summary_large_image\" \/>\n<meta name=\"twitter:label1\" content=\"Precio\" \/>\n\t<meta name=\"twitter:data1\" content=\"\" \/>\n\t<meta name=\"twitter:label2\" content=\"Disponibilidad\" \/>\n\t<meta name=\"twitter:data2\" content=\"Disponible\" \/>\n<script type=\"application\/ld+json\" class=\"yoast-schema-graph\">{\"@context\":\"https:\/\/schema.org\",\"@graph\":[{\"@type\":\"WebPage\",\"@id\":\"https:\/\/tecnimport.com.pe\/web\/productos\/devcon-productos\/wearing-compound\/devcon-high-performance-backing-compound\/\",\"url\":\"https:\/\/tecnimport.com.pe\/web\/productos\/devcon-productos\/wearing-compound\/devcon-high-performance-backing-compound\/\",\"name\":\"DEVCON HP BACKING COMPOUND - N\u00b0 PARTE 81095 - TECNIMPORT S.A.\",\"isPartOf\":{\"@id\":\"https:\/\/tecnimport.com.pe\/web\/#website\"},\"primaryImageOfPage\":{\"@id\":\"https:\/\/tecnimport.com.pe\/web\/productos\/devcon-productos\/wearing-compound\/devcon-high-performance-backing-compound\/#primaryimage\"},\"image\":{\"@id\":\"https:\/\/tecnimport.com.pe\/web\/productos\/devcon-productos\/wearing-compound\/devcon-high-performance-backing-compound\/#primaryimage\"},\"thumbnailUrl\":\"https:\/\/tecnimport.com.pe\/web\/wp-content\/uploads\/2018\/12\/DEVCON-81096-DEVCON-HIGH-PERFORMANCE-BACKING-COMPOUND-50-LB.gif\",\"datePublished\":\"2023-07-26T20:52:52+00:00\",\"dateModified\":\"2025-03-13T15:21:49+00:00\",\"description\":\"Compuesto para el relleno de los respaldo de chancadoras. DEVCON HP BACKING COMPOUND rellena todas las cavidades entre los forros y el cuerpo.\",\"breadcrumb\":{\"@id\":\"https:\/\/tecnimport.com.pe\/web\/productos\/devcon-productos\/wearing-compound\/devcon-high-performance-backing-compound\/#breadcrumb\"},\"inLanguage\":\"es\",\"potentialAction\":[{\"@type\":\"ReadAction\",\"target\":[\"https:\/\/tecnimport.com.pe\/web\/productos\/devcon-productos\/wearing-compound\/devcon-high-performance-backing-compound\/\"]}]},{\"@type\":\"ImageObject\",\"inLanguage\":\"es\",\"@id\":\"https:\/\/tecnimport.com.pe\/web\/productos\/devcon-productos\/wearing-compound\/devcon-high-performance-backing-compound\/#primaryimage\",\"url\":\"https:\/\/tecnimport.com.pe\/web\/wp-content\/uploads\/2018\/12\/DEVCON-81096-DEVCON-HIGH-PERFORMANCE-BACKING-COMPOUND-50-LB.gif\",\"contentUrl\":\"https:\/\/tecnimport.com.pe\/web\/wp-content\/uploads\/2018\/12\/DEVCON-81096-DEVCON-HIGH-PERFORMANCE-BACKING-COMPOUND-50-LB.gif\",\"width\":1000,\"height\":1000},{\"@type\":\"BreadcrumbList\",\"@id\":\"https:\/\/tecnimport.com.pe\/web\/productos\/devcon-productos\/wearing-compound\/devcon-high-performance-backing-compound\/#breadcrumb\",\"itemListElement\":[{\"@type\":\"ListItem\",\"position\":1,\"name\":\"Portada\",\"item\":\"https:\/\/tecnimport.com.pe\/web\/\"},{\"@type\":\"ListItem\",\"position\":2,\"name\":\"Productos\",\"item\":\"https:\/\/tecnimport.com.pe\/web\/productos-navigation\/\"},{\"@type\":\"ListItem\",\"position\":3,\"name\":\"DEVCON HP BACKING COMPOUND\"}]},{\"@type\":\"WebSite\",\"@id\":\"https:\/\/tecnimport.com.pe\/web\/#website\",\"url\":\"https:\/\/tecnimport.com.pe\/web\/\",\"name\":\"TECNIMPORT S.A.\",\"description\":\"Representante de Devcon, LPS, Rocol y Procyon en el Per\u00fa\",\"publisher\":{\"@id\":\"https:\/\/tecnimport.com.pe\/web\/#organization\"},\"potentialAction\":[{\"@type\":\"SearchAction\",\"target\":{\"@type\":\"EntryPoint\",\"urlTemplate\":\"https:\/\/tecnimport.com.pe\/web\/?s={search_term_string}\"},\"query-input\":{\"@type\":\"PropertyValueSpecification\",\"valueRequired\":true,\"valueName\":\"search_term_string\"}}],\"inLanguage\":\"es\"},{\"@type\":\"Organization\",\"@id\":\"https:\/\/tecnimport.com.pe\/web\/#organization\",\"name\":\"Tecnimport S.A\",\"url\":\"https:\/\/tecnimport.com.pe\/web\/\",\"logo\":{\"@type\":\"ImageObject\",\"inLanguage\":\"es\",\"@id\":\"https:\/\/tecnimport.com.pe\/web\/#\/schema\/logo\/image\/\",\"url\":\"https:\/\/tecnimport.com.pe\/web\/wp-content\/uploads\/2020\/03\/logo_tecnimport.png\",\"contentUrl\":\"https:\/\/tecnimport.com.pe\/web\/wp-content\/uploads\/2020\/03\/logo_tecnimport.png\",\"width\":367,\"height\":49,\"caption\":\"Tecnimport S.A\"},\"image\":{\"@id\":\"https:\/\/tecnimport.com.pe\/web\/#\/schema\/logo\/image\/\"}}]}<\/script>\n<meta property=\"product:price:amount\" content=\"0.00\" \/>\n<meta property=\"product:price:currency\" content=\"USD\" \/>\n<meta property=\"og:availability\" content=\"instock\" \/>\n<meta property=\"product:availability\" content=\"instock\" \/>\n<meta property=\"product:condition\" content=\"new\" \/>\n<!-- \/ Yoast SEO plugin. -->","yoast_head_json":{"title":"DEVCON HP BACKING COMPOUND - N\u00b0 PARTE 81095 - TECNIMPORT S.A.","description":"Compuesto para el relleno de los respaldo de chancadoras. DEVCON HP BACKING COMPOUND rellena todas las cavidades entre los forros y el cuerpo.","robots":{"index":"index","follow":"follow","max-snippet":"max-snippet:-1","max-image-preview":"max-image-preview:large","max-video-preview":"max-video-preview:-1"},"canonical":"https:\/\/tecnimport.com.pe\/web\/productos\/devcon-productos\/wearing-compound\/devcon-high-performance-backing-compound\/","og_locale":"es_ES","og_type":"article","og_title":"DEVCON HP BACKING COMPOUND - N\u00b0 PARTE 81095 - TECNIMPORT S.A.","og_description":"Compuesto para el relleno de los respaldo de chancadoras. DEVCON HP BACKING COMPOUND rellena todas las cavidades entre los forros y el cuerpo.","og_url":"https:\/\/tecnimport.com.pe\/web\/productos\/devcon-productos\/wearing-compound\/devcon-high-performance-backing-compound\/","og_site_name":"TECNIMPORT S.A.","article_modified_time":"2025-03-13T15:21:49+00:00","og_image":[{"width":1000,"height":1000,"url":"https:\/\/tecnimport.com.pe\/web\/wp-content\/uploads\/2018\/12\/DEVCON-81096-DEVCON-HIGH-PERFORMANCE-BACKING-COMPOUND-50-LB.gif","type":"image\/gif"}],"twitter_card":"summary_large_image","twitter_misc":{"Precio":"","Disponibilidad":"Disponible"},"schema":{"@context":"https:\/\/schema.org","@graph":[{"@type":"WebPage","@id":"https:\/\/tecnimport.com.pe\/web\/productos\/devcon-productos\/wearing-compound\/devcon-high-performance-backing-compound\/","url":"https:\/\/tecnimport.com.pe\/web\/productos\/devcon-productos\/wearing-compound\/devcon-high-performance-backing-compound\/","name":"DEVCON HP BACKING COMPOUND - N\u00b0 PARTE 81095 - TECNIMPORT S.A.","isPartOf":{"@id":"https:\/\/tecnimport.com.pe\/web\/#website"},"primaryImageOfPage":{"@id":"https:\/\/tecnimport.com.pe\/web\/productos\/devcon-productos\/wearing-compound\/devcon-high-performance-backing-compound\/#primaryimage"},"image":{"@id":"https:\/\/tecnimport.com.pe\/web\/productos\/devcon-productos\/wearing-compound\/devcon-high-performance-backing-compound\/#primaryimage"},"thumbnailUrl":"https:\/\/tecnimport.com.pe\/web\/wp-content\/uploads\/2018\/12\/DEVCON-81096-DEVCON-HIGH-PERFORMANCE-BACKING-COMPOUND-50-LB.gif","datePublished":"2023-07-26T20:52:52+00:00","dateModified":"2025-03-13T15:21:49+00:00","description":"Compuesto para el relleno de los respaldo de chancadoras. DEVCON HP BACKING COMPOUND rellena todas las cavidades entre los forros y el cuerpo.","breadcrumb":{"@id":"https:\/\/tecnimport.com.pe\/web\/productos\/devcon-productos\/wearing-compound\/devcon-high-performance-backing-compound\/#breadcrumb"},"inLanguage":"es","potentialAction":[{"@type":"ReadAction","target":["https:\/\/tecnimport.com.pe\/web\/productos\/devcon-productos\/wearing-compound\/devcon-high-performance-backing-compound\/"]}]},{"@type":"ImageObject","inLanguage":"es","@id":"https:\/\/tecnimport.com.pe\/web\/productos\/devcon-productos\/wearing-compound\/devcon-high-performance-backing-compound\/#primaryimage","url":"https:\/\/tecnimport.com.pe\/web\/wp-content\/uploads\/2018\/12\/DEVCON-81096-DEVCON-HIGH-PERFORMANCE-BACKING-COMPOUND-50-LB.gif","contentUrl":"https:\/\/tecnimport.com.pe\/web\/wp-content\/uploads\/2018\/12\/DEVCON-81096-DEVCON-HIGH-PERFORMANCE-BACKING-COMPOUND-50-LB.gif","width":1000,"height":1000},{"@type":"BreadcrumbList","@id":"https:\/\/tecnimport.com.pe\/web\/productos\/devcon-productos\/wearing-compound\/devcon-high-performance-backing-compound\/#breadcrumb","itemListElement":[{"@type":"ListItem","position":1,"name":"Portada","item":"https:\/\/tecnimport.com.pe\/web\/"},{"@type":"ListItem","position":2,"name":"Productos","item":"https:\/\/tecnimport.com.pe\/web\/productos-navigation\/"},{"@type":"ListItem","position":3,"name":"DEVCON HP BACKING COMPOUND"}]},{"@type":"WebSite","@id":"https:\/\/tecnimport.com.pe\/web\/#website","url":"https:\/\/tecnimport.com.pe\/web\/","name":"TECNIMPORT S.A.","description":"Representante de Devcon, LPS, Rocol y Procyon en el Per\u00fa","publisher":{"@id":"https:\/\/tecnimport.com.pe\/web\/#organization"},"potentialAction":[{"@type":"SearchAction","target":{"@type":"EntryPoint","urlTemplate":"https:\/\/tecnimport.com.pe\/web\/?s={search_term_string}"},"query-input":{"@type":"PropertyValueSpecification","valueRequired":true,"valueName":"search_term_string"}}],"inLanguage":"es"},{"@type":"Organization","@id":"https:\/\/tecnimport.com.pe\/web\/#organization","name":"Tecnimport S.A","url":"https:\/\/tecnimport.com.pe\/web\/","logo":{"@type":"ImageObject","inLanguage":"es","@id":"https:\/\/tecnimport.com.pe\/web\/#\/schema\/logo\/image\/","url":"https:\/\/tecnimport.com.pe\/web\/wp-content\/uploads\/2020\/03\/logo_tecnimport.png","contentUrl":"https:\/\/tecnimport.com.pe\/web\/wp-content\/uploads\/2020\/03\/logo_tecnimport.png","width":367,"height":49,"caption":"Tecnimport S.A"},"image":{"@id":"https:\/\/tecnimport.com.pe\/web\/#\/schema\/logo\/image\/"}}]},"product_price_amount":"0.00","product_price_currency":"USD","og_availability":"instock","product_availability":"instock","product_condition":"new"},"_links":{"self":[{"href":"https:\/\/tecnimport.com.pe\/web\/wp-json\/wp\/v2\/product\/5647","targetHints":{"allow":["GET"]}}],"collection":[{"href":"https:\/\/tecnimport.com.pe\/web\/wp-json\/wp\/v2\/product"}],"about":[{"href":"https:\/\/tecnimport.com.pe\/web\/wp-json\/wp\/v2\/types\/product"}],"wp:featuredmedia":[{"embeddable":true,"href":"https:\/\/tecnimport.com.pe\/web\/wp-json\/wp\/v2\/media\/3764"}],"wp:attachment":[{"href":"https:\/\/tecnimport.com.pe\/web\/wp-json\/wp\/v2\/media?parent=5647"}],"wp:term":[{"taxonomy":"product_brand","embeddable":true,"href":"https:\/\/tecnimport.com.pe\/web\/wp-json\/wp\/v2\/product_brand?post=5647"},{"taxonomy":"product_cat","embeddable":true,"href":"https:\/\/tecnimport.com.pe\/web\/wp-json\/wp\/v2\/product_cat?post=5647"},{"taxonomy":"product_tag","embeddable":true,"href":"https:\/\/tecnimport.com.pe\/web\/wp-json\/wp\/v2\/product_tag?post=5647"}],"curies":[{"name":"wp","href":"https:\/\/api.w.org\/{rel}","templated":true}]}}