{"id":5631,"date":"2022-10-27T12:03:38","date_gmt":"2022-10-27T17:03:38","guid":{"rendered":"https:\/\/tecnimport.com.pe\/web\/?post_type=product&#038;p=5631"},"modified":"2025-07-25T22:03:53","modified_gmt":"2025-07-26T03:03:53","slug":"silicona-formador-de-empaquetaduras","status":"publish","type":"product","link":"https:\/\/tecnimport.com.pe\/web\/productos\/procyon-labs\/adhesivos-selladores-y-siliconas\/silicona-formador-de-empaquetaduras\/","title":{"rendered":"Procyon Silicone Sealant Mega Grey 999"},"content":{"rendered":"<h2>Silicona Formador de Empaquetaduras<\/h2>\n<p>Silicona gris Formador de empaquetaduras\u00a0SILICONE SEALANT MEGA GREY 999 PROCYON Sellador de silicona RTV mono componente de curado neutro, de alta performance, no corrosivo y de bajo olor. Soporta temperaturas de operaci\u00f3n muy altas hasta 350\u00b0C (650 \u00b0F) . Tiene excelentes propiedades de adhesi\u00f3n a la mayor\u00eda de los materiales y diversas aplicaciones como formador de juntas, superficies vidriadas, cer\u00e1mica, esmalte, madera impregnada y pintada. SILICONA NEUTRA GRIS<\/p>\n<p>SILICONE SEALANT MEGA GREY 999<\/p>\n<h5>Usos<\/h5>\n<ul>\n<li>Usado para formar empaques y sellar escapes en: tapa de v\u00e1lvulas, c\u00e1rter de aceite, bombas de agua, tapa de termostato, tapa del cig\u00fce\u00f1al, carcasa de la transmisi\u00f3n, caja de velocidad, sellado de cajas con conexiones el\u00e9ctricas.<\/li>\n<\/ul>\n<h5>Propiedades<\/h5>\n<ul>\n<li>primero 100% Silicona neutra.<\/li>\n<li>Silicona gris.\u00a0SILICONA NEUTRA<\/li>\n<li>Resiste altas temperaturas, picos de hasta 350\u00b0C (650 \u00b0F ).<\/li>\n<li>Cura formando un sello fuerte y muy flexible capaz de resistir el movimiento dentro y alrededor de la junta.<\/li>\n<li>Hace juntas que resisten altas temperaturas y la mayor\u00eda de fluidos.<\/li>\n<li>Resistente al envejecimiento, agua, aceites, grasas, hidrocarburos y fuertes vibraciones.<\/li>\n<li>por ultimo Cura al tacto entre 20 a 30 minutos y totalmente en 24 horas<\/li>\n<\/ul>\n<h5>Productos Procyon<\/h5>\n<ul>\n<li><a href=\"https:\/\/tecnimport.com.pe\/web\/productos\/procyon\/reparacion-de-tuberias-y-fisuras-de-emergencia\/procyon-pipe-patch\/\" target=\"_blank\" rel=\"noopener\">Primero Vendas Pipe Patch para reparaci\u00f3n de tuber\u00edas<\/a><\/li>\n<li><a href=\"https:\/\/tecnimport.com.pe\/web\/productos\/procyon\/siliconas\/procyon-silicone-sealant-multi-purpose-350\/\" target=\"_blank\" rel=\"noopener\">Segundo Silicona multi prop\u00f3sito transparente<\/a><\/li>\n<li>Silicona alta temperatura<\/li>\n<li>Formador de empaques<\/li>\n<li><a href=\"https:\/\/tecnimport.com.pe\/web\/productos\/procyon\/aceites-aflojatodo-lubricantes\/wx-multiproposito\/\">por ultimo Afloja todo multiprop\u00f3sito<\/a><\/li>\n<\/ul>\n<h5><a href=\"http:\/\/www.procyon-labs.com\/\">Visite Procyon&#8217;s web<\/a><\/h5>\n<h2><\/h2>\n<p>&nbsp;<\/p>\n<h2><img loading=\"lazy\" decoding=\"async\" class=\"aligncenter wp-image-5617\" title=\"SILICONA FORMADOR DE EMPAQUETADURAS\" src=\"https:\/\/tecnimport.com.pe\/web\/wp-content\/uploads\/2022\/10\/PROCYON_SILICON_SEALANT_MEGA_GREY_999_85GR_SILICONA_GRIS_FORMADOR_DE_EMPAQUES.gif\" alt=\"SILICONA NEUTRA PROCYON MEGA GREY 999\" width=\"296\" height=\"296\" \/><\/h2>\n<p>SILICONA ROJA. Silicona Formador de empaquetaduras SILICONE SEALANT HIGH TEMP 650 PROCYON Sellador de silicona RTV mono componente de curado neutro, de alta performance, no corrosivo y de bajo olor. Soporta temperaturas de operaci\u00f3n muy altas hasta 350\u00b0C (650 \u00b0F) . Tiene excelentes propiedades de adhesi\u00f3n a la mayor\u00eda de los materiales y diversas aplicaciones como formador de juntas, superficies vidriadas, cer\u00e1mica, esmalte, madera impregnada y pintada. SILICONA ROJA NEUTRA<\/p>\n<p>SILICONE SEALANT HIGH TEMP 650\u00a0silicona Roja<\/p>\n<h5>Usos<\/h5>\n<ul>\n<li>Usado para formar empaques y sellar escapes en: tapa de v\u00e1lvulas, c\u00e1rter de aceite, bombas de agua, tapa de termostato, tapa del cig\u00fce\u00f1al, carcasa de la transmisi\u00f3n, caja de velocidad, sellado de cajas con conexiones el\u00e9ctricas.<\/li>\n<\/ul>\n<h5>Propiedades<\/h5>\n<ul>\n<li>primero 100% Silicona neutra.<\/li>\n<li>silicona GRIS .\u00a0SILICONA NEUTRA<\/li>\n<li>Resiste altas temperaturas, picos de hasta 350\u00b0C (650 \u00b0F ).<\/li>\n<li>Cura formando un sello fuerte y muy flexible capaz de resistir el movimiento dentro y alrededor de la junta.<\/li>\n<li>Hace juntas que resisten altas temperaturas y la mayor\u00eda de fluidos.<\/li>\n<li>Resistente al envejecimiento, agua, aceites, grasas, hidrocarburos y fuertes vibraciones.<\/li>\n<li>por ultimo Cura al tacto entre 20 a 30 minutos y totalmente en 24 horas<\/li>\n<\/ul>\n","protected":false},"excerpt":{"rendered":"<h2>PROCYON SILICONE SEALANT MEGA GREY 999<\/h2>\n<p>Formador de Juntas o Empaquetaduras, Sellador de silicona RTV mono componente de curado neutro, de alta performance, no corrosivo y de bajo olor. Soporta temperaturas de operaci\u00f3n muy altas hasta 350\u00b0C (650 \u00b0F) . Tiene excelentes propiedades de adhesi\u00f3n a la mayor\u00eda de los materiales, superficies vidriadas, cer\u00e1mica, esmalte, madera impregnada y pintada.<\/p>\n<h5>Usos<\/h5>\n<ul>\n<li>Usado para formar empaques y sellar escapes en: tapa de v\u00e1lvulas, c\u00e1rter de aceite, bombas de agua, tapa de termostato, tapa del cig\u00fce\u00f1al, carcasa de la transmisi\u00f3n, caja de velocidad, sellado de cajas con conexiones el\u00e9ctricas.<\/li>\n<li>No da\u00f1a sensores.<\/li>\n<\/ul>\n<h5>Propiedades<\/h5>\n<ul>\n<li>100% Silicona neutra.<\/li>\n<li>Color Gris<\/li>\n<li>Elongaci\u00f3n hasta el 600%.<\/li>\n<li>Resiste altas temperaturas, picos de hasta 350\u00b0C (650 \u00b0F ).<\/li>\n<li>Cura formando un sello fuerte y muy flexible capaz de resistir el movimiento dentro y alrededor de la junta.<\/li>\n<li>Hace juntas que resisten altas temperaturas y la mayor\u00eda de fluidos.<\/li>\n<li>Resistente al envejecimiento, agua, aceites, grasas, hidrocarburos y fuertes vibraciones.<\/li>\n<li>Cura al tacto entre 20 a 30 minutos y totalmente en 24 horas<\/li>\n<\/ul>\n<p>ver mas en ficha t\u00e9cnica<\/p>\n<p><a class=\"btn ft\" href=\"https:\/\/tecnimport.com.pe\/web\/wp-content\/uploads\/2022\/10\/PROCYON-SILICONE-SEALANT-MEGA-GREY-999-TDS.pdf\" target=\"_blank\" rel=\"noopener noreferrer\">Ficha T\u00e9cnica\u00a0<\/a><\/p>\n","protected":false},"featured_media":5617,"template":"","meta":[],"product_brand":[1350],"product_cat":[281],"product_tag":[666,919,920],"class_list":{"0":"post-5631","1":"product","2":"type-product","3":"status-publish","4":"has-post-thumbnail","6":"product_brand-procyon-x","7":"product_cat-adhesivos-selladores-y-siliconas","8":"product_tag-selladores","9":"product_tag-silicona","10":"product_tag-silicona-transparente","12":"first","13":"instock","14":"shipping-taxable","15":"purchasable","16":"product-type-simple"},"yoast_head":"<!-- This site is optimized with the Yoast SEO plugin v26.9 - https:\/\/yoast.com\/product\/yoast-seo-wordpress\/ -->\n<title>Procyon Silicone Sealant Mega Grey 999 - Fromador de Empaques<\/title>\n<meta name=\"description\" content=\"PROCYON MEGA GREY 999. sellador de silicona neutra RTV, de alta performance, no corrosivo y de bajo olor. Temperatura hasta de 350\u00b0C (650 \u00b0F). Silicona gris\" \/>\n<meta name=\"robots\" content=\"index, follow, max-snippet:-1, max-image-preview:large, max-video-preview:-1\" \/>\n<link rel=\"canonical\" href=\"https:\/\/tecnimport.com.pe\/web\/productos\/procyon-labs\/adhesivos-selladores-y-siliconas\/silicona-formador-de-empaquetaduras\/\" \/>\n<meta property=\"og:locale\" content=\"es_ES\" \/>\n<meta property=\"og:type\" content=\"article\" \/>\n<meta property=\"og:title\" content=\"Procyon Silicone Sealant Mega Grey 999 - Fromador de Empaques\" \/>\n<meta property=\"og:description\" content=\"PROCYON MEGA GREY 999. sellador de silicona neutra RTV, de alta performance, no corrosivo y de bajo olor. Temperatura hasta de 350\u00b0C (650 \u00b0F). Silicona gris\" \/>\n<meta property=\"og:url\" content=\"https:\/\/tecnimport.com.pe\/web\/productos\/procyon-labs\/adhesivos-selladores-y-siliconas\/silicona-formador-de-empaquetaduras\/\" \/>\n<meta property=\"og:site_name\" content=\"TECNIMPORT S.A.\" \/>\n<meta property=\"article:modified_time\" content=\"2025-07-26T03:03:53+00:00\" \/>\n<meta property=\"og:image\" content=\"https:\/\/tecnimport.com.pe\/web\/wp-content\/uploads\/2022\/10\/PROCYON_SILICON_SEALANT_MEGA_GREY_999_85GR_SILICONA_GRIS_FORMADOR_DE_EMPAQUES.gif\" \/>\n\t<meta property=\"og:image:width\" content=\"1000\" \/>\n\t<meta property=\"og:image:height\" content=\"1000\" \/>\n\t<meta property=\"og:image:type\" content=\"image\/gif\" \/>\n<meta name=\"twitter:card\" content=\"summary_large_image\" \/>\n<meta name=\"twitter:label1\" content=\"Precio\" \/>\n\t<meta name=\"twitter:data1\" content=\"&#036;1.00\" \/>\n\t<meta name=\"twitter:label2\" content=\"Disponibilidad\" \/>\n\t<meta name=\"twitter:data2\" content=\"Disponible\" \/>\n<script type=\"application\/ld+json\" class=\"yoast-schema-graph\">{\"@context\":\"https:\/\/schema.org\",\"@graph\":[{\"@type\":\"WebPage\",\"@id\":\"https:\/\/tecnimport.com.pe\/web\/productos\/procyon-labs\/adhesivos-selladores-y-siliconas\/silicona-formador-de-empaquetaduras\/\",\"url\":\"https:\/\/tecnimport.com.pe\/web\/productos\/procyon-labs\/adhesivos-selladores-y-siliconas\/silicona-formador-de-empaquetaduras\/\",\"name\":\"Procyon Silicone Sealant Mega Grey 999 - Fromador de Empaques\",\"isPartOf\":{\"@id\":\"https:\/\/tecnimport.com.pe\/web\/#website\"},\"primaryImageOfPage\":{\"@id\":\"https:\/\/tecnimport.com.pe\/web\/productos\/procyon-labs\/adhesivos-selladores-y-siliconas\/silicona-formador-de-empaquetaduras\/#primaryimage\"},\"image\":{\"@id\":\"https:\/\/tecnimport.com.pe\/web\/productos\/procyon-labs\/adhesivos-selladores-y-siliconas\/silicona-formador-de-empaquetaduras\/#primaryimage\"},\"thumbnailUrl\":\"https:\/\/tecnimport.com.pe\/web\/wp-content\/uploads\/2022\/10\/PROCYON_SILICON_SEALANT_MEGA_GREY_999_85GR_SILICONA_GRIS_FORMADOR_DE_EMPAQUES.gif\",\"datePublished\":\"2022-10-27T17:03:38+00:00\",\"dateModified\":\"2025-07-26T03:03:53+00:00\",\"description\":\"PROCYON MEGA GREY 999. sellador de silicona neutra RTV, de alta performance, no corrosivo y de bajo olor. Temperatura hasta de 350\u00b0C (650 \u00b0F). Silicona gris\",\"breadcrumb\":{\"@id\":\"https:\/\/tecnimport.com.pe\/web\/productos\/procyon-labs\/adhesivos-selladores-y-siliconas\/silicona-formador-de-empaquetaduras\/#breadcrumb\"},\"inLanguage\":\"es\",\"potentialAction\":[{\"@type\":\"ReadAction\",\"target\":[\"https:\/\/tecnimport.com.pe\/web\/productos\/procyon-labs\/adhesivos-selladores-y-siliconas\/silicona-formador-de-empaquetaduras\/\"]}]},{\"@type\":\"ImageObject\",\"inLanguage\":\"es\",\"@id\":\"https:\/\/tecnimport.com.pe\/web\/productos\/procyon-labs\/adhesivos-selladores-y-siliconas\/silicona-formador-de-empaquetaduras\/#primaryimage\",\"url\":\"https:\/\/tecnimport.com.pe\/web\/wp-content\/uploads\/2022\/10\/PROCYON_SILICON_SEALANT_MEGA_GREY_999_85GR_SILICONA_GRIS_FORMADOR_DE_EMPAQUES.gif\",\"contentUrl\":\"https:\/\/tecnimport.com.pe\/web\/wp-content\/uploads\/2022\/10\/PROCYON_SILICON_SEALANT_MEGA_GREY_999_85GR_SILICONA_GRIS_FORMADOR_DE_EMPAQUES.gif\",\"width\":1000,\"height\":1000},{\"@type\":\"BreadcrumbList\",\"@id\":\"https:\/\/tecnimport.com.pe\/web\/productos\/procyon-labs\/adhesivos-selladores-y-siliconas\/silicona-formador-de-empaquetaduras\/#breadcrumb\",\"itemListElement\":[{\"@type\":\"ListItem\",\"position\":1,\"name\":\"Portada\",\"item\":\"https:\/\/tecnimport.com.pe\/web\/\"},{\"@type\":\"ListItem\",\"position\":2,\"name\":\"Productos\",\"item\":\"https:\/\/tecnimport.com.pe\/web\/productos-navigation\/\"},{\"@type\":\"ListItem\",\"position\":3,\"name\":\"Procyon Silicone Sealant Mega Grey 999\"}]},{\"@type\":\"WebSite\",\"@id\":\"https:\/\/tecnimport.com.pe\/web\/#website\",\"url\":\"https:\/\/tecnimport.com.pe\/web\/\",\"name\":\"TECNIMPORT S.A.\",\"description\":\"Representante de Devcon, LPS, Rocol y Procyon en el Per\u00fa\",\"publisher\":{\"@id\":\"https:\/\/tecnimport.com.pe\/web\/#organization\"},\"potentialAction\":[{\"@type\":\"SearchAction\",\"target\":{\"@type\":\"EntryPoint\",\"urlTemplate\":\"https:\/\/tecnimport.com.pe\/web\/?s={search_term_string}\"},\"query-input\":{\"@type\":\"PropertyValueSpecification\",\"valueRequired\":true,\"valueName\":\"search_term_string\"}}],\"inLanguage\":\"es\"},{\"@type\":\"Organization\",\"@id\":\"https:\/\/tecnimport.com.pe\/web\/#organization\",\"name\":\"Tecnimport S.A\",\"url\":\"https:\/\/tecnimport.com.pe\/web\/\",\"logo\":{\"@type\":\"ImageObject\",\"inLanguage\":\"es\",\"@id\":\"https:\/\/tecnimport.com.pe\/web\/#\/schema\/logo\/image\/\",\"url\":\"https:\/\/tecnimport.com.pe\/web\/wp-content\/uploads\/2020\/03\/logo_tecnimport.png\",\"contentUrl\":\"https:\/\/tecnimport.com.pe\/web\/wp-content\/uploads\/2020\/03\/logo_tecnimport.png\",\"width\":367,\"height\":49,\"caption\":\"Tecnimport S.A\"},\"image\":{\"@id\":\"https:\/\/tecnimport.com.pe\/web\/#\/schema\/logo\/image\/\"}}]}<\/script>\n<meta property=\"product:price:amount\" content=\"1.00\" \/>\n<meta property=\"product:price:currency\" content=\"USD\" \/>\n<meta property=\"og:availability\" content=\"instock\" \/>\n<meta property=\"product:availability\" content=\"instock\" \/>\n<meta property=\"product:retailer_item_id\" content=\"PR999.85\" \/>\n<meta property=\"product:condition\" content=\"new\" \/>\n<!-- \/ Yoast SEO plugin. -->","yoast_head_json":{"title":"Procyon Silicone Sealant Mega Grey 999 - Fromador de Empaques","description":"PROCYON MEGA GREY 999. sellador de silicona neutra RTV, de alta performance, no corrosivo y de bajo olor. Temperatura hasta de 350\u00b0C (650 \u00b0F). Silicona gris","robots":{"index":"index","follow":"follow","max-snippet":"max-snippet:-1","max-image-preview":"max-image-preview:large","max-video-preview":"max-video-preview:-1"},"canonical":"https:\/\/tecnimport.com.pe\/web\/productos\/procyon-labs\/adhesivos-selladores-y-siliconas\/silicona-formador-de-empaquetaduras\/","og_locale":"es_ES","og_type":"article","og_title":"Procyon Silicone Sealant Mega Grey 999 - Fromador de Empaques","og_description":"PROCYON MEGA GREY 999. sellador de silicona neutra RTV, de alta performance, no corrosivo y de bajo olor. Temperatura hasta de 350\u00b0C (650 \u00b0F). Silicona gris","og_url":"https:\/\/tecnimport.com.pe\/web\/productos\/procyon-labs\/adhesivos-selladores-y-siliconas\/silicona-formador-de-empaquetaduras\/","og_site_name":"TECNIMPORT S.A.","article_modified_time":"2025-07-26T03:03:53+00:00","og_image":[{"width":1000,"height":1000,"url":"https:\/\/tecnimport.com.pe\/web\/wp-content\/uploads\/2022\/10\/PROCYON_SILICON_SEALANT_MEGA_GREY_999_85GR_SILICONA_GRIS_FORMADOR_DE_EMPAQUES.gif","type":"image\/gif"}],"twitter_card":"summary_large_image","twitter_misc":{"Precio":"&#36;1.00","Disponibilidad":"Disponible"},"schema":{"@context":"https:\/\/schema.org","@graph":[{"@type":"WebPage","@id":"https:\/\/tecnimport.com.pe\/web\/productos\/procyon-labs\/adhesivos-selladores-y-siliconas\/silicona-formador-de-empaquetaduras\/","url":"https:\/\/tecnimport.com.pe\/web\/productos\/procyon-labs\/adhesivos-selladores-y-siliconas\/silicona-formador-de-empaquetaduras\/","name":"Procyon Silicone Sealant Mega Grey 999 - Fromador de Empaques","isPartOf":{"@id":"https:\/\/tecnimport.com.pe\/web\/#website"},"primaryImageOfPage":{"@id":"https:\/\/tecnimport.com.pe\/web\/productos\/procyon-labs\/adhesivos-selladores-y-siliconas\/silicona-formador-de-empaquetaduras\/#primaryimage"},"image":{"@id":"https:\/\/tecnimport.com.pe\/web\/productos\/procyon-labs\/adhesivos-selladores-y-siliconas\/silicona-formador-de-empaquetaduras\/#primaryimage"},"thumbnailUrl":"https:\/\/tecnimport.com.pe\/web\/wp-content\/uploads\/2022\/10\/PROCYON_SILICON_SEALANT_MEGA_GREY_999_85GR_SILICONA_GRIS_FORMADOR_DE_EMPAQUES.gif","datePublished":"2022-10-27T17:03:38+00:00","dateModified":"2025-07-26T03:03:53+00:00","description":"PROCYON MEGA GREY 999. sellador de silicona neutra RTV, de alta performance, no corrosivo y de bajo olor. Temperatura hasta de 350\u00b0C (650 \u00b0F). Silicona gris","breadcrumb":{"@id":"https:\/\/tecnimport.com.pe\/web\/productos\/procyon-labs\/adhesivos-selladores-y-siliconas\/silicona-formador-de-empaquetaduras\/#breadcrumb"},"inLanguage":"es","potentialAction":[{"@type":"ReadAction","target":["https:\/\/tecnimport.com.pe\/web\/productos\/procyon-labs\/adhesivos-selladores-y-siliconas\/silicona-formador-de-empaquetaduras\/"]}]},{"@type":"ImageObject","inLanguage":"es","@id":"https:\/\/tecnimport.com.pe\/web\/productos\/procyon-labs\/adhesivos-selladores-y-siliconas\/silicona-formador-de-empaquetaduras\/#primaryimage","url":"https:\/\/tecnimport.com.pe\/web\/wp-content\/uploads\/2022\/10\/PROCYON_SILICON_SEALANT_MEGA_GREY_999_85GR_SILICONA_GRIS_FORMADOR_DE_EMPAQUES.gif","contentUrl":"https:\/\/tecnimport.com.pe\/web\/wp-content\/uploads\/2022\/10\/PROCYON_SILICON_SEALANT_MEGA_GREY_999_85GR_SILICONA_GRIS_FORMADOR_DE_EMPAQUES.gif","width":1000,"height":1000},{"@type":"BreadcrumbList","@id":"https:\/\/tecnimport.com.pe\/web\/productos\/procyon-labs\/adhesivos-selladores-y-siliconas\/silicona-formador-de-empaquetaduras\/#breadcrumb","itemListElement":[{"@type":"ListItem","position":1,"name":"Portada","item":"https:\/\/tecnimport.com.pe\/web\/"},{"@type":"ListItem","position":2,"name":"Productos","item":"https:\/\/tecnimport.com.pe\/web\/productos-navigation\/"},{"@type":"ListItem","position":3,"name":"Procyon Silicone Sealant Mega Grey 999"}]},{"@type":"WebSite","@id":"https:\/\/tecnimport.com.pe\/web\/#website","url":"https:\/\/tecnimport.com.pe\/web\/","name":"TECNIMPORT S.A.","description":"Representante de Devcon, LPS, Rocol y Procyon en el Per\u00fa","publisher":{"@id":"https:\/\/tecnimport.com.pe\/web\/#organization"},"potentialAction":[{"@type":"SearchAction","target":{"@type":"EntryPoint","urlTemplate":"https:\/\/tecnimport.com.pe\/web\/?s={search_term_string}"},"query-input":{"@type":"PropertyValueSpecification","valueRequired":true,"valueName":"search_term_string"}}],"inLanguage":"es"},{"@type":"Organization","@id":"https:\/\/tecnimport.com.pe\/web\/#organization","name":"Tecnimport S.A","url":"https:\/\/tecnimport.com.pe\/web\/","logo":{"@type":"ImageObject","inLanguage":"es","@id":"https:\/\/tecnimport.com.pe\/web\/#\/schema\/logo\/image\/","url":"https:\/\/tecnimport.com.pe\/web\/wp-content\/uploads\/2020\/03\/logo_tecnimport.png","contentUrl":"https:\/\/tecnimport.com.pe\/web\/wp-content\/uploads\/2020\/03\/logo_tecnimport.png","width":367,"height":49,"caption":"Tecnimport S.A"},"image":{"@id":"https:\/\/tecnimport.com.pe\/web\/#\/schema\/logo\/image\/"}}]},"product_price_amount":"1.00","product_price_currency":"USD","og_availability":"instock","product_availability":"instock","product_retailer_item_id":"PR999.85","product_condition":"new"},"_links":{"self":[{"href":"https:\/\/tecnimport.com.pe\/web\/wp-json\/wp\/v2\/product\/5631","targetHints":{"allow":["GET"]}}],"collection":[{"href":"https:\/\/tecnimport.com.pe\/web\/wp-json\/wp\/v2\/product"}],"about":[{"href":"https:\/\/tecnimport.com.pe\/web\/wp-json\/wp\/v2\/types\/product"}],"wp:featuredmedia":[{"embeddable":true,"href":"https:\/\/tecnimport.com.pe\/web\/wp-json\/wp\/v2\/media\/5617"}],"wp:attachment":[{"href":"https:\/\/tecnimport.com.pe\/web\/wp-json\/wp\/v2\/media?parent=5631"}],"wp:term":[{"taxonomy":"product_brand","embeddable":true,"href":"https:\/\/tecnimport.com.pe\/web\/wp-json\/wp\/v2\/product_brand?post=5631"},{"taxonomy":"product_cat","embeddable":true,"href":"https:\/\/tecnimport.com.pe\/web\/wp-json\/wp\/v2\/product_cat?post=5631"},{"taxonomy":"product_tag","embeddable":true,"href":"https:\/\/tecnimport.com.pe\/web\/wp-json\/wp\/v2\/product_tag?post=5631"}],"curies":[{"name":"wp","href":"https:\/\/api.w.org\/{rel}","templated":true}]}}