{"id":5627,"date":"2022-10-26T15:44:10","date_gmt":"2022-10-26T20:44:10","guid":{"rendered":"https:\/\/tecnimport.com.pe\/web\/?post_type=product&#038;p=5627"},"modified":"2026-04-14T17:35:42","modified_gmt":"2026-04-14T22:35:42","slug":"procyon-silicona-multiproposito-transparente-neutra","status":"publish","type":"product","link":"https:\/\/tecnimport.com.pe\/web\/productos\/procyon-labs\/adhesivos-selladores-y-siliconas\/procyon-silicona-multiproposito-transparente-neutra\/","title":{"rendered":"Procyon Silicone Multipurpose 350"},"content":{"rendered":"<h2>Silicona Multiprop\u00f3sito Transparente<\/h2>\n<p>Silicona Multiprop\u00f3sito Transparente SILICONE SEALANT MULTIPURPOSE 350 PROCYON es una Sellador de silicona RTV de curado neutro, multiprop\u00f3sito. No corrosivo y de bajo olor. Ofrece durabilidad a largo plazo. En una amplia gama de aplicaciones de debido a sellado general. es por eso Acristalamiento e impermeabilizaci\u00f3n.\u00a0SILICONA NEUTRA<\/p>\n<p>SILICONE SEALANT MULTIPURPOSE 350 es<\/p>\n<h5>Usos<\/h5>\n<ul>\n<li>primero Sellado de uso general a la intemperie es\u00a0Silicona Multiprop\u00f3sito Transparente<\/li>\n<li>Es por eso que el sellado de canalones y bajantes con fugas.<\/li>\n<li>Adecuado para sellar vidrio, aluminio, ladrillo. hormig\u00f3n, acero, cer\u00e1mica, fibra de vidrio, algunos pl\u00e1sticos.<\/li>\n<li>por ultimo Sella puertas y ventanas.<\/li>\n<\/ul>\n<h5>Propiedades<\/h5>\n<ul>\n<li>primero 100% Silicona neutra.<\/li>\n<li>Color Transparente.\u00a0SILICONA NEUTRA<\/li>\n<li>Temperatura hasta 180\u00b0C (350 \u00b0F).<\/li>\n<li>Excelente adherencia a vidrio, cer\u00e1mica, acero, hormig\u00f3n, metal y superficie recubierta.<\/li>\n<li>Excelente capacidad de impermeabilizaci\u00f3n, resistiendo a los rayos ultravioleta, ozono, nieve o temperaturas extremas.<\/li>\n<li>por ultimo No contiene \u00e1cido, no corroe metal u otro material sensible a la corrosi\u00f3n.<\/li>\n<\/ul>\n<h5>Productos Procyon<\/h5>\n<ul>\n<li><a href=\"https:\/\/tecnimport.com.pe\/web\/productos\/procyon\/reparacion-de-tuberias-y-fisuras-de-emergencia\/procyon-pipe-patch\/\" target=\"_blank\" rel=\"noopener\">Primero Vendas Pipe Patch para reparaci\u00f3n de tuber\u00edas<\/a><\/li>\n<li><a href=\"https:\/\/tecnimport.com.pe\/web\/productos\/procyon\/siliconas\/procyon-silicone-sealant-multi-purpose-350\/\" target=\"_blank\" rel=\"noopener\">Segundo Silicona multi prop\u00f3sito transparente<\/a><\/li>\n<li>Silicona alta temperatura<\/li>\n<li>Formador de empaques<\/li>\n<li><a href=\"https:\/\/tecnimport.com.pe\/web\/productos\/procyon\/aceites-aflojatodo-lubricantes\/wx-multiproposito\/\">por ultimo Afloja todo multiprop\u00f3sito<\/a><\/li>\n<\/ul>\n<h5><a href=\"http:\/\/www.procyon-labs.com\/\">Visite Procyon&#8217;s web<\/a><\/h5>\n<h2><img loading=\"lazy\" decoding=\"async\" class=\"aligncenter wp-image-5619\" title=\"SILICONA MULTIPROPOSITO\" src=\"https:\/\/tecnimport.com.pe\/web\/wp-content\/uploads\/2022\/10\/PROCYON_SILICONE_SEALANT_MULTIPURPOSE_350_300ml_SILICONA_TRANSPARENTE.gif\" alt=\"SILICONA NEUTRA PROCYON SILICONE SEALANT MULTIPURPOSE 350 Silicona Multiprop\u00f3sito Transparente\" width=\"241\" height=\"241\" \/><\/h2>\n<p>&nbsp;<\/p>\n<p>Silicona Multiprop\u00f3sito Transparente SILICONE SEALANT MULTIPURPOSE 350 PROCYON es una Sellador de silicona RTV de curado neutro, multiprop\u00f3sito. No corrosivo y de bajo olor. Ofrece durabilidad a largo plazo. En una amplia gama de aplicaciones de debido a sellado general. es por eso Acristalamiento e impermeabilizaci\u00f3n.\u00a0SILICONA NEUTRA<\/p>\n<h5>Propiedades<\/h5>\n<ul>\n<li>primero 100% Silicona neutra.<\/li>\n<li>Color Transparente.\u00a0SILICONA NEUTRA<\/li>\n<li>Temperatura hasta 180\u00b0C (350 \u00b0F).<\/li>\n<li>Excelente adherencia a vidrio, cer\u00e1mica, acero, hormig\u00f3n, metal y superficie recubierta.<\/li>\n<li>Excelente capacidad de impermeabilizaci\u00f3n, resistiendo a los rayos ultravioleta, ozono, nieve o temperaturas extremas.<\/li>\n<li>por ultimo No contiene \u00e1cido, no corroe metal u otro material sensible a la corrosi\u00f3n.<\/li>\n<\/ul>\n<h5>Usos<\/h5>\n<ul>\n<li>primero Sellado de uso general a la intemperie es\u00a0Silicona Multiprop\u00f3sito Transparente<\/li>\n<li>Es por eso que el sellado de canalones y bajantes con fugas.<\/li>\n<li>Adecuado para sellar vidrio, aluminio, ladrillo. hormig\u00f3n, acero, cer\u00e1mica, fibra de vidrio, algunos pl\u00e1sticos.<\/li>\n<li>por ultimo Sella puertas y ventanas.<\/li>\n<\/ul>\n<h5><\/h5>\n","protected":false},"excerpt":{"rendered":"<h2>PROCYON\u00a0SILICONE SEALANT MULTIPURPOSE 350<\/h2>\n<p>Sellador de silicona RTV de curado neutro, multiprop\u00f3sito, no corrosivo y de bajo olor. Ofrece durabilidad a largo plazo en una amplia gama de aplicaciones de sellado general, acristalamiento e impermeabilizaci\u00f3n.<\/p>\n<h5>Usos<\/h5>\n<ul>\n<li>Sellado de uso general a la intemperie.<\/li>\n<li>Sellado de canalones y bajantes con fugas.<\/li>\n<li>Adecuado para sellar vidrio, aluminio, ladrillo, hormig\u00f3n, acero, cer\u00e1mica, fibra de vidrio, algunos pl\u00e1sticos.<\/li>\n<li>Sella puertas y ventanas.<\/li>\n<\/ul>\n<h5>Propiedades<\/h5>\n<ul>\n<li>100% Silicona neutra.<\/li>\n<li>Color Transparente.<\/li>\n<li>Temperatura hasta 180\u00b0C (350 \u00b0F).<\/li>\n<li>Excelente adherencia a vidrio, cer\u00e1mica, acero, hormig\u00f3n, metal y superficie recubierta.<\/li>\n<li>Excelente capacidad de impermeabilizaci\u00f3n, resistiendo a los rayos ultravioleta, ozono, nieve o temperaturas extremas.<\/li>\n<li>No contiene \u00e1cido, no corroe metal u otro material sensible a la corrosi\u00f3n.<\/li>\n<\/ul>\n<p>ver mas en ficha t\u00e9cnica<\/p>\n<p><a class=\"btn ft\" href=\"https:\/\/tecnimport.com.pe\/web\/wp-content\/uploads\/2022\/10\/PROCYON-SILICONE-SEALANT-MULI-PURPOSE-350-TDS.pdf\" target=\"_blank\" rel=\"noopener noreferrer\">Ficha T\u00e9cnica\u00a0<\/a><\/p>\n","protected":false},"featured_media":5619,"template":"","meta":[],"product_brand":[],"product_cat":[281],"product_tag":[666,919,920],"class_list":{"0":"post-5627","1":"product","2":"type-product","3":"status-publish","4":"has-post-thumbnail","6":"product_cat-adhesivos-selladores-y-siliconas","7":"product_tag-selladores","8":"product_tag-silicona","9":"product_tag-silicona-transparente","11":"first","12":"instock","13":"shipping-taxable","14":"product-type-simple"},"yoast_head":"<!-- This site is optimized with the Yoast SEO plugin v26.9 - https:\/\/yoast.com\/product\/yoast-seo-wordpress\/ -->\n<title>Procyon Procyon Silicone Multipurpose 350 - TECNIMPORT S.A.<\/title>\n<meta name=\"description\" content=\"PROCYON Sellador de silicona RTV multiprop\u00f3sito transparente neutra, no corrosivo, bajo olor. Larga durabilidad. Sellado e impermeabilizaci\u00f3n.\" \/>\n<meta name=\"robots\" content=\"index, follow, max-snippet:-1, max-image-preview:large, max-video-preview:-1\" \/>\n<link rel=\"canonical\" href=\"https:\/\/tecnimport.com.pe\/web\/productos\/procyon-labs\/adhesivos-selladores-y-siliconas\/procyon-silicona-multiproposito-transparente-neutra\/\" \/>\n<meta property=\"og:locale\" content=\"es_ES\" \/>\n<meta property=\"og:type\" content=\"article\" \/>\n<meta property=\"og:title\" content=\"Procyon Procyon Silicone Multipurpose 350 - TECNIMPORT S.A.\" \/>\n<meta property=\"og:description\" content=\"PROCYON Sellador de silicona RTV multiprop\u00f3sito transparente neutra, no corrosivo, bajo olor. Larga durabilidad. Sellado e impermeabilizaci\u00f3n.\" \/>\n<meta property=\"og:url\" content=\"https:\/\/tecnimport.com.pe\/web\/productos\/procyon-labs\/adhesivos-selladores-y-siliconas\/procyon-silicona-multiproposito-transparente-neutra\/\" \/>\n<meta property=\"og:site_name\" content=\"TECNIMPORT S.A.\" \/>\n<meta property=\"article:modified_time\" content=\"2026-04-14T22:35:42+00:00\" \/>\n<meta property=\"og:image\" content=\"https:\/\/tecnimport.com.pe\/web\/wp-content\/uploads\/2022\/10\/PROCYON_SILICONE_SEALANT_MULTIPURPOSE_350_300ml_SILICONA_TRANSPARENTE.gif\" \/>\n\t<meta property=\"og:image:width\" content=\"1000\" \/>\n\t<meta property=\"og:image:height\" content=\"1000\" \/>\n\t<meta property=\"og:image:type\" content=\"image\/gif\" \/>\n<meta name=\"twitter:card\" content=\"summary_large_image\" \/>\n<meta name=\"twitter:label1\" content=\"Precio\" \/>\n\t<meta name=\"twitter:data1\" content=\"\" \/>\n\t<meta name=\"twitter:label2\" content=\"Disponibilidad\" \/>\n\t<meta name=\"twitter:data2\" content=\"Disponible\" \/>\n<script type=\"application\/ld+json\" class=\"yoast-schema-graph\">{\"@context\":\"https:\/\/schema.org\",\"@graph\":[{\"@type\":\"WebPage\",\"@id\":\"https:\/\/tecnimport.com.pe\/web\/productos\/procyon-labs\/adhesivos-selladores-y-siliconas\/procyon-silicona-multiproposito-transparente-neutra\/\",\"url\":\"https:\/\/tecnimport.com.pe\/web\/productos\/procyon-labs\/adhesivos-selladores-y-siliconas\/procyon-silicona-multiproposito-transparente-neutra\/\",\"name\":\"Procyon Procyon Silicone Multipurpose 350 - TECNIMPORT S.A.\",\"isPartOf\":{\"@id\":\"https:\/\/tecnimport.com.pe\/web\/#website\"},\"primaryImageOfPage\":{\"@id\":\"https:\/\/tecnimport.com.pe\/web\/productos\/procyon-labs\/adhesivos-selladores-y-siliconas\/procyon-silicona-multiproposito-transparente-neutra\/#primaryimage\"},\"image\":{\"@id\":\"https:\/\/tecnimport.com.pe\/web\/productos\/procyon-labs\/adhesivos-selladores-y-siliconas\/procyon-silicona-multiproposito-transparente-neutra\/#primaryimage\"},\"thumbnailUrl\":\"https:\/\/tecnimport.com.pe\/web\/wp-content\/uploads\/2022\/10\/PROCYON_SILICONE_SEALANT_MULTIPURPOSE_350_300ml_SILICONA_TRANSPARENTE.gif\",\"datePublished\":\"2022-10-26T20:44:10+00:00\",\"dateModified\":\"2026-04-14T22:35:42+00:00\",\"description\":\"PROCYON Sellador de silicona RTV multiprop\u00f3sito transparente neutra, no corrosivo, bajo olor. Larga durabilidad. Sellado e impermeabilizaci\u00f3n.\",\"breadcrumb\":{\"@id\":\"https:\/\/tecnimport.com.pe\/web\/productos\/procyon-labs\/adhesivos-selladores-y-siliconas\/procyon-silicona-multiproposito-transparente-neutra\/#breadcrumb\"},\"inLanguage\":\"es\",\"potentialAction\":[{\"@type\":\"ReadAction\",\"target\":[\"https:\/\/tecnimport.com.pe\/web\/productos\/procyon-labs\/adhesivos-selladores-y-siliconas\/procyon-silicona-multiproposito-transparente-neutra\/\"]}]},{\"@type\":\"ImageObject\",\"inLanguage\":\"es\",\"@id\":\"https:\/\/tecnimport.com.pe\/web\/productos\/procyon-labs\/adhesivos-selladores-y-siliconas\/procyon-silicona-multiproposito-transparente-neutra\/#primaryimage\",\"url\":\"https:\/\/tecnimport.com.pe\/web\/wp-content\/uploads\/2022\/10\/PROCYON_SILICONE_SEALANT_MULTIPURPOSE_350_300ml_SILICONA_TRANSPARENTE.gif\",\"contentUrl\":\"https:\/\/tecnimport.com.pe\/web\/wp-content\/uploads\/2022\/10\/PROCYON_SILICONE_SEALANT_MULTIPURPOSE_350_300ml_SILICONA_TRANSPARENTE.gif\",\"width\":1000,\"height\":1000},{\"@type\":\"BreadcrumbList\",\"@id\":\"https:\/\/tecnimport.com.pe\/web\/productos\/procyon-labs\/adhesivos-selladores-y-siliconas\/procyon-silicona-multiproposito-transparente-neutra\/#breadcrumb\",\"itemListElement\":[{\"@type\":\"ListItem\",\"position\":1,\"name\":\"Portada\",\"item\":\"https:\/\/tecnimport.com.pe\/web\/\"},{\"@type\":\"ListItem\",\"position\":2,\"name\":\"Productos\",\"item\":\"https:\/\/tecnimport.com.pe\/web\/productos-navigation\/\"},{\"@type\":\"ListItem\",\"position\":3,\"name\":\"Procyon Silicone Multipurpose 350\"}]},{\"@type\":\"WebSite\",\"@id\":\"https:\/\/tecnimport.com.pe\/web\/#website\",\"url\":\"https:\/\/tecnimport.com.pe\/web\/\",\"name\":\"TECNIMPORT S.A.\",\"description\":\"Representante de Devcon, LPS, Rocol y Procyon en el Per\u00fa\",\"publisher\":{\"@id\":\"https:\/\/tecnimport.com.pe\/web\/#organization\"},\"potentialAction\":[{\"@type\":\"SearchAction\",\"target\":{\"@type\":\"EntryPoint\",\"urlTemplate\":\"https:\/\/tecnimport.com.pe\/web\/?s={search_term_string}\"},\"query-input\":{\"@type\":\"PropertyValueSpecification\",\"valueRequired\":true,\"valueName\":\"search_term_string\"}}],\"inLanguage\":\"es\"},{\"@type\":\"Organization\",\"@id\":\"https:\/\/tecnimport.com.pe\/web\/#organization\",\"name\":\"Tecnimport S.A\",\"url\":\"https:\/\/tecnimport.com.pe\/web\/\",\"logo\":{\"@type\":\"ImageObject\",\"inLanguage\":\"es\",\"@id\":\"https:\/\/tecnimport.com.pe\/web\/#\/schema\/logo\/image\/\",\"url\":\"https:\/\/tecnimport.com.pe\/web\/wp-content\/uploads\/2020\/03\/logo_tecnimport.png\",\"contentUrl\":\"https:\/\/tecnimport.com.pe\/web\/wp-content\/uploads\/2020\/03\/logo_tecnimport.png\",\"width\":367,\"height\":49,\"caption\":\"Tecnimport S.A\"},\"image\":{\"@id\":\"https:\/\/tecnimport.com.pe\/web\/#\/schema\/logo\/image\/\"}}]}<\/script>\n<meta property=\"product:price:amount\" content=\"0.00\" \/>\n<meta property=\"product:price:currency\" content=\"USD\" \/>\n<meta property=\"og:availability\" content=\"instock\" \/>\n<meta property=\"product:availability\" content=\"instock\" \/>\n<meta property=\"product:condition\" content=\"new\" \/>\n<!-- \/ Yoast SEO plugin. -->","yoast_head_json":{"title":"Procyon Procyon Silicone Multipurpose 350 - TECNIMPORT S.A.","description":"PROCYON Sellador de silicona RTV multiprop\u00f3sito transparente neutra, no corrosivo, bajo olor. Larga durabilidad. Sellado e impermeabilizaci\u00f3n.","robots":{"index":"index","follow":"follow","max-snippet":"max-snippet:-1","max-image-preview":"max-image-preview:large","max-video-preview":"max-video-preview:-1"},"canonical":"https:\/\/tecnimport.com.pe\/web\/productos\/procyon-labs\/adhesivos-selladores-y-siliconas\/procyon-silicona-multiproposito-transparente-neutra\/","og_locale":"es_ES","og_type":"article","og_title":"Procyon Procyon Silicone Multipurpose 350 - TECNIMPORT S.A.","og_description":"PROCYON Sellador de silicona RTV multiprop\u00f3sito transparente neutra, no corrosivo, bajo olor. Larga durabilidad. Sellado e impermeabilizaci\u00f3n.","og_url":"https:\/\/tecnimport.com.pe\/web\/productos\/procyon-labs\/adhesivos-selladores-y-siliconas\/procyon-silicona-multiproposito-transparente-neutra\/","og_site_name":"TECNIMPORT S.A.","article_modified_time":"2026-04-14T22:35:42+00:00","og_image":[{"width":1000,"height":1000,"url":"https:\/\/tecnimport.com.pe\/web\/wp-content\/uploads\/2022\/10\/PROCYON_SILICONE_SEALANT_MULTIPURPOSE_350_300ml_SILICONA_TRANSPARENTE.gif","type":"image\/gif"}],"twitter_card":"summary_large_image","twitter_misc":{"Precio":"","Disponibilidad":"Disponible"},"schema":{"@context":"https:\/\/schema.org","@graph":[{"@type":"WebPage","@id":"https:\/\/tecnimport.com.pe\/web\/productos\/procyon-labs\/adhesivos-selladores-y-siliconas\/procyon-silicona-multiproposito-transparente-neutra\/","url":"https:\/\/tecnimport.com.pe\/web\/productos\/procyon-labs\/adhesivos-selladores-y-siliconas\/procyon-silicona-multiproposito-transparente-neutra\/","name":"Procyon Procyon Silicone Multipurpose 350 - TECNIMPORT S.A.","isPartOf":{"@id":"https:\/\/tecnimport.com.pe\/web\/#website"},"primaryImageOfPage":{"@id":"https:\/\/tecnimport.com.pe\/web\/productos\/procyon-labs\/adhesivos-selladores-y-siliconas\/procyon-silicona-multiproposito-transparente-neutra\/#primaryimage"},"image":{"@id":"https:\/\/tecnimport.com.pe\/web\/productos\/procyon-labs\/adhesivos-selladores-y-siliconas\/procyon-silicona-multiproposito-transparente-neutra\/#primaryimage"},"thumbnailUrl":"https:\/\/tecnimport.com.pe\/web\/wp-content\/uploads\/2022\/10\/PROCYON_SILICONE_SEALANT_MULTIPURPOSE_350_300ml_SILICONA_TRANSPARENTE.gif","datePublished":"2022-10-26T20:44:10+00:00","dateModified":"2026-04-14T22:35:42+00:00","description":"PROCYON Sellador de silicona RTV multiprop\u00f3sito transparente neutra, no corrosivo, bajo olor. Larga durabilidad. Sellado e impermeabilizaci\u00f3n.","breadcrumb":{"@id":"https:\/\/tecnimport.com.pe\/web\/productos\/procyon-labs\/adhesivos-selladores-y-siliconas\/procyon-silicona-multiproposito-transparente-neutra\/#breadcrumb"},"inLanguage":"es","potentialAction":[{"@type":"ReadAction","target":["https:\/\/tecnimport.com.pe\/web\/productos\/procyon-labs\/adhesivos-selladores-y-siliconas\/procyon-silicona-multiproposito-transparente-neutra\/"]}]},{"@type":"ImageObject","inLanguage":"es","@id":"https:\/\/tecnimport.com.pe\/web\/productos\/procyon-labs\/adhesivos-selladores-y-siliconas\/procyon-silicona-multiproposito-transparente-neutra\/#primaryimage","url":"https:\/\/tecnimport.com.pe\/web\/wp-content\/uploads\/2022\/10\/PROCYON_SILICONE_SEALANT_MULTIPURPOSE_350_300ml_SILICONA_TRANSPARENTE.gif","contentUrl":"https:\/\/tecnimport.com.pe\/web\/wp-content\/uploads\/2022\/10\/PROCYON_SILICONE_SEALANT_MULTIPURPOSE_350_300ml_SILICONA_TRANSPARENTE.gif","width":1000,"height":1000},{"@type":"BreadcrumbList","@id":"https:\/\/tecnimport.com.pe\/web\/productos\/procyon-labs\/adhesivos-selladores-y-siliconas\/procyon-silicona-multiproposito-transparente-neutra\/#breadcrumb","itemListElement":[{"@type":"ListItem","position":1,"name":"Portada","item":"https:\/\/tecnimport.com.pe\/web\/"},{"@type":"ListItem","position":2,"name":"Productos","item":"https:\/\/tecnimport.com.pe\/web\/productos-navigation\/"},{"@type":"ListItem","position":3,"name":"Procyon Silicone Multipurpose 350"}]},{"@type":"WebSite","@id":"https:\/\/tecnimport.com.pe\/web\/#website","url":"https:\/\/tecnimport.com.pe\/web\/","name":"TECNIMPORT S.A.","description":"Representante de Devcon, LPS, Rocol y Procyon en el Per\u00fa","publisher":{"@id":"https:\/\/tecnimport.com.pe\/web\/#organization"},"potentialAction":[{"@type":"SearchAction","target":{"@type":"EntryPoint","urlTemplate":"https:\/\/tecnimport.com.pe\/web\/?s={search_term_string}"},"query-input":{"@type":"PropertyValueSpecification","valueRequired":true,"valueName":"search_term_string"}}],"inLanguage":"es"},{"@type":"Organization","@id":"https:\/\/tecnimport.com.pe\/web\/#organization","name":"Tecnimport S.A","url":"https:\/\/tecnimport.com.pe\/web\/","logo":{"@type":"ImageObject","inLanguage":"es","@id":"https:\/\/tecnimport.com.pe\/web\/#\/schema\/logo\/image\/","url":"https:\/\/tecnimport.com.pe\/web\/wp-content\/uploads\/2020\/03\/logo_tecnimport.png","contentUrl":"https:\/\/tecnimport.com.pe\/web\/wp-content\/uploads\/2020\/03\/logo_tecnimport.png","width":367,"height":49,"caption":"Tecnimport S.A"},"image":{"@id":"https:\/\/tecnimport.com.pe\/web\/#\/schema\/logo\/image\/"}}]},"product_price_amount":"0.00","product_price_currency":"USD","og_availability":"instock","product_availability":"instock","product_condition":"new"},"_links":{"self":[{"href":"https:\/\/tecnimport.com.pe\/web\/wp-json\/wp\/v2\/product\/5627","targetHints":{"allow":["GET"]}}],"collection":[{"href":"https:\/\/tecnimport.com.pe\/web\/wp-json\/wp\/v2\/product"}],"about":[{"href":"https:\/\/tecnimport.com.pe\/web\/wp-json\/wp\/v2\/types\/product"}],"wp:featuredmedia":[{"embeddable":true,"href":"https:\/\/tecnimport.com.pe\/web\/wp-json\/wp\/v2\/media\/5619"}],"wp:attachment":[{"href":"https:\/\/tecnimport.com.pe\/web\/wp-json\/wp\/v2\/media?parent=5627"}],"wp:term":[{"taxonomy":"product_brand","embeddable":true,"href":"https:\/\/tecnimport.com.pe\/web\/wp-json\/wp\/v2\/product_brand?post=5627"},{"taxonomy":"product_cat","embeddable":true,"href":"https:\/\/tecnimport.com.pe\/web\/wp-json\/wp\/v2\/product_cat?post=5627"},{"taxonomy":"product_tag","embeddable":true,"href":"https:\/\/tecnimport.com.pe\/web\/wp-json\/wp\/v2\/product_tag?post=5627"}],"curies":[{"name":"wp","href":"https:\/\/api.w.org\/{rel}","templated":true}]}}