{"id":4010,"date":"2019-08-21T10:00:06","date_gmt":"2019-08-21T15:00:06","guid":{"rendered":"http:\/\/tecnimport.com.pe\/web\/?post_type=product&#038;p=4010"},"modified":"2025-09-12T11:45:28","modified_gmt":"2025-09-12T16:45:28","slug":"procyon-pipe-patch-kit-de-reparacion-de-tuberias","status":"publish","type":"product","link":"https:\/\/tecnimport.com.pe\/web\/productos\/procyon-labs\/adhesivos-selladores-y-siliconas\/procyon-pipe-patch-kit-de-reparacion-de-tuberias\/","title":{"rendered":"Procyon Pipe Patch"},"content":{"rendered":"<div class=\"wpb-content-wrapper\"><p>[vc_row][vc_column][vc_row_inner][vc_column_inner][vc_column_text css=\u00bb\u00bb woodmart_inline=\u00bbno\u00bb text_larger=\u00bbno\u00bb]<\/p>\n<h3><strong class=\"subtitulo_prod\">Procyon Pipe Patch &#8211; Venda para Reparaci\u00f3n de Tuber\u00edas<\/strong><\/h3>\n<h5><strong class=\"subtitulo_prod\">Presentaci\u00f3n &amp; Fichas<\/strong><\/h5>\n<div class=\"table-container\">\n<table class=\"responsive-table\">\n<thead>\n<tr>\n<th style=\"text-align: center;\">N\u00ba de Parte<\/th>\n<th style=\"text-align: center;\">Capacidad<\/th>\n<th style=\"text-align: center;\">Envase<\/th>\n<th style=\"text-align: center;\"><i class=\"fas fa-download\"><\/i> TDS<\/th>\n<\/tr>\n<\/thead>\n<tbody>\n<tr>\n<td style=\"text-align: center;\">PR15360<\/td>\n<td style=\"text-align: center;\">6&#8243; x 12&#8242; (15cm x 360cm)<\/td>\n<td style=\"text-align: center;\">Kit<\/td>\n<td style=\"text-align: center; color: #3340dd;\"><strong><a href=\"https:\/\/tecnimport.com.pe\/web\/wp-content\/uploads\/2024\/12\/PROCYON-PIPE-PATCH-FICHA-TECNICA.pdf\" target=\"_blank\" rel=\"noopener\">Descargar<\/a><br \/>\n<\/strong><\/td>\n<\/tr>\n<tr>\n<td style=\"text-align: center;\">PR10360<\/td>\n<td style=\"text-align: center;\">4&#8243; x 12&#8242; (10cm x 360cm)<\/td>\n<td style=\"text-align: center;\">Kit<\/td>\n<td style=\"text-align: center; color: #3340dd;\"><strong><a href=\"https:\/\/tecnimport.com.pe\/web\/wp-content\/uploads\/2024\/12\/PROCYON-PIPE-PATCH-FICHA-TECNICA.pdf\" target=\"_blank\" rel=\"noopener\">Descargar<\/a><\/strong><\/td>\n<\/tr>\n<tr>\n<td style=\"text-align: center;\">PR05360<\/td>\n<td style=\"text-align: center;\">2&#8243; x 12&#8242; (5cm x 360cm)<\/td>\n<td style=\"text-align: center;\">Kit<\/td>\n<td style=\"text-align: center; color: #3340dd;\"><strong><a href=\"https:\/\/tecnimport.com.pe\/web\/wp-content\/uploads\/2024\/12\/PROCYON-PIPE-PATCH-FICHA-TECNICA.pdf\" target=\"_blank\" rel=\"noopener\">Descargar<\/a><\/strong><\/td>\n<\/tr>\n<\/tbody>\n<\/table>\n<\/div>\n<p>[\/vc_column_text][\/vc_column_inner][\/vc_row_inner][\/vc_column][\/vc_row][vc_row][vc_column width=\u00bb1\/3&#8243;][vc_column_text css=\u00bb\u00bb woodmart_inline=\u00bbno\u00bb text_larger=\u00bbno\u00bb]<\/p>\n<h5><strong class=\"subtitulo_prod\">Otras Caracter\u00edsticas<\/strong><\/h5>\n<ul>\n<li>F\u00e1cil de usar.<\/li>\n<li>Activado por agua.<\/li>\n<li>No t\u00f3xico, no irritante.<\/li>\n<li>Resistente al calor: Hasta 302 \u00b0F Se adiere al caucho, PVC, poliester, metal, fibra de vidrio, concreto, acero, cobre.<\/li>\n<li>Se fija entre 20-30 minutos; se fija bajo el agua.<\/li>\n<li>Resistente a la mayor\u00eda de qu\u00edmicos, hidrocarburos, gases, entre otros.<\/li>\n<li>Resistente a la humedad superior al 85%.<\/li>\n<li>Resistente a la abrasi\u00f3n mec\u00e1nica.<\/li>\n<li>La resistencia inicial a la presi\u00f3n interna es de 450 PSI (3100 kPa), pero var\u00eda de acuerdo al n\u00famero de capas aplicadas alrededor de la tuber\u00eda.<\/li>\n<li>Buena capacidad de uni\u00f3n de los extremos (auto-adherencia entre capas).<\/li>\n<li>Tiempo de almacenamiento: 2 a\u00f1os desde la fabricaci\u00f3n.<\/li>\n<li>Resiste: agua dulce y salada, hidrocarburos, aceites, granos, gases, GLP, minerales. \u00e1cidos, polvo, entre otros<\/li>\n<\/ul>\n<p>[\/vc_column_text][\/vc_column][vc_column width=\u00bb1\/3&#8243;][vc_column_text css=\u00bb\u00bb woodmart_inline=\u00bbno\u00bb text_larger=\u00bbno\u00bb]<\/p>\n<h5><strong class=\"subtitulo_prod\">Usos y Aplicaciones<\/strong><\/h5>\n<ul>\n<li>Sistema para reparaci\u00f3n de tuber\u00edas, se adapta a cualquier forma: mangueras, articulaciones en T, codos, bridas, soldaduras, entre otros.<\/li>\n<li>Recupera la integridad original de la tuber\u00eda sin tener que parar operaciones<\/li>\n<li>Ideal para refuerzo de tuber\u00edas que sufren de corrosi\u00f3n interna o externa y da\u00f1os mec\u00e1nicos.<\/li>\n<li>Revestimiento protector para tuber\u00edas\u00a0expuestas a abrasi\u00f3n o impacto.<\/li>\n<li>Reforzamiento de tuber\u00edas\u00a0expuestas a condiciones extremas.<\/li>\n<\/ul>\n<p>[\/vc_column_text][\/vc_column][vc_column width=\u00bb1\/3&#8243;][vc_column_text css=\u00bb\u00bb woodmart_inline=\u00bbno\u00bb text_larger=\u00bbno\u00bb]<\/p>\n<h5><strong class=\"subtitulo_prod\">Aplicaci\u00f3n<\/strong><\/h5>\n<p>[\/vc_column_text][vc_single_image image=\u00bb5661&#8243; img_size=\u00bblarge\u00bb add_caption=\u00bbyes\u00bb alignment=\u00bbcenter\u00bb css=\u00bb\u00bb parallax_scroll=\u00bbno\u00bb woodmart_inline=\u00bbno\u00bb][\/vc_column][\/vc_row][vc_row][vc_column width=\u00bb1\/3&#8243;][vc_column_text css=\u00bb\u00bb woodmart_inline=\u00bbno\u00bb text_larger=\u00bbno\u00bb]<\/p>\n<h5><strong class=\"subtitulo_prod\">Contenido del Kit<\/strong><\/h5>\n<ul>\n<li><strong>Cinta \/ Venda de fibra de vidrio<\/strong> impregnada con resina ep\u00f3xica.<\/li>\n<li>Masilla ep\u00f3xica <strong>Procyon Strong Steel<\/strong> con carga met\u00e1lica.<\/li>\n<li>Guantes de latex;<\/li>\n<li>Lija gruesa.<\/li>\n<\/ul>\n<p>[\/vc_column_text][\/vc_column][vc_column width=\u00bb1\/3&#8243;][vc_column_text css=\u00bb\u00bb woodmart_inline=\u00bbno\u00bb text_larger=\u00bbno\u00bb]<\/p>\n<h5><strong class=\"subtitulo_prod\">Aplicaci\u00f3n<\/strong><\/h5>\n<ul>\n<li><strong>PASO 1:<\/strong> Corte el flujo de fluidos o reduzca la presi\u00f3n lo m\u00e1ximo posible. Limpie \u00e1rea da\u00f1ada.<\/li>\n<li><strong>PASO 2:<\/strong> Mezcle la masilla Procyon Strong steel y aplique sobre el \u00e1rea da\u00f1ada.<\/li>\n<li><strong>PASO 3:<\/strong> Abra la bolsa donde se encuentra la venda y remoje en agua durante 10 segundos.<\/li>\n<li><strong>PASO 4:<\/strong> Envuelva el vendaje alrededor del \u00e1rea da\u00f1ada, extendiendo 5 cm como m\u00ednimo a cada lado de la fuga. Tense la venda firmemente a lo largo de la aplicaci\u00f3n.<\/li>\n<li><strong>PASO 5:<\/strong> Apriete el vendaje con un movimiento rotatorio hasta que la resina deje de hacer espuma y se fije firmemente. Permita un m\u00ednimo de 30 minutos para que el vendaje se endurezca.<\/li>\n<\/ul>\n<p>[\/vc_column_text][\/vc_column][vc_column width=\u00bb1\/3&#8243;][vc_column_text css=\u00bb\u00bb woodmart_inline=\u00bbno\u00bb text_larger=\u00bbno\u00bb]<\/p>\n<h5><strong class=\"subtitulo_prod\">Marca &amp; Fabricante<\/strong><\/h5>\n<table class=\"table\">\n<tbody>\n<tr>\n<td>Marca<\/td>\n<td><strong>PROCYON<\/strong><\/td>\n<\/tr>\n<tr>\n<td>Fabricante<\/td>\n<td><strong>PROCYON LABS<\/strong><\/td>\n<\/tr>\n<\/tbody>\n<\/table>\n<p>[\/vc_column_text][\/vc_column][\/vc_row][vc_row][\/vc_row][vc_column][vc_column_text css=\u00bb\u00bb woodmart_inline=\u00bbno\u00bb text_larger=\u00bbno\u00bb]<strong class=\"subtitulo_prod\">Propiedades<\/strong><\/p>\n<table class=\"table\">\n<tbody>\n<tr>\n<td>Tiempo de Trabajo<\/td>\n<td>2 minutos<\/td>\n<\/tr>\n<tr>\n<td>Tiempo Establecido<\/td>\n<td>20 minutos<\/td>\n<\/tr>\n<tr>\n<td>Temperatura M\u00e1xima de uso<\/td>\n<td>302\u00b0F<\/td>\n<\/tr>\n<tr>\n<td>Resistencia Diel\u00e9ctrica<\/td>\n<td>300 voltios\/mil a 0,15 cm<\/td>\n<\/tr>\n<tr>\n<td>Resistividad de Volumen<\/td>\n<td>1 x 1012 ohmios\/cm<\/td>\n<\/tr>\n<tr>\n<td>Densidad<\/td>\n<td>18.5 lb\/gal (2.2 gm\/cm3)<\/td>\n<\/tr>\n<tr>\n<td>Resistencia a la compresi\u00f3n<\/td>\n<td>12,000 psi<\/td>\n<\/tr>\n<tr>\n<td>Resistencia a la tracci\u00f3n<\/td>\n<td>6,000 psi<\/td>\n<\/tr>\n<tr>\n<td>M\u00f3dulo de Elasticidad<\/td>\n<td>6 x 105 psi<\/td>\n<\/tr>\n<tr>\n<td>Resistencia al cizallamiento de la vuelta (acero)<\/td>\n<td>6 x 105 psi<\/td>\n<\/tr>\n<tr>\n<td>Impacto Izod<\/td>\n<td>0.3 lb\/in (con muesca)<\/td>\n<\/tr>\n<tr>\n<td>Dureza (Shore D)<\/td>\n<td>80<\/td>\n<\/tr>\n<\/tbody>\n<\/table>\n<p>[\/vc_column_text][\/vc_column]<\/p>\n<\/div>","protected":false},"excerpt":{"rendered":"<p><strong>Procyon Pipe Patch <\/strong>Venda para reparaci\u00f3n de tuber\u00edas de emergencia, restaura la integridad original de las tuber\u00edas que transportan todo tipo de fluidos r\u00e1pidamente con una soluci\u00f3n s\u00f3lida y duradera. Usado en miner\u00eda, petroqu\u00edmica, gas, termo el\u00e9ctrica, energ\u00eda, pesca, alimentaria, transporte e industria general.<\/p>\n","protected":false},"featured_media":5666,"template":"","meta":[],"product_brand":[1350],"product_cat":[280,281],"product_tag":[1355,1356,1416],"class_list":{"0":"post-4010","1":"product","2":"type-product","3":"status-publish","4":"has-post-thumbnail","6":"product_brand-procyon-x","7":"product_cat-procyon-labs","8":"product_cat-adhesivos-selladores-y-siliconas","9":"product_tag-kit-reparacion-de-tuberias","10":"product_tag-reparaciones-de-emergencia","11":"product_tag-venda-para-reparacion-de-tuberias","13":"first","14":"instock","15":"shipping-taxable","16":"purchasable","17":"product-type-variable"},"yoast_head":"<!-- This site is optimized with the Yoast SEO plugin v26.9 - https:\/\/yoast.com\/product\/yoast-seo-wordpress\/ -->\n<title>Venda para Reparaci\u00f3n de Tuber\u00edas - Procyon Pipe Patch<\/title>\n<meta name=\"description\" content=\"Procyon Pipe Patch, Venda para Reparaci\u00f3n de Tuber\u00edas de emergencia, restaura tuber\u00edas que transportan todo tipo de fluidos, gases y s\u00f3lidos granulados.\" \/>\n<meta name=\"robots\" content=\"index, follow, max-snippet:-1, max-image-preview:large, max-video-preview:-1\" \/>\n<link rel=\"canonical\" href=\"https:\/\/tecnimport.com.pe\/web\/productos\/procyon-labs\/adhesivos-selladores-y-siliconas\/procyon-pipe-patch-kit-de-reparacion-de-tuberias\/\" \/>\n<meta property=\"og:locale\" content=\"es_ES\" \/>\n<meta property=\"og:type\" content=\"article\" \/>\n<meta property=\"og:title\" content=\"Procyon Pipe Patch\" \/>\n<meta property=\"og:description\" content=\"Venda de fibra de vidrio para reparaci\u00f3n de tuber\u00edas. Reduce p\u00e9rdidas causadas por fugas, picaduras o da\u00f1os en las tuber\u00edas\" \/>\n<meta property=\"og:url\" content=\"https:\/\/tecnimport.com.pe\/web\/productos\/procyon-labs\/adhesivos-selladores-y-siliconas\/procyon-pipe-patch-kit-de-reparacion-de-tuberias\/\" \/>\n<meta property=\"og:site_name\" content=\"TECNIMPORT S.A.\" \/>\n<meta property=\"article:modified_time\" content=\"2025-09-12T16:45:28+00:00\" \/>\n<meta property=\"og:image\" content=\"https:\/\/tecnimport.com.pe\/web\/wp-content\/uploads\/2019\/08\/PipePatch_procyon.jpg\" \/>\n\t<meta property=\"og:image:width\" content=\"1000\" \/>\n\t<meta property=\"og:image:height\" content=\"1000\" \/>\n\t<meta property=\"og:image:type\" content=\"image\/jpeg\" \/>\n<meta name=\"twitter:card\" content=\"summary_large_image\" \/>\n<meta name=\"twitter:title\" content=\"Procyon Pipe Patch\" \/>\n<meta name=\"twitter:description\" content=\"Venda de fibra de vidrio para reparaci\u00f3n de tuber\u00edas. Reduce p\u00e9rdidas causadas por fugas, picaduras o da\u00f1os en las tuber\u00edas\" \/>\n<meta name=\"twitter:label1\" content=\"Disponibilidad\" \/>\n\t<meta name=\"twitter:data1\" content=\"Disponible\" \/>\n<script type=\"application\/ld+json\" class=\"yoast-schema-graph\">{\"@context\":\"https:\/\/schema.org\",\"@graph\":[{\"@type\":\"WebPage\",\"@id\":\"https:\/\/tecnimport.com.pe\/web\/productos\/procyon-labs\/adhesivos-selladores-y-siliconas\/procyon-pipe-patch-kit-de-reparacion-de-tuberias\/\",\"url\":\"https:\/\/tecnimport.com.pe\/web\/productos\/procyon-labs\/adhesivos-selladores-y-siliconas\/procyon-pipe-patch-kit-de-reparacion-de-tuberias\/\",\"name\":\"Venda para Reparaci\u00f3n de Tuber\u00edas - Procyon Pipe Patch\",\"isPartOf\":{\"@id\":\"https:\/\/tecnimport.com.pe\/web\/#website\"},\"primaryImageOfPage\":{\"@id\":\"https:\/\/tecnimport.com.pe\/web\/productos\/procyon-labs\/adhesivos-selladores-y-siliconas\/procyon-pipe-patch-kit-de-reparacion-de-tuberias\/#primaryimage\"},\"image\":{\"@id\":\"https:\/\/tecnimport.com.pe\/web\/productos\/procyon-labs\/adhesivos-selladores-y-siliconas\/procyon-pipe-patch-kit-de-reparacion-de-tuberias\/#primaryimage\"},\"thumbnailUrl\":\"https:\/\/tecnimport.com.pe\/web\/wp-content\/uploads\/2019\/08\/PIPE-PATCH-PROCYON_PIPE_REPAIR_SYSTEM_gp.gif\",\"datePublished\":\"2019-08-21T15:00:06+00:00\",\"dateModified\":\"2025-09-12T16:45:28+00:00\",\"description\":\"Procyon Pipe Patch, Venda para Reparaci\u00f3n de Tuber\u00edas de emergencia, restaura tuber\u00edas que transportan todo tipo de fluidos, gases y s\u00f3lidos granulados.\",\"breadcrumb\":{\"@id\":\"https:\/\/tecnimport.com.pe\/web\/productos\/procyon-labs\/adhesivos-selladores-y-siliconas\/procyon-pipe-patch-kit-de-reparacion-de-tuberias\/#breadcrumb\"},\"inLanguage\":\"es\",\"potentialAction\":[{\"@type\":\"ReadAction\",\"target\":[\"https:\/\/tecnimport.com.pe\/web\/productos\/procyon-labs\/adhesivos-selladores-y-siliconas\/procyon-pipe-patch-kit-de-reparacion-de-tuberias\/\"]}]},{\"@type\":\"ImageObject\",\"inLanguage\":\"es\",\"@id\":\"https:\/\/tecnimport.com.pe\/web\/productos\/procyon-labs\/adhesivos-selladores-y-siliconas\/procyon-pipe-patch-kit-de-reparacion-de-tuberias\/#primaryimage\",\"url\":\"https:\/\/tecnimport.com.pe\/web\/wp-content\/uploads\/2019\/08\/PIPE-PATCH-PROCYON_PIPE_REPAIR_SYSTEM_gp.gif\",\"contentUrl\":\"https:\/\/tecnimport.com.pe\/web\/wp-content\/uploads\/2019\/08\/PIPE-PATCH-PROCYON_PIPE_REPAIR_SYSTEM_gp.gif\",\"width\":1000,\"height\":1000,\"caption\":\"Kit de Reparaci\u00f3n de Tuber\u00edas Procyon Pipe Patch\"},{\"@type\":\"BreadcrumbList\",\"@id\":\"https:\/\/tecnimport.com.pe\/web\/productos\/procyon-labs\/adhesivos-selladores-y-siliconas\/procyon-pipe-patch-kit-de-reparacion-de-tuberias\/#breadcrumb\",\"itemListElement\":[{\"@type\":\"ListItem\",\"position\":1,\"name\":\"Portada\",\"item\":\"https:\/\/tecnimport.com.pe\/web\/\"},{\"@type\":\"ListItem\",\"position\":2,\"name\":\"Productos\",\"item\":\"https:\/\/tecnimport.com.pe\/web\/productos-navigation\/\"},{\"@type\":\"ListItem\",\"position\":3,\"name\":\"Procyon Pipe Patch\"}]},{\"@type\":\"WebSite\",\"@id\":\"https:\/\/tecnimport.com.pe\/web\/#website\",\"url\":\"https:\/\/tecnimport.com.pe\/web\/\",\"name\":\"TECNIMPORT S.A.\",\"description\":\"Representante de Devcon, LPS, Rocol y Procyon en el Per\u00fa\",\"publisher\":{\"@id\":\"https:\/\/tecnimport.com.pe\/web\/#organization\"},\"potentialAction\":[{\"@type\":\"SearchAction\",\"target\":{\"@type\":\"EntryPoint\",\"urlTemplate\":\"https:\/\/tecnimport.com.pe\/web\/?s={search_term_string}\"},\"query-input\":{\"@type\":\"PropertyValueSpecification\",\"valueRequired\":true,\"valueName\":\"search_term_string\"}}],\"inLanguage\":\"es\"},{\"@type\":\"Organization\",\"@id\":\"https:\/\/tecnimport.com.pe\/web\/#organization\",\"name\":\"Tecnimport S.A\",\"url\":\"https:\/\/tecnimport.com.pe\/web\/\",\"logo\":{\"@type\":\"ImageObject\",\"inLanguage\":\"es\",\"@id\":\"https:\/\/tecnimport.com.pe\/web\/#\/schema\/logo\/image\/\",\"url\":\"https:\/\/tecnimport.com.pe\/web\/wp-content\/uploads\/2020\/03\/logo_tecnimport.png\",\"contentUrl\":\"https:\/\/tecnimport.com.pe\/web\/wp-content\/uploads\/2020\/03\/logo_tecnimport.png\",\"width\":367,\"height\":49,\"caption\":\"Tecnimport S.A\"},\"image\":{\"@id\":\"https:\/\/tecnimport.com.pe\/web\/#\/schema\/logo\/image\/\"}}]}<\/script>\n<meta property=\"og:availability\" content=\"instock\" \/>\n<meta property=\"product:availability\" content=\"instock\" \/>\n<meta property=\"product:condition\" content=\"new\" \/>\n<!-- \/ Yoast SEO plugin. -->","yoast_head_json":{"title":"Venda para Reparaci\u00f3n de Tuber\u00edas - Procyon Pipe Patch","description":"Procyon Pipe Patch, Venda para Reparaci\u00f3n de Tuber\u00edas de emergencia, restaura tuber\u00edas que transportan todo tipo de fluidos, gases y s\u00f3lidos granulados.","robots":{"index":"index","follow":"follow","max-snippet":"max-snippet:-1","max-image-preview":"max-image-preview:large","max-video-preview":"max-video-preview:-1"},"canonical":"https:\/\/tecnimport.com.pe\/web\/productos\/procyon-labs\/adhesivos-selladores-y-siliconas\/procyon-pipe-patch-kit-de-reparacion-de-tuberias\/","og_locale":"es_ES","og_type":"article","og_title":"Procyon Pipe Patch","og_description":"Venda de fibra de vidrio para reparaci\u00f3n de tuber\u00edas. Reduce p\u00e9rdidas causadas por fugas, picaduras o da\u00f1os en las tuber\u00edas","og_url":"https:\/\/tecnimport.com.pe\/web\/productos\/procyon-labs\/adhesivos-selladores-y-siliconas\/procyon-pipe-patch-kit-de-reparacion-de-tuberias\/","og_site_name":"TECNIMPORT S.A.","article_modified_time":"2025-09-12T16:45:28+00:00","og_image":[{"width":1000,"height":1000,"url":"https:\/\/tecnimport.com.pe\/web\/wp-content\/uploads\/2019\/08\/PipePatch_procyon.jpg","type":"image\/jpeg"}],"twitter_card":"summary_large_image","twitter_title":"Procyon Pipe Patch","twitter_description":"Venda de fibra de vidrio para reparaci\u00f3n de tuber\u00edas. Reduce p\u00e9rdidas causadas por fugas, picaduras o da\u00f1os en las tuber\u00edas","twitter_misc":{"Disponibilidad":"Disponible"},"schema":{"@context":"https:\/\/schema.org","@graph":[{"@type":"WebPage","@id":"https:\/\/tecnimport.com.pe\/web\/productos\/procyon-labs\/adhesivos-selladores-y-siliconas\/procyon-pipe-patch-kit-de-reparacion-de-tuberias\/","url":"https:\/\/tecnimport.com.pe\/web\/productos\/procyon-labs\/adhesivos-selladores-y-siliconas\/procyon-pipe-patch-kit-de-reparacion-de-tuberias\/","name":"Venda para Reparaci\u00f3n de Tuber\u00edas - Procyon Pipe Patch","isPartOf":{"@id":"https:\/\/tecnimport.com.pe\/web\/#website"},"primaryImageOfPage":{"@id":"https:\/\/tecnimport.com.pe\/web\/productos\/procyon-labs\/adhesivos-selladores-y-siliconas\/procyon-pipe-patch-kit-de-reparacion-de-tuberias\/#primaryimage"},"image":{"@id":"https:\/\/tecnimport.com.pe\/web\/productos\/procyon-labs\/adhesivos-selladores-y-siliconas\/procyon-pipe-patch-kit-de-reparacion-de-tuberias\/#primaryimage"},"thumbnailUrl":"https:\/\/tecnimport.com.pe\/web\/wp-content\/uploads\/2019\/08\/PIPE-PATCH-PROCYON_PIPE_REPAIR_SYSTEM_gp.gif","datePublished":"2019-08-21T15:00:06+00:00","dateModified":"2025-09-12T16:45:28+00:00","description":"Procyon Pipe Patch, Venda para Reparaci\u00f3n de Tuber\u00edas de emergencia, restaura tuber\u00edas que transportan todo tipo de fluidos, gases y s\u00f3lidos granulados.","breadcrumb":{"@id":"https:\/\/tecnimport.com.pe\/web\/productos\/procyon-labs\/adhesivos-selladores-y-siliconas\/procyon-pipe-patch-kit-de-reparacion-de-tuberias\/#breadcrumb"},"inLanguage":"es","potentialAction":[{"@type":"ReadAction","target":["https:\/\/tecnimport.com.pe\/web\/productos\/procyon-labs\/adhesivos-selladores-y-siliconas\/procyon-pipe-patch-kit-de-reparacion-de-tuberias\/"]}]},{"@type":"ImageObject","inLanguage":"es","@id":"https:\/\/tecnimport.com.pe\/web\/productos\/procyon-labs\/adhesivos-selladores-y-siliconas\/procyon-pipe-patch-kit-de-reparacion-de-tuberias\/#primaryimage","url":"https:\/\/tecnimport.com.pe\/web\/wp-content\/uploads\/2019\/08\/PIPE-PATCH-PROCYON_PIPE_REPAIR_SYSTEM_gp.gif","contentUrl":"https:\/\/tecnimport.com.pe\/web\/wp-content\/uploads\/2019\/08\/PIPE-PATCH-PROCYON_PIPE_REPAIR_SYSTEM_gp.gif","width":1000,"height":1000,"caption":"Kit de Reparaci\u00f3n de Tuber\u00edas Procyon Pipe Patch"},{"@type":"BreadcrumbList","@id":"https:\/\/tecnimport.com.pe\/web\/productos\/procyon-labs\/adhesivos-selladores-y-siliconas\/procyon-pipe-patch-kit-de-reparacion-de-tuberias\/#breadcrumb","itemListElement":[{"@type":"ListItem","position":1,"name":"Portada","item":"https:\/\/tecnimport.com.pe\/web\/"},{"@type":"ListItem","position":2,"name":"Productos","item":"https:\/\/tecnimport.com.pe\/web\/productos-navigation\/"},{"@type":"ListItem","position":3,"name":"Procyon Pipe Patch"}]},{"@type":"WebSite","@id":"https:\/\/tecnimport.com.pe\/web\/#website","url":"https:\/\/tecnimport.com.pe\/web\/","name":"TECNIMPORT S.A.","description":"Representante de Devcon, LPS, Rocol y Procyon en el Per\u00fa","publisher":{"@id":"https:\/\/tecnimport.com.pe\/web\/#organization"},"potentialAction":[{"@type":"SearchAction","target":{"@type":"EntryPoint","urlTemplate":"https:\/\/tecnimport.com.pe\/web\/?s={search_term_string}"},"query-input":{"@type":"PropertyValueSpecification","valueRequired":true,"valueName":"search_term_string"}}],"inLanguage":"es"},{"@type":"Organization","@id":"https:\/\/tecnimport.com.pe\/web\/#organization","name":"Tecnimport S.A","url":"https:\/\/tecnimport.com.pe\/web\/","logo":{"@type":"ImageObject","inLanguage":"es","@id":"https:\/\/tecnimport.com.pe\/web\/#\/schema\/logo\/image\/","url":"https:\/\/tecnimport.com.pe\/web\/wp-content\/uploads\/2020\/03\/logo_tecnimport.png","contentUrl":"https:\/\/tecnimport.com.pe\/web\/wp-content\/uploads\/2020\/03\/logo_tecnimport.png","width":367,"height":49,"caption":"Tecnimport S.A"},"image":{"@id":"https:\/\/tecnimport.com.pe\/web\/#\/schema\/logo\/image\/"}}]},"og_availability":"instock","product_availability":"instock","product_condition":"new"},"_links":{"self":[{"href":"https:\/\/tecnimport.com.pe\/web\/wp-json\/wp\/v2\/product\/4010","targetHints":{"allow":["GET"]}}],"collection":[{"href":"https:\/\/tecnimport.com.pe\/web\/wp-json\/wp\/v2\/product"}],"about":[{"href":"https:\/\/tecnimport.com.pe\/web\/wp-json\/wp\/v2\/types\/product"}],"wp:featuredmedia":[{"embeddable":true,"href":"https:\/\/tecnimport.com.pe\/web\/wp-json\/wp\/v2\/media\/5666"}],"wp:attachment":[{"href":"https:\/\/tecnimport.com.pe\/web\/wp-json\/wp\/v2\/media?parent=4010"}],"wp:term":[{"taxonomy":"product_brand","embeddable":true,"href":"https:\/\/tecnimport.com.pe\/web\/wp-json\/wp\/v2\/product_brand?post=4010"},{"taxonomy":"product_cat","embeddable":true,"href":"https:\/\/tecnimport.com.pe\/web\/wp-json\/wp\/v2\/product_cat?post=4010"},{"taxonomy":"product_tag","embeddable":true,"href":"https:\/\/tecnimport.com.pe\/web\/wp-json\/wp\/v2\/product_tag?post=4010"}],"curies":[{"name":"wp","href":"https:\/\/api.w.org\/{rel}","templated":true}]}}