{"id":3949,"date":"2019-07-03T09:43:27","date_gmt":"2019-07-03T14:43:27","guid":{"rendered":"http:\/\/tecnimport.com.pe\/web\/productos\/productos-varios\/oxy-stop-transformador-de-oxido\/"},"modified":"2025-07-11T14:52:34","modified_gmt":"2025-07-11T19:52:34","slug":"transformador-de-oxido","status":"publish","type":"product","link":"https:\/\/tecnimport.com.pe\/web\/productos\/procyon-labs\/oxido-inhibidores-de-corrosion\/transformador-de-oxido\/","title":{"rendered":"Procyon Oxy Stop 63"},"content":{"rendered":"<div class=\"wpb-content-wrapper\"><p>[vc_row][vc_column][vc_row_inner][vc_column_inner][vc_column_text css=\u00bb\u00bb woodmart_inline=\u00bbno\u00bb text_larger=\u00bbno\u00bb]<\/p>\n<h3>Procyon Oxy Stop &#8211; Transformador de \u00d3xido<\/h3>\n<p><strong class=\"subtitulo_prod\">Presentaci\u00f3n &amp; Fichas<\/strong><\/p>\n<div class=\"table-container\">\n<table class=\"responsive-table\">\n<thead>\n<tr>\n<th style=\"text-align: center;\">N\u00ba de Parte<\/th>\n<th style=\"text-align: center;\">Capacidad<\/th>\n<th style=\"text-align: center;\">Envase<\/th>\n<th style=\"text-align: center;\"><i class=\"fas fa-download\"><\/i> Ficha T\u00e9cnica<\/th>\n<\/tr>\n<\/thead>\n<tbody>\n<tr>\n<td style=\"text-align: center;\">QTOS101<\/td>\n<td style=\"text-align: center;\">5 gl<\/td>\n<td style=\"text-align: center;\">Balde<\/td>\n<td style=\"text-align: center;\"><a href=\"http:\/\/tecnimport.com.pe\/web\/wp-content\/uploads\/2019\/07\/Procyon-Oxi-Stop.pdf\" target=\"_blank\" rel=\"noopener\">Descargar<\/a><\/td>\n<\/tr>\n<tr>\n<td style=\"text-align: center;\">QTOS105<\/td>\n<td style=\"text-align: center;\">55 gl<\/td>\n<td style=\"text-align: center;\">Cilindro<\/td>\n<td style=\"text-align: center;\"><a href=\"http:\/\/tecnimport.com.pe\/web\/wp-content\/uploads\/2019\/07\/Procyon-Oxi-Stop.pdf\" target=\"_blank\" rel=\"noopener\">Descargar<\/a><\/td>\n<\/tr>\n<\/tbody>\n<\/table>\n<\/div>\n<p>[\/vc_column_text][\/vc_column_inner][\/vc_row_inner][\/vc_column][\/vc_row][vc_row][vc_column width=\u00bb1\/3&#8243;][vc_column_text css=\u00bb\u00bb woodmart_inline=\u00bbno\u00bb text_larger=\u00bbno\u00bb]<\/p>\n<h5><strong class=\"subtitulo_prod\">Aplicaci\u00f3n<\/strong><\/h5>\n<ul>\n<li>Utilizado en ambientes marinos, todo tipo de veh\u00edculos, puentes, rejas, gr\u00faas, piscinas, reservorios, tuber\u00edas, tolvas, mantenimiento en f\u00e1bricas y m\u00e1quinas de juego.<\/li>\n<li>Ideal para tratar superficies expuestas despu\u00e9s o durante la manufactura.<\/li>\n<li>Seca entre 15 a 30 minutos (puede ser pintado).<\/li>\n<\/ul>\n<p>[\/vc_column_text][\/vc_column][vc_column width=\u00bb1\/3&#8243;][vc_column_text css=\u00bb\u00bb woodmart_inline=\u00bbno\u00bb text_larger=\u00bbno\u00bb]<\/p>\n<h5><strong class=\"subtitulo_prod\">Ventajas y recomendaciones<\/strong><\/h5>\n<ul>\n<li>\u00a0<strong>Neutraliza la superficie de o\u0301xido,<\/strong> penetra en a\u0301reas afectadas y <em><strong>convierte el o\u0301xido en un compuesto orga\u0301nico <\/strong><\/em>meta\u0301lico de color negro. A\u00edsla\u00a0\u00a0la humedad y evita la aparicio\u0301n nuevamente del o\u0301xido.<\/li>\n<li>Requiere m\u00ednima preparaci\u00f3n de superficie:\n<ul>\n<li>Desengrase y limpie las part\u00edculas sueltas de \u00f3xido con escobilla de acero o lija.<\/li>\n<li>Lave de las sales o sustancias qu\u00edmicas si las hubiera.<\/li>\n<li>Ideal para tratar superficies expuestas despu\u00e9s o durante la manufactura. Tambi\u00e9n puede ser pintado.<\/li>\n<\/ul>\n<\/li>\n<\/ul>\n<p>[\/vc_column_text][\/vc_column][vc_column width=\u00bb1\/3&#8243;][vc_column_text css=\u00bb\u00bb woodmart_inline=\u00bbno\u00bb text_larger=\u00bbno\u00bb]<\/p>\n<h5><strong class=\"subtitulo_prod\">Aplicaci\u00f3n<\/strong><\/h5>\n<ul>\n<li>Ambientes marinos<\/li>\n<li>Todo tipo de vehi\u0301culos<\/li>\n<li>Puentes<\/li>\n<li>Rejas<\/li>\n<li>Gru\u0301as<\/li>\n<li>Piscinas<\/li>\n<li>Tuberi\u0301as<\/li>\n<li>Tolvas<\/li>\n<li>Mantenimiento en fa\u0301bricas<\/li>\n<li>Ma\u0301quinas de juego<\/li>\n<\/ul>\n<p>[\/vc_column_text][\/vc_column][\/vc_row][vc_row][vc_column width=\u00bb1\/3&#8243;][vc_column_text css=\u00bb\u00bb woodmart_inline=\u00bbno\u00bb text_larger=\u00bbno\u00bb]<\/p>\n<h5><strong class=\"subtitulo_prod\">Marca &amp; Fabricante<\/strong><\/h5>\n<table class=\"table\">\n<tbody>\n<tr>\n<td>Marca<\/td>\n<td><a href=\"https:\/\/www.procyon-labs.com\/\" target=\"_blank\" rel=\"noopener\"><strong>PROCYON<\/strong><\/a><\/td>\n<\/tr>\n<tr>\n<td>Fabricante<\/td>\n<td><strong>PROCYON LABS<\/strong><\/td>\n<\/tr>\n<\/tbody>\n<\/table>\n<p>[\/vc_column_text][\/vc_column][vc_column width=\u00bb1\/3&#8243;][\/vc_column][vc_column width=\u00bb1\/3&#8243;][vc_column_text css=\u00bb\u00bb woodmart_inline=\u00bbno\u00bb text_larger=\u00bbno\u00bb]<\/p>\n<h5><strong class=\"subtitulo_prod\">Imagen<\/strong><\/h5>\n<p>[\/vc_column_text][vc_single_image image=\u00bb3950&#8243; img_size=\u00bblarge\u00bb alignment=\u00bbcenter\u00bb css=\u00bb\u00bb parallax_scroll=\u00bbno\u00bb woodmart_inline=\u00bbno\u00bb][\/vc_column][\/vc_row][vc_column][\/vc_column]<\/p>\n<\/div>","protected":false},"excerpt":{"rendered":"<p><strong>Procyon Oxy Stop<\/strong>\u00a0Neutraliza la superficie de \u00f3xido y contin\u00faa penetrando en \u00e1reas afectadas, convirtiendo al \u00f3xido en un compuesto org\u00e1nico met\u00e1lico de color negro. A\u00edsla contra la humedad y evita la aparici\u00f3n nuevamente del \u00f3xido.<\/p>\n","protected":false},"featured_media":6866,"template":"","meta":[],"product_brand":[1350],"product_cat":[280,687],"product_tag":[1424,1423],"class_list":{"0":"post-3949","1":"product","2":"type-product","3":"status-publish","4":"has-post-thumbnail","6":"product_brand-procyon-x","7":"product_cat-procyon-labs","8":"product_cat-oxido-inhibidores-de-corrosion","9":"product_tag-convertidor-de-oxido","10":"product_tag-transformador-de-oxido","12":"first","13":"outofstock","14":"shipping-taxable","15":"product-type-variable"},"yoast_head":"<!-- This site is optimized with the Yoast SEO plugin v26.9 - https:\/\/yoast.com\/product\/yoast-seo-wordpress\/ -->\n<title>Transformador de \u00f3xido - Procyon Oxy Stop - TECNIMPORT S.A.<\/title>\n<meta name=\"description\" content=\"Procyon Oxy Stop 63\u00a0es un Transformador de \u00f3xido que neutraliza la superficie de \u00f3xido convirtiendo al \u00f3xido en un compuesto org\u00e1nico.\" \/>\n<meta name=\"robots\" content=\"index, follow, max-snippet:-1, max-image-preview:large, max-video-preview:-1\" \/>\n<link rel=\"canonical\" href=\"https:\/\/tecnimport.com.pe\/web\/productos\/procyon-labs\/oxido-inhibidores-de-corrosion\/transformador-de-oxido\/\" \/>\n<meta property=\"og:locale\" content=\"es_ES\" \/>\n<meta property=\"og:type\" content=\"article\" \/>\n<meta property=\"og:title\" content=\"Transformador de \u00f3xido - Procyon Oxy Stop - Tecnimport\" \/>\n<meta property=\"og:description\" content=\"Procyon Oxy Stop neutraliza la superficie de o\u0301xido. Penetra en a\u0301reas afectadas, convirtiendo el o\u0301xido en un compuesto orga\u0301nico meta\u0301lico.\" \/>\n<meta property=\"og:url\" content=\"https:\/\/tecnimport.com.pe\/web\/productos\/procyon-labs\/oxido-inhibidores-de-corrosion\/transformador-de-oxido\/\" \/>\n<meta property=\"og:site_name\" content=\"TECNIMPORT S.A.\" \/>\n<meta property=\"article:modified_time\" content=\"2025-07-11T19:52:34+00:00\" \/>\n<meta property=\"og:image\" content=\"https:\/\/tecnimport.com.pe\/web\/wp-content\/uploads\/2019\/07\/ProcyonOxyStop.gif\" \/>\n\t<meta property=\"og:image:width\" content=\"1000\" \/>\n\t<meta property=\"og:image:height\" content=\"1000\" \/>\n\t<meta property=\"og:image:type\" content=\"image\/gif\" \/>\n<meta name=\"twitter:card\" content=\"summary_large_image\" \/>\n<meta name=\"twitter:label1\" content=\"Disponibilidad\" \/>\n\t<meta name=\"twitter:data1\" content=\"Sin existencias\" \/>\n<script type=\"application\/ld+json\" class=\"yoast-schema-graph\">{\"@context\":\"https:\/\/schema.org\",\"@graph\":[{\"@type\":\"WebPage\",\"@id\":\"https:\/\/tecnimport.com.pe\/web\/productos\/procyon-labs\/oxido-inhibidores-de-corrosion\/transformador-de-oxido\/\",\"url\":\"https:\/\/tecnimport.com.pe\/web\/productos\/procyon-labs\/oxido-inhibidores-de-corrosion\/transformador-de-oxido\/\",\"name\":\"Transformador de \u00f3xido - Procyon Oxy Stop - TECNIMPORT S.A.\",\"isPartOf\":{\"@id\":\"https:\/\/tecnimport.com.pe\/web\/#website\"},\"primaryImageOfPage\":{\"@id\":\"https:\/\/tecnimport.com.pe\/web\/productos\/procyon-labs\/oxido-inhibidores-de-corrosion\/transformador-de-oxido\/#primaryimage\"},\"image\":{\"@id\":\"https:\/\/tecnimport.com.pe\/web\/productos\/procyon-labs\/oxido-inhibidores-de-corrosion\/transformador-de-oxido\/#primaryimage\"},\"thumbnailUrl\":\"https:\/\/tecnimport.com.pe\/web\/wp-content\/uploads\/2019\/07\/Oxy-Stop-63-transformador-de-oxido-producto.gif\",\"datePublished\":\"2019-07-03T14:43:27+00:00\",\"dateModified\":\"2025-07-11T19:52:34+00:00\",\"description\":\"Procyon Oxy Stop 63\u00a0es un Transformador de \u00f3xido que neutraliza la superficie de \u00f3xido convirtiendo al \u00f3xido en un compuesto org\u00e1nico.\",\"breadcrumb\":{\"@id\":\"https:\/\/tecnimport.com.pe\/web\/productos\/procyon-labs\/oxido-inhibidores-de-corrosion\/transformador-de-oxido\/#breadcrumb\"},\"inLanguage\":\"es\",\"potentialAction\":[{\"@type\":\"ReadAction\",\"target\":[\"https:\/\/tecnimport.com.pe\/web\/productos\/procyon-labs\/oxido-inhibidores-de-corrosion\/transformador-de-oxido\/\"]}]},{\"@type\":\"ImageObject\",\"inLanguage\":\"es\",\"@id\":\"https:\/\/tecnimport.com.pe\/web\/productos\/procyon-labs\/oxido-inhibidores-de-corrosion\/transformador-de-oxido\/#primaryimage\",\"url\":\"https:\/\/tecnimport.com.pe\/web\/wp-content\/uploads\/2019\/07\/Oxy-Stop-63-transformador-de-oxido-producto.gif\",\"contentUrl\":\"https:\/\/tecnimport.com.pe\/web\/wp-content\/uploads\/2019\/07\/Oxy-Stop-63-transformador-de-oxido-producto.gif\",\"width\":1000,\"height\":1000,\"caption\":\"Procyon Oxy Stop 63 - Transformador de \u00d3xido-producto\"},{\"@type\":\"BreadcrumbList\",\"@id\":\"https:\/\/tecnimport.com.pe\/web\/productos\/procyon-labs\/oxido-inhibidores-de-corrosion\/transformador-de-oxido\/#breadcrumb\",\"itemListElement\":[{\"@type\":\"ListItem\",\"position\":1,\"name\":\"Portada\",\"item\":\"https:\/\/tecnimport.com.pe\/web\/\"},{\"@type\":\"ListItem\",\"position\":2,\"name\":\"Productos\",\"item\":\"https:\/\/tecnimport.com.pe\/web\/productos-navigation\/\"},{\"@type\":\"ListItem\",\"position\":3,\"name\":\"Procyon Oxy Stop 63\"}]},{\"@type\":\"WebSite\",\"@id\":\"https:\/\/tecnimport.com.pe\/web\/#website\",\"url\":\"https:\/\/tecnimport.com.pe\/web\/\",\"name\":\"TECNIMPORT S.A.\",\"description\":\"Representante de Devcon, LPS, Rocol y Procyon en el Per\u00fa\",\"publisher\":{\"@id\":\"https:\/\/tecnimport.com.pe\/web\/#organization\"},\"potentialAction\":[{\"@type\":\"SearchAction\",\"target\":{\"@type\":\"EntryPoint\",\"urlTemplate\":\"https:\/\/tecnimport.com.pe\/web\/?s={search_term_string}\"},\"query-input\":{\"@type\":\"PropertyValueSpecification\",\"valueRequired\":true,\"valueName\":\"search_term_string\"}}],\"inLanguage\":\"es\"},{\"@type\":\"Organization\",\"@id\":\"https:\/\/tecnimport.com.pe\/web\/#organization\",\"name\":\"Tecnimport S.A\",\"url\":\"https:\/\/tecnimport.com.pe\/web\/\",\"logo\":{\"@type\":\"ImageObject\",\"inLanguage\":\"es\",\"@id\":\"https:\/\/tecnimport.com.pe\/web\/#\/schema\/logo\/image\/\",\"url\":\"https:\/\/tecnimport.com.pe\/web\/wp-content\/uploads\/2020\/03\/logo_tecnimport.png\",\"contentUrl\":\"https:\/\/tecnimport.com.pe\/web\/wp-content\/uploads\/2020\/03\/logo_tecnimport.png\",\"width\":367,\"height\":49,\"caption\":\"Tecnimport S.A\"},\"image\":{\"@id\":\"https:\/\/tecnimport.com.pe\/web\/#\/schema\/logo\/image\/\"}}]}<\/script>\n<meta property=\"og:availability\" content=\"out of stock\" \/>\n<meta property=\"product:availability\" content=\"out of stock\" \/>\n<meta property=\"product:retailer_item_id\" content=\"QTOS101\" \/>\n<meta property=\"product:condition\" content=\"new\" \/>\n<!-- \/ Yoast SEO plugin. -->","yoast_head_json":{"title":"Transformador de \u00f3xido - Procyon Oxy Stop - TECNIMPORT S.A.","description":"Procyon Oxy Stop 63\u00a0es un Transformador de \u00f3xido que neutraliza la superficie de \u00f3xido convirtiendo al \u00f3xido en un compuesto org\u00e1nico.","robots":{"index":"index","follow":"follow","max-snippet":"max-snippet:-1","max-image-preview":"max-image-preview:large","max-video-preview":"max-video-preview:-1"},"canonical":"https:\/\/tecnimport.com.pe\/web\/productos\/procyon-labs\/oxido-inhibidores-de-corrosion\/transformador-de-oxido\/","og_locale":"es_ES","og_type":"article","og_title":"Transformador de \u00f3xido - Procyon Oxy Stop - Tecnimport","og_description":"Procyon Oxy Stop neutraliza la superficie de o\u0301xido. Penetra en a\u0301reas afectadas, convirtiendo el o\u0301xido en un compuesto orga\u0301nico meta\u0301lico.","og_url":"https:\/\/tecnimport.com.pe\/web\/productos\/procyon-labs\/oxido-inhibidores-de-corrosion\/transformador-de-oxido\/","og_site_name":"TECNIMPORT S.A.","article_modified_time":"2025-07-11T19:52:34+00:00","og_image":[{"width":1000,"height":1000,"url":"https:\/\/tecnimport.com.pe\/web\/wp-content\/uploads\/2019\/07\/ProcyonOxyStop.gif","type":"image\/gif"}],"twitter_card":"summary_large_image","twitter_misc":{"Disponibilidad":"Sin existencias"},"schema":{"@context":"https:\/\/schema.org","@graph":[{"@type":"WebPage","@id":"https:\/\/tecnimport.com.pe\/web\/productos\/procyon-labs\/oxido-inhibidores-de-corrosion\/transformador-de-oxido\/","url":"https:\/\/tecnimport.com.pe\/web\/productos\/procyon-labs\/oxido-inhibidores-de-corrosion\/transformador-de-oxido\/","name":"Transformador de \u00f3xido - Procyon Oxy Stop - TECNIMPORT S.A.","isPartOf":{"@id":"https:\/\/tecnimport.com.pe\/web\/#website"},"primaryImageOfPage":{"@id":"https:\/\/tecnimport.com.pe\/web\/productos\/procyon-labs\/oxido-inhibidores-de-corrosion\/transformador-de-oxido\/#primaryimage"},"image":{"@id":"https:\/\/tecnimport.com.pe\/web\/productos\/procyon-labs\/oxido-inhibidores-de-corrosion\/transformador-de-oxido\/#primaryimage"},"thumbnailUrl":"https:\/\/tecnimport.com.pe\/web\/wp-content\/uploads\/2019\/07\/Oxy-Stop-63-transformador-de-oxido-producto.gif","datePublished":"2019-07-03T14:43:27+00:00","dateModified":"2025-07-11T19:52:34+00:00","description":"Procyon Oxy Stop 63\u00a0es un Transformador de \u00f3xido que neutraliza la superficie de \u00f3xido convirtiendo al \u00f3xido en un compuesto org\u00e1nico.","breadcrumb":{"@id":"https:\/\/tecnimport.com.pe\/web\/productos\/procyon-labs\/oxido-inhibidores-de-corrosion\/transformador-de-oxido\/#breadcrumb"},"inLanguage":"es","potentialAction":[{"@type":"ReadAction","target":["https:\/\/tecnimport.com.pe\/web\/productos\/procyon-labs\/oxido-inhibidores-de-corrosion\/transformador-de-oxido\/"]}]},{"@type":"ImageObject","inLanguage":"es","@id":"https:\/\/tecnimport.com.pe\/web\/productos\/procyon-labs\/oxido-inhibidores-de-corrosion\/transformador-de-oxido\/#primaryimage","url":"https:\/\/tecnimport.com.pe\/web\/wp-content\/uploads\/2019\/07\/Oxy-Stop-63-transformador-de-oxido-producto.gif","contentUrl":"https:\/\/tecnimport.com.pe\/web\/wp-content\/uploads\/2019\/07\/Oxy-Stop-63-transformador-de-oxido-producto.gif","width":1000,"height":1000,"caption":"Procyon Oxy Stop 63 - Transformador de \u00d3xido-producto"},{"@type":"BreadcrumbList","@id":"https:\/\/tecnimport.com.pe\/web\/productos\/procyon-labs\/oxido-inhibidores-de-corrosion\/transformador-de-oxido\/#breadcrumb","itemListElement":[{"@type":"ListItem","position":1,"name":"Portada","item":"https:\/\/tecnimport.com.pe\/web\/"},{"@type":"ListItem","position":2,"name":"Productos","item":"https:\/\/tecnimport.com.pe\/web\/productos-navigation\/"},{"@type":"ListItem","position":3,"name":"Procyon Oxy Stop 63"}]},{"@type":"WebSite","@id":"https:\/\/tecnimport.com.pe\/web\/#website","url":"https:\/\/tecnimport.com.pe\/web\/","name":"TECNIMPORT S.A.","description":"Representante de Devcon, LPS, Rocol y Procyon en el Per\u00fa","publisher":{"@id":"https:\/\/tecnimport.com.pe\/web\/#organization"},"potentialAction":[{"@type":"SearchAction","target":{"@type":"EntryPoint","urlTemplate":"https:\/\/tecnimport.com.pe\/web\/?s={search_term_string}"},"query-input":{"@type":"PropertyValueSpecification","valueRequired":true,"valueName":"search_term_string"}}],"inLanguage":"es"},{"@type":"Organization","@id":"https:\/\/tecnimport.com.pe\/web\/#organization","name":"Tecnimport S.A","url":"https:\/\/tecnimport.com.pe\/web\/","logo":{"@type":"ImageObject","inLanguage":"es","@id":"https:\/\/tecnimport.com.pe\/web\/#\/schema\/logo\/image\/","url":"https:\/\/tecnimport.com.pe\/web\/wp-content\/uploads\/2020\/03\/logo_tecnimport.png","contentUrl":"https:\/\/tecnimport.com.pe\/web\/wp-content\/uploads\/2020\/03\/logo_tecnimport.png","width":367,"height":49,"caption":"Tecnimport S.A"},"image":{"@id":"https:\/\/tecnimport.com.pe\/web\/#\/schema\/logo\/image\/"}}]},"og_availability":"out of stock","product_availability":"out of stock","product_retailer_item_id":"QTOS101","product_condition":"new"},"_links":{"self":[{"href":"https:\/\/tecnimport.com.pe\/web\/wp-json\/wp\/v2\/product\/3949","targetHints":{"allow":["GET"]}}],"collection":[{"href":"https:\/\/tecnimport.com.pe\/web\/wp-json\/wp\/v2\/product"}],"about":[{"href":"https:\/\/tecnimport.com.pe\/web\/wp-json\/wp\/v2\/types\/product"}],"wp:featuredmedia":[{"embeddable":true,"href":"https:\/\/tecnimport.com.pe\/web\/wp-json\/wp\/v2\/media\/6866"}],"wp:attachment":[{"href":"https:\/\/tecnimport.com.pe\/web\/wp-json\/wp\/v2\/media?parent=3949"}],"wp:term":[{"taxonomy":"product_brand","embeddable":true,"href":"https:\/\/tecnimport.com.pe\/web\/wp-json\/wp\/v2\/product_brand?post=3949"},{"taxonomy":"product_cat","embeddable":true,"href":"https:\/\/tecnimport.com.pe\/web\/wp-json\/wp\/v2\/product_cat?post=3949"},{"taxonomy":"product_tag","embeddable":true,"href":"https:\/\/tecnimport.com.pe\/web\/wp-json\/wp\/v2\/product_tag?post=3949"}],"curies":[{"name":"wp","href":"https:\/\/api.w.org\/{rel}","templated":true}]}}