{"id":3931,"date":"2019-06-27T09:20:12","date_gmt":"2019-06-27T14:20:12","guid":{"rendered":"http:\/\/tecnimport.com.pe\/web\/productos\/productos-varios\/permatex-hand-cleaner-limpia-manos-industrial\/"},"modified":"2026-04-14T17:27:08","modified_gmt":"2026-04-14T22:27:08","slug":"permatex-hand-cleaner-limpia-manos-industrial","status":"publish","type":"product","link":"https:\/\/tecnimport.com.pe\/web\/productos\/permatex\/permatex-hand-cleaner-limpia-manos-industrial\/","title":{"rendered":"Permatex Fast Orange Hand Cleaner"},"content":{"rendered":"","protected":false},"excerpt":{"rendered":"<h2><strong>Permatex Fast Orange Hand Cleaner<\/strong><\/h2>\n<h3><strong>Limpiador de manos<\/strong><\/h3>\n<ul>\n<li>Crema limpia manos de uso industrial.<\/li>\n<li>Contiene derivados c\u00edtricos, lanolina, jojoba, p\u00f3mez, agentes suavizantes y acondicionadores que evitan el resecamiento y da\u00f1o de la piel.<\/li>\n<li>Limpia manchas de grasa, tinta, pintura, mugre y alquitr\u00e1n.<\/li>\n<li>Aplique directamente a las manos, frote y seque con papel toalla o trapo.<\/li>\n<\/ul>\n<p><strong class=\"sub_titulo\">Presentaci\u00f3n<\/strong><\/p>\n<table style=\"height: 132px;\" width=\"245\">\n<tbody>\n<tr>\n<td><strong>N\u00ba de Parte<\/strong><\/td>\n<td><strong>Capacidad<\/strong><\/td>\n<\/tr>\n<tr>\n<td>PER25218<\/td>\n<td>1 Gl<\/td>\n<\/tr>\n<\/tbody>\n<\/table>\n<p>&nbsp;<\/p>\n","protected":false},"featured_media":3933,"template":"","meta":[],"product_brand":[],"product_cat":[689],"product_tag":[],"class_list":{"0":"post-3931","1":"product","2":"type-product","3":"status-publish","4":"has-post-thumbnail","6":"product_cat-permatex","8":"first","9":"instock","10":"shipping-taxable","11":"product-type-simple"},"yoast_head":"<!-- This site is optimized with the Yoast SEO plugin v26.9 - https:\/\/yoast.com\/product\/yoast-seo-wordpress\/ -->\n<title>Permatex Fast Orange Hand Cleaner - TECNIMPORT S.A.<\/title>\n<meta name=\"description\" content=\"Permatex Fast Orange Hand Cleaner es una crema limpia manos de uso industrial. Limpia manchas de grasa, tinta, pintura, mugre y alquitr\u00e1n.\" \/>\n<meta name=\"robots\" content=\"index, follow, max-snippet:-1, max-image-preview:large, max-video-preview:-1\" \/>\n<link rel=\"canonical\" href=\"https:\/\/tecnimport.com.pe\/web\/productos\/permatex\/permatex-hand-cleaner-limpia-manos-industrial\/\" \/>\n<meta property=\"og:locale\" content=\"es_ES\" \/>\n<meta property=\"og:type\" content=\"article\" \/>\n<meta property=\"og:title\" content=\"Permatex Fast Orange Hand Cleaner - TECNIMPORT S.A.\" \/>\n<meta property=\"og:description\" content=\"Permatex Fast Orange Hand Cleaner es una crema limpia manos de uso industrial. Limpia manchas de grasa, tinta, pintura, mugre y alquitr\u00e1n.\" \/>\n<meta property=\"og:url\" content=\"https:\/\/tecnimport.com.pe\/web\/productos\/permatex\/permatex-hand-cleaner-limpia-manos-industrial\/\" \/>\n<meta property=\"og:site_name\" content=\"TECNIMPORT S.A.\" \/>\n<meta property=\"article:modified_time\" content=\"2026-04-14T22:27:08+00:00\" \/>\n<meta property=\"og:image\" content=\"https:\/\/tecnimport.com.pe\/web\/wp-content\/uploads\/2019\/06\/permatex-hand-cleaner.gif\" \/>\n\t<meta property=\"og:image:width\" content=\"1000\" \/>\n\t<meta property=\"og:image:height\" content=\"1000\" \/>\n\t<meta property=\"og:image:type\" content=\"image\/gif\" \/>\n<meta name=\"twitter:card\" content=\"summary_large_image\" \/>\n<meta name=\"twitter:label1\" content=\"Precio\" \/>\n\t<meta name=\"twitter:data1\" content=\"\" \/>\n\t<meta name=\"twitter:label2\" content=\"Disponibilidad\" \/>\n\t<meta name=\"twitter:data2\" content=\"Disponible\" \/>\n<script type=\"application\/ld+json\" class=\"yoast-schema-graph\">{\"@context\":\"https:\/\/schema.org\",\"@graph\":[{\"@type\":\"WebPage\",\"@id\":\"https:\/\/tecnimport.com.pe\/web\/productos\/permatex\/permatex-hand-cleaner-limpia-manos-industrial\/\",\"url\":\"https:\/\/tecnimport.com.pe\/web\/productos\/permatex\/permatex-hand-cleaner-limpia-manos-industrial\/\",\"name\":\"Permatex Fast Orange Hand Cleaner - TECNIMPORT S.A.\",\"isPartOf\":{\"@id\":\"https:\/\/tecnimport.com.pe\/web\/#website\"},\"primaryImageOfPage\":{\"@id\":\"https:\/\/tecnimport.com.pe\/web\/productos\/permatex\/permatex-hand-cleaner-limpia-manos-industrial\/#primaryimage\"},\"image\":{\"@id\":\"https:\/\/tecnimport.com.pe\/web\/productos\/permatex\/permatex-hand-cleaner-limpia-manos-industrial\/#primaryimage\"},\"thumbnailUrl\":\"https:\/\/tecnimport.com.pe\/web\/wp-content\/uploads\/2019\/06\/permatex-hand-cleaner.gif\",\"datePublished\":\"2019-06-27T14:20:12+00:00\",\"dateModified\":\"2026-04-14T22:27:08+00:00\",\"description\":\"Permatex Fast Orange Hand Cleaner es una crema limpia manos de uso industrial. Limpia manchas de grasa, tinta, pintura, mugre y alquitr\u00e1n.\",\"breadcrumb\":{\"@id\":\"https:\/\/tecnimport.com.pe\/web\/productos\/permatex\/permatex-hand-cleaner-limpia-manos-industrial\/#breadcrumb\"},\"inLanguage\":\"es\",\"potentialAction\":[{\"@type\":\"ReadAction\",\"target\":[\"https:\/\/tecnimport.com.pe\/web\/productos\/permatex\/permatex-hand-cleaner-limpia-manos-industrial\/\"]}]},{\"@type\":\"ImageObject\",\"inLanguage\":\"es\",\"@id\":\"https:\/\/tecnimport.com.pe\/web\/productos\/permatex\/permatex-hand-cleaner-limpia-manos-industrial\/#primaryimage\",\"url\":\"https:\/\/tecnimport.com.pe\/web\/wp-content\/uploads\/2019\/06\/permatex-hand-cleaner.gif\",\"contentUrl\":\"https:\/\/tecnimport.com.pe\/web\/wp-content\/uploads\/2019\/06\/permatex-hand-cleaner.gif\",\"width\":1000,\"height\":1000},{\"@type\":\"BreadcrumbList\",\"@id\":\"https:\/\/tecnimport.com.pe\/web\/productos\/permatex\/permatex-hand-cleaner-limpia-manos-industrial\/#breadcrumb\",\"itemListElement\":[{\"@type\":\"ListItem\",\"position\":1,\"name\":\"Portada\",\"item\":\"https:\/\/tecnimport.com.pe\/web\/\"},{\"@type\":\"ListItem\",\"position\":2,\"name\":\"Productos\",\"item\":\"https:\/\/tecnimport.com.pe\/web\/productos-navigation\/\"},{\"@type\":\"ListItem\",\"position\":3,\"name\":\"Permatex Fast Orange Hand Cleaner\"}]},{\"@type\":\"WebSite\",\"@id\":\"https:\/\/tecnimport.com.pe\/web\/#website\",\"url\":\"https:\/\/tecnimport.com.pe\/web\/\",\"name\":\"TECNIMPORT S.A.\",\"description\":\"Representante de Devcon, LPS, Rocol y Procyon en el Per\u00fa\",\"publisher\":{\"@id\":\"https:\/\/tecnimport.com.pe\/web\/#organization\"},\"potentialAction\":[{\"@type\":\"SearchAction\",\"target\":{\"@type\":\"EntryPoint\",\"urlTemplate\":\"https:\/\/tecnimport.com.pe\/web\/?s={search_term_string}\"},\"query-input\":{\"@type\":\"PropertyValueSpecification\",\"valueRequired\":true,\"valueName\":\"search_term_string\"}}],\"inLanguage\":\"es\"},{\"@type\":\"Organization\",\"@id\":\"https:\/\/tecnimport.com.pe\/web\/#organization\",\"name\":\"Tecnimport S.A\",\"url\":\"https:\/\/tecnimport.com.pe\/web\/\",\"logo\":{\"@type\":\"ImageObject\",\"inLanguage\":\"es\",\"@id\":\"https:\/\/tecnimport.com.pe\/web\/#\/schema\/logo\/image\/\",\"url\":\"https:\/\/tecnimport.com.pe\/web\/wp-content\/uploads\/2020\/03\/logo_tecnimport.png\",\"contentUrl\":\"https:\/\/tecnimport.com.pe\/web\/wp-content\/uploads\/2020\/03\/logo_tecnimport.png\",\"width\":367,\"height\":49,\"caption\":\"Tecnimport S.A\"},\"image\":{\"@id\":\"https:\/\/tecnimport.com.pe\/web\/#\/schema\/logo\/image\/\"}}]}<\/script>\n<meta property=\"product:price:amount\" content=\"0.00\" \/>\n<meta property=\"product:price:currency\" content=\"USD\" \/>\n<meta property=\"og:availability\" content=\"instock\" \/>\n<meta property=\"product:availability\" content=\"instock\" \/>\n<meta property=\"product:condition\" content=\"new\" \/>\n<!-- \/ Yoast SEO plugin. -->","yoast_head_json":{"title":"Permatex Fast Orange Hand Cleaner - TECNIMPORT S.A.","description":"Permatex Fast Orange Hand Cleaner es una crema limpia manos de uso industrial. Limpia manchas de grasa, tinta, pintura, mugre y alquitr\u00e1n.","robots":{"index":"index","follow":"follow","max-snippet":"max-snippet:-1","max-image-preview":"max-image-preview:large","max-video-preview":"max-video-preview:-1"},"canonical":"https:\/\/tecnimport.com.pe\/web\/productos\/permatex\/permatex-hand-cleaner-limpia-manos-industrial\/","og_locale":"es_ES","og_type":"article","og_title":"Permatex Fast Orange Hand Cleaner - TECNIMPORT S.A.","og_description":"Permatex Fast Orange Hand Cleaner es una crema limpia manos de uso industrial. Limpia manchas de grasa, tinta, pintura, mugre y alquitr\u00e1n.","og_url":"https:\/\/tecnimport.com.pe\/web\/productos\/permatex\/permatex-hand-cleaner-limpia-manos-industrial\/","og_site_name":"TECNIMPORT S.A.","article_modified_time":"2026-04-14T22:27:08+00:00","og_image":[{"width":1000,"height":1000,"url":"https:\/\/tecnimport.com.pe\/web\/wp-content\/uploads\/2019\/06\/permatex-hand-cleaner.gif","type":"image\/gif"}],"twitter_card":"summary_large_image","twitter_misc":{"Precio":"","Disponibilidad":"Disponible"},"schema":{"@context":"https:\/\/schema.org","@graph":[{"@type":"WebPage","@id":"https:\/\/tecnimport.com.pe\/web\/productos\/permatex\/permatex-hand-cleaner-limpia-manos-industrial\/","url":"https:\/\/tecnimport.com.pe\/web\/productos\/permatex\/permatex-hand-cleaner-limpia-manos-industrial\/","name":"Permatex Fast Orange Hand Cleaner - TECNIMPORT S.A.","isPartOf":{"@id":"https:\/\/tecnimport.com.pe\/web\/#website"},"primaryImageOfPage":{"@id":"https:\/\/tecnimport.com.pe\/web\/productos\/permatex\/permatex-hand-cleaner-limpia-manos-industrial\/#primaryimage"},"image":{"@id":"https:\/\/tecnimport.com.pe\/web\/productos\/permatex\/permatex-hand-cleaner-limpia-manos-industrial\/#primaryimage"},"thumbnailUrl":"https:\/\/tecnimport.com.pe\/web\/wp-content\/uploads\/2019\/06\/permatex-hand-cleaner.gif","datePublished":"2019-06-27T14:20:12+00:00","dateModified":"2026-04-14T22:27:08+00:00","description":"Permatex Fast Orange Hand Cleaner es una crema limpia manos de uso industrial. Limpia manchas de grasa, tinta, pintura, mugre y alquitr\u00e1n.","breadcrumb":{"@id":"https:\/\/tecnimport.com.pe\/web\/productos\/permatex\/permatex-hand-cleaner-limpia-manos-industrial\/#breadcrumb"},"inLanguage":"es","potentialAction":[{"@type":"ReadAction","target":["https:\/\/tecnimport.com.pe\/web\/productos\/permatex\/permatex-hand-cleaner-limpia-manos-industrial\/"]}]},{"@type":"ImageObject","inLanguage":"es","@id":"https:\/\/tecnimport.com.pe\/web\/productos\/permatex\/permatex-hand-cleaner-limpia-manos-industrial\/#primaryimage","url":"https:\/\/tecnimport.com.pe\/web\/wp-content\/uploads\/2019\/06\/permatex-hand-cleaner.gif","contentUrl":"https:\/\/tecnimport.com.pe\/web\/wp-content\/uploads\/2019\/06\/permatex-hand-cleaner.gif","width":1000,"height":1000},{"@type":"BreadcrumbList","@id":"https:\/\/tecnimport.com.pe\/web\/productos\/permatex\/permatex-hand-cleaner-limpia-manos-industrial\/#breadcrumb","itemListElement":[{"@type":"ListItem","position":1,"name":"Portada","item":"https:\/\/tecnimport.com.pe\/web\/"},{"@type":"ListItem","position":2,"name":"Productos","item":"https:\/\/tecnimport.com.pe\/web\/productos-navigation\/"},{"@type":"ListItem","position":3,"name":"Permatex Fast Orange Hand Cleaner"}]},{"@type":"WebSite","@id":"https:\/\/tecnimport.com.pe\/web\/#website","url":"https:\/\/tecnimport.com.pe\/web\/","name":"TECNIMPORT S.A.","description":"Representante de Devcon, LPS, Rocol y Procyon en el Per\u00fa","publisher":{"@id":"https:\/\/tecnimport.com.pe\/web\/#organization"},"potentialAction":[{"@type":"SearchAction","target":{"@type":"EntryPoint","urlTemplate":"https:\/\/tecnimport.com.pe\/web\/?s={search_term_string}"},"query-input":{"@type":"PropertyValueSpecification","valueRequired":true,"valueName":"search_term_string"}}],"inLanguage":"es"},{"@type":"Organization","@id":"https:\/\/tecnimport.com.pe\/web\/#organization","name":"Tecnimport S.A","url":"https:\/\/tecnimport.com.pe\/web\/","logo":{"@type":"ImageObject","inLanguage":"es","@id":"https:\/\/tecnimport.com.pe\/web\/#\/schema\/logo\/image\/","url":"https:\/\/tecnimport.com.pe\/web\/wp-content\/uploads\/2020\/03\/logo_tecnimport.png","contentUrl":"https:\/\/tecnimport.com.pe\/web\/wp-content\/uploads\/2020\/03\/logo_tecnimport.png","width":367,"height":49,"caption":"Tecnimport S.A"},"image":{"@id":"https:\/\/tecnimport.com.pe\/web\/#\/schema\/logo\/image\/"}}]},"product_price_amount":"0.00","product_price_currency":"USD","og_availability":"instock","product_availability":"instock","product_condition":"new"},"_links":{"self":[{"href":"https:\/\/tecnimport.com.pe\/web\/wp-json\/wp\/v2\/product\/3931","targetHints":{"allow":["GET"]}}],"collection":[{"href":"https:\/\/tecnimport.com.pe\/web\/wp-json\/wp\/v2\/product"}],"about":[{"href":"https:\/\/tecnimport.com.pe\/web\/wp-json\/wp\/v2\/types\/product"}],"wp:featuredmedia":[{"embeddable":true,"href":"https:\/\/tecnimport.com.pe\/web\/wp-json\/wp\/v2\/media\/3933"}],"wp:attachment":[{"href":"https:\/\/tecnimport.com.pe\/web\/wp-json\/wp\/v2\/media?parent=3931"}],"wp:term":[{"taxonomy":"product_brand","embeddable":true,"href":"https:\/\/tecnimport.com.pe\/web\/wp-json\/wp\/v2\/product_brand?post=3931"},{"taxonomy":"product_cat","embeddable":true,"href":"https:\/\/tecnimport.com.pe\/web\/wp-json\/wp\/v2\/product_cat?post=3931"},{"taxonomy":"product_tag","embeddable":true,"href":"https:\/\/tecnimport.com.pe\/web\/wp-json\/wp\/v2\/product_tag?post=3931"}],"curies":[{"name":"wp","href":"https:\/\/api.w.org\/{rel}","templated":true}]}}