{"id":3910,"date":"2019-06-24T16:36:48","date_gmt":"2019-06-24T21:36:48","guid":{"rendered":"http:\/\/tecnimport.com.pe\/web\/productos\/procyon\/revelador-de-fisuras-procyon-dye-check\/"},"modified":"2021-02-03T18:33:25","modified_gmt":"2021-02-03T23:33:25","slug":"revelador-de-fisuras-procyon-dye-check","status":"publish","type":"product","link":"https:\/\/tecnimport.com.pe\/web\/productos\/dye-check\/revelador-de-fisuras-procyon-dye-check\/","title":{"rendered":"DYE CHECK | Revelador de Fisuras"},"content":{"rendered":"","protected":false},"excerpt":{"rendered":"<h2><strong>DYE CHECK<\/strong><\/h2>\n<h3><strong>L\u00cdQUIDOS PENETRANTES PARA ENSAYOS NO DESTRUCTIVOS <\/strong><\/h3>\n<p><strong>Kit Revelador de Fisuras <\/strong>, Sistema para la inspecci\u00f3n de discontinuidades abiertas a las superficies como porosidad, rajaduras, laminaciones y otras fallas en la mayor\u00eda de materiales. DYE CHECK cumple con normas ASME secci\u00f3n V, Grado Nuclear.<\/p>\n<p><strong class=\"sub_titulo\">DYE CHECK REMOVER (1-3)<\/strong><br \/>\n<strong class=\"sub_titulo\">Limpiador<\/strong><\/p>\n<ul>\n<li>Limpiador \u2013 renovador de secado r\u00e1pido.<\/li>\n<li>Al ser libre de sulfuros y cloruros trabaja incluso con aceros austen\u00edticos, titanio y acero inoxidable.<\/li>\n<li>Retira grasa, suciedad, \u00f3xido u otros contaminantes en la preparaci\u00f3n de la superficie<\/li>\n<\/ul>\n<p><strong class=\"sub_titulo\">DYE CHECK PENETRANT (2)<\/strong><br \/>\n<strong class=\"sub_titulo\">Penetrante<\/strong><\/p>\n<ul>\n<li>Tinte penetrante rojo de gran capilaridad.<\/li>\n<li>Tinte penetrante rojo de gran capilaridad. Penetra incluso en micro grietas.<\/li>\n<li>Evaporaci\u00f3n lenta.<\/li>\n<li>Libre de cloruros y sulfuros.<\/li>\n<li>Aplicar despu\u00e9s de limpiar la superficie con PROCYON DYE CHECK CLEANER.<\/li>\n<\/ul>\n<p><strong class=\"sub_titulo\">DYE CHECK DEVELOPER (4)<\/strong><br \/>\n<strong class=\"sub_titulo\">Revelador<\/strong><\/p>\n<ul>\n<li>Pel\u00edcula de color blanco que contrasta con el rojo intenso de PROCYON DYE CHECK PENETRANT.<\/li>\n<li>Revela las fallas donde se ha aplicado PROCYON DYE CHECK PENETRANT. Los tipos y tama\u00f1os de manchas depende de la falla y de su profundidad.<\/li>\n<li>El tiempo de revelado debe ser igual al de penetraci\u00f3n (entre 5 a10 minutos).<\/li>\n<\/ul>\n<p><strong class=\"sub_titulo\">Presentaci\u00f3n<\/strong><\/p>\n<table style=\"height: 132px;\" width=\"245\">\n<tbody>\n<tr>\n<td><strong>Producto<\/strong><\/td>\n<td><strong>N\u00ba de Parte<\/strong><\/td>\n<td><strong>Capacidad<\/strong><\/td>\n<td><strong>MSDS<\/strong><\/td>\n<\/tr>\n<tr>\n<td>Limpiador<\/td>\n<td>DYE1-3<\/td>\n<td>14 oz.<\/td>\n<td><a href=\"http:\/\/tecnimport.com.pe\/web\/wp-content\/uploads\/2019\/06\/MSDS-Dye-Check-1-3.pdf\" target=\"_blank\" rel=\"noopener noreferrer\">MSDS<\/a><\/td>\n<\/tr>\n<tr>\n<td>Penetrante<\/td>\n<td>DYE2<\/td>\n<td>14 oz.<\/td>\n<td><a href=\"http:\/\/tecnimport.com.pe\/web\/wp-content\/uploads\/2019\/06\/MSDS-Dye-Check-2.pdf\" target=\"_blank\" rel=\"noopener noreferrer\">MSDS<\/a><\/td>\n<\/tr>\n<tr>\n<td>Revelador<\/td>\n<td>DYE4<\/td>\n<td>14 oz.<\/td>\n<td><a href=\"http:\/\/tecnimport.com.pe\/web\/wp-content\/uploads\/2019\/06\/MSDS-Dye-check-4.pdf\" target=\"_blank\" rel=\"noopener noreferrer\">MSDS<\/a><\/td>\n<\/tr>\n<\/tbody>\n<\/table>\n<p>&nbsp;<\/p>\n","protected":false},"featured_media":4569,"template":"","meta":[],"product_brand":[],"product_cat":[691],"product_tag":[],"class_list":{"0":"post-3910","1":"product","2":"type-product","3":"status-publish","4":"has-post-thumbnail","6":"product_cat-dye-check","8":"first","9":"instock","10":"shipping-taxable","11":"product-type-simple"},"yoast_head":"<!-- This site is optimized with the Yoast SEO plugin v26.9 - https:\/\/yoast.com\/product\/yoast-seo-wordpress\/ -->\n<title>DYE CHECK | Revelador de Fisuras - TECNIMPORT S.A.<\/title>\n<meta name=\"robots\" content=\"index, follow, max-snippet:-1, max-image-preview:large, max-video-preview:-1\" \/>\n<link rel=\"canonical\" href=\"https:\/\/tecnimport.com.pe\/web\/productos\/dye-check\/revelador-de-fisuras-procyon-dye-check\/\" \/>\n<meta property=\"og:locale\" content=\"es_ES\" \/>\n<meta property=\"og:type\" content=\"article\" \/>\n<meta property=\"og:title\" content=\"DYE CHECK | Revelador de Fisuras - TECNIMPORT S.A.\" \/>\n<meta property=\"og:description\" content=\"DYE CHECK L\u00cdQUIDOS PENETRANTES PARA ENSAYOS NO DESTRUCTIVOS  Kit Revelador de Fisuras , Sistema para la inspecci\u00f3n de discontinuidades abiertas a las superficies como porosidad, rajaduras, laminaciones y otras fallas en la mayor\u00eda de materiales. DYE CHECK cumple con normas ASME secci\u00f3n V, Grado Nuclear.  DYE CHECK REMOVER (1-3) Limpiador   Limpiador \u2013 renovador de secado r\u00e1pido.  Al ser libre de sulfuros y cloruros trabaja incluso con aceros austen\u00edticos, titanio y acero inoxidable.  Retira grasa, suciedad, \u00f3xido u otros contaminantes en la preparaci\u00f3n de la superficie  DYE CHECK PENETRANT (2) Penetrante   Tinte penetrante rojo de gran capilaridad.  Tinte penetrante rojo de gran capilaridad. Penetra incluso en micro grietas.  Evaporaci\u00f3n lenta.  Libre de cloruros y sulfuros.  Aplicar despu\u00e9s de limpiar la superficie con PROCYON DYE CHECK CLEANER.  DYE CHECK DEVELOPER (4) Revelador   Pel\u00edcula de color blanco que contrasta con el rojo intenso de PROCYON DYE CHECK PENETRANT.  Revela las fallas donde se ha aplicado PROCYON DYE CHECK PENETRANT. Los tipos y tama\u00f1os de manchas depende de la falla y de su profundidad.  El tiempo de revelado debe ser igual al de penetraci\u00f3n (entre 5 a10 minutos).  Presentaci\u00f3n    Producto N\u00ba de Parte Capacidad MSDS   Limpiador DYE1-3 14 oz. MSDS   Penetrante DYE2 14 oz. MSDS   Revelador DYE4 14 oz. MSDS    &nbsp;\" \/>\n<meta property=\"og:url\" content=\"https:\/\/tecnimport.com.pe\/web\/productos\/dye-check\/revelador-de-fisuras-procyon-dye-check\/\" \/>\n<meta property=\"og:site_name\" content=\"TECNIMPORT S.A.\" \/>\n<meta property=\"article:modified_time\" content=\"2021-02-03T23:33:25+00:00\" \/>\n<meta property=\"og:image\" content=\"https:\/\/tecnimport.com.pe\/web\/wp-content\/uploads\/2019\/06\/dyecheck_productos.jpg\" \/>\n\t<meta property=\"og:image:width\" content=\"1000\" \/>\n\t<meta property=\"og:image:height\" content=\"1000\" \/>\n\t<meta property=\"og:image:type\" content=\"image\/jpeg\" \/>\n<meta name=\"twitter:card\" content=\"summary_large_image\" \/>\n<meta name=\"twitter:label1\" content=\"Precio\" \/>\n\t<meta name=\"twitter:data1\" content=\"\" \/>\n\t<meta name=\"twitter:label2\" content=\"Disponibilidad\" \/>\n\t<meta name=\"twitter:data2\" content=\"Disponible\" \/>\n<script type=\"application\/ld+json\" class=\"yoast-schema-graph\">{\"@context\":\"https:\/\/schema.org\",\"@graph\":[{\"@type\":\"WebPage\",\"@id\":\"https:\/\/tecnimport.com.pe\/web\/productos\/dye-check\/revelador-de-fisuras-procyon-dye-check\/\",\"url\":\"https:\/\/tecnimport.com.pe\/web\/productos\/dye-check\/revelador-de-fisuras-procyon-dye-check\/\",\"name\":\"DYE CHECK | Revelador de Fisuras - TECNIMPORT S.A.\",\"isPartOf\":{\"@id\":\"https:\/\/tecnimport.com.pe\/web\/#website\"},\"primaryImageOfPage\":{\"@id\":\"https:\/\/tecnimport.com.pe\/web\/productos\/dye-check\/revelador-de-fisuras-procyon-dye-check\/#primaryimage\"},\"image\":{\"@id\":\"https:\/\/tecnimport.com.pe\/web\/productos\/dye-check\/revelador-de-fisuras-procyon-dye-check\/#primaryimage\"},\"thumbnailUrl\":\"https:\/\/tecnimport.com.pe\/web\/wp-content\/uploads\/2019\/06\/dyecheck_productos.jpg\",\"datePublished\":\"2019-06-24T21:36:48+00:00\",\"dateModified\":\"2021-02-03T23:33:25+00:00\",\"breadcrumb\":{\"@id\":\"https:\/\/tecnimport.com.pe\/web\/productos\/dye-check\/revelador-de-fisuras-procyon-dye-check\/#breadcrumb\"},\"inLanguage\":\"es\",\"potentialAction\":[{\"@type\":\"ReadAction\",\"target\":[\"https:\/\/tecnimport.com.pe\/web\/productos\/dye-check\/revelador-de-fisuras-procyon-dye-check\/\"]}]},{\"@type\":\"ImageObject\",\"inLanguage\":\"es\",\"@id\":\"https:\/\/tecnimport.com.pe\/web\/productos\/dye-check\/revelador-de-fisuras-procyon-dye-check\/#primaryimage\",\"url\":\"https:\/\/tecnimport.com.pe\/web\/wp-content\/uploads\/2019\/06\/dyecheck_productos.jpg\",\"contentUrl\":\"https:\/\/tecnimport.com.pe\/web\/wp-content\/uploads\/2019\/06\/dyecheck_productos.jpg\",\"width\":1000,\"height\":1000},{\"@type\":\"BreadcrumbList\",\"@id\":\"https:\/\/tecnimport.com.pe\/web\/productos\/dye-check\/revelador-de-fisuras-procyon-dye-check\/#breadcrumb\",\"itemListElement\":[{\"@type\":\"ListItem\",\"position\":1,\"name\":\"Portada\",\"item\":\"https:\/\/tecnimport.com.pe\/web\/\"},{\"@type\":\"ListItem\",\"position\":2,\"name\":\"Productos\",\"item\":\"https:\/\/tecnimport.com.pe\/web\/productos-navigation\/\"},{\"@type\":\"ListItem\",\"position\":3,\"name\":\"DYE CHECK | Revelador de Fisuras\"}]},{\"@type\":\"WebSite\",\"@id\":\"https:\/\/tecnimport.com.pe\/web\/#website\",\"url\":\"https:\/\/tecnimport.com.pe\/web\/\",\"name\":\"TECNIMPORT S.A.\",\"description\":\"Representante de Devcon, LPS, Rocol y Procyon en el Per\u00fa\",\"publisher\":{\"@id\":\"https:\/\/tecnimport.com.pe\/web\/#organization\"},\"potentialAction\":[{\"@type\":\"SearchAction\",\"target\":{\"@type\":\"EntryPoint\",\"urlTemplate\":\"https:\/\/tecnimport.com.pe\/web\/?s={search_term_string}\"},\"query-input\":{\"@type\":\"PropertyValueSpecification\",\"valueRequired\":true,\"valueName\":\"search_term_string\"}}],\"inLanguage\":\"es\"},{\"@type\":\"Organization\",\"@id\":\"https:\/\/tecnimport.com.pe\/web\/#organization\",\"name\":\"Tecnimport S.A\",\"url\":\"https:\/\/tecnimport.com.pe\/web\/\",\"logo\":{\"@type\":\"ImageObject\",\"inLanguage\":\"es\",\"@id\":\"https:\/\/tecnimport.com.pe\/web\/#\/schema\/logo\/image\/\",\"url\":\"https:\/\/tecnimport.com.pe\/web\/wp-content\/uploads\/2020\/03\/logo_tecnimport.png\",\"contentUrl\":\"https:\/\/tecnimport.com.pe\/web\/wp-content\/uploads\/2020\/03\/logo_tecnimport.png\",\"width\":367,\"height\":49,\"caption\":\"Tecnimport S.A\"},\"image\":{\"@id\":\"https:\/\/tecnimport.com.pe\/web\/#\/schema\/logo\/image\/\"}}]}<\/script>\n<meta property=\"product:price:amount\" content=\"0.00\" \/>\n<meta property=\"product:price:currency\" content=\"USD\" \/>\n<meta property=\"og:availability\" content=\"instock\" \/>\n<meta property=\"product:availability\" content=\"instock\" \/>\n<meta property=\"product:condition\" content=\"new\" \/>\n<!-- \/ Yoast SEO plugin. -->","yoast_head_json":{"title":"DYE CHECK | Revelador de Fisuras - TECNIMPORT S.A.","robots":{"index":"index","follow":"follow","max-snippet":"max-snippet:-1","max-image-preview":"max-image-preview:large","max-video-preview":"max-video-preview:-1"},"canonical":"https:\/\/tecnimport.com.pe\/web\/productos\/dye-check\/revelador-de-fisuras-procyon-dye-check\/","og_locale":"es_ES","og_type":"article","og_title":"DYE CHECK | Revelador de Fisuras - TECNIMPORT S.A.","og_description":"DYE CHECK L\u00cdQUIDOS PENETRANTES PARA ENSAYOS NO DESTRUCTIVOS  Kit Revelador de Fisuras , Sistema para la inspecci\u00f3n de discontinuidades abiertas a las superficies como porosidad, rajaduras, laminaciones y otras fallas en la mayor\u00eda de materiales. DYE CHECK cumple con normas ASME secci\u00f3n V, Grado Nuclear.  DYE CHECK REMOVER (1-3) Limpiador   Limpiador \u2013 renovador de secado r\u00e1pido.  Al ser libre de sulfuros y cloruros trabaja incluso con aceros austen\u00edticos, titanio y acero inoxidable.  Retira grasa, suciedad, \u00f3xido u otros contaminantes en la preparaci\u00f3n de la superficie  DYE CHECK PENETRANT (2) Penetrante   Tinte penetrante rojo de gran capilaridad.  Tinte penetrante rojo de gran capilaridad. Penetra incluso en micro grietas.  Evaporaci\u00f3n lenta.  Libre de cloruros y sulfuros.  Aplicar despu\u00e9s de limpiar la superficie con PROCYON DYE CHECK CLEANER.  DYE CHECK DEVELOPER (4) Revelador   Pel\u00edcula de color blanco que contrasta con el rojo intenso de PROCYON DYE CHECK PENETRANT.  Revela las fallas donde se ha aplicado PROCYON DYE CHECK PENETRANT. Los tipos y tama\u00f1os de manchas depende de la falla y de su profundidad.  El tiempo de revelado debe ser igual al de penetraci\u00f3n (entre 5 a10 minutos).  Presentaci\u00f3n    Producto N\u00ba de Parte Capacidad MSDS   Limpiador DYE1-3 14 oz. MSDS   Penetrante DYE2 14 oz. MSDS   Revelador DYE4 14 oz. MSDS    &nbsp;","og_url":"https:\/\/tecnimport.com.pe\/web\/productos\/dye-check\/revelador-de-fisuras-procyon-dye-check\/","og_site_name":"TECNIMPORT S.A.","article_modified_time":"2021-02-03T23:33:25+00:00","og_image":[{"width":1000,"height":1000,"url":"https:\/\/tecnimport.com.pe\/web\/wp-content\/uploads\/2019\/06\/dyecheck_productos.jpg","type":"image\/jpeg"}],"twitter_card":"summary_large_image","twitter_misc":{"Precio":"","Disponibilidad":"Disponible"},"schema":{"@context":"https:\/\/schema.org","@graph":[{"@type":"WebPage","@id":"https:\/\/tecnimport.com.pe\/web\/productos\/dye-check\/revelador-de-fisuras-procyon-dye-check\/","url":"https:\/\/tecnimport.com.pe\/web\/productos\/dye-check\/revelador-de-fisuras-procyon-dye-check\/","name":"DYE CHECK | Revelador de Fisuras - TECNIMPORT S.A.","isPartOf":{"@id":"https:\/\/tecnimport.com.pe\/web\/#website"},"primaryImageOfPage":{"@id":"https:\/\/tecnimport.com.pe\/web\/productos\/dye-check\/revelador-de-fisuras-procyon-dye-check\/#primaryimage"},"image":{"@id":"https:\/\/tecnimport.com.pe\/web\/productos\/dye-check\/revelador-de-fisuras-procyon-dye-check\/#primaryimage"},"thumbnailUrl":"https:\/\/tecnimport.com.pe\/web\/wp-content\/uploads\/2019\/06\/dyecheck_productos.jpg","datePublished":"2019-06-24T21:36:48+00:00","dateModified":"2021-02-03T23:33:25+00:00","breadcrumb":{"@id":"https:\/\/tecnimport.com.pe\/web\/productos\/dye-check\/revelador-de-fisuras-procyon-dye-check\/#breadcrumb"},"inLanguage":"es","potentialAction":[{"@type":"ReadAction","target":["https:\/\/tecnimport.com.pe\/web\/productos\/dye-check\/revelador-de-fisuras-procyon-dye-check\/"]}]},{"@type":"ImageObject","inLanguage":"es","@id":"https:\/\/tecnimport.com.pe\/web\/productos\/dye-check\/revelador-de-fisuras-procyon-dye-check\/#primaryimage","url":"https:\/\/tecnimport.com.pe\/web\/wp-content\/uploads\/2019\/06\/dyecheck_productos.jpg","contentUrl":"https:\/\/tecnimport.com.pe\/web\/wp-content\/uploads\/2019\/06\/dyecheck_productos.jpg","width":1000,"height":1000},{"@type":"BreadcrumbList","@id":"https:\/\/tecnimport.com.pe\/web\/productos\/dye-check\/revelador-de-fisuras-procyon-dye-check\/#breadcrumb","itemListElement":[{"@type":"ListItem","position":1,"name":"Portada","item":"https:\/\/tecnimport.com.pe\/web\/"},{"@type":"ListItem","position":2,"name":"Productos","item":"https:\/\/tecnimport.com.pe\/web\/productos-navigation\/"},{"@type":"ListItem","position":3,"name":"DYE CHECK | Revelador de Fisuras"}]},{"@type":"WebSite","@id":"https:\/\/tecnimport.com.pe\/web\/#website","url":"https:\/\/tecnimport.com.pe\/web\/","name":"TECNIMPORT S.A.","description":"Representante de Devcon, LPS, Rocol y Procyon en el Per\u00fa","publisher":{"@id":"https:\/\/tecnimport.com.pe\/web\/#organization"},"potentialAction":[{"@type":"SearchAction","target":{"@type":"EntryPoint","urlTemplate":"https:\/\/tecnimport.com.pe\/web\/?s={search_term_string}"},"query-input":{"@type":"PropertyValueSpecification","valueRequired":true,"valueName":"search_term_string"}}],"inLanguage":"es"},{"@type":"Organization","@id":"https:\/\/tecnimport.com.pe\/web\/#organization","name":"Tecnimport S.A","url":"https:\/\/tecnimport.com.pe\/web\/","logo":{"@type":"ImageObject","inLanguage":"es","@id":"https:\/\/tecnimport.com.pe\/web\/#\/schema\/logo\/image\/","url":"https:\/\/tecnimport.com.pe\/web\/wp-content\/uploads\/2020\/03\/logo_tecnimport.png","contentUrl":"https:\/\/tecnimport.com.pe\/web\/wp-content\/uploads\/2020\/03\/logo_tecnimport.png","width":367,"height":49,"caption":"Tecnimport S.A"},"image":{"@id":"https:\/\/tecnimport.com.pe\/web\/#\/schema\/logo\/image\/"}}]},"product_price_amount":"0.00","product_price_currency":"USD","og_availability":"instock","product_availability":"instock","product_condition":"new"},"_links":{"self":[{"href":"https:\/\/tecnimport.com.pe\/web\/wp-json\/wp\/v2\/product\/3910","targetHints":{"allow":["GET"]}}],"collection":[{"href":"https:\/\/tecnimport.com.pe\/web\/wp-json\/wp\/v2\/product"}],"about":[{"href":"https:\/\/tecnimport.com.pe\/web\/wp-json\/wp\/v2\/types\/product"}],"wp:featuredmedia":[{"embeddable":true,"href":"https:\/\/tecnimport.com.pe\/web\/wp-json\/wp\/v2\/media\/4569"}],"wp:attachment":[{"href":"https:\/\/tecnimport.com.pe\/web\/wp-json\/wp\/v2\/media?parent=3910"}],"wp:term":[{"taxonomy":"product_brand","embeddable":true,"href":"https:\/\/tecnimport.com.pe\/web\/wp-json\/wp\/v2\/product_brand?post=3910"},{"taxonomy":"product_cat","embeddable":true,"href":"https:\/\/tecnimport.com.pe\/web\/wp-json\/wp\/v2\/product_cat?post=3910"},{"taxonomy":"product_tag","embeddable":true,"href":"https:\/\/tecnimport.com.pe\/web\/wp-json\/wp\/v2\/product_tag?post=3910"}],"curies":[{"name":"wp","href":"https:\/\/api.w.org\/{rel}","templated":true}]}}