{"id":3773,"date":"2018-12-06T17:22:21","date_gmt":"2018-12-06T22:22:21","guid":{"rendered":"http:\/\/tecnimport.com.pe\/web\/productos\/devcon\/flexane-fl-10-primer-aumenta-adherencia-sobre-metales\/"},"modified":"2021-02-03T12:45:59","modified_gmt":"2021-02-03T17:45:59","slug":"flexane-fl-10-primer-aumenta-adherencia-sobre-metales","status":"publish","type":"product","link":"https:\/\/tecnimport.com.pe\/web\/productos\/devcon-productos\/uretanos-reparacion-de-fajas-transportadoras\/flexane-fl-10-primer-aumenta-adherencia-sobre-metales\/","title":{"rendered":"Devcon 15980 Flexane FL-10 Primer | Mejora adherencia sobre Metales"},"content":{"rendered":"","protected":false},"excerpt":{"rendered":"<h2><strong>Flexane FL-10 Primer<\/strong><\/h2>\n<h3><strong>Aumenta Adherencia sobre Metales<\/strong><\/h3>\n<p><strong>Flexane FL-10 Primer | Devcon 15980 <\/strong> Imprimaci\u00f3n l\u00edquida utilizada junto con todos los Devcon\u00ae Flexanes para maximizar la adhesi\u00f3n a los metales y a s\u00ed mismos.<br \/>\n<strong class=\"sub_titulo\">Caracter\u00edsticas<\/strong><\/p>\n<ul>\n<li>Requerido para unir todos los Devcon\u00ae Flexanes.<\/li>\n<\/ul>\n<p><strong class=\"sub_titulo\">Presentaci\u00f3n<\/strong><\/p>\n<table style=\"height: 132px;\" width=\"245\">\n<tbody>\n<tr>\n<td><strong>N\u00ba de Parte<\/strong><\/td>\n<td><strong>Capacidad<\/strong><\/td>\n<\/tr>\n<tr>\n<td>15980<\/td>\n<td>Envase x 4 oz<\/td>\n<\/tr>\n<\/tbody>\n<\/table>\n<p><a class=\"btn ft\" href=\"https:\/\/tecnimport.com.pe\/web\/wp-content\/uploads\/2021\/02\/DEVCON-15980-DEVCON-FLEXANE-PRIMER-FL-10-FT.pdf\" target=\"_blank\" rel=\"noopener noreferrer\">Ficha T\u00e9cnica<\/a><\/p>\n","protected":false},"featured_media":3761,"template":"","meta":[],"product_brand":[],"product_cat":[206,223],"product_tag":[],"class_list":{"0":"post-3773","1":"product","2":"type-product","3":"status-publish","4":"has-post-thumbnail","6":"product_cat-devcon-productos","7":"product_cat-uretanos-reparacion-de-fajas-transportadoras","9":"first","10":"instock","11":"shipping-taxable","12":"product-type-simple"},"yoast_head":"<!-- This site is optimized with the Yoast SEO plugin v26.9 - https:\/\/yoast.com\/product\/yoast-seo-wordpress\/ -->\n<title>Devcon 15980 Flexane FL-10 Primer | Mejora adherencia sobre Metales - TECNIMPORT S.A.<\/title>\n<meta name=\"robots\" content=\"index, follow, max-snippet:-1, max-image-preview:large, max-video-preview:-1\" \/>\n<link rel=\"canonical\" href=\"https:\/\/tecnimport.com.pe\/web\/productos\/devcon-productos\/uretanos-reparacion-de-fajas-transportadoras\/flexane-fl-10-primer-aumenta-adherencia-sobre-metales\/\" \/>\n<meta property=\"og:locale\" content=\"es_ES\" \/>\n<meta property=\"og:type\" content=\"article\" \/>\n<meta property=\"og:title\" content=\"Devcon 15980 Flexane FL-10 Primer | Mejora adherencia sobre Metales - TECNIMPORT S.A.\" \/>\n<meta property=\"og:description\" content=\"Flexane FL-10 Primer Aumenta Adherencia sobre Metales Flexane FL-10 Primer | Devcon 15980 Imprimaci\u00f3n l\u00edquida utilizada junto con todos los Devcon\u00ae Flexanes para maximizar la adhesi\u00f3n a los metales y a s\u00ed mismos. Caracter\u00edsticas   Requerido para unir todos los Devcon\u00ae Flexanes.  Presentaci\u00f3n    N\u00ba de Parte Capacidad   15980 Envase x 4 oz    Ficha T\u00e9cnica\" \/>\n<meta property=\"og:url\" content=\"https:\/\/tecnimport.com.pe\/web\/productos\/devcon-productos\/uretanos-reparacion-de-fajas-transportadoras\/flexane-fl-10-primer-aumenta-adherencia-sobre-metales\/\" \/>\n<meta property=\"og:site_name\" content=\"TECNIMPORT S.A.\" \/>\n<meta property=\"article:modified_time\" content=\"2021-02-03T17:45:59+00:00\" \/>\n<meta property=\"og:image\" content=\"https:\/\/tecnimport.com.pe\/web\/wp-content\/uploads\/2018\/12\/DEVCON-15980-DEVCON-FLEXANE-PRIMER-FL-10-15980-4-OZ.gif\" \/>\n\t<meta property=\"og:image:width\" content=\"1000\" \/>\n\t<meta property=\"og:image:height\" content=\"1000\" \/>\n\t<meta property=\"og:image:type\" content=\"image\/gif\" \/>\n<meta name=\"twitter:card\" content=\"summary_large_image\" \/>\n<meta name=\"twitter:label1\" content=\"Precio\" \/>\n\t<meta name=\"twitter:data1\" content=\"\" \/>\n\t<meta name=\"twitter:label2\" content=\"Disponibilidad\" \/>\n\t<meta name=\"twitter:data2\" content=\"Disponible\" \/>\n<script type=\"application\/ld+json\" class=\"yoast-schema-graph\">{\"@context\":\"https:\/\/schema.org\",\"@graph\":[{\"@type\":\"WebPage\",\"@id\":\"https:\/\/tecnimport.com.pe\/web\/productos\/devcon-productos\/uretanos-reparacion-de-fajas-transportadoras\/flexane-fl-10-primer-aumenta-adherencia-sobre-metales\/\",\"url\":\"https:\/\/tecnimport.com.pe\/web\/productos\/devcon-productos\/uretanos-reparacion-de-fajas-transportadoras\/flexane-fl-10-primer-aumenta-adherencia-sobre-metales\/\",\"name\":\"Devcon 15980 Flexane FL-10 Primer | Mejora adherencia sobre Metales - TECNIMPORT S.A.\",\"isPartOf\":{\"@id\":\"https:\/\/tecnimport.com.pe\/web\/#website\"},\"primaryImageOfPage\":{\"@id\":\"https:\/\/tecnimport.com.pe\/web\/productos\/devcon-productos\/uretanos-reparacion-de-fajas-transportadoras\/flexane-fl-10-primer-aumenta-adherencia-sobre-metales\/#primaryimage\"},\"image\":{\"@id\":\"https:\/\/tecnimport.com.pe\/web\/productos\/devcon-productos\/uretanos-reparacion-de-fajas-transportadoras\/flexane-fl-10-primer-aumenta-adherencia-sobre-metales\/#primaryimage\"},\"thumbnailUrl\":\"https:\/\/tecnimport.com.pe\/web\/wp-content\/uploads\/2018\/12\/DEVCON-15980-DEVCON-FLEXANE-PRIMER-FL-10-15980-4-OZ.gif\",\"datePublished\":\"2018-12-06T22:22:21+00:00\",\"dateModified\":\"2021-02-03T17:45:59+00:00\",\"breadcrumb\":{\"@id\":\"https:\/\/tecnimport.com.pe\/web\/productos\/devcon-productos\/uretanos-reparacion-de-fajas-transportadoras\/flexane-fl-10-primer-aumenta-adherencia-sobre-metales\/#breadcrumb\"},\"inLanguage\":\"es\",\"potentialAction\":[{\"@type\":\"ReadAction\",\"target\":[\"https:\/\/tecnimport.com.pe\/web\/productos\/devcon-productos\/uretanos-reparacion-de-fajas-transportadoras\/flexane-fl-10-primer-aumenta-adherencia-sobre-metales\/\"]}]},{\"@type\":\"ImageObject\",\"inLanguage\":\"es\",\"@id\":\"https:\/\/tecnimport.com.pe\/web\/productos\/devcon-productos\/uretanos-reparacion-de-fajas-transportadoras\/flexane-fl-10-primer-aumenta-adherencia-sobre-metales\/#primaryimage\",\"url\":\"https:\/\/tecnimport.com.pe\/web\/wp-content\/uploads\/2018\/12\/DEVCON-15980-DEVCON-FLEXANE-PRIMER-FL-10-15980-4-OZ.gif\",\"contentUrl\":\"https:\/\/tecnimport.com.pe\/web\/wp-content\/uploads\/2018\/12\/DEVCON-15980-DEVCON-FLEXANE-PRIMER-FL-10-15980-4-OZ.gif\",\"width\":1000,\"height\":1000},{\"@type\":\"BreadcrumbList\",\"@id\":\"https:\/\/tecnimport.com.pe\/web\/productos\/devcon-productos\/uretanos-reparacion-de-fajas-transportadoras\/flexane-fl-10-primer-aumenta-adherencia-sobre-metales\/#breadcrumb\",\"itemListElement\":[{\"@type\":\"ListItem\",\"position\":1,\"name\":\"Portada\",\"item\":\"https:\/\/tecnimport.com.pe\/web\/\"},{\"@type\":\"ListItem\",\"position\":2,\"name\":\"Productos\",\"item\":\"https:\/\/tecnimport.com.pe\/web\/productos-navigation\/\"},{\"@type\":\"ListItem\",\"position\":3,\"name\":\"Devcon 15980 Flexane FL-10 Primer | Mejora adherencia sobre Metales\"}]},{\"@type\":\"WebSite\",\"@id\":\"https:\/\/tecnimport.com.pe\/web\/#website\",\"url\":\"https:\/\/tecnimport.com.pe\/web\/\",\"name\":\"TECNIMPORT S.A.\",\"description\":\"Representante de Devcon, LPS, Rocol y Procyon en el Per\u00fa\",\"publisher\":{\"@id\":\"https:\/\/tecnimport.com.pe\/web\/#organization\"},\"potentialAction\":[{\"@type\":\"SearchAction\",\"target\":{\"@type\":\"EntryPoint\",\"urlTemplate\":\"https:\/\/tecnimport.com.pe\/web\/?s={search_term_string}\"},\"query-input\":{\"@type\":\"PropertyValueSpecification\",\"valueRequired\":true,\"valueName\":\"search_term_string\"}}],\"inLanguage\":\"es\"},{\"@type\":\"Organization\",\"@id\":\"https:\/\/tecnimport.com.pe\/web\/#organization\",\"name\":\"Tecnimport S.A\",\"url\":\"https:\/\/tecnimport.com.pe\/web\/\",\"logo\":{\"@type\":\"ImageObject\",\"inLanguage\":\"es\",\"@id\":\"https:\/\/tecnimport.com.pe\/web\/#\/schema\/logo\/image\/\",\"url\":\"https:\/\/tecnimport.com.pe\/web\/wp-content\/uploads\/2020\/03\/logo_tecnimport.png\",\"contentUrl\":\"https:\/\/tecnimport.com.pe\/web\/wp-content\/uploads\/2020\/03\/logo_tecnimport.png\",\"width\":367,\"height\":49,\"caption\":\"Tecnimport S.A\"},\"image\":{\"@id\":\"https:\/\/tecnimport.com.pe\/web\/#\/schema\/logo\/image\/\"}}]}<\/script>\n<meta property=\"product:price:amount\" content=\"0.00\" \/>\n<meta property=\"product:price:currency\" content=\"USD\" \/>\n<meta property=\"og:availability\" content=\"instock\" \/>\n<meta property=\"product:availability\" content=\"instock\" \/>\n<meta property=\"product:condition\" content=\"new\" \/>\n<!-- \/ Yoast SEO plugin. -->","yoast_head_json":{"title":"Devcon 15980 Flexane FL-10 Primer | Mejora adherencia sobre Metales - TECNIMPORT S.A.","robots":{"index":"index","follow":"follow","max-snippet":"max-snippet:-1","max-image-preview":"max-image-preview:large","max-video-preview":"max-video-preview:-1"},"canonical":"https:\/\/tecnimport.com.pe\/web\/productos\/devcon-productos\/uretanos-reparacion-de-fajas-transportadoras\/flexane-fl-10-primer-aumenta-adherencia-sobre-metales\/","og_locale":"es_ES","og_type":"article","og_title":"Devcon 15980 Flexane FL-10 Primer | Mejora adherencia sobre Metales - TECNIMPORT S.A.","og_description":"Flexane FL-10 Primer Aumenta Adherencia sobre Metales Flexane FL-10 Primer | Devcon 15980 Imprimaci\u00f3n l\u00edquida utilizada junto con todos los Devcon\u00ae Flexanes para maximizar la adhesi\u00f3n a los metales y a s\u00ed mismos. Caracter\u00edsticas   Requerido para unir todos los Devcon\u00ae Flexanes.  Presentaci\u00f3n    N\u00ba de Parte Capacidad   15980 Envase x 4 oz    Ficha T\u00e9cnica","og_url":"https:\/\/tecnimport.com.pe\/web\/productos\/devcon-productos\/uretanos-reparacion-de-fajas-transportadoras\/flexane-fl-10-primer-aumenta-adherencia-sobre-metales\/","og_site_name":"TECNIMPORT S.A.","article_modified_time":"2021-02-03T17:45:59+00:00","og_image":[{"width":1000,"height":1000,"url":"https:\/\/tecnimport.com.pe\/web\/wp-content\/uploads\/2018\/12\/DEVCON-15980-DEVCON-FLEXANE-PRIMER-FL-10-15980-4-OZ.gif","type":"image\/gif"}],"twitter_card":"summary_large_image","twitter_misc":{"Precio":"","Disponibilidad":"Disponible"},"schema":{"@context":"https:\/\/schema.org","@graph":[{"@type":"WebPage","@id":"https:\/\/tecnimport.com.pe\/web\/productos\/devcon-productos\/uretanos-reparacion-de-fajas-transportadoras\/flexane-fl-10-primer-aumenta-adherencia-sobre-metales\/","url":"https:\/\/tecnimport.com.pe\/web\/productos\/devcon-productos\/uretanos-reparacion-de-fajas-transportadoras\/flexane-fl-10-primer-aumenta-adherencia-sobre-metales\/","name":"Devcon 15980 Flexane FL-10 Primer | Mejora adherencia sobre Metales - TECNIMPORT S.A.","isPartOf":{"@id":"https:\/\/tecnimport.com.pe\/web\/#website"},"primaryImageOfPage":{"@id":"https:\/\/tecnimport.com.pe\/web\/productos\/devcon-productos\/uretanos-reparacion-de-fajas-transportadoras\/flexane-fl-10-primer-aumenta-adherencia-sobre-metales\/#primaryimage"},"image":{"@id":"https:\/\/tecnimport.com.pe\/web\/productos\/devcon-productos\/uretanos-reparacion-de-fajas-transportadoras\/flexane-fl-10-primer-aumenta-adherencia-sobre-metales\/#primaryimage"},"thumbnailUrl":"https:\/\/tecnimport.com.pe\/web\/wp-content\/uploads\/2018\/12\/DEVCON-15980-DEVCON-FLEXANE-PRIMER-FL-10-15980-4-OZ.gif","datePublished":"2018-12-06T22:22:21+00:00","dateModified":"2021-02-03T17:45:59+00:00","breadcrumb":{"@id":"https:\/\/tecnimport.com.pe\/web\/productos\/devcon-productos\/uretanos-reparacion-de-fajas-transportadoras\/flexane-fl-10-primer-aumenta-adherencia-sobre-metales\/#breadcrumb"},"inLanguage":"es","potentialAction":[{"@type":"ReadAction","target":["https:\/\/tecnimport.com.pe\/web\/productos\/devcon-productos\/uretanos-reparacion-de-fajas-transportadoras\/flexane-fl-10-primer-aumenta-adherencia-sobre-metales\/"]}]},{"@type":"ImageObject","inLanguage":"es","@id":"https:\/\/tecnimport.com.pe\/web\/productos\/devcon-productos\/uretanos-reparacion-de-fajas-transportadoras\/flexane-fl-10-primer-aumenta-adherencia-sobre-metales\/#primaryimage","url":"https:\/\/tecnimport.com.pe\/web\/wp-content\/uploads\/2018\/12\/DEVCON-15980-DEVCON-FLEXANE-PRIMER-FL-10-15980-4-OZ.gif","contentUrl":"https:\/\/tecnimport.com.pe\/web\/wp-content\/uploads\/2018\/12\/DEVCON-15980-DEVCON-FLEXANE-PRIMER-FL-10-15980-4-OZ.gif","width":1000,"height":1000},{"@type":"BreadcrumbList","@id":"https:\/\/tecnimport.com.pe\/web\/productos\/devcon-productos\/uretanos-reparacion-de-fajas-transportadoras\/flexane-fl-10-primer-aumenta-adherencia-sobre-metales\/#breadcrumb","itemListElement":[{"@type":"ListItem","position":1,"name":"Portada","item":"https:\/\/tecnimport.com.pe\/web\/"},{"@type":"ListItem","position":2,"name":"Productos","item":"https:\/\/tecnimport.com.pe\/web\/productos-navigation\/"},{"@type":"ListItem","position":3,"name":"Devcon 15980 Flexane FL-10 Primer | Mejora adherencia sobre Metales"}]},{"@type":"WebSite","@id":"https:\/\/tecnimport.com.pe\/web\/#website","url":"https:\/\/tecnimport.com.pe\/web\/","name":"TECNIMPORT S.A.","description":"Representante de Devcon, LPS, Rocol y Procyon en el Per\u00fa","publisher":{"@id":"https:\/\/tecnimport.com.pe\/web\/#organization"},"potentialAction":[{"@type":"SearchAction","target":{"@type":"EntryPoint","urlTemplate":"https:\/\/tecnimport.com.pe\/web\/?s={search_term_string}"},"query-input":{"@type":"PropertyValueSpecification","valueRequired":true,"valueName":"search_term_string"}}],"inLanguage":"es"},{"@type":"Organization","@id":"https:\/\/tecnimport.com.pe\/web\/#organization","name":"Tecnimport S.A","url":"https:\/\/tecnimport.com.pe\/web\/","logo":{"@type":"ImageObject","inLanguage":"es","@id":"https:\/\/tecnimport.com.pe\/web\/#\/schema\/logo\/image\/","url":"https:\/\/tecnimport.com.pe\/web\/wp-content\/uploads\/2020\/03\/logo_tecnimport.png","contentUrl":"https:\/\/tecnimport.com.pe\/web\/wp-content\/uploads\/2020\/03\/logo_tecnimport.png","width":367,"height":49,"caption":"Tecnimport S.A"},"image":{"@id":"https:\/\/tecnimport.com.pe\/web\/#\/schema\/logo\/image\/"}}]},"product_price_amount":"0.00","product_price_currency":"USD","og_availability":"instock","product_availability":"instock","product_condition":"new"},"_links":{"self":[{"href":"https:\/\/tecnimport.com.pe\/web\/wp-json\/wp\/v2\/product\/3773","targetHints":{"allow":["GET"]}}],"collection":[{"href":"https:\/\/tecnimport.com.pe\/web\/wp-json\/wp\/v2\/product"}],"about":[{"href":"https:\/\/tecnimport.com.pe\/web\/wp-json\/wp\/v2\/types\/product"}],"wp:featuredmedia":[{"embeddable":true,"href":"https:\/\/tecnimport.com.pe\/web\/wp-json\/wp\/v2\/media\/3761"}],"wp:attachment":[{"href":"https:\/\/tecnimport.com.pe\/web\/wp-json\/wp\/v2\/media?parent=3773"}],"wp:term":[{"taxonomy":"product_brand","embeddable":true,"href":"https:\/\/tecnimport.com.pe\/web\/wp-json\/wp\/v2\/product_brand?post=3773"},{"taxonomy":"product_cat","embeddable":true,"href":"https:\/\/tecnimport.com.pe\/web\/wp-json\/wp\/v2\/product_cat?post=3773"},{"taxonomy":"product_tag","embeddable":true,"href":"https:\/\/tecnimport.com.pe\/web\/wp-json\/wp\/v2\/product_tag?post=3773"}],"curies":[{"name":"wp","href":"https:\/\/api.w.org\/{rel}","templated":true}]}}