{"id":3769,"date":"2018-12-06T16:13:17","date_gmt":"2018-12-06T21:13:17","guid":{"rendered":"http:\/\/tecnimport.com.pe\/web\/productos\/devcon\/flexane-manual-caulk-gun-400-ml-aplicador\/"},"modified":"2021-02-03T13:35:30","modified_gmt":"2021-02-03T18:35:30","slug":"flexane-manual-caulk-gun-400-ml-aplicador","status":"publish","type":"product","link":"https:\/\/tecnimport.com.pe\/web\/productos\/devcon-productos\/uretanos-reparacion-de-fajas-transportadoras\/flexane-manual-caulk-gun-400-ml-aplicador\/","title":{"rendered":"Devcon 15043 Flexane Manual Caulk Gun | Aplicador"},"content":{"rendered":"<h3>Flexane Manual Caulk Gun<\/h3>\n<table class=\"spectable\" width=\"100%\">\n<tbody>\n<tr>\n<td>Tipo<\/td>\n<td>Manual<\/td>\n<\/tr>\n<tr>\n<td>Tama\u00f1o del cartucho:<\/td>\n<td>400 ml<\/td>\n<\/tr>\n<tr>\n<td>Mixing Ratio<\/td>\n<td>4:1<\/td>\n<\/tr>\n<tr>\n<td>Para usar con<\/td>\n<td>Cartuchos de 400 ml de 2 piezas<\/td>\n<\/tr>\n<\/tbody>\n<\/table>\n","protected":false},"excerpt":{"rendered":"<h2><strong>Flexane Manual Caulk Gun &#8211; 400 ml<\/strong><\/h2>\n<h3><strong>Aplicador<\/strong><\/h3>\n<p><strong>Flexane Manual Caulk Gun &#8211; 400 m | Devcon\u00a015043 <\/strong><\/p>\n<p><strong class=\"sub_titulo\">Caracter\u00edsticas<\/strong><\/p>\n<ul>\n<li>Tipo: Manual<\/li>\n<li>Tama\u00f1o del cartucho: 400 ml<\/li>\n<li>Mixing Ratio: 4:1<\/li>\n<li>Para usar con: Cartuchos de 400 ml de 2 piezas<\/li>\n<\/ul>\n<p><strong class=\"sub_titulo\">Presentaci\u00f3n<\/strong><\/p>\n<table style=\"height: 132px;\" width=\"245\">\n<tbody>\n<tr>\n<td><strong>N\u00ba de Parte<\/strong><\/td>\n<td><strong>Capacidad<\/strong><\/td>\n<\/tr>\n<tr>\n<td>15043<\/td>\n<td>1 Unidad<\/td>\n<\/tr>\n<\/tbody>\n<\/table>\n","protected":false},"featured_media":3759,"template":"","meta":[],"product_brand":[],"product_cat":[206,223],"product_tag":[],"class_list":{"0":"post-3769","1":"product","2":"type-product","3":"status-publish","4":"has-post-thumbnail","6":"product_cat-devcon-productos","7":"product_cat-uretanos-reparacion-de-fajas-transportadoras","9":"first","10":"instock","11":"shipping-taxable","12":"product-type-simple"},"yoast_head":"<!-- This site is optimized with the Yoast SEO plugin v26.9 - https:\/\/yoast.com\/product\/yoast-seo-wordpress\/ -->\n<title>Devcon 15043 Flexane Manual Caulk Gun | Aplicador - TECNIMPORT S.A.<\/title>\n<meta name=\"robots\" content=\"index, follow, max-snippet:-1, max-image-preview:large, max-video-preview:-1\" \/>\n<link rel=\"canonical\" href=\"https:\/\/tecnimport.com.pe\/web\/productos\/devcon-productos\/uretanos-reparacion-de-fajas-transportadoras\/flexane-manual-caulk-gun-400-ml-aplicador\/\" \/>\n<meta property=\"og:locale\" content=\"es_ES\" \/>\n<meta property=\"og:type\" content=\"article\" \/>\n<meta property=\"og:title\" content=\"Devcon 15043 Flexane Manual Caulk Gun | Aplicador - TECNIMPORT S.A.\" \/>\n<meta property=\"og:description\" content=\"Flexane Manual Caulk Gun - 400 ml Aplicador Flexane Manual Caulk Gun - 400 m | Devcon\u00a015043   Caracter\u00edsticas   Tipo: Manual  Tama\u00f1o del cartucho: 400 ml  Mixing Ratio: 4:1  Para usar con: Cartuchos de 400 ml de 2 piezas  Presentaci\u00f3n    N\u00ba de Parte Capacidad   15043 1 Unidad\" \/>\n<meta property=\"og:url\" content=\"https:\/\/tecnimport.com.pe\/web\/productos\/devcon-productos\/uretanos-reparacion-de-fajas-transportadoras\/flexane-manual-caulk-gun-400-ml-aplicador\/\" \/>\n<meta property=\"og:site_name\" content=\"TECNIMPORT S.A.\" \/>\n<meta property=\"article:modified_time\" content=\"2021-02-03T18:35:30+00:00\" \/>\n<meta property=\"og:image\" content=\"https:\/\/tecnimport.com.pe\/web\/wp-content\/uploads\/2018\/12\/DEVCON-15043-DEVCON-MANUAL-GUN-RATIO-4-1-15043.gif\" \/>\n\t<meta property=\"og:image:width\" content=\"1000\" \/>\n\t<meta property=\"og:image:height\" content=\"1000\" \/>\n\t<meta property=\"og:image:type\" content=\"image\/gif\" \/>\n<meta name=\"twitter:card\" content=\"summary_large_image\" \/>\n<meta name=\"twitter:label1\" content=\"Precio\" \/>\n\t<meta name=\"twitter:data1\" content=\"\" \/>\n\t<meta name=\"twitter:label2\" content=\"Disponibilidad\" \/>\n\t<meta name=\"twitter:data2\" content=\"Disponible\" \/>\n<script type=\"application\/ld+json\" class=\"yoast-schema-graph\">{\"@context\":\"https:\/\/schema.org\",\"@graph\":[{\"@type\":\"WebPage\",\"@id\":\"https:\/\/tecnimport.com.pe\/web\/productos\/devcon-productos\/uretanos-reparacion-de-fajas-transportadoras\/flexane-manual-caulk-gun-400-ml-aplicador\/\",\"url\":\"https:\/\/tecnimport.com.pe\/web\/productos\/devcon-productos\/uretanos-reparacion-de-fajas-transportadoras\/flexane-manual-caulk-gun-400-ml-aplicador\/\",\"name\":\"Devcon 15043 Flexane Manual Caulk Gun | Aplicador - TECNIMPORT S.A.\",\"isPartOf\":{\"@id\":\"https:\/\/tecnimport.com.pe\/web\/#website\"},\"primaryImageOfPage\":{\"@id\":\"https:\/\/tecnimport.com.pe\/web\/productos\/devcon-productos\/uretanos-reparacion-de-fajas-transportadoras\/flexane-manual-caulk-gun-400-ml-aplicador\/#primaryimage\"},\"image\":{\"@id\":\"https:\/\/tecnimport.com.pe\/web\/productos\/devcon-productos\/uretanos-reparacion-de-fajas-transportadoras\/flexane-manual-caulk-gun-400-ml-aplicador\/#primaryimage\"},\"thumbnailUrl\":\"https:\/\/tecnimport.com.pe\/web\/wp-content\/uploads\/2018\/12\/DEVCON-15043-DEVCON-MANUAL-GUN-RATIO-4-1-15043.gif\",\"datePublished\":\"2018-12-06T21:13:17+00:00\",\"dateModified\":\"2021-02-03T18:35:30+00:00\",\"breadcrumb\":{\"@id\":\"https:\/\/tecnimport.com.pe\/web\/productos\/devcon-productos\/uretanos-reparacion-de-fajas-transportadoras\/flexane-manual-caulk-gun-400-ml-aplicador\/#breadcrumb\"},\"inLanguage\":\"es\",\"potentialAction\":[{\"@type\":\"ReadAction\",\"target\":[\"https:\/\/tecnimport.com.pe\/web\/productos\/devcon-productos\/uretanos-reparacion-de-fajas-transportadoras\/flexane-manual-caulk-gun-400-ml-aplicador\/\"]}]},{\"@type\":\"ImageObject\",\"inLanguage\":\"es\",\"@id\":\"https:\/\/tecnimport.com.pe\/web\/productos\/devcon-productos\/uretanos-reparacion-de-fajas-transportadoras\/flexane-manual-caulk-gun-400-ml-aplicador\/#primaryimage\",\"url\":\"https:\/\/tecnimport.com.pe\/web\/wp-content\/uploads\/2018\/12\/DEVCON-15043-DEVCON-MANUAL-GUN-RATIO-4-1-15043.gif\",\"contentUrl\":\"https:\/\/tecnimport.com.pe\/web\/wp-content\/uploads\/2018\/12\/DEVCON-15043-DEVCON-MANUAL-GUN-RATIO-4-1-15043.gif\",\"width\":1000,\"height\":1000},{\"@type\":\"BreadcrumbList\",\"@id\":\"https:\/\/tecnimport.com.pe\/web\/productos\/devcon-productos\/uretanos-reparacion-de-fajas-transportadoras\/flexane-manual-caulk-gun-400-ml-aplicador\/#breadcrumb\",\"itemListElement\":[{\"@type\":\"ListItem\",\"position\":1,\"name\":\"Portada\",\"item\":\"https:\/\/tecnimport.com.pe\/web\/\"},{\"@type\":\"ListItem\",\"position\":2,\"name\":\"Productos\",\"item\":\"https:\/\/tecnimport.com.pe\/web\/productos-navigation\/\"},{\"@type\":\"ListItem\",\"position\":3,\"name\":\"Devcon 15043 Flexane Manual Caulk Gun | Aplicador\"}]},{\"@type\":\"WebSite\",\"@id\":\"https:\/\/tecnimport.com.pe\/web\/#website\",\"url\":\"https:\/\/tecnimport.com.pe\/web\/\",\"name\":\"TECNIMPORT S.A.\",\"description\":\"Representante de Devcon, LPS, Rocol y Procyon en el Per\u00fa\",\"publisher\":{\"@id\":\"https:\/\/tecnimport.com.pe\/web\/#organization\"},\"potentialAction\":[{\"@type\":\"SearchAction\",\"target\":{\"@type\":\"EntryPoint\",\"urlTemplate\":\"https:\/\/tecnimport.com.pe\/web\/?s={search_term_string}\"},\"query-input\":{\"@type\":\"PropertyValueSpecification\",\"valueRequired\":true,\"valueName\":\"search_term_string\"}}],\"inLanguage\":\"es\"},{\"@type\":\"Organization\",\"@id\":\"https:\/\/tecnimport.com.pe\/web\/#organization\",\"name\":\"Tecnimport S.A\",\"url\":\"https:\/\/tecnimport.com.pe\/web\/\",\"logo\":{\"@type\":\"ImageObject\",\"inLanguage\":\"es\",\"@id\":\"https:\/\/tecnimport.com.pe\/web\/#\/schema\/logo\/image\/\",\"url\":\"https:\/\/tecnimport.com.pe\/web\/wp-content\/uploads\/2020\/03\/logo_tecnimport.png\",\"contentUrl\":\"https:\/\/tecnimport.com.pe\/web\/wp-content\/uploads\/2020\/03\/logo_tecnimport.png\",\"width\":367,\"height\":49,\"caption\":\"Tecnimport S.A\"},\"image\":{\"@id\":\"https:\/\/tecnimport.com.pe\/web\/#\/schema\/logo\/image\/\"}}]}<\/script>\n<meta property=\"product:price:amount\" content=\"0.00\" \/>\n<meta property=\"product:price:currency\" content=\"USD\" \/>\n<meta property=\"og:availability\" content=\"instock\" \/>\n<meta property=\"product:availability\" content=\"instock\" \/>\n<meta property=\"product:condition\" content=\"new\" \/>\n<!-- \/ Yoast SEO plugin. -->","yoast_head_json":{"title":"Devcon 15043 Flexane Manual Caulk Gun | Aplicador - TECNIMPORT S.A.","robots":{"index":"index","follow":"follow","max-snippet":"max-snippet:-1","max-image-preview":"max-image-preview:large","max-video-preview":"max-video-preview:-1"},"canonical":"https:\/\/tecnimport.com.pe\/web\/productos\/devcon-productos\/uretanos-reparacion-de-fajas-transportadoras\/flexane-manual-caulk-gun-400-ml-aplicador\/","og_locale":"es_ES","og_type":"article","og_title":"Devcon 15043 Flexane Manual Caulk Gun | Aplicador - TECNIMPORT S.A.","og_description":"Flexane Manual Caulk Gun - 400 ml Aplicador Flexane Manual Caulk Gun - 400 m | Devcon\u00a015043   Caracter\u00edsticas   Tipo: Manual  Tama\u00f1o del cartucho: 400 ml  Mixing Ratio: 4:1  Para usar con: Cartuchos de 400 ml de 2 piezas  Presentaci\u00f3n    N\u00ba de Parte Capacidad   15043 1 Unidad","og_url":"https:\/\/tecnimport.com.pe\/web\/productos\/devcon-productos\/uretanos-reparacion-de-fajas-transportadoras\/flexane-manual-caulk-gun-400-ml-aplicador\/","og_site_name":"TECNIMPORT S.A.","article_modified_time":"2021-02-03T18:35:30+00:00","og_image":[{"width":1000,"height":1000,"url":"https:\/\/tecnimport.com.pe\/web\/wp-content\/uploads\/2018\/12\/DEVCON-15043-DEVCON-MANUAL-GUN-RATIO-4-1-15043.gif","type":"image\/gif"}],"twitter_card":"summary_large_image","twitter_misc":{"Precio":"","Disponibilidad":"Disponible"},"schema":{"@context":"https:\/\/schema.org","@graph":[{"@type":"WebPage","@id":"https:\/\/tecnimport.com.pe\/web\/productos\/devcon-productos\/uretanos-reparacion-de-fajas-transportadoras\/flexane-manual-caulk-gun-400-ml-aplicador\/","url":"https:\/\/tecnimport.com.pe\/web\/productos\/devcon-productos\/uretanos-reparacion-de-fajas-transportadoras\/flexane-manual-caulk-gun-400-ml-aplicador\/","name":"Devcon 15043 Flexane Manual Caulk Gun | Aplicador - TECNIMPORT S.A.","isPartOf":{"@id":"https:\/\/tecnimport.com.pe\/web\/#website"},"primaryImageOfPage":{"@id":"https:\/\/tecnimport.com.pe\/web\/productos\/devcon-productos\/uretanos-reparacion-de-fajas-transportadoras\/flexane-manual-caulk-gun-400-ml-aplicador\/#primaryimage"},"image":{"@id":"https:\/\/tecnimport.com.pe\/web\/productos\/devcon-productos\/uretanos-reparacion-de-fajas-transportadoras\/flexane-manual-caulk-gun-400-ml-aplicador\/#primaryimage"},"thumbnailUrl":"https:\/\/tecnimport.com.pe\/web\/wp-content\/uploads\/2018\/12\/DEVCON-15043-DEVCON-MANUAL-GUN-RATIO-4-1-15043.gif","datePublished":"2018-12-06T21:13:17+00:00","dateModified":"2021-02-03T18:35:30+00:00","breadcrumb":{"@id":"https:\/\/tecnimport.com.pe\/web\/productos\/devcon-productos\/uretanos-reparacion-de-fajas-transportadoras\/flexane-manual-caulk-gun-400-ml-aplicador\/#breadcrumb"},"inLanguage":"es","potentialAction":[{"@type":"ReadAction","target":["https:\/\/tecnimport.com.pe\/web\/productos\/devcon-productos\/uretanos-reparacion-de-fajas-transportadoras\/flexane-manual-caulk-gun-400-ml-aplicador\/"]}]},{"@type":"ImageObject","inLanguage":"es","@id":"https:\/\/tecnimport.com.pe\/web\/productos\/devcon-productos\/uretanos-reparacion-de-fajas-transportadoras\/flexane-manual-caulk-gun-400-ml-aplicador\/#primaryimage","url":"https:\/\/tecnimport.com.pe\/web\/wp-content\/uploads\/2018\/12\/DEVCON-15043-DEVCON-MANUAL-GUN-RATIO-4-1-15043.gif","contentUrl":"https:\/\/tecnimport.com.pe\/web\/wp-content\/uploads\/2018\/12\/DEVCON-15043-DEVCON-MANUAL-GUN-RATIO-4-1-15043.gif","width":1000,"height":1000},{"@type":"BreadcrumbList","@id":"https:\/\/tecnimport.com.pe\/web\/productos\/devcon-productos\/uretanos-reparacion-de-fajas-transportadoras\/flexane-manual-caulk-gun-400-ml-aplicador\/#breadcrumb","itemListElement":[{"@type":"ListItem","position":1,"name":"Portada","item":"https:\/\/tecnimport.com.pe\/web\/"},{"@type":"ListItem","position":2,"name":"Productos","item":"https:\/\/tecnimport.com.pe\/web\/productos-navigation\/"},{"@type":"ListItem","position":3,"name":"Devcon 15043 Flexane Manual Caulk Gun | Aplicador"}]},{"@type":"WebSite","@id":"https:\/\/tecnimport.com.pe\/web\/#website","url":"https:\/\/tecnimport.com.pe\/web\/","name":"TECNIMPORT S.A.","description":"Representante de Devcon, LPS, Rocol y Procyon en el Per\u00fa","publisher":{"@id":"https:\/\/tecnimport.com.pe\/web\/#organization"},"potentialAction":[{"@type":"SearchAction","target":{"@type":"EntryPoint","urlTemplate":"https:\/\/tecnimport.com.pe\/web\/?s={search_term_string}"},"query-input":{"@type":"PropertyValueSpecification","valueRequired":true,"valueName":"search_term_string"}}],"inLanguage":"es"},{"@type":"Organization","@id":"https:\/\/tecnimport.com.pe\/web\/#organization","name":"Tecnimport S.A","url":"https:\/\/tecnimport.com.pe\/web\/","logo":{"@type":"ImageObject","inLanguage":"es","@id":"https:\/\/tecnimport.com.pe\/web\/#\/schema\/logo\/image\/","url":"https:\/\/tecnimport.com.pe\/web\/wp-content\/uploads\/2020\/03\/logo_tecnimport.png","contentUrl":"https:\/\/tecnimport.com.pe\/web\/wp-content\/uploads\/2020\/03\/logo_tecnimport.png","width":367,"height":49,"caption":"Tecnimport S.A"},"image":{"@id":"https:\/\/tecnimport.com.pe\/web\/#\/schema\/logo\/image\/"}}]},"product_price_amount":"0.00","product_price_currency":"USD","og_availability":"instock","product_availability":"instock","product_condition":"new"},"_links":{"self":[{"href":"https:\/\/tecnimport.com.pe\/web\/wp-json\/wp\/v2\/product\/3769","targetHints":{"allow":["GET"]}}],"collection":[{"href":"https:\/\/tecnimport.com.pe\/web\/wp-json\/wp\/v2\/product"}],"about":[{"href":"https:\/\/tecnimport.com.pe\/web\/wp-json\/wp\/v2\/types\/product"}],"wp:featuredmedia":[{"embeddable":true,"href":"https:\/\/tecnimport.com.pe\/web\/wp-json\/wp\/v2\/media\/3759"}],"wp:attachment":[{"href":"https:\/\/tecnimport.com.pe\/web\/wp-json\/wp\/v2\/media?parent=3769"}],"wp:term":[{"taxonomy":"product_brand","embeddable":true,"href":"https:\/\/tecnimport.com.pe\/web\/wp-json\/wp\/v2\/product_brand?post=3769"},{"taxonomy":"product_cat","embeddable":true,"href":"https:\/\/tecnimport.com.pe\/web\/wp-json\/wp\/v2\/product_cat?post=3769"},{"taxonomy":"product_tag","embeddable":true,"href":"https:\/\/tecnimport.com.pe\/web\/wp-json\/wp\/v2\/product_tag?post=3769"}],"curies":[{"name":"wp","href":"https:\/\/api.w.org\/{rel}","templated":true}]}}