{"id":3767,"date":"2018-12-06T15:52:37","date_gmt":"2018-12-06T20:52:37","guid":{"rendered":"http:\/\/tecnimport.com.pe\/web\/productos\/devcon\/mix-nozzle-mark-5-gun-boquilla-mezclador\/"},"modified":"2021-02-03T14:31:14","modified_gmt":"2021-02-03T19:31:14","slug":"devcon-mix-nozzle-mark-5-gun","status":"publish","type":"product","link":"https:\/\/tecnimport.com.pe\/web\/productos\/devcon-productos\/adhesivos-apoxicos\/devcon-mix-nozzle-mark-5-gun\/","title":{"rendered":"Devcon 14285 Mix Nozzle Mark 5 Gun | Aplicador"},"content":{"rendered":"<h3>\u00a0MIX NOZZLE DEVCON MARK-5 SYSTEM<\/h3>\n<table class=\"spectable\" width=\"100%\">\n<tbody>\n<tr>\n<td>Longitud:<\/td>\n<td>6.02&#8243;<\/td>\n<\/tr>\n<tr>\n<td>Di\u00e1metro interno:<\/td>\n<td>0.248&#8243;<\/td>\n<\/tr>\n<tr>\n<td>Proporci\u00f3n de mezcla:<\/td>\n<td>1:1\/10:1<\/td>\n<\/tr>\n<tr>\n<td>Di\u00e1metro exterior:<\/td>\n<td>0.339&#8243;<\/td>\n<\/tr>\n<tr>\n<td>Cantidad de paquetes:<\/td>\n<td>1\/Pkg<\/td>\n<\/tr>\n<tr>\n<td>Cantidad:<\/td>\n<td>1<\/td>\n<\/tr>\n<tr>\n<td>Volumen:<\/td>\n<td>3.57 ML<\/td>\n<\/tr>\n<\/tbody>\n<\/table>\n","protected":false},"excerpt":{"rendered":"<h2><strong>MIX NOZZLE DEVCON MARK-5 SYSTEM<\/strong><\/h2>\n<h3><strong>Boquilla Mezcladora<\/strong><\/h3>\n<p><strong>MIX NOZZLE DEVCON MARK-5 SYSTEM | Devcon 14285\u00a0<\/strong><\/p>\n<p><strong class=\"sub_titulo\">Caracter\u00edsticas<\/strong><\/p>\n<ul>\n<li>Mezcla de forma autom\u00e1tica y completa los componentes adhesivos para su aplicaci\u00f3n.<\/li>\n<li>F\u00e1cil de cargar.<\/li>\n<li>6 \u00abde largo.<\/li>\n<li>\u00daselo con la pistola manual 14280 Mark 5 &#x2122; o con la pistola neum\u00e1tica 14275 Mark II &#x2122;.<\/li>\n<\/ul>\n<p><strong class=\"sub_titulo\">Presentaci\u00f3n<\/strong><\/p>\n<table style=\"height: 132px;\" width=\"245\">\n<tbody>\n<tr>\n<td><strong>N\u00ba de Parte<\/strong><\/td>\n<td><strong>Capacidad<\/strong><\/td>\n<\/tr>\n<tr>\n<td>14285<\/td>\n<td>1 Unidad<\/td>\n<\/tr>\n<\/tbody>\n<\/table>\n<p>&nbsp;<\/p>\n","protected":false},"featured_media":3758,"template":"","meta":[],"product_brand":[],"product_cat":[206,224],"product_tag":[],"class_list":{"0":"post-3767","1":"product","2":"type-product","3":"status-publish","4":"has-post-thumbnail","6":"product_cat-devcon-productos","7":"product_cat-adhesivos-apoxicos","9":"first","10":"instock","11":"shipping-taxable","12":"product-type-simple"},"yoast_head":"<!-- This site is optimized with the Yoast SEO plugin v26.9 - https:\/\/yoast.com\/product\/yoast-seo-wordpress\/ -->\n<title>Devcon 14285 Mix Nozzle Mark 5 Gun | Aplicador - TECNIMPORT S.A.<\/title>\n<meta name=\"robots\" content=\"index, follow, max-snippet:-1, max-image-preview:large, max-video-preview:-1\" \/>\n<link rel=\"canonical\" href=\"https:\/\/tecnimport.com.pe\/web\/productos\/devcon-productos\/adhesivos-apoxicos\/devcon-mix-nozzle-mark-5-gun\/\" \/>\n<meta property=\"og:locale\" content=\"es_ES\" \/>\n<meta property=\"og:type\" content=\"article\" \/>\n<meta property=\"og:title\" content=\"Devcon 14285 Mix Nozzle Mark 5 Gun | Aplicador - TECNIMPORT S.A.\" \/>\n<meta property=\"og:description\" content=\"MIX NOZZLE DEVCON MARK-5 SYSTEM Boquilla Mezcladora MIX NOZZLE DEVCON MARK-5 SYSTEM | Devcon 14285\u00a0  Caracter\u00edsticas   Mezcla de forma autom\u00e1tica y completa los componentes adhesivos para su aplicaci\u00f3n.  F\u00e1cil de cargar.  6 &quot;de largo.  \u00daselo con la pistola manual 14280 Mark 5 &#x2122; o con la pistola neum\u00e1tica 14275 Mark II &#x2122;.  Presentaci\u00f3n    N\u00ba de Parte Capacidad   14285 1 Unidad    &nbsp;\" \/>\n<meta property=\"og:url\" content=\"https:\/\/tecnimport.com.pe\/web\/productos\/devcon-productos\/adhesivos-apoxicos\/devcon-mix-nozzle-mark-5-gun\/\" \/>\n<meta property=\"og:site_name\" content=\"TECNIMPORT S.A.\" \/>\n<meta property=\"article:modified_time\" content=\"2021-02-03T19:31:14+00:00\" \/>\n<meta property=\"og:image\" content=\"https:\/\/tecnimport.com.pe\/web\/wp-content\/uploads\/2018\/12\/DEVCON-14285-DEVCON-MARK-5-MIX-NOZZLE-14285.gif\" \/>\n\t<meta property=\"og:image:width\" content=\"1000\" \/>\n\t<meta property=\"og:image:height\" content=\"1000\" \/>\n\t<meta property=\"og:image:type\" content=\"image\/gif\" \/>\n<meta name=\"twitter:card\" content=\"summary_large_image\" \/>\n<meta name=\"twitter:label1\" content=\"Precio\" \/>\n\t<meta name=\"twitter:data1\" content=\"\" \/>\n\t<meta name=\"twitter:label2\" content=\"Disponibilidad\" \/>\n\t<meta name=\"twitter:data2\" content=\"Disponible\" \/>\n<script type=\"application\/ld+json\" class=\"yoast-schema-graph\">{\"@context\":\"https:\/\/schema.org\",\"@graph\":[{\"@type\":\"WebPage\",\"@id\":\"https:\/\/tecnimport.com.pe\/web\/productos\/devcon-productos\/adhesivos-apoxicos\/devcon-mix-nozzle-mark-5-gun\/\",\"url\":\"https:\/\/tecnimport.com.pe\/web\/productos\/devcon-productos\/adhesivos-apoxicos\/devcon-mix-nozzle-mark-5-gun\/\",\"name\":\"Devcon 14285 Mix Nozzle Mark 5 Gun | Aplicador - TECNIMPORT S.A.\",\"isPartOf\":{\"@id\":\"https:\/\/tecnimport.com.pe\/web\/#website\"},\"primaryImageOfPage\":{\"@id\":\"https:\/\/tecnimport.com.pe\/web\/productos\/devcon-productos\/adhesivos-apoxicos\/devcon-mix-nozzle-mark-5-gun\/#primaryimage\"},\"image\":{\"@id\":\"https:\/\/tecnimport.com.pe\/web\/productos\/devcon-productos\/adhesivos-apoxicos\/devcon-mix-nozzle-mark-5-gun\/#primaryimage\"},\"thumbnailUrl\":\"https:\/\/tecnimport.com.pe\/web\/wp-content\/uploads\/2018\/12\/DEVCON-14285-DEVCON-MARK-5-MIX-NOZZLE-14285.gif\",\"datePublished\":\"2018-12-06T20:52:37+00:00\",\"dateModified\":\"2021-02-03T19:31:14+00:00\",\"breadcrumb\":{\"@id\":\"https:\/\/tecnimport.com.pe\/web\/productos\/devcon-productos\/adhesivos-apoxicos\/devcon-mix-nozzle-mark-5-gun\/#breadcrumb\"},\"inLanguage\":\"es\",\"potentialAction\":[{\"@type\":\"ReadAction\",\"target\":[\"https:\/\/tecnimport.com.pe\/web\/productos\/devcon-productos\/adhesivos-apoxicos\/devcon-mix-nozzle-mark-5-gun\/\"]}]},{\"@type\":\"ImageObject\",\"inLanguage\":\"es\",\"@id\":\"https:\/\/tecnimport.com.pe\/web\/productos\/devcon-productos\/adhesivos-apoxicos\/devcon-mix-nozzle-mark-5-gun\/#primaryimage\",\"url\":\"https:\/\/tecnimport.com.pe\/web\/wp-content\/uploads\/2018\/12\/DEVCON-14285-DEVCON-MARK-5-MIX-NOZZLE-14285.gif\",\"contentUrl\":\"https:\/\/tecnimport.com.pe\/web\/wp-content\/uploads\/2018\/12\/DEVCON-14285-DEVCON-MARK-5-MIX-NOZZLE-14285.gif\",\"width\":1000,\"height\":1000},{\"@type\":\"BreadcrumbList\",\"@id\":\"https:\/\/tecnimport.com.pe\/web\/productos\/devcon-productos\/adhesivos-apoxicos\/devcon-mix-nozzle-mark-5-gun\/#breadcrumb\",\"itemListElement\":[{\"@type\":\"ListItem\",\"position\":1,\"name\":\"Portada\",\"item\":\"https:\/\/tecnimport.com.pe\/web\/\"},{\"@type\":\"ListItem\",\"position\":2,\"name\":\"Productos\",\"item\":\"https:\/\/tecnimport.com.pe\/web\/productos-navigation\/\"},{\"@type\":\"ListItem\",\"position\":3,\"name\":\"Devcon 14285 Mix Nozzle Mark 5 Gun | Aplicador\"}]},{\"@type\":\"WebSite\",\"@id\":\"https:\/\/tecnimport.com.pe\/web\/#website\",\"url\":\"https:\/\/tecnimport.com.pe\/web\/\",\"name\":\"TECNIMPORT S.A.\",\"description\":\"Representante de Devcon, LPS, Rocol y Procyon en el Per\u00fa\",\"publisher\":{\"@id\":\"https:\/\/tecnimport.com.pe\/web\/#organization\"},\"potentialAction\":[{\"@type\":\"SearchAction\",\"target\":{\"@type\":\"EntryPoint\",\"urlTemplate\":\"https:\/\/tecnimport.com.pe\/web\/?s={search_term_string}\"},\"query-input\":{\"@type\":\"PropertyValueSpecification\",\"valueRequired\":true,\"valueName\":\"search_term_string\"}}],\"inLanguage\":\"es\"},{\"@type\":\"Organization\",\"@id\":\"https:\/\/tecnimport.com.pe\/web\/#organization\",\"name\":\"Tecnimport S.A\",\"url\":\"https:\/\/tecnimport.com.pe\/web\/\",\"logo\":{\"@type\":\"ImageObject\",\"inLanguage\":\"es\",\"@id\":\"https:\/\/tecnimport.com.pe\/web\/#\/schema\/logo\/image\/\",\"url\":\"https:\/\/tecnimport.com.pe\/web\/wp-content\/uploads\/2020\/03\/logo_tecnimport.png\",\"contentUrl\":\"https:\/\/tecnimport.com.pe\/web\/wp-content\/uploads\/2020\/03\/logo_tecnimport.png\",\"width\":367,\"height\":49,\"caption\":\"Tecnimport S.A\"},\"image\":{\"@id\":\"https:\/\/tecnimport.com.pe\/web\/#\/schema\/logo\/image\/\"}}]}<\/script>\n<meta property=\"product:price:amount\" content=\"0.00\" \/>\n<meta property=\"product:price:currency\" content=\"USD\" \/>\n<meta property=\"og:availability\" content=\"instock\" \/>\n<meta property=\"product:availability\" content=\"instock\" \/>\n<meta property=\"product:condition\" content=\"new\" \/>\n<!-- \/ Yoast SEO plugin. -->","yoast_head_json":{"title":"Devcon 14285 Mix Nozzle Mark 5 Gun | Aplicador - TECNIMPORT S.A.","robots":{"index":"index","follow":"follow","max-snippet":"max-snippet:-1","max-image-preview":"max-image-preview:large","max-video-preview":"max-video-preview:-1"},"canonical":"https:\/\/tecnimport.com.pe\/web\/productos\/devcon-productos\/adhesivos-apoxicos\/devcon-mix-nozzle-mark-5-gun\/","og_locale":"es_ES","og_type":"article","og_title":"Devcon 14285 Mix Nozzle Mark 5 Gun | Aplicador - TECNIMPORT S.A.","og_description":"MIX NOZZLE DEVCON MARK-5 SYSTEM Boquilla Mezcladora MIX NOZZLE DEVCON MARK-5 SYSTEM | Devcon 14285\u00a0  Caracter\u00edsticas   Mezcla de forma autom\u00e1tica y completa los componentes adhesivos para su aplicaci\u00f3n.  F\u00e1cil de cargar.  6 \"de largo.  \u00daselo con la pistola manual 14280 Mark 5 &#x2122; o con la pistola neum\u00e1tica 14275 Mark II &#x2122;.  Presentaci\u00f3n    N\u00ba de Parte Capacidad   14285 1 Unidad    &nbsp;","og_url":"https:\/\/tecnimport.com.pe\/web\/productos\/devcon-productos\/adhesivos-apoxicos\/devcon-mix-nozzle-mark-5-gun\/","og_site_name":"TECNIMPORT S.A.","article_modified_time":"2021-02-03T19:31:14+00:00","og_image":[{"width":1000,"height":1000,"url":"https:\/\/tecnimport.com.pe\/web\/wp-content\/uploads\/2018\/12\/DEVCON-14285-DEVCON-MARK-5-MIX-NOZZLE-14285.gif","type":"image\/gif"}],"twitter_card":"summary_large_image","twitter_misc":{"Precio":"","Disponibilidad":"Disponible"},"schema":{"@context":"https:\/\/schema.org","@graph":[{"@type":"WebPage","@id":"https:\/\/tecnimport.com.pe\/web\/productos\/devcon-productos\/adhesivos-apoxicos\/devcon-mix-nozzle-mark-5-gun\/","url":"https:\/\/tecnimport.com.pe\/web\/productos\/devcon-productos\/adhesivos-apoxicos\/devcon-mix-nozzle-mark-5-gun\/","name":"Devcon 14285 Mix Nozzle Mark 5 Gun | Aplicador - TECNIMPORT S.A.","isPartOf":{"@id":"https:\/\/tecnimport.com.pe\/web\/#website"},"primaryImageOfPage":{"@id":"https:\/\/tecnimport.com.pe\/web\/productos\/devcon-productos\/adhesivos-apoxicos\/devcon-mix-nozzle-mark-5-gun\/#primaryimage"},"image":{"@id":"https:\/\/tecnimport.com.pe\/web\/productos\/devcon-productos\/adhesivos-apoxicos\/devcon-mix-nozzle-mark-5-gun\/#primaryimage"},"thumbnailUrl":"https:\/\/tecnimport.com.pe\/web\/wp-content\/uploads\/2018\/12\/DEVCON-14285-DEVCON-MARK-5-MIX-NOZZLE-14285.gif","datePublished":"2018-12-06T20:52:37+00:00","dateModified":"2021-02-03T19:31:14+00:00","breadcrumb":{"@id":"https:\/\/tecnimport.com.pe\/web\/productos\/devcon-productos\/adhesivos-apoxicos\/devcon-mix-nozzle-mark-5-gun\/#breadcrumb"},"inLanguage":"es","potentialAction":[{"@type":"ReadAction","target":["https:\/\/tecnimport.com.pe\/web\/productos\/devcon-productos\/adhesivos-apoxicos\/devcon-mix-nozzle-mark-5-gun\/"]}]},{"@type":"ImageObject","inLanguage":"es","@id":"https:\/\/tecnimport.com.pe\/web\/productos\/devcon-productos\/adhesivos-apoxicos\/devcon-mix-nozzle-mark-5-gun\/#primaryimage","url":"https:\/\/tecnimport.com.pe\/web\/wp-content\/uploads\/2018\/12\/DEVCON-14285-DEVCON-MARK-5-MIX-NOZZLE-14285.gif","contentUrl":"https:\/\/tecnimport.com.pe\/web\/wp-content\/uploads\/2018\/12\/DEVCON-14285-DEVCON-MARK-5-MIX-NOZZLE-14285.gif","width":1000,"height":1000},{"@type":"BreadcrumbList","@id":"https:\/\/tecnimport.com.pe\/web\/productos\/devcon-productos\/adhesivos-apoxicos\/devcon-mix-nozzle-mark-5-gun\/#breadcrumb","itemListElement":[{"@type":"ListItem","position":1,"name":"Portada","item":"https:\/\/tecnimport.com.pe\/web\/"},{"@type":"ListItem","position":2,"name":"Productos","item":"https:\/\/tecnimport.com.pe\/web\/productos-navigation\/"},{"@type":"ListItem","position":3,"name":"Devcon 14285 Mix Nozzle Mark 5 Gun | Aplicador"}]},{"@type":"WebSite","@id":"https:\/\/tecnimport.com.pe\/web\/#website","url":"https:\/\/tecnimport.com.pe\/web\/","name":"TECNIMPORT S.A.","description":"Representante de Devcon, LPS, Rocol y Procyon en el Per\u00fa","publisher":{"@id":"https:\/\/tecnimport.com.pe\/web\/#organization"},"potentialAction":[{"@type":"SearchAction","target":{"@type":"EntryPoint","urlTemplate":"https:\/\/tecnimport.com.pe\/web\/?s={search_term_string}"},"query-input":{"@type":"PropertyValueSpecification","valueRequired":true,"valueName":"search_term_string"}}],"inLanguage":"es"},{"@type":"Organization","@id":"https:\/\/tecnimport.com.pe\/web\/#organization","name":"Tecnimport S.A","url":"https:\/\/tecnimport.com.pe\/web\/","logo":{"@type":"ImageObject","inLanguage":"es","@id":"https:\/\/tecnimport.com.pe\/web\/#\/schema\/logo\/image\/","url":"https:\/\/tecnimport.com.pe\/web\/wp-content\/uploads\/2020\/03\/logo_tecnimport.png","contentUrl":"https:\/\/tecnimport.com.pe\/web\/wp-content\/uploads\/2020\/03\/logo_tecnimport.png","width":367,"height":49,"caption":"Tecnimport S.A"},"image":{"@id":"https:\/\/tecnimport.com.pe\/web\/#\/schema\/logo\/image\/"}}]},"product_price_amount":"0.00","product_price_currency":"USD","og_availability":"instock","product_availability":"instock","product_condition":"new"},"_links":{"self":[{"href":"https:\/\/tecnimport.com.pe\/web\/wp-json\/wp\/v2\/product\/3767","targetHints":{"allow":["GET"]}}],"collection":[{"href":"https:\/\/tecnimport.com.pe\/web\/wp-json\/wp\/v2\/product"}],"about":[{"href":"https:\/\/tecnimport.com.pe\/web\/wp-json\/wp\/v2\/types\/product"}],"wp:featuredmedia":[{"embeddable":true,"href":"https:\/\/tecnimport.com.pe\/web\/wp-json\/wp\/v2\/media\/3758"}],"wp:attachment":[{"href":"https:\/\/tecnimport.com.pe\/web\/wp-json\/wp\/v2\/media?parent=3767"}],"wp:term":[{"taxonomy":"product_brand","embeddable":true,"href":"https:\/\/tecnimport.com.pe\/web\/wp-json\/wp\/v2\/product_brand?post=3767"},{"taxonomy":"product_cat","embeddable":true,"href":"https:\/\/tecnimport.com.pe\/web\/wp-json\/wp\/v2\/product_cat?post=3767"},{"taxonomy":"product_tag","embeddable":true,"href":"https:\/\/tecnimport.com.pe\/web\/wp-json\/wp\/v2\/product_tag?post=3767"}],"curies":[{"name":"wp","href":"https:\/\/api.w.org\/{rel}","templated":true}]}}