{"id":3755,"date":"2018-12-06T15:18:27","date_gmt":"2018-12-06T20:18:27","guid":{"rendered":"http:\/\/tecnimport.com.pe\/web\/productos\/devcon\/mezclador-dfense-blok-power-with-paddle\/"},"modified":"2024-03-01T16:07:53","modified_gmt":"2024-03-01T21:07:53","slug":"mezcladora-de-wearing-devcon-power-mix","status":"publish","type":"product","link":"https:\/\/tecnimport.com.pe\/web\/productos\/devcon-productos\/wearing-compound\/mezcladora-de-wearing-devcon-power-mix\/","title":{"rendered":"<span class=\"t1\">Mezcladora de Wearing<\/span><br\/><span class=\"t2\"> Devcon Power Mix 11301<\/span>"},"content":{"rendered":"<div class=\"wpb-content-wrapper\"><p>[vc_row][vc_column][vc_row_inner][vc_column_inner][vc_column_text woodmart_inline=\u00bbno\u00bb text_larger=\u00bbno\u00bb]<span class=\"ocultar\">Mezcladora de Wearing<\/span><\/p>\n<h2>Devcon Power Mix 11301<\/h2>\n<p>[\/vc_column_text][\/vc_column_inner][\/vc_row_inner][vc_row_inner][vc_column_inner width=\u00bb1\/3&#8243;]\n\t\t<div id=\"wd-65e1ed2715805\" class=\"title-wrapper wd-wpb set-mb-s reset-last-child  wd-rs-65e1ed2715805 wd-title-color-default wd-title-style-default text-left  wd-underline-colored\">\n\t\t\t\n\t\t\t<div class=\"liner-continer\">\n\t\t\t\t<h4 class=\"woodmart-title-container title  wd-font-weight- wd-fontsize-l\" >Wearing Compound Secado R\u00e1pido<\/h4>\n\t\t\t\t\t\t\t<\/div>\n\t\t\t\n\t\t\t\n\t\t\t\n\t\t<\/div>\n\t\t\n\t\t[vc_column_text woodmart_inline=\u00bbno\u00bb text_larger=\u00bbno\u00bb]<strong class=\"ocultar\">Mezcladora de wearing<\/strong><\/p>\n<ul>\n<li>Equipo nuevamente en servico en menos de 90 minutos.<\/li>\n<li>Reduce ventanas de mantenimiento.<\/li>\n<li>Extremadamente resistente al desgaste.<\/li>\n<li>Reparaciones duraderas y menos tiempo de parada.<\/li>\n<li>Se adhiere facilmente a superficies h\u00famedas \u00f3 mojadas en metales, caucho,<br \/>\ncer\u00e1mica y cemento.<\/li>\n<li>Reforzado con 2 tama\u00f1os de esferas y carburo de silicio.<\/li>\n<li>Excelente adhesi\u00f3n a metal cer\u00e1mica, hormig\u00f3n, concreto y superficies h\u00famedas.<\/li>\n<li>Repara grandes fisuras en tub\u00e9rias de carb\u00f3n.<\/li>\n<li>Ideal para recubrimientos antiabrasivos en paradas de manteninimiento con tiempos reducidos.<\/li>\n<li>Temperatura de trabajo: Hasta 150\u00baC<\/li>\n<li>Ideal para grietas en grandes l\u00edneas de combustible de carb\u00f3n.<\/li>\n<li>Relleno de huecos: .25 \u00ab- 1.5\u00bb +<\/li>\n<li>Tama\u00f1o del kit facil de usar, adecuado para espacios reducidos, m\u00ednimo desperdicio.<\/li>\n<\/ul>\n<p>[\/vc_column_text][\/vc_column_inner][vc_column_inner width=\u00bb1\/3&#8243;]\n\t\t<div id=\"wd-65e1e3b8a575e\" class=\"title-wrapper wd-wpb set-mb-s reset-last-child  wd-rs-65e1e3b8a575e wd-title-color-default wd-title-style-default text-left  wd-underline-colored\">\n\t\t\t\n\t\t\t<div class=\"liner-continer\">\n\t\t\t\t<h4 class=\"woodmart-title-container title  wd-font-weight- wd-fontsize-l\" >Aplicaci\u00f3n<\/h4>\n\t\t\t\t\t\t\t<\/div>\n\t\t\t\n\t\t\t\n\t\t\t\n\t\t<\/div>\n\t\t\n\t\t[vc_column_text woodmart_inline=\u00bbno\u00bb text_larger=\u00bbno\u00bb]<span class=\"ocultar\">Wearing Compound Secado R\u00e1pido<\/span><br \/>\n<span class=\"ocultar\"><strong>Aplicaci\u00f3n<\/strong><\/span><\/p>\n<ul>\n<li><strong>Aplicaciones:<\/strong> Protege spools, codos, chutes, bombas, celdas de flotaci\u00f3n, ciclones, zarandas, etc<\/li>\n<li><strong>Aplicaci\u00f3n:<\/strong> Facil de mezclar y aplicar, no se pega a los guantes. <strong>NO ESCURRE<\/strong> en vertical, o sobre cabeza.<\/li>\n<\/ul>\n<p>[\/vc_column_text]\n\t\t<div id=\"wd-65e1e2d006e31\" class=\"title-wrapper wd-wpb set-mb-s reset-last-child  wd-rs-65e1e2d006e31 wd-title-color-default wd-title-style-default text-left  wd-underline-colored\">\n\t\t\t\n\t\t\t<div class=\"liner-continer\">\n\t\t\t\t<h4 class=\"woodmart-title-container title  wd-font-weight- wd-fontsize-l\" >Propiedades F\u00edsicas<\/h4>\n\t\t\t\t\t\t\t<\/div>\n\t\t\t\n\t\t\t\n\t\t\t\n\t\t<\/div>\n\t\t\n\t\t[vc_column_text woodmart_inline=\u00bbno\u00bb text_larger=\u00bbno\u00bb]<span class=\"ocultar\">Wearing Compound Secado R\u00e1pido<\/span><br \/>\n<strong class=\"ocultar\">Propiedades<\/strong><\/p>\n<table border=\"0\">\n<tbody>\n<tr>\n<td><\/td>\n<td>PROPORCI\u00d3N DE MEZCLA POR VOL\u00daMEN<\/td>\n<td><\/td>\n<td align=\"left\" valign=\"middle\">2:1<\/td>\n<\/tr>\n<tr>\n<td><\/td>\n<td>POT LIFE A 24\u00baC<\/td>\n<td><\/td>\n<td align=\"left\" valign=\"middle\">7 min<\/td>\n<\/tr>\n<tr>\n<td><\/td>\n<td>TEMPERATURA M\u00c1XIMA DE TRABAJO \u00baC<\/td>\n<td><\/td>\n<td align=\"left\" valign=\"middle\">150<\/td>\n<\/tr>\n<tr>\n<td><\/td>\n<td>RESISTENCIA\u00a0COMPRESIVA\u00a0(ASTM D695) psi<\/td>\n<td><\/td>\n<td align=\"left\" valign=\"middle\">11,000<\/td>\n<\/tr>\n<tr>\n<td><\/td>\n<td>DUREZA\u00a0SHORE D\u00a0(ASTM D2240)<\/td>\n<td><\/td>\n<td align=\"left\" valign=\"middle\">87<\/td>\n<\/tr>\n<tr>\n<td><\/td>\n<td>DUREZA\u00a0SHORE D\u00a0(ASTM D2240)<\/td>\n<td><\/td>\n<td align=\"left\" valign=\"middle\">87<\/td>\n<\/tr>\n<tr>\n<td><\/td>\n<td>COLOR<\/td>\n<td><\/td>\n<td align=\"left\" valign=\"middle\">Gris<\/td>\n<\/tr>\n<\/tbody>\n<\/table>\n<p>[\/vc_column_text]\n\t\t<div id=\"wd-65e1e3a760da7\" class=\"title-wrapper wd-wpb set-mb-s reset-last-child  wd-rs-65e1e3a760da7 wd-title-color-default wd-title-style-default text-left  wd-underline-colored\">\n\t\t\t\n\t\t\t<div class=\"liner-continer\">\n\t\t\t\t<h4 class=\"woodmart-title-container title  wd-font-weight- wd-fontsize-l\" >Presentaci\u00f3n<\/h4>\n\t\t\t\t\t\t\t<\/div>\n\t\t\t\n\t\t\t\n\t\t\t\n\t\t<\/div>\n\t\t\n\t\t[vc_column_text woodmart_inline=\u00bbno\u00bb text_larger=\u00bbno\u00bb]<\/p>\n<table style=\"height: 132px;\" width=\"245\">\n<tbody>\n<tr>\n<td><strong>N\u00ba de Parte<\/strong><\/td>\n<td><strong>Capacidad<\/strong><\/td>\n<\/tr>\n<tr>\n<td>11450<\/td>\n<td>9 lb.<\/td>\n<\/tr>\n<tr>\n<td>97450<\/td>\n<td>25 lb.<\/td>\n<\/tr>\n<\/tbody>\n<\/table>\n<p>[\/vc_column_text][\/vc_column_inner][vc_column_inner width=\u00bb1\/3&#8243;]\n\t\t<div id=\"wd-65e1e39bbcd09\" class=\"title-wrapper wd-wpb set-mb-s reset-last-child  wd-rs-65e1e39bbcd09 wd-title-color-default wd-title-style-default text-left  wd-underline-colored\">\n\t\t\t\n\t\t\t<div class=\"liner-continer\">\n\t\t\t\t<h4 class=\"woodmart-title-container title  wd-font-weight- wd-fontsize-l\" >Imagen<\/h4>\n\t\t\t\t\t\t\t<\/div>\n\t\t\t\n\t\t\t\n\t\t\t\n\t\t<\/div>\n\t\t\n\t\t[vc_single_image image=\u00bb5908&#8243; img_size=\u00bbfull\u00bb parallax_scroll=\u00bbno\u00bb woodmart_inline=\u00bbno\u00bb]\n\t\t<div id=\"wd-65e1e65e6f9ba\" class=\"title-wrapper wd-wpb set-mb-s reset-last-child  wd-rs-65e1e65e6f9ba wd-title-color-default wd-title-style-default text-left  wd-underline-colored\">\n\t\t\t\n\t\t\t<div class=\"liner-continer\">\n\t\t\t\t<h4 class=\"woodmart-title-container title  wd-font-weight- wd-fontsize-l\" >Marca<\/h4>\n\t\t\t\t\t\t\t<\/div>\n\t\t\t\n\t\t\t\n\t\t\t\n\t\t<\/div>\n\t\t\n\t\t[vc_column_text woodmart_inline=\u00bbno\u00bb text_larger=\u00bbno\u00bb]<\/p>\n<table style=\"height: 132px;\" width=\"245\">\n<tbody>\n<tr>\n<td><strong>Marca<\/strong><\/td>\n<td><a href=\"https:\/\/tecnimport.com.pe\/web\/devcon-peru\/\" target=\"_blank\" rel=\"noopener\"><strong>Devcon<\/strong><\/a><\/td>\n<\/tr>\n<\/tbody>\n<\/table>\n<p>[\/vc_column_text]\n\t\t<div id=\"wd-65e1e49a8e907\" class=\"title-wrapper wd-wpb set-mb-s reset-last-child  wd-rs-65e1e49a8e907 wd-title-color-default wd-title-style-default text-left  wd-underline-colored\">\n\t\t\t\n\t\t\t<div class=\"liner-continer\">\n\t\t\t\t<h4 class=\"woodmart-title-container title  wd-font-weight- wd-fontsize-l\" >TDS &amp; MSDS<\/h4>\n\t\t\t\t\t\t\t<\/div>\n\t\t\t\n\t\t\t\n\t\t\t\n\t\t<\/div>\n\t\t\n\t\t[vc_column_text woodmart_inline=\u00bbno\u00bb text_larger=\u00bbno\u00bb]<\/p>\n<table style=\"height: 132px;\" width=\"245\">\n<tbody>\n<tr>\n<td><strong>Concepto<\/strong><\/td>\n<td><strong>Link<\/strong><\/td>\n<\/tr>\n<tr>\n<td>Ficha T\u00e9cnica (TDS)<\/td>\n<td><a href=\"https:\/\/tecnimport.com.pe\/web\/wp-content\/uploads\/2024\/03\/DEVCON-11450-DEVCON-COMBO-WEAR-FC-TDS-WEARING-COMPOUND-SECADO-RAPIDO.pdf\" target=\"_blank\" rel=\"noopener\">Ver Documento<\/a><\/td>\n<\/tr>\n<tr>\n<td>Hoja de Seguridad (MSDS)<\/td>\n<td>Ver Documento<\/td>\n<\/tr>\n<tr>\n<td>M\u00e1s Informaci\u00f3n<\/td>\n<td><a href=\"https:\/\/tecnimport.com.pe\/web\/wp-content\/uploads\/2024\/03\/ComboWear_FC_11450_97450.pdf\" target=\"_blank\" rel=\"noopener\">Ver Documento<\/a><\/td>\n<\/tr>\n<\/tbody>\n<\/table>\n<p>[\/vc_column_text][\/vc_column_inner][\/vc_row_inner][vc_row_inner][vc_column_inner width=\u00bb1\/3&#8243;]\n\t\t<div id=\"wd-65e1e2941a59c\" class=\"title-wrapper wd-wpb set-mb-s reset-last-child  wd-rs-65e1e2941a59c wd-title-color-default wd-title-style-default text-left  wd-underline-colored\">\n\t\t\t\n\t\t\t<div class=\"liner-continer\">\n\t\t\t\t<h4 class=\"woodmart-title-container title  wd-font-weight- wd-fontsize-l\" >Productos Relacionado<\/h4>\n\t\t\t\t\t\t\t<\/div>\n\t\t\t\n\t\t\t\n\t\t\t\n\t\t<\/div>\n\t\t\n\t\t[vc_column_text woodmart_inline=\u00bbno\u00bb text_larger=\u00bbno\u00bb]<\/p>\n<h4>Otros Wearing<\/h4>\n<ul>\n<li><a href=\"https:\/\/tecnimport.com.pe\/web\/productos\/devcon-productos\/wearing-compound\/wear-guard-fine-load-resina-epoxica-antibrasiva-de-carga-fina\/\" target=\"_blank\" rel=\"noopener\">Wearing Carga Fina (Devcon Wear Guard Fine Load)<\/a><\/li>\n<li><a href=\"https:\/\/tecnimport.com.pe\/web\/productos\/devcon-productos\/wearing-compound\/mezclador-dfense-blok-power-with-paddle\/\" target=\"_blank\" rel=\"noopener\">Mezcladora de Wearing en balde (Devon Power Mixer)<\/a><\/li>\n<li><a href=\"https:\/\/tecnimport.com.pe\/web\/productos\/devcon-productos\/wearing-compound\/wea-guard-high-load-resina-epoxica-antiabrasiva-de-alta-carga\/\">Wearing Carga Gruesa (Devcon Wear Guard High Load)<\/a><\/li>\n<li><a href=\"https:\/\/tecnimport.com.pe\/web\/productos\/devcon-productos\/wearing-compound\/dfense-blok-compuestos-antiabrasivos-resistentes-a-golpes-e-impactos\/\" target=\"_blank\" rel=\"noopener\">Wearing Resisnte a Impacto Extremo ( Devcon Wear Guard Dfense blok)<\/a><\/li>\n<li><a href=\"https:\/\/tecnimport.com.pe\/web\/productos\/devcon-productos\/wearing-compound\/dfense-blok-surface-wetting-agent-swa-compuestos-antiabrasivos-resistente-a-golpes-e-impactos-2\/\" target=\"_blank\" rel=\"noopener\">Primer para Mejorar Adhesi\u00f3n (Devon SWA)<\/a><\/li>\n<li><a href=\"https:\/\/tecnimport.com.pe\/web\/productos\/devcon-productos\/wearing-compound\/wearing-compound-secado-rapido\/\" target=\"_blank\" rel=\"noopener\">Wearing de Secado R\u00e1pido (Devcon ComboWaer FC)<\/a><\/li>\n<li>Weairng para Alta Temperaruta (Devcon Wear Guard 300RTC)<\/li>\n<\/ul>\n<p><!--more--> <!--more-->[\/vc_column_text][vc_column_text woodmart_inline=\u00bbno\u00bb text_larger=\u00bbno\u00bb]<\/p>\n<div class=\"ocultar\">\n<h4>Otros Wearing<\/h4>\n<ul>\n<li><a href=\"https:\/\/tecnimport.com.pe\/web\/productos\/devcon-productos\/wearing-compound\/wear-guard-fine-load-resina-epoxica-antibrasiva-de-carga-fina\/\" target=\"_blank\" rel=\"noopener\">Primero lugar Wearing Carga Fina (Devcon Wear Guard Fine Load)<\/a><\/li>\n<li><a href=\"https:\/\/tecnimport.com.pe\/web\/productos\/devcon-productos\/wearing-compound\/mezclador-dfense-blok-power-with-paddle\/\" target=\"_blank\" rel=\"noopener\">segundo Mezcladora de Wearing en balde (Devon Power Mixer)<\/a><\/li>\n<li><a href=\"https:\/\/tecnimport.com.pe\/web\/productos\/devcon-productos\/wearing-compound\/wea-guard-high-load-resina-epoxica-antiabrasiva-de-alta-carga\/\">tercero Wearing Carga Gruesa (Devcon Wear Guard High Load)<\/a><\/li>\n<li><a href=\"https:\/\/tecnimport.com.pe\/web\/productos\/devcon-productos\/wearing-compound\/dfense-blok-compuestos-antiabrasivos-resistentes-a-golpes-e-impactos\/\" target=\"_blank\" rel=\"noopener\">Por eso Wearing Resisnte a Impacto Extremo ( Devcon Wear Guard Dfense blok)<\/a><\/li>\n<li><a href=\"https:\/\/tecnimport.com.pe\/web\/productos\/devcon-productos\/wearing-compound\/dfense-blok-surface-wetting-agent-swa-compuestos-antiabrasivos-resistente-a-golpes-e-impactos-2\/\" target=\"_blank\" rel=\"noopener\">Dado que Primer para Mejorar Adhesi\u00f3n (Devon SWA)<\/a><\/li>\n<li><a href=\"https:\/\/tecnimport.com.pe\/web\/productos\/devcon-productos\/wearing-compound\/wearing-compound-secado-rapido\/\" target=\"_blank\" rel=\"noopener\">Seguido por Wearing de Secado R\u00e1pido (Devcon ComboWaer FC)<\/a><\/li>\n<li>Por ende, Weairng para Alta Temperaruta (Devcon Wear Guard 300RTC)<\/li>\n<li><a href=\"https:\/\/devcon.com\/\">Web devcon<\/a><\/li>\n<li>Finalmente Anti abrasivo<\/li>\n<\/ul>\n<\/div>\n<p>[\/vc_column_text][\/vc_column_inner][vc_column_inner width=\u00bb1\/3&#8243;][vc_single_image image=\u00bb5909&#8243; img_size=\u00bbfull\u00bb parallax_scroll=\u00bbno\u00bb woodmart_inline=\u00bbno\u00bb][\/vc_column_inner][vc_column_inner width=\u00bb1\/3&#8243;][vc_single_image image=\u00bb5910&#8243; img_size=\u00bbfull\u00bb parallax_scroll=\u00bbno\u00bb woodmart_inline=\u00bbno\u00bb][\/vc_column_inner][\/vc_row_inner][\/vc_column][\/vc_row]<\/p>\n<\/div>","protected":false},"excerpt":{"rendered":"<h2><strong>DFENSE BLOK POWER WITH PADDLE<\/strong><\/h2>\n<h3><strong>Mezclador DFense Blok <\/strong><\/h3>\n<p><strong>DEVCON DFENSE BLOK POWER WITH PADDLE | Devcon 11301\u00a0<\/strong> \u00a1La forma m\u00e1s f\u00e1cil y efectiva de mezclar a fondo Devcon\u00ae DFense Blok &#x2122; Wearing Compound!<\/p>\n<p><strong class=\"sub_titulo\">Caracter\u00edsticas<\/strong><\/p>\n<ul>\n<li>El motor hace girar el balde DFense Blok &#x2122; mientras que la paleta estacionaria mezcla resina y endurecedor.<\/li>\n<li>2 veces m\u00e1s r\u00e1pido que los mezcladores de estilo taladro.<\/li>\n<li>Pala de acero duradera con tres cuchillas para una mezcla completa.<\/li>\n<li>El dise\u00f1o port\u00e1til facilita el desplazamiento en el lugar de trabajo.<\/li>\n<li>Se enchufa en el tomacorriente est\u00e1ndar de 120V.<\/li>\n<\/ul>\n<p><strong class=\"sub_titulo\">Presentaci\u00f3n<\/strong><\/p>\n<table style=\"height: 132px;\" width=\"245\">\n<tbody>\n<tr>\n<td><strong>N\u00ba de Parte<\/strong><\/td>\n<td><strong>Capacidad<\/strong><\/td>\n<\/tr>\n<tr>\n<td>DEV11301<\/td>\n<td>1 Unidad<\/td>\n<\/tr>\n<\/tbody>\n<\/table>\n<p><a class=\"btn ft\" href=\"https:\/\/tecnimport.com.pe\/web\/wp-content\/uploads\/2021\/02\/DEVCON-11301-DFENSE-BLOK-POWER-WITH-PADDLE-FT.pdf\" target=\"_blank\" rel=\"noopener noreferrer\">Ficha T\u00e9cnica<\/a><\/p>\n","protected":false},"featured_media":5920,"template":"","meta":[],"product_brand":[],"product_cat":[206,221],"product_tag":[],"class_list":{"0":"post-3755","1":"product","2":"type-product","3":"status-publish","4":"has-post-thumbnail","6":"product_cat-devcon-productos","7":"product_cat-wearing-compound","9":"first","10":"instock","11":"shipping-taxable","12":"purchasable","13":"product-type-simple"},"yoast_head":"<!-- This site is optimized with the Yoast SEO plugin v26.9 - https:\/\/yoast.com\/product\/yoast-seo-wordpress\/ -->\n<title>Mezcladora de Wearing Devcon Power Mix 11301 - TECNIMPORT S.A.<\/title>\n<meta name=\"description\" content=\"Reduzca el tiempo de trabajo con la Mezcladora de Wearing Devcon Power Mixer 11301, aligera la carga y aumenta la velocidad.\" \/>\n<meta name=\"robots\" content=\"index, follow, max-snippet:-1, max-image-preview:large, max-video-preview:-1\" \/>\n<link rel=\"canonical\" href=\"https:\/\/tecnimport.com.pe\/web\/productos\/devcon-productos\/wearing-compound\/mezcladora-de-wearing-devcon-power-mix\/\" \/>\n<meta property=\"og:locale\" content=\"es_ES\" \/>\n<meta property=\"og:type\" content=\"article\" \/>\n<meta property=\"og:title\" content=\"Mezcladora de Wearing Devcon Power Mix 11301 - TECNIMPORT S.A.\" \/>\n<meta property=\"og:description\" content=\"Reduzca el tiempo de trabajo con la Mezcladora de Wearing Devcon Power Mixer 11301, aligera la carga y aumenta la velocidad.\" \/>\n<meta property=\"og:url\" content=\"https:\/\/tecnimport.com.pe\/web\/productos\/devcon-productos\/wearing-compound\/mezcladora-de-wearing-devcon-power-mix\/\" \/>\n<meta property=\"og:site_name\" content=\"TECNIMPORT S.A.\" \/>\n<meta property=\"article:modified_time\" content=\"2024-03-01T21:07:53+00:00\" \/>\n<meta property=\"og:image\" content=\"https:\/\/tecnimport.com.pe\/web\/wp-content\/uploads\/2018\/12\/DEVCON-11301-DFENSE-BLOK-POWER-WITH-PADDLE-MEZCLADOR.gif\" \/>\n\t<meta property=\"og:image:width\" content=\"1000\" \/>\n\t<meta property=\"og:image:height\" content=\"1000\" \/>\n\t<meta property=\"og:image:type\" content=\"image\/gif\" \/>\n<meta name=\"twitter:card\" content=\"summary_large_image\" \/>\n<meta name=\"twitter:label1\" content=\"Precio\" \/>\n\t<meta name=\"twitter:data1\" content=\"&#036;1.00\" \/>\n\t<meta name=\"twitter:label2\" content=\"Disponibilidad\" \/>\n\t<meta name=\"twitter:data2\" content=\"Disponible\" \/>\n<script type=\"application\/ld+json\" class=\"yoast-schema-graph\">{\"@context\":\"https:\/\/schema.org\",\"@graph\":[{\"@type\":\"WebPage\",\"@id\":\"https:\/\/tecnimport.com.pe\/web\/productos\/devcon-productos\/wearing-compound\/mezcladora-de-wearing-devcon-power-mix\/\",\"url\":\"https:\/\/tecnimport.com.pe\/web\/productos\/devcon-productos\/wearing-compound\/mezcladora-de-wearing-devcon-power-mix\/\",\"name\":\"Mezcladora de Wearing Devcon Power Mix 11301 - TECNIMPORT S.A.\",\"isPartOf\":{\"@id\":\"https:\/\/tecnimport.com.pe\/web\/#website\"},\"primaryImageOfPage\":{\"@id\":\"https:\/\/tecnimport.com.pe\/web\/productos\/devcon-productos\/wearing-compound\/mezcladora-de-wearing-devcon-power-mix\/#primaryimage\"},\"image\":{\"@id\":\"https:\/\/tecnimport.com.pe\/web\/productos\/devcon-productos\/wearing-compound\/mezcladora-de-wearing-devcon-power-mix\/#primaryimage\"},\"thumbnailUrl\":\"https:\/\/tecnimport.com.pe\/web\/wp-content\/uploads\/2018\/12\/DEVCON-11301-DFENSE-BLOK-POWER-WITH-PADDLE-MEZCLADOR.gif\",\"datePublished\":\"2018-12-06T20:18:27+00:00\",\"dateModified\":\"2024-03-01T21:07:53+00:00\",\"description\":\"Reduzca el tiempo de trabajo con la Mezcladora de Wearing Devcon Power Mixer 11301, aligera la carga y aumenta la velocidad.\",\"breadcrumb\":{\"@id\":\"https:\/\/tecnimport.com.pe\/web\/productos\/devcon-productos\/wearing-compound\/mezcladora-de-wearing-devcon-power-mix\/#breadcrumb\"},\"inLanguage\":\"es\",\"potentialAction\":[{\"@type\":\"ReadAction\",\"target\":[\"https:\/\/tecnimport.com.pe\/web\/productos\/devcon-productos\/wearing-compound\/mezcladora-de-wearing-devcon-power-mix\/\"]}]},{\"@type\":\"ImageObject\",\"inLanguage\":\"es\",\"@id\":\"https:\/\/tecnimport.com.pe\/web\/productos\/devcon-productos\/wearing-compound\/mezcladora-de-wearing-devcon-power-mix\/#primaryimage\",\"url\":\"https:\/\/tecnimport.com.pe\/web\/wp-content\/uploads\/2018\/12\/DEVCON-11301-DFENSE-BLOK-POWER-WITH-PADDLE-MEZCLADOR.gif\",\"contentUrl\":\"https:\/\/tecnimport.com.pe\/web\/wp-content\/uploads\/2018\/12\/DEVCON-11301-DFENSE-BLOK-POWER-WITH-PADDLE-MEZCLADOR.gif\",\"width\":1000,\"height\":1000},{\"@type\":\"BreadcrumbList\",\"@id\":\"https:\/\/tecnimport.com.pe\/web\/productos\/devcon-productos\/wearing-compound\/mezcladora-de-wearing-devcon-power-mix\/#breadcrumb\",\"itemListElement\":[{\"@type\":\"ListItem\",\"position\":1,\"name\":\"Portada\",\"item\":\"https:\/\/tecnimport.com.pe\/web\/\"},{\"@type\":\"ListItem\",\"position\":2,\"name\":\"Productos\",\"item\":\"https:\/\/tecnimport.com.pe\/web\/productos-navigation\/\"},{\"@type\":\"ListItem\",\"position\":3,\"name\":\"Mezcladora de Wearing Devcon Power Mix 11301\"}]},{\"@type\":\"WebSite\",\"@id\":\"https:\/\/tecnimport.com.pe\/web\/#website\",\"url\":\"https:\/\/tecnimport.com.pe\/web\/\",\"name\":\"TECNIMPORT S.A.\",\"description\":\"Representante de Devcon, LPS, Rocol y Procyon en el Per\u00fa\",\"publisher\":{\"@id\":\"https:\/\/tecnimport.com.pe\/web\/#organization\"},\"potentialAction\":[{\"@type\":\"SearchAction\",\"target\":{\"@type\":\"EntryPoint\",\"urlTemplate\":\"https:\/\/tecnimport.com.pe\/web\/?s={search_term_string}\"},\"query-input\":{\"@type\":\"PropertyValueSpecification\",\"valueRequired\":true,\"valueName\":\"search_term_string\"}}],\"inLanguage\":\"es\"},{\"@type\":\"Organization\",\"@id\":\"https:\/\/tecnimport.com.pe\/web\/#organization\",\"name\":\"Tecnimport S.A\",\"url\":\"https:\/\/tecnimport.com.pe\/web\/\",\"logo\":{\"@type\":\"ImageObject\",\"inLanguage\":\"es\",\"@id\":\"https:\/\/tecnimport.com.pe\/web\/#\/schema\/logo\/image\/\",\"url\":\"https:\/\/tecnimport.com.pe\/web\/wp-content\/uploads\/2020\/03\/logo_tecnimport.png\",\"contentUrl\":\"https:\/\/tecnimport.com.pe\/web\/wp-content\/uploads\/2020\/03\/logo_tecnimport.png\",\"width\":367,\"height\":49,\"caption\":\"Tecnimport S.A\"},\"image\":{\"@id\":\"https:\/\/tecnimport.com.pe\/web\/#\/schema\/logo\/image\/\"}}]}<\/script>\n<meta property=\"product:price:amount\" content=\"1.00\" \/>\n<meta property=\"product:price:currency\" content=\"USD\" \/>\n<meta property=\"og:availability\" content=\"instock\" \/>\n<meta property=\"product:availability\" content=\"instock\" \/>\n<meta property=\"product:retailer_item_id\" content=\"11301\" \/>\n<meta property=\"product:condition\" content=\"new\" \/>\n<!-- \/ Yoast SEO plugin. -->","yoast_head_json":{"title":"Mezcladora de Wearing Devcon Power Mix 11301 - TECNIMPORT S.A.","description":"Reduzca el tiempo de trabajo con la Mezcladora de Wearing Devcon Power Mixer 11301, aligera la carga y aumenta la velocidad.","robots":{"index":"index","follow":"follow","max-snippet":"max-snippet:-1","max-image-preview":"max-image-preview:large","max-video-preview":"max-video-preview:-1"},"canonical":"https:\/\/tecnimport.com.pe\/web\/productos\/devcon-productos\/wearing-compound\/mezcladora-de-wearing-devcon-power-mix\/","og_locale":"es_ES","og_type":"article","og_title":"Mezcladora de Wearing Devcon Power Mix 11301 - TECNIMPORT S.A.","og_description":"Reduzca el tiempo de trabajo con la Mezcladora de Wearing Devcon Power Mixer 11301, aligera la carga y aumenta la velocidad.","og_url":"https:\/\/tecnimport.com.pe\/web\/productos\/devcon-productos\/wearing-compound\/mezcladora-de-wearing-devcon-power-mix\/","og_site_name":"TECNIMPORT S.A.","article_modified_time":"2024-03-01T21:07:53+00:00","og_image":[{"width":1000,"height":1000,"url":"https:\/\/tecnimport.com.pe\/web\/wp-content\/uploads\/2018\/12\/DEVCON-11301-DFENSE-BLOK-POWER-WITH-PADDLE-MEZCLADOR.gif","type":"image\/gif"}],"twitter_card":"summary_large_image","twitter_misc":{"Precio":"&#36;1.00","Disponibilidad":"Disponible"},"schema":{"@context":"https:\/\/schema.org","@graph":[{"@type":"WebPage","@id":"https:\/\/tecnimport.com.pe\/web\/productos\/devcon-productos\/wearing-compound\/mezcladora-de-wearing-devcon-power-mix\/","url":"https:\/\/tecnimport.com.pe\/web\/productos\/devcon-productos\/wearing-compound\/mezcladora-de-wearing-devcon-power-mix\/","name":"Mezcladora de Wearing Devcon Power Mix 11301 - TECNIMPORT S.A.","isPartOf":{"@id":"https:\/\/tecnimport.com.pe\/web\/#website"},"primaryImageOfPage":{"@id":"https:\/\/tecnimport.com.pe\/web\/productos\/devcon-productos\/wearing-compound\/mezcladora-de-wearing-devcon-power-mix\/#primaryimage"},"image":{"@id":"https:\/\/tecnimport.com.pe\/web\/productos\/devcon-productos\/wearing-compound\/mezcladora-de-wearing-devcon-power-mix\/#primaryimage"},"thumbnailUrl":"https:\/\/tecnimport.com.pe\/web\/wp-content\/uploads\/2018\/12\/DEVCON-11301-DFENSE-BLOK-POWER-WITH-PADDLE-MEZCLADOR.gif","datePublished":"2018-12-06T20:18:27+00:00","dateModified":"2024-03-01T21:07:53+00:00","description":"Reduzca el tiempo de trabajo con la Mezcladora de Wearing Devcon Power Mixer 11301, aligera la carga y aumenta la velocidad.","breadcrumb":{"@id":"https:\/\/tecnimport.com.pe\/web\/productos\/devcon-productos\/wearing-compound\/mezcladora-de-wearing-devcon-power-mix\/#breadcrumb"},"inLanguage":"es","potentialAction":[{"@type":"ReadAction","target":["https:\/\/tecnimport.com.pe\/web\/productos\/devcon-productos\/wearing-compound\/mezcladora-de-wearing-devcon-power-mix\/"]}]},{"@type":"ImageObject","inLanguage":"es","@id":"https:\/\/tecnimport.com.pe\/web\/productos\/devcon-productos\/wearing-compound\/mezcladora-de-wearing-devcon-power-mix\/#primaryimage","url":"https:\/\/tecnimport.com.pe\/web\/wp-content\/uploads\/2018\/12\/DEVCON-11301-DFENSE-BLOK-POWER-WITH-PADDLE-MEZCLADOR.gif","contentUrl":"https:\/\/tecnimport.com.pe\/web\/wp-content\/uploads\/2018\/12\/DEVCON-11301-DFENSE-BLOK-POWER-WITH-PADDLE-MEZCLADOR.gif","width":1000,"height":1000},{"@type":"BreadcrumbList","@id":"https:\/\/tecnimport.com.pe\/web\/productos\/devcon-productos\/wearing-compound\/mezcladora-de-wearing-devcon-power-mix\/#breadcrumb","itemListElement":[{"@type":"ListItem","position":1,"name":"Portada","item":"https:\/\/tecnimport.com.pe\/web\/"},{"@type":"ListItem","position":2,"name":"Productos","item":"https:\/\/tecnimport.com.pe\/web\/productos-navigation\/"},{"@type":"ListItem","position":3,"name":"Mezcladora de Wearing Devcon Power Mix 11301"}]},{"@type":"WebSite","@id":"https:\/\/tecnimport.com.pe\/web\/#website","url":"https:\/\/tecnimport.com.pe\/web\/","name":"TECNIMPORT S.A.","description":"Representante de Devcon, LPS, Rocol y Procyon en el Per\u00fa","publisher":{"@id":"https:\/\/tecnimport.com.pe\/web\/#organization"},"potentialAction":[{"@type":"SearchAction","target":{"@type":"EntryPoint","urlTemplate":"https:\/\/tecnimport.com.pe\/web\/?s={search_term_string}"},"query-input":{"@type":"PropertyValueSpecification","valueRequired":true,"valueName":"search_term_string"}}],"inLanguage":"es"},{"@type":"Organization","@id":"https:\/\/tecnimport.com.pe\/web\/#organization","name":"Tecnimport S.A","url":"https:\/\/tecnimport.com.pe\/web\/","logo":{"@type":"ImageObject","inLanguage":"es","@id":"https:\/\/tecnimport.com.pe\/web\/#\/schema\/logo\/image\/","url":"https:\/\/tecnimport.com.pe\/web\/wp-content\/uploads\/2020\/03\/logo_tecnimport.png","contentUrl":"https:\/\/tecnimport.com.pe\/web\/wp-content\/uploads\/2020\/03\/logo_tecnimport.png","width":367,"height":49,"caption":"Tecnimport S.A"},"image":{"@id":"https:\/\/tecnimport.com.pe\/web\/#\/schema\/logo\/image\/"}}]},"product_price_amount":"1.00","product_price_currency":"USD","og_availability":"instock","product_availability":"instock","product_retailer_item_id":"11301","product_condition":"new"},"_links":{"self":[{"href":"https:\/\/tecnimport.com.pe\/web\/wp-json\/wp\/v2\/product\/3755","targetHints":{"allow":["GET"]}}],"collection":[{"href":"https:\/\/tecnimport.com.pe\/web\/wp-json\/wp\/v2\/product"}],"about":[{"href":"https:\/\/tecnimport.com.pe\/web\/wp-json\/wp\/v2\/types\/product"}],"wp:featuredmedia":[{"embeddable":true,"href":"https:\/\/tecnimport.com.pe\/web\/wp-json\/wp\/v2\/media\/5920"}],"wp:attachment":[{"href":"https:\/\/tecnimport.com.pe\/web\/wp-json\/wp\/v2\/media?parent=3755"}],"wp:term":[{"taxonomy":"product_brand","embeddable":true,"href":"https:\/\/tecnimport.com.pe\/web\/wp-json\/wp\/v2\/product_brand?post=3755"},{"taxonomy":"product_cat","embeddable":true,"href":"https:\/\/tecnimport.com.pe\/web\/wp-json\/wp\/v2\/product_cat?post=3755"},{"taxonomy":"product_tag","embeddable":true,"href":"https:\/\/tecnimport.com.pe\/web\/wp-json\/wp\/v2\/product_tag?post=3755"}],"curies":[{"name":"wp","href":"https:\/\/api.w.org\/{rel}","templated":true}]}}