{"id":3674,"date":"2018-11-22T14:06:27","date_gmt":"2018-11-22T19:06:27","guid":{"rendered":"http:\/\/tecnimport.com.pe\/web\/productos\/procyon\/solvente-industrial-dielectrico-mecanico\/"},"modified":"2025-01-07T10:23:01","modified_gmt":"2025-01-07T15:23:01","slug":"solvente-desengrasante-para-piezas-mecanicas","status":"publish","type":"product","link":"https:\/\/tecnimport.com.pe\/web\/productos\/procyon-labs\/desengrasantes-limpiadores-solventes\/solvente-desengrasante-para-piezas-mecanicas\/","title":{"rendered":"Solvo Cleaner 100 | Solvente Desengrasante"},"content":{"rendered":"<div class=\"wpb-content-wrapper\"><p>[vc_row][vc_column][vc_row_inner][vc_column_inner][vc_column_text woodmart_inline=\u00bbno\u00bb text_larger=\u00bbno\u00bb]<strong class=\"subtitulo_prod\">SOLVENTE DESENGRASANTE PARA LIMPIEZA DE PIEZAS MEC\u00c1NICAS<\/strong><\/p>\n<p><strong class=\"subtitulo_prod\">Presentaci\u00f3n &amp; Fichas<\/strong><\/p>\n<div class=\"table-container\">\n<table class=\"responsive-table\">\n<thead>\n<tr>\n<th style=\"text-align: center;\">N\u00ba de Parte<\/th>\n<th style=\"text-align: center;\">Capacidad<\/th>\n<th style=\"text-align: center;\">Envase<\/th>\n<th style=\"text-align: center;\"><i class=\"fas fa-download\"><\/i> TDS<\/th>\n<\/tr>\n<\/thead>\n<tbody>\n<tr>\n<td style=\"text-align: center;\">PR190405<\/td>\n<td style=\"text-align: center;\">5 gl<\/td>\n<td style=\"text-align: center;\">Balde<\/td>\n<td style=\"text-align: center;\"><a href=\"https:\/\/tecnimport.com.pe\/web\/wp-content\/uploads\/2019\/11\/PROCYON-SOLVO-CLEANER-100.pdf\" target=\"_blank\" rel=\"noopener\">Descargar<\/a><\/td>\n<\/tr>\n<tr>\n<td style=\"text-align: center;\">PR190455<\/td>\n<td style=\"text-align: center;\">55 gl<\/td>\n<td style=\"text-align: center;\">Cilindro<\/td>\n<td style=\"text-align: center;\"><a href=\"https:\/\/tecnimport.com.pe\/web\/wp-content\/uploads\/2019\/11\/PROCYON-SOLVO-CLEANER-100.pdf\" target=\"_blank\" rel=\"noopener\">Descargar<\/a><\/td>\n<\/tr>\n<\/tbody>\n<\/table>\n<\/div>\n<p>[\/vc_column_text][\/vc_column_inner][\/vc_row_inner][\/vc_column][\/vc_row][vc_row][vc_column width=\u00bb1\/3&#8243;][vc_column_text woodmart_inline=\u00bbno\u00bb text_larger=\u00bbno\u00bb]<strong class=\"subtitulo_prod\">Otras Caracter\u00edsticas<\/strong><\/p>\n<ul>\n<li>Compatible con equipos de lavado.<\/li>\n<li>Para use usa en motores ele\u0301ctricos y de combustio\u0301n.<\/li>\n<li>Limpia y desengrasa partes y piezas meca\u0301nicas contaminadas as\u00ed como\u00a0partes y piezas de vehi\u0301culos.<\/li>\n<li>Para los Sistema de engranajes.<\/li>\n<li>Para equipos y maquinarias pesadas.<\/li>\n<\/ul>\n<p>[\/vc_column_text][\/vc_column][vc_column width=\u00bb1\/3&#8243;][vc_column_text woodmart_inline=\u00bbno\u00bb text_larger=\u00bbno\u00bb]<strong class=\"subtitulo_prod\">Ventajas<\/strong><\/p>\n<ul>\n<li>Seca totalmente.<\/li>\n<li>Es biodegradable y de baja toxicidad.<\/li>\n<li>Alto punto de inflamabilidad, no ataca pintura, pl\u00e1sticos, ni a los acabados.<\/li>\n<li>No contiene solventes clorados ni arom\u00e1ticos.<\/li>\n<li>Contiene inhibidores de corrosi\u00f3n<\/li>\n<li>Solvente para Piezas Meca\u0301nicas<\/li>\n<\/ul>\n<p>[\/vc_column_text][\/vc_column][vc_column width=\u00bb1\/3&#8243;][vc_column_text css=\u00bb\u00bb woodmart_inline=\u00bbno\u00bb text_larger=\u00bbno\u00bb]<strong class=\"subtitulo_prod\">Aplicaci\u00f3n<\/strong><\/p>\n<ul>\n<li>El m\u00e9todo que se usar\u00e1 para la limpieza depender\u00e1 del estado y el tipo de equipo a limpiar, por eso sugerimos una limpieza manual previamente con escobillas y\/o aire comprimido.<\/li>\n<li>La aplicaci\u00f3n podr\u00e1 realizarse con herramientas manuales como: brocha, escobillas, trapos; etc.; aspersi\u00f3n con un pulverizador manual o de aire comprimido o por inmersi\u00f3n en tinas adecuadas.<\/li>\n<li>En equipos el\u00e9ctricos no se recomienda la reutilizaci\u00f3n del solvente porque al contaminarse podr\u00eda disminuir la capacidad de desengrasante.<\/li>\n<\/ul>\n<p>[\/vc_column_text][\/vc_column][\/vc_row][vc_row][vc_column width=\u00bb1\/3&#8243;][vc_column_text css=\u00bb\u00bb woodmart_inline=\u00bbno\u00bb text_larger=\u00bbno\u00bb]<strong class=\"subtitulo_prod\">Marca &amp; Fabricante<\/strong><\/p>\n<table class=\"table\">\n<tbody>\n<tr>\n<td>Marca<\/td>\n<td><strong>PROCYON<\/strong><\/td>\n<\/tr>\n<tr>\n<td>Fabricante<\/td>\n<td><strong>PROCYON LABS<\/strong><\/td>\n<\/tr>\n<\/tbody>\n<\/table>\n<p>[\/vc_column_text][\/vc_column][vc_column width=\u00bb1\/3&#8243;][vc_column_text woodmart_inline=\u00bbno\u00bb text_larger=\u00bbno\u00bb]<strong class=\"subtitulo_prod\">Aplicaci\u00f3n<\/strong>[\/vc_column_text][vc_single_image image=\u00bb6564&#8243; img_size=\u00bblarge\u00bb add_caption=\u00bbyes\u00bb alignment=\u00bbcenter\u00bb css=\u00bb\u00bb parallax_scroll=\u00bbno\u00bb woodmart_inline=\u00bbno\u00bb][\/vc_column][vc_column width=\u00bb1\/3&#8243;][\/vc_column][\/vc_row][vc_row][\/vc_row][vc_column][vc_column_text css=\u00bb\u00bb woodmart_inline=\u00bbno\u00bb text_larger=\u00bbno\u00bb]<strong class=\"subtitulo_prod\">Propiedades<\/strong><\/p>\n<table class=\"table\">\n<tbody>\n<tr>\n<td>Gravedad Espec\u00edfica<\/td>\n<td>0.761 (ASTM D-1298)<\/td>\n<\/tr>\n<tr>\n<td>Punto de Inflamaci\u00f3n<\/td>\n<td>&gt;40 \u00baC (ASTM D-93)<\/td>\n<\/tr>\n<tr>\n<td>Valor Kauri-Butanol<\/td>\n<td>&gt;42 KB (ASTM D-1130)<\/td>\n<\/tr>\n<tr>\n<td>Apariencia y olor<\/td>\n<td>L\u00edquido transparente, suave a c\u00edtrico.<\/td>\n<\/tr>\n<\/tbody>\n<\/table>\n<p>[\/vc_column_text][\/vc_column]<\/p>\n<\/div>","protected":false},"excerpt":{"rendered":"<h2 class=\"h2_subtitulo\"><i>SOLVENET DESENGRASANTE PARA LIMPIEZA DE PIEZAS MEC\u00c1NICAS<\/i><\/h2>\n<p><strong>\u00a0Procyon Solvo Cleaner 100<\/strong> es un solvente para piezas meca\u0301nicas porque el producto contiene inhibidor de corrosi\u00f3n a base de destilados del petro\u0301leo y de aceites esenciales naturales, de bajo contenido de compuestos aroma\u0301ticos, que le confiere la cualidad de ser un producto de baja toxicidad que posee un elevado grado de solvencia sobre las superficies sucias con grasas, aceites, ceras, gomas y otros contaminantes.<\/p>\n<p>Es por eso que el producto<strong> Procyon Solvo Cleaner 100<\/strong> tambie\u0301n es usado en equipos de lavado y de evaporacio\u0301n moderada lo que permite penetrar en partes inaccesibles de los equipos, asimismo, este producto se puede usar como un limpiador previo a un solvente diele\u0301ctrico en la limpieza de motores.<\/p>\n","protected":false},"featured_media":6565,"template":"","meta":[],"product_brand":[],"product_cat":[280,283],"product_tag":[289,661,658,659],"class_list":{"0":"post-3674","1":"product","2":"type-product","3":"status-publish","4":"has-post-thumbnail","6":"product_cat-procyon-labs","7":"product_cat-desengrasantes-limpiadores-solventes","8":"product_tag-limpiadores","9":"product_tag-solventes","10":"product_tag-solventes-desengrasantes","11":"product_tag-solventes-desengrasantes-para-piezas-mecanicas","13":"first","14":"instock","15":"shipping-taxable","16":"purchasable","17":"product-type-variable"},"yoast_head":"<!-- This site is optimized with the Yoast SEO plugin v26.9 - https:\/\/yoast.com\/product\/yoast-seo-wordpress\/ -->\n<title>Solvente Desengrasante para Piezas Meca\u0301nicas - TECNIMPORT S.A.<\/title>\n<meta name=\"description\" content=\"Solvente Desengrasante de Piezas Meca\u0301nicas, Posee inhibidor de corrosi\u00f3n,baja toxicidad, solvencia sobre superficies con grasas, aceites, ceras u otros.\" \/>\n<meta name=\"robots\" content=\"index, follow, max-snippet:-1, max-image-preview:large, max-video-preview:-1\" \/>\n<link rel=\"canonical\" href=\"https:\/\/tecnimport.com.pe\/web\/productos\/procyon-labs\/desengrasantes-limpiadores-solventes\/solvente-desengrasante-para-piezas-mecanicas\/\" \/>\n<meta property=\"og:locale\" content=\"es_ES\" \/>\n<meta property=\"og:type\" content=\"article\" \/>\n<meta property=\"og:title\" content=\"Solvente Desengrasante para Piezas Meca\u0301nicas - TECNIMPORT S.A.\" \/>\n<meta property=\"og:description\" content=\"Solvente Desengrasante de Piezas Meca\u0301nicas, Posee inhibidor de corrosi\u00f3n,baja toxicidad, solvencia sobre superficies con grasas, aceites, ceras u otros.\" \/>\n<meta property=\"og:url\" content=\"https:\/\/tecnimport.com.pe\/web\/productos\/procyon-labs\/desengrasantes-limpiadores-solventes\/solvente-desengrasante-para-piezas-mecanicas\/\" \/>\n<meta property=\"og:site_name\" content=\"TECNIMPORT S.A.\" \/>\n<meta property=\"article:modified_time\" content=\"2025-01-07T15:23:01+00:00\" \/>\n<meta property=\"og:image\" content=\"https:\/\/tecnimport.com.pe\/web\/wp-content\/uploads\/2018\/11\/Solvente-desengrasante-de-piezas-mecanicas-solvo-cleaner-100-tecnimport-producto.gif\" \/>\n\t<meta property=\"og:image:width\" content=\"1000\" \/>\n\t<meta property=\"og:image:height\" content=\"1000\" \/>\n\t<meta property=\"og:image:type\" content=\"image\/gif\" \/>\n<meta name=\"twitter:card\" content=\"summary_large_image\" \/>\n<meta name=\"twitter:label1\" content=\"Disponibilidad\" \/>\n\t<meta name=\"twitter:data1\" content=\"Disponible\" \/>\n<script type=\"application\/ld+json\" class=\"yoast-schema-graph\">{\"@context\":\"https:\/\/schema.org\",\"@graph\":[{\"@type\":\"WebPage\",\"@id\":\"https:\/\/tecnimport.com.pe\/web\/productos\/procyon-labs\/desengrasantes-limpiadores-solventes\/solvente-desengrasante-para-piezas-mecanicas\/\",\"url\":\"https:\/\/tecnimport.com.pe\/web\/productos\/procyon-labs\/desengrasantes-limpiadores-solventes\/solvente-desengrasante-para-piezas-mecanicas\/\",\"name\":\"Solvente Desengrasante para Piezas Meca\u0301nicas - TECNIMPORT S.A.\",\"isPartOf\":{\"@id\":\"https:\/\/tecnimport.com.pe\/web\/#website\"},\"primaryImageOfPage\":{\"@id\":\"https:\/\/tecnimport.com.pe\/web\/productos\/procyon-labs\/desengrasantes-limpiadores-solventes\/solvente-desengrasante-para-piezas-mecanicas\/#primaryimage\"},\"image\":{\"@id\":\"https:\/\/tecnimport.com.pe\/web\/productos\/procyon-labs\/desengrasantes-limpiadores-solventes\/solvente-desengrasante-para-piezas-mecanicas\/#primaryimage\"},\"thumbnailUrl\":\"https:\/\/tecnimport.com.pe\/web\/wp-content\/uploads\/2018\/11\/Solvente-desengrasante-de-piezas-mecanicas-solvo-cleaner-100-tecnimport-producto.gif\",\"datePublished\":\"2018-11-22T19:06:27+00:00\",\"dateModified\":\"2025-01-07T15:23:01+00:00\",\"description\":\"Solvente Desengrasante de Piezas Meca\u0301nicas, Posee inhibidor de corrosi\u00f3n,baja toxicidad, solvencia sobre superficies con grasas, aceites, ceras u otros.\",\"breadcrumb\":{\"@id\":\"https:\/\/tecnimport.com.pe\/web\/productos\/procyon-labs\/desengrasantes-limpiadores-solventes\/solvente-desengrasante-para-piezas-mecanicas\/#breadcrumb\"},\"inLanguage\":\"es\",\"potentialAction\":[{\"@type\":\"ReadAction\",\"target\":[\"https:\/\/tecnimport.com.pe\/web\/productos\/procyon-labs\/desengrasantes-limpiadores-solventes\/solvente-desengrasante-para-piezas-mecanicas\/\"]}]},{\"@type\":\"ImageObject\",\"inLanguage\":\"es\",\"@id\":\"https:\/\/tecnimport.com.pe\/web\/productos\/procyon-labs\/desengrasantes-limpiadores-solventes\/solvente-desengrasante-para-piezas-mecanicas\/#primaryimage\",\"url\":\"https:\/\/tecnimport.com.pe\/web\/wp-content\/uploads\/2018\/11\/Solvente-desengrasante-de-piezas-mecanicas-solvo-cleaner-100-tecnimport-producto.gif\",\"contentUrl\":\"https:\/\/tecnimport.com.pe\/web\/wp-content\/uploads\/2018\/11\/Solvente-desengrasante-de-piezas-mecanicas-solvo-cleaner-100-tecnimport-producto.gif\",\"width\":1000,\"height\":1000,\"caption\":\"Solvente-desengrasante-de-piezas-mecanicas-solvo-cleaner-100-tecnimport\"},{\"@type\":\"BreadcrumbList\",\"@id\":\"https:\/\/tecnimport.com.pe\/web\/productos\/procyon-labs\/desengrasantes-limpiadores-solventes\/solvente-desengrasante-para-piezas-mecanicas\/#breadcrumb\",\"itemListElement\":[{\"@type\":\"ListItem\",\"position\":1,\"name\":\"Portada\",\"item\":\"https:\/\/tecnimport.com.pe\/web\/\"},{\"@type\":\"ListItem\",\"position\":2,\"name\":\"Productos\",\"item\":\"https:\/\/tecnimport.com.pe\/web\/productos-navigation\/\"},{\"@type\":\"ListItem\",\"position\":3,\"name\":\"Solvo Cleaner 100 | Solvente Desengrasante\"}]},{\"@type\":\"WebSite\",\"@id\":\"https:\/\/tecnimport.com.pe\/web\/#website\",\"url\":\"https:\/\/tecnimport.com.pe\/web\/\",\"name\":\"TECNIMPORT S.A.\",\"description\":\"Representante de Devcon, LPS, Rocol y Procyon en el Per\u00fa\",\"publisher\":{\"@id\":\"https:\/\/tecnimport.com.pe\/web\/#organization\"},\"potentialAction\":[{\"@type\":\"SearchAction\",\"target\":{\"@type\":\"EntryPoint\",\"urlTemplate\":\"https:\/\/tecnimport.com.pe\/web\/?s={search_term_string}\"},\"query-input\":{\"@type\":\"PropertyValueSpecification\",\"valueRequired\":true,\"valueName\":\"search_term_string\"}}],\"inLanguage\":\"es\"},{\"@type\":\"Organization\",\"@id\":\"https:\/\/tecnimport.com.pe\/web\/#organization\",\"name\":\"Tecnimport S.A\",\"url\":\"https:\/\/tecnimport.com.pe\/web\/\",\"logo\":{\"@type\":\"ImageObject\",\"inLanguage\":\"es\",\"@id\":\"https:\/\/tecnimport.com.pe\/web\/#\/schema\/logo\/image\/\",\"url\":\"https:\/\/tecnimport.com.pe\/web\/wp-content\/uploads\/2020\/03\/logo_tecnimport.png\",\"contentUrl\":\"https:\/\/tecnimport.com.pe\/web\/wp-content\/uploads\/2020\/03\/logo_tecnimport.png\",\"width\":367,\"height\":49,\"caption\":\"Tecnimport S.A\"},\"image\":{\"@id\":\"https:\/\/tecnimport.com.pe\/web\/#\/schema\/logo\/image\/\"}}]}<\/script>\n<meta property=\"og:availability\" content=\"instock\" \/>\n<meta property=\"product:availability\" content=\"instock\" \/>\n<meta property=\"product:retailer_item_id\" content=\"078827540345\" \/>\n<meta property=\"product:condition\" content=\"new\" \/>\n<!-- \/ Yoast SEO plugin. -->","yoast_head_json":{"title":"Solvente Desengrasante para Piezas Meca\u0301nicas - TECNIMPORT S.A.","description":"Solvente Desengrasante de Piezas Meca\u0301nicas, Posee inhibidor de corrosi\u00f3n,baja toxicidad, solvencia sobre superficies con grasas, aceites, ceras u otros.","robots":{"index":"index","follow":"follow","max-snippet":"max-snippet:-1","max-image-preview":"max-image-preview:large","max-video-preview":"max-video-preview:-1"},"canonical":"https:\/\/tecnimport.com.pe\/web\/productos\/procyon-labs\/desengrasantes-limpiadores-solventes\/solvente-desengrasante-para-piezas-mecanicas\/","og_locale":"es_ES","og_type":"article","og_title":"Solvente Desengrasante para Piezas Meca\u0301nicas - TECNIMPORT S.A.","og_description":"Solvente Desengrasante de Piezas Meca\u0301nicas, Posee inhibidor de corrosi\u00f3n,baja toxicidad, solvencia sobre superficies con grasas, aceites, ceras u otros.","og_url":"https:\/\/tecnimport.com.pe\/web\/productos\/procyon-labs\/desengrasantes-limpiadores-solventes\/solvente-desengrasante-para-piezas-mecanicas\/","og_site_name":"TECNIMPORT S.A.","article_modified_time":"2025-01-07T15:23:01+00:00","og_image":[{"width":1000,"height":1000,"url":"https:\/\/tecnimport.com.pe\/web\/wp-content\/uploads\/2018\/11\/Solvente-desengrasante-de-piezas-mecanicas-solvo-cleaner-100-tecnimport-producto.gif","type":"image\/gif"}],"twitter_card":"summary_large_image","twitter_misc":{"Disponibilidad":"Disponible"},"schema":{"@context":"https:\/\/schema.org","@graph":[{"@type":"WebPage","@id":"https:\/\/tecnimport.com.pe\/web\/productos\/procyon-labs\/desengrasantes-limpiadores-solventes\/solvente-desengrasante-para-piezas-mecanicas\/","url":"https:\/\/tecnimport.com.pe\/web\/productos\/procyon-labs\/desengrasantes-limpiadores-solventes\/solvente-desengrasante-para-piezas-mecanicas\/","name":"Solvente Desengrasante para Piezas Meca\u0301nicas - TECNIMPORT S.A.","isPartOf":{"@id":"https:\/\/tecnimport.com.pe\/web\/#website"},"primaryImageOfPage":{"@id":"https:\/\/tecnimport.com.pe\/web\/productos\/procyon-labs\/desengrasantes-limpiadores-solventes\/solvente-desengrasante-para-piezas-mecanicas\/#primaryimage"},"image":{"@id":"https:\/\/tecnimport.com.pe\/web\/productos\/procyon-labs\/desengrasantes-limpiadores-solventes\/solvente-desengrasante-para-piezas-mecanicas\/#primaryimage"},"thumbnailUrl":"https:\/\/tecnimport.com.pe\/web\/wp-content\/uploads\/2018\/11\/Solvente-desengrasante-de-piezas-mecanicas-solvo-cleaner-100-tecnimport-producto.gif","datePublished":"2018-11-22T19:06:27+00:00","dateModified":"2025-01-07T15:23:01+00:00","description":"Solvente Desengrasante de Piezas Meca\u0301nicas, Posee inhibidor de corrosi\u00f3n,baja toxicidad, solvencia sobre superficies con grasas, aceites, ceras u otros.","breadcrumb":{"@id":"https:\/\/tecnimport.com.pe\/web\/productos\/procyon-labs\/desengrasantes-limpiadores-solventes\/solvente-desengrasante-para-piezas-mecanicas\/#breadcrumb"},"inLanguage":"es","potentialAction":[{"@type":"ReadAction","target":["https:\/\/tecnimport.com.pe\/web\/productos\/procyon-labs\/desengrasantes-limpiadores-solventes\/solvente-desengrasante-para-piezas-mecanicas\/"]}]},{"@type":"ImageObject","inLanguage":"es","@id":"https:\/\/tecnimport.com.pe\/web\/productos\/procyon-labs\/desengrasantes-limpiadores-solventes\/solvente-desengrasante-para-piezas-mecanicas\/#primaryimage","url":"https:\/\/tecnimport.com.pe\/web\/wp-content\/uploads\/2018\/11\/Solvente-desengrasante-de-piezas-mecanicas-solvo-cleaner-100-tecnimport-producto.gif","contentUrl":"https:\/\/tecnimport.com.pe\/web\/wp-content\/uploads\/2018\/11\/Solvente-desengrasante-de-piezas-mecanicas-solvo-cleaner-100-tecnimport-producto.gif","width":1000,"height":1000,"caption":"Solvente-desengrasante-de-piezas-mecanicas-solvo-cleaner-100-tecnimport"},{"@type":"BreadcrumbList","@id":"https:\/\/tecnimport.com.pe\/web\/productos\/procyon-labs\/desengrasantes-limpiadores-solventes\/solvente-desengrasante-para-piezas-mecanicas\/#breadcrumb","itemListElement":[{"@type":"ListItem","position":1,"name":"Portada","item":"https:\/\/tecnimport.com.pe\/web\/"},{"@type":"ListItem","position":2,"name":"Productos","item":"https:\/\/tecnimport.com.pe\/web\/productos-navigation\/"},{"@type":"ListItem","position":3,"name":"Solvo Cleaner 100 | Solvente Desengrasante"}]},{"@type":"WebSite","@id":"https:\/\/tecnimport.com.pe\/web\/#website","url":"https:\/\/tecnimport.com.pe\/web\/","name":"TECNIMPORT S.A.","description":"Representante de Devcon, LPS, Rocol y Procyon en el Per\u00fa","publisher":{"@id":"https:\/\/tecnimport.com.pe\/web\/#organization"},"potentialAction":[{"@type":"SearchAction","target":{"@type":"EntryPoint","urlTemplate":"https:\/\/tecnimport.com.pe\/web\/?s={search_term_string}"},"query-input":{"@type":"PropertyValueSpecification","valueRequired":true,"valueName":"search_term_string"}}],"inLanguage":"es"},{"@type":"Organization","@id":"https:\/\/tecnimport.com.pe\/web\/#organization","name":"Tecnimport S.A","url":"https:\/\/tecnimport.com.pe\/web\/","logo":{"@type":"ImageObject","inLanguage":"es","@id":"https:\/\/tecnimport.com.pe\/web\/#\/schema\/logo\/image\/","url":"https:\/\/tecnimport.com.pe\/web\/wp-content\/uploads\/2020\/03\/logo_tecnimport.png","contentUrl":"https:\/\/tecnimport.com.pe\/web\/wp-content\/uploads\/2020\/03\/logo_tecnimport.png","width":367,"height":49,"caption":"Tecnimport S.A"},"image":{"@id":"https:\/\/tecnimport.com.pe\/web\/#\/schema\/logo\/image\/"}}]},"og_availability":"instock","product_availability":"instock","product_retailer_item_id":"078827540345","product_condition":"new"},"_links":{"self":[{"href":"https:\/\/tecnimport.com.pe\/web\/wp-json\/wp\/v2\/product\/3674","targetHints":{"allow":["GET"]}}],"collection":[{"href":"https:\/\/tecnimport.com.pe\/web\/wp-json\/wp\/v2\/product"}],"about":[{"href":"https:\/\/tecnimport.com.pe\/web\/wp-json\/wp\/v2\/types\/product"}],"wp:featuredmedia":[{"embeddable":true,"href":"https:\/\/tecnimport.com.pe\/web\/wp-json\/wp\/v2\/media\/6565"}],"wp:attachment":[{"href":"https:\/\/tecnimport.com.pe\/web\/wp-json\/wp\/v2\/media?parent=3674"}],"wp:term":[{"taxonomy":"product_brand","embeddable":true,"href":"https:\/\/tecnimport.com.pe\/web\/wp-json\/wp\/v2\/product_brand?post=3674"},{"taxonomy":"product_cat","embeddable":true,"href":"https:\/\/tecnimport.com.pe\/web\/wp-json\/wp\/v2\/product_cat?post=3674"},{"taxonomy":"product_tag","embeddable":true,"href":"https:\/\/tecnimport.com.pe\/web\/wp-json\/wp\/v2\/product_tag?post=3674"}],"curies":[{"name":"wp","href":"https:\/\/api.w.org\/{rel}","templated":true}]}}