{"id":3673,"date":"2018-11-22T13:53:02","date_gmt":"2018-11-22T18:53:02","guid":{"rendered":"http:\/\/tecnimport.com.pe\/web\/productos\/procyon\/solvente-desengrasante-mecanico\/"},"modified":"2024-08-14T17:02:16","modified_gmt":"2024-08-14T22:02:16","slug":"solvente-desengrasante-dielectrico-biodegradable","status":"publish","type":"product","link":"https:\/\/tecnimport.com.pe\/web\/productos\/procyon-labs\/desengrasantes-limpiadores-solventes\/solvente-desengrasante-dielectrico-biodegradable\/","title":{"rendered":"Solvente Desengrasante Diele\u0301ctrico Biodegradable"},"content":{"rendered":"<h2><strong>Solvente Desengrasante Diele\u0301ctrico Biodegradable<\/strong><\/h2>\n<h3><strong>Procyon Presolvo 50<\/strong><\/h3>\n<p><strong>Procyon Presolvo 50<\/strong> es un solvente desengrasante diele\u0301ctrico biodegradable de grado industrial. Principalmente es usado en la limpieza y el desengrase de los equipos ele\u0301ctricos como electro\u0301nicos y meca\u0301nicos.<\/p>\n<p>Adem\u00e1s este un producto no posee solventes clorados es por eso la caracteri\u0301stica de ser un solvente diele\u0301ctrico ecol\u00f3gico de alta rigidez diele\u0301ctrica y seguro para el uso en las plantas industriales.<\/p>\n<h4><strong>Usos<\/strong><\/h4>\n<ul>\n<li>Principalmente en la limpieza de equipos ele\u0301ctricos como en electro\u0301nicos ya sea en motores, bobinas, transformadores, entre otros.<\/li>\n<li>Tambi\u00e9n en la limpieza de equipos industriales como tuberi\u0301as, bombas, equipos esta\u0301ticos y en movimiento.<\/li>\n<li>Como resultado remueve muy bien grasa mineral y orga\u0301nica al igual que los derivados de petro\u0301leo como la brea, entre otros.<\/li>\n<li>Este producto no ataca pla\u0301sticos de baja densidad ni pinturas, es de secado moderado pero no es to\u0301xico.<\/li>\n<\/ul>\n<h4>Me\u0301todo de aplicacio\u0301n<\/h4>\n<ul>\n<li>Listo para ser empleado, por eso el me\u0301todo que se usara\u0301 para la limpieza dependera\u0301 del estado y el equipo a limpiar.<\/li>\n<li>En primer lugar sugerimos una limpieza manual previa ya sea con escobillas o aire comprimido. No obstante, la aplicacio\u0301n podra\u0301 realizarse con herramientas manuales como brochas, escobillas, trapos.<\/li>\n<li>Puede ser aplicado por aspersio\u0301n ya sea pulverizador manual o de aire como por la inmersio\u0301n en tinas adecuadas.<\/li>\n<li>Finalmente no se recomienda la re utilizacio\u0301n del solvente debido que al contaminarse podri\u0301a disminuir su capacidad como solvente diel\u00e9ctrico.<\/li>\n<\/ul>\n<h4>Productos<\/h4>\n<table class=\"table table-striped\">\n<tbody class=\".table-striped\">\n<tr>\n<th>Producto<\/th>\n<th>Descripci\u00f3n<\/th>\n<th>Ficha T\u00e9nica<\/th>\n<th>Hoja de Seguridad<\/th>\n<\/tr>\n<tr>\n<td><strong>Procyon Presolvo 50<\/strong><\/td>\n<td style=\"text-align: center;\">Solvente Desengrasante Diele\u0301ctrico<\/td>\n<td style=\"text-align: center;\">Ficha T\u00e9cnica<\/td>\n<td style=\"text-align: center;\">Hoja de Seguridad<\/td>\n<\/tr>\n<\/tbody>\n<\/table>\n<p>&nbsp;<\/p>\n<div id=\"attachment_3658\" style=\"width: 381px\" class=\"wp-caption aligncenter\"><img loading=\"lazy\" decoding=\"async\" aria-describedby=\"caption-attachment-3658\" class=\"wp-image-3658\" title=\"Solvente Desengrasante Diele\u0301ctrico Biodegradable\" src=\"https:\/\/tecnimport.com.pe\/web\/wp-content\/uploads\/2018\/11\/presolvo-50.jpg\" alt=\"Solvente Desengrasante Diele\u0301ctrico Biodegradable\" width=\"371\" height=\"371\" srcset=\"https:\/\/tecnimport.com.pe\/web\/wp-content\/uploads\/2018\/11\/presolvo-50.jpg 1000w, https:\/\/tecnimport.com.pe\/web\/wp-content\/uploads\/2018\/11\/presolvo-50-150x150.jpg 150w, https:\/\/tecnimport.com.pe\/web\/wp-content\/uploads\/2018\/11\/presolvo-50-600x600.jpg 600w, https:\/\/tecnimport.com.pe\/web\/wp-content\/uploads\/2018\/11\/presolvo-50-300x300.jpg 300w, https:\/\/tecnimport.com.pe\/web\/wp-content\/uploads\/2018\/11\/presolvo-50-768x768.jpg 768w, https:\/\/tecnimport.com.pe\/web\/wp-content\/uploads\/2018\/11\/presolvo-50-100x100.jpg 100w, https:\/\/tecnimport.com.pe\/web\/wp-content\/uploads\/2018\/11\/presolvo-50-880x880.jpg 880w, https:\/\/tecnimport.com.pe\/web\/wp-content\/uploads\/2018\/11\/presolvo-50-450x450.jpg 450w, https:\/\/tecnimport.com.pe\/web\/wp-content\/uploads\/2018\/11\/presolvo-50-270x270.jpg 270w\" sizes=\"auto, (max-width: 371px) 100vw, 371px\" \/><p id=\"caption-attachment-3658\" class=\"wp-caption-text\">Solvente Desengrasante Diele\u0301ctrico Biodegradable<\/p><\/div>\n<h5><strong>Otras Categor\u00edas de Grasas<\/strong><\/h5>\n<ul>\n<li><a href=\"https:\/\/tecnimport.com.pe\/web\/productos\/procyon\/solventes_desengrasantes_industriales\/solvente-industrial-dielectrico-mecanico\/\" target=\"_blank\" rel=\"noopener noreferrer\">Solvente Desengrasante para Piezas Meca\u0301nicas.<\/a><\/li>\n<li>Solvente Desengrasante Diel\u00e9ctrico.<\/li>\n<li>Desengrasante Biodegradable Base Acuoso.<\/li>\n<li>Desengrasante Descarbonizante<\/li>\n<\/ul>\n<p><strong><a href=\"http:\/\/www.procyon-labs.com\" target=\"_blank\" rel=\"noopener noreferrer\">#Procyon<\/a><\/strong><\/p>\n<p>&nbsp;<\/p>\n<p><strong style=\"color: #000;\">Nota: Comun\u00edquese con nosotros para una asesor\u00eda t\u00e9cnica personalizada<\/strong><\/p>\n","protected":false},"excerpt":{"rendered":"<p><strong>Procyon Presolvo 50<\/strong> es un solvente desengrasante diele\u0301ctrico biodegradable de grado industrial, formulado a base de solventes alifa\u0301ticos, hidrotratados y refinados. Adem\u00e1s es usado principalmente para la limpieza y desengrase de equipos ele\u0301ctricos, electro\u0301nicos y meca\u0301nicos. Es un producto que no posee solventes clorados, que da la caracteri\u0301stica de ser un solvente desengrasante diele\u0301ctrico biodegradable y ecol\u00f3gico de rigidez diele\u0301ctrica elevada y seguro para ser usado en plantas industriales. Por consiguiente es fa\u0301cilmente hidrolizado por los microorganismos ambientales, entrando ra\u0301pidamente a la cadena biolo\u0301gica y degrada\u0301ndose.<\/p>\n<h4>Productos<\/h4>\n<table style=\"width: 100%;\">\n<tbody>\n<tr>\n<th>Producto<\/th>\n<th>Descripci\u00f3n<\/th>\n<th>Ficha T\u00e9nica<\/th>\n<th>Hoja de Seguridad<\/th>\n<\/tr>\n<tr>\n<td><strong>Procyon Presolvo 50<\/strong><\/td>\n<td>Solvente Desengrasante Diele\u0301ctrico Biodegradable<\/td>\n<td>Ficha T\u00e9cnica<\/td>\n<td>Hoja de Seguridad T\u00e9cnica<\/td>\n<\/tr>\n<\/tbody>\n<\/table>\n","protected":false},"featured_media":5446,"template":"","meta":[],"product_brand":[],"product_cat":[280,283],"product_tag":[661,288],"class_list":{"0":"post-3673","1":"product","2":"type-product","3":"status-publish","4":"has-post-thumbnail","6":"product_cat-procyon-labs","7":"product_cat-desengrasantes-limpiadores-solventes","8":"product_tag-solventes","9":"product_tag-solventes-dielectricos","11":"first","12":"instock","13":"shipping-taxable","14":"product-type-simple"},"yoast_head":"<!-- This site is optimized with the Yoast SEO plugin v26.9 - https:\/\/yoast.com\/product\/yoast-seo-wordpress\/ -->\n<title>Solvente Desengrasante Diele\u0301ctrico Biodegradable - TECNIMPORT S.A.<\/title>\n<meta name=\"description\" content=\"Solvente Desengrasante Diele\u0301ctrico Biodegradable de grado industrial. Usado para la limpieza y desengrase de equipos ele\u0301ctricos, electro\u0301nicos y meca\u0301nico\" \/>\n<meta name=\"robots\" content=\"index, follow, max-snippet:-1, max-image-preview:large, max-video-preview:-1\" \/>\n<link rel=\"canonical\" href=\"https:\/\/tecnimport.com.pe\/web\/productos\/procyon-labs\/desengrasantes-limpiadores-solventes\/solvente-desengrasante-dielectrico-biodegradable\/\" \/>\n<meta property=\"og:locale\" content=\"es_ES\" \/>\n<meta property=\"og:type\" content=\"article\" \/>\n<meta property=\"og:title\" content=\"Solvente Desengrasante Diele\u0301ctrico Biodegradable - TECNIMPORT S.A.\" \/>\n<meta property=\"og:description\" content=\"Solvente Desengrasante Diele\u0301ctrico Biodegradable de grado industrial. Usado para la limpieza y desengrase de equipos ele\u0301ctricos, electro\u0301nicos y meca\u0301nico\" \/>\n<meta property=\"og:url\" content=\"https:\/\/tecnimport.com.pe\/web\/productos\/procyon-labs\/desengrasantes-limpiadores-solventes\/solvente-desengrasante-dielectrico-biodegradable\/\" \/>\n<meta property=\"og:site_name\" content=\"TECNIMPORT S.A.\" \/>\n<meta property=\"article:modified_time\" content=\"2024-08-14T22:02:16+00:00\" \/>\n<meta property=\"og:image\" content=\"https:\/\/tecnimport.com.pe\/web\/wp-content\/uploads\/2018\/11\/solventes_desengrasantes_portada_.gif\" \/>\n\t<meta property=\"og:image:width\" content=\"1000\" \/>\n\t<meta property=\"og:image:height\" content=\"1000\" \/>\n\t<meta property=\"og:image:type\" content=\"image\/gif\" \/>\n<meta name=\"twitter:card\" content=\"summary_large_image\" \/>\n<meta name=\"twitter:label1\" content=\"Precio\" \/>\n\t<meta name=\"twitter:data1\" content=\"\" \/>\n\t<meta name=\"twitter:label2\" content=\"Disponibilidad\" \/>\n\t<meta name=\"twitter:data2\" content=\"Disponible\" \/>\n<script type=\"application\/ld+json\" class=\"yoast-schema-graph\">{\"@context\":\"https:\/\/schema.org\",\"@graph\":[{\"@type\":\"WebPage\",\"@id\":\"https:\/\/tecnimport.com.pe\/web\/productos\/procyon-labs\/desengrasantes-limpiadores-solventes\/solvente-desengrasante-dielectrico-biodegradable\/\",\"url\":\"https:\/\/tecnimport.com.pe\/web\/productos\/procyon-labs\/desengrasantes-limpiadores-solventes\/solvente-desengrasante-dielectrico-biodegradable\/\",\"name\":\"Solvente Desengrasante Diele\u0301ctrico Biodegradable - TECNIMPORT S.A.\",\"isPartOf\":{\"@id\":\"https:\/\/tecnimport.com.pe\/web\/#website\"},\"primaryImageOfPage\":{\"@id\":\"https:\/\/tecnimport.com.pe\/web\/productos\/procyon-labs\/desengrasantes-limpiadores-solventes\/solvente-desengrasante-dielectrico-biodegradable\/#primaryimage\"},\"image\":{\"@id\":\"https:\/\/tecnimport.com.pe\/web\/productos\/procyon-labs\/desengrasantes-limpiadores-solventes\/solvente-desengrasante-dielectrico-biodegradable\/#primaryimage\"},\"thumbnailUrl\":\"https:\/\/tecnimport.com.pe\/web\/wp-content\/uploads\/2018\/11\/solventes_desengrasantes_portada_.gif\",\"datePublished\":\"2018-11-22T18:53:02+00:00\",\"dateModified\":\"2024-08-14T22:02:16+00:00\",\"description\":\"Solvente Desengrasante Diele\u0301ctrico Biodegradable de grado industrial. Usado para la limpieza y desengrase de equipos ele\u0301ctricos, electro\u0301nicos y meca\u0301nico\",\"breadcrumb\":{\"@id\":\"https:\/\/tecnimport.com.pe\/web\/productos\/procyon-labs\/desengrasantes-limpiadores-solventes\/solvente-desengrasante-dielectrico-biodegradable\/#breadcrumb\"},\"inLanguage\":\"es\",\"potentialAction\":[{\"@type\":\"ReadAction\",\"target\":[\"https:\/\/tecnimport.com.pe\/web\/productos\/procyon-labs\/desengrasantes-limpiadores-solventes\/solvente-desengrasante-dielectrico-biodegradable\/\"]}]},{\"@type\":\"ImageObject\",\"inLanguage\":\"es\",\"@id\":\"https:\/\/tecnimport.com.pe\/web\/productos\/procyon-labs\/desengrasantes-limpiadores-solventes\/solvente-desengrasante-dielectrico-biodegradable\/#primaryimage\",\"url\":\"https:\/\/tecnimport.com.pe\/web\/wp-content\/uploads\/2018\/11\/solventes_desengrasantes_portada_.gif\",\"contentUrl\":\"https:\/\/tecnimport.com.pe\/web\/wp-content\/uploads\/2018\/11\/solventes_desengrasantes_portada_.gif\",\"width\":1000,\"height\":1000},{\"@type\":\"BreadcrumbList\",\"@id\":\"https:\/\/tecnimport.com.pe\/web\/productos\/procyon-labs\/desengrasantes-limpiadores-solventes\/solvente-desengrasante-dielectrico-biodegradable\/#breadcrumb\",\"itemListElement\":[{\"@type\":\"ListItem\",\"position\":1,\"name\":\"Portada\",\"item\":\"https:\/\/tecnimport.com.pe\/web\/\"},{\"@type\":\"ListItem\",\"position\":2,\"name\":\"Productos\",\"item\":\"https:\/\/tecnimport.com.pe\/web\/productos-navigation\/\"},{\"@type\":\"ListItem\",\"position\":3,\"name\":\"Solvente Desengrasante Diele\u0301ctrico Biodegradable\"}]},{\"@type\":\"WebSite\",\"@id\":\"https:\/\/tecnimport.com.pe\/web\/#website\",\"url\":\"https:\/\/tecnimport.com.pe\/web\/\",\"name\":\"TECNIMPORT S.A.\",\"description\":\"Representante de Devcon, LPS, Rocol y Procyon en el Per\u00fa\",\"publisher\":{\"@id\":\"https:\/\/tecnimport.com.pe\/web\/#organization\"},\"potentialAction\":[{\"@type\":\"SearchAction\",\"target\":{\"@type\":\"EntryPoint\",\"urlTemplate\":\"https:\/\/tecnimport.com.pe\/web\/?s={search_term_string}\"},\"query-input\":{\"@type\":\"PropertyValueSpecification\",\"valueRequired\":true,\"valueName\":\"search_term_string\"}}],\"inLanguage\":\"es\"},{\"@type\":\"Organization\",\"@id\":\"https:\/\/tecnimport.com.pe\/web\/#organization\",\"name\":\"Tecnimport S.A\",\"url\":\"https:\/\/tecnimport.com.pe\/web\/\",\"logo\":{\"@type\":\"ImageObject\",\"inLanguage\":\"es\",\"@id\":\"https:\/\/tecnimport.com.pe\/web\/#\/schema\/logo\/image\/\",\"url\":\"https:\/\/tecnimport.com.pe\/web\/wp-content\/uploads\/2020\/03\/logo_tecnimport.png\",\"contentUrl\":\"https:\/\/tecnimport.com.pe\/web\/wp-content\/uploads\/2020\/03\/logo_tecnimport.png\",\"width\":367,\"height\":49,\"caption\":\"Tecnimport S.A\"},\"image\":{\"@id\":\"https:\/\/tecnimport.com.pe\/web\/#\/schema\/logo\/image\/\"}}]}<\/script>\n<meta property=\"product:price:amount\" content=\"0.00\" \/>\n<meta property=\"product:price:currency\" content=\"USD\" \/>\n<meta property=\"og:availability\" content=\"instock\" \/>\n<meta property=\"product:availability\" content=\"instock\" \/>\n<meta property=\"product:condition\" content=\"new\" \/>\n<!-- \/ Yoast SEO plugin. -->","yoast_head_json":{"title":"Solvente Desengrasante Diele\u0301ctrico Biodegradable - TECNIMPORT S.A.","description":"Solvente Desengrasante Diele\u0301ctrico Biodegradable de grado industrial. Usado para la limpieza y desengrase de equipos ele\u0301ctricos, electro\u0301nicos y meca\u0301nico","robots":{"index":"index","follow":"follow","max-snippet":"max-snippet:-1","max-image-preview":"max-image-preview:large","max-video-preview":"max-video-preview:-1"},"canonical":"https:\/\/tecnimport.com.pe\/web\/productos\/procyon-labs\/desengrasantes-limpiadores-solventes\/solvente-desengrasante-dielectrico-biodegradable\/","og_locale":"es_ES","og_type":"article","og_title":"Solvente Desengrasante Diele\u0301ctrico Biodegradable - TECNIMPORT S.A.","og_description":"Solvente Desengrasante Diele\u0301ctrico Biodegradable de grado industrial. Usado para la limpieza y desengrase de equipos ele\u0301ctricos, electro\u0301nicos y meca\u0301nico","og_url":"https:\/\/tecnimport.com.pe\/web\/productos\/procyon-labs\/desengrasantes-limpiadores-solventes\/solvente-desengrasante-dielectrico-biodegradable\/","og_site_name":"TECNIMPORT S.A.","article_modified_time":"2024-08-14T22:02:16+00:00","og_image":[{"width":1000,"height":1000,"url":"https:\/\/tecnimport.com.pe\/web\/wp-content\/uploads\/2018\/11\/solventes_desengrasantes_portada_.gif","type":"image\/gif"}],"twitter_card":"summary_large_image","twitter_misc":{"Precio":"","Disponibilidad":"Disponible"},"schema":{"@context":"https:\/\/schema.org","@graph":[{"@type":"WebPage","@id":"https:\/\/tecnimport.com.pe\/web\/productos\/procyon-labs\/desengrasantes-limpiadores-solventes\/solvente-desengrasante-dielectrico-biodegradable\/","url":"https:\/\/tecnimport.com.pe\/web\/productos\/procyon-labs\/desengrasantes-limpiadores-solventes\/solvente-desengrasante-dielectrico-biodegradable\/","name":"Solvente Desengrasante Diele\u0301ctrico Biodegradable - TECNIMPORT S.A.","isPartOf":{"@id":"https:\/\/tecnimport.com.pe\/web\/#website"},"primaryImageOfPage":{"@id":"https:\/\/tecnimport.com.pe\/web\/productos\/procyon-labs\/desengrasantes-limpiadores-solventes\/solvente-desengrasante-dielectrico-biodegradable\/#primaryimage"},"image":{"@id":"https:\/\/tecnimport.com.pe\/web\/productos\/procyon-labs\/desengrasantes-limpiadores-solventes\/solvente-desengrasante-dielectrico-biodegradable\/#primaryimage"},"thumbnailUrl":"https:\/\/tecnimport.com.pe\/web\/wp-content\/uploads\/2018\/11\/solventes_desengrasantes_portada_.gif","datePublished":"2018-11-22T18:53:02+00:00","dateModified":"2024-08-14T22:02:16+00:00","description":"Solvente Desengrasante Diele\u0301ctrico Biodegradable de grado industrial. Usado para la limpieza y desengrase de equipos ele\u0301ctricos, electro\u0301nicos y meca\u0301nico","breadcrumb":{"@id":"https:\/\/tecnimport.com.pe\/web\/productos\/procyon-labs\/desengrasantes-limpiadores-solventes\/solvente-desengrasante-dielectrico-biodegradable\/#breadcrumb"},"inLanguage":"es","potentialAction":[{"@type":"ReadAction","target":["https:\/\/tecnimport.com.pe\/web\/productos\/procyon-labs\/desengrasantes-limpiadores-solventes\/solvente-desengrasante-dielectrico-biodegradable\/"]}]},{"@type":"ImageObject","inLanguage":"es","@id":"https:\/\/tecnimport.com.pe\/web\/productos\/procyon-labs\/desengrasantes-limpiadores-solventes\/solvente-desengrasante-dielectrico-biodegradable\/#primaryimage","url":"https:\/\/tecnimport.com.pe\/web\/wp-content\/uploads\/2018\/11\/solventes_desengrasantes_portada_.gif","contentUrl":"https:\/\/tecnimport.com.pe\/web\/wp-content\/uploads\/2018\/11\/solventes_desengrasantes_portada_.gif","width":1000,"height":1000},{"@type":"BreadcrumbList","@id":"https:\/\/tecnimport.com.pe\/web\/productos\/procyon-labs\/desengrasantes-limpiadores-solventes\/solvente-desengrasante-dielectrico-biodegradable\/#breadcrumb","itemListElement":[{"@type":"ListItem","position":1,"name":"Portada","item":"https:\/\/tecnimport.com.pe\/web\/"},{"@type":"ListItem","position":2,"name":"Productos","item":"https:\/\/tecnimport.com.pe\/web\/productos-navigation\/"},{"@type":"ListItem","position":3,"name":"Solvente Desengrasante Diele\u0301ctrico Biodegradable"}]},{"@type":"WebSite","@id":"https:\/\/tecnimport.com.pe\/web\/#website","url":"https:\/\/tecnimport.com.pe\/web\/","name":"TECNIMPORT S.A.","description":"Representante de Devcon, LPS, Rocol y Procyon en el Per\u00fa","publisher":{"@id":"https:\/\/tecnimport.com.pe\/web\/#organization"},"potentialAction":[{"@type":"SearchAction","target":{"@type":"EntryPoint","urlTemplate":"https:\/\/tecnimport.com.pe\/web\/?s={search_term_string}"},"query-input":{"@type":"PropertyValueSpecification","valueRequired":true,"valueName":"search_term_string"}}],"inLanguage":"es"},{"@type":"Organization","@id":"https:\/\/tecnimport.com.pe\/web\/#organization","name":"Tecnimport S.A","url":"https:\/\/tecnimport.com.pe\/web\/","logo":{"@type":"ImageObject","inLanguage":"es","@id":"https:\/\/tecnimport.com.pe\/web\/#\/schema\/logo\/image\/","url":"https:\/\/tecnimport.com.pe\/web\/wp-content\/uploads\/2020\/03\/logo_tecnimport.png","contentUrl":"https:\/\/tecnimport.com.pe\/web\/wp-content\/uploads\/2020\/03\/logo_tecnimport.png","width":367,"height":49,"caption":"Tecnimport S.A"},"image":{"@id":"https:\/\/tecnimport.com.pe\/web\/#\/schema\/logo\/image\/"}}]},"product_price_amount":"0.00","product_price_currency":"USD","og_availability":"instock","product_availability":"instock","product_condition":"new"},"_links":{"self":[{"href":"https:\/\/tecnimport.com.pe\/web\/wp-json\/wp\/v2\/product\/3673","targetHints":{"allow":["GET"]}}],"collection":[{"href":"https:\/\/tecnimport.com.pe\/web\/wp-json\/wp\/v2\/product"}],"about":[{"href":"https:\/\/tecnimport.com.pe\/web\/wp-json\/wp\/v2\/types\/product"}],"wp:featuredmedia":[{"embeddable":true,"href":"https:\/\/tecnimport.com.pe\/web\/wp-json\/wp\/v2\/media\/5446"}],"wp:attachment":[{"href":"https:\/\/tecnimport.com.pe\/web\/wp-json\/wp\/v2\/media?parent=3673"}],"wp:term":[{"taxonomy":"product_brand","embeddable":true,"href":"https:\/\/tecnimport.com.pe\/web\/wp-json\/wp\/v2\/product_brand?post=3673"},{"taxonomy":"product_cat","embeddable":true,"href":"https:\/\/tecnimport.com.pe\/web\/wp-json\/wp\/v2\/product_cat?post=3673"},{"taxonomy":"product_tag","embeddable":true,"href":"https:\/\/tecnimport.com.pe\/web\/wp-json\/wp\/v2\/product_tag?post=3673"}],"curies":[{"name":"wp","href":"https:\/\/api.w.org\/{rel}","templated":true}]}}