{"id":3669,"date":"2018-11-22T12:39:22","date_gmt":"2018-11-22T17:39:22","guid":{"rendered":"http:\/\/tecnimport.com.pe\/web\/productos\/procyon\/desengrasante-biodegradable\/"},"modified":"2020-11-26T11:54:58","modified_gmt":"2020-11-26T16:54:58","slug":"desengrasante-biodegradable-base-acuosa","status":"publish","type":"product","link":"https:\/\/tecnimport.com.pe\/web\/productos\/procyon-labs\/desengrasantes-limpiadores-solventes\/desengrasante-biodegradable-base-acuosa\/","title":{"rendered":"Desengrasante Biodegradable Base Acuosa"},"content":{"rendered":"<h2><strong>Desengrasante Biodegradable Base Acuosa<\/strong><\/h2>\n<h3><strong>Procyon Aqua Bio Clean<\/strong><\/h3>\n<p>El producto<strong> Procyon Aqua Bio Clean<\/strong> es un <strong>desengrasante biodegradable<\/strong> concentrado que se diluye con el agua por eso es libre de derivados de petr\u00f3leo, de solventes clorados y de amoniaco o abrasivos da\u00f1inos para los metales. El producto no es corrosivo, tampoco ataca el aluminio ni al magnesio o a las superficies cromadas, niqueladas, pinturas o barnices. Contiene un inhibidor de corrosi\u00f3n por eso previene la oxidaci\u00f3n de superficies met\u00e1licas. Por eso <strong>Procyon Aqua Bio Clean<\/strong> es seguro para el trabajador y para el medio ambiente. Adem\u00e1s no es inflamable, no irrita la piel ni deja residuos. Desengrasante Base Acuosa<\/p>\n<h4><strong>Usos<\/strong><\/h4>\n<ul>\n<li><strong>Procyon Aqua Bio Clean<\/strong> limpia y desengrasa los tornos as\u00ed como los motores, los transformadores, los remolques, los montacargas, los fuselajes de aviones, los tanques de almacenamiento, las herramientas, los equipos de procesamiento de alimentos, los chasis de veh\u00edculos, el acero inoxidable, los pisos, los tejados, entre otros.<\/li>\n<li><strong>Procyon Aqua Bio Clean<\/strong> lo pueden aplicar puro o diluido hasta por 20 partes de agua. Adem\u00e1s para lograr excelentes resultados se puede trabajar con agua caliente (50\u00baC \u2013 60 \u00baC). Tambi\u00e9n se usa en la limpieza de equipos ele\u0301ctricos y electro\u0301nicos como en motores; contactores; bobinas; transformadores; tableros de control; tarjetas electro\u0301nicas; relays y otros cumpliendo con los requisitos de un solvente diele\u0301ctrico.<\/li>\n<\/ul>\n<h4>Almacenaje<\/h4>\n<p><strong>Procyon Aqua Bio Clean<\/strong> tiene una excelente estabilidad de almacenaje pero debe ser guardado en un lugar fresco, ventilado y en su envase original.<\/p>\n<h4>Productos<\/h4>\n<table style=\"width: 100%;\">\n<tbody>\n<tr>\n<th>Producto<\/th>\n<th>Descripci\u00f3n<\/th>\n<th>Ficha T\u00e9nica<\/th>\n<th>Hoja de Seguridad<\/th>\n<\/tr>\n<tr>\n<td><strong>Procyon Aqua Bio Clean<\/strong><\/td>\n<td>Desengrasante Biodegradable Base Acuosa<\/td>\n<td><a style=\"color: #94241c;\" href=\"http:\/\/tecnimport.com.pe\/web\/wp-content\/uploads\/2018\/11\/PROCYON-AQUA-BIO-CLEAN-TDS.pdf\" target=\"_blank\" rel=\"noopener noreferrer\">Ficha T\u00e9cnica<\/a><\/td>\n<td style=\"text-align: center;\"><a style=\"color: #94241c;\" href=\"http:\/\/tecnimport.com.pe\/web\/wp-content\/uploads\/2018\/11\/PROCYON-AQUA-BIO-CLEAN-MSDS.pdf\" target=\"_blank\" rel=\"noopener noreferrer\">Hoja de Seguridad<\/a><\/td>\n<\/tr>\n<\/tbody>\n<\/table>\n<p>&nbsp;<\/p>\n<div id=\"attachment_3657\" style=\"width: 173px\" class=\"wp-caption aligncenter\"><img loading=\"lazy\" decoding=\"async\" aria-describedby=\"caption-attachment-3657\" class=\"wp-image-3657\" title=\"Desengrasante Biodegradable Base Acuosa\" src=\"https:\/\/tecnimport.com.pe\/web\/wp-content\/uploads\/2018\/11\/AQUA-BIO-CLEAN.jpg\" alt=\"Desengrasante Biodegradable Base Acuosa\" width=\"163\" height=\"163\" srcset=\"https:\/\/tecnimport.com.pe\/web\/wp-content\/uploads\/2018\/11\/AQUA-BIO-CLEAN.jpg 1000w, https:\/\/tecnimport.com.pe\/web\/wp-content\/uploads\/2018\/11\/AQUA-BIO-CLEAN-150x150.jpg 150w, https:\/\/tecnimport.com.pe\/web\/wp-content\/uploads\/2018\/11\/AQUA-BIO-CLEAN-600x600.jpg 600w, https:\/\/tecnimport.com.pe\/web\/wp-content\/uploads\/2018\/11\/AQUA-BIO-CLEAN-300x300.jpg 300w, https:\/\/tecnimport.com.pe\/web\/wp-content\/uploads\/2018\/11\/AQUA-BIO-CLEAN-768x768.jpg 768w, https:\/\/tecnimport.com.pe\/web\/wp-content\/uploads\/2018\/11\/AQUA-BIO-CLEAN-100x100.jpg 100w, https:\/\/tecnimport.com.pe\/web\/wp-content\/uploads\/2018\/11\/AQUA-BIO-CLEAN-880x880.jpg 880w, https:\/\/tecnimport.com.pe\/web\/wp-content\/uploads\/2018\/11\/AQUA-BIO-CLEAN-450x450.jpg 450w, https:\/\/tecnimport.com.pe\/web\/wp-content\/uploads\/2018\/11\/AQUA-BIO-CLEAN-270x270.jpg 270w\" sizes=\"auto, (max-width: 163px) 100vw, 163px\" \/><p id=\"caption-attachment-3657\" class=\"wp-caption-text\">Desengrasante Biodegradable Base Acuosa<\/p><\/div>\n<h5><strong>Otras Categor\u00edas de Grasas<\/strong><\/h5>\n<ul>\n<li><a href=\"https:\/\/tecnimport.com.pe\/web\/productos\/procyon\/solventes_desengrasantes_industriales\/solvente-industrial-dielectrico-mecanico\/\" target=\"_blank\" rel=\"noopener noreferrer\">Solvente Desengrasante para Piezas Meca\u0301nicas.<\/a><\/li>\n<li>Solvente Desengrasante Diel\u00e9ctrico.<\/li>\n<li>Desengrasante Biodegradable Base Acuoso.<\/li>\n<li>Desengrasante Descarbonizante<\/li>\n<li>Limpiador para catalina de molino.<\/li>\n<li>Limpieza para engranajes abiertos.<\/li>\n<\/ul>\n<p><strong><a href=\"http:\/\/www.procyon-labs.com\" target=\"_blank\" rel=\"noopener noreferrer\">#Procyon<\/a><\/strong><\/p>\n<p>&nbsp;<\/p>\n<p><strong style=\"color: #000;\">Nota: Comun\u00edquese con nosotros para una asesor\u00eda t\u00e9cnica personalizada<\/strong><\/p>\n","protected":false},"excerpt":{"rendered":"<p><strong>Procyon Aqua Bio Clean<\/strong> es un <strong>desengrasante biodegradable<\/strong> concentrado que se diluye con agua, es libre de derivados de petr\u00f3leo; solventes clorados; amoniaco o abrasivos da\u00f1inos para los metales. Este producto no es corrosivo, no ataca el aluminio; magnesio; superficies cromadas; niqueladas; pinturas o barnices. Contiene un inhibidor de corrosi\u00f3n que ayuda a prevenir la oxidaci\u00f3n de superficies met\u00e1licas. <strong>Procyon Aqua Bio Clean<\/strong> es seguro para el trabajador y para el medio ambiente. No es inflamable, no irrita la piel ni deja residuos. Desengrasante Base Acuosa.<\/p>\n<h4>Productos<\/h4>\n<table style=\"width: 100%;\">\n<tbody>\n<tr>\n<th>Producto<\/th>\n<th>Descripci\u00f3n<\/th>\n<th>Ficha T\u00e9nica<\/th>\n<th>Hoja de Seguridad<\/th>\n<\/tr>\n<tr>\n<td><strong>Procyon Aqua Bio Clean<\/strong><\/td>\n<td>Desengrasante Biodegradable Base Acuosa<\/td>\n<td><a style=\"color: #94241c;\" href=\"http:\/\/tecnimport.com.pe\/web\/wp-content\/uploads\/2018\/11\/PROCYON-AQUA-BIO-CLEAN-TDS.pdf\" target=\"_blank\" rel=\"noopener noreferrer\">Ficha T\u00e9cnica<\/a><\/td>\n<td style=\"text-align: center;\"><a style=\"color: #94241c;\" href=\"http:\/\/tecnimport.com.pe\/web\/wp-content\/uploads\/2018\/11\/PROCYON-AQUA-BIO-CLEAN-MSDS.pdf\" target=\"_blank\" rel=\"noopener noreferrer\">Hoja de Seguridad<\/a><\/td>\n<\/tr>\n<\/tbody>\n<\/table>\n[caption id=\"attachment_3657\" align=\"aligncenter\" width=\"163\"]<img loading=\"lazy\" decoding=\"async\" class=\"wp-image-3657\" title=\"Desengrasante Biodegradable Base Acuosa\" src=\"https:\/\/tecnimport.com.pe\/web\/wp-content\/uploads\/2018\/11\/AQUA-BIO-CLEAN.jpg\" alt=\"Desengrasante Biodegradable Base Acuosa\" width=\"163\" height=\"163\" srcset=\"https:\/\/tecnimport.com.pe\/web\/wp-content\/uploads\/2018\/11\/AQUA-BIO-CLEAN.jpg 1000w, https:\/\/tecnimport.com.pe\/web\/wp-content\/uploads\/2018\/11\/AQUA-BIO-CLEAN-150x150.jpg 150w, https:\/\/tecnimport.com.pe\/web\/wp-content\/uploads\/2018\/11\/AQUA-BIO-CLEAN-600x600.jpg 600w, https:\/\/tecnimport.com.pe\/web\/wp-content\/uploads\/2018\/11\/AQUA-BIO-CLEAN-300x300.jpg 300w, https:\/\/tecnimport.com.pe\/web\/wp-content\/uploads\/2018\/11\/AQUA-BIO-CLEAN-768x768.jpg 768w, https:\/\/tecnimport.com.pe\/web\/wp-content\/uploads\/2018\/11\/AQUA-BIO-CLEAN-100x100.jpg 100w, https:\/\/tecnimport.com.pe\/web\/wp-content\/uploads\/2018\/11\/AQUA-BIO-CLEAN-880x880.jpg 880w, https:\/\/tecnimport.com.pe\/web\/wp-content\/uploads\/2018\/11\/AQUA-BIO-CLEAN-450x450.jpg 450w, https:\/\/tecnimport.com.pe\/web\/wp-content\/uploads\/2018\/11\/AQUA-BIO-CLEAN-270x270.jpg 270w\" sizes=\"auto, (max-width: 163px) 100vw, 163px\" \/> Desengrasante Biodegradable Base Acuosa[\/caption]\n","protected":false},"featured_media":5446,"template":"","meta":[],"product_brand":[],"product_cat":[280,283],"product_tag":[660,289],"class_list":{"0":"post-3669","1":"product","2":"type-product","3":"status-publish","4":"has-post-thumbnail","6":"product_cat-procyon-labs","7":"product_cat-desengrasantes-limpiadores-solventes","8":"product_tag-desengrasantes-base-acuosa","9":"product_tag-limpiadores","11":"first","12":"instock","13":"shipping-taxable","14":"product-type-simple"},"yoast_head":"<!-- This site is optimized with the Yoast SEO plugin v26.9 - https:\/\/yoast.com\/product\/yoast-seo-wordpress\/ -->\n<title>Desengrasante Biodegradable Base Acuosa - TECNIMPORT S.A.<\/title>\n<meta name=\"description\" content=\"Procyon Aqua Bio Clean es un desengrasante biodegradable base acuosa. Limpia y desengrasa motores, transformadores, remolques, montacargas, entre otros.\" \/>\n<meta name=\"robots\" content=\"index, follow, max-snippet:-1, max-image-preview:large, max-video-preview:-1\" \/>\n<link rel=\"canonical\" href=\"https:\/\/tecnimport.com.pe\/web\/productos\/procyon-labs\/desengrasantes-limpiadores-solventes\/desengrasante-biodegradable-base-acuosa\/\" \/>\n<meta property=\"og:locale\" content=\"es_ES\" \/>\n<meta property=\"og:type\" content=\"article\" \/>\n<meta property=\"og:title\" content=\"Desengrasante Biodegradable Base Acuosa - TECNIMPORT S.A.\" \/>\n<meta property=\"og:description\" content=\"Procyon Aqua Bio Clean es un desengrasante biodegradable base acuosa. Limpia y desengrasa motores, transformadores, remolques, montacargas, entre otros.\" \/>\n<meta property=\"og:url\" content=\"https:\/\/tecnimport.com.pe\/web\/productos\/procyon-labs\/desengrasantes-limpiadores-solventes\/desengrasante-biodegradable-base-acuosa\/\" \/>\n<meta property=\"og:site_name\" content=\"TECNIMPORT S.A.\" \/>\n<meta property=\"article:modified_time\" content=\"2020-11-26T16:54:58+00:00\" \/>\n<meta property=\"og:image\" content=\"https:\/\/tecnimport.com.pe\/web\/wp-content\/uploads\/2018\/11\/solventes_desengrasantes_portada_.gif\" \/>\n\t<meta property=\"og:image:width\" content=\"1000\" \/>\n\t<meta property=\"og:image:height\" content=\"1000\" \/>\n\t<meta property=\"og:image:type\" content=\"image\/gif\" \/>\n<meta name=\"twitter:card\" content=\"summary_large_image\" \/>\n<meta name=\"twitter:label1\" content=\"Precio\" \/>\n\t<meta name=\"twitter:data1\" content=\"\" \/>\n\t<meta name=\"twitter:label2\" content=\"Disponibilidad\" \/>\n\t<meta name=\"twitter:data2\" content=\"Disponible\" \/>\n<script type=\"application\/ld+json\" class=\"yoast-schema-graph\">{\"@context\":\"https:\/\/schema.org\",\"@graph\":[{\"@type\":\"WebPage\",\"@id\":\"https:\/\/tecnimport.com.pe\/web\/productos\/procyon-labs\/desengrasantes-limpiadores-solventes\/desengrasante-biodegradable-base-acuosa\/\",\"url\":\"https:\/\/tecnimport.com.pe\/web\/productos\/procyon-labs\/desengrasantes-limpiadores-solventes\/desengrasante-biodegradable-base-acuosa\/\",\"name\":\"Desengrasante Biodegradable Base Acuosa - TECNIMPORT S.A.\",\"isPartOf\":{\"@id\":\"https:\/\/tecnimport.com.pe\/web\/#website\"},\"primaryImageOfPage\":{\"@id\":\"https:\/\/tecnimport.com.pe\/web\/productos\/procyon-labs\/desengrasantes-limpiadores-solventes\/desengrasante-biodegradable-base-acuosa\/#primaryimage\"},\"image\":{\"@id\":\"https:\/\/tecnimport.com.pe\/web\/productos\/procyon-labs\/desengrasantes-limpiadores-solventes\/desengrasante-biodegradable-base-acuosa\/#primaryimage\"},\"thumbnailUrl\":\"https:\/\/tecnimport.com.pe\/web\/wp-content\/uploads\/2018\/11\/solventes_desengrasantes_portada_.gif\",\"datePublished\":\"2018-11-22T17:39:22+00:00\",\"dateModified\":\"2020-11-26T16:54:58+00:00\",\"description\":\"Procyon Aqua Bio Clean es un desengrasante biodegradable base acuosa. Limpia y desengrasa motores, transformadores, remolques, montacargas, entre otros.\",\"breadcrumb\":{\"@id\":\"https:\/\/tecnimport.com.pe\/web\/productos\/procyon-labs\/desengrasantes-limpiadores-solventes\/desengrasante-biodegradable-base-acuosa\/#breadcrumb\"},\"inLanguage\":\"es\",\"potentialAction\":[{\"@type\":\"ReadAction\",\"target\":[\"https:\/\/tecnimport.com.pe\/web\/productos\/procyon-labs\/desengrasantes-limpiadores-solventes\/desengrasante-biodegradable-base-acuosa\/\"]}]},{\"@type\":\"ImageObject\",\"inLanguage\":\"es\",\"@id\":\"https:\/\/tecnimport.com.pe\/web\/productos\/procyon-labs\/desengrasantes-limpiadores-solventes\/desengrasante-biodegradable-base-acuosa\/#primaryimage\",\"url\":\"https:\/\/tecnimport.com.pe\/web\/wp-content\/uploads\/2018\/11\/solventes_desengrasantes_portada_.gif\",\"contentUrl\":\"https:\/\/tecnimport.com.pe\/web\/wp-content\/uploads\/2018\/11\/solventes_desengrasantes_portada_.gif\",\"width\":1000,\"height\":1000},{\"@type\":\"BreadcrumbList\",\"@id\":\"https:\/\/tecnimport.com.pe\/web\/productos\/procyon-labs\/desengrasantes-limpiadores-solventes\/desengrasante-biodegradable-base-acuosa\/#breadcrumb\",\"itemListElement\":[{\"@type\":\"ListItem\",\"position\":1,\"name\":\"Portada\",\"item\":\"https:\/\/tecnimport.com.pe\/web\/\"},{\"@type\":\"ListItem\",\"position\":2,\"name\":\"Productos\",\"item\":\"https:\/\/tecnimport.com.pe\/web\/productos-navigation\/\"},{\"@type\":\"ListItem\",\"position\":3,\"name\":\"Desengrasante Biodegradable Base Acuosa\"}]},{\"@type\":\"WebSite\",\"@id\":\"https:\/\/tecnimport.com.pe\/web\/#website\",\"url\":\"https:\/\/tecnimport.com.pe\/web\/\",\"name\":\"TECNIMPORT S.A.\",\"description\":\"Representante de Devcon, LPS, Rocol y Procyon en el Per\u00fa\",\"publisher\":{\"@id\":\"https:\/\/tecnimport.com.pe\/web\/#organization\"},\"potentialAction\":[{\"@type\":\"SearchAction\",\"target\":{\"@type\":\"EntryPoint\",\"urlTemplate\":\"https:\/\/tecnimport.com.pe\/web\/?s={search_term_string}\"},\"query-input\":{\"@type\":\"PropertyValueSpecification\",\"valueRequired\":true,\"valueName\":\"search_term_string\"}}],\"inLanguage\":\"es\"},{\"@type\":\"Organization\",\"@id\":\"https:\/\/tecnimport.com.pe\/web\/#organization\",\"name\":\"Tecnimport S.A\",\"url\":\"https:\/\/tecnimport.com.pe\/web\/\",\"logo\":{\"@type\":\"ImageObject\",\"inLanguage\":\"es\",\"@id\":\"https:\/\/tecnimport.com.pe\/web\/#\/schema\/logo\/image\/\",\"url\":\"https:\/\/tecnimport.com.pe\/web\/wp-content\/uploads\/2020\/03\/logo_tecnimport.png\",\"contentUrl\":\"https:\/\/tecnimport.com.pe\/web\/wp-content\/uploads\/2020\/03\/logo_tecnimport.png\",\"width\":367,\"height\":49,\"caption\":\"Tecnimport S.A\"},\"image\":{\"@id\":\"https:\/\/tecnimport.com.pe\/web\/#\/schema\/logo\/image\/\"}}]}<\/script>\n<meta property=\"product:price:amount\" content=\"0.00\" \/>\n<meta property=\"product:price:currency\" content=\"USD\" \/>\n<meta property=\"og:availability\" content=\"instock\" \/>\n<meta property=\"product:availability\" content=\"instock\" \/>\n<meta property=\"product:condition\" content=\"new\" \/>\n<!-- \/ Yoast SEO plugin. -->","yoast_head_json":{"title":"Desengrasante Biodegradable Base Acuosa - TECNIMPORT S.A.","description":"Procyon Aqua Bio Clean es un desengrasante biodegradable base acuosa. Limpia y desengrasa motores, transformadores, remolques, montacargas, entre otros.","robots":{"index":"index","follow":"follow","max-snippet":"max-snippet:-1","max-image-preview":"max-image-preview:large","max-video-preview":"max-video-preview:-1"},"canonical":"https:\/\/tecnimport.com.pe\/web\/productos\/procyon-labs\/desengrasantes-limpiadores-solventes\/desengrasante-biodegradable-base-acuosa\/","og_locale":"es_ES","og_type":"article","og_title":"Desengrasante Biodegradable Base Acuosa - TECNIMPORT S.A.","og_description":"Procyon Aqua Bio Clean es un desengrasante biodegradable base acuosa. Limpia y desengrasa motores, transformadores, remolques, montacargas, entre otros.","og_url":"https:\/\/tecnimport.com.pe\/web\/productos\/procyon-labs\/desengrasantes-limpiadores-solventes\/desengrasante-biodegradable-base-acuosa\/","og_site_name":"TECNIMPORT S.A.","article_modified_time":"2020-11-26T16:54:58+00:00","og_image":[{"width":1000,"height":1000,"url":"https:\/\/tecnimport.com.pe\/web\/wp-content\/uploads\/2018\/11\/solventes_desengrasantes_portada_.gif","type":"image\/gif"}],"twitter_card":"summary_large_image","twitter_misc":{"Precio":"","Disponibilidad":"Disponible"},"schema":{"@context":"https:\/\/schema.org","@graph":[{"@type":"WebPage","@id":"https:\/\/tecnimport.com.pe\/web\/productos\/procyon-labs\/desengrasantes-limpiadores-solventes\/desengrasante-biodegradable-base-acuosa\/","url":"https:\/\/tecnimport.com.pe\/web\/productos\/procyon-labs\/desengrasantes-limpiadores-solventes\/desengrasante-biodegradable-base-acuosa\/","name":"Desengrasante Biodegradable Base Acuosa - TECNIMPORT S.A.","isPartOf":{"@id":"https:\/\/tecnimport.com.pe\/web\/#website"},"primaryImageOfPage":{"@id":"https:\/\/tecnimport.com.pe\/web\/productos\/procyon-labs\/desengrasantes-limpiadores-solventes\/desengrasante-biodegradable-base-acuosa\/#primaryimage"},"image":{"@id":"https:\/\/tecnimport.com.pe\/web\/productos\/procyon-labs\/desengrasantes-limpiadores-solventes\/desengrasante-biodegradable-base-acuosa\/#primaryimage"},"thumbnailUrl":"https:\/\/tecnimport.com.pe\/web\/wp-content\/uploads\/2018\/11\/solventes_desengrasantes_portada_.gif","datePublished":"2018-11-22T17:39:22+00:00","dateModified":"2020-11-26T16:54:58+00:00","description":"Procyon Aqua Bio Clean es un desengrasante biodegradable base acuosa. Limpia y desengrasa motores, transformadores, remolques, montacargas, entre otros.","breadcrumb":{"@id":"https:\/\/tecnimport.com.pe\/web\/productos\/procyon-labs\/desengrasantes-limpiadores-solventes\/desengrasante-biodegradable-base-acuosa\/#breadcrumb"},"inLanguage":"es","potentialAction":[{"@type":"ReadAction","target":["https:\/\/tecnimport.com.pe\/web\/productos\/procyon-labs\/desengrasantes-limpiadores-solventes\/desengrasante-biodegradable-base-acuosa\/"]}]},{"@type":"ImageObject","inLanguage":"es","@id":"https:\/\/tecnimport.com.pe\/web\/productos\/procyon-labs\/desengrasantes-limpiadores-solventes\/desengrasante-biodegradable-base-acuosa\/#primaryimage","url":"https:\/\/tecnimport.com.pe\/web\/wp-content\/uploads\/2018\/11\/solventes_desengrasantes_portada_.gif","contentUrl":"https:\/\/tecnimport.com.pe\/web\/wp-content\/uploads\/2018\/11\/solventes_desengrasantes_portada_.gif","width":1000,"height":1000},{"@type":"BreadcrumbList","@id":"https:\/\/tecnimport.com.pe\/web\/productos\/procyon-labs\/desengrasantes-limpiadores-solventes\/desengrasante-biodegradable-base-acuosa\/#breadcrumb","itemListElement":[{"@type":"ListItem","position":1,"name":"Portada","item":"https:\/\/tecnimport.com.pe\/web\/"},{"@type":"ListItem","position":2,"name":"Productos","item":"https:\/\/tecnimport.com.pe\/web\/productos-navigation\/"},{"@type":"ListItem","position":3,"name":"Desengrasante Biodegradable Base Acuosa"}]},{"@type":"WebSite","@id":"https:\/\/tecnimport.com.pe\/web\/#website","url":"https:\/\/tecnimport.com.pe\/web\/","name":"TECNIMPORT S.A.","description":"Representante de Devcon, LPS, Rocol y Procyon en el Per\u00fa","publisher":{"@id":"https:\/\/tecnimport.com.pe\/web\/#organization"},"potentialAction":[{"@type":"SearchAction","target":{"@type":"EntryPoint","urlTemplate":"https:\/\/tecnimport.com.pe\/web\/?s={search_term_string}"},"query-input":{"@type":"PropertyValueSpecification","valueRequired":true,"valueName":"search_term_string"}}],"inLanguage":"es"},{"@type":"Organization","@id":"https:\/\/tecnimport.com.pe\/web\/#organization","name":"Tecnimport S.A","url":"https:\/\/tecnimport.com.pe\/web\/","logo":{"@type":"ImageObject","inLanguage":"es","@id":"https:\/\/tecnimport.com.pe\/web\/#\/schema\/logo\/image\/","url":"https:\/\/tecnimport.com.pe\/web\/wp-content\/uploads\/2020\/03\/logo_tecnimport.png","contentUrl":"https:\/\/tecnimport.com.pe\/web\/wp-content\/uploads\/2020\/03\/logo_tecnimport.png","width":367,"height":49,"caption":"Tecnimport S.A"},"image":{"@id":"https:\/\/tecnimport.com.pe\/web\/#\/schema\/logo\/image\/"}}]},"product_price_amount":"0.00","product_price_currency":"USD","og_availability":"instock","product_availability":"instock","product_condition":"new"},"_links":{"self":[{"href":"https:\/\/tecnimport.com.pe\/web\/wp-json\/wp\/v2\/product\/3669","targetHints":{"allow":["GET"]}}],"collection":[{"href":"https:\/\/tecnimport.com.pe\/web\/wp-json\/wp\/v2\/product"}],"about":[{"href":"https:\/\/tecnimport.com.pe\/web\/wp-json\/wp\/v2\/types\/product"}],"wp:featuredmedia":[{"embeddable":true,"href":"https:\/\/tecnimport.com.pe\/web\/wp-json\/wp\/v2\/media\/5446"}],"wp:attachment":[{"href":"https:\/\/tecnimport.com.pe\/web\/wp-json\/wp\/v2\/media?parent=3669"}],"wp:term":[{"taxonomy":"product_brand","embeddable":true,"href":"https:\/\/tecnimport.com.pe\/web\/wp-json\/wp\/v2\/product_brand?post=3669"},{"taxonomy":"product_cat","embeddable":true,"href":"https:\/\/tecnimport.com.pe\/web\/wp-json\/wp\/v2\/product_cat?post=3669"},{"taxonomy":"product_tag","embeddable":true,"href":"https:\/\/tecnimport.com.pe\/web\/wp-json\/wp\/v2\/product_tag?post=3669"}],"curies":[{"name":"wp","href":"https:\/\/api.w.org\/{rel}","templated":true}]}}