{"id":3617,"date":"2018-11-16T17:35:05","date_gmt":"2018-11-16T22:35:05","guid":{"rendered":"http:\/\/tecnimport.com.pe\/web\/productos\/procyon\/grasa-en-bloque-cojinetes-trunnion\/"},"modified":"2023-04-11T19:11:58","modified_gmt":"2023-04-12T00:11:58","slug":"grasa-en-bloque-tipo-ladrillo","status":"publish","type":"product","link":"https:\/\/tecnimport.com.pe\/web\/productos\/procyon-labs\/grasas-y-lubricantes-especializados-procyon\/grasa-en-bloque-tipo-ladrillo\/","title":{"rendered":"Grasa en Bloque | Procyon Problock Grease NA"},"content":{"rendered":"<h2><strong>PROCYON PROBLOCK GREASE NA<\/strong><\/h2>\n<h3><strong>Grasa en Bloque para Trunnion de Molinos<\/strong><\/h3>\n<p><strong>Procyon Problock Grease NA <\/strong>\u00a0es una <strong> Grasa en Bloque <\/strong>\u00a0tipo Ladrillo, puede estar compuesta de grafito, sodio o litio. Es formulado especialmente para el uso general en la lubricacio\u0301n para Trunnion de Molinos lubricados por gravedad, cargando la grasa por rozamiento contra el pu\u00f1o. Es una Grasa en Bloque para Trunnions y Molinos que cuenta con un alto \u00edndice de viscosidad, espesada con jabones dobles de litio o sodio seg\u00fan su necesidad. Ayuda la Lubricaci\u00f3n para Trunnions y Molinos. Grasa de grafito sodio o Litio, Grasa en Bloque tipo ladrillo<\/p>\n<p>Grasa en Bloque para Molinos<\/p>\n<h4><strong>Caracter\u00edsticas<\/strong><\/h4>\n<ul>\n<li>Grasa en bloque para Cojinetes Trunnion de Molinos.<\/li>\n<li>Cuenta con un alto i\u0301ndice de viscosidad, espesada con jabones dobles de litio o sodio<\/li>\n<li>recomendada para cojinetes planos de babbitt como bronce de los molinos de la plantas concentradoras, chancadoras, molinos de bolas, en la industria minera y cementera.<\/li>\n<li>Trabajan a baja velocidad y cuentan con antifriccionante y lubricante de eficacia usado exitosamente en los Trunnion.<\/li>\n<li>Lubricaci\u00f3n para Trunnions y Molinos<\/li>\n<li>Grasa de grafito sodio o Litio<\/li>\n<\/ul>\n<p>Su formulacio\u0301n ofrece importantes propiedades como cuidado y proteccio\u0301n a las chumaceras, puntos cri\u0301ticos de permanente friccio\u0301n.<\/p>\n<p><strong>Procyon Problock Grease NA<\/strong> es balanceado con aditivos so\u0301lidos y li\u0301quidos para trabajo Heavy Duty (HD) de Extrema Presio\u0301n (EP) e inhibidores de corrosi\u00f3n. Su selecta formulacio\u0301n ofrece importantes propiedades de cuidado y proteccio\u0301n a las chumaceras, puntos cri\u0301ticos de permanente friccio\u0301n.<\/p>\n<h4>Productos<\/h4>\n<table style=\"width: 100%;\">\n<tbody>\n<tr>\n<th>Producto<\/th>\n<th>Descripci\u00f3n<\/th>\n<th>Ficha T\u00e9nica<\/th>\n<th>Hoja de Seguridad<\/th>\n<\/tr>\n<tr>\n<td><strong>Procyon Problock Grease NA<\/strong><\/td>\n<td>Grasa en Bloque para Molinos Base Sodio<\/td>\n<td><a style=\"color: #94241c;\" href=\"https:\/\/tecnimport.com.pe\/web\/wp-content\/uploads\/2023\/04\/PROCYON-PROBLOCK-GREASE-NA.pdf\" target=\"_blank\" rel=\"noopener noreferrer\">Ficha T\u00e9cnica<\/a><\/td>\n<td><a style=\"color: #94241c;\" href=\"https:\/\/tecnimport.com.pe\/web\/wp-content\/uploads\/2021\/10\/PROCYON-SYNBLOCK-GREASE-NA-MSDS.pdf\" target=\"_blank\" rel=\"noopener noreferrer\">Hoja de Seguridad T\u00e9cnica<\/a><\/td>\n<\/tr>\n<\/tbody>\n<\/table>\n<div id=\"attachment_4434\" style=\"width: 506px\" class=\"wp-caption aligncenter\"><a href=\"https:\/\/tecnimport.com.pe\/web\/wp-content\/uploads\/2018\/11\/Grasa-en-Bloque-Tipo-Ladrillo-para-Trunnions-de-Molinos-Tecnimport.gif\" target=\"_blank\" rel=\"noopener noreferrer\"><img loading=\"lazy\" decoding=\"async\" aria-describedby=\"caption-attachment-4434\" class=\"wp-image-4434\" title=\"Grasa en Bloque | Procyon Problock grease NA\" src=\"http:\/\/tecnimport.com.pe\/web\/wp-content\/uploads\/2018\/11\/Grasa-en-bloque-tecnimport.gif\" alt=\"Grasa en Bloque\" width=\"496\" height=\"496\" \/><\/a><p id=\"caption-attachment-4434\" class=\"wp-caption-text\">Grasa en Bloque formulado para la lubricacio\u0301n de Trunnions de Molinos.<\/p><\/div>\n<p><strong>Otras Categor\u00edas de Grasas<\/strong><\/p>\n<ul>\n<li><a href=\"https:\/\/tecnimport.com.pe\/web\/productos\/procyon\/grasas-especiales\/grasa-multiproposito-ep-2\/\" target=\"_blank\" rel=\"noopener noreferrer\">Grasa Multipr\u00f3sito<\/a><\/li>\n<li><a href=\"https:\/\/tecnimport.com.pe\/web\/productos\/procyon\/grasas-especiales\/grasa-en-bloque\/?preview_id=3617&amp;preview_nonce=939825d9f0&amp;_thumbnail_id=4434&amp;preview=true\">Grasas en Bloque<\/a><\/li>\n<li><a href=\"https:\/\/tecnimport.com.pe\/web\/productos\/procyon\/mantenimiento_cotidiano\/grasa-engranajes-abiertos\/\" target=\"_blank\" rel=\"noopener noreferrer\">Grasas para Engranajes Abiertos<\/a><\/li>\n<li>Altas Temperaturas<\/li>\n<li>Carga extrema<\/li>\n<li>Grasa para Cables<\/li>\n<li>Rodamientos y Chumaceras<\/li>\n<li><a href=\"https:\/\/tecnimport.com.pe\/web\/productos\/procyon\/grasas-especiales\/grasa-para-maquinas-alimenticias\/\" target=\"_blank\" rel=\"noopener noreferrer\">Grasas para M\u00e1quinas Alimenticias Grado H1<\/a><\/li>\n<li>Lubricantes para Engranaje y Compresoras<\/li>\n<\/ul>\n<p><strong><a href=\"http:\/\/www.procyon-labs.com\" target=\"_blank\" rel=\"noopener noreferrer\">#Procyon<\/a><\/strong><\/p>\n<p>&nbsp;<\/p>\n<p><strong style=\"color: #000;\">Nota: Comun\u00edquese con nuestro departamento de lubricaci\u00f3n para una asesor\u00eda t\u00e9cnica personalizada<\/strong><\/p>\n","protected":false},"excerpt":{"rendered":"<h2><strong>PROCYON PROBLOCK GREASE NA<\/strong><\/h2>\n<h3><strong>Grasa en Bloque para Trunnion de Molinos<\/strong><\/h3>\n<p>La <strong>Grasa en Bloque<\/strong> tipo Ladrillo <strong>Procyon Problock Grease NA<\/strong> es una Grasa en Bloque para Trunnions y Molinos formulado especialmente para el uso general en la lubricacio\u0301n de chumaceras del tipo Trunnion de Molinos lubricados por gravedad, cargando la grasa por rozamiento contra el pun\u0303o.<\/p>\n<h4>Producto<\/h4>\n<table style=\"width: 100%;\">\n<tbody>\n<tr>\n<th>Producto<\/th>\n<th>Descripci\u00f3n<\/th>\n<th>Ficha T\u00e9nica<\/th>\n<th>Hoja de Seguridad<\/th>\n<\/tr>\n<tr>\n<td><strong>Procyon Problock Grease NA<\/strong><\/td>\n<td>Grasa en Bloque para Molinos Base Sodio<\/td>\n<td><a style=\"color: #94241c;\" href=\"https:\/\/tecnimport.com.pe\/web\/wp-content\/uploads\/2023\/04\/PROCYON-PROBLOCK-GREASE-NA.pdf\" target=\"_blank\" rel=\"noopener noreferrer\">Ficha T\u00e9cnica<\/a><\/td>\n<td><a style=\"color: #94241c;\" href=\"https:\/\/tecnimport.com.pe\/web\/wp-content\/uploads\/2021\/10\/PROCYON-SYNBLOCK-GREASE-NA-MSDS.pdf\" target=\"_blank\" rel=\"noopener noreferrer\">Hoja de Seguridad T\u00e9cnica<\/a><\/td>\n<\/tr>\n<\/tbody>\n<\/table>\n<p><strong>Ver m\u00e1s en Descripci\u00f3n de Producto<\/strong><\/p>\n","protected":false},"featured_media":4434,"template":"","meta":[],"product_brand":[],"product_cat":[280,285],"product_tag":[638,653,652,394,651],"class_list":{"0":"post-3617","1":"product","2":"type-product","3":"status-publish","4":"has-post-thumbnail","6":"product_cat-procyon-labs","7":"product_cat-grasas-y-lubricantes-especializados-procyon","8":"product_tag-grasas","9":"product_tag-grasas-de-litio","10":"product_tag-grasas-de-sodio","11":"product_tag-grasas-en-bloque","12":"product_tag-grasas-grafitada","14":"first","15":"instock","16":"shipping-taxable","17":"product-type-simple"},"yoast_head":"<!-- This site is optimized with the Yoast SEO plugin v26.9 - https:\/\/yoast.com\/product\/yoast-seo-wordpress\/ -->\n<title>GRASA EN BLOQUE | PROCYON PROBLOCK GREASE NA<\/title>\n<meta name=\"description\" content=\"Procyon Problock grease NA es una grasa bloque tipo ladrillo. Grasa en Bloque para Molinos. grasa de grafito sodio o Litio\" \/>\n<meta name=\"robots\" content=\"index, follow, max-snippet:-1, max-image-preview:large, max-video-preview:-1\" \/>\n<link rel=\"canonical\" href=\"https:\/\/tecnimport.com.pe\/web\/productos\/procyon-labs\/grasas-y-lubricantes-especializados-procyon\/grasa-en-bloque-tipo-ladrillo\/\" \/>\n<meta property=\"og:locale\" content=\"es_ES\" \/>\n<meta property=\"og:type\" content=\"article\" \/>\n<meta property=\"og:title\" content=\"GRASA EN BLOQUE | PROCYON PROBLOCK GREASE NA\" \/>\n<meta property=\"og:description\" content=\"Procyon Problock grease NA es una grasa bloque tipo ladrillo. Grasa en Bloque para Molinos. grasa de grafito sodio o Litio\" \/>\n<meta property=\"og:url\" content=\"https:\/\/tecnimport.com.pe\/web\/productos\/procyon-labs\/grasas-y-lubricantes-especializados-procyon\/grasa-en-bloque-tipo-ladrillo\/\" \/>\n<meta property=\"og:site_name\" content=\"TECNIMPORT S.A.\" \/>\n<meta property=\"article:modified_time\" content=\"2023-04-12T00:11:58+00:00\" \/>\n<meta property=\"og:image\" content=\"https:\/\/tecnimport.com.pe\/web\/wp-content\/uploads\/2018\/11\/Grasa-en-bloque-tecnimport.gif\" \/>\n\t<meta property=\"og:image:width\" content=\"1000\" \/>\n\t<meta property=\"og:image:height\" content=\"1000\" \/>\n\t<meta property=\"og:image:type\" content=\"image\/gif\" \/>\n<meta name=\"twitter:card\" content=\"summary_large_image\" \/>\n<meta name=\"twitter:label1\" content=\"Precio\" \/>\n\t<meta name=\"twitter:data1\" content=\"\" \/>\n\t<meta name=\"twitter:label2\" content=\"Disponibilidad\" \/>\n\t<meta name=\"twitter:data2\" content=\"Disponible\" \/>\n<script type=\"application\/ld+json\" class=\"yoast-schema-graph\">{\"@context\":\"https:\/\/schema.org\",\"@graph\":[{\"@type\":\"WebPage\",\"@id\":\"https:\/\/tecnimport.com.pe\/web\/productos\/procyon-labs\/grasas-y-lubricantes-especializados-procyon\/grasa-en-bloque-tipo-ladrillo\/\",\"url\":\"https:\/\/tecnimport.com.pe\/web\/productos\/procyon-labs\/grasas-y-lubricantes-especializados-procyon\/grasa-en-bloque-tipo-ladrillo\/\",\"name\":\"GRASA EN BLOQUE | PROCYON PROBLOCK GREASE NA\",\"isPartOf\":{\"@id\":\"https:\/\/tecnimport.com.pe\/web\/#website\"},\"primaryImageOfPage\":{\"@id\":\"https:\/\/tecnimport.com.pe\/web\/productos\/procyon-labs\/grasas-y-lubricantes-especializados-procyon\/grasa-en-bloque-tipo-ladrillo\/#primaryimage\"},\"image\":{\"@id\":\"https:\/\/tecnimport.com.pe\/web\/productos\/procyon-labs\/grasas-y-lubricantes-especializados-procyon\/grasa-en-bloque-tipo-ladrillo\/#primaryimage\"},\"thumbnailUrl\":\"https:\/\/tecnimport.com.pe\/web\/wp-content\/uploads\/2018\/11\/Grasa-en-bloque-tecnimport.gif\",\"datePublished\":\"2018-11-16T22:35:05+00:00\",\"dateModified\":\"2023-04-12T00:11:58+00:00\",\"description\":\"Procyon Problock grease NA es una grasa bloque tipo ladrillo. Grasa en Bloque para Molinos. grasa de grafito sodio o Litio\",\"breadcrumb\":{\"@id\":\"https:\/\/tecnimport.com.pe\/web\/productos\/procyon-labs\/grasas-y-lubricantes-especializados-procyon\/grasa-en-bloque-tipo-ladrillo\/#breadcrumb\"},\"inLanguage\":\"es\",\"potentialAction\":[{\"@type\":\"ReadAction\",\"target\":[\"https:\/\/tecnimport.com.pe\/web\/productos\/procyon-labs\/grasas-y-lubricantes-especializados-procyon\/grasa-en-bloque-tipo-ladrillo\/\"]}]},{\"@type\":\"ImageObject\",\"inLanguage\":\"es\",\"@id\":\"https:\/\/tecnimport.com.pe\/web\/productos\/procyon-labs\/grasas-y-lubricantes-especializados-procyon\/grasa-en-bloque-tipo-ladrillo\/#primaryimage\",\"url\":\"https:\/\/tecnimport.com.pe\/web\/wp-content\/uploads\/2018\/11\/Grasa-en-bloque-tecnimport.gif\",\"contentUrl\":\"https:\/\/tecnimport.com.pe\/web\/wp-content\/uploads\/2018\/11\/Grasa-en-bloque-tecnimport.gif\",\"width\":1000,\"height\":1000},{\"@type\":\"BreadcrumbList\",\"@id\":\"https:\/\/tecnimport.com.pe\/web\/productos\/procyon-labs\/grasas-y-lubricantes-especializados-procyon\/grasa-en-bloque-tipo-ladrillo\/#breadcrumb\",\"itemListElement\":[{\"@type\":\"ListItem\",\"position\":1,\"name\":\"Portada\",\"item\":\"https:\/\/tecnimport.com.pe\/web\/\"},{\"@type\":\"ListItem\",\"position\":2,\"name\":\"Productos\",\"item\":\"https:\/\/tecnimport.com.pe\/web\/productos-navigation\/\"},{\"@type\":\"ListItem\",\"position\":3,\"name\":\"Grasa en Bloque | Procyon Problock Grease NA\"}]},{\"@type\":\"WebSite\",\"@id\":\"https:\/\/tecnimport.com.pe\/web\/#website\",\"url\":\"https:\/\/tecnimport.com.pe\/web\/\",\"name\":\"TECNIMPORT S.A.\",\"description\":\"Representante de Devcon, LPS, Rocol y Procyon en el Per\u00fa\",\"publisher\":{\"@id\":\"https:\/\/tecnimport.com.pe\/web\/#organization\"},\"potentialAction\":[{\"@type\":\"SearchAction\",\"target\":{\"@type\":\"EntryPoint\",\"urlTemplate\":\"https:\/\/tecnimport.com.pe\/web\/?s={search_term_string}\"},\"query-input\":{\"@type\":\"PropertyValueSpecification\",\"valueRequired\":true,\"valueName\":\"search_term_string\"}}],\"inLanguage\":\"es\"},{\"@type\":\"Organization\",\"@id\":\"https:\/\/tecnimport.com.pe\/web\/#organization\",\"name\":\"Tecnimport S.A\",\"url\":\"https:\/\/tecnimport.com.pe\/web\/\",\"logo\":{\"@type\":\"ImageObject\",\"inLanguage\":\"es\",\"@id\":\"https:\/\/tecnimport.com.pe\/web\/#\/schema\/logo\/image\/\",\"url\":\"https:\/\/tecnimport.com.pe\/web\/wp-content\/uploads\/2020\/03\/logo_tecnimport.png\",\"contentUrl\":\"https:\/\/tecnimport.com.pe\/web\/wp-content\/uploads\/2020\/03\/logo_tecnimport.png\",\"width\":367,\"height\":49,\"caption\":\"Tecnimport S.A\"},\"image\":{\"@id\":\"https:\/\/tecnimport.com.pe\/web\/#\/schema\/logo\/image\/\"}}]}<\/script>\n<meta property=\"product:price:amount\" content=\"0.00\" \/>\n<meta property=\"product:price:currency\" content=\"USD\" \/>\n<meta property=\"og:availability\" content=\"instock\" \/>\n<meta property=\"product:availability\" content=\"instock\" \/>\n<meta property=\"product:condition\" content=\"new\" \/>\n<!-- \/ Yoast SEO plugin. -->","yoast_head_json":{"title":"GRASA EN BLOQUE | PROCYON PROBLOCK GREASE NA","description":"Procyon Problock grease NA es una grasa bloque tipo ladrillo. Grasa en Bloque para Molinos. grasa de grafito sodio o Litio","robots":{"index":"index","follow":"follow","max-snippet":"max-snippet:-1","max-image-preview":"max-image-preview:large","max-video-preview":"max-video-preview:-1"},"canonical":"https:\/\/tecnimport.com.pe\/web\/productos\/procyon-labs\/grasas-y-lubricantes-especializados-procyon\/grasa-en-bloque-tipo-ladrillo\/","og_locale":"es_ES","og_type":"article","og_title":"GRASA EN BLOQUE | PROCYON PROBLOCK GREASE NA","og_description":"Procyon Problock grease NA es una grasa bloque tipo ladrillo. Grasa en Bloque para Molinos. grasa de grafito sodio o Litio","og_url":"https:\/\/tecnimport.com.pe\/web\/productos\/procyon-labs\/grasas-y-lubricantes-especializados-procyon\/grasa-en-bloque-tipo-ladrillo\/","og_site_name":"TECNIMPORT S.A.","article_modified_time":"2023-04-12T00:11:58+00:00","og_image":[{"width":1000,"height":1000,"url":"https:\/\/tecnimport.com.pe\/web\/wp-content\/uploads\/2018\/11\/Grasa-en-bloque-tecnimport.gif","type":"image\/gif"}],"twitter_card":"summary_large_image","twitter_misc":{"Precio":"","Disponibilidad":"Disponible"},"schema":{"@context":"https:\/\/schema.org","@graph":[{"@type":"WebPage","@id":"https:\/\/tecnimport.com.pe\/web\/productos\/procyon-labs\/grasas-y-lubricantes-especializados-procyon\/grasa-en-bloque-tipo-ladrillo\/","url":"https:\/\/tecnimport.com.pe\/web\/productos\/procyon-labs\/grasas-y-lubricantes-especializados-procyon\/grasa-en-bloque-tipo-ladrillo\/","name":"GRASA EN BLOQUE | PROCYON PROBLOCK GREASE NA","isPartOf":{"@id":"https:\/\/tecnimport.com.pe\/web\/#website"},"primaryImageOfPage":{"@id":"https:\/\/tecnimport.com.pe\/web\/productos\/procyon-labs\/grasas-y-lubricantes-especializados-procyon\/grasa-en-bloque-tipo-ladrillo\/#primaryimage"},"image":{"@id":"https:\/\/tecnimport.com.pe\/web\/productos\/procyon-labs\/grasas-y-lubricantes-especializados-procyon\/grasa-en-bloque-tipo-ladrillo\/#primaryimage"},"thumbnailUrl":"https:\/\/tecnimport.com.pe\/web\/wp-content\/uploads\/2018\/11\/Grasa-en-bloque-tecnimport.gif","datePublished":"2018-11-16T22:35:05+00:00","dateModified":"2023-04-12T00:11:58+00:00","description":"Procyon Problock grease NA es una grasa bloque tipo ladrillo. Grasa en Bloque para Molinos. grasa de grafito sodio o Litio","breadcrumb":{"@id":"https:\/\/tecnimport.com.pe\/web\/productos\/procyon-labs\/grasas-y-lubricantes-especializados-procyon\/grasa-en-bloque-tipo-ladrillo\/#breadcrumb"},"inLanguage":"es","potentialAction":[{"@type":"ReadAction","target":["https:\/\/tecnimport.com.pe\/web\/productos\/procyon-labs\/grasas-y-lubricantes-especializados-procyon\/grasa-en-bloque-tipo-ladrillo\/"]}]},{"@type":"ImageObject","inLanguage":"es","@id":"https:\/\/tecnimport.com.pe\/web\/productos\/procyon-labs\/grasas-y-lubricantes-especializados-procyon\/grasa-en-bloque-tipo-ladrillo\/#primaryimage","url":"https:\/\/tecnimport.com.pe\/web\/wp-content\/uploads\/2018\/11\/Grasa-en-bloque-tecnimport.gif","contentUrl":"https:\/\/tecnimport.com.pe\/web\/wp-content\/uploads\/2018\/11\/Grasa-en-bloque-tecnimport.gif","width":1000,"height":1000},{"@type":"BreadcrumbList","@id":"https:\/\/tecnimport.com.pe\/web\/productos\/procyon-labs\/grasas-y-lubricantes-especializados-procyon\/grasa-en-bloque-tipo-ladrillo\/#breadcrumb","itemListElement":[{"@type":"ListItem","position":1,"name":"Portada","item":"https:\/\/tecnimport.com.pe\/web\/"},{"@type":"ListItem","position":2,"name":"Productos","item":"https:\/\/tecnimport.com.pe\/web\/productos-navigation\/"},{"@type":"ListItem","position":3,"name":"Grasa en Bloque | Procyon Problock Grease NA"}]},{"@type":"WebSite","@id":"https:\/\/tecnimport.com.pe\/web\/#website","url":"https:\/\/tecnimport.com.pe\/web\/","name":"TECNIMPORT S.A.","description":"Representante de Devcon, LPS, Rocol y Procyon en el Per\u00fa","publisher":{"@id":"https:\/\/tecnimport.com.pe\/web\/#organization"},"potentialAction":[{"@type":"SearchAction","target":{"@type":"EntryPoint","urlTemplate":"https:\/\/tecnimport.com.pe\/web\/?s={search_term_string}"},"query-input":{"@type":"PropertyValueSpecification","valueRequired":true,"valueName":"search_term_string"}}],"inLanguage":"es"},{"@type":"Organization","@id":"https:\/\/tecnimport.com.pe\/web\/#organization","name":"Tecnimport S.A","url":"https:\/\/tecnimport.com.pe\/web\/","logo":{"@type":"ImageObject","inLanguage":"es","@id":"https:\/\/tecnimport.com.pe\/web\/#\/schema\/logo\/image\/","url":"https:\/\/tecnimport.com.pe\/web\/wp-content\/uploads\/2020\/03\/logo_tecnimport.png","contentUrl":"https:\/\/tecnimport.com.pe\/web\/wp-content\/uploads\/2020\/03\/logo_tecnimport.png","width":367,"height":49,"caption":"Tecnimport S.A"},"image":{"@id":"https:\/\/tecnimport.com.pe\/web\/#\/schema\/logo\/image\/"}}]},"product_price_amount":"0.00","product_price_currency":"USD","og_availability":"instock","product_availability":"instock","product_condition":"new"},"_links":{"self":[{"href":"https:\/\/tecnimport.com.pe\/web\/wp-json\/wp\/v2\/product\/3617","targetHints":{"allow":["GET"]}}],"collection":[{"href":"https:\/\/tecnimport.com.pe\/web\/wp-json\/wp\/v2\/product"}],"about":[{"href":"https:\/\/tecnimport.com.pe\/web\/wp-json\/wp\/v2\/types\/product"}],"wp:featuredmedia":[{"embeddable":true,"href":"https:\/\/tecnimport.com.pe\/web\/wp-json\/wp\/v2\/media\/4434"}],"wp:attachment":[{"href":"https:\/\/tecnimport.com.pe\/web\/wp-json\/wp\/v2\/media?parent=3617"}],"wp:term":[{"taxonomy":"product_brand","embeddable":true,"href":"https:\/\/tecnimport.com.pe\/web\/wp-json\/wp\/v2\/product_brand?post=3617"},{"taxonomy":"product_cat","embeddable":true,"href":"https:\/\/tecnimport.com.pe\/web\/wp-json\/wp\/v2\/product_cat?post=3617"},{"taxonomy":"product_tag","embeddable":true,"href":"https:\/\/tecnimport.com.pe\/web\/wp-json\/wp\/v2\/product_tag?post=3617"}],"curies":[{"name":"wp","href":"https:\/\/api.w.org\/{rel}","templated":true}]}}