{"id":3599,"date":"2018-11-15T16:33:03","date_gmt":"2018-11-15T21:33:03","guid":{"rendered":"http:\/\/tecnimport.com.pe\/web\/productos\/procyon\/grasa-multiproposito-ep-2\/"},"modified":"2020-11-26T14:35:33","modified_gmt":"2020-11-26T19:35:33","slug":"grasas-multiproposito-procyon","status":"publish","type":"product","link":"https:\/\/tecnimport.com.pe\/web\/productos\/procyon-labs\/grasas-y-lubricantes-especializados-procyon\/grasas-multiproposito-procyon\/","title":{"rendered":"Grasas Multiprop\u00f3sito"},"content":{"rendered":"<h3><strong>Grasas Multiprop\u00f3sito Procyon<\/strong><\/h3>\n<p>Las <strong>Grasas Multiprop\u00f3sito Procyon<\/strong> son desarrolladas para ser empleadas en lubricacio\u0301n de cojinetes as\u00ed como chumaceras, rodamientos, chasis entre otras aplicaciones. Debido a eso podemos encontrar diversas aplicaciones en la industria del acero y metal meca\u0301nica,\u00a0 construccio\u0301n, industrias de impresio\u0301n, mineri\u0301a, textil asi\u0301 mismo como para partes de vehi\u0301culos conforme a las especificaciones de los fabricantes, entre otras.<\/p>\n<h4>Aplicaciones<\/h4>\n<ul>\n<li>Principalmente las grasas multiprop\u00f3sito son ideales para ser aplicadas en rodamientos y bujes en alta carga, as\u00ed como los que se encuentran en ruedas de camiones, bujes y articulaciones de ma\u0301quinas de movimiento de tierra, cintas de transporte, etc. Es por eso que Procyon recomienda una gama de opciones para aplicar.<\/li>\n<li>Finalmente se empleada en lubricacio\u0301n de cojinetes, chasis, ensambles universales, quinta rueda, equipos pesados de construccio\u0301n, cadenas de rodillos, algunos tipos de engranes, ma\u0301quinas herramientas, motores ele\u0301ctricos, bandas transportadoras, montacargas y en todos aquellos equipos que requieren el uso de una grasa mu\u0301ltiple con gran capacidad de extrema presio\u0301n y anti desgaste.<\/li>\n<\/ul>\n<h4><strong>Caracter\u00edsticas<\/strong><\/h4>\n<ul>\n<li>Principalmente resistencia a la extrema presio\u0301n.<\/li>\n<li>Adem\u00e1s posse resistencia al agua.<\/li>\n<li>Tambi\u00e9n proteccio\u0301n anti desgaste y anti herrumbre.<\/li>\n<li>Adhesividad y resistencia a la oxidacio\u0301n.<\/li>\n<li>Estabilidad a los esfuerzos de rotacio\u0301n.<\/li>\n<li>Por lo tanto es f\u00e1cil la aplicacio\u0301n con pistola engrasadora.<\/li>\n<li>Tambi\u00e9n posee excelente estabilidad a altas temperaturas.<\/li>\n<li>Finalmente ofrecen efectiva lubricacio\u0301n dentro de rangos de temperatura hasta 140 \u02daC , protegiendo las piezas lubricadas en condiciones ambientales muy extremas.<\/li>\n<li>Grasa Multipropo\u0301sito<\/li>\n<\/ul>\n<h4>Productos<\/h4>\n<p>&nbsp;<\/p>\n<table style=\"width: 100%;\">\n<tbody>\n<tr>\n<th>Producto<\/th>\n<th>Descripci\u00f3n<\/th>\n<th>Ficha T\u00e9nica<\/th>\n<th>Hoja de Seguridad<\/th>\n<\/tr>\n<tr>\n<td><strong>Procyon Grasa Multiprop\u00f3sito EP-1, EP-2 y EP-3<\/strong><\/td>\n<td>Grasas de Litio Multipropo\u0301sito<\/td>\n<td><a style=\"color: #94241c;\" href=\"http:\/\/tecnimport.com.pe\/web\/wp-content\/uploads\/2018\/11\/1.-PROCYON-GRASA-MULTIPROPO\u0301SITO-EP-2.pdf\" target=\"_blank\" rel=\"noopener noreferrer\">Ficha T\u00e9cnica<\/a><\/td>\n<td><a style=\"color: #94241c;\" href=\"http:\/\/tecnimport.com.pe\/web\/wp-content\/uploads\/2018\/11\/1.-PROCYON-GRASA-MULTIPROPO\u0301SITO-EP-2.pdf\" target=\"_blank\" rel=\"noopener noreferrer\">Hoja de Seguridad T\u00e9cnica<\/a><\/td>\n<\/tr>\n<tr>\n<td><strong>Moly Grease EP-2<\/strong><\/td>\n<td>Grasa Multipropo\u0301sito para Extramas Presiones de grafito as\u00ed como de molibdeno<\/td>\n<td><a style=\"color: #94241c;\" href=\"http:\/\/tecnimport.com.pe\/web\/wp-content\/uploads\/2018\/11\/1.-PROCYON-GRASA-MULTIPROPO\u0301SITO-EP-2.pdf\" target=\"_blank\" rel=\"noopener noreferrer\">Ficha T\u00e9cnica<\/a><\/td>\n<td><a style=\"color: #94241c;\" href=\"http:\/\/tecnimport.com.pe\/web\/wp-content\/uploads\/2018\/11\/1.-PROCYON-GRASA-MULTIPROPO\u0301SITO-EP-2.pdf\" target=\"_blank\" rel=\"noopener noreferrer\">Hoja de Seguridad T\u00e9cnica<\/a><\/td>\n<\/tr>\n<tr>\n<td><strong>Procyon MG 240<\/strong><\/td>\n<td>Grasa Multipropo\u0301sito con Moly y Grafito<\/td>\n<td><a style=\"color: #94241c;\" href=\"http:\/\/tecnimport.com.pe\/web\/wp-content\/uploads\/2018\/11\/1.-PROCYON-GRASA-MULTIPROPO\u0301SITO-EP-2.pdf\" target=\"_blank\" rel=\"noopener noreferrer\">Ficha T\u00e9cnica<\/a><\/td>\n<td><a style=\"color: #94241c;\" href=\"http:\/\/tecnimport.com.pe\/web\/wp-content\/uploads\/2018\/11\/1.-PROCYON-GRASA-MULTIPROPO\u0301SITO-EP-2.pdf\" target=\"_blank\" rel=\"noopener noreferrer\">Hoja de Seguridad T\u00e9cnica<\/a><\/td>\n<\/tr>\n<\/tbody>\n<\/table>\n<p>&nbsp;<\/p>\n<div id=\"attachment_5437\" style=\"width: 430px\" class=\"wp-caption aligncenter\"><a href=\"https:\/\/tecnimport.com.pe\/web\/wp-content\/uploads\/2018\/11\/PROCYON-WRT-220-img.jpg\"><img loading=\"lazy\" decoding=\"async\" aria-describedby=\"caption-attachment-5437\" class=\"wp-image-5437\" title=\"Grasas Multiprop\u00f3sito\" src=\"https:\/\/tecnimport.com.pe\/web\/wp-content\/uploads\/2018\/11\/PROCYON-WRT-220-img.jpg\" alt=\"Grasas Multiprop\u00f3sito\" width=\"420\" height=\"234\" srcset=\"https:\/\/tecnimport.com.pe\/web\/wp-content\/uploads\/2018\/11\/PROCYON-WRT-220-img.jpg 800w, https:\/\/tecnimport.com.pe\/web\/wp-content\/uploads\/2018\/11\/PROCYON-WRT-220-img-150x83.jpg 150w, https:\/\/tecnimport.com.pe\/web\/wp-content\/uploads\/2018\/11\/PROCYON-WRT-220-img-600x334.jpg 600w, https:\/\/tecnimport.com.pe\/web\/wp-content\/uploads\/2018\/11\/PROCYON-WRT-220-img-300x167.jpg 300w, https:\/\/tecnimport.com.pe\/web\/wp-content\/uploads\/2018\/11\/PROCYON-WRT-220-img-768x427.jpg 768w\" sizes=\"auto, (max-width: 420px) 100vw, 420px\" \/><\/a><p id=\"caption-attachment-5437\" class=\"wp-caption-text\">Grasas Multiprop\u00f3sito<\/p><\/div>\n<h5><strong>Otras Categor\u00edas de Grasas<\/strong><\/h5>\n<ul>\n<li><a href=\"https:\/\/tecnimport.com.pe\/web\/productos\/procyon\/grasas-y-lubricantes-especializados-procyon\/grasas-multiproposito-procyon\/\" target=\"_blank\" rel=\"noopener noreferrer\">Grasa Multipr\u00f3sito<\/a><\/li>\n<li><a href=\"https:\/\/tecnimport.com.pe\/web\/productos\/procyon\/grasas-especiales\/grasa-en-bloque\/?preview_id=3617&amp;preview_nonce=939825d9f0&amp;_thumbnail_id=4434&amp;preview=true\">Grasas en Bloque<\/a><\/li>\n<li><a href=\"https:\/\/tecnimport.com.pe\/web\/productos\/procyon\/mantenimiento_cotidiano\/grasa-engranajes-abiertos\/\" target=\"_blank\" rel=\"noopener noreferrer\">Grasas para Engranajes Abiertos<\/a><\/li>\n<li><a href=\"https:\/\/tecnimport.com.pe\/web\/productos\/procyon\/grasas-especiales\/grasas-para-altas-temperaturas-y-alta-carga\/?preview_id=3601&amp;preview_nonce=8e84fbb38a&amp;_thumbnail_id=3583&amp;preview=true\" target=\"_blank\" rel=\"noopener noreferrer\">Altas Temperaturas y Alta Carga<\/a><\/li>\n<li><a href=\"https:\/\/tecnimport.com.pe\/web\/productos\/procyon\/grasas-especiales\/grasas-y-lubricantes-para-cables\/\" target=\"_blank\" rel=\"noopener noreferrer\">Grasas para Cables<\/a><\/li>\n<li><a href=\"https:\/\/tecnimport.com.pe\/web\/productos\/procyon\/grasas-especiales\/synthetic-grease-ep-200r-ht-grasa-para-rodamientos-y-chumaceras\/?preview_id=3603&amp;preview_nonce=2cbb2de2d0&amp;_thumbnail_id=3585&amp;preview=true\" target=\"_blank\" rel=\"noopener noreferrer\">Grasa para Rodamientos en Chumaceras<\/a><\/li>\n<li><a href=\"https:\/\/tecnimport.com.pe\/web\/productos\/procyon\/grasas-especiales\/grasa-para-maquinas-alimenticias\/\" target=\"_blank\" rel=\"noopener noreferrer\">Grasas para M\u00e1quinas Alimenticias Grado H1<\/a><\/li>\n<\/ul>\n<p><strong><a href=\"http:\/\/www.procyon-labs.com\" target=\"_blank\" rel=\"noopener noreferrer\">#Procyon<\/a><\/strong><\/p>\n<p>&nbsp;<\/p>\n<p><strong style=\"color: #000;\">Nota: Comun\u00edquese con nuestro departamento de lubricaci\u00f3n para una asesor\u00eda t\u00e9cnica personalizada<\/strong><\/p>\n","protected":false},"excerpt":{"rendered":"<p>Las <strong>Grasas Multiprop\u00f3sito Procyon<\/strong> son desarrolladas para ser empleadas en lubricacio\u0301n de cojinetes, chumaceras, rodamientos, chasis entre otras aplicaciones. Debido a eso podemos encontrar diversas aplicaciones en la industria del acero y metal meca\u0301nica,\u00a0 construccio\u0301n, industrias de impresio\u0301n, mineri\u0301a, textil asi\u0301 mismo como para partes de vehi\u0301culos conforme a las especificaciones de los fabricantes, entre otras.<\/p>\n<h4>Productos<\/h4>\n<table style=\"width: 100%;\">\n<tbody>\n<tr>\n<th>Producto<\/th>\n<th>Descripci\u00f3n<\/th>\n<th>Ficha T\u00e9nica<\/th>\n<th>Hoja de Seguridad<\/th>\n<\/tr>\n<tr>\n<td><strong>Procyon Grasa Multiprop\u00f3sito EP-1, EP-2 y EP-3<\/strong><\/td>\n<td>Grasas de Litio Multipropo\u0301sito<\/td>\n<td><a style=\"color: #94241c;\" href=\"http:\/\/tecnimport.com.pe\/web\/wp-content\/uploads\/2018\/11\/1.-PROCYON-GRASA-MULTIPROPO\u0301SITO-EP-2.pdf\" target=\"_blank\" rel=\"noopener noreferrer\">Ficha T\u00e9cnica<\/a><\/td>\n<td><a style=\"color: #94241c;\" href=\"http:\/\/tecnimport.com.pe\/web\/wp-content\/uploads\/2018\/11\/1.-PROCYON-GRASA-MULTIPROPO\u0301SITO-EP-2.pdf\" target=\"_blank\" rel=\"noopener noreferrer\">Hoja de Seguridad T\u00e9cnica<\/a><\/td>\n<\/tr>\n<tr>\n<td><strong>Moly Grease EP-2<\/strong><\/td>\n<td>Grasa Multipropo\u0301sito para Extramas Presiones de grafito y molibdeno<\/td>\n<td><a style=\"color: #94241c;\" href=\"http:\/\/tecnimport.com.pe\/web\/wp-content\/uploads\/2018\/11\/1.-PROCYON-GRASA-MULTIPROPO\u0301SITO-EP-2.pdf\" target=\"_blank\" rel=\"noopener noreferrer\">Ficha T\u00e9cnica<\/a><\/td>\n<td><a style=\"color: #94241c;\" href=\"http:\/\/tecnimport.com.pe\/web\/wp-content\/uploads\/2018\/11\/1.-PROCYON-GRASA-MULTIPROPO\u0301SITO-EP-2.pdf\" target=\"_blank\" rel=\"noopener noreferrer\">Hoja de Seguridad T\u00e9cnica<\/a><\/td>\n<\/tr>\n<tr>\n<td><strong>Procyon MG 240<\/strong><\/td>\n<td>Grasa Multipropo\u0301sito con Moly y Grafito<\/td>\n<td><a style=\"color: #94241c;\" href=\"http:\/\/tecnimport.com.pe\/web\/wp-content\/uploads\/2018\/11\/1.-PROCYON-GRASA-MULTIPROPO\u0301SITO-EP-2.pdf\" target=\"_blank\" rel=\"noopener noreferrer\">Ficha T\u00e9cnica<\/a><\/td>\n<td><a style=\"color: #94241c;\" href=\"http:\/\/tecnimport.com.pe\/web\/wp-content\/uploads\/2018\/11\/1.-PROCYON-GRASA-MULTIPROPO\u0301SITO-EP-2.pdf\" target=\"_blank\" rel=\"noopener noreferrer\">Hoja de Seguridad T\u00e9cnica<\/a><\/td>\n<\/tr>\n<\/tbody>\n<\/table>\n","protected":false},"featured_media":5449,"template":"","meta":[],"product_brand":[],"product_cat":[280,285],"product_tag":[655,638,654,653,652,651,645,643],"class_list":{"0":"post-3599","1":"product","2":"type-product","3":"status-publish","4":"has-post-thumbnail","6":"product_cat-procyon-labs","7":"product_cat-grasas-y-lubricantes-especializados-procyon","8":"product_tag-grasa-multiproposito","9":"product_tag-grasas","10":"product_tag-grasas-de-calcio","11":"product_tag-grasas-de-litio","12":"product_tag-grasas-de-sodio","13":"product_tag-grasas-grafitada","14":"product_tag-grasas-para-chumaceras","15":"product_tag-grasas-para-rodamientos","17":"first","18":"instock","19":"shipping-taxable","20":"product-type-simple"},"yoast_head":"<!-- This site is optimized with the Yoast SEO plugin v26.9 - https:\/\/yoast.com\/product\/yoast-seo-wordpress\/ -->\n<title>Grasas Multiprop\u00f3sito - Procyon - TECNIMPORT S.A.<\/title>\n<meta name=\"description\" content=\"Las Grasas Multiprop\u00f3sito Procyon son desarrolladas para ser empleadas en lubricacio\u0301n de cojinetes, chumaceras, rodamientos, chasis entre otros.\" \/>\n<meta name=\"robots\" content=\"index, follow, max-snippet:-1, max-image-preview:large, max-video-preview:-1\" \/>\n<link rel=\"canonical\" href=\"https:\/\/tecnimport.com.pe\/web\/productos\/procyon-labs\/grasas-y-lubricantes-especializados-procyon\/grasas-multiproposito-procyon\/\" \/>\n<meta property=\"og:locale\" content=\"es_ES\" \/>\n<meta property=\"og:type\" content=\"article\" \/>\n<meta property=\"og:title\" content=\"Grasas Multiprop\u00f3sito - Procyon - TECNIMPORT S.A.\" \/>\n<meta property=\"og:description\" content=\"Las Grasas Multiprop\u00f3sito Procyon son desarrolladas para ser empleadas en lubricacio\u0301n de cojinetes, chumaceras, rodamientos, chasis entre otros.\" \/>\n<meta property=\"og:url\" content=\"https:\/\/tecnimport.com.pe\/web\/productos\/procyon-labs\/grasas-y-lubricantes-especializados-procyon\/grasas-multiproposito-procyon\/\" \/>\n<meta property=\"og:site_name\" content=\"TECNIMPORT S.A.\" \/>\n<meta property=\"article:modified_time\" content=\"2020-11-26T19:35:33+00:00\" \/>\n<meta property=\"og:image\" content=\"https:\/\/tecnimport.com.pe\/web\/wp-content\/uploads\/2019\/07\/Grasas_y_Aceites_procyon_producto.gif\" \/>\n\t<meta property=\"og:image:width\" content=\"1000\" \/>\n\t<meta property=\"og:image:height\" content=\"1000\" \/>\n\t<meta property=\"og:image:type\" content=\"image\/gif\" \/>\n<meta name=\"twitter:card\" content=\"summary_large_image\" \/>\n<meta name=\"twitter:label1\" content=\"Precio\" \/>\n\t<meta name=\"twitter:data1\" content=\"\" \/>\n\t<meta name=\"twitter:label2\" content=\"Disponibilidad\" \/>\n\t<meta name=\"twitter:data2\" content=\"Disponible\" \/>\n<script type=\"application\/ld+json\" class=\"yoast-schema-graph\">{\"@context\":\"https:\/\/schema.org\",\"@graph\":[{\"@type\":\"WebPage\",\"@id\":\"https:\/\/tecnimport.com.pe\/web\/productos\/procyon-labs\/grasas-y-lubricantes-especializados-procyon\/grasas-multiproposito-procyon\/\",\"url\":\"https:\/\/tecnimport.com.pe\/web\/productos\/procyon-labs\/grasas-y-lubricantes-especializados-procyon\/grasas-multiproposito-procyon\/\",\"name\":\"Grasas Multiprop\u00f3sito - Procyon - TECNIMPORT S.A.\",\"isPartOf\":{\"@id\":\"https:\/\/tecnimport.com.pe\/web\/#website\"},\"primaryImageOfPage\":{\"@id\":\"https:\/\/tecnimport.com.pe\/web\/productos\/procyon-labs\/grasas-y-lubricantes-especializados-procyon\/grasas-multiproposito-procyon\/#primaryimage\"},\"image\":{\"@id\":\"https:\/\/tecnimport.com.pe\/web\/productos\/procyon-labs\/grasas-y-lubricantes-especializados-procyon\/grasas-multiproposito-procyon\/#primaryimage\"},\"thumbnailUrl\":\"https:\/\/tecnimport.com.pe\/web\/wp-content\/uploads\/2019\/07\/Grasas_y_Aceites_procyon_producto.gif\",\"datePublished\":\"2018-11-15T21:33:03+00:00\",\"dateModified\":\"2020-11-26T19:35:33+00:00\",\"description\":\"Las Grasas Multiprop\u00f3sito Procyon son desarrolladas para ser empleadas en lubricacio\u0301n de cojinetes, chumaceras, rodamientos, chasis entre otros.\",\"breadcrumb\":{\"@id\":\"https:\/\/tecnimport.com.pe\/web\/productos\/procyon-labs\/grasas-y-lubricantes-especializados-procyon\/grasas-multiproposito-procyon\/#breadcrumb\"},\"inLanguage\":\"es\",\"potentialAction\":[{\"@type\":\"ReadAction\",\"target\":[\"https:\/\/tecnimport.com.pe\/web\/productos\/procyon-labs\/grasas-y-lubricantes-especializados-procyon\/grasas-multiproposito-procyon\/\"]}]},{\"@type\":\"ImageObject\",\"inLanguage\":\"es\",\"@id\":\"https:\/\/tecnimport.com.pe\/web\/productos\/procyon-labs\/grasas-y-lubricantes-especializados-procyon\/grasas-multiproposito-procyon\/#primaryimage\",\"url\":\"https:\/\/tecnimport.com.pe\/web\/wp-content\/uploads\/2019\/07\/Grasas_y_Aceites_procyon_producto.gif\",\"contentUrl\":\"https:\/\/tecnimport.com.pe\/web\/wp-content\/uploads\/2019\/07\/Grasas_y_Aceites_procyon_producto.gif\",\"width\":1000,\"height\":1000},{\"@type\":\"BreadcrumbList\",\"@id\":\"https:\/\/tecnimport.com.pe\/web\/productos\/procyon-labs\/grasas-y-lubricantes-especializados-procyon\/grasas-multiproposito-procyon\/#breadcrumb\",\"itemListElement\":[{\"@type\":\"ListItem\",\"position\":1,\"name\":\"Portada\",\"item\":\"https:\/\/tecnimport.com.pe\/web\/\"},{\"@type\":\"ListItem\",\"position\":2,\"name\":\"Productos\",\"item\":\"https:\/\/tecnimport.com.pe\/web\/productos-navigation\/\"},{\"@type\":\"ListItem\",\"position\":3,\"name\":\"Grasas Multiprop\u00f3sito\"}]},{\"@type\":\"WebSite\",\"@id\":\"https:\/\/tecnimport.com.pe\/web\/#website\",\"url\":\"https:\/\/tecnimport.com.pe\/web\/\",\"name\":\"TECNIMPORT S.A.\",\"description\":\"Representante de Devcon, LPS, Rocol y Procyon en el Per\u00fa\",\"publisher\":{\"@id\":\"https:\/\/tecnimport.com.pe\/web\/#organization\"},\"potentialAction\":[{\"@type\":\"SearchAction\",\"target\":{\"@type\":\"EntryPoint\",\"urlTemplate\":\"https:\/\/tecnimport.com.pe\/web\/?s={search_term_string}\"},\"query-input\":{\"@type\":\"PropertyValueSpecification\",\"valueRequired\":true,\"valueName\":\"search_term_string\"}}],\"inLanguage\":\"es\"},{\"@type\":\"Organization\",\"@id\":\"https:\/\/tecnimport.com.pe\/web\/#organization\",\"name\":\"Tecnimport S.A\",\"url\":\"https:\/\/tecnimport.com.pe\/web\/\",\"logo\":{\"@type\":\"ImageObject\",\"inLanguage\":\"es\",\"@id\":\"https:\/\/tecnimport.com.pe\/web\/#\/schema\/logo\/image\/\",\"url\":\"https:\/\/tecnimport.com.pe\/web\/wp-content\/uploads\/2020\/03\/logo_tecnimport.png\",\"contentUrl\":\"https:\/\/tecnimport.com.pe\/web\/wp-content\/uploads\/2020\/03\/logo_tecnimport.png\",\"width\":367,\"height\":49,\"caption\":\"Tecnimport S.A\"},\"image\":{\"@id\":\"https:\/\/tecnimport.com.pe\/web\/#\/schema\/logo\/image\/\"}}]}<\/script>\n<meta property=\"product:price:amount\" content=\"0.00\" \/>\n<meta property=\"product:price:currency\" content=\"USD\" \/>\n<meta property=\"og:availability\" content=\"instock\" \/>\n<meta property=\"product:availability\" content=\"instock\" \/>\n<meta property=\"product:condition\" content=\"new\" \/>\n<!-- \/ Yoast SEO plugin. -->","yoast_head_json":{"title":"Grasas Multiprop\u00f3sito - Procyon - TECNIMPORT S.A.","description":"Las Grasas Multiprop\u00f3sito Procyon son desarrolladas para ser empleadas en lubricacio\u0301n de cojinetes, chumaceras, rodamientos, chasis entre otros.","robots":{"index":"index","follow":"follow","max-snippet":"max-snippet:-1","max-image-preview":"max-image-preview:large","max-video-preview":"max-video-preview:-1"},"canonical":"https:\/\/tecnimport.com.pe\/web\/productos\/procyon-labs\/grasas-y-lubricantes-especializados-procyon\/grasas-multiproposito-procyon\/","og_locale":"es_ES","og_type":"article","og_title":"Grasas Multiprop\u00f3sito - Procyon - TECNIMPORT S.A.","og_description":"Las Grasas Multiprop\u00f3sito Procyon son desarrolladas para ser empleadas en lubricacio\u0301n de cojinetes, chumaceras, rodamientos, chasis entre otros.","og_url":"https:\/\/tecnimport.com.pe\/web\/productos\/procyon-labs\/grasas-y-lubricantes-especializados-procyon\/grasas-multiproposito-procyon\/","og_site_name":"TECNIMPORT S.A.","article_modified_time":"2020-11-26T19:35:33+00:00","og_image":[{"width":1000,"height":1000,"url":"https:\/\/tecnimport.com.pe\/web\/wp-content\/uploads\/2019\/07\/Grasas_y_Aceites_procyon_producto.gif","type":"image\/gif"}],"twitter_card":"summary_large_image","twitter_misc":{"Precio":"","Disponibilidad":"Disponible"},"schema":{"@context":"https:\/\/schema.org","@graph":[{"@type":"WebPage","@id":"https:\/\/tecnimport.com.pe\/web\/productos\/procyon-labs\/grasas-y-lubricantes-especializados-procyon\/grasas-multiproposito-procyon\/","url":"https:\/\/tecnimport.com.pe\/web\/productos\/procyon-labs\/grasas-y-lubricantes-especializados-procyon\/grasas-multiproposito-procyon\/","name":"Grasas Multiprop\u00f3sito - Procyon - TECNIMPORT S.A.","isPartOf":{"@id":"https:\/\/tecnimport.com.pe\/web\/#website"},"primaryImageOfPage":{"@id":"https:\/\/tecnimport.com.pe\/web\/productos\/procyon-labs\/grasas-y-lubricantes-especializados-procyon\/grasas-multiproposito-procyon\/#primaryimage"},"image":{"@id":"https:\/\/tecnimport.com.pe\/web\/productos\/procyon-labs\/grasas-y-lubricantes-especializados-procyon\/grasas-multiproposito-procyon\/#primaryimage"},"thumbnailUrl":"https:\/\/tecnimport.com.pe\/web\/wp-content\/uploads\/2019\/07\/Grasas_y_Aceites_procyon_producto.gif","datePublished":"2018-11-15T21:33:03+00:00","dateModified":"2020-11-26T19:35:33+00:00","description":"Las Grasas Multiprop\u00f3sito Procyon son desarrolladas para ser empleadas en lubricacio\u0301n de cojinetes, chumaceras, rodamientos, chasis entre otros.","breadcrumb":{"@id":"https:\/\/tecnimport.com.pe\/web\/productos\/procyon-labs\/grasas-y-lubricantes-especializados-procyon\/grasas-multiproposito-procyon\/#breadcrumb"},"inLanguage":"es","potentialAction":[{"@type":"ReadAction","target":["https:\/\/tecnimport.com.pe\/web\/productos\/procyon-labs\/grasas-y-lubricantes-especializados-procyon\/grasas-multiproposito-procyon\/"]}]},{"@type":"ImageObject","inLanguage":"es","@id":"https:\/\/tecnimport.com.pe\/web\/productos\/procyon-labs\/grasas-y-lubricantes-especializados-procyon\/grasas-multiproposito-procyon\/#primaryimage","url":"https:\/\/tecnimport.com.pe\/web\/wp-content\/uploads\/2019\/07\/Grasas_y_Aceites_procyon_producto.gif","contentUrl":"https:\/\/tecnimport.com.pe\/web\/wp-content\/uploads\/2019\/07\/Grasas_y_Aceites_procyon_producto.gif","width":1000,"height":1000},{"@type":"BreadcrumbList","@id":"https:\/\/tecnimport.com.pe\/web\/productos\/procyon-labs\/grasas-y-lubricantes-especializados-procyon\/grasas-multiproposito-procyon\/#breadcrumb","itemListElement":[{"@type":"ListItem","position":1,"name":"Portada","item":"https:\/\/tecnimport.com.pe\/web\/"},{"@type":"ListItem","position":2,"name":"Productos","item":"https:\/\/tecnimport.com.pe\/web\/productos-navigation\/"},{"@type":"ListItem","position":3,"name":"Grasas Multiprop\u00f3sito"}]},{"@type":"WebSite","@id":"https:\/\/tecnimport.com.pe\/web\/#website","url":"https:\/\/tecnimport.com.pe\/web\/","name":"TECNIMPORT S.A.","description":"Representante de Devcon, LPS, Rocol y Procyon en el Per\u00fa","publisher":{"@id":"https:\/\/tecnimport.com.pe\/web\/#organization"},"potentialAction":[{"@type":"SearchAction","target":{"@type":"EntryPoint","urlTemplate":"https:\/\/tecnimport.com.pe\/web\/?s={search_term_string}"},"query-input":{"@type":"PropertyValueSpecification","valueRequired":true,"valueName":"search_term_string"}}],"inLanguage":"es"},{"@type":"Organization","@id":"https:\/\/tecnimport.com.pe\/web\/#organization","name":"Tecnimport S.A","url":"https:\/\/tecnimport.com.pe\/web\/","logo":{"@type":"ImageObject","inLanguage":"es","@id":"https:\/\/tecnimport.com.pe\/web\/#\/schema\/logo\/image\/","url":"https:\/\/tecnimport.com.pe\/web\/wp-content\/uploads\/2020\/03\/logo_tecnimport.png","contentUrl":"https:\/\/tecnimport.com.pe\/web\/wp-content\/uploads\/2020\/03\/logo_tecnimport.png","width":367,"height":49,"caption":"Tecnimport S.A"},"image":{"@id":"https:\/\/tecnimport.com.pe\/web\/#\/schema\/logo\/image\/"}}]},"product_price_amount":"0.00","product_price_currency":"USD","og_availability":"instock","product_availability":"instock","product_condition":"new"},"_links":{"self":[{"href":"https:\/\/tecnimport.com.pe\/web\/wp-json\/wp\/v2\/product\/3599","targetHints":{"allow":["GET"]}}],"collection":[{"href":"https:\/\/tecnimport.com.pe\/web\/wp-json\/wp\/v2\/product"}],"about":[{"href":"https:\/\/tecnimport.com.pe\/web\/wp-json\/wp\/v2\/types\/product"}],"wp:featuredmedia":[{"embeddable":true,"href":"https:\/\/tecnimport.com.pe\/web\/wp-json\/wp\/v2\/media\/5449"}],"wp:attachment":[{"href":"https:\/\/tecnimport.com.pe\/web\/wp-json\/wp\/v2\/media?parent=3599"}],"wp:term":[{"taxonomy":"product_brand","embeddable":true,"href":"https:\/\/tecnimport.com.pe\/web\/wp-json\/wp\/v2\/product_brand?post=3599"},{"taxonomy":"product_cat","embeddable":true,"href":"https:\/\/tecnimport.com.pe\/web\/wp-json\/wp\/v2\/product_cat?post=3599"},{"taxonomy":"product_tag","embeddable":true,"href":"https:\/\/tecnimport.com.pe\/web\/wp-json\/wp\/v2\/product_tag?post=3599"}],"curies":[{"name":"wp","href":"https:\/\/api.w.org\/{rel}","templated":true}]}}