{"id":2847,"date":"2016-06-27T18:29:21","date_gmt":"2016-06-27T23:29:21","guid":{"rendered":"http:\/\/tecnimport.com.pe\/web\/productos\/lps\/clear-penetrating-grease-2\/"},"modified":"2025-05-20T12:59:09","modified_gmt":"2025-05-20T17:59:09","slug":"clear-penetrating-grease","status":"publish","type":"product","link":"https:\/\/tecnimport.com.pe\/web\/productos\/lps\/lubricantes-grado-alimenticio-h1\/clear-penetrating-grease\/","title":{"rendered":"Clear Penetrating Grease"},"content":{"rendered":"<div class=\"wpb-content-wrapper\"><p>[vc_row][vc_column][vc_row_inner][vc_column_inner][vc_column_text woodmart_inline=\u00bbno\u00bb text_larger=\u00bbno\u00bb]<strong class=\"subtitulo_prod\">GRASA PENETRANTE CLARA<br \/>\n<\/strong><\/p>\n<p><strong class=\"subtitulo_prod\">Presentaci\u00f3n &amp; Fichas<\/strong><\/p>\n<div class=\"table-container\">\n<table class=\"responsive-table\">\n<thead>\n<tr>\n<th style=\"text-align: center;\">N\u00ba de Parte<\/th>\n<th style=\"text-align: center;\">Capacidad<\/th>\n<th style=\"text-align: center;\">Envase<\/th>\n<th style=\"text-align: center;\"><i class=\"fas fa-download\"><\/i>Ficha T\u00e9cnica (TDS)<\/th>\n<\/tr>\n<\/thead>\n<tbody>\n<tr>\n<td style=\"text-align: center;\">06716<\/td>\n<td style=\"text-align: center;\">11 wt oz<\/td>\n<td style=\"text-align: center;\">Aerosol<\/td>\n<td style=\"text-align: center;\"><a href=\"https:\/\/tecnimport.com.pe\/web\/wp-content\/uploads\/2024\/09\/ClearPenetratingGrease-.pdf\" target=\"_blank\" rel=\"noopener\"><i class=\"fas fa-download\"><\/i> Descargar<\/a><\/td>\n<\/tr>\n<\/tbody>\n<\/table>\n<\/div>\n<p>[\/vc_column_text][\/vc_column_inner][\/vc_row_inner][\/vc_column][\/vc_row][vc_row][vc_column width=\u00bb1\/3&#8243;][vc_column_text woodmart_inline=\u00bbno\u00bb text_larger=\u00bbno\u00bb]<strong class=\"subtitulo_prod\">Otras Caracter\u00edsticas<\/strong><\/p>\n<ul>\n<li>Alta adherencia.<\/li>\n<li>Acci\u00f3n de penetraci\u00f3n r\u00e1pida.<\/li>\n<li>Resiste el lavado con agua.<\/li>\n<li>Protege contra la corrosi\u00f3n.<\/li>\n<li>Gel lubricante transparente.<\/li>\n<\/ul>\n<p>[\/vc_column_text][\/vc_column][vc_column width=\u00bb1\/3&#8243;][vc_column_text woodmart_inline=\u00bbno\u00bb text_larger=\u00bbno\u00bb]<strong class=\"subtitulo_prod\">Aplicaciones<\/strong><\/p>\n<ul>\n<li>Equipos de embotellado<\/li>\n<li>Bujes<\/li>\n<li>Cables<\/li>\n<li>Cadenas<\/li>\n<li>Bisagras para puertas<\/li>\n<li>Maquinaria alimentaria<\/li>\n<li>Carretillas elevadoras<\/li>\n<\/ul>\n<p>[\/vc_column_text][\/vc_column][vc_column width=\u00bb1\/3&#8243;][vc_column_text woodmart_inline=\u00bbno\u00bb text_larger=\u00bbno\u00bb]<strong class=\"subtitulo_prod\">Aplicaciones<\/strong><\/p>\n<ul>\n<li>Pistones<\/li>\n<li>Rieles<\/li>\n<li>Anillos<\/li>\n<li>Sellos<\/li>\n<li>Correas<\/li>\n<li>V\u00e1lvulas<\/li>\n<li>Cables de acero<\/li>\n<\/ul>\n<p>[\/vc_column_text][\/vc_column][\/vc_row][vc_row][vc_column width=\u00bb1\/3&#8243;][vc_column_text woodmart_inline=\u00bbno\u00bb text_larger=\u00bbno\u00bb]<strong class=\"subtitulo_prod\">Certificaciones &amp; Especificaciones<\/strong><\/p>\n<ul>\n<li style=\"color: #862633;\"><a href=\"https:\/\/info.nsf.org\/usda\/letters\/169838.pdf\" target=\"_blank\" rel=\"noopener\">Certificado NSF H2 &#8211; Registro # 169838<br \/>\n<\/a><\/li>\n<\/ul>\n<p>[\/vc_column_text][\/vc_column][vc_column width=\u00bb1\/3&#8243;][vc_column_text woodmart_inline=\u00bbno\u00bb text_larger=\u00bbno\u00bb]<strong class=\"subtitulo_prod\">Marca &amp; Fabricante<\/strong><\/p>\n<table class=\"table\">\n<tbody>\n<tr>\n<td>Marca<\/td>\n<td><strong><a href=\"https:\/\/www.itwprobrands.com\/product\/clear-penetrating-grease\" target=\"_blank\" rel=\"noopener\">LPS<\/a><\/strong><\/td>\n<\/tr>\n<tr>\n<td>Fabricante<\/td>\n<td><strong><a href=\"https:\/\/www.itwprobrands.com\/product\/lps-detex-food-grade-3h-spray-grease\" target=\"_blank\" rel=\"noopener\">ITW PROBRANDS<\/a><\/strong><\/td>\n<\/tr>\n<\/tbody>\n<\/table>\n<p>[\/vc_column_text][\/vc_column][vc_column width=\u00bb1\/3&#8243;][vc_column_text woodmart_inline=\u00bbno\u00bb text_larger=\u00bbno\u00bb]<strong class=\"subtitulo_prod\">Aplicaci\u00f3n<\/strong>[\/vc_column_text][vc_single_image image=\u00bb6335&#8243; img_size=\u00bblarge\u00bb add_caption=\u00bbyes\u00bb alignment=\u00bbcenter\u00bb parallax_scroll=\u00bbno\u00bb woodmart_inline=\u00bbno\u00bb][\/vc_column][\/vc_row][vc_row][\/vc_row][vc_column][vc_column_text woodmart_inline=\u00bbno\u00bb text_larger=\u00bbno\u00bb]<strong class=\"subtitulo_prod\">Propiedades<\/strong><\/p>\n<table class=\"table\">\n<tbody>\n<tr>\n<td>Aspecto\/estado f\u00edsico<\/td>\n<td>Gas.<\/td>\n<\/tr>\n<tr>\n<td>Color<\/td>\n<td>Blanco<\/td>\n<\/tr>\n<tr>\n<td>Olor<\/td>\n<td>Suave.<\/td>\n<\/tr>\n<tr>\n<td>Punto de fusi\u00f3n\/congelaci\u00f3n<\/td>\n<td>No disponible.<\/td>\n<\/tr>\n<tr>\n<td>Punto de inflamaci\u00f3n<\/td>\n<td>&lt;-76,0 \u00b0F (&lt;-60,0 \u00b0C)<\/td>\n<\/tr>\n<tr>\n<td>Gravedad espec\u00edfica<\/td>\n<td>0,7<\/td>\n<\/tr>\n<tr>\n<td>Solubilidad en agua<\/td>\n<td>Insoluble en agua.<\/td>\n<\/tr>\n<tr>\n<td>Temperatura de autoignici\u00f3n<\/td>\n<td>&gt;572 \u00b0F (&gt;300 \u00b0C)<\/td>\n<\/tr>\n<tr>\n<td>Contenido de COV<\/td>\n<td>385 g\/L<\/td>\n<\/tr>\n<\/tbody>\n<\/table>\n<p>[\/vc_column_text][\/vc_column]<\/p>\n<\/div>","protected":false},"excerpt":{"rendered":"<p><strong>LPS CLEAR PENETRATING GREASE <\/strong>es una <strong>GRASA PENETRANTE CLARA<\/strong> vers\u00e1til de alto rendimiento fortificado con aditivos de PTFE para una mejor lubricaci\u00f3n.<\/p>\n","protected":false},"featured_media":6337,"template":"","meta":[],"product_brand":[232],"product_cat":[205,210],"product_tag":[1308,1293,1307,682],"class_list":{"0":"post-2847","1":"product","2":"type-product","3":"status-publish","4":"has-post-thumbnail","6":"product_brand-lps","7":"product_cat-lps","8":"product_cat-lubricantes-grado-alimenticio-h1","9":"product_tag-clara","10":"product_tag-grado-alimenticio","11":"product_tag-grasa","12":"product_tag-lubricante","14":"first","15":"instock","16":"shipping-taxable","17":"purchasable","18":"product-type-simple"},"yoast_head":"<!-- This site is optimized with the Yoast SEO plugin v26.9 - https:\/\/yoast.com\/product\/yoast-seo-wordpress\/ -->\n<title>Clear Penetrating Grease - Grasa Penetrante Grado Alimenticio<\/title>\n<meta name=\"description\" content=\"LPS CLEAR PENETRATING GREASE es una GRASA PENETRANTE CLARA con grado alimenticio de alto rendimiento para una mejor lubricaci\u00f3n.\" \/>\n<meta name=\"robots\" content=\"index, follow, max-snippet:-1, max-image-preview:large, max-video-preview:-1\" \/>\n<link rel=\"canonical\" href=\"https:\/\/tecnimport.com.pe\/web\/productos\/lps\/lubricantes-grado-alimenticio-h1\/clear-penetrating-grease\/\" \/>\n<meta property=\"og:locale\" content=\"es_ES\" \/>\n<meta property=\"og:type\" content=\"article\" \/>\n<meta property=\"og:title\" content=\"Clear Penetrating Grease - Grasa Penetrante Grado Alimenticio\" \/>\n<meta property=\"og:description\" content=\"LPS CLEAR PENETRATING GREASE es una GRASA PENETRANTE CLARA con grado alimenticio de alto rendimiento para una mejor lubricaci\u00f3n.\" \/>\n<meta property=\"og:url\" content=\"https:\/\/tecnimport.com.pe\/web\/productos\/lps\/lubricantes-grado-alimenticio-h1\/clear-penetrating-grease\/\" \/>\n<meta property=\"og:site_name\" content=\"TECNIMPORT S.A.\" \/>\n<meta property=\"article:modified_time\" content=\"2025-05-20T17:59:09+00:00\" \/>\n<meta property=\"og:image\" content=\"https:\/\/tecnimport.com.pe\/web\/wp-content\/uploads\/2016\/06\/LPS-CLEAR-PENETRATING-GREASE-GRASA-PENETRANTE-TRANSPARENTE-TECNIMPORT-GRADO-ALIMENTICIO3.gif\" \/>\n\t<meta property=\"og:image:width\" content=\"1000\" \/>\n\t<meta property=\"og:image:height\" content=\"1000\" \/>\n\t<meta property=\"og:image:type\" content=\"image\/gif\" \/>\n<meta name=\"twitter:card\" content=\"summary_large_image\" \/>\n<meta name=\"twitter:label1\" content=\"Precio\" \/>\n\t<meta name=\"twitter:data1\" content=\"&#036;1.00\" \/>\n\t<meta name=\"twitter:label2\" content=\"Disponibilidad\" \/>\n\t<meta name=\"twitter:data2\" content=\"Disponible\" \/>\n<script type=\"application\/ld+json\" class=\"yoast-schema-graph\">{\"@context\":\"https:\/\/schema.org\",\"@graph\":[{\"@type\":\"WebPage\",\"@id\":\"https:\/\/tecnimport.com.pe\/web\/productos\/lps\/lubricantes-grado-alimenticio-h1\/clear-penetrating-grease\/\",\"url\":\"https:\/\/tecnimport.com.pe\/web\/productos\/lps\/lubricantes-grado-alimenticio-h1\/clear-penetrating-grease\/\",\"name\":\"Clear Penetrating Grease - Grasa Penetrante Grado Alimenticio\",\"isPartOf\":{\"@id\":\"https:\/\/tecnimport.com.pe\/web\/#website\"},\"primaryImageOfPage\":{\"@id\":\"https:\/\/tecnimport.com.pe\/web\/productos\/lps\/lubricantes-grado-alimenticio-h1\/clear-penetrating-grease\/#primaryimage\"},\"image\":{\"@id\":\"https:\/\/tecnimport.com.pe\/web\/productos\/lps\/lubricantes-grado-alimenticio-h1\/clear-penetrating-grease\/#primaryimage\"},\"thumbnailUrl\":\"https:\/\/tecnimport.com.pe\/web\/wp-content\/uploads\/2016\/06\/LPS-CLEAR-PENETRATING-GREASE-GRASA-PENETRANTE-TRANSPARENTE-TECNIMPORT-GRADO-ALIMENTICIO3.gif\",\"datePublished\":\"2016-06-27T23:29:21+00:00\",\"dateModified\":\"2025-05-20T17:59:09+00:00\",\"description\":\"LPS CLEAR PENETRATING GREASE es una GRASA PENETRANTE CLARA con grado alimenticio de alto rendimiento para una mejor lubricaci\u00f3n.\",\"breadcrumb\":{\"@id\":\"https:\/\/tecnimport.com.pe\/web\/productos\/lps\/lubricantes-grado-alimenticio-h1\/clear-penetrating-grease\/#breadcrumb\"},\"inLanguage\":\"es\",\"potentialAction\":[{\"@type\":\"ReadAction\",\"target\":[\"https:\/\/tecnimport.com.pe\/web\/productos\/lps\/lubricantes-grado-alimenticio-h1\/clear-penetrating-grease\/\"]}]},{\"@type\":\"ImageObject\",\"inLanguage\":\"es\",\"@id\":\"https:\/\/tecnimport.com.pe\/web\/productos\/lps\/lubricantes-grado-alimenticio-h1\/clear-penetrating-grease\/#primaryimage\",\"url\":\"https:\/\/tecnimport.com.pe\/web\/wp-content\/uploads\/2016\/06\/LPS-CLEAR-PENETRATING-GREASE-GRASA-PENETRANTE-TRANSPARENTE-TECNIMPORT-GRADO-ALIMENTICIO3.gif\",\"contentUrl\":\"https:\/\/tecnimport.com.pe\/web\/wp-content\/uploads\/2016\/06\/LPS-CLEAR-PENETRATING-GREASE-GRASA-PENETRANTE-TRANSPARENTE-TECNIMPORT-GRADO-ALIMENTICIO3.gif\",\"width\":1000,\"height\":1000,\"caption\":\"LPS CLEAR PENETRATING GREASE GRASA PENETRANTE TRANSPARENT\"},{\"@type\":\"BreadcrumbList\",\"@id\":\"https:\/\/tecnimport.com.pe\/web\/productos\/lps\/lubricantes-grado-alimenticio-h1\/clear-penetrating-grease\/#breadcrumb\",\"itemListElement\":[{\"@type\":\"ListItem\",\"position\":1,\"name\":\"Portada\",\"item\":\"https:\/\/tecnimport.com.pe\/web\/\"},{\"@type\":\"ListItem\",\"position\":2,\"name\":\"Productos\",\"item\":\"https:\/\/tecnimport.com.pe\/web\/productos-navigation\/\"},{\"@type\":\"ListItem\",\"position\":3,\"name\":\"Clear Penetrating Grease\"}]},{\"@type\":\"WebSite\",\"@id\":\"https:\/\/tecnimport.com.pe\/web\/#website\",\"url\":\"https:\/\/tecnimport.com.pe\/web\/\",\"name\":\"TECNIMPORT S.A.\",\"description\":\"Representante de Devcon, LPS, Rocol y Procyon en el Per\u00fa\",\"publisher\":{\"@id\":\"https:\/\/tecnimport.com.pe\/web\/#organization\"},\"potentialAction\":[{\"@type\":\"SearchAction\",\"target\":{\"@type\":\"EntryPoint\",\"urlTemplate\":\"https:\/\/tecnimport.com.pe\/web\/?s={search_term_string}\"},\"query-input\":{\"@type\":\"PropertyValueSpecification\",\"valueRequired\":true,\"valueName\":\"search_term_string\"}}],\"inLanguage\":\"es\"},{\"@type\":\"Organization\",\"@id\":\"https:\/\/tecnimport.com.pe\/web\/#organization\",\"name\":\"Tecnimport S.A\",\"url\":\"https:\/\/tecnimport.com.pe\/web\/\",\"logo\":{\"@type\":\"ImageObject\",\"inLanguage\":\"es\",\"@id\":\"https:\/\/tecnimport.com.pe\/web\/#\/schema\/logo\/image\/\",\"url\":\"https:\/\/tecnimport.com.pe\/web\/wp-content\/uploads\/2020\/03\/logo_tecnimport.png\",\"contentUrl\":\"https:\/\/tecnimport.com.pe\/web\/wp-content\/uploads\/2020\/03\/logo_tecnimport.png\",\"width\":367,\"height\":49,\"caption\":\"Tecnimport S.A\"},\"image\":{\"@id\":\"https:\/\/tecnimport.com.pe\/web\/#\/schema\/logo\/image\/\"}}]}<\/script>\n<meta property=\"product:price:amount\" content=\"1.00\" \/>\n<meta property=\"product:price:currency\" content=\"USD\" \/>\n<meta property=\"og:availability\" content=\"instock\" \/>\n<meta property=\"product:availability\" content=\"instock\" \/>\n<meta property=\"product:retailer_item_id\" content=\"LPS06716\" \/>\n<meta property=\"product:condition\" content=\"new\" \/>\n<!-- \/ Yoast SEO plugin. -->","yoast_head_json":{"title":"Clear Penetrating Grease - Grasa Penetrante Grado Alimenticio","description":"LPS CLEAR PENETRATING GREASE es una GRASA PENETRANTE CLARA con grado alimenticio de alto rendimiento para una mejor lubricaci\u00f3n.","robots":{"index":"index","follow":"follow","max-snippet":"max-snippet:-1","max-image-preview":"max-image-preview:large","max-video-preview":"max-video-preview:-1"},"canonical":"https:\/\/tecnimport.com.pe\/web\/productos\/lps\/lubricantes-grado-alimenticio-h1\/clear-penetrating-grease\/","og_locale":"es_ES","og_type":"article","og_title":"Clear Penetrating Grease - Grasa Penetrante Grado Alimenticio","og_description":"LPS CLEAR PENETRATING GREASE es una GRASA PENETRANTE CLARA con grado alimenticio de alto rendimiento para una mejor lubricaci\u00f3n.","og_url":"https:\/\/tecnimport.com.pe\/web\/productos\/lps\/lubricantes-grado-alimenticio-h1\/clear-penetrating-grease\/","og_site_name":"TECNIMPORT S.A.","article_modified_time":"2025-05-20T17:59:09+00:00","og_image":[{"width":1000,"height":1000,"url":"https:\/\/tecnimport.com.pe\/web\/wp-content\/uploads\/2016\/06\/LPS-CLEAR-PENETRATING-GREASE-GRASA-PENETRANTE-TRANSPARENTE-TECNIMPORT-GRADO-ALIMENTICIO3.gif","type":"image\/gif"}],"twitter_card":"summary_large_image","twitter_misc":{"Precio":"&#36;1.00","Disponibilidad":"Disponible"},"schema":{"@context":"https:\/\/schema.org","@graph":[{"@type":"WebPage","@id":"https:\/\/tecnimport.com.pe\/web\/productos\/lps\/lubricantes-grado-alimenticio-h1\/clear-penetrating-grease\/","url":"https:\/\/tecnimport.com.pe\/web\/productos\/lps\/lubricantes-grado-alimenticio-h1\/clear-penetrating-grease\/","name":"Clear Penetrating Grease - Grasa Penetrante Grado Alimenticio","isPartOf":{"@id":"https:\/\/tecnimport.com.pe\/web\/#website"},"primaryImageOfPage":{"@id":"https:\/\/tecnimport.com.pe\/web\/productos\/lps\/lubricantes-grado-alimenticio-h1\/clear-penetrating-grease\/#primaryimage"},"image":{"@id":"https:\/\/tecnimport.com.pe\/web\/productos\/lps\/lubricantes-grado-alimenticio-h1\/clear-penetrating-grease\/#primaryimage"},"thumbnailUrl":"https:\/\/tecnimport.com.pe\/web\/wp-content\/uploads\/2016\/06\/LPS-CLEAR-PENETRATING-GREASE-GRASA-PENETRANTE-TRANSPARENTE-TECNIMPORT-GRADO-ALIMENTICIO3.gif","datePublished":"2016-06-27T23:29:21+00:00","dateModified":"2025-05-20T17:59:09+00:00","description":"LPS CLEAR PENETRATING GREASE es una GRASA PENETRANTE CLARA con grado alimenticio de alto rendimiento para una mejor lubricaci\u00f3n.","breadcrumb":{"@id":"https:\/\/tecnimport.com.pe\/web\/productos\/lps\/lubricantes-grado-alimenticio-h1\/clear-penetrating-grease\/#breadcrumb"},"inLanguage":"es","potentialAction":[{"@type":"ReadAction","target":["https:\/\/tecnimport.com.pe\/web\/productos\/lps\/lubricantes-grado-alimenticio-h1\/clear-penetrating-grease\/"]}]},{"@type":"ImageObject","inLanguage":"es","@id":"https:\/\/tecnimport.com.pe\/web\/productos\/lps\/lubricantes-grado-alimenticio-h1\/clear-penetrating-grease\/#primaryimage","url":"https:\/\/tecnimport.com.pe\/web\/wp-content\/uploads\/2016\/06\/LPS-CLEAR-PENETRATING-GREASE-GRASA-PENETRANTE-TRANSPARENTE-TECNIMPORT-GRADO-ALIMENTICIO3.gif","contentUrl":"https:\/\/tecnimport.com.pe\/web\/wp-content\/uploads\/2016\/06\/LPS-CLEAR-PENETRATING-GREASE-GRASA-PENETRANTE-TRANSPARENTE-TECNIMPORT-GRADO-ALIMENTICIO3.gif","width":1000,"height":1000,"caption":"LPS CLEAR PENETRATING GREASE GRASA PENETRANTE TRANSPARENT"},{"@type":"BreadcrumbList","@id":"https:\/\/tecnimport.com.pe\/web\/productos\/lps\/lubricantes-grado-alimenticio-h1\/clear-penetrating-grease\/#breadcrumb","itemListElement":[{"@type":"ListItem","position":1,"name":"Portada","item":"https:\/\/tecnimport.com.pe\/web\/"},{"@type":"ListItem","position":2,"name":"Productos","item":"https:\/\/tecnimport.com.pe\/web\/productos-navigation\/"},{"@type":"ListItem","position":3,"name":"Clear Penetrating Grease"}]},{"@type":"WebSite","@id":"https:\/\/tecnimport.com.pe\/web\/#website","url":"https:\/\/tecnimport.com.pe\/web\/","name":"TECNIMPORT S.A.","description":"Representante de Devcon, LPS, Rocol y Procyon en el Per\u00fa","publisher":{"@id":"https:\/\/tecnimport.com.pe\/web\/#organization"},"potentialAction":[{"@type":"SearchAction","target":{"@type":"EntryPoint","urlTemplate":"https:\/\/tecnimport.com.pe\/web\/?s={search_term_string}"},"query-input":{"@type":"PropertyValueSpecification","valueRequired":true,"valueName":"search_term_string"}}],"inLanguage":"es"},{"@type":"Organization","@id":"https:\/\/tecnimport.com.pe\/web\/#organization","name":"Tecnimport S.A","url":"https:\/\/tecnimport.com.pe\/web\/","logo":{"@type":"ImageObject","inLanguage":"es","@id":"https:\/\/tecnimport.com.pe\/web\/#\/schema\/logo\/image\/","url":"https:\/\/tecnimport.com.pe\/web\/wp-content\/uploads\/2020\/03\/logo_tecnimport.png","contentUrl":"https:\/\/tecnimport.com.pe\/web\/wp-content\/uploads\/2020\/03\/logo_tecnimport.png","width":367,"height":49,"caption":"Tecnimport S.A"},"image":{"@id":"https:\/\/tecnimport.com.pe\/web\/#\/schema\/logo\/image\/"}}]},"product_price_amount":"1.00","product_price_currency":"USD","og_availability":"instock","product_availability":"instock","product_retailer_item_id":"LPS06716","product_condition":"new"},"_links":{"self":[{"href":"https:\/\/tecnimport.com.pe\/web\/wp-json\/wp\/v2\/product\/2847","targetHints":{"allow":["GET"]}}],"collection":[{"href":"https:\/\/tecnimport.com.pe\/web\/wp-json\/wp\/v2\/product"}],"about":[{"href":"https:\/\/tecnimport.com.pe\/web\/wp-json\/wp\/v2\/types\/product"}],"wp:featuredmedia":[{"embeddable":true,"href":"https:\/\/tecnimport.com.pe\/web\/wp-json\/wp\/v2\/media\/6337"}],"wp:attachment":[{"href":"https:\/\/tecnimport.com.pe\/web\/wp-json\/wp\/v2\/media?parent=2847"}],"wp:term":[{"taxonomy":"product_brand","embeddable":true,"href":"https:\/\/tecnimport.com.pe\/web\/wp-json\/wp\/v2\/product_brand?post=2847"},{"taxonomy":"product_cat","embeddable":true,"href":"https:\/\/tecnimport.com.pe\/web\/wp-json\/wp\/v2\/product_cat?post=2847"},{"taxonomy":"product_tag","embeddable":true,"href":"https:\/\/tecnimport.com.pe\/web\/wp-json\/wp\/v2\/product_tag?post=2847"}],"curies":[{"name":"wp","href":"https:\/\/api.w.org\/{rel}","templated":true}]}}