{"id":2845,"date":"2016-06-27T18:23:05","date_gmt":"2016-06-27T23:23:05","guid":{"rendered":"http:\/\/tecnimport.com.pe\/web\/productos\/lps\/foodlube-sugar-disolving-fluid\/"},"modified":"2025-03-14T16:07:20","modified_gmt":"2025-03-14T21:07:20","slug":"foodlube-sugar-disolving-fluid","status":"publish","type":"product","link":"https:\/\/tecnimport.com.pe\/web\/productos\/lps\/lubricantes-grado-alimenticio-h1\/foodlube-sugar-disolving-fluid\/","title":{"rendered":"LPS FoodLube Sugar Dissolving Fluid"},"content":{"rendered":"<div class=\"wpb-content-wrapper\"><p>[vc_row][vc_column][vc_row_inner][vc_column_inner][vc_column_text woodmart_inline=\u00bbno\u00bb text_larger=\u00bbno\u00bb]<strong class=\"subtitulo_prod\">LPS FoodLube Sugar Dissolving Fluid<\/strong><\/p>\n<p><strong class=\"subtitulo_prod\">Presentaci\u00f3n &amp; Fichas<\/strong><\/p>\n<div class=\"table-container\">\n<table class=\"responsive-table\">\n<thead>\n<tr>\n<th style=\"text-align: center;\">N\u00ba de Parte<\/th>\n<th style=\"text-align: center;\">Capacidad<\/th>\n<th style=\"text-align: center;\">Envase<\/th>\n<th style=\"text-align: center;\"><i class=\"fas fa-download\"><\/i> TDS<\/th>\n<\/tr>\n<\/thead>\n<tbody>\n<tr>\n<td style=\"text-align: center;\">57716<\/td>\n<td style=\"text-align: center;\">15 wt oz \/ 369 g \/ 417 mL<\/td>\n<td style=\"text-align: center;\">Aerosol<\/td>\n<td style=\"text-align: center;\"><a href=\"https:\/\/tecnimport.com.pe\/web\/wp-content\/uploads\/2017\/04\/LPS_FOODLUBE_SUGAR_DISSOLVING_FLUID.pdf\" target=\"_blank\" rel=\"noopener\"><i class=\"fas fa-download\"><\/i><\/a><\/td>\n<\/tr>\n<\/tbody>\n<\/table>\n<\/div>\n<p>[\/vc_column_text][\/vc_column_inner][\/vc_row_inner][\/vc_column][\/vc_row][vc_row][vc_column width=\u00bb1\/3&#8243;][vc_column_text woodmart_inline=\u00bbno\u00bb text_larger=\u00bbno\u00bb]<strong class=\"subtitulo_prod\">Otras Caracter\u00edsticas<\/strong><\/p>\n<ul>\n<li>R\u00e1pidamente disuelve, elimina az\u00facares y fundentes de aplicaciones com\u00fanmente encontradas en alimentos y bebidas.<\/li>\n<li>Deja una pel\u00edcula lubricada, ligera y duradera para evitar nuevas acumulaciones de az\u00facar.<\/li>\n<li>Proporciona protecci\u00f3n contra la corrosi\u00f3n a corto plazo en superficies met\u00e1licas expuestas.<\/li>\n<li>FOODLUBE SUGAR DISSOLVING FLUID tiene una amplia resistencia a la temperatura de 41\u00b0F a 203\u00b0F(+5\u00b0Ca+95\u00b0C).<\/li>\n<\/ul>\n<p>[\/vc_column_text][\/vc_column][vc_column width=\u00bb1\/3&#8243;][vc_column_text woodmart_inline=\u00bbno\u00bb text_larger=\u00bbno\u00bb]<strong class=\"subtitulo_prod\">Aplicaciones<\/strong><\/p>\n<ul>\n<li>Compresores de aire<\/li>\n<li>Alternadores<\/li>\n<li>Rodamientos<\/li>\n<li>Cadenas y conexiones de cables<\/li>\n<li>Gr\u00faas<\/li>\n<li>Motores<\/li>\n<\/ul>\n<p>[\/vc_column_text][\/vc_column][vc_column width=\u00bb1\/3&#8243;][vc_column_text woodmart_inline=\u00bbno\u00bb text_larger=\u00bbno\u00bb]<strong class=\"subtitulo_prod\">Aplicaciones<\/strong><\/p>\n<ul>\n<li>Montacargas<\/li>\n<li>Engranajes<\/li>\n<li>Equipo pesado<\/li>\n<li>Herramientas el\u00e9ctricas y neum\u00e1ticas<\/li>\n<li>Prensas de impresi\u00f3n<\/li>\n<li>Poleas<\/li>\n<\/ul>\n<p>[\/vc_column_text][\/vc_column][\/vc_row][vc_row][vc_column width=\u00bb1\/3&#8243;][vc_column_text css=\u00bb\u00bb woodmart_inline=\u00bbno\u00bb text_larger=\u00bbno\u00bb]<strong class=\"subtitulo_prod\">Certificaciones &amp; Especificaciones<\/strong><\/p>\n<ul>\n<li style=\"color: #862633;\"><a href=\"https:\/\/www.itwprobrands.com\/files\/product_specifications\/ARF-20220510_NF147495_NF147495_1U570_NF1_001.pdf\" target=\"_blank\" rel=\"noopener\">Certificado NSF: H1 &#8211; Registro # 147495(Aerosol)<br \/>\n<\/a><\/li>\n<\/ul>\n<p>[\/vc_column_text][\/vc_column][vc_column width=\u00bb1\/3&#8243;][vc_column_text css=\u00bb\u00bb woodmart_inline=\u00bbno\u00bb text_larger=\u00bbno\u00bb]<strong class=\"subtitulo_prod\">Marca &amp; Fabricante<\/strong><\/p>\n<table class=\"table\">\n<tbody>\n<tr>\n<td>Marca<\/td>\n<td><strong><a href=\"https:\/\/tecnimport.com.pe\/web\/lps-probrands-itw-peru\/\" target=\"_blank\" rel=\"noopener\">LPS<\/a><\/strong><\/td>\n<\/tr>\n<tr>\n<td>Fabricante<\/td>\n<td><strong><a href=\"https:\/\/www.itwprobrands.com\/product\/foodlube-sugar-dissolving-fluid\" target=\"_blank\" rel=\"noopener\">ITW PROBRANDS<\/a><\/strong><\/td>\n<\/tr>\n<\/tbody>\n<\/table>\n<p>[\/vc_column_text][\/vc_column][vc_column width=\u00bb1\/3&#8243;][vc_column_text woodmart_inline=\u00bbno\u00bb text_larger=\u00bbno\u00bb]<strong class=\"subtitulo_prod\">Aplicaci\u00f3n<\/strong>[\/vc_column_text][vc_single_image image=\u00bb6632&#8243; img_size=\u00bblarge\u00bb add_caption=\u00bbyes\u00bb alignment=\u00bbcenter\u00bb css=\u00bb\u00bb parallax_scroll=\u00bbno\u00bb woodmart_inline=\u00bbno\u00bb][\/vc_column][\/vc_row][vc_row][vc_column][vc_column_text css=\u00bb\u00bb woodmart_inline=\u00bbno\u00bb text_larger=\u00bbno\u00bb]<strong class=\"subtitulo_prod\">Propiedades<\/strong><\/p>\n<table class=\"table\">\n<tbody>\n<tr>\n<td>Apariencia \/ Estado f\u00edsico<\/td>\n<td>Aerosol: Gas, A granel: L\u00edquido<\/td>\n<\/tr>\n<tr>\n<td>Color<\/td>\n<td>Transparente, Incoloro<\/td>\n<\/tr>\n<tr>\n<td>Olor<\/td>\n<td>Suave<\/td>\n<\/tr>\n<tr>\n<td>Valor de pH<\/td>\n<td>45939<\/td>\n<\/tr>\n<tr>\n<td>Punto de ebullici\u00f3n \/ Rango<\/td>\n<td>212 \u00b0F (&gt; 100 \u00b0C)<\/td>\n<\/tr>\n<tr>\n<td>Punto de inflamaci\u00f3n<\/td>\n<td>Aerosol: -180.4 \u00b0F (-118.0 \u00b0C) Vaso cerrado (propelente), A granel: &gt; 302.0 \u00b0F (&gt; 150.0 \u00b0C) Vaso cerrado<\/td>\n<\/tr>\n<tr>\n<td>Tasa de evaporaci\u00f3n<\/td>\n<td>1<\/td>\n<\/tr>\n<tr>\n<td>Presi\u00f3n de vapor<\/td>\n<td>Aerosol: &lt;1 mmHg a 20 \u00b0C, A granel: ~ 18 mmHg a 20 \u00b0C<\/td>\n<\/tr>\n<tr>\n<td>Densidad de vapor<\/td>\n<td>&gt;1<\/td>\n<\/tr>\n<tr>\n<td>Solubilidad en agua<\/td>\n<td>Soluble.<\/td>\n<\/tr>\n<tr>\n<td>Coeficiente de reparto<\/td>\n<td>&lt;1<\/td>\n<\/tr>\n<tr>\n<td>Aerosol: &gt;80 %, A granel: 80,24 %<\/td>\n<td>Aerosol: &gt;80 %, A granel: 80,24 %<\/td>\n<\/tr>\n<tr>\n<td>Propelente<\/td>\n<td>Gases de petr\u00f3leo, licuados, endulzados (CAS n.\u00b0 68476-86-8)<\/td>\n<\/tr>\n<tr>\n<td>Contenido de COV<\/td>\n<td>Aerosol: 4 %, A granel: 0 % seg\u00fan las regulaciones estatales y federales de productos de consumo de EE. UU.<\/td>\n<\/tr>\n<tr>\n<td>Gravedad espec\u00edfica<\/td>\n<td>1 &#8211; 1,1 a 20 \u00b0C<\/td>\n<\/tr>\n<tr>\n<td>Rango de temperatura<\/td>\n<td>41 \u00b0F a 203 \u00b0F<\/td>\n<\/tr>\n<\/tbody>\n<\/table>\n<p>[\/vc_column_text][\/vc_column][\/vc_row]<\/p>\n<\/div>","protected":false},"excerpt":{"rendered":"<h2 class=\"h2_subtitulo\"><i>Removedor de Azucar<\/i><\/h2>\n<p>LPS\u00ae Food Dissolving Fluid disuelve y elimina r\u00e1pidamente los residuos a base de az\u00facar, manteniendo el equipo de alimentos y bebidas en pleno funcionamiento. Este lubricante NSF H1 puede utilizarse en cualquier \u00e1rea dentro de las instalaciones de procesamiento de alimentos donde pueda ocurrir un contacto incidental con los alimentos.<\/p>\n<p>Su f\u00f3rmula avanzada deja una fina pel\u00edcula lubricante que facilita la limpieza futura de residuos pegajosos y proporciona una protecci\u00f3n contra la corrosi\u00f3n a corto plazo.<\/p>\n<p><a class=\"btn ft\" href=\"http:\/\/tecnimport.com.pe\/web\/wp-content\/uploads\/2017\/04\/LPS_FOODLUBE_SUGAR_DISSOLVING_FLUID.pdf\" target=\"_blank\" rel=\"noopener\">Ficha T\u00e9cnica<\/a><\/p>\n","protected":false},"featured_media":6631,"template":"","meta":[],"product_brand":[],"product_cat":[205,210],"product_tag":[1293,1305,1328,1306],"class_list":{"0":"post-2845","1":"product","2":"type-product","3":"status-publish","4":"has-post-thumbnail","6":"product_cat-lps","7":"product_cat-lubricantes-grado-alimenticio-h1","8":"product_tag-grado-alimenticio","9":"product_tag-limpiador","10":"product_tag-lubricante-sintetico","11":"product_tag-removedor-de-azucar","13":"first","14":"instock","15":"shipping-taxable","16":"purchasable","17":"product-type-simple"},"yoast_head":"<!-- This site is optimized with the Yoast SEO plugin v26.9 - https:\/\/yoast.com\/product\/yoast-seo-wordpress\/ -->\n<title>LPS FoodLube Sugar Dissolving Fluid - TECNIMPORT S.A.<\/title>\n<meta name=\"description\" content=\"Elimina r\u00e1pidamente los residuos a base de az\u00facar, manteniendo el equipo de alimentos y bebidas en pleno funcionamiento. NSF H1\" \/>\n<meta name=\"robots\" content=\"index, follow, max-snippet:-1, max-image-preview:large, max-video-preview:-1\" \/>\n<link rel=\"canonical\" href=\"https:\/\/tecnimport.com.pe\/web\/productos\/lps\/lubricantes-grado-alimenticio-h1\/foodlube-sugar-disolving-fluid\/\" \/>\n<meta property=\"og:locale\" content=\"es_ES\" \/>\n<meta property=\"og:type\" content=\"article\" \/>\n<meta property=\"og:title\" content=\"LPS FoodLube Sugar Dissolving Fluid - TECNIMPORT S.A.\" \/>\n<meta property=\"og:description\" content=\"Elimina r\u00e1pidamente los residuos a base de az\u00facar, manteniendo el equipo de alimentos y bebidas en pleno funcionamiento. NSF H1\" \/>\n<meta property=\"og:url\" content=\"https:\/\/tecnimport.com.pe\/web\/productos\/lps\/lubricantes-grado-alimenticio-h1\/foodlube-sugar-disolving-fluid\/\" \/>\n<meta property=\"og:site_name\" content=\"TECNIMPORT S.A.\" \/>\n<meta property=\"article:modified_time\" content=\"2025-03-14T21:07:20+00:00\" \/>\n<meta property=\"og:image\" content=\"https:\/\/tecnimport.com.pe\/web\/wp-content\/uploads\/2016\/06\/FoodLube-Sugar-Dissolving-Fluid_Product_.gif\" \/>\n\t<meta property=\"og:image:width\" content=\"1000\" \/>\n\t<meta property=\"og:image:height\" content=\"1000\" \/>\n\t<meta property=\"og:image:type\" content=\"image\/gif\" \/>\n<meta name=\"twitter:card\" content=\"summary_large_image\" \/>\n<meta name=\"twitter:label1\" content=\"Precio\" \/>\n\t<meta name=\"twitter:data1\" content=\"&#036;1.00\" \/>\n\t<meta name=\"twitter:label2\" content=\"Disponibilidad\" \/>\n\t<meta name=\"twitter:data2\" content=\"Disponible\" \/>\n<script type=\"application\/ld+json\" class=\"yoast-schema-graph\">{\"@context\":\"https:\/\/schema.org\",\"@graph\":[{\"@type\":\"WebPage\",\"@id\":\"https:\/\/tecnimport.com.pe\/web\/productos\/lps\/lubricantes-grado-alimenticio-h1\/foodlube-sugar-disolving-fluid\/\",\"url\":\"https:\/\/tecnimport.com.pe\/web\/productos\/lps\/lubricantes-grado-alimenticio-h1\/foodlube-sugar-disolving-fluid\/\",\"name\":\"LPS FoodLube Sugar Dissolving Fluid - TECNIMPORT S.A.\",\"isPartOf\":{\"@id\":\"https:\/\/tecnimport.com.pe\/web\/#website\"},\"primaryImageOfPage\":{\"@id\":\"https:\/\/tecnimport.com.pe\/web\/productos\/lps\/lubricantes-grado-alimenticio-h1\/foodlube-sugar-disolving-fluid\/#primaryimage\"},\"image\":{\"@id\":\"https:\/\/tecnimport.com.pe\/web\/productos\/lps\/lubricantes-grado-alimenticio-h1\/foodlube-sugar-disolving-fluid\/#primaryimage\"},\"thumbnailUrl\":\"https:\/\/tecnimport.com.pe\/web\/wp-content\/uploads\/2016\/06\/FoodLube-Sugar-Dissolving-Fluid_Product_.gif\",\"datePublished\":\"2016-06-27T23:23:05+00:00\",\"dateModified\":\"2025-03-14T21:07:20+00:00\",\"description\":\"Elimina r\u00e1pidamente los residuos a base de az\u00facar, manteniendo el equipo de alimentos y bebidas en pleno funcionamiento. NSF H1\",\"breadcrumb\":{\"@id\":\"https:\/\/tecnimport.com.pe\/web\/productos\/lps\/lubricantes-grado-alimenticio-h1\/foodlube-sugar-disolving-fluid\/#breadcrumb\"},\"inLanguage\":\"es\",\"potentialAction\":[{\"@type\":\"ReadAction\",\"target\":[\"https:\/\/tecnimport.com.pe\/web\/productos\/lps\/lubricantes-grado-alimenticio-h1\/foodlube-sugar-disolving-fluid\/\"]}]},{\"@type\":\"ImageObject\",\"inLanguage\":\"es\",\"@id\":\"https:\/\/tecnimport.com.pe\/web\/productos\/lps\/lubricantes-grado-alimenticio-h1\/foodlube-sugar-disolving-fluid\/#primaryimage\",\"url\":\"https:\/\/tecnimport.com.pe\/web\/wp-content\/uploads\/2016\/06\/FoodLube-Sugar-Dissolving-Fluid_Product_.gif\",\"contentUrl\":\"https:\/\/tecnimport.com.pe\/web\/wp-content\/uploads\/2016\/06\/FoodLube-Sugar-Dissolving-Fluid_Product_.gif\",\"width\":1000,\"height\":1000,\"caption\":\"Removedor de az\u00facar FoodLube Sugar Dissolving Fluid\"},{\"@type\":\"BreadcrumbList\",\"@id\":\"https:\/\/tecnimport.com.pe\/web\/productos\/lps\/lubricantes-grado-alimenticio-h1\/foodlube-sugar-disolving-fluid\/#breadcrumb\",\"itemListElement\":[{\"@type\":\"ListItem\",\"position\":1,\"name\":\"Portada\",\"item\":\"https:\/\/tecnimport.com.pe\/web\/\"},{\"@type\":\"ListItem\",\"position\":2,\"name\":\"Productos\",\"item\":\"https:\/\/tecnimport.com.pe\/web\/productos-navigation\/\"},{\"@type\":\"ListItem\",\"position\":3,\"name\":\"LPS FoodLube Sugar Dissolving Fluid\"}]},{\"@type\":\"WebSite\",\"@id\":\"https:\/\/tecnimport.com.pe\/web\/#website\",\"url\":\"https:\/\/tecnimport.com.pe\/web\/\",\"name\":\"TECNIMPORT S.A.\",\"description\":\"Representante de Devcon, LPS, Rocol y Procyon en el Per\u00fa\",\"publisher\":{\"@id\":\"https:\/\/tecnimport.com.pe\/web\/#organization\"},\"potentialAction\":[{\"@type\":\"SearchAction\",\"target\":{\"@type\":\"EntryPoint\",\"urlTemplate\":\"https:\/\/tecnimport.com.pe\/web\/?s={search_term_string}\"},\"query-input\":{\"@type\":\"PropertyValueSpecification\",\"valueRequired\":true,\"valueName\":\"search_term_string\"}}],\"inLanguage\":\"es\"},{\"@type\":\"Organization\",\"@id\":\"https:\/\/tecnimport.com.pe\/web\/#organization\",\"name\":\"Tecnimport S.A\",\"url\":\"https:\/\/tecnimport.com.pe\/web\/\",\"logo\":{\"@type\":\"ImageObject\",\"inLanguage\":\"es\",\"@id\":\"https:\/\/tecnimport.com.pe\/web\/#\/schema\/logo\/image\/\",\"url\":\"https:\/\/tecnimport.com.pe\/web\/wp-content\/uploads\/2020\/03\/logo_tecnimport.png\",\"contentUrl\":\"https:\/\/tecnimport.com.pe\/web\/wp-content\/uploads\/2020\/03\/logo_tecnimport.png\",\"width\":367,\"height\":49,\"caption\":\"Tecnimport S.A\"},\"image\":{\"@id\":\"https:\/\/tecnimport.com.pe\/web\/#\/schema\/logo\/image\/\"}}]}<\/script>\n<meta property=\"product:price:amount\" content=\"1.00\" \/>\n<meta property=\"product:price:currency\" content=\"USD\" \/>\n<meta property=\"og:availability\" content=\"instock\" \/>\n<meta property=\"product:availability\" content=\"instock\" \/>\n<meta property=\"product:retailer_item_id\" content=\"57716\" \/>\n<meta property=\"product:condition\" content=\"new\" \/>\n<!-- \/ Yoast SEO plugin. -->","yoast_head_json":{"title":"LPS FoodLube Sugar Dissolving Fluid - TECNIMPORT S.A.","description":"Elimina r\u00e1pidamente los residuos a base de az\u00facar, manteniendo el equipo de alimentos y bebidas en pleno funcionamiento. NSF H1","robots":{"index":"index","follow":"follow","max-snippet":"max-snippet:-1","max-image-preview":"max-image-preview:large","max-video-preview":"max-video-preview:-1"},"canonical":"https:\/\/tecnimport.com.pe\/web\/productos\/lps\/lubricantes-grado-alimenticio-h1\/foodlube-sugar-disolving-fluid\/","og_locale":"es_ES","og_type":"article","og_title":"LPS FoodLube Sugar Dissolving Fluid - TECNIMPORT S.A.","og_description":"Elimina r\u00e1pidamente los residuos a base de az\u00facar, manteniendo el equipo de alimentos y bebidas en pleno funcionamiento. NSF H1","og_url":"https:\/\/tecnimport.com.pe\/web\/productos\/lps\/lubricantes-grado-alimenticio-h1\/foodlube-sugar-disolving-fluid\/","og_site_name":"TECNIMPORT S.A.","article_modified_time":"2025-03-14T21:07:20+00:00","og_image":[{"width":1000,"height":1000,"url":"https:\/\/tecnimport.com.pe\/web\/wp-content\/uploads\/2016\/06\/FoodLube-Sugar-Dissolving-Fluid_Product_.gif","type":"image\/gif"}],"twitter_card":"summary_large_image","twitter_misc":{"Precio":"&#36;1.00","Disponibilidad":"Disponible"},"schema":{"@context":"https:\/\/schema.org","@graph":[{"@type":"WebPage","@id":"https:\/\/tecnimport.com.pe\/web\/productos\/lps\/lubricantes-grado-alimenticio-h1\/foodlube-sugar-disolving-fluid\/","url":"https:\/\/tecnimport.com.pe\/web\/productos\/lps\/lubricantes-grado-alimenticio-h1\/foodlube-sugar-disolving-fluid\/","name":"LPS FoodLube Sugar Dissolving Fluid - TECNIMPORT S.A.","isPartOf":{"@id":"https:\/\/tecnimport.com.pe\/web\/#website"},"primaryImageOfPage":{"@id":"https:\/\/tecnimport.com.pe\/web\/productos\/lps\/lubricantes-grado-alimenticio-h1\/foodlube-sugar-disolving-fluid\/#primaryimage"},"image":{"@id":"https:\/\/tecnimport.com.pe\/web\/productos\/lps\/lubricantes-grado-alimenticio-h1\/foodlube-sugar-disolving-fluid\/#primaryimage"},"thumbnailUrl":"https:\/\/tecnimport.com.pe\/web\/wp-content\/uploads\/2016\/06\/FoodLube-Sugar-Dissolving-Fluid_Product_.gif","datePublished":"2016-06-27T23:23:05+00:00","dateModified":"2025-03-14T21:07:20+00:00","description":"Elimina r\u00e1pidamente los residuos a base de az\u00facar, manteniendo el equipo de alimentos y bebidas en pleno funcionamiento. NSF H1","breadcrumb":{"@id":"https:\/\/tecnimport.com.pe\/web\/productos\/lps\/lubricantes-grado-alimenticio-h1\/foodlube-sugar-disolving-fluid\/#breadcrumb"},"inLanguage":"es","potentialAction":[{"@type":"ReadAction","target":["https:\/\/tecnimport.com.pe\/web\/productos\/lps\/lubricantes-grado-alimenticio-h1\/foodlube-sugar-disolving-fluid\/"]}]},{"@type":"ImageObject","inLanguage":"es","@id":"https:\/\/tecnimport.com.pe\/web\/productos\/lps\/lubricantes-grado-alimenticio-h1\/foodlube-sugar-disolving-fluid\/#primaryimage","url":"https:\/\/tecnimport.com.pe\/web\/wp-content\/uploads\/2016\/06\/FoodLube-Sugar-Dissolving-Fluid_Product_.gif","contentUrl":"https:\/\/tecnimport.com.pe\/web\/wp-content\/uploads\/2016\/06\/FoodLube-Sugar-Dissolving-Fluid_Product_.gif","width":1000,"height":1000,"caption":"Removedor de az\u00facar FoodLube Sugar Dissolving Fluid"},{"@type":"BreadcrumbList","@id":"https:\/\/tecnimport.com.pe\/web\/productos\/lps\/lubricantes-grado-alimenticio-h1\/foodlube-sugar-disolving-fluid\/#breadcrumb","itemListElement":[{"@type":"ListItem","position":1,"name":"Portada","item":"https:\/\/tecnimport.com.pe\/web\/"},{"@type":"ListItem","position":2,"name":"Productos","item":"https:\/\/tecnimport.com.pe\/web\/productos-navigation\/"},{"@type":"ListItem","position":3,"name":"LPS FoodLube Sugar Dissolving Fluid"}]},{"@type":"WebSite","@id":"https:\/\/tecnimport.com.pe\/web\/#website","url":"https:\/\/tecnimport.com.pe\/web\/","name":"TECNIMPORT S.A.","description":"Representante de Devcon, LPS, Rocol y Procyon en el Per\u00fa","publisher":{"@id":"https:\/\/tecnimport.com.pe\/web\/#organization"},"potentialAction":[{"@type":"SearchAction","target":{"@type":"EntryPoint","urlTemplate":"https:\/\/tecnimport.com.pe\/web\/?s={search_term_string}"},"query-input":{"@type":"PropertyValueSpecification","valueRequired":true,"valueName":"search_term_string"}}],"inLanguage":"es"},{"@type":"Organization","@id":"https:\/\/tecnimport.com.pe\/web\/#organization","name":"Tecnimport S.A","url":"https:\/\/tecnimport.com.pe\/web\/","logo":{"@type":"ImageObject","inLanguage":"es","@id":"https:\/\/tecnimport.com.pe\/web\/#\/schema\/logo\/image\/","url":"https:\/\/tecnimport.com.pe\/web\/wp-content\/uploads\/2020\/03\/logo_tecnimport.png","contentUrl":"https:\/\/tecnimport.com.pe\/web\/wp-content\/uploads\/2020\/03\/logo_tecnimport.png","width":367,"height":49,"caption":"Tecnimport S.A"},"image":{"@id":"https:\/\/tecnimport.com.pe\/web\/#\/schema\/logo\/image\/"}}]},"product_price_amount":"1.00","product_price_currency":"USD","og_availability":"instock","product_availability":"instock","product_retailer_item_id":"57716","product_condition":"new"},"_links":{"self":[{"href":"https:\/\/tecnimport.com.pe\/web\/wp-json\/wp\/v2\/product\/2845","targetHints":{"allow":["GET"]}}],"collection":[{"href":"https:\/\/tecnimport.com.pe\/web\/wp-json\/wp\/v2\/product"}],"about":[{"href":"https:\/\/tecnimport.com.pe\/web\/wp-json\/wp\/v2\/types\/product"}],"wp:featuredmedia":[{"embeddable":true,"href":"https:\/\/tecnimport.com.pe\/web\/wp-json\/wp\/v2\/media\/6631"}],"wp:attachment":[{"href":"https:\/\/tecnimport.com.pe\/web\/wp-json\/wp\/v2\/media?parent=2845"}],"wp:term":[{"taxonomy":"product_brand","embeddable":true,"href":"https:\/\/tecnimport.com.pe\/web\/wp-json\/wp\/v2\/product_brand?post=2845"},{"taxonomy":"product_cat","embeddable":true,"href":"https:\/\/tecnimport.com.pe\/web\/wp-json\/wp\/v2\/product_cat?post=2845"},{"taxonomy":"product_tag","embeddable":true,"href":"https:\/\/tecnimport.com.pe\/web\/wp-json\/wp\/v2\/product_tag?post=2845"}],"curies":[{"name":"wp","href":"https:\/\/api.w.org\/{rel}","templated":true}]}}