{"id":2835,"date":"2016-06-27T14:54:43","date_gmt":"2016-06-27T19:54:43","guid":{"rendered":"http:\/\/tecnimport.com.pe\/web\/productos\/lps\/db-precision-duster\/"},"modified":"2025-03-14T09:09:47","modified_gmt":"2025-03-14T14:09:47","slug":"lps-qb-precision-duster","status":"publish","type":"product","link":"https:\/\/tecnimport.com.pe\/web\/productos\/lps\/limpia-contactos\/lps-qb-precision-duster\/","title":{"rendered":"LPS QB Precision Duster"},"content":{"rendered":"<div class=\"wpb-content-wrapper\"><p>[vc_row][vc_column][vc_row_inner][vc_column_inner][vc_column_text woodmart_inline=\u00bbno\u00bb text_larger=\u00bbno\u00bb]<strong class=\"subtitulo_prod\">Presentaci\u00f3n &amp; Fichas<\/strong><\/p>\n<div class=\"table-container\">\n<table class=\"responsive-table\">\n<thead>\n<tr>\n<th style=\"text-align: center;\">N\u00ba de Parte<\/th>\n<th style=\"text-align: center;\">Capacidad<\/th>\n<th style=\"text-align: center;\">Envase<\/th>\n<th style=\"text-align: center;\"><i class=\"fas fa-download\"><\/i> TDS<\/th>\n<\/tr>\n<\/thead>\n<tbody>\n<tr>\n<td style=\"text-align: center;\">05710<\/td>\n<td style=\"text-align: center;\">12 wt oz \/ 340 g \/ 281 mL<\/td>\n<td style=\"text-align: center;\">Aerosol<\/td>\n<td style=\"text-align: center;\"><a href=\"https:\/\/tecnimport.com.pe\/web\/wp-content\/uploads\/2024\/08\/QBPrecisionDuster-.pdf\" target=\"_blank\" rel=\"noopener\"><i class=\"fas fa-download\"><\/i><\/a><\/td>\n<\/tr>\n<\/tbody>\n<\/table>\n<\/div>\n<p>[\/vc_column_text][\/vc_column_inner][\/vc_row_inner][\/vc_column][\/vc_row][vc_row][vc_column width=\u00bb1\/3&#8243;][vc_column_text woodmart_inline=\u00bbno\u00bb text_larger=\u00bbno\u00bb]<strong class=\"subtitulo_prod\">Otras Caracter\u00edsticas<\/strong><\/p>\n<ul>\n<li>No inflamable, inodoro y no deja residuos<\/li>\n<li>Plumero de precisi\u00f3n de acci\u00f3n r\u00e1pida<\/li>\n<li>Excelente para usar en mecanismos delicados y equipos el\u00e9ctricos energizados<\/li>\n<li>Sin humedad<\/li>\n<li>Incluye un tubo de extensi\u00f3n de precisi\u00f3n para usar en espacios de dif\u00edcil acceso<\/li>\n<li>Elimina contaminantes, suciedad, polvo y otros tipos de suciedad<\/li>\n<li>Nuevo propulsor con menor potencial de calentamiento global<\/li>\n<li>Potencial de calentamiento global a 100 a\u00f1os rev. 5 IPPC (GWP CO2 = 1):<\/li>\n<li>Propulsor anterior (HFC-134a) = 1300<\/li>\n<li>Nuevo propulsor (HFO-1234ze) = &lt;1<\/li>\n<\/ul>\n<p>[\/vc_column_text][\/vc_column][vc_column width=\u00bb1\/3&#8243;][vc_column_text woodmart_inline=\u00bbno\u00bb text_larger=\u00bbno\u00bb]<strong class=\"subtitulo_prod\">Aplicaciones<\/strong><\/p>\n<ul>\n<li>Avi\u00f3nica<\/li>\n<li>Computadoras<\/li>\n<li>Equipos de procesamiento de datos<\/li>\n<li>Equipos electr\u00f3nicos<\/li>\n<li>Negativos de pel\u00edcula<\/li>\n<li>Industrial<\/li>\n<li>Cabezas de cinta magn\u00e9tica industriales<\/li>\n<li>Instrumentos de laboratorio<\/li>\n<\/ul>\n<p>[\/vc_column_text][\/vc_column][vc_column width=\u00bb1\/3&#8243;][vc_column_text woodmart_inline=\u00bbno\u00bb text_larger=\u00bbno\u00bb]<strong class=\"subtitulo_prod\">Aplicaci\u00f3n<\/strong>[\/vc_column_text][vc_single_image image=\u00bb6177&#8243; img_size=\u00bblarge\u00bb parallax_scroll=\u00bbno\u00bb woodmart_inline=\u00bbno\u00bb][\/vc_column][\/vc_row][vc_row][vc_column width=\u00bb1\/3&#8243;][vc_column_text woodmart_inline=\u00bbno\u00bb text_larger=\u00bbno\u00bb]<strong class=\"subtitulo_prod\">Marca &amp; Fabricante<\/strong><\/p>\n<table class=\"table\">\n<tbody>\n<tr>\n<td>Marca<\/td>\n<td><strong><a href=\"https:\/\/tecnimport.com.pe\/web\/lps-probrands-itw-peru\/\" target=\"_blank\" rel=\"noopener\">LPS<\/a><\/strong><\/td>\n<\/tr>\n<tr>\n<td>Fabricante<\/td>\n<td><strong><a href=\"https:\/\/www.itwprobrands.com\/product\/qb-duster\" target=\"_blank\" rel=\"noopener\">ITW PROBRANDS<\/a><\/strong><\/td>\n<\/tr>\n<\/tbody>\n<\/table>\n<p>[\/vc_column_text][\/vc_column][vc_column width=\u00bb1\/3&#8243;][\/vc_column][vc_column width=\u00bb1\/3&#8243;][\/vc_column][\/vc_row][vc_row][vc_column][vc_column_text woodmart_inline=\u00bbno\u00bb text_larger=\u00bbno\u00bb]<strong class=\"subtitulo_prod\">Propiedades<\/strong><\/p>\n<table class=\"table\">\n<tbody>\n<tr>\n<td>Aspecto \/ Estado f\u00edsico<\/td>\n<td>Gas<\/td>\n<\/tr>\n<tr>\n<td>Color<\/td>\n<td>Incoloro<\/td>\n<\/tr>\n<tr>\n<td>Olor<\/td>\n<td>Leve. Similar al \u00e9ter.<\/td>\n<\/tr>\n<tr>\n<td>Punto de fusi\u00f3n \/ congelaci\u00f3n<\/td>\n<td>No disponible.<\/td>\n<\/tr>\n<tr>\n<td>Punto \/ rango de ebullici\u00f3n<\/td>\n<td>-2,2 \u00b0F (-19 \u00b0C)<\/td>\n<\/tr>\n<tr>\n<td>Punto de inflamaci\u00f3n<\/td>\n<td>No aplicable.<\/td>\n<\/tr>\n<tr>\n<td>Tasa de evaporaci\u00f3n<\/td>\n<td>No aplicable.<\/td>\n<\/tr>\n<tr>\n<td>Inflamabilidad<\/td>\n<td>L\u00edmite inferior de explosividad (%): Ninguno a 20 \u00b0C; 5,7 % a 60 \u00b0C<\/td>\n<\/tr>\n<tr>\n<td><\/td>\n<td>L\u00edmite superior de explosividad (%): Ninguno a 20 \u00b0C; 11,3 % a 60 \u00b0C<\/td>\n<\/tr>\n<tr>\n<td>Presi\u00f3n de vapor<\/td>\n<td>4271 hPa a 20 \u00b0C (68 \u00b0F)<\/td>\n<\/tr>\n<tr>\n<td><\/td>\n<td>11152 hPa a 54,4 \u00b0C (129,9 \u00b0F)<\/td>\n<\/tr>\n<tr>\n<td>Densidad de vapor<\/td>\n<td>4<\/td>\n<\/tr>\n<tr>\n<td>Densidad<\/td>\n<td>No disponible.<\/td>\n<\/tr>\n<tr>\n<td>Solubilidad en agua<\/td>\n<td>0,37 g\/l a 25 \u00b0C<\/td>\n<\/tr>\n<tr>\n<td>Coeficiente de partici\u00f3n<\/td>\n<td>&gt; 1<\/td>\n<\/tr>\n<tr>\n<td>Temperatura de autoignici\u00f3n<\/td>\n<td>694,4 \u00b0F (368 \u00b0C)<\/td>\n<\/tr>\n<tr>\n<td>Viscosidad<\/td>\n<td>No establecido.<\/td>\n<\/tr>\n<tr>\n<td>Calor de combusti\u00f3n<\/td>\n<td>&lt; 20 kJ\/g<\/td>\n<\/tr>\n<tr>\n<td>Propelente<\/td>\n<td>HFO-1234ze<\/td>\n<\/tr>\n<\/tbody>\n<\/table>\n<p>[\/vc_column_text][\/vc_column][\/vc_row]<\/p>\n<\/div>","protected":false},"excerpt":{"rendered":"<h2 class=\"h2_subtitulo\"><i>LIMPIADOR DE PRECISI\u00d3N NO INFLAMABLE<\/i><\/h2>\n<p>El plumero no inflamable LPS QB PRECISION DUSTER con un potente chorro que elimina contaminantes, suciedad, polvo y otras suciedades de ensambles delicados y componentes electr\u00f3nicos.<br \/>\nLimpiador no inflamable con un potente chorro que elimina contaminantes, polvo y\u00a0 otras suciedades de ensambles delicados y componentes componentes electr\u00f3nicos de dif\u00edcil acceso, chips de semiconductores, equipos el\u00e9ctricos energizados.<\/p>\n<p>Posee un tubo de extensi\u00f3n punta, LPS QB PRECISION DUSTER puede eliminar f\u00e1cilmente el polvo de los espacios dif\u00edciles de alcanzar.<\/p>\n","protected":false},"featured_media":6179,"template":"","meta":[],"product_brand":[],"product_cat":[205,635],"product_tag":[1318,1319],"class_list":{"0":"post-2835","1":"product","2":"type-product","3":"status-publish","4":"has-post-thumbnail","6":"product_cat-lps","7":"product_cat-limpia-contactos","8":"product_tag-limpia-contacto-electrico-electronico","9":"product_tag-no-inflamable","11":"first","12":"instock","13":"shipping-taxable","14":"purchasable","15":"product-type-simple"},"yoast_head":"<!-- This site is optimized with the Yoast SEO plugin v26.9 - https:\/\/yoast.com\/product\/yoast-seo-wordpress\/ -->\n<title>LPS QB Precision Duster - LIMPIADOR DE PRECISI\u00d3N<\/title>\n<meta name=\"description\" content=\"LPS QB PRECISION DUSTER es un limpiador de precisi\u00f3n no inflamable que elimina contaminantes, polvo y suciedades en componentes electr\u00f3nicos.\" \/>\n<meta name=\"robots\" content=\"index, follow, max-snippet:-1, max-image-preview:large, max-video-preview:-1\" \/>\n<link rel=\"canonical\" href=\"https:\/\/tecnimport.com.pe\/web\/productos\/lps\/limpia-contactos\/lps-qb-precision-duster\/\" \/>\n<meta property=\"og:locale\" content=\"es_ES\" \/>\n<meta property=\"og:type\" content=\"article\" \/>\n<meta property=\"og:title\" content=\"LPS QB Precision Duster - LIMPIADOR DE PRECISI\u00d3N\" \/>\n<meta property=\"og:description\" content=\"LPS QB PRECISION DUSTER es un limpiador de precisi\u00f3n no inflamable que elimina contaminantes, polvo y suciedades en componentes electr\u00f3nicos.\" \/>\n<meta property=\"og:url\" content=\"https:\/\/tecnimport.com.pe\/web\/productos\/lps\/limpia-contactos\/lps-qb-precision-duster\/\" \/>\n<meta property=\"og:site_name\" content=\"TECNIMPORT S.A.\" \/>\n<meta property=\"article:modified_time\" content=\"2025-03-14T14:09:47+00:00\" \/>\n<meta property=\"og:image\" content=\"https:\/\/tecnimport.com.pe\/web\/wp-content\/uploads\/2016\/06\/LPS-QB-PRECISION-DUSTER-TECNIMPORT-LIMPIADOR-DE-PRECISION_.gif\" \/>\n\t<meta property=\"og:image:width\" content=\"1000\" \/>\n\t<meta property=\"og:image:height\" content=\"1000\" \/>\n\t<meta property=\"og:image:type\" content=\"image\/gif\" \/>\n<meta name=\"twitter:card\" content=\"summary_large_image\" \/>\n<meta name=\"twitter:label1\" content=\"Precio\" \/>\n\t<meta name=\"twitter:data1\" content=\"&#036;1.00\" \/>\n\t<meta name=\"twitter:label2\" content=\"Disponibilidad\" \/>\n\t<meta name=\"twitter:data2\" content=\"Disponible\" \/>\n<script type=\"application\/ld+json\" class=\"yoast-schema-graph\">{\"@context\":\"https:\/\/schema.org\",\"@graph\":[{\"@type\":\"WebPage\",\"@id\":\"https:\/\/tecnimport.com.pe\/web\/productos\/lps\/limpia-contactos\/lps-qb-precision-duster\/\",\"url\":\"https:\/\/tecnimport.com.pe\/web\/productos\/lps\/limpia-contactos\/lps-qb-precision-duster\/\",\"name\":\"LPS QB Precision Duster - LIMPIADOR DE PRECISI\u00d3N\",\"isPartOf\":{\"@id\":\"https:\/\/tecnimport.com.pe\/web\/#website\"},\"primaryImageOfPage\":{\"@id\":\"https:\/\/tecnimport.com.pe\/web\/productos\/lps\/limpia-contactos\/lps-qb-precision-duster\/#primaryimage\"},\"image\":{\"@id\":\"https:\/\/tecnimport.com.pe\/web\/productos\/lps\/limpia-contactos\/lps-qb-precision-duster\/#primaryimage\"},\"thumbnailUrl\":\"https:\/\/tecnimport.com.pe\/web\/wp-content\/uploads\/2016\/06\/LPS-QB-PRECISION-DUSTER-TECNIMPORT-LIMPIADOR-DE-PRECISION_.gif\",\"datePublished\":\"2016-06-27T19:54:43+00:00\",\"dateModified\":\"2025-03-14T14:09:47+00:00\",\"description\":\"LPS QB PRECISION DUSTER es un limpiador de precisi\u00f3n no inflamable que elimina contaminantes, polvo y suciedades en componentes electr\u00f3nicos.\",\"breadcrumb\":{\"@id\":\"https:\/\/tecnimport.com.pe\/web\/productos\/lps\/limpia-contactos\/lps-qb-precision-duster\/#breadcrumb\"},\"inLanguage\":\"es\",\"potentialAction\":[{\"@type\":\"ReadAction\",\"target\":[\"https:\/\/tecnimport.com.pe\/web\/productos\/lps\/limpia-contactos\/lps-qb-precision-duster\/\"]}]},{\"@type\":\"ImageObject\",\"inLanguage\":\"es\",\"@id\":\"https:\/\/tecnimport.com.pe\/web\/productos\/lps\/limpia-contactos\/lps-qb-precision-duster\/#primaryimage\",\"url\":\"https:\/\/tecnimport.com.pe\/web\/wp-content\/uploads\/2016\/06\/LPS-QB-PRECISION-DUSTER-TECNIMPORT-LIMPIADOR-DE-PRECISION_.gif\",\"contentUrl\":\"https:\/\/tecnimport.com.pe\/web\/wp-content\/uploads\/2016\/06\/LPS-QB-PRECISION-DUSTER-TECNIMPORT-LIMPIADOR-DE-PRECISION_.gif\",\"width\":1000,\"height\":1000,\"caption\":\"LPS QB PRECISION DUSTER LPS QB PRECISION DUSTER limpiador de precisi\u00f3n\"},{\"@type\":\"BreadcrumbList\",\"@id\":\"https:\/\/tecnimport.com.pe\/web\/productos\/lps\/limpia-contactos\/lps-qb-precision-duster\/#breadcrumb\",\"itemListElement\":[{\"@type\":\"ListItem\",\"position\":1,\"name\":\"Portada\",\"item\":\"https:\/\/tecnimport.com.pe\/web\/\"},{\"@type\":\"ListItem\",\"position\":2,\"name\":\"Productos\",\"item\":\"https:\/\/tecnimport.com.pe\/web\/productos-navigation\/\"},{\"@type\":\"ListItem\",\"position\":3,\"name\":\"LPS QB Precision Duster\"}]},{\"@type\":\"WebSite\",\"@id\":\"https:\/\/tecnimport.com.pe\/web\/#website\",\"url\":\"https:\/\/tecnimport.com.pe\/web\/\",\"name\":\"TECNIMPORT S.A.\",\"description\":\"Representante de Devcon, LPS, Rocol y Procyon en el Per\u00fa\",\"publisher\":{\"@id\":\"https:\/\/tecnimport.com.pe\/web\/#organization\"},\"potentialAction\":[{\"@type\":\"SearchAction\",\"target\":{\"@type\":\"EntryPoint\",\"urlTemplate\":\"https:\/\/tecnimport.com.pe\/web\/?s={search_term_string}\"},\"query-input\":{\"@type\":\"PropertyValueSpecification\",\"valueRequired\":true,\"valueName\":\"search_term_string\"}}],\"inLanguage\":\"es\"},{\"@type\":\"Organization\",\"@id\":\"https:\/\/tecnimport.com.pe\/web\/#organization\",\"name\":\"Tecnimport S.A\",\"url\":\"https:\/\/tecnimport.com.pe\/web\/\",\"logo\":{\"@type\":\"ImageObject\",\"inLanguage\":\"es\",\"@id\":\"https:\/\/tecnimport.com.pe\/web\/#\/schema\/logo\/image\/\",\"url\":\"https:\/\/tecnimport.com.pe\/web\/wp-content\/uploads\/2020\/03\/logo_tecnimport.png\",\"contentUrl\":\"https:\/\/tecnimport.com.pe\/web\/wp-content\/uploads\/2020\/03\/logo_tecnimport.png\",\"width\":367,\"height\":49,\"caption\":\"Tecnimport S.A\"},\"image\":{\"@id\":\"https:\/\/tecnimport.com.pe\/web\/#\/schema\/logo\/image\/\"}}]}<\/script>\n<meta property=\"product:price:amount\" content=\"1.00\" \/>\n<meta property=\"product:price:currency\" content=\"USD\" \/>\n<meta property=\"og:availability\" content=\"instock\" \/>\n<meta property=\"product:availability\" content=\"instock\" \/>\n<meta property=\"product:retailer_item_id\" content=\"LPS05710\" \/>\n<meta property=\"product:condition\" content=\"new\" \/>\n<!-- \/ Yoast SEO plugin. -->","yoast_head_json":{"title":"LPS QB Precision Duster - LIMPIADOR DE PRECISI\u00d3N","description":"LPS QB PRECISION DUSTER es un limpiador de precisi\u00f3n no inflamable que elimina contaminantes, polvo y suciedades en componentes electr\u00f3nicos.","robots":{"index":"index","follow":"follow","max-snippet":"max-snippet:-1","max-image-preview":"max-image-preview:large","max-video-preview":"max-video-preview:-1"},"canonical":"https:\/\/tecnimport.com.pe\/web\/productos\/lps\/limpia-contactos\/lps-qb-precision-duster\/","og_locale":"es_ES","og_type":"article","og_title":"LPS QB Precision Duster - LIMPIADOR DE PRECISI\u00d3N","og_description":"LPS QB PRECISION DUSTER es un limpiador de precisi\u00f3n no inflamable que elimina contaminantes, polvo y suciedades en componentes electr\u00f3nicos.","og_url":"https:\/\/tecnimport.com.pe\/web\/productos\/lps\/limpia-contactos\/lps-qb-precision-duster\/","og_site_name":"TECNIMPORT S.A.","article_modified_time":"2025-03-14T14:09:47+00:00","og_image":[{"width":1000,"height":1000,"url":"https:\/\/tecnimport.com.pe\/web\/wp-content\/uploads\/2016\/06\/LPS-QB-PRECISION-DUSTER-TECNIMPORT-LIMPIADOR-DE-PRECISION_.gif","type":"image\/gif"}],"twitter_card":"summary_large_image","twitter_misc":{"Precio":"&#36;1.00","Disponibilidad":"Disponible"},"schema":{"@context":"https:\/\/schema.org","@graph":[{"@type":"WebPage","@id":"https:\/\/tecnimport.com.pe\/web\/productos\/lps\/limpia-contactos\/lps-qb-precision-duster\/","url":"https:\/\/tecnimport.com.pe\/web\/productos\/lps\/limpia-contactos\/lps-qb-precision-duster\/","name":"LPS QB Precision Duster - LIMPIADOR DE PRECISI\u00d3N","isPartOf":{"@id":"https:\/\/tecnimport.com.pe\/web\/#website"},"primaryImageOfPage":{"@id":"https:\/\/tecnimport.com.pe\/web\/productos\/lps\/limpia-contactos\/lps-qb-precision-duster\/#primaryimage"},"image":{"@id":"https:\/\/tecnimport.com.pe\/web\/productos\/lps\/limpia-contactos\/lps-qb-precision-duster\/#primaryimage"},"thumbnailUrl":"https:\/\/tecnimport.com.pe\/web\/wp-content\/uploads\/2016\/06\/LPS-QB-PRECISION-DUSTER-TECNIMPORT-LIMPIADOR-DE-PRECISION_.gif","datePublished":"2016-06-27T19:54:43+00:00","dateModified":"2025-03-14T14:09:47+00:00","description":"LPS QB PRECISION DUSTER es un limpiador de precisi\u00f3n no inflamable que elimina contaminantes, polvo y suciedades en componentes electr\u00f3nicos.","breadcrumb":{"@id":"https:\/\/tecnimport.com.pe\/web\/productos\/lps\/limpia-contactos\/lps-qb-precision-duster\/#breadcrumb"},"inLanguage":"es","potentialAction":[{"@type":"ReadAction","target":["https:\/\/tecnimport.com.pe\/web\/productos\/lps\/limpia-contactos\/lps-qb-precision-duster\/"]}]},{"@type":"ImageObject","inLanguage":"es","@id":"https:\/\/tecnimport.com.pe\/web\/productos\/lps\/limpia-contactos\/lps-qb-precision-duster\/#primaryimage","url":"https:\/\/tecnimport.com.pe\/web\/wp-content\/uploads\/2016\/06\/LPS-QB-PRECISION-DUSTER-TECNIMPORT-LIMPIADOR-DE-PRECISION_.gif","contentUrl":"https:\/\/tecnimport.com.pe\/web\/wp-content\/uploads\/2016\/06\/LPS-QB-PRECISION-DUSTER-TECNIMPORT-LIMPIADOR-DE-PRECISION_.gif","width":1000,"height":1000,"caption":"LPS QB PRECISION DUSTER LPS QB PRECISION DUSTER limpiador de precisi\u00f3n"},{"@type":"BreadcrumbList","@id":"https:\/\/tecnimport.com.pe\/web\/productos\/lps\/limpia-contactos\/lps-qb-precision-duster\/#breadcrumb","itemListElement":[{"@type":"ListItem","position":1,"name":"Portada","item":"https:\/\/tecnimport.com.pe\/web\/"},{"@type":"ListItem","position":2,"name":"Productos","item":"https:\/\/tecnimport.com.pe\/web\/productos-navigation\/"},{"@type":"ListItem","position":3,"name":"LPS QB Precision Duster"}]},{"@type":"WebSite","@id":"https:\/\/tecnimport.com.pe\/web\/#website","url":"https:\/\/tecnimport.com.pe\/web\/","name":"TECNIMPORT S.A.","description":"Representante de Devcon, LPS, Rocol y Procyon en el Per\u00fa","publisher":{"@id":"https:\/\/tecnimport.com.pe\/web\/#organization"},"potentialAction":[{"@type":"SearchAction","target":{"@type":"EntryPoint","urlTemplate":"https:\/\/tecnimport.com.pe\/web\/?s={search_term_string}"},"query-input":{"@type":"PropertyValueSpecification","valueRequired":true,"valueName":"search_term_string"}}],"inLanguage":"es"},{"@type":"Organization","@id":"https:\/\/tecnimport.com.pe\/web\/#organization","name":"Tecnimport S.A","url":"https:\/\/tecnimport.com.pe\/web\/","logo":{"@type":"ImageObject","inLanguage":"es","@id":"https:\/\/tecnimport.com.pe\/web\/#\/schema\/logo\/image\/","url":"https:\/\/tecnimport.com.pe\/web\/wp-content\/uploads\/2020\/03\/logo_tecnimport.png","contentUrl":"https:\/\/tecnimport.com.pe\/web\/wp-content\/uploads\/2020\/03\/logo_tecnimport.png","width":367,"height":49,"caption":"Tecnimport S.A"},"image":{"@id":"https:\/\/tecnimport.com.pe\/web\/#\/schema\/logo\/image\/"}}]},"product_price_amount":"1.00","product_price_currency":"USD","og_availability":"instock","product_availability":"instock","product_retailer_item_id":"LPS05710","product_condition":"new"},"_links":{"self":[{"href":"https:\/\/tecnimport.com.pe\/web\/wp-json\/wp\/v2\/product\/2835","targetHints":{"allow":["GET"]}}],"collection":[{"href":"https:\/\/tecnimport.com.pe\/web\/wp-json\/wp\/v2\/product"}],"about":[{"href":"https:\/\/tecnimport.com.pe\/web\/wp-json\/wp\/v2\/types\/product"}],"wp:featuredmedia":[{"embeddable":true,"href":"https:\/\/tecnimport.com.pe\/web\/wp-json\/wp\/v2\/media\/6179"}],"wp:attachment":[{"href":"https:\/\/tecnimport.com.pe\/web\/wp-json\/wp\/v2\/media?parent=2835"}],"wp:term":[{"taxonomy":"product_brand","embeddable":true,"href":"https:\/\/tecnimport.com.pe\/web\/wp-json\/wp\/v2\/product_brand?post=2835"},{"taxonomy":"product_cat","embeddable":true,"href":"https:\/\/tecnimport.com.pe\/web\/wp-json\/wp\/v2\/product_cat?post=2835"},{"taxonomy":"product_tag","embeddable":true,"href":"https:\/\/tecnimport.com.pe\/web\/wp-json\/wp\/v2\/product_tag?post=2835"}],"curies":[{"name":"wp","href":"https:\/\/api.w.org\/{rel}","templated":true}]}}