{"id":2833,"date":"2016-06-27T14:50:05","date_gmt":"2016-06-27T19:50:05","guid":{"rendered":"http:\/\/tecnimport.com.pe\/web\/productos\/lps\/electro-140-2\/"},"modified":"2025-03-14T09:18:04","modified_gmt":"2025-03-14T14:18:04","slug":"electro-140-contact-cleaner-limpia-contactos-alto-punto-de-inflamacion","status":"publish","type":"product","link":"https:\/\/tecnimport.com.pe\/web\/productos\/lps\/limpia-contactos\/electro-140-contact-cleaner-limpia-contactos-alto-punto-de-inflamacion\/","title":{"rendered":"LPS Electro 140\u00b0"},"content":{"rendered":"<div class=\"wpb-content-wrapper\"><p>[vc_row][vc_column][vc_row_inner][vc_column_inner][vc_column_text woodmart_inline=\u00bbno\u00bb text_larger=\u00bbno\u00bb]<strong class=\"subtitulo_prod\">Presentaci\u00f3n &amp; Fichas<\/strong><\/p>\n<div class=\"table-container\">\n<table class=\"responsive-table\">\n<thead>\n<tr>\n<th style=\"text-align: center;\">N\u00ba de Parte<\/th>\n<th style=\"text-align: center;\">Capacidad<\/th>\n<th style=\"text-align: center;\">Envase<\/th>\n<th style=\"text-align: center;\"><i class=\"fas fa-download\"><\/i> TDS<\/th>\n<\/tr>\n<\/thead>\n<tbody>\n<tr>\n<td style=\"text-align: center;\">00916<\/td>\n<td style=\"text-align: center;\">11 wt oz \/ 312 g \/ 389 mL<\/td>\n<td style=\"text-align: center;\">Aerosol<\/td>\n<td style=\"text-align: center;\"><a href=\"https:\/\/tecnimport.com.pe\/web\/wp-content\/uploads\/2024\/08\/Electro140-ContactCleaner.pdf\" target=\"_blank\" rel=\"noopener\"><i class=\"fas fa-download\"><\/i><\/a><\/td>\n<\/tr>\n<\/tbody>\n<\/table>\n<\/div>\n<p>[\/vc_column_text][\/vc_column_inner][\/vc_row_inner][\/vc_column][\/vc_row][vc_row][vc_column width=\u00bb1\/3&#8243;][vc_column_text woodmart_inline=\u00bbno\u00bb text_larger=\u00bbno\u00bb]<strong class=\"subtitulo_prod\">Otras Caracter\u00edsticas<\/strong><\/p>\n<ul>\n<li>Acci\u00f3n humectante y penetrante superior<\/li>\n<li>Evaporaci\u00f3n controlada<\/li>\n<li>Punto de inflamaci\u00f3n 140 \u00b0F (60 \u00b0C)<\/li>\n<li>No es conductor y no deja residuos<\/li>\n<li>Se puede usar de forma segura en la mayor\u00eda de las superficies<\/li>\n<li>V\u00e1lvula rociadora Inverta<\/li>\n<\/ul>\n<p>[\/vc_column_text][\/vc_column][vc_column width=\u00bb1\/3&#8243;][vc_column_text woodmart_inline=\u00bbno\u00bb text_larger=\u00bbno\u00bb]<strong class=\"subtitulo_prod\">Aplicaciones<\/strong><\/p>\n<ul>\n<li>Contadores y conductos<\/li>\n<li>Conectores<\/li>\n<li>Contactos<\/li>\n<li>Sistemas de fluidos<\/li>\n<li>Equipos de oficina<\/li>\n<li>Rel\u00e9s y controles<\/li>\n<li>Conjuntos de semiconductores<\/li>\n<li>Interruptores<\/li>\n<li>Equipos telef\u00f3nicos<\/li>\n<li>Circuitos impresos<\/li>\n<\/ul>\n<p>[\/vc_column_text][\/vc_column][vc_column width=\u00bb1\/3&#8243;][vc_column_text woodmart_inline=\u00bbno\u00bb text_larger=\u00bbno\u00bb]<strong class=\"subtitulo_prod\">Aplicaci\u00f3n<\/strong>[\/vc_column_text][vc_single_image image=\u00bb6173&#8243; img_size=\u00bblarge\u00bb parallax_scroll=\u00bbno\u00bb woodmart_inline=\u00bbno\u00bb][\/vc_column][\/vc_row][vc_row][vc_column width=\u00bb1\/3&#8243;][vc_column_text woodmart_inline=\u00bbno\u00bb text_larger=\u00bbno\u00bb]<strong class=\"subtitulo_prod\">Certificaciones &amp; Especificaciones<\/strong><\/p>\n<ul>\n<li>Ford Motor Co.<\/li>\n<\/ul>\n<p>[\/vc_column_text][\/vc_column][vc_column width=\u00bb1\/3&#8243;][vc_column_text woodmart_inline=\u00bbno\u00bb text_larger=\u00bbno\u00bb]<strong class=\"subtitulo_prod\">Marca &amp; Fabricante<\/strong><\/p>\n<table class=\"table\">\n<tbody>\n<tr>\n<td>Marca<\/td>\n<td><strong><a href=\"https:\/\/tecnimport.com.pe\/web\/lps-probrands-itw-peru\/\" target=\"_blank\" rel=\"noopener\">LPS<\/a><\/strong><\/td>\n<\/tr>\n<tr>\n<td>Fabricante<\/td>\n<td><strong><a href=\"https:\/\/www.itwprobrands.com\/product\/electro-140\" target=\"_blank\" rel=\"noopener\">ITW PROBRANDS<\/a><\/strong><\/td>\n<\/tr>\n<\/tbody>\n<\/table>\n<p>[\/vc_column_text][\/vc_column][vc_column width=\u00bb1\/3&#8243;][\/vc_column][\/vc_row][vc_row][vc_column][vc_column_text woodmart_inline=\u00bbno\u00bb text_larger=\u00bbno\u00bb]<strong class=\"subtitulo_prod\">Propiedades<\/strong><\/p>\n<table class=\"table\">\n<tbody>\n<tr>\n<td>Aspecto \/ Estado f\u00edsico<\/td>\n<td>Gas<\/td>\n<\/tr>\n<tr>\n<td>Color<\/td>\n<td>Transparente, incoloro.<\/td>\n<\/tr>\n<tr>\n<td>Olor<\/td>\n<td>Caracter\u00edstico.<\/td>\n<\/tr>\n<tr>\n<td>Punto de fusi\u00f3n \/ congelaci\u00f3n<\/td>\n<td>N\/A<\/td>\n<\/tr>\n<tr>\n<td>Punto \/ rango de ebullici\u00f3n<\/td>\n<td>383 \u00b0F (195 \u00b0C)<\/td>\n<\/tr>\n<tr>\n<td>Punto de inflamaci\u00f3n<\/td>\n<td>&gt;158 \u00b0F (&gt;70 \u00b0C) Etiqueta de copa cerrada<\/td>\n<\/tr>\n<tr>\n<td>Tasa de evaporaci\u00f3n<\/td>\n<td>&lt; 0,1 BuAc<\/td>\n<\/tr>\n<tr>\n<td>Inflamabilidad<\/td>\n<td>Inferior: 0,6 %, Superior: 20,4 % (estimado)<\/td>\n<\/tr>\n<tr>\n<td>Presi\u00f3n de vapor<\/td>\n<td>&lt;0,1 mm Hg a 20 \u00b0C<\/td>\n<\/tr>\n<tr>\n<td>Densidad de vapor<\/td>\n<td>6,1 (aire = 1)<\/td>\n<\/tr>\n<tr>\n<td>Solubilidad en agua<\/td>\n<td>No soluble en agua.<\/td>\n<\/tr>\n<tr>\n<td>Coeficiente de partici\u00f3n<\/td>\n<td>&gt;1<\/td>\n<\/tr>\n<tr>\n<td>Temperatura de autoignici\u00f3n<\/td>\n<td>&gt;381,2 \u00b0F (&gt;194 \u00b0C)<\/td>\n<\/tr>\n<tr>\n<td>Viscosidad<\/td>\n<td>&lt; 3 mm2\/s<\/td>\n<\/tr>\n<tr>\n<td>Calor de combusti\u00f3n<\/td>\n<td>&gt; 30 kJ\/g<\/td>\n<\/tr>\n<tr>\n<td>Gravedad espec\u00edfica<\/td>\n<td>0,84 &#8211; 0,86 a 20 \u00b0C (agua = 1)<\/td>\n<\/tr>\n<tr>\n<td>Contenido de COV<\/td>\n<td>0 % seg\u00fan las Regulaciones de Productos de Consumo estatales y federales de EE. UU.<\/td>\n<\/tr>\n<tr>\n<td>Propelente<\/td>\n<td>Di\u00f3xido de carbono<\/td>\n<\/tr>\n<\/tbody>\n<\/table>\n<p>[\/vc_column_text][\/vc_column][\/vc_row]<\/p>\n<\/div>","protected":false},"excerpt":{"rendered":"<h2 class=\"h2_subtitulo\"><i>LIMPIA CONTACTO ALTO PUNTO DE INFLAMACI\u00d3N<\/i><\/h2>\n<p>El limpiador de contactos de alto punto de inflamaci\u00f3n con acci\u00f3n penetrante superior para limpiar piezas de precisi\u00f3n.<\/p>\n","protected":false},"featured_media":6174,"template":"","meta":[],"product_brand":[],"product_cat":[205,635],"product_tag":[1317,1318],"class_list":{"0":"post-2833","1":"product","2":"type-product","3":"status-publish","4":"has-post-thumbnail","6":"product_cat-lps","7":"product_cat-limpia-contactos","8":"product_tag-alto-punto-de-inflamacion","9":"product_tag-limpia-contacto-electrico-electronico","11":"first","12":"instock","13":"shipping-taxable","14":"purchasable","15":"product-type-simple"},"yoast_head":"<!-- This site is optimized with the Yoast SEO plugin v26.9 - https:\/\/yoast.com\/product\/yoast-seo-wordpress\/ -->\n<title>LPS Electro 140\u00b0 - TECNIMPORT S.A.<\/title>\n<meta name=\"description\" content=\"ELECTRO 140 CONTACT CLEANER es un limpia de contactos de alto punto de inflamaci\u00f3n con acci\u00f3n penetrante superior para limpiar piezas de precisi\u00f3n.\" \/>\n<meta name=\"robots\" content=\"index, follow, max-snippet:-1, max-image-preview:large, max-video-preview:-1\" \/>\n<link rel=\"canonical\" href=\"https:\/\/tecnimport.com.pe\/web\/productos\/lps\/limpia-contactos\/electro-140-contact-cleaner-limpia-contactos-alto-punto-de-inflamacion\/\" \/>\n<meta property=\"og:locale\" content=\"es_ES\" \/>\n<meta property=\"og:type\" content=\"article\" \/>\n<meta property=\"og:title\" content=\"LPS Electro 140\u00b0 - TECNIMPORT S.A.\" \/>\n<meta property=\"og:description\" content=\"ELECTRO 140 CONTACT CLEANER es un limpia de contactos de alto punto de inflamaci\u00f3n con acci\u00f3n penetrante superior para limpiar piezas de precisi\u00f3n.\" \/>\n<meta property=\"og:url\" content=\"https:\/\/tecnimport.com.pe\/web\/productos\/lps\/limpia-contactos\/electro-140-contact-cleaner-limpia-contactos-alto-punto-de-inflamacion\/\" \/>\n<meta property=\"og:site_name\" content=\"TECNIMPORT S.A.\" \/>\n<meta property=\"article:modified_time\" content=\"2025-03-14T14:18:04+00:00\" \/>\n<meta property=\"og:image\" content=\"https:\/\/tecnimport.com.pe\/web\/wp-content\/uploads\/2016\/06\/LPS-ELECTRO-140-CONTACT-CLEANER-TECNIMPORT-LIMPIA-CONTACTO-CON-ALTO-PUNTO-DE-INFLAMACION.gif\" \/>\n\t<meta property=\"og:image:width\" content=\"1000\" \/>\n\t<meta property=\"og:image:height\" content=\"1000\" \/>\n\t<meta property=\"og:image:type\" content=\"image\/gif\" \/>\n<meta name=\"twitter:card\" content=\"summary_large_image\" \/>\n<meta name=\"twitter:label1\" content=\"Precio\" \/>\n\t<meta name=\"twitter:data1\" content=\"&#036;1.00\" \/>\n\t<meta name=\"twitter:label2\" content=\"Disponibilidad\" \/>\n\t<meta name=\"twitter:data2\" content=\"Disponible\" \/>\n<script type=\"application\/ld+json\" class=\"yoast-schema-graph\">{\"@context\":\"https:\/\/schema.org\",\"@graph\":[{\"@type\":\"WebPage\",\"@id\":\"https:\/\/tecnimport.com.pe\/web\/productos\/lps\/limpia-contactos\/electro-140-contact-cleaner-limpia-contactos-alto-punto-de-inflamacion\/\",\"url\":\"https:\/\/tecnimport.com.pe\/web\/productos\/lps\/limpia-contactos\/electro-140-contact-cleaner-limpia-contactos-alto-punto-de-inflamacion\/\",\"name\":\"LPS Electro 140\u00b0 - TECNIMPORT S.A.\",\"isPartOf\":{\"@id\":\"https:\/\/tecnimport.com.pe\/web\/#website\"},\"primaryImageOfPage\":{\"@id\":\"https:\/\/tecnimport.com.pe\/web\/productos\/lps\/limpia-contactos\/electro-140-contact-cleaner-limpia-contactos-alto-punto-de-inflamacion\/#primaryimage\"},\"image\":{\"@id\":\"https:\/\/tecnimport.com.pe\/web\/productos\/lps\/limpia-contactos\/electro-140-contact-cleaner-limpia-contactos-alto-punto-de-inflamacion\/#primaryimage\"},\"thumbnailUrl\":\"https:\/\/tecnimport.com.pe\/web\/wp-content\/uploads\/2016\/06\/LPS-ELECTRO-140-CONTACT-CLEANER-TECNIMPORT-LIMPIA-CONTACTO-CON-ALTO-PUNTO-DE-INFLAMACION.gif\",\"datePublished\":\"2016-06-27T19:50:05+00:00\",\"dateModified\":\"2025-03-14T14:18:04+00:00\",\"description\":\"ELECTRO 140 CONTACT CLEANER es un limpia de contactos de alto punto de inflamaci\u00f3n con acci\u00f3n penetrante superior para limpiar piezas de precisi\u00f3n.\",\"breadcrumb\":{\"@id\":\"https:\/\/tecnimport.com.pe\/web\/productos\/lps\/limpia-contactos\/electro-140-contact-cleaner-limpia-contactos-alto-punto-de-inflamacion\/#breadcrumb\"},\"inLanguage\":\"es\",\"potentialAction\":[{\"@type\":\"ReadAction\",\"target\":[\"https:\/\/tecnimport.com.pe\/web\/productos\/lps\/limpia-contactos\/electro-140-contact-cleaner-limpia-contactos-alto-punto-de-inflamacion\/\"]}]},{\"@type\":\"ImageObject\",\"inLanguage\":\"es\",\"@id\":\"https:\/\/tecnimport.com.pe\/web\/productos\/lps\/limpia-contactos\/electro-140-contact-cleaner-limpia-contactos-alto-punto-de-inflamacion\/#primaryimage\",\"url\":\"https:\/\/tecnimport.com.pe\/web\/wp-content\/uploads\/2016\/06\/LPS-ELECTRO-140-CONTACT-CLEANER-TECNIMPORT-LIMPIA-CONTACTO-CON-ALTO-PUNTO-DE-INFLAMACION.gif\",\"contentUrl\":\"https:\/\/tecnimport.com.pe\/web\/wp-content\/uploads\/2016\/06\/LPS-ELECTRO-140-CONTACT-CLEANER-TECNIMPORT-LIMPIA-CONTACTO-CON-ALTO-PUNTO-DE-INFLAMACION.gif\",\"width\":1000,\"height\":1000,\"caption\":\"LPS-ELECTRO-140-CONTACT-CLEANER-TECNIMPORT-LIMPIA-CONTACTO-CON-ALTO-PUNTO-DE-INFLAMACION-APLICACION\"},{\"@type\":\"BreadcrumbList\",\"@id\":\"https:\/\/tecnimport.com.pe\/web\/productos\/lps\/limpia-contactos\/electro-140-contact-cleaner-limpia-contactos-alto-punto-de-inflamacion\/#breadcrumb\",\"itemListElement\":[{\"@type\":\"ListItem\",\"position\":1,\"name\":\"Portada\",\"item\":\"https:\/\/tecnimport.com.pe\/web\/\"},{\"@type\":\"ListItem\",\"position\":2,\"name\":\"Productos\",\"item\":\"https:\/\/tecnimport.com.pe\/web\/productos-navigation\/\"},{\"@type\":\"ListItem\",\"position\":3,\"name\":\"LPS Electro 140\u00b0\"}]},{\"@type\":\"WebSite\",\"@id\":\"https:\/\/tecnimport.com.pe\/web\/#website\",\"url\":\"https:\/\/tecnimport.com.pe\/web\/\",\"name\":\"TECNIMPORT S.A.\",\"description\":\"Representante de Devcon, LPS, Rocol y Procyon en el Per\u00fa\",\"publisher\":{\"@id\":\"https:\/\/tecnimport.com.pe\/web\/#organization\"},\"potentialAction\":[{\"@type\":\"SearchAction\",\"target\":{\"@type\":\"EntryPoint\",\"urlTemplate\":\"https:\/\/tecnimport.com.pe\/web\/?s={search_term_string}\"},\"query-input\":{\"@type\":\"PropertyValueSpecification\",\"valueRequired\":true,\"valueName\":\"search_term_string\"}}],\"inLanguage\":\"es\"},{\"@type\":\"Organization\",\"@id\":\"https:\/\/tecnimport.com.pe\/web\/#organization\",\"name\":\"Tecnimport S.A\",\"url\":\"https:\/\/tecnimport.com.pe\/web\/\",\"logo\":{\"@type\":\"ImageObject\",\"inLanguage\":\"es\",\"@id\":\"https:\/\/tecnimport.com.pe\/web\/#\/schema\/logo\/image\/\",\"url\":\"https:\/\/tecnimport.com.pe\/web\/wp-content\/uploads\/2020\/03\/logo_tecnimport.png\",\"contentUrl\":\"https:\/\/tecnimport.com.pe\/web\/wp-content\/uploads\/2020\/03\/logo_tecnimport.png\",\"width\":367,\"height\":49,\"caption\":\"Tecnimport S.A\"},\"image\":{\"@id\":\"https:\/\/tecnimport.com.pe\/web\/#\/schema\/logo\/image\/\"}}]}<\/script>\n<meta property=\"product:price:amount\" content=\"1.00\" \/>\n<meta property=\"product:price:currency\" content=\"USD\" \/>\n<meta property=\"og:availability\" content=\"instock\" \/>\n<meta property=\"product:availability\" content=\"instock\" \/>\n<meta property=\"product:retailer_item_id\" content=\"LPS00916\" \/>\n<meta property=\"product:condition\" content=\"new\" \/>\n<!-- \/ Yoast SEO plugin. -->","yoast_head_json":{"title":"LPS Electro 140\u00b0 - TECNIMPORT S.A.","description":"ELECTRO 140 CONTACT CLEANER es un limpia de contactos de alto punto de inflamaci\u00f3n con acci\u00f3n penetrante superior para limpiar piezas de precisi\u00f3n.","robots":{"index":"index","follow":"follow","max-snippet":"max-snippet:-1","max-image-preview":"max-image-preview:large","max-video-preview":"max-video-preview:-1"},"canonical":"https:\/\/tecnimport.com.pe\/web\/productos\/lps\/limpia-contactos\/electro-140-contact-cleaner-limpia-contactos-alto-punto-de-inflamacion\/","og_locale":"es_ES","og_type":"article","og_title":"LPS Electro 140\u00b0 - TECNIMPORT S.A.","og_description":"ELECTRO 140 CONTACT CLEANER es un limpia de contactos de alto punto de inflamaci\u00f3n con acci\u00f3n penetrante superior para limpiar piezas de precisi\u00f3n.","og_url":"https:\/\/tecnimport.com.pe\/web\/productos\/lps\/limpia-contactos\/electro-140-contact-cleaner-limpia-contactos-alto-punto-de-inflamacion\/","og_site_name":"TECNIMPORT S.A.","article_modified_time":"2025-03-14T14:18:04+00:00","og_image":[{"width":1000,"height":1000,"url":"https:\/\/tecnimport.com.pe\/web\/wp-content\/uploads\/2016\/06\/LPS-ELECTRO-140-CONTACT-CLEANER-TECNIMPORT-LIMPIA-CONTACTO-CON-ALTO-PUNTO-DE-INFLAMACION.gif","type":"image\/gif"}],"twitter_card":"summary_large_image","twitter_misc":{"Precio":"&#36;1.00","Disponibilidad":"Disponible"},"schema":{"@context":"https:\/\/schema.org","@graph":[{"@type":"WebPage","@id":"https:\/\/tecnimport.com.pe\/web\/productos\/lps\/limpia-contactos\/electro-140-contact-cleaner-limpia-contactos-alto-punto-de-inflamacion\/","url":"https:\/\/tecnimport.com.pe\/web\/productos\/lps\/limpia-contactos\/electro-140-contact-cleaner-limpia-contactos-alto-punto-de-inflamacion\/","name":"LPS Electro 140\u00b0 - TECNIMPORT S.A.","isPartOf":{"@id":"https:\/\/tecnimport.com.pe\/web\/#website"},"primaryImageOfPage":{"@id":"https:\/\/tecnimport.com.pe\/web\/productos\/lps\/limpia-contactos\/electro-140-contact-cleaner-limpia-contactos-alto-punto-de-inflamacion\/#primaryimage"},"image":{"@id":"https:\/\/tecnimport.com.pe\/web\/productos\/lps\/limpia-contactos\/electro-140-contact-cleaner-limpia-contactos-alto-punto-de-inflamacion\/#primaryimage"},"thumbnailUrl":"https:\/\/tecnimport.com.pe\/web\/wp-content\/uploads\/2016\/06\/LPS-ELECTRO-140-CONTACT-CLEANER-TECNIMPORT-LIMPIA-CONTACTO-CON-ALTO-PUNTO-DE-INFLAMACION.gif","datePublished":"2016-06-27T19:50:05+00:00","dateModified":"2025-03-14T14:18:04+00:00","description":"ELECTRO 140 CONTACT CLEANER es un limpia de contactos de alto punto de inflamaci\u00f3n con acci\u00f3n penetrante superior para limpiar piezas de precisi\u00f3n.","breadcrumb":{"@id":"https:\/\/tecnimport.com.pe\/web\/productos\/lps\/limpia-contactos\/electro-140-contact-cleaner-limpia-contactos-alto-punto-de-inflamacion\/#breadcrumb"},"inLanguage":"es","potentialAction":[{"@type":"ReadAction","target":["https:\/\/tecnimport.com.pe\/web\/productos\/lps\/limpia-contactos\/electro-140-contact-cleaner-limpia-contactos-alto-punto-de-inflamacion\/"]}]},{"@type":"ImageObject","inLanguage":"es","@id":"https:\/\/tecnimport.com.pe\/web\/productos\/lps\/limpia-contactos\/electro-140-contact-cleaner-limpia-contactos-alto-punto-de-inflamacion\/#primaryimage","url":"https:\/\/tecnimport.com.pe\/web\/wp-content\/uploads\/2016\/06\/LPS-ELECTRO-140-CONTACT-CLEANER-TECNIMPORT-LIMPIA-CONTACTO-CON-ALTO-PUNTO-DE-INFLAMACION.gif","contentUrl":"https:\/\/tecnimport.com.pe\/web\/wp-content\/uploads\/2016\/06\/LPS-ELECTRO-140-CONTACT-CLEANER-TECNIMPORT-LIMPIA-CONTACTO-CON-ALTO-PUNTO-DE-INFLAMACION.gif","width":1000,"height":1000,"caption":"LPS-ELECTRO-140-CONTACT-CLEANER-TECNIMPORT-LIMPIA-CONTACTO-CON-ALTO-PUNTO-DE-INFLAMACION-APLICACION"},{"@type":"BreadcrumbList","@id":"https:\/\/tecnimport.com.pe\/web\/productos\/lps\/limpia-contactos\/electro-140-contact-cleaner-limpia-contactos-alto-punto-de-inflamacion\/#breadcrumb","itemListElement":[{"@type":"ListItem","position":1,"name":"Portada","item":"https:\/\/tecnimport.com.pe\/web\/"},{"@type":"ListItem","position":2,"name":"Productos","item":"https:\/\/tecnimport.com.pe\/web\/productos-navigation\/"},{"@type":"ListItem","position":3,"name":"LPS Electro 140\u00b0"}]},{"@type":"WebSite","@id":"https:\/\/tecnimport.com.pe\/web\/#website","url":"https:\/\/tecnimport.com.pe\/web\/","name":"TECNIMPORT S.A.","description":"Representante de Devcon, LPS, Rocol y Procyon en el Per\u00fa","publisher":{"@id":"https:\/\/tecnimport.com.pe\/web\/#organization"},"potentialAction":[{"@type":"SearchAction","target":{"@type":"EntryPoint","urlTemplate":"https:\/\/tecnimport.com.pe\/web\/?s={search_term_string}"},"query-input":{"@type":"PropertyValueSpecification","valueRequired":true,"valueName":"search_term_string"}}],"inLanguage":"es"},{"@type":"Organization","@id":"https:\/\/tecnimport.com.pe\/web\/#organization","name":"Tecnimport S.A","url":"https:\/\/tecnimport.com.pe\/web\/","logo":{"@type":"ImageObject","inLanguage":"es","@id":"https:\/\/tecnimport.com.pe\/web\/#\/schema\/logo\/image\/","url":"https:\/\/tecnimport.com.pe\/web\/wp-content\/uploads\/2020\/03\/logo_tecnimport.png","contentUrl":"https:\/\/tecnimport.com.pe\/web\/wp-content\/uploads\/2020\/03\/logo_tecnimport.png","width":367,"height":49,"caption":"Tecnimport S.A"},"image":{"@id":"https:\/\/tecnimport.com.pe\/web\/#\/schema\/logo\/image\/"}}]},"product_price_amount":"1.00","product_price_currency":"USD","og_availability":"instock","product_availability":"instock","product_retailer_item_id":"LPS00916","product_condition":"new"},"_links":{"self":[{"href":"https:\/\/tecnimport.com.pe\/web\/wp-json\/wp\/v2\/product\/2833","targetHints":{"allow":["GET"]}}],"collection":[{"href":"https:\/\/tecnimport.com.pe\/web\/wp-json\/wp\/v2\/product"}],"about":[{"href":"https:\/\/tecnimport.com.pe\/web\/wp-json\/wp\/v2\/types\/product"}],"wp:featuredmedia":[{"embeddable":true,"href":"https:\/\/tecnimport.com.pe\/web\/wp-json\/wp\/v2\/media\/6174"}],"wp:attachment":[{"href":"https:\/\/tecnimport.com.pe\/web\/wp-json\/wp\/v2\/media?parent=2833"}],"wp:term":[{"taxonomy":"product_brand","embeddable":true,"href":"https:\/\/tecnimport.com.pe\/web\/wp-json\/wp\/v2\/product_brand?post=2833"},{"taxonomy":"product_cat","embeddable":true,"href":"https:\/\/tecnimport.com.pe\/web\/wp-json\/wp\/v2\/product_cat?post=2833"},{"taxonomy":"product_tag","embeddable":true,"href":"https:\/\/tecnimport.com.pe\/web\/wp-json\/wp\/v2\/product_tag?post=2833"}],"curies":[{"name":"wp","href":"https:\/\/api.w.org\/{rel}","templated":true}]}}