{"id":2828,"date":"2016-06-27T11:20:15","date_gmt":"2016-06-27T16:20:15","guid":{"rendered":"http:\/\/tecnimport.com.pe\/web\/productos\/lps\/cfc-free\/"},"modified":"2025-03-13T16:14:26","modified_gmt":"2025-03-13T21:14:26","slug":"cfc-free-electro-contact-cleaner","status":"publish","type":"product","link":"https:\/\/tecnimport.com.pe\/web\/productos\/lps\/limpia-contactos\/cfc-free-electro-contact-cleaner\/","title":{"rendered":"LPS CFC Free Electro Contact Cleaner"},"content":{"rendered":"<div class=\"wpb-content-wrapper\"><p>[vc_row][vc_column][vc_row_inner][vc_column_inner][vc_column_text woodmart_inline=\u00bbno\u00bb text_larger=\u00bbno\u00bb]<strong class=\"subtitulo_prod\">Presentaci\u00f3n &amp; Fichas<\/strong><\/p>\n<div class=\"table-container\">\n<table class=\"responsive-table\">\n<thead>\n<tr>\n<th style=\"text-align: center;\">N\u00ba de Parte<\/th>\n<th style=\"text-align: center;\">Capacidad<\/th>\n<th style=\"text-align: center;\">Envase<\/th>\n<th style=\"text-align: center;\"><i class=\"fas fa-download\"><\/i> TDS<\/th>\n<\/tr>\n<\/thead>\n<tbody>\n<tr>\n<td style=\"text-align: center;\">03116<\/td>\n<td style=\"text-align: center;\">11 wt oz \/ 312 g \/ 368 mL<\/td>\n<td style=\"text-align: center;\">Aerosol<\/td>\n<td style=\"text-align: center;\"><a href=\"https:\/\/tecnimport.com.pe\/web\/wp-content\/uploads\/2024\/08\/CFCFree-ElectroContactCleaner.pdf\" target=\"_blank\" rel=\"noopener\"><i class=\"fas fa-download\"><\/i><\/a><\/td>\n<\/tr>\n<\/tbody>\n<\/table>\n<\/div>\n<p>[\/vc_column_text][\/vc_column_inner][\/vc_row_inner][\/vc_column][\/vc_row][vc_row][vc_column width=\u00bb1\/3&#8243;][vc_column_text woodmart_inline=\u00bbno\u00bb text_larger=\u00bbno\u00bb]<strong class=\"subtitulo_prod\">Otras Caracter\u00edsticas<\/strong><\/p>\n<ul>\n<li>Limpia contacto libre de sustancias cloradas, no contiene CFC\u00b4s ni HCFC\u00b4s.<\/li>\n<li>No da\u00f1a la capa de ozono.<\/li>\n<li>Seguro para pl\u00e1sticos.<\/li>\n<li>Se evapora r\u00e1pidamente; no deja residuos<\/li>\n<li>No conductor, de poco olor.<\/li>\n<li>Su acci\u00f3n penetrante elimina aceite, grasa, suciedad y otros contaminantes.<\/li>\n<li>Limpia y desengrasa mecanismos de precisi\u00f3n delicados y sistemas electr\u00f3nicos.<\/li>\n<\/ul>\n<p>[\/vc_column_text][\/vc_column][vc_column width=\u00bb1\/3&#8243;][vc_column_text woodmart_inline=\u00bbno\u00bb text_larger=\u00bbno\u00bb]<strong class=\"subtitulo_prod\">Aplicaciones<\/strong><\/p>\n<ul>\n<li>Conectores<\/li>\n<li>Contactos<\/li>\n<li>Sistemas de fluidos<\/li>\n<li>Cabezas de cinta magn\u00e9tica<\/li>\n<li>Equipos de oficina<\/li>\n<li>Circuitos impresos<\/li>\n<li>Rel\u00e9s y controles<\/li>\n<li>Conjuntos de semiconductores<\/li>\n<\/ul>\n<p>[\/vc_column_text][\/vc_column][vc_column width=\u00bb1\/3&#8243;][vc_column_text woodmart_inline=\u00bbno\u00bb text_larger=\u00bbno\u00bb]<strong class=\"subtitulo_prod\">Aplicaci\u00f3n<\/strong>[\/vc_column_text][vc_single_image image=\u00bb4213&#8243; img_size=\u00bblarge\u00bb add_caption=\u00bbyes\u00bb alignment=\u00bbcenter\u00bb parallax_scroll=\u00bbno\u00bb woodmart_inline=\u00bbno\u00bb][\/vc_column][\/vc_row][vc_row][vc_column width=\u00bb1\/3&#8243;][vc_column_text woodmart_inline=\u00bbno\u00bb text_larger=\u00bbno\u00bb]<strong class=\"subtitulo_prod\">Certificaciones &amp; Especificaciones<\/strong><\/p>\n<ul>\n<li>ASTM F-519, Type 1C<\/li>\n<li>Boeing D6-17487, Revision T<\/li>\n<li>Ford Motor Co.<\/li>\n<li>General Motors Co.<\/li>\n<li style=\"color: #862633;\"><a href=\"https:\/\/info.nsf.org\/usda\/letters\/059813.pdf\" target=\"_blank\" rel=\"noopener\">Certificado NSF: K2 &#8211; Registro # 059813 (Aerosol)<br \/>\n<\/a><\/li>\n<\/ul>\n<p>[\/vc_column_text][\/vc_column][vc_column width=\u00bb1\/3&#8243;][vc_column_text woodmart_inline=\u00bbno\u00bb text_larger=\u00bbno\u00bb]<strong class=\"subtitulo_prod\">Marca &amp; Fabricante<\/strong><\/p>\n<table class=\"table\">\n<tbody>\n<tr>\n<td>Marca<\/td>\n<td><strong><a href=\"https:\/\/tecnimport.com.pe\/web\/lps-probrands-itw-peru\/\" target=\"_blank\" rel=\"noopener\">LPS<\/a><\/strong><\/td>\n<\/tr>\n<tr>\n<td>Fabricante<\/td>\n<td><strong><a href=\"https:\/\/www.itwprobrands.com\/product\/cfc-free\" target=\"_blank\" rel=\"noopener\">ITW PROBRANDS<\/a><\/strong><\/td>\n<\/tr>\n<\/tbody>\n<\/table>\n<p>[\/vc_column_text][\/vc_column][vc_column width=\u00bb1\/3&#8243;][\/vc_column][\/vc_row][vc_row][vc_column][vc_column_text woodmart_inline=\u00bbno\u00bb text_larger=\u00bbno\u00bb]<strong class=\"subtitulo_prod\">Propiedades<\/strong><\/p>\n<table class=\"table\">\n<tbody>\n<tr>\n<td>Aspecto \/ Estado f\u00edsico<\/td>\n<td>L\u00edquido.<\/td>\n<\/tr>\n<tr>\n<td>Color<\/td>\n<td>Transparente. Incoloro.<\/td>\n<\/tr>\n<tr>\n<td>Olor<\/td>\n<td>Disolvente.<\/td>\n<\/tr>\n<tr>\n<td>Punto de fusi\u00f3n \/ congelaci\u00f3n<\/td>\n<td>No disponible.<\/td>\n<\/tr>\n<tr>\n<td>Punto \/ rango de ebullici\u00f3n<\/td>\n<td>140,9 \u00b0F (60,5 \u00b0C)<\/td>\n<\/tr>\n<tr>\n<td>Punto de inflamaci\u00f3n<\/td>\n<td>Aerosol: &lt; 1,4 \u00b0F (&lt; -17,0 \u00b0C) TCC<\/td>\n<\/tr>\n<tr>\n<td>Tasa de evaporaci\u00f3n<\/td>\n<td>&lt;1<\/td>\n<\/tr>\n<tr>\n<td>Inflamabilidad<\/td>\n<td>Inferior: 0,6 %; Superior: 7 %<\/td>\n<\/tr>\n<tr>\n<td>Presi\u00f3n de vapor<\/td>\n<td>352,53 mm Hg a 38 \u00baC<\/td>\n<\/tr>\n<tr>\n<td>Densidad de vapor<\/td>\n<td>~3 (aire = 1)<\/td>\n<\/tr>\n<tr>\n<td>Solubilidad en agua<\/td>\n<td>&lt;10 % p\/p<\/td>\n<\/tr>\n<tr>\n<td>Coeficiente de partici\u00f3n<\/td>\n<td>&gt;1<\/td>\n<\/tr>\n<tr>\n<td>Temperatura de autoignici\u00f3n<\/td>\n<td>582,8 \u00b0F (306 \u00b0C)<\/td>\n<\/tr>\n<tr>\n<td>Viscosidad<\/td>\n<td>&lt; 3 cSt a 25 \u00baC<\/td>\n<\/tr>\n<tr>\n<td>Porcentaje de vol\u00e1tiles<\/td>\n<td>1<\/td>\n<\/tr>\n<tr>\n<td>Gravedad espec\u00edfica<\/td>\n<td>0,64 &#8211; 0,67 a 20 \u00baC<\/td>\n<\/tr>\n<tr>\n<td>Contenido de COV<\/td>\n<td>Aerosol: 96,2 %; A granel: 100 %<\/td>\n<\/tr>\n<tr>\n<td>Valor KB<\/td>\n<td>31<\/td>\n<\/tr>\n<\/tbody>\n<\/table>\n<p>[\/vc_column_text][\/vc_column][\/vc_row]<\/p>\n<\/div>","protected":false},"excerpt":{"rendered":"<h2 class=\"h2_subtitulo\"><i>LIMPIA CONTACTOS EL\u00c9CTRICOS Y ELECTR\u00d3NICOS<\/i><\/h2>\n<p>&nbsp;<\/p>\n<p>Limpiador de contactos el\u00e9ctricos y electr\u00f3nicos LPS CFC FREE ELECTRO CONTACT CLEANER es un limpiador de r\u00e1pida penetraci\u00f3n y evaporaci\u00f3n que trabaja en la mayor\u00eda de las superficies sin dejar residuos.<\/p>\n<p>No contiene CFCs, tricloretano 1,1,1 ni otras sustancias que se sabe que reducen la capa estratosf\u00e9rica de ozono.<\/p>\n<p>El limpiador LPS CFC FREE ELECTRO CONTACT CLEANER de Electro-Contacto sin CFC es especialmente adecuado para limpiar partes el\u00e9ctricas y electr\u00f3nicas as\u00ed como otros tipos de mecanismos delicados.<\/p>\n","protected":false},"featured_media":6164,"template":"","meta":[],"product_brand":[],"product_cat":[205,635],"product_tag":[1283],"class_list":{"0":"post-2828","1":"product","2":"type-product","3":"status-publish","4":"has-post-thumbnail","6":"product_cat-lps","7":"product_cat-limpia-contactos","8":"product_tag-limpia-contacto-electronico","10":"first","11":"instock","12":"shipping-taxable","13":"purchasable","14":"product-type-simple"},"yoast_head":"<!-- This site is optimized with the Yoast SEO plugin v26.9 - https:\/\/yoast.com\/product\/yoast-seo-wordpress\/ -->\n<title>LPS CFC FREE ELECTRO CONTACT CLEANER - TECNIMPORT<\/title>\n<meta name=\"description\" content=\"LPS CFC FREE ELECTRO CONTACT CLEANER Limpia contactos el\u00e9ctricos y electr\u00f3nicos de r\u00e1pida penetraci\u00f3n y evaporaci\u00f3n, limpia mecanismos delicados.\" \/>\n<meta name=\"robots\" content=\"index, follow, max-snippet:-1, max-image-preview:large, max-video-preview:-1\" \/>\n<link rel=\"canonical\" href=\"https:\/\/tecnimport.com.pe\/web\/productos\/lps\/limpia-contactos\/cfc-free-electro-contact-cleaner\/\" \/>\n<meta property=\"og:locale\" content=\"es_ES\" \/>\n<meta property=\"og:type\" content=\"article\" \/>\n<meta property=\"og:title\" content=\"LPS CFC FREE ELECTRO CONTACT CLEANER - TECNIMPORT\" \/>\n<meta property=\"og:description\" content=\"LPS CFC FREE ELECTRO CONTACT CLEANER Limpia contactos el\u00e9ctricos y electr\u00f3nicos de r\u00e1pida penetraci\u00f3n y evaporaci\u00f3n, limpia mecanismos delicados.\" \/>\n<meta property=\"og:url\" content=\"https:\/\/tecnimport.com.pe\/web\/productos\/lps\/limpia-contactos\/cfc-free-electro-contact-cleaner\/\" \/>\n<meta property=\"og:site_name\" content=\"TECNIMPORT S.A.\" \/>\n<meta property=\"article:modified_time\" content=\"2025-03-13T21:14:26+00:00\" \/>\n<meta property=\"og:image\" content=\"https:\/\/tecnimport.com.pe\/web\/wp-content\/uploads\/2024\/08\/CFC-Free-Electro-Contact-Cleaner-tecnimport-limpia-contactos-electricos-electronicos.gif\" \/>\n\t<meta property=\"og:image:width\" content=\"1000\" \/>\n\t<meta property=\"og:image:height\" content=\"1000\" \/>\n\t<meta property=\"og:image:type\" content=\"image\/gif\" \/>\n<meta name=\"twitter:card\" content=\"summary_large_image\" \/>\n<meta name=\"twitter:label1\" content=\"Precio\" \/>\n\t<meta name=\"twitter:data1\" content=\"&#036;1.00\" \/>\n\t<meta name=\"twitter:label2\" content=\"Disponibilidad\" \/>\n\t<meta name=\"twitter:data2\" content=\"Disponible\" \/>\n<script type=\"application\/ld+json\" class=\"yoast-schema-graph\">{\"@context\":\"https:\/\/schema.org\",\"@graph\":[{\"@type\":\"WebPage\",\"@id\":\"https:\/\/tecnimport.com.pe\/web\/productos\/lps\/limpia-contactos\/cfc-free-electro-contact-cleaner\/\",\"url\":\"https:\/\/tecnimport.com.pe\/web\/productos\/lps\/limpia-contactos\/cfc-free-electro-contact-cleaner\/\",\"name\":\"LPS CFC FREE ELECTRO CONTACT CLEANER - TECNIMPORT\",\"isPartOf\":{\"@id\":\"https:\/\/tecnimport.com.pe\/web\/#website\"},\"primaryImageOfPage\":{\"@id\":\"https:\/\/tecnimport.com.pe\/web\/productos\/lps\/limpia-contactos\/cfc-free-electro-contact-cleaner\/#primaryimage\"},\"image\":{\"@id\":\"https:\/\/tecnimport.com.pe\/web\/productos\/lps\/limpia-contactos\/cfc-free-electro-contact-cleaner\/#primaryimage\"},\"thumbnailUrl\":\"https:\/\/tecnimport.com.pe\/web\/wp-content\/uploads\/2024\/08\/CFC-Free-Electro-Contact-Cleaner-tecnimport-limpia-contactos-electricos-electronicos.gif\",\"datePublished\":\"2016-06-27T16:20:15+00:00\",\"dateModified\":\"2025-03-13T21:14:26+00:00\",\"description\":\"LPS CFC FREE ELECTRO CONTACT CLEANER Limpia contactos el\u00e9ctricos y electr\u00f3nicos de r\u00e1pida penetraci\u00f3n y evaporaci\u00f3n, limpia mecanismos delicados.\",\"breadcrumb\":{\"@id\":\"https:\/\/tecnimport.com.pe\/web\/productos\/lps\/limpia-contactos\/cfc-free-electro-contact-cleaner\/#breadcrumb\"},\"inLanguage\":\"es\",\"potentialAction\":[{\"@type\":\"ReadAction\",\"target\":[\"https:\/\/tecnimport.com.pe\/web\/productos\/lps\/limpia-contactos\/cfc-free-electro-contact-cleaner\/\"]}]},{\"@type\":\"ImageObject\",\"inLanguage\":\"es\",\"@id\":\"https:\/\/tecnimport.com.pe\/web\/productos\/lps\/limpia-contactos\/cfc-free-electro-contact-cleaner\/#primaryimage\",\"url\":\"https:\/\/tecnimport.com.pe\/web\/wp-content\/uploads\/2024\/08\/CFC-Free-Electro-Contact-Cleaner-tecnimport-limpia-contactos-electricos-electronicos.gif\",\"contentUrl\":\"https:\/\/tecnimport.com.pe\/web\/wp-content\/uploads\/2024\/08\/CFC-Free-Electro-Contact-Cleaner-tecnimport-limpia-contactos-electricos-electronicos.gif\",\"width\":1000,\"height\":1000,\"caption\":\"Limpiador de contactos el\u00e9ctricos Limpiador de contactos electr\u00f3nicos\"},{\"@type\":\"BreadcrumbList\",\"@id\":\"https:\/\/tecnimport.com.pe\/web\/productos\/lps\/limpia-contactos\/cfc-free-electro-contact-cleaner\/#breadcrumb\",\"itemListElement\":[{\"@type\":\"ListItem\",\"position\":1,\"name\":\"Portada\",\"item\":\"https:\/\/tecnimport.com.pe\/web\/\"},{\"@type\":\"ListItem\",\"position\":2,\"name\":\"Productos\",\"item\":\"https:\/\/tecnimport.com.pe\/web\/productos-navigation\/\"},{\"@type\":\"ListItem\",\"position\":3,\"name\":\"LPS CFC Free Electro Contact Cleaner\"}]},{\"@type\":\"WebSite\",\"@id\":\"https:\/\/tecnimport.com.pe\/web\/#website\",\"url\":\"https:\/\/tecnimport.com.pe\/web\/\",\"name\":\"TECNIMPORT S.A.\",\"description\":\"Representante de Devcon, LPS, Rocol y Procyon en el Per\u00fa\",\"publisher\":{\"@id\":\"https:\/\/tecnimport.com.pe\/web\/#organization\"},\"potentialAction\":[{\"@type\":\"SearchAction\",\"target\":{\"@type\":\"EntryPoint\",\"urlTemplate\":\"https:\/\/tecnimport.com.pe\/web\/?s={search_term_string}\"},\"query-input\":{\"@type\":\"PropertyValueSpecification\",\"valueRequired\":true,\"valueName\":\"search_term_string\"}}],\"inLanguage\":\"es\"},{\"@type\":\"Organization\",\"@id\":\"https:\/\/tecnimport.com.pe\/web\/#organization\",\"name\":\"Tecnimport S.A\",\"url\":\"https:\/\/tecnimport.com.pe\/web\/\",\"logo\":{\"@type\":\"ImageObject\",\"inLanguage\":\"es\",\"@id\":\"https:\/\/tecnimport.com.pe\/web\/#\/schema\/logo\/image\/\",\"url\":\"https:\/\/tecnimport.com.pe\/web\/wp-content\/uploads\/2020\/03\/logo_tecnimport.png\",\"contentUrl\":\"https:\/\/tecnimport.com.pe\/web\/wp-content\/uploads\/2020\/03\/logo_tecnimport.png\",\"width\":367,\"height\":49,\"caption\":\"Tecnimport S.A\"},\"image\":{\"@id\":\"https:\/\/tecnimport.com.pe\/web\/#\/schema\/logo\/image\/\"}}]}<\/script>\n<meta property=\"product:price:amount\" content=\"1.00\" \/>\n<meta property=\"product:price:currency\" content=\"USD\" \/>\n<meta property=\"og:availability\" content=\"instock\" \/>\n<meta property=\"product:availability\" content=\"instock\" \/>\n<meta property=\"product:retailer_item_id\" content=\"LPS03116\" \/>\n<meta property=\"product:condition\" content=\"new\" \/>\n<!-- \/ Yoast SEO plugin. -->","yoast_head_json":{"title":"LPS CFC FREE ELECTRO CONTACT CLEANER - TECNIMPORT","description":"LPS CFC FREE ELECTRO CONTACT CLEANER Limpia contactos el\u00e9ctricos y electr\u00f3nicos de r\u00e1pida penetraci\u00f3n y evaporaci\u00f3n, limpia mecanismos delicados.","robots":{"index":"index","follow":"follow","max-snippet":"max-snippet:-1","max-image-preview":"max-image-preview:large","max-video-preview":"max-video-preview:-1"},"canonical":"https:\/\/tecnimport.com.pe\/web\/productos\/lps\/limpia-contactos\/cfc-free-electro-contact-cleaner\/","og_locale":"es_ES","og_type":"article","og_title":"LPS CFC FREE ELECTRO CONTACT CLEANER - TECNIMPORT","og_description":"LPS CFC FREE ELECTRO CONTACT CLEANER Limpia contactos el\u00e9ctricos y electr\u00f3nicos de r\u00e1pida penetraci\u00f3n y evaporaci\u00f3n, limpia mecanismos delicados.","og_url":"https:\/\/tecnimport.com.pe\/web\/productos\/lps\/limpia-contactos\/cfc-free-electro-contact-cleaner\/","og_site_name":"TECNIMPORT S.A.","article_modified_time":"2025-03-13T21:14:26+00:00","og_image":[{"width":1000,"height":1000,"url":"https:\/\/tecnimport.com.pe\/web\/wp-content\/uploads\/2024\/08\/CFC-Free-Electro-Contact-Cleaner-tecnimport-limpia-contactos-electricos-electronicos.gif","type":"image\/gif"}],"twitter_card":"summary_large_image","twitter_misc":{"Precio":"&#36;1.00","Disponibilidad":"Disponible"},"schema":{"@context":"https:\/\/schema.org","@graph":[{"@type":"WebPage","@id":"https:\/\/tecnimport.com.pe\/web\/productos\/lps\/limpia-contactos\/cfc-free-electro-contact-cleaner\/","url":"https:\/\/tecnimport.com.pe\/web\/productos\/lps\/limpia-contactos\/cfc-free-electro-contact-cleaner\/","name":"LPS CFC FREE ELECTRO CONTACT CLEANER - TECNIMPORT","isPartOf":{"@id":"https:\/\/tecnimport.com.pe\/web\/#website"},"primaryImageOfPage":{"@id":"https:\/\/tecnimport.com.pe\/web\/productos\/lps\/limpia-contactos\/cfc-free-electro-contact-cleaner\/#primaryimage"},"image":{"@id":"https:\/\/tecnimport.com.pe\/web\/productos\/lps\/limpia-contactos\/cfc-free-electro-contact-cleaner\/#primaryimage"},"thumbnailUrl":"https:\/\/tecnimport.com.pe\/web\/wp-content\/uploads\/2024\/08\/CFC-Free-Electro-Contact-Cleaner-tecnimport-limpia-contactos-electricos-electronicos.gif","datePublished":"2016-06-27T16:20:15+00:00","dateModified":"2025-03-13T21:14:26+00:00","description":"LPS CFC FREE ELECTRO CONTACT CLEANER Limpia contactos el\u00e9ctricos y electr\u00f3nicos de r\u00e1pida penetraci\u00f3n y evaporaci\u00f3n, limpia mecanismos delicados.","breadcrumb":{"@id":"https:\/\/tecnimport.com.pe\/web\/productos\/lps\/limpia-contactos\/cfc-free-electro-contact-cleaner\/#breadcrumb"},"inLanguage":"es","potentialAction":[{"@type":"ReadAction","target":["https:\/\/tecnimport.com.pe\/web\/productos\/lps\/limpia-contactos\/cfc-free-electro-contact-cleaner\/"]}]},{"@type":"ImageObject","inLanguage":"es","@id":"https:\/\/tecnimport.com.pe\/web\/productos\/lps\/limpia-contactos\/cfc-free-electro-contact-cleaner\/#primaryimage","url":"https:\/\/tecnimport.com.pe\/web\/wp-content\/uploads\/2024\/08\/CFC-Free-Electro-Contact-Cleaner-tecnimport-limpia-contactos-electricos-electronicos.gif","contentUrl":"https:\/\/tecnimport.com.pe\/web\/wp-content\/uploads\/2024\/08\/CFC-Free-Electro-Contact-Cleaner-tecnimport-limpia-contactos-electricos-electronicos.gif","width":1000,"height":1000,"caption":"Limpiador de contactos el\u00e9ctricos Limpiador de contactos electr\u00f3nicos"},{"@type":"BreadcrumbList","@id":"https:\/\/tecnimport.com.pe\/web\/productos\/lps\/limpia-contactos\/cfc-free-electro-contact-cleaner\/#breadcrumb","itemListElement":[{"@type":"ListItem","position":1,"name":"Portada","item":"https:\/\/tecnimport.com.pe\/web\/"},{"@type":"ListItem","position":2,"name":"Productos","item":"https:\/\/tecnimport.com.pe\/web\/productos-navigation\/"},{"@type":"ListItem","position":3,"name":"LPS CFC Free Electro Contact Cleaner"}]},{"@type":"WebSite","@id":"https:\/\/tecnimport.com.pe\/web\/#website","url":"https:\/\/tecnimport.com.pe\/web\/","name":"TECNIMPORT S.A.","description":"Representante de Devcon, LPS, Rocol y Procyon en el Per\u00fa","publisher":{"@id":"https:\/\/tecnimport.com.pe\/web\/#organization"},"potentialAction":[{"@type":"SearchAction","target":{"@type":"EntryPoint","urlTemplate":"https:\/\/tecnimport.com.pe\/web\/?s={search_term_string}"},"query-input":{"@type":"PropertyValueSpecification","valueRequired":true,"valueName":"search_term_string"}}],"inLanguage":"es"},{"@type":"Organization","@id":"https:\/\/tecnimport.com.pe\/web\/#organization","name":"Tecnimport S.A","url":"https:\/\/tecnimport.com.pe\/web\/","logo":{"@type":"ImageObject","inLanguage":"es","@id":"https:\/\/tecnimport.com.pe\/web\/#\/schema\/logo\/image\/","url":"https:\/\/tecnimport.com.pe\/web\/wp-content\/uploads\/2020\/03\/logo_tecnimport.png","contentUrl":"https:\/\/tecnimport.com.pe\/web\/wp-content\/uploads\/2020\/03\/logo_tecnimport.png","width":367,"height":49,"caption":"Tecnimport S.A"},"image":{"@id":"https:\/\/tecnimport.com.pe\/web\/#\/schema\/logo\/image\/"}}]},"product_price_amount":"1.00","product_price_currency":"USD","og_availability":"instock","product_availability":"instock","product_retailer_item_id":"LPS03116","product_condition":"new"},"_links":{"self":[{"href":"https:\/\/tecnimport.com.pe\/web\/wp-json\/wp\/v2\/product\/2828","targetHints":{"allow":["GET"]}}],"collection":[{"href":"https:\/\/tecnimport.com.pe\/web\/wp-json\/wp\/v2\/product"}],"about":[{"href":"https:\/\/tecnimport.com.pe\/web\/wp-json\/wp\/v2\/types\/product"}],"wp:featuredmedia":[{"embeddable":true,"href":"https:\/\/tecnimport.com.pe\/web\/wp-json\/wp\/v2\/media\/6164"}],"wp:attachment":[{"href":"https:\/\/tecnimport.com.pe\/web\/wp-json\/wp\/v2\/media?parent=2828"}],"wp:term":[{"taxonomy":"product_brand","embeddable":true,"href":"https:\/\/tecnimport.com.pe\/web\/wp-json\/wp\/v2\/product_brand?post=2828"},{"taxonomy":"product_cat","embeddable":true,"href":"https:\/\/tecnimport.com.pe\/web\/wp-json\/wp\/v2\/product_cat?post=2828"},{"taxonomy":"product_tag","embeddable":true,"href":"https:\/\/tecnimport.com.pe\/web\/wp-json\/wp\/v2\/product_tag?post=2828"}],"curies":[{"name":"wp","href":"https:\/\/api.w.org\/{rel}","templated":true}]}}