{"id":2825,"date":"2016-06-24T15:55:25","date_gmt":"2016-06-24T20:55:25","guid":{"rendered":"http:\/\/tecnimport.com.pe\/web\/?post_type=product&#038;p=2825"},"modified":"2021-02-03T14:43:07","modified_gmt":"2021-02-03T19:43:07","slug":"devcon-brushable-ceramic-white","status":"publish","type":"product","link":"https:\/\/tecnimport.com.pe\/web\/productos\/devcon-productos\/reparaciones-de-precision-y-proteccion\/devcon-brushable-ceramic-white\/","title":{"rendered":"Devcon 11770 Brushable Ceramic White | Cer\u00e1mico L\u00edquido Grado Alimenticio"},"content":{"rendered":"","protected":false},"excerpt":{"rendered":"<h2><strong>BRUSHABLE CERAMIC WHITE<\/strong><\/h2>\n<h3><strong>Cer\u00e1mica Aplicable con Brocha<\/strong><\/h3>\n<p><strong>Devcon 11770 | BRUSHABLE CERAMIC WHITE <\/strong> es un compuesto epoxico aplicable con brocha de baja viscosidad y relleno de al\u00famina, cuando se aplica a un recubrimiento de 15-20 mil, proporciona una barrera protectora suave contra el desgaste, la abrasi\u00f3n, la corrosi\u00f3n, la erosi\u00f3n y el ataque qu\u00edmico.<\/p>\n<p><strong class=\"sub_titulo\">Caracter\u00edsticas<\/strong><\/p>\n<ul>\n<li>Rango de temperatura hasta 350 \u00b0. F<\/li>\n<li>3 colores (rojo azul blanco) para asegurar un recubrimiento uniforme.<\/li>\n<li>White est\u00e1 certificada por NSF para su uso en aplicaciones de agua potable.<\/li>\n<li>La superficie de baja fricci\u00f3n reduce la turbulencia, el desgaste y la cavitaci\u00f3n.<\/li>\n<li>Las f\u00f3rmulas rojas y blancas son aceptables para uso en plantas de carne y aves.<\/li>\n<li>Resistencia qu\u00edmica sobresaliente a \u00e1cidos, solventes y \u00e1lcalis.<\/li>\n<li>Tiempo abierto: 21 minutos.<\/li>\n<li>Relleno de huecos: .0625 \u00ab- .075\u00bb.<\/li>\n<li>Color blanco<\/li>\n<li>Relaci\u00f3n de mezcla: 8: 5: 1\/5: 6: 1.<\/li>\n<li>Tama\u00f1o de la unidad: 2 lb.<\/li>\n<li>Tiempo de curaci\u00f3n: 16 horas.<\/li>\n<\/ul>\n<p><strong class=\"sub_titulo\">Presentaci\u00f3n<\/strong><\/p>\n<table style=\"height: 132px;\" width=\"245\">\n<tbody>\n<tr>\n<td><strong>N\u00ba de Parte<\/strong><\/td>\n<td><strong>Capacidad<\/strong><\/td>\n<\/tr>\n<tr>\n<td>11770<\/td>\n<td>Envase x 2 lb<\/td>\n<\/tr>\n<\/tbody>\n<\/table>\n<p><a class=\"btn ft\" href=\"https:\/\/tecnimport.com.pe\/web\/wp-content\/uploads\/2021\/02\/DEVCON-11700-BRUSHABLE-CERAMIC-WHITE-FT.pdf\" target=\"_blank\" rel=\"noopener noreferrer\">Ficha T\u00e9cnica<\/a><\/p>\n","protected":false},"featured_media":3705,"template":"","meta":[],"product_brand":[],"product_cat":[206,219],"product_tag":[],"class_list":{"0":"post-2825","1":"product","2":"type-product","3":"status-publish","4":"has-post-thumbnail","6":"product_cat-devcon-productos","7":"product_cat-reparaciones-de-precision-y-proteccion","9":"first","10":"instock","11":"shipping-taxable","12":"product-type-simple"},"yoast_head":"<!-- This site is optimized with the Yoast SEO plugin v26.9 - https:\/\/yoast.com\/product\/yoast-seo-wordpress\/ -->\n<title>Devcon 11770 Brushable Ceramic White | Cer\u00e1mico L\u00edquido Grado Alimenticio - TECNIMPORT S.A.<\/title>\n<meta name=\"robots\" content=\"index, follow, max-snippet:-1, max-image-preview:large, max-video-preview:-1\" \/>\n<link rel=\"canonical\" href=\"https:\/\/tecnimport.com.pe\/web\/productos\/devcon-productos\/reparaciones-de-precision-y-proteccion\/devcon-brushable-ceramic-white\/\" \/>\n<meta property=\"og:locale\" content=\"es_ES\" \/>\n<meta property=\"og:type\" content=\"article\" \/>\n<meta property=\"og:title\" content=\"Devcon 11770 Brushable Ceramic White | Cer\u00e1mico L\u00edquido Grado Alimenticio - TECNIMPORT S.A.\" \/>\n<meta property=\"og:description\" content=\"BRUSHABLE CERAMIC WHITE Cer\u00e1mica Aplicable con Brocha Devcon 11770 | BRUSHABLE CERAMIC WHITE es un compuesto epoxico aplicable con brocha de baja viscosidad y relleno de al\u00famina, cuando se aplica a un recubrimiento de 15-20 mil, proporciona una barrera protectora suave contra el desgaste, la abrasi\u00f3n, la corrosi\u00f3n, la erosi\u00f3n y el ataque qu\u00edmico.  Caracter\u00edsticas   Rango de temperatura hasta 350 \u00b0. F  3 colores (rojo azul blanco) para asegurar un recubrimiento uniforme.  White est\u00e1 certificada por NSF para su uso en aplicaciones de agua potable.  La superficie de baja fricci\u00f3n reduce la turbulencia, el desgaste y la cavitaci\u00f3n.  Las f\u00f3rmulas rojas y blancas son aceptables para uso en plantas de carne y aves.  Resistencia qu\u00edmica sobresaliente a \u00e1cidos, solventes y \u00e1lcalis.  Tiempo abierto: 21 minutos.  Relleno de huecos: .0625 &quot;- .075&quot;.  Color blanco  Relaci\u00f3n de mezcla: 8: 5: 1\/5: 6: 1.  Tama\u00f1o de la unidad: 2 lb.  Tiempo de curaci\u00f3n: 16 horas.  Presentaci\u00f3n    N\u00ba de Parte Capacidad   11770 Envase x 2 lb    Ficha T\u00e9cnica\" \/>\n<meta property=\"og:url\" content=\"https:\/\/tecnimport.com.pe\/web\/productos\/devcon-productos\/reparaciones-de-precision-y-proteccion\/devcon-brushable-ceramic-white\/\" \/>\n<meta property=\"og:site_name\" content=\"TECNIMPORT S.A.\" \/>\n<meta property=\"article:modified_time\" content=\"2021-02-03T19:43:07+00:00\" \/>\n<meta property=\"og:image\" content=\"https:\/\/tecnimport.com.pe\/web\/wp-content\/uploads\/2018\/11\/Devcon-11700-Brushable-Ceramic-White.gif\" \/>\n\t<meta property=\"og:image:width\" content=\"1000\" \/>\n\t<meta property=\"og:image:height\" content=\"1000\" \/>\n\t<meta property=\"og:image:type\" content=\"image\/gif\" \/>\n<meta name=\"twitter:card\" content=\"summary_large_image\" \/>\n<meta name=\"twitter:label1\" content=\"Precio\" \/>\n\t<meta name=\"twitter:data1\" content=\"\" \/>\n\t<meta name=\"twitter:label2\" content=\"Disponibilidad\" \/>\n\t<meta name=\"twitter:data2\" content=\"Disponible\" \/>\n<script type=\"application\/ld+json\" class=\"yoast-schema-graph\">{\"@context\":\"https:\/\/schema.org\",\"@graph\":[{\"@type\":\"WebPage\",\"@id\":\"https:\/\/tecnimport.com.pe\/web\/productos\/devcon-productos\/reparaciones-de-precision-y-proteccion\/devcon-brushable-ceramic-white\/\",\"url\":\"https:\/\/tecnimport.com.pe\/web\/productos\/devcon-productos\/reparaciones-de-precision-y-proteccion\/devcon-brushable-ceramic-white\/\",\"name\":\"Devcon 11770 Brushable Ceramic White | Cer\u00e1mico L\u00edquido Grado Alimenticio - TECNIMPORT S.A.\",\"isPartOf\":{\"@id\":\"https:\/\/tecnimport.com.pe\/web\/#website\"},\"primaryImageOfPage\":{\"@id\":\"https:\/\/tecnimport.com.pe\/web\/productos\/devcon-productos\/reparaciones-de-precision-y-proteccion\/devcon-brushable-ceramic-white\/#primaryimage\"},\"image\":{\"@id\":\"https:\/\/tecnimport.com.pe\/web\/productos\/devcon-productos\/reparaciones-de-precision-y-proteccion\/devcon-brushable-ceramic-white\/#primaryimage\"},\"thumbnailUrl\":\"https:\/\/tecnimport.com.pe\/web\/wp-content\/uploads\/2018\/11\/Devcon-11700-Brushable-Ceramic-White.gif\",\"datePublished\":\"2016-06-24T20:55:25+00:00\",\"dateModified\":\"2021-02-03T19:43:07+00:00\",\"breadcrumb\":{\"@id\":\"https:\/\/tecnimport.com.pe\/web\/productos\/devcon-productos\/reparaciones-de-precision-y-proteccion\/devcon-brushable-ceramic-white\/#breadcrumb\"},\"inLanguage\":\"es\",\"potentialAction\":[{\"@type\":\"ReadAction\",\"target\":[\"https:\/\/tecnimport.com.pe\/web\/productos\/devcon-productos\/reparaciones-de-precision-y-proteccion\/devcon-brushable-ceramic-white\/\"]}]},{\"@type\":\"ImageObject\",\"inLanguage\":\"es\",\"@id\":\"https:\/\/tecnimport.com.pe\/web\/productos\/devcon-productos\/reparaciones-de-precision-y-proteccion\/devcon-brushable-ceramic-white\/#primaryimage\",\"url\":\"https:\/\/tecnimport.com.pe\/web\/wp-content\/uploads\/2018\/11\/Devcon-11700-Brushable-Ceramic-White.gif\",\"contentUrl\":\"https:\/\/tecnimport.com.pe\/web\/wp-content\/uploads\/2018\/11\/Devcon-11700-Brushable-Ceramic-White.gif\",\"width\":1000,\"height\":1000},{\"@type\":\"BreadcrumbList\",\"@id\":\"https:\/\/tecnimport.com.pe\/web\/productos\/devcon-productos\/reparaciones-de-precision-y-proteccion\/devcon-brushable-ceramic-white\/#breadcrumb\",\"itemListElement\":[{\"@type\":\"ListItem\",\"position\":1,\"name\":\"Portada\",\"item\":\"https:\/\/tecnimport.com.pe\/web\/\"},{\"@type\":\"ListItem\",\"position\":2,\"name\":\"Productos\",\"item\":\"https:\/\/tecnimport.com.pe\/web\/productos-navigation\/\"},{\"@type\":\"ListItem\",\"position\":3,\"name\":\"Devcon 11770 Brushable Ceramic White | Cer\u00e1mico L\u00edquido Grado Alimenticio\"}]},{\"@type\":\"WebSite\",\"@id\":\"https:\/\/tecnimport.com.pe\/web\/#website\",\"url\":\"https:\/\/tecnimport.com.pe\/web\/\",\"name\":\"TECNIMPORT S.A.\",\"description\":\"Representante de Devcon, LPS, Rocol y Procyon en el Per\u00fa\",\"publisher\":{\"@id\":\"https:\/\/tecnimport.com.pe\/web\/#organization\"},\"potentialAction\":[{\"@type\":\"SearchAction\",\"target\":{\"@type\":\"EntryPoint\",\"urlTemplate\":\"https:\/\/tecnimport.com.pe\/web\/?s={search_term_string}\"},\"query-input\":{\"@type\":\"PropertyValueSpecification\",\"valueRequired\":true,\"valueName\":\"search_term_string\"}}],\"inLanguage\":\"es\"},{\"@type\":\"Organization\",\"@id\":\"https:\/\/tecnimport.com.pe\/web\/#organization\",\"name\":\"Tecnimport S.A\",\"url\":\"https:\/\/tecnimport.com.pe\/web\/\",\"logo\":{\"@type\":\"ImageObject\",\"inLanguage\":\"es\",\"@id\":\"https:\/\/tecnimport.com.pe\/web\/#\/schema\/logo\/image\/\",\"url\":\"https:\/\/tecnimport.com.pe\/web\/wp-content\/uploads\/2020\/03\/logo_tecnimport.png\",\"contentUrl\":\"https:\/\/tecnimport.com.pe\/web\/wp-content\/uploads\/2020\/03\/logo_tecnimport.png\",\"width\":367,\"height\":49,\"caption\":\"Tecnimport S.A\"},\"image\":{\"@id\":\"https:\/\/tecnimport.com.pe\/web\/#\/schema\/logo\/image\/\"}}]}<\/script>\n<meta property=\"product:price:amount\" content=\"0.00\" \/>\n<meta property=\"product:price:currency\" content=\"USD\" \/>\n<meta property=\"og:availability\" content=\"instock\" \/>\n<meta property=\"product:availability\" content=\"instock\" \/>\n<meta property=\"product:condition\" content=\"new\" \/>\n<!-- \/ Yoast SEO plugin. -->","yoast_head_json":{"title":"Devcon 11770 Brushable Ceramic White | Cer\u00e1mico L\u00edquido Grado Alimenticio - TECNIMPORT S.A.","robots":{"index":"index","follow":"follow","max-snippet":"max-snippet:-1","max-image-preview":"max-image-preview:large","max-video-preview":"max-video-preview:-1"},"canonical":"https:\/\/tecnimport.com.pe\/web\/productos\/devcon-productos\/reparaciones-de-precision-y-proteccion\/devcon-brushable-ceramic-white\/","og_locale":"es_ES","og_type":"article","og_title":"Devcon 11770 Brushable Ceramic White | Cer\u00e1mico L\u00edquido Grado Alimenticio - TECNIMPORT S.A.","og_description":"BRUSHABLE CERAMIC WHITE Cer\u00e1mica Aplicable con Brocha Devcon 11770 | BRUSHABLE CERAMIC WHITE es un compuesto epoxico aplicable con brocha de baja viscosidad y relleno de al\u00famina, cuando se aplica a un recubrimiento de 15-20 mil, proporciona una barrera protectora suave contra el desgaste, la abrasi\u00f3n, la corrosi\u00f3n, la erosi\u00f3n y el ataque qu\u00edmico.  Caracter\u00edsticas   Rango de temperatura hasta 350 \u00b0. F  3 colores (rojo azul blanco) para asegurar un recubrimiento uniforme.  White est\u00e1 certificada por NSF para su uso en aplicaciones de agua potable.  La superficie de baja fricci\u00f3n reduce la turbulencia, el desgaste y la cavitaci\u00f3n.  Las f\u00f3rmulas rojas y blancas son aceptables para uso en plantas de carne y aves.  Resistencia qu\u00edmica sobresaliente a \u00e1cidos, solventes y \u00e1lcalis.  Tiempo abierto: 21 minutos.  Relleno de huecos: .0625 \"- .075\".  Color blanco  Relaci\u00f3n de mezcla: 8: 5: 1\/5: 6: 1.  Tama\u00f1o de la unidad: 2 lb.  Tiempo de curaci\u00f3n: 16 horas.  Presentaci\u00f3n    N\u00ba de Parte Capacidad   11770 Envase x 2 lb    Ficha T\u00e9cnica","og_url":"https:\/\/tecnimport.com.pe\/web\/productos\/devcon-productos\/reparaciones-de-precision-y-proteccion\/devcon-brushable-ceramic-white\/","og_site_name":"TECNIMPORT S.A.","article_modified_time":"2021-02-03T19:43:07+00:00","og_image":[{"width":1000,"height":1000,"url":"https:\/\/tecnimport.com.pe\/web\/wp-content\/uploads\/2018\/11\/Devcon-11700-Brushable-Ceramic-White.gif","type":"image\/gif"}],"twitter_card":"summary_large_image","twitter_misc":{"Precio":"","Disponibilidad":"Disponible"},"schema":{"@context":"https:\/\/schema.org","@graph":[{"@type":"WebPage","@id":"https:\/\/tecnimport.com.pe\/web\/productos\/devcon-productos\/reparaciones-de-precision-y-proteccion\/devcon-brushable-ceramic-white\/","url":"https:\/\/tecnimport.com.pe\/web\/productos\/devcon-productos\/reparaciones-de-precision-y-proteccion\/devcon-brushable-ceramic-white\/","name":"Devcon 11770 Brushable Ceramic White | Cer\u00e1mico L\u00edquido Grado Alimenticio - TECNIMPORT S.A.","isPartOf":{"@id":"https:\/\/tecnimport.com.pe\/web\/#website"},"primaryImageOfPage":{"@id":"https:\/\/tecnimport.com.pe\/web\/productos\/devcon-productos\/reparaciones-de-precision-y-proteccion\/devcon-brushable-ceramic-white\/#primaryimage"},"image":{"@id":"https:\/\/tecnimport.com.pe\/web\/productos\/devcon-productos\/reparaciones-de-precision-y-proteccion\/devcon-brushable-ceramic-white\/#primaryimage"},"thumbnailUrl":"https:\/\/tecnimport.com.pe\/web\/wp-content\/uploads\/2018\/11\/Devcon-11700-Brushable-Ceramic-White.gif","datePublished":"2016-06-24T20:55:25+00:00","dateModified":"2021-02-03T19:43:07+00:00","breadcrumb":{"@id":"https:\/\/tecnimport.com.pe\/web\/productos\/devcon-productos\/reparaciones-de-precision-y-proteccion\/devcon-brushable-ceramic-white\/#breadcrumb"},"inLanguage":"es","potentialAction":[{"@type":"ReadAction","target":["https:\/\/tecnimport.com.pe\/web\/productos\/devcon-productos\/reparaciones-de-precision-y-proteccion\/devcon-brushable-ceramic-white\/"]}]},{"@type":"ImageObject","inLanguage":"es","@id":"https:\/\/tecnimport.com.pe\/web\/productos\/devcon-productos\/reparaciones-de-precision-y-proteccion\/devcon-brushable-ceramic-white\/#primaryimage","url":"https:\/\/tecnimport.com.pe\/web\/wp-content\/uploads\/2018\/11\/Devcon-11700-Brushable-Ceramic-White.gif","contentUrl":"https:\/\/tecnimport.com.pe\/web\/wp-content\/uploads\/2018\/11\/Devcon-11700-Brushable-Ceramic-White.gif","width":1000,"height":1000},{"@type":"BreadcrumbList","@id":"https:\/\/tecnimport.com.pe\/web\/productos\/devcon-productos\/reparaciones-de-precision-y-proteccion\/devcon-brushable-ceramic-white\/#breadcrumb","itemListElement":[{"@type":"ListItem","position":1,"name":"Portada","item":"https:\/\/tecnimport.com.pe\/web\/"},{"@type":"ListItem","position":2,"name":"Productos","item":"https:\/\/tecnimport.com.pe\/web\/productos-navigation\/"},{"@type":"ListItem","position":3,"name":"Devcon 11770 Brushable Ceramic White | Cer\u00e1mico L\u00edquido Grado Alimenticio"}]},{"@type":"WebSite","@id":"https:\/\/tecnimport.com.pe\/web\/#website","url":"https:\/\/tecnimport.com.pe\/web\/","name":"TECNIMPORT S.A.","description":"Representante de Devcon, LPS, Rocol y Procyon en el Per\u00fa","publisher":{"@id":"https:\/\/tecnimport.com.pe\/web\/#organization"},"potentialAction":[{"@type":"SearchAction","target":{"@type":"EntryPoint","urlTemplate":"https:\/\/tecnimport.com.pe\/web\/?s={search_term_string}"},"query-input":{"@type":"PropertyValueSpecification","valueRequired":true,"valueName":"search_term_string"}}],"inLanguage":"es"},{"@type":"Organization","@id":"https:\/\/tecnimport.com.pe\/web\/#organization","name":"Tecnimport S.A","url":"https:\/\/tecnimport.com.pe\/web\/","logo":{"@type":"ImageObject","inLanguage":"es","@id":"https:\/\/tecnimport.com.pe\/web\/#\/schema\/logo\/image\/","url":"https:\/\/tecnimport.com.pe\/web\/wp-content\/uploads\/2020\/03\/logo_tecnimport.png","contentUrl":"https:\/\/tecnimport.com.pe\/web\/wp-content\/uploads\/2020\/03\/logo_tecnimport.png","width":367,"height":49,"caption":"Tecnimport S.A"},"image":{"@id":"https:\/\/tecnimport.com.pe\/web\/#\/schema\/logo\/image\/"}}]},"product_price_amount":"0.00","product_price_currency":"USD","og_availability":"instock","product_availability":"instock","product_condition":"new"},"_links":{"self":[{"href":"https:\/\/tecnimport.com.pe\/web\/wp-json\/wp\/v2\/product\/2825","targetHints":{"allow":["GET"]}}],"collection":[{"href":"https:\/\/tecnimport.com.pe\/web\/wp-json\/wp\/v2\/product"}],"about":[{"href":"https:\/\/tecnimport.com.pe\/web\/wp-json\/wp\/v2\/types\/product"}],"wp:featuredmedia":[{"embeddable":true,"href":"https:\/\/tecnimport.com.pe\/web\/wp-json\/wp\/v2\/media\/3705"}],"wp:attachment":[{"href":"https:\/\/tecnimport.com.pe\/web\/wp-json\/wp\/v2\/media?parent=2825"}],"wp:term":[{"taxonomy":"product_brand","embeddable":true,"href":"https:\/\/tecnimport.com.pe\/web\/wp-json\/wp\/v2\/product_brand?post=2825"},{"taxonomy":"product_cat","embeddable":true,"href":"https:\/\/tecnimport.com.pe\/web\/wp-json\/wp\/v2\/product_cat?post=2825"},{"taxonomy":"product_tag","embeddable":true,"href":"https:\/\/tecnimport.com.pe\/web\/wp-json\/wp\/v2\/product_tag?post=2825"}],"curies":[{"name":"wp","href":"https:\/\/api.w.org\/{rel}","templated":true}]}}