{"id":2821,"date":"2016-06-24T15:06:14","date_gmt":"2016-06-24T20:06:14","guid":{"rendered":"http:\/\/tecnimport.com.pe\/web\/?post_type=product&#038;p=2821"},"modified":"2025-05-20T16:28:30","modified_gmt":"2025-05-20T21:28:30","slug":"devcon-rflex-uretano-para-reparacion-de-fajas-transportadoras","status":"publish","type":"product","link":"https:\/\/tecnimport.com.pe\/web\/productos\/devcon-productos\/uretanos-reparacion-de-fajas-transportadoras\/devcon-rflex-uretano-para-reparacion-de-fajas-transportadoras\/","title":{"rendered":"Devcon R-Flex 15550 15565"},"content":{"rendered":"<div class=\"wpb-content-wrapper\"><p>[vc_row][vc_column][vc_row_inner][vc_column_inner][vc_column_text css=\u00bb\u00bb woodmart_inline=\u00bbno\u00bb text_larger=\u00bbno\u00bb]<\/p>\n<h3>Devcon R-Flex 15550 15565 &#8211; Uretano para Reparaci\u00f3n de Fajas Transportadoras<\/h3>\n<h5><strong class=\"subtitulo_prod\">Presentaci\u00f3n &amp; Fichas<\/strong><\/h5>\n<div class=\"table-container\">\n<table class=\"responsive-table\">\n<thead>\n<tr>\n<th style=\"text-align: center;\">N\u00ba de Parte<\/th>\n<th style=\"text-align: center;\">Capacidad<\/th>\n<th style=\"text-align: center;\">Envase<\/th>\n<th style=\"text-align: center;\"><i class=\"fas fa-download\"><\/i> Ficha T\u00e9cnica<\/th>\n<\/tr>\n<\/thead>\n<tbody>\n<tr>\n<td style=\"text-align: center;\">15565<\/td>\n<td style=\"text-align: center;\">1.5 lb<\/td>\n<td style=\"text-align: center;\">Kit<\/td>\n<td style=\"text-align: center;\"><a href=\"https:\/\/tecnimport.com.pe\/web\/wp-content\/uploads\/2021\/02\/DEVCON-15500-15565-R-FLEX-FT.pdf\" target=\"_blank\" rel=\"noopener\"><i class=\"fas fa-download\"><\/i>Descargar<\/a><\/td>\n<\/tr>\n<tr>\n<td style=\"text-align: center;\">15550<\/td>\n<td style=\"text-align: center;\">4 lb<\/td>\n<td style=\"text-align: center;\">Kit<\/td>\n<td style=\"text-align: center;\"><a href=\"https:\/\/tecnimport.com.pe\/web\/wp-content\/uploads\/2021\/02\/DEVCON-15500-15565-R-FLEX-FT.pdf\" target=\"_blank\" rel=\"noopener\"><i class=\"fas fa-download\"><\/i>Descargar<\/a><\/td>\n<\/tr>\n<\/tbody>\n<\/table>\n<\/div>\n<p>[\/vc_column_text][\/vc_column_inner][\/vc_row_inner][\/vc_column][\/vc_row][vc_row][vc_column width=\u00bb1\/3&#8243;][vc_column_text css=\u00bb\u00bb woodmart_inline=\u00bbno\u00bb text_larger=\u00bbno\u00bb]<\/p>\n<h5><strong class=\"subtitulo_prod\">Otras Caracter\u00edsticas<\/strong><\/h5>\n<ul>\n<li>Nueva tecnolog\u00eda para reparar cortes, perforaciones, agujeros y surcos en fajas transportadoras.<\/li>\n<li>Utilizado para recubrir y proteger empalmes mec\u00e1nicos, bisagras y grapas de los raspadores.<\/li>\n<li>Muy alta adherencia y excelente elongaci\u00f3n (421%) L\u00edquido autonivelante de f\u00e1cil aplicaci\u00f3n<\/li>\n<li>En 4 minutos se transforma en gel que no escurre, puesta en servicio en menos de 90 minutos.<\/li>\n<li>El kit R-FLEX contiene : resina, agente de curado, acondicionador de superficie, recipiente para mezcla, pa\u00f1o, guantes, toallas de papel y esp\u00e1tula.<\/li>\n<\/ul>\n<p>[\/vc_column_text][\/vc_column][vc_column width=\u00bb1\/3&#8243;][vc_column_text css=\u00bb\u00bb woodmart_inline=\u00bbno\u00bb text_larger=\u00bbno\u00bb]<\/p>\n<h5><strong class=\"subtitulo_prod\">Aplicaciones<\/strong><\/h5>\n<ul>\n<li>Repara perforaciones, surcos y cortes en correas transportadoras.<\/li>\n<li>Protege los empalmes mec\u00e1nicos del da\u00f1o ocasionado por raspadores y partes de limpieza<\/li>\n<\/ul>\n<p>[\/vc_column_text][\/vc_column][vc_column width=\u00bb1\/3&#8243;][vc_column_text css=\u00bb\u00bb woodmart_inline=\u00bbno\u00bb text_larger=\u00bbno\u00bb]<\/p>\n<h5><strong class=\"subtitulo_prod\">Protege<\/strong><\/h5>\n<ul>\n<li>Caucho<\/li>\n<li>Fajas Transportadoras<\/li>\n<li>Grapas<\/li>\n<li>Volutas<\/li>\n<li>Extractores<\/li>\n<li>Lavaderos<\/li>\n<li>Ventiladores<\/li>\n<li>Chancadores<\/li>\n<li>Liners<\/li>\n<\/ul>\n<p>[\/vc_column_text][\/vc_column][\/vc_row][vc_row][vc_column width=\u00bb1\/3&#8243;][vc_column_text css=\u00bb\u00bb woodmart_inline=\u00bbno\u00bb text_larger=\u00bbno\u00bb]<\/p>\n<h5><strong class=\"subtitulo_prod\">Marca &amp; Fabricante<\/strong><\/h5>\n<table class=\"table\">\n<tbody>\n<tr>\n<td>Marca<\/td>\n<td><strong><a href=\"https:\/\/tecnimport.com.pe\/web\/devcon-peru\/\" target=\"_blank\" rel=\"noopener\">DEVCON<\/a><\/strong><\/td>\n<\/tr>\n<tr>\n<td>Fabricante<\/td>\n<td><strong><a href=\"https:\/\/itwperformancepolymers.com\/products\/devcon\/wearing-compounds\/devcon-wear-guard-high-load\" target=\"_blank\" rel=\"noopener\">ITW Performance polymers<\/a><\/strong><\/td>\n<\/tr>\n<\/tbody>\n<\/table>\n<p>[\/vc_column_text][\/vc_column][vc_column width=\u00bb1\/3&#8243;][vc_column_text css=\u00bb\u00bb woodmart_inline=\u00bbno\u00bb text_larger=\u00bbno\u00bb]<\/p>\n<h5><strong class=\"subtitulo_prod\">Aplicaci\u00f3n<\/strong><\/h5>\n<p>[\/vc_column_text][vc_video link=\u00bbhttps:\/\/www.youtube.com\/watch?v=srKPdATkSwY&amp;t=38s&amp;ab_channel=TecnimportPer%C3%BA\u00bb align=\u00bbcenter\u00bb woodmart_css_id=\u00bb65e8d0c6be8f5&#8243; image_poster_switch=\u00bbno\u00bb][\/vc_column][vc_column width=\u00bb1\/3&#8243;][\/vc_column][\/vc_row][vc_row][\/vc_row][vc_column][vc_column_text css=\u00bb\u00bb woodmart_inline=\u00bbno\u00bb text_larger=\u00bbno\u00bb]<\/p>\n<h5><strong class=\"subtitulo_prod\">Propiedades de Curado 7 d\u00edas @ 24\u00b0C<\/strong><\/h5>\n<table class=\"table\">\n<thead><\/thead>\n<tbody>\n<tr>\n<td>% S\u00f3lidos por Volumen<\/td>\n<td>94<\/td>\n<\/tr>\n<tr>\n<td>Resistencia a la Abrasi\u00f3n<\/td>\n<td>270mg de p\u00e9rdida por 1,000 rev<\/td>\n<\/tr>\n<tr>\n<td>Adherencia @ 24 horas<\/td>\n<td>65 pli superficie llena de caucho<\/td>\n<\/tr>\n<tr>\n<td>Adherencia @ 7 d\u00edas<\/td>\n<td>108 pli superficie de caucho de tracci\u00f3n<\/td>\n<\/tr>\n<tr>\n<td>Color<\/td>\n<td>Negro<\/td>\n<\/tr>\n<tr>\n<td>Cobertura \/ lb<\/td>\n<td>110 sq. in.\/lb. @ 1\/4&#8243;<\/td>\n<\/tr>\n<tr>\n<td>Dureza de Curado<\/td>\n<td>87 Shore A<\/td>\n<\/tr>\n<tr>\n<td>Resistencia Diel\u00e9ctrica<\/td>\n<td>350 volts\/mils<\/td>\n<\/tr>\n<tr>\n<td>Curado Funcional<\/td>\n<td>90 min<\/td>\n<\/tr>\n<tr>\n<td>Alargamiento M\u00e1ximo<\/td>\n<td>4.2<\/td>\n<\/tr>\n<tr>\n<td>Temperatura M\u00e1xima de Funcionamiento<\/td>\n<td>Seco: 180\u00b0F H\u00famedo: 120\u00b0F<\/td>\n<\/tr>\n<tr>\n<td>Resina 88: 12 Agente de Curado<\/td>\n<td>Resina 88: 12 Agente de Curado<\/td>\n<\/tr>\n<tr>\n<td>Duracion<\/td>\n<td>18 meses<\/td>\n<\/tr>\n<tr>\n<td>Volumen Espec\u00edfico<\/td>\n<td>27.4 in[3]\/lb.<\/td>\n<\/tr>\n<tr>\n<td>Resistencia al Desgarre<\/td>\n<td>375 pli<\/td>\n<\/tr>\n<tr>\n<td>Resistencia a la Tracci\u00f3n<\/td>\n<td>1,460 pli<\/td>\n<\/tr>\n<\/tbody>\n<\/table>\n<p>[\/vc_column_text][\/vc_column]<\/p>\n<\/div>","protected":false},"excerpt":{"rendered":"<p><strong>Devcon R-Flex 15550 15565<\/strong> desarrollado especialmente para reparar surcos, cortes, perforaciones y proteger empalmes mec\u00e1nicos de correas\/fajas transportadoras.<\/p>\n<p>Uretano l\u00edquido autonivelante, se convierte en minutos en masilla que no escurre. Llena vac\u00edos completamente, reproduce fielmente los detalles de moldes y endurece a la consistencia de caucho semi-r\u00edgido.<\/p>\n","protected":false},"featured_media":5942,"template":"","meta":[],"product_brand":[233],"product_cat":[206,223],"product_tag":[1352,1357,1358],"class_list":{"0":"post-2821","1":"product","2":"type-product","3":"status-publish","4":"has-post-thumbnail","6":"product_brand-devcon","7":"product_cat-devcon-productos","8":"product_cat-uretanos-reparacion-de-fajas-transportadoras","9":"product_tag-curado-rapido","10":"product_tag-reparacion-de-fajas-transportadoras","11":"product_tag-uretano-liquido","13":"first","14":"instock","15":"shipping-taxable","16":"purchasable","17":"product-type-variable"},"yoast_head":"<!-- This site is optimized with the Yoast SEO plugin v26.9 - https:\/\/yoast.com\/product\/yoast-seo-wordpress\/ -->\n<title>Devcon R-Flex - Reparaci\u00f3n de Fajas Transportadoras<\/title>\n<meta name=\"description\" content=\"Devcon R-Flex 15550 15565 desarrollado especialmente para reparar surcos, cortes, perforaciones y proteger empalmes mec\u00e1nicos de correas transportadoras.\" \/>\n<meta name=\"robots\" content=\"index, follow, max-snippet:-1, max-image-preview:large, max-video-preview:-1\" \/>\n<link rel=\"canonical\" href=\"https:\/\/tecnimport.com.pe\/web\/productos\/devcon-productos\/uretanos-reparacion-de-fajas-transportadoras\/devcon-rflex-uretano-para-reparacion-de-fajas-transportadoras\/\" \/>\n<meta property=\"og:locale\" content=\"es_ES\" \/>\n<meta property=\"og:type\" content=\"article\" \/>\n<meta property=\"og:title\" content=\"Devcon R-Flex - Reparaci\u00f3n de Fajas Transportadoras\" \/>\n<meta property=\"og:description\" content=\"Devcon R-Flex 15550 15565 desarrollado especialmente para reparar surcos, cortes, perforaciones y proteger empalmes mec\u00e1nicos de correas transportadoras.\" \/>\n<meta property=\"og:url\" content=\"https:\/\/tecnimport.com.pe\/web\/productos\/devcon-productos\/uretanos-reparacion-de-fajas-transportadoras\/devcon-rflex-uretano-para-reparacion-de-fajas-transportadoras\/\" \/>\n<meta property=\"og:site_name\" content=\"TECNIMPORT S.A.\" \/>\n<meta property=\"article:modified_time\" content=\"2025-05-20T21:28:30+00:00\" \/>\n<meta property=\"og:image\" content=\"https:\/\/tecnimport.com.pe\/web\/wp-content\/uploads\/2024\/03\/devcon_r-flex__15500_15565_tecnimport_reparacion_de_bandas_fajas_correas_transportadoras.gif\" \/>\n\t<meta property=\"og:image:width\" content=\"1000\" \/>\n\t<meta property=\"og:image:height\" content=\"1000\" \/>\n\t<meta property=\"og:image:type\" content=\"image\/gif\" \/>\n<meta name=\"twitter:card\" content=\"summary_large_image\" \/>\n<meta name=\"twitter:label1\" content=\"Disponibilidad\" \/>\n\t<meta name=\"twitter:data1\" content=\"Disponible\" \/>\n<script type=\"application\/ld+json\" class=\"yoast-schema-graph\">{\"@context\":\"https:\/\/schema.org\",\"@graph\":[{\"@type\":\"WebPage\",\"@id\":\"https:\/\/tecnimport.com.pe\/web\/productos\/devcon-productos\/uretanos-reparacion-de-fajas-transportadoras\/devcon-rflex-uretano-para-reparacion-de-fajas-transportadoras\/\",\"url\":\"https:\/\/tecnimport.com.pe\/web\/productos\/devcon-productos\/uretanos-reparacion-de-fajas-transportadoras\/devcon-rflex-uretano-para-reparacion-de-fajas-transportadoras\/\",\"name\":\"Devcon R-Flex - Reparaci\u00f3n de Fajas Transportadoras\",\"isPartOf\":{\"@id\":\"https:\/\/tecnimport.com.pe\/web\/#website\"},\"primaryImageOfPage\":{\"@id\":\"https:\/\/tecnimport.com.pe\/web\/productos\/devcon-productos\/uretanos-reparacion-de-fajas-transportadoras\/devcon-rflex-uretano-para-reparacion-de-fajas-transportadoras\/#primaryimage\"},\"image\":{\"@id\":\"https:\/\/tecnimport.com.pe\/web\/productos\/devcon-productos\/uretanos-reparacion-de-fajas-transportadoras\/devcon-rflex-uretano-para-reparacion-de-fajas-transportadoras\/#primaryimage\"},\"thumbnailUrl\":\"https:\/\/tecnimport.com.pe\/web\/wp-content\/uploads\/2024\/03\/devcon_r-flex__15500_15565_tecnimport_reparacion_de_bandas_fajas_correas_transportadoras.gif\",\"datePublished\":\"2016-06-24T20:06:14+00:00\",\"dateModified\":\"2025-05-20T21:28:30+00:00\",\"description\":\"Devcon R-Flex 15550 15565 desarrollado especialmente para reparar surcos, cortes, perforaciones y proteger empalmes mec\u00e1nicos de correas transportadoras.\",\"breadcrumb\":{\"@id\":\"https:\/\/tecnimport.com.pe\/web\/productos\/devcon-productos\/uretanos-reparacion-de-fajas-transportadoras\/devcon-rflex-uretano-para-reparacion-de-fajas-transportadoras\/#breadcrumb\"},\"inLanguage\":\"es\",\"potentialAction\":[{\"@type\":\"ReadAction\",\"target\":[\"https:\/\/tecnimport.com.pe\/web\/productos\/devcon-productos\/uretanos-reparacion-de-fajas-transportadoras\/devcon-rflex-uretano-para-reparacion-de-fajas-transportadoras\/\"]}]},{\"@type\":\"ImageObject\",\"inLanguage\":\"es\",\"@id\":\"https:\/\/tecnimport.com.pe\/web\/productos\/devcon-productos\/uretanos-reparacion-de-fajas-transportadoras\/devcon-rflex-uretano-para-reparacion-de-fajas-transportadoras\/#primaryimage\",\"url\":\"https:\/\/tecnimport.com.pe\/web\/wp-content\/uploads\/2024\/03\/devcon_r-flex__15500_15565_tecnimport_reparacion_de_bandas_fajas_correas_transportadoras.gif\",\"contentUrl\":\"https:\/\/tecnimport.com.pe\/web\/wp-content\/uploads\/2024\/03\/devcon_r-flex__15500_15565_tecnimport_reparacion_de_bandas_fajas_correas_transportadoras.gif\",\"width\":1000,\"height\":1000,\"caption\":\"devcon_r-flex__15500_15565_tecnimport_reparacion_de_bandas_fajas_correas_transportadoras\"},{\"@type\":\"BreadcrumbList\",\"@id\":\"https:\/\/tecnimport.com.pe\/web\/productos\/devcon-productos\/uretanos-reparacion-de-fajas-transportadoras\/devcon-rflex-uretano-para-reparacion-de-fajas-transportadoras\/#breadcrumb\",\"itemListElement\":[{\"@type\":\"ListItem\",\"position\":1,\"name\":\"Portada\",\"item\":\"https:\/\/tecnimport.com.pe\/web\/\"},{\"@type\":\"ListItem\",\"position\":2,\"name\":\"Productos\",\"item\":\"https:\/\/tecnimport.com.pe\/web\/productos-navigation\/\"},{\"@type\":\"ListItem\",\"position\":3,\"name\":\"Devcon R-Flex 15550 15565\"}]},{\"@type\":\"WebSite\",\"@id\":\"https:\/\/tecnimport.com.pe\/web\/#website\",\"url\":\"https:\/\/tecnimport.com.pe\/web\/\",\"name\":\"TECNIMPORT S.A.\",\"description\":\"Representante de Devcon, LPS, Rocol y Procyon en el Per\u00fa\",\"publisher\":{\"@id\":\"https:\/\/tecnimport.com.pe\/web\/#organization\"},\"potentialAction\":[{\"@type\":\"SearchAction\",\"target\":{\"@type\":\"EntryPoint\",\"urlTemplate\":\"https:\/\/tecnimport.com.pe\/web\/?s={search_term_string}\"},\"query-input\":{\"@type\":\"PropertyValueSpecification\",\"valueRequired\":true,\"valueName\":\"search_term_string\"}}],\"inLanguage\":\"es\"},{\"@type\":\"Organization\",\"@id\":\"https:\/\/tecnimport.com.pe\/web\/#organization\",\"name\":\"Tecnimport S.A\",\"url\":\"https:\/\/tecnimport.com.pe\/web\/\",\"logo\":{\"@type\":\"ImageObject\",\"inLanguage\":\"es\",\"@id\":\"https:\/\/tecnimport.com.pe\/web\/#\/schema\/logo\/image\/\",\"url\":\"https:\/\/tecnimport.com.pe\/web\/wp-content\/uploads\/2020\/03\/logo_tecnimport.png\",\"contentUrl\":\"https:\/\/tecnimport.com.pe\/web\/wp-content\/uploads\/2020\/03\/logo_tecnimport.png\",\"width\":367,\"height\":49,\"caption\":\"Tecnimport S.A\"},\"image\":{\"@id\":\"https:\/\/tecnimport.com.pe\/web\/#\/schema\/logo\/image\/\"}}]}<\/script>\n<meta property=\"og:availability\" content=\"instock\" \/>\n<meta property=\"product:availability\" content=\"instock\" \/>\n<meta property=\"product:retailer_item_id\" content=\"15550\" \/>\n<meta property=\"product:condition\" content=\"new\" \/>\n<!-- \/ Yoast SEO plugin. -->","yoast_head_json":{"title":"Devcon R-Flex - Reparaci\u00f3n de Fajas Transportadoras","description":"Devcon R-Flex 15550 15565 desarrollado especialmente para reparar surcos, cortes, perforaciones y proteger empalmes mec\u00e1nicos de correas transportadoras.","robots":{"index":"index","follow":"follow","max-snippet":"max-snippet:-1","max-image-preview":"max-image-preview:large","max-video-preview":"max-video-preview:-1"},"canonical":"https:\/\/tecnimport.com.pe\/web\/productos\/devcon-productos\/uretanos-reparacion-de-fajas-transportadoras\/devcon-rflex-uretano-para-reparacion-de-fajas-transportadoras\/","og_locale":"es_ES","og_type":"article","og_title":"Devcon R-Flex - Reparaci\u00f3n de Fajas Transportadoras","og_description":"Devcon R-Flex 15550 15565 desarrollado especialmente para reparar surcos, cortes, perforaciones y proteger empalmes mec\u00e1nicos de correas transportadoras.","og_url":"https:\/\/tecnimport.com.pe\/web\/productos\/devcon-productos\/uretanos-reparacion-de-fajas-transportadoras\/devcon-rflex-uretano-para-reparacion-de-fajas-transportadoras\/","og_site_name":"TECNIMPORT S.A.","article_modified_time":"2025-05-20T21:28:30+00:00","og_image":[{"width":1000,"height":1000,"url":"https:\/\/tecnimport.com.pe\/web\/wp-content\/uploads\/2024\/03\/devcon_r-flex__15500_15565_tecnimport_reparacion_de_bandas_fajas_correas_transportadoras.gif","type":"image\/gif"}],"twitter_card":"summary_large_image","twitter_misc":{"Disponibilidad":"Disponible"},"schema":{"@context":"https:\/\/schema.org","@graph":[{"@type":"WebPage","@id":"https:\/\/tecnimport.com.pe\/web\/productos\/devcon-productos\/uretanos-reparacion-de-fajas-transportadoras\/devcon-rflex-uretano-para-reparacion-de-fajas-transportadoras\/","url":"https:\/\/tecnimport.com.pe\/web\/productos\/devcon-productos\/uretanos-reparacion-de-fajas-transportadoras\/devcon-rflex-uretano-para-reparacion-de-fajas-transportadoras\/","name":"Devcon R-Flex - Reparaci\u00f3n de Fajas Transportadoras","isPartOf":{"@id":"https:\/\/tecnimport.com.pe\/web\/#website"},"primaryImageOfPage":{"@id":"https:\/\/tecnimport.com.pe\/web\/productos\/devcon-productos\/uretanos-reparacion-de-fajas-transportadoras\/devcon-rflex-uretano-para-reparacion-de-fajas-transportadoras\/#primaryimage"},"image":{"@id":"https:\/\/tecnimport.com.pe\/web\/productos\/devcon-productos\/uretanos-reparacion-de-fajas-transportadoras\/devcon-rflex-uretano-para-reparacion-de-fajas-transportadoras\/#primaryimage"},"thumbnailUrl":"https:\/\/tecnimport.com.pe\/web\/wp-content\/uploads\/2024\/03\/devcon_r-flex__15500_15565_tecnimport_reparacion_de_bandas_fajas_correas_transportadoras.gif","datePublished":"2016-06-24T20:06:14+00:00","dateModified":"2025-05-20T21:28:30+00:00","description":"Devcon R-Flex 15550 15565 desarrollado especialmente para reparar surcos, cortes, perforaciones y proteger empalmes mec\u00e1nicos de correas transportadoras.","breadcrumb":{"@id":"https:\/\/tecnimport.com.pe\/web\/productos\/devcon-productos\/uretanos-reparacion-de-fajas-transportadoras\/devcon-rflex-uretano-para-reparacion-de-fajas-transportadoras\/#breadcrumb"},"inLanguage":"es","potentialAction":[{"@type":"ReadAction","target":["https:\/\/tecnimport.com.pe\/web\/productos\/devcon-productos\/uretanos-reparacion-de-fajas-transportadoras\/devcon-rflex-uretano-para-reparacion-de-fajas-transportadoras\/"]}]},{"@type":"ImageObject","inLanguage":"es","@id":"https:\/\/tecnimport.com.pe\/web\/productos\/devcon-productos\/uretanos-reparacion-de-fajas-transportadoras\/devcon-rflex-uretano-para-reparacion-de-fajas-transportadoras\/#primaryimage","url":"https:\/\/tecnimport.com.pe\/web\/wp-content\/uploads\/2024\/03\/devcon_r-flex__15500_15565_tecnimport_reparacion_de_bandas_fajas_correas_transportadoras.gif","contentUrl":"https:\/\/tecnimport.com.pe\/web\/wp-content\/uploads\/2024\/03\/devcon_r-flex__15500_15565_tecnimport_reparacion_de_bandas_fajas_correas_transportadoras.gif","width":1000,"height":1000,"caption":"devcon_r-flex__15500_15565_tecnimport_reparacion_de_bandas_fajas_correas_transportadoras"},{"@type":"BreadcrumbList","@id":"https:\/\/tecnimport.com.pe\/web\/productos\/devcon-productos\/uretanos-reparacion-de-fajas-transportadoras\/devcon-rflex-uretano-para-reparacion-de-fajas-transportadoras\/#breadcrumb","itemListElement":[{"@type":"ListItem","position":1,"name":"Portada","item":"https:\/\/tecnimport.com.pe\/web\/"},{"@type":"ListItem","position":2,"name":"Productos","item":"https:\/\/tecnimport.com.pe\/web\/productos-navigation\/"},{"@type":"ListItem","position":3,"name":"Devcon R-Flex 15550 15565"}]},{"@type":"WebSite","@id":"https:\/\/tecnimport.com.pe\/web\/#website","url":"https:\/\/tecnimport.com.pe\/web\/","name":"TECNIMPORT S.A.","description":"Representante de Devcon, LPS, Rocol y Procyon en el Per\u00fa","publisher":{"@id":"https:\/\/tecnimport.com.pe\/web\/#organization"},"potentialAction":[{"@type":"SearchAction","target":{"@type":"EntryPoint","urlTemplate":"https:\/\/tecnimport.com.pe\/web\/?s={search_term_string}"},"query-input":{"@type":"PropertyValueSpecification","valueRequired":true,"valueName":"search_term_string"}}],"inLanguage":"es"},{"@type":"Organization","@id":"https:\/\/tecnimport.com.pe\/web\/#organization","name":"Tecnimport S.A","url":"https:\/\/tecnimport.com.pe\/web\/","logo":{"@type":"ImageObject","inLanguage":"es","@id":"https:\/\/tecnimport.com.pe\/web\/#\/schema\/logo\/image\/","url":"https:\/\/tecnimport.com.pe\/web\/wp-content\/uploads\/2020\/03\/logo_tecnimport.png","contentUrl":"https:\/\/tecnimport.com.pe\/web\/wp-content\/uploads\/2020\/03\/logo_tecnimport.png","width":367,"height":49,"caption":"Tecnimport S.A"},"image":{"@id":"https:\/\/tecnimport.com.pe\/web\/#\/schema\/logo\/image\/"}}]},"og_availability":"instock","product_availability":"instock","product_retailer_item_id":"15550","product_condition":"new"},"_links":{"self":[{"href":"https:\/\/tecnimport.com.pe\/web\/wp-json\/wp\/v2\/product\/2821","targetHints":{"allow":["GET"]}}],"collection":[{"href":"https:\/\/tecnimport.com.pe\/web\/wp-json\/wp\/v2\/product"}],"about":[{"href":"https:\/\/tecnimport.com.pe\/web\/wp-json\/wp\/v2\/types\/product"}],"wp:featuredmedia":[{"embeddable":true,"href":"https:\/\/tecnimport.com.pe\/web\/wp-json\/wp\/v2\/media\/5942"}],"wp:attachment":[{"href":"https:\/\/tecnimport.com.pe\/web\/wp-json\/wp\/v2\/media?parent=2821"}],"wp:term":[{"taxonomy":"product_brand","embeddable":true,"href":"https:\/\/tecnimport.com.pe\/web\/wp-json\/wp\/v2\/product_brand?post=2821"},{"taxonomy":"product_cat","embeddable":true,"href":"https:\/\/tecnimport.com.pe\/web\/wp-json\/wp\/v2\/product_cat?post=2821"},{"taxonomy":"product_tag","embeddable":true,"href":"https:\/\/tecnimport.com.pe\/web\/wp-json\/wp\/v2\/product_tag?post=2821"}],"curies":[{"name":"wp","href":"https:\/\/api.w.org\/{rel}","templated":true}]}}