{"id":2782,"date":"2016-06-23T13:24:29","date_gmt":"2016-06-23T18:24:29","guid":{"rendered":"http:\/\/tecnimport.com.pe\/web\/?post_type=product&#038;p=2782"},"modified":"2024-02-15T16:20:42","modified_gmt":"2024-02-15T21:20:42","slug":"rocol-sapphire-hi-bar-46","status":"publish","type":"product","link":"https:\/\/tecnimport.com.pe\/web\/productos\/rocol-peru\/rocol-sapphire-hi-bar-46\/","title":{"rendered":"ACEITE PARA COMPRESORES | ROCOL SHAPPHIRE HI-BAR 46"},"content":{"rendered":"<p><strong>ROCOL SAPPHIRE HI-BAR 46<\/strong> es un aceite semisint\u00e9tico t\u00e9rmicamente estable, para uso en sistemas hidr\u00e1ulicos y lubricaci\u00f3n de compresores de aire (pist\u00f3n, tornillo, paletas, gl\u00f3bulos, etc.).<br \/>\n<strong>ROCOL SAPPHIRE HI-BAR 46<\/strong> cuenta con el exclusivo sistema L-CO (Low Carry Over) con baja p\u00e9rdida de arrastre, lo que resulta en aire comprimido sin contaminaci\u00f3n de aceite.<br \/>\n<strong>ROCOL SAPPHIRE HI-BAR 46<\/strong> fue desarrollado para resistir la formaci\u00f3n de lodos y dep\u00f3sitos, propios de los aceites sometidos a altas temperaturas, brindando mayor vida \u00fatil del lubricante e intervalos de reemplazo en compresores de aire de tornillo de hasta 6000h. m\u00e1s importante.<\/p>\n","protected":false},"excerpt":{"rendered":"<p><strong>ROCOL SAPPHIRE HI-BAR 46<\/strong> es un aceite semisint\u00e9tico t\u00e9rmicamente estable, para uso en sistemas hidr\u00e1ulicos y lubricaci\u00f3n de compresores de aire (pist\u00f3n, tornillo, paletas, gl\u00f3bulos, etc.).<br \/>\n<strong>ROCOL SAPPHIRE HI-BAR 46<\/strong> cuenta con el exclusivo sistema L-CO (Low Carry Over) con baja p\u00e9rdida de arrastre, lo que resulta en aire comprimido sin contaminaci\u00f3n de aceite.<br \/>\n<strong>ROCOL SAPPHIRE HI-BAR 46<\/strong> fue desarrollado para resistir la formaci\u00f3n de lodos y dep\u00f3sitos, propios de los aceites sometidos a altas temperaturas, brindando mayor vida \u00fatil del lubricante e intervalos de reemplazo en compresores de aire de tornillo de hasta 6000h. m\u00e1s importante.<\/p>\n<p><strong>Caracter\u00edsticas y beneficios<\/strong><\/p>\n<p>\u2022 Exclusivo sistema L-CO de baja p\u00e9rdida por arrastre.<br \/>\n\u2022 Alta estabilidad t\u00e9rmica.<br \/>\n\u2022 Excelentes propiedades desemulsionantes permitiendo la purga del agua, aumentando su vida \u00fatil.<br \/>\n\u2022 Baja formaci\u00f3n de espuma, lo que hace que el intercambio de calor sea eficiente y reduce la temperatura del aceite.<br \/>\n\u2022 Excelente protecci\u00f3n anticorrosi\u00f3n.<br \/>\n\u2022 Cumple con los requisitos de clasificaci\u00f3n de la norma Deutsche Industrie (DIN) 51506 VDL, VC, VCL, VB y VBL.<\/p>\n<p>&nbsp;<\/p>\n<p><a class=\"btn ft\" href=\"https:\/\/tecnimport.com.pe\/web\/wp-content\/uploads\/2024\/02\/ROCOL-SHAPPHIRE-HIGH-BAR-TDS.pdf\" target=\"_blank\" rel=\"noopener noreferrer\">Ficha T\u00e9cnica<\/a><\/p>\n","protected":false},"featured_media":5407,"template":"","meta":[],"product_brand":[],"product_cat":[250],"product_tag":[],"class_list":{"0":"post-2782","1":"product","2":"type-product","3":"status-publish","4":"has-post-thumbnail","6":"product_cat-rocol-peru","8":"first","9":"instock","10":"shipping-taxable","11":"product-type-simple"},"yoast_head":"<!-- This site is optimized with the Yoast SEO plugin v26.9 - https:\/\/yoast.com\/product\/yoast-seo-wordpress\/ -->\n<title>ACEITE PARA COMPRESORES | ROCOL SHAPPHIRE HI-BAR 46<\/title>\n<meta name=\"description\" content=\"Aceite semisint\u00e9tico estable, para uso en sistemas hidr\u00e1ulicos y lubricaci\u00f3n de compresoras de aire (pist\u00f3n, tornillo, paletas, gl\u00f3bulos, etc.).\" \/>\n<meta name=\"robots\" content=\"index, follow, max-snippet:-1, max-image-preview:large, max-video-preview:-1\" \/>\n<link rel=\"canonical\" href=\"https:\/\/tecnimport.com.pe\/web\/productos\/rocol-peru\/rocol-sapphire-hi-bar-46\/\" \/>\n<meta property=\"og:locale\" content=\"es_ES\" \/>\n<meta property=\"og:type\" content=\"article\" \/>\n<meta property=\"og:title\" content=\"ACEITE PARA COMPRESORES | ROCOL SHAPPHIRE HI-BAR 46\" \/>\n<meta property=\"og:description\" content=\"Aceite semisint\u00e9tico estable, para uso en sistemas hidr\u00e1ulicos y lubricaci\u00f3n de compresoras de aire (pist\u00f3n, tornillo, paletas, gl\u00f3bulos, etc.).\" \/>\n<meta property=\"og:url\" content=\"https:\/\/tecnimport.com.pe\/web\/productos\/rocol-peru\/rocol-sapphire-hi-bar-46\/\" \/>\n<meta property=\"og:site_name\" content=\"TECNIMPORT S.A.\" \/>\n<meta property=\"article:modified_time\" content=\"2024-02-15T21:20:42+00:00\" \/>\n<meta property=\"og:image\" content=\"https:\/\/tecnimport.com.pe\/web\/wp-content\/uploads\/2016\/06\/rocol_shapphire_hi_bar_64.gif\" \/>\n\t<meta property=\"og:image:width\" content=\"1000\" \/>\n\t<meta property=\"og:image:height\" content=\"1000\" \/>\n\t<meta property=\"og:image:type\" content=\"image\/gif\" \/>\n<meta name=\"twitter:card\" content=\"summary_large_image\" \/>\n<meta name=\"twitter:label1\" content=\"Precio\" \/>\n\t<meta name=\"twitter:data1\" content=\"\" \/>\n\t<meta name=\"twitter:label2\" content=\"Disponibilidad\" \/>\n\t<meta name=\"twitter:data2\" content=\"Disponible\" \/>\n<script type=\"application\/ld+json\" class=\"yoast-schema-graph\">{\"@context\":\"https:\/\/schema.org\",\"@graph\":[{\"@type\":\"WebPage\",\"@id\":\"https:\/\/tecnimport.com.pe\/web\/productos\/rocol-peru\/rocol-sapphire-hi-bar-46\/\",\"url\":\"https:\/\/tecnimport.com.pe\/web\/productos\/rocol-peru\/rocol-sapphire-hi-bar-46\/\",\"name\":\"ACEITE PARA COMPRESORES | ROCOL SHAPPHIRE HI-BAR 46\",\"isPartOf\":{\"@id\":\"https:\/\/tecnimport.com.pe\/web\/#website\"},\"primaryImageOfPage\":{\"@id\":\"https:\/\/tecnimport.com.pe\/web\/productos\/rocol-peru\/rocol-sapphire-hi-bar-46\/#primaryimage\"},\"image\":{\"@id\":\"https:\/\/tecnimport.com.pe\/web\/productos\/rocol-peru\/rocol-sapphire-hi-bar-46\/#primaryimage\"},\"thumbnailUrl\":\"https:\/\/tecnimport.com.pe\/web\/wp-content\/uploads\/2016\/06\/rocol_shapphire_hi_bar_64.gif\",\"datePublished\":\"2016-06-23T18:24:29+00:00\",\"dateModified\":\"2024-02-15T21:20:42+00:00\",\"description\":\"Aceite semisint\u00e9tico estable, para uso en sistemas hidr\u00e1ulicos y lubricaci\u00f3n de compresoras de aire (pist\u00f3n, tornillo, paletas, gl\u00f3bulos, etc.).\",\"breadcrumb\":{\"@id\":\"https:\/\/tecnimport.com.pe\/web\/productos\/rocol-peru\/rocol-sapphire-hi-bar-46\/#breadcrumb\"},\"inLanguage\":\"es\",\"potentialAction\":[{\"@type\":\"ReadAction\",\"target\":[\"https:\/\/tecnimport.com.pe\/web\/productos\/rocol-peru\/rocol-sapphire-hi-bar-46\/\"]}]},{\"@type\":\"ImageObject\",\"inLanguage\":\"es\",\"@id\":\"https:\/\/tecnimport.com.pe\/web\/productos\/rocol-peru\/rocol-sapphire-hi-bar-46\/#primaryimage\",\"url\":\"https:\/\/tecnimport.com.pe\/web\/wp-content\/uploads\/2016\/06\/rocol_shapphire_hi_bar_64.gif\",\"contentUrl\":\"https:\/\/tecnimport.com.pe\/web\/wp-content\/uploads\/2016\/06\/rocol_shapphire_hi_bar_64.gif\",\"width\":1000,\"height\":1000},{\"@type\":\"BreadcrumbList\",\"@id\":\"https:\/\/tecnimport.com.pe\/web\/productos\/rocol-peru\/rocol-sapphire-hi-bar-46\/#breadcrumb\",\"itemListElement\":[{\"@type\":\"ListItem\",\"position\":1,\"name\":\"Portada\",\"item\":\"https:\/\/tecnimport.com.pe\/web\/\"},{\"@type\":\"ListItem\",\"position\":2,\"name\":\"Productos\",\"item\":\"https:\/\/tecnimport.com.pe\/web\/productos-navigation\/\"},{\"@type\":\"ListItem\",\"position\":3,\"name\":\"ACEITE PARA COMPRESORES | ROCOL SHAPPHIRE HI-BAR 46\"}]},{\"@type\":\"WebSite\",\"@id\":\"https:\/\/tecnimport.com.pe\/web\/#website\",\"url\":\"https:\/\/tecnimport.com.pe\/web\/\",\"name\":\"TECNIMPORT S.A.\",\"description\":\"Representante de Devcon, LPS, Rocol y Procyon en el Per\u00fa\",\"publisher\":{\"@id\":\"https:\/\/tecnimport.com.pe\/web\/#organization\"},\"potentialAction\":[{\"@type\":\"SearchAction\",\"target\":{\"@type\":\"EntryPoint\",\"urlTemplate\":\"https:\/\/tecnimport.com.pe\/web\/?s={search_term_string}\"},\"query-input\":{\"@type\":\"PropertyValueSpecification\",\"valueRequired\":true,\"valueName\":\"search_term_string\"}}],\"inLanguage\":\"es\"},{\"@type\":\"Organization\",\"@id\":\"https:\/\/tecnimport.com.pe\/web\/#organization\",\"name\":\"Tecnimport S.A\",\"url\":\"https:\/\/tecnimport.com.pe\/web\/\",\"logo\":{\"@type\":\"ImageObject\",\"inLanguage\":\"es\",\"@id\":\"https:\/\/tecnimport.com.pe\/web\/#\/schema\/logo\/image\/\",\"url\":\"https:\/\/tecnimport.com.pe\/web\/wp-content\/uploads\/2020\/03\/logo_tecnimport.png\",\"contentUrl\":\"https:\/\/tecnimport.com.pe\/web\/wp-content\/uploads\/2020\/03\/logo_tecnimport.png\",\"width\":367,\"height\":49,\"caption\":\"Tecnimport S.A\"},\"image\":{\"@id\":\"https:\/\/tecnimport.com.pe\/web\/#\/schema\/logo\/image\/\"}}]}<\/script>\n<meta property=\"product:price:amount\" content=\"0.00\" \/>\n<meta property=\"product:price:currency\" content=\"USD\" \/>\n<meta property=\"og:availability\" content=\"instock\" \/>\n<meta property=\"product:availability\" content=\"instock\" \/>\n<meta property=\"product:condition\" content=\"new\" \/>\n<!-- \/ Yoast SEO plugin. -->","yoast_head_json":{"title":"ACEITE PARA COMPRESORES | ROCOL SHAPPHIRE HI-BAR 46","description":"Aceite semisint\u00e9tico estable, para uso en sistemas hidr\u00e1ulicos y lubricaci\u00f3n de compresoras de aire (pist\u00f3n, tornillo, paletas, gl\u00f3bulos, etc.).","robots":{"index":"index","follow":"follow","max-snippet":"max-snippet:-1","max-image-preview":"max-image-preview:large","max-video-preview":"max-video-preview:-1"},"canonical":"https:\/\/tecnimport.com.pe\/web\/productos\/rocol-peru\/rocol-sapphire-hi-bar-46\/","og_locale":"es_ES","og_type":"article","og_title":"ACEITE PARA COMPRESORES | ROCOL SHAPPHIRE HI-BAR 46","og_description":"Aceite semisint\u00e9tico estable, para uso en sistemas hidr\u00e1ulicos y lubricaci\u00f3n de compresoras de aire (pist\u00f3n, tornillo, paletas, gl\u00f3bulos, etc.).","og_url":"https:\/\/tecnimport.com.pe\/web\/productos\/rocol-peru\/rocol-sapphire-hi-bar-46\/","og_site_name":"TECNIMPORT S.A.","article_modified_time":"2024-02-15T21:20:42+00:00","og_image":[{"width":1000,"height":1000,"url":"https:\/\/tecnimport.com.pe\/web\/wp-content\/uploads\/2016\/06\/rocol_shapphire_hi_bar_64.gif","type":"image\/gif"}],"twitter_card":"summary_large_image","twitter_misc":{"Precio":"","Disponibilidad":"Disponible"},"schema":{"@context":"https:\/\/schema.org","@graph":[{"@type":"WebPage","@id":"https:\/\/tecnimport.com.pe\/web\/productos\/rocol-peru\/rocol-sapphire-hi-bar-46\/","url":"https:\/\/tecnimport.com.pe\/web\/productos\/rocol-peru\/rocol-sapphire-hi-bar-46\/","name":"ACEITE PARA COMPRESORES | ROCOL SHAPPHIRE HI-BAR 46","isPartOf":{"@id":"https:\/\/tecnimport.com.pe\/web\/#website"},"primaryImageOfPage":{"@id":"https:\/\/tecnimport.com.pe\/web\/productos\/rocol-peru\/rocol-sapphire-hi-bar-46\/#primaryimage"},"image":{"@id":"https:\/\/tecnimport.com.pe\/web\/productos\/rocol-peru\/rocol-sapphire-hi-bar-46\/#primaryimage"},"thumbnailUrl":"https:\/\/tecnimport.com.pe\/web\/wp-content\/uploads\/2016\/06\/rocol_shapphire_hi_bar_64.gif","datePublished":"2016-06-23T18:24:29+00:00","dateModified":"2024-02-15T21:20:42+00:00","description":"Aceite semisint\u00e9tico estable, para uso en sistemas hidr\u00e1ulicos y lubricaci\u00f3n de compresoras de aire (pist\u00f3n, tornillo, paletas, gl\u00f3bulos, etc.).","breadcrumb":{"@id":"https:\/\/tecnimport.com.pe\/web\/productos\/rocol-peru\/rocol-sapphire-hi-bar-46\/#breadcrumb"},"inLanguage":"es","potentialAction":[{"@type":"ReadAction","target":["https:\/\/tecnimport.com.pe\/web\/productos\/rocol-peru\/rocol-sapphire-hi-bar-46\/"]}]},{"@type":"ImageObject","inLanguage":"es","@id":"https:\/\/tecnimport.com.pe\/web\/productos\/rocol-peru\/rocol-sapphire-hi-bar-46\/#primaryimage","url":"https:\/\/tecnimport.com.pe\/web\/wp-content\/uploads\/2016\/06\/rocol_shapphire_hi_bar_64.gif","contentUrl":"https:\/\/tecnimport.com.pe\/web\/wp-content\/uploads\/2016\/06\/rocol_shapphire_hi_bar_64.gif","width":1000,"height":1000},{"@type":"BreadcrumbList","@id":"https:\/\/tecnimport.com.pe\/web\/productos\/rocol-peru\/rocol-sapphire-hi-bar-46\/#breadcrumb","itemListElement":[{"@type":"ListItem","position":1,"name":"Portada","item":"https:\/\/tecnimport.com.pe\/web\/"},{"@type":"ListItem","position":2,"name":"Productos","item":"https:\/\/tecnimport.com.pe\/web\/productos-navigation\/"},{"@type":"ListItem","position":3,"name":"ACEITE PARA COMPRESORES | ROCOL SHAPPHIRE HI-BAR 46"}]},{"@type":"WebSite","@id":"https:\/\/tecnimport.com.pe\/web\/#website","url":"https:\/\/tecnimport.com.pe\/web\/","name":"TECNIMPORT S.A.","description":"Representante de Devcon, LPS, Rocol y Procyon en el Per\u00fa","publisher":{"@id":"https:\/\/tecnimport.com.pe\/web\/#organization"},"potentialAction":[{"@type":"SearchAction","target":{"@type":"EntryPoint","urlTemplate":"https:\/\/tecnimport.com.pe\/web\/?s={search_term_string}"},"query-input":{"@type":"PropertyValueSpecification","valueRequired":true,"valueName":"search_term_string"}}],"inLanguage":"es"},{"@type":"Organization","@id":"https:\/\/tecnimport.com.pe\/web\/#organization","name":"Tecnimport S.A","url":"https:\/\/tecnimport.com.pe\/web\/","logo":{"@type":"ImageObject","inLanguage":"es","@id":"https:\/\/tecnimport.com.pe\/web\/#\/schema\/logo\/image\/","url":"https:\/\/tecnimport.com.pe\/web\/wp-content\/uploads\/2020\/03\/logo_tecnimport.png","contentUrl":"https:\/\/tecnimport.com.pe\/web\/wp-content\/uploads\/2020\/03\/logo_tecnimport.png","width":367,"height":49,"caption":"Tecnimport S.A"},"image":{"@id":"https:\/\/tecnimport.com.pe\/web\/#\/schema\/logo\/image\/"}}]},"product_price_amount":"0.00","product_price_currency":"USD","og_availability":"instock","product_availability":"instock","product_condition":"new"},"_links":{"self":[{"href":"https:\/\/tecnimport.com.pe\/web\/wp-json\/wp\/v2\/product\/2782","targetHints":{"allow":["GET"]}}],"collection":[{"href":"https:\/\/tecnimport.com.pe\/web\/wp-json\/wp\/v2\/product"}],"about":[{"href":"https:\/\/tecnimport.com.pe\/web\/wp-json\/wp\/v2\/types\/product"}],"wp:featuredmedia":[{"embeddable":true,"href":"https:\/\/tecnimport.com.pe\/web\/wp-json\/wp\/v2\/media\/5407"}],"wp:attachment":[{"href":"https:\/\/tecnimport.com.pe\/web\/wp-json\/wp\/v2\/media?parent=2782"}],"wp:term":[{"taxonomy":"product_brand","embeddable":true,"href":"https:\/\/tecnimport.com.pe\/web\/wp-json\/wp\/v2\/product_brand?post=2782"},{"taxonomy":"product_cat","embeddable":true,"href":"https:\/\/tecnimport.com.pe\/web\/wp-json\/wp\/v2\/product_cat?post=2782"},{"taxonomy":"product_tag","embeddable":true,"href":"https:\/\/tecnimport.com.pe\/web\/wp-json\/wp\/v2\/product_tag?post=2782"}],"curies":[{"name":"wp","href":"https:\/\/api.w.org\/{rel}","templated":true}]}}