{"id":2771,"date":"2016-06-23T12:54:34","date_gmt":"2016-06-23T17:54:34","guid":{"rendered":"http:\/\/tecnimport.com.pe\/web\/?post_type=product&#038;p=2771"},"modified":"2021-02-03T18:26:27","modified_gmt":"2021-02-03T23:26:27","slug":"rocol-agrolube-ultra-2","status":"publish","type":"product","link":"https:\/\/tecnimport.com.pe\/web\/productos\/rocol-peru\/rocol-agrolube-ultra-2\/","title":{"rendered":"Rocol Agrolube Ultra 2 | Grasa Biodegradable"},"content":{"rendered":"","protected":false},"excerpt":{"rendered":"<h2><strong>Grasa Biodegradable<\/strong><\/h2>\n<h3><strong>M\u00faltiples aplicaciones<\/strong><\/h3>\n<p><strong>ROCOL AGROLUBE ULTRA 2<\/strong> es una grasa Biodegradable para m\u00faltiples aplicaciones,<br \/>\nespesada con Sulfonato de Calcio que tiene excelente propiedad de adhesi\u00f3n, sellado y<br \/>\naditivos EP. Resistente a cargas extremas, excelente resistencia al lavado por agua,<br \/>\nvapores y ataques qu\u00edmicos. Dise\u00f1ada y fabricada utilizando las m\u00e1s altas tecnolog\u00edas en<br \/>\nmateriales y procesos.<br \/>\n<strong class=\"sub_titulo\">Caracter\u00edsticas<\/strong><\/p>\n<ul>\n<li>Excelente resistencia al lavado por agua.<\/li>\n<li>Amplio rango de temperatura.<\/li>\n<li>Aumenta los intervalos entre lubricaciones.<\/li>\n<li>Aumenta la vida \u00fatil de los componentes mec\u00e1nicos. <\/li>\n<\/ul>\n<p><strong class=\"sub_titulo\">Aplicaciones<\/strong><\/p>\n<p>Aplicaci\u00f3n en Rodamientos y Articulaciones (pasador y bujes) sometidos a altas cargas<br \/>\nde trabajo y fricci\u00f3n de cualquiera de los equipos industriales o de la l\u00ednea pesada<br \/>\n(Miner\u00edas, Canteras, Forestales, Agr\u00edcolas, Puertos y otras). <\/p>\n","protected":false},"featured_media":5408,"template":"","meta":[],"product_brand":[],"product_cat":[250],"product_tag":[],"class_list":{"0":"post-2771","1":"product","2":"type-product","3":"status-publish","4":"has-post-thumbnail","6":"product_cat-rocol-peru","8":"first","9":"instock","10":"shipping-taxable","11":"product-type-simple"},"yoast_head":"<!-- This site is optimized with the Yoast SEO plugin v26.9 - https:\/\/yoast.com\/product\/yoast-seo-wordpress\/ -->\n<title>Rocol Agrolube Ultra 2 | Grasa Biodegradable - TECNIMPORT S.A.<\/title>\n<meta name=\"robots\" content=\"index, follow, max-snippet:-1, max-image-preview:large, max-video-preview:-1\" \/>\n<link rel=\"canonical\" href=\"https:\/\/tecnimport.com.pe\/web\/productos\/rocol-peru\/rocol-agrolube-ultra-2\/\" \/>\n<meta property=\"og:locale\" content=\"es_ES\" \/>\n<meta property=\"og:type\" content=\"article\" \/>\n<meta property=\"og:title\" content=\"Rocol Agrolube Ultra 2 | Grasa Biodegradable - TECNIMPORT S.A.\" \/>\n<meta property=\"og:description\" content=\"Grasa Biodegradable M\u00faltiples aplicaciones ROCOL AGROLUBE ULTRA 2 es una grasa Biodegradable para m\u00faltiples aplicaciones, espesada con Sulfonato de Calcio que tiene excelente propiedad de adhesi\u00f3n, sellado y aditivos EP. Resistente a cargas extremas, excelente resistencia al lavado por agua, vapores y ataques qu\u00edmicos. Dise\u00f1ada y fabricada utilizando las m\u00e1s altas tecnolog\u00edas en materiales y procesos.  Caracter\u00edsticas   Excelente resistencia al lavado por agua.  Amplio rango de temperatura.  Aumenta los intervalos entre lubricaciones.     Aumenta la vida \u00fatil de los componentes mec\u00e1nicos.   Aplicaciones  Aplicaci\u00f3n en Rodamientos y Articulaciones (pasador y bujes) sometidos a altas cargas de trabajo y fricci\u00f3n de cualquiera de los equipos industriales o de la l\u00ednea pesada (Miner\u00edas, Canteras, Forestales, Agr\u00edcolas, Puertos y otras).\" \/>\n<meta property=\"og:url\" content=\"https:\/\/tecnimport.com.pe\/web\/productos\/rocol-peru\/rocol-agrolube-ultra-2\/\" \/>\n<meta property=\"og:site_name\" content=\"TECNIMPORT S.A.\" \/>\n<meta property=\"article:modified_time\" content=\"2021-02-03T23:26:27+00:00\" \/>\n<meta property=\"og:image\" content=\"https:\/\/tecnimport.com.pe\/web\/wp-content\/uploads\/2016\/06\/rocol_agro_lube_ultra_2.gif\" \/>\n\t<meta property=\"og:image:width\" content=\"1000\" \/>\n\t<meta property=\"og:image:height\" content=\"1000\" \/>\n\t<meta property=\"og:image:type\" content=\"image\/gif\" \/>\n<meta name=\"twitter:card\" content=\"summary_large_image\" \/>\n<meta name=\"twitter:label1\" content=\"Precio\" \/>\n\t<meta name=\"twitter:data1\" content=\"\" \/>\n\t<meta name=\"twitter:label2\" content=\"Disponibilidad\" \/>\n\t<meta name=\"twitter:data2\" content=\"Disponible\" \/>\n<script type=\"application\/ld+json\" class=\"yoast-schema-graph\">{\"@context\":\"https:\/\/schema.org\",\"@graph\":[{\"@type\":\"WebPage\",\"@id\":\"https:\/\/tecnimport.com.pe\/web\/productos\/rocol-peru\/rocol-agrolube-ultra-2\/\",\"url\":\"https:\/\/tecnimport.com.pe\/web\/productos\/rocol-peru\/rocol-agrolube-ultra-2\/\",\"name\":\"Rocol Agrolube Ultra 2 | Grasa Biodegradable - TECNIMPORT S.A.\",\"isPartOf\":{\"@id\":\"https:\/\/tecnimport.com.pe\/web\/#website\"},\"primaryImageOfPage\":{\"@id\":\"https:\/\/tecnimport.com.pe\/web\/productos\/rocol-peru\/rocol-agrolube-ultra-2\/#primaryimage\"},\"image\":{\"@id\":\"https:\/\/tecnimport.com.pe\/web\/productos\/rocol-peru\/rocol-agrolube-ultra-2\/#primaryimage\"},\"thumbnailUrl\":\"https:\/\/tecnimport.com.pe\/web\/wp-content\/uploads\/2016\/06\/rocol_agro_lube_ultra_2.gif\",\"datePublished\":\"2016-06-23T17:54:34+00:00\",\"dateModified\":\"2021-02-03T23:26:27+00:00\",\"breadcrumb\":{\"@id\":\"https:\/\/tecnimport.com.pe\/web\/productos\/rocol-peru\/rocol-agrolube-ultra-2\/#breadcrumb\"},\"inLanguage\":\"es\",\"potentialAction\":[{\"@type\":\"ReadAction\",\"target\":[\"https:\/\/tecnimport.com.pe\/web\/productos\/rocol-peru\/rocol-agrolube-ultra-2\/\"]}]},{\"@type\":\"ImageObject\",\"inLanguage\":\"es\",\"@id\":\"https:\/\/tecnimport.com.pe\/web\/productos\/rocol-peru\/rocol-agrolube-ultra-2\/#primaryimage\",\"url\":\"https:\/\/tecnimport.com.pe\/web\/wp-content\/uploads\/2016\/06\/rocol_agro_lube_ultra_2.gif\",\"contentUrl\":\"https:\/\/tecnimport.com.pe\/web\/wp-content\/uploads\/2016\/06\/rocol_agro_lube_ultra_2.gif\",\"width\":1000,\"height\":1000},{\"@type\":\"BreadcrumbList\",\"@id\":\"https:\/\/tecnimport.com.pe\/web\/productos\/rocol-peru\/rocol-agrolube-ultra-2\/#breadcrumb\",\"itemListElement\":[{\"@type\":\"ListItem\",\"position\":1,\"name\":\"Portada\",\"item\":\"https:\/\/tecnimport.com.pe\/web\/\"},{\"@type\":\"ListItem\",\"position\":2,\"name\":\"Productos\",\"item\":\"https:\/\/tecnimport.com.pe\/web\/productos-navigation\/\"},{\"@type\":\"ListItem\",\"position\":3,\"name\":\"Rocol Agrolube Ultra 2 | Grasa Biodegradable\"}]},{\"@type\":\"WebSite\",\"@id\":\"https:\/\/tecnimport.com.pe\/web\/#website\",\"url\":\"https:\/\/tecnimport.com.pe\/web\/\",\"name\":\"TECNIMPORT S.A.\",\"description\":\"Representante de Devcon, LPS, Rocol y Procyon en el Per\u00fa\",\"publisher\":{\"@id\":\"https:\/\/tecnimport.com.pe\/web\/#organization\"},\"potentialAction\":[{\"@type\":\"SearchAction\",\"target\":{\"@type\":\"EntryPoint\",\"urlTemplate\":\"https:\/\/tecnimport.com.pe\/web\/?s={search_term_string}\"},\"query-input\":{\"@type\":\"PropertyValueSpecification\",\"valueRequired\":true,\"valueName\":\"search_term_string\"}}],\"inLanguage\":\"es\"},{\"@type\":\"Organization\",\"@id\":\"https:\/\/tecnimport.com.pe\/web\/#organization\",\"name\":\"Tecnimport S.A\",\"url\":\"https:\/\/tecnimport.com.pe\/web\/\",\"logo\":{\"@type\":\"ImageObject\",\"inLanguage\":\"es\",\"@id\":\"https:\/\/tecnimport.com.pe\/web\/#\/schema\/logo\/image\/\",\"url\":\"https:\/\/tecnimport.com.pe\/web\/wp-content\/uploads\/2020\/03\/logo_tecnimport.png\",\"contentUrl\":\"https:\/\/tecnimport.com.pe\/web\/wp-content\/uploads\/2020\/03\/logo_tecnimport.png\",\"width\":367,\"height\":49,\"caption\":\"Tecnimport S.A\"},\"image\":{\"@id\":\"https:\/\/tecnimport.com.pe\/web\/#\/schema\/logo\/image\/\"}}]}<\/script>\n<meta property=\"product:price:amount\" content=\"0.00\" \/>\n<meta property=\"product:price:currency\" content=\"USD\" \/>\n<meta property=\"og:availability\" content=\"instock\" \/>\n<meta property=\"product:availability\" content=\"instock\" \/>\n<meta property=\"product:condition\" content=\"new\" \/>\n<!-- \/ Yoast SEO plugin. -->","yoast_head_json":{"title":"Rocol Agrolube Ultra 2 | Grasa Biodegradable - TECNIMPORT S.A.","robots":{"index":"index","follow":"follow","max-snippet":"max-snippet:-1","max-image-preview":"max-image-preview:large","max-video-preview":"max-video-preview:-1"},"canonical":"https:\/\/tecnimport.com.pe\/web\/productos\/rocol-peru\/rocol-agrolube-ultra-2\/","og_locale":"es_ES","og_type":"article","og_title":"Rocol Agrolube Ultra 2 | Grasa Biodegradable - TECNIMPORT S.A.","og_description":"Grasa Biodegradable M\u00faltiples aplicaciones ROCOL AGROLUBE ULTRA 2 es una grasa Biodegradable para m\u00faltiples aplicaciones, espesada con Sulfonato de Calcio que tiene excelente propiedad de adhesi\u00f3n, sellado y aditivos EP. Resistente a cargas extremas, excelente resistencia al lavado por agua, vapores y ataques qu\u00edmicos. Dise\u00f1ada y fabricada utilizando las m\u00e1s altas tecnolog\u00edas en materiales y procesos.  Caracter\u00edsticas   Excelente resistencia al lavado por agua.  Amplio rango de temperatura.  Aumenta los intervalos entre lubricaciones.     Aumenta la vida \u00fatil de los componentes mec\u00e1nicos.   Aplicaciones  Aplicaci\u00f3n en Rodamientos y Articulaciones (pasador y bujes) sometidos a altas cargas de trabajo y fricci\u00f3n de cualquiera de los equipos industriales o de la l\u00ednea pesada (Miner\u00edas, Canteras, Forestales, Agr\u00edcolas, Puertos y otras).","og_url":"https:\/\/tecnimport.com.pe\/web\/productos\/rocol-peru\/rocol-agrolube-ultra-2\/","og_site_name":"TECNIMPORT S.A.","article_modified_time":"2021-02-03T23:26:27+00:00","og_image":[{"width":1000,"height":1000,"url":"https:\/\/tecnimport.com.pe\/web\/wp-content\/uploads\/2016\/06\/rocol_agro_lube_ultra_2.gif","type":"image\/gif"}],"twitter_card":"summary_large_image","twitter_misc":{"Precio":"","Disponibilidad":"Disponible"},"schema":{"@context":"https:\/\/schema.org","@graph":[{"@type":"WebPage","@id":"https:\/\/tecnimport.com.pe\/web\/productos\/rocol-peru\/rocol-agrolube-ultra-2\/","url":"https:\/\/tecnimport.com.pe\/web\/productos\/rocol-peru\/rocol-agrolube-ultra-2\/","name":"Rocol Agrolube Ultra 2 | Grasa Biodegradable - TECNIMPORT S.A.","isPartOf":{"@id":"https:\/\/tecnimport.com.pe\/web\/#website"},"primaryImageOfPage":{"@id":"https:\/\/tecnimport.com.pe\/web\/productos\/rocol-peru\/rocol-agrolube-ultra-2\/#primaryimage"},"image":{"@id":"https:\/\/tecnimport.com.pe\/web\/productos\/rocol-peru\/rocol-agrolube-ultra-2\/#primaryimage"},"thumbnailUrl":"https:\/\/tecnimport.com.pe\/web\/wp-content\/uploads\/2016\/06\/rocol_agro_lube_ultra_2.gif","datePublished":"2016-06-23T17:54:34+00:00","dateModified":"2021-02-03T23:26:27+00:00","breadcrumb":{"@id":"https:\/\/tecnimport.com.pe\/web\/productos\/rocol-peru\/rocol-agrolube-ultra-2\/#breadcrumb"},"inLanguage":"es","potentialAction":[{"@type":"ReadAction","target":["https:\/\/tecnimport.com.pe\/web\/productos\/rocol-peru\/rocol-agrolube-ultra-2\/"]}]},{"@type":"ImageObject","inLanguage":"es","@id":"https:\/\/tecnimport.com.pe\/web\/productos\/rocol-peru\/rocol-agrolube-ultra-2\/#primaryimage","url":"https:\/\/tecnimport.com.pe\/web\/wp-content\/uploads\/2016\/06\/rocol_agro_lube_ultra_2.gif","contentUrl":"https:\/\/tecnimport.com.pe\/web\/wp-content\/uploads\/2016\/06\/rocol_agro_lube_ultra_2.gif","width":1000,"height":1000},{"@type":"BreadcrumbList","@id":"https:\/\/tecnimport.com.pe\/web\/productos\/rocol-peru\/rocol-agrolube-ultra-2\/#breadcrumb","itemListElement":[{"@type":"ListItem","position":1,"name":"Portada","item":"https:\/\/tecnimport.com.pe\/web\/"},{"@type":"ListItem","position":2,"name":"Productos","item":"https:\/\/tecnimport.com.pe\/web\/productos-navigation\/"},{"@type":"ListItem","position":3,"name":"Rocol Agrolube Ultra 2 | Grasa Biodegradable"}]},{"@type":"WebSite","@id":"https:\/\/tecnimport.com.pe\/web\/#website","url":"https:\/\/tecnimport.com.pe\/web\/","name":"TECNIMPORT S.A.","description":"Representante de Devcon, LPS, Rocol y Procyon en el Per\u00fa","publisher":{"@id":"https:\/\/tecnimport.com.pe\/web\/#organization"},"potentialAction":[{"@type":"SearchAction","target":{"@type":"EntryPoint","urlTemplate":"https:\/\/tecnimport.com.pe\/web\/?s={search_term_string}"},"query-input":{"@type":"PropertyValueSpecification","valueRequired":true,"valueName":"search_term_string"}}],"inLanguage":"es"},{"@type":"Organization","@id":"https:\/\/tecnimport.com.pe\/web\/#organization","name":"Tecnimport S.A","url":"https:\/\/tecnimport.com.pe\/web\/","logo":{"@type":"ImageObject","inLanguage":"es","@id":"https:\/\/tecnimport.com.pe\/web\/#\/schema\/logo\/image\/","url":"https:\/\/tecnimport.com.pe\/web\/wp-content\/uploads\/2020\/03\/logo_tecnimport.png","contentUrl":"https:\/\/tecnimport.com.pe\/web\/wp-content\/uploads\/2020\/03\/logo_tecnimport.png","width":367,"height":49,"caption":"Tecnimport S.A"},"image":{"@id":"https:\/\/tecnimport.com.pe\/web\/#\/schema\/logo\/image\/"}}]},"product_price_amount":"0.00","product_price_currency":"USD","og_availability":"instock","product_availability":"instock","product_condition":"new"},"_links":{"self":[{"href":"https:\/\/tecnimport.com.pe\/web\/wp-json\/wp\/v2\/product\/2771","targetHints":{"allow":["GET"]}}],"collection":[{"href":"https:\/\/tecnimport.com.pe\/web\/wp-json\/wp\/v2\/product"}],"about":[{"href":"https:\/\/tecnimport.com.pe\/web\/wp-json\/wp\/v2\/types\/product"}],"wp:featuredmedia":[{"embeddable":true,"href":"https:\/\/tecnimport.com.pe\/web\/wp-json\/wp\/v2\/media\/5408"}],"wp:attachment":[{"href":"https:\/\/tecnimport.com.pe\/web\/wp-json\/wp\/v2\/media?parent=2771"}],"wp:term":[{"taxonomy":"product_brand","embeddable":true,"href":"https:\/\/tecnimport.com.pe\/web\/wp-json\/wp\/v2\/product_brand?post=2771"},{"taxonomy":"product_cat","embeddable":true,"href":"https:\/\/tecnimport.com.pe\/web\/wp-json\/wp\/v2\/product_cat?post=2771"},{"taxonomy":"product_tag","embeddable":true,"href":"https:\/\/tecnimport.com.pe\/web\/wp-json\/wp\/v2\/product_tag?post=2771"}],"curies":[{"name":"wp","href":"https:\/\/api.w.org\/{rel}","templated":true}]}}