{"id":2411,"date":"2016-04-27T19:57:30","date_gmt":"2016-04-28T00:57:30","guid":{"rendered":"http:\/\/tecnimport.com.pe\/web\/?post_type=product&#038;p=2411"},"modified":"2021-02-03T14:09:48","modified_gmt":"2021-02-03T19:09:48","slug":"2-ton-clear-epoxy","status":"publish","type":"product","link":"https:\/\/tecnimport.com.pe\/web\/productos\/devcon-productos\/adhesivos-apoxicos\/2-ton-clear-epoxy\/","title":{"rendered":"Devcon 14310 &#8211; 2 Ton Epoxy | Adhesivo Ep\u00f3xico"},"content":{"rendered":"<h3>2 TON EPOXY<\/h3>\n<table border=\"0\">\n<tbody>\n<tr>\n<td><\/td>\n<td>N\u00daMERO DE PARTE<\/td>\n<td><\/td>\n<td align=\"left\" valign=\"middle\">14310<\/td>\n<\/tr>\n<tr>\n<td><\/td>\n<td>TAMA\u00d1O DE ENVASE<\/td>\n<td><\/td>\n<td align=\"left\" valign=\"middle\">25ml<\/td>\n<\/tr>\n<tr>\n<td><\/td>\n<td>PROPORCI\u00d3N DE MEZCLA POR VOL\u00daMEN<\/td>\n<td><\/td>\n<td align=\"left\" valign=\"middle\">&#8211;<\/td>\n<\/tr>\n<tr>\n<td><\/td>\n<td>POT LIFE A 24\u00baC<\/td>\n<td><\/td>\n<td align=\"left\" valign=\"middle\">&#8211;<\/td>\n<\/tr>\n<tr>\n<td><\/td>\n<td>TEMPERATURA M\u00c1XIMA DE TRABAJO \u00baC<\/td>\n<td><\/td>\n<td align=\"left\" valign=\"middle\">&#8211;<\/td>\n<\/tr>\n<tr>\n<td><\/td>\n<td>RESISTENCIA COMPRESIVA (ASTM D695) psi<\/td>\n<td><\/td>\n<td align=\"left\" valign=\"middle\">&#8211;<\/td>\n<\/tr>\n<tr>\n<td><\/td>\n<td>DUREZA\u00a0SHORE D\u00a0(ASTM D2240)<\/td>\n<td><\/td>\n<td align=\"left\" valign=\"middle\">&#8211;<\/td>\n<\/tr>\n<tr>\n<td><\/td>\n<td>COLOR<\/td>\n<td><\/td>\n<td align=\"left\" valign=\"middle\">&#8211;<\/td>\n<\/tr>\n<\/tbody>\n<\/table>\n<p>&nbsp;<\/p>\n","protected":false},"excerpt":{"rendered":"<h2><strong>2 TON EPOXY<\/strong><\/h2>\n<h3><strong>Acero L\u00edquido<\/strong><\/h3>\n<p><strong>DEVCON 2 TON EPOXY | Devcon 14310<\/strong>\u00a0es un adhesivo ep\u00f3xico extremadamente fuerte y resistente al agua que forma una uni\u00f3n poderosa con metales ferrosos y no ferrosos, madera de cer\u00e1mica, concreto o vidrio en cualquier combinaci\u00f3n.<br \/>\n<strong class=\"sub_titulo\">Caracter\u00edsticas<\/strong><\/p>\n<ul>\n<li>Adhesivo de curado medio, que produce uniones r\u00edgidas y no retr\u00e1ctiles.<\/li>\n<li>Rellena las superficies de uni\u00f3n mal acopladas y proporciona una excelente adherencia.<\/li>\n<li>F\u00f3rmula resistente al agua.<\/li>\n<li>Buena resistencia al impacto.<\/li>\n<li>Se puede utilizar para encapsular piezas.<\/li>\n<li>Enumerados en NSN # 8040-00-162-9704.<\/li>\n<li>Tiempo abierto: 8-12 minutos.<\/li>\n<li>Tiempo de montaje: 30-35 minutos.<\/li>\n<li>Relleno de huecos: 0.01 \u00ab- 0.05\u00bb.<\/li>\n<li>Color: claro.<\/li>\n<li>Proporci\u00f3n de mezcla: 1: 1.<\/li>\n<li>Tiempo de trabajo min: 8.<\/li>\n<li>Tiempo de trabajo max: 12.<\/li>\n<li>Tiempo M\u00cdnimo de Aparato: 30.<\/li>\n<li>Tiempo M\u00e1ximo del Accesorio: 35.<\/li>\n<\/ul>\n<p><strong class=\"sub_titulo\">Presentaci\u00f3n<\/strong><\/p>\n<table style=\"height: 132px;\" width=\"245\">\n<tbody>\n<tr>\n<td><strong>N\u00ba de Parte<\/strong><\/td>\n<td><strong>Capacidad<\/strong><\/td>\n<\/tr>\n<tr>\n<td>14310<\/td>\n<td>Envase x 25ml<\/td>\n<\/tr>\n<\/tbody>\n<\/table>\n<p><a class=\"btn ft\" href=\"https:\/\/tecnimport.com.pe\/web\/wp-content\/uploads\/2021\/02\/DEVCON-14310-2-TON-CLEAR-EPOXY-FT.pdf\" target=\"_blank\" rel=\"noopener noreferrer\">Ficha T\u00e9cnica<\/a><\/p>\n","protected":false},"featured_media":3738,"template":"","meta":[],"product_brand":[233],"product_cat":[206,224],"product_tag":[],"class_list":{"0":"post-2411","1":"product","2":"type-product","3":"status-publish","4":"has-post-thumbnail","6":"product_brand-devcon","7":"product_cat-devcon-productos","8":"product_cat-adhesivos-apoxicos","10":"first","11":"instock","12":"shipping-taxable","13":"product-type-simple"},"yoast_head":"<!-- This site is optimized with the Yoast SEO plugin v26.9 - https:\/\/yoast.com\/product\/yoast-seo-wordpress\/ -->\n<title>Devcon 14310 - 2 Ton Epoxy | Adhesivo Ep\u00f3xico - TECNIMPORT S.A.<\/title>\n<meta name=\"robots\" content=\"index, follow, max-snippet:-1, max-image-preview:large, max-video-preview:-1\" \/>\n<link rel=\"canonical\" href=\"https:\/\/tecnimport.com.pe\/web\/productos\/devcon-productos\/adhesivos-apoxicos\/2-ton-clear-epoxy\/\" \/>\n<meta property=\"og:locale\" content=\"es_ES\" \/>\n<meta property=\"og:type\" content=\"article\" \/>\n<meta property=\"og:title\" content=\"Devcon 14310 - 2 Ton Epoxy | Adhesivo Ep\u00f3xico - TECNIMPORT S.A.\" \/>\n<meta property=\"og:description\" content=\"2 TON EPOXY Acero L\u00edquido DEVCON 2 TON EPOXY | Devcon 14310\u00a0es un adhesivo ep\u00f3xico extremadamente fuerte y resistente al agua que forma una uni\u00f3n poderosa con metales ferrosos y no ferrosos, madera de cer\u00e1mica, concreto o vidrio en cualquier combinaci\u00f3n. Caracter\u00edsticas   Adhesivo de curado medio, que produce uniones r\u00edgidas y no retr\u00e1ctiles.  Rellena las superficies de uni\u00f3n mal acopladas y proporciona una excelente adherencia.  F\u00f3rmula resistente al agua.  Buena resistencia al impacto.  Se puede utilizar para encapsular piezas.  Enumerados en NSN # 8040-00-162-9704.  Tiempo abierto: 8-12 minutos.  Tiempo de montaje: 30-35 minutos.  Relleno de huecos: 0.01 &quot;- 0.05&quot;.  Color: claro.  Proporci\u00f3n de mezcla: 1: 1.  Tiempo de trabajo min: 8.  Tiempo de trabajo max: 12.  Tiempo M\u00cdnimo de Aparato: 30.  Tiempo M\u00e1ximo del Accesorio: 35.  Presentaci\u00f3n    N\u00ba de Parte Capacidad   14310 Envase x 25ml    Ficha T\u00e9cnica\" \/>\n<meta property=\"og:url\" content=\"https:\/\/tecnimport.com.pe\/web\/productos\/devcon-productos\/adhesivos-apoxicos\/2-ton-clear-epoxy\/\" \/>\n<meta property=\"og:site_name\" content=\"TECNIMPORT S.A.\" \/>\n<meta property=\"article:modified_time\" content=\"2021-02-03T19:09:48+00:00\" \/>\n<meta property=\"og:image\" content=\"https:\/\/tecnimport.com.pe\/web\/wp-content\/uploads\/2016\/04\/DEVCON-14310-2-TON-CLEAR-EPOXY.gif\" \/>\n\t<meta property=\"og:image:width\" content=\"1000\" \/>\n\t<meta property=\"og:image:height\" content=\"1000\" \/>\n\t<meta property=\"og:image:type\" content=\"image\/gif\" \/>\n<meta name=\"twitter:card\" content=\"summary_large_image\" \/>\n<meta name=\"twitter:label1\" content=\"Precio\" \/>\n\t<meta name=\"twitter:data1\" content=\"\" \/>\n\t<meta name=\"twitter:label2\" content=\"Disponibilidad\" \/>\n\t<meta name=\"twitter:data2\" content=\"Disponible\" \/>\n<script type=\"application\/ld+json\" class=\"yoast-schema-graph\">{\"@context\":\"https:\/\/schema.org\",\"@graph\":[{\"@type\":\"WebPage\",\"@id\":\"https:\/\/tecnimport.com.pe\/web\/productos\/devcon-productos\/adhesivos-apoxicos\/2-ton-clear-epoxy\/\",\"url\":\"https:\/\/tecnimport.com.pe\/web\/productos\/devcon-productos\/adhesivos-apoxicos\/2-ton-clear-epoxy\/\",\"name\":\"Devcon 14310 - 2 Ton Epoxy | Adhesivo Ep\u00f3xico - TECNIMPORT S.A.\",\"isPartOf\":{\"@id\":\"https:\/\/tecnimport.com.pe\/web\/#website\"},\"primaryImageOfPage\":{\"@id\":\"https:\/\/tecnimport.com.pe\/web\/productos\/devcon-productos\/adhesivos-apoxicos\/2-ton-clear-epoxy\/#primaryimage\"},\"image\":{\"@id\":\"https:\/\/tecnimport.com.pe\/web\/productos\/devcon-productos\/adhesivos-apoxicos\/2-ton-clear-epoxy\/#primaryimage\"},\"thumbnailUrl\":\"https:\/\/tecnimport.com.pe\/web\/wp-content\/uploads\/2016\/04\/DEVCON-14310-2-TON-CLEAR-EPOXY.gif\",\"datePublished\":\"2016-04-28T00:57:30+00:00\",\"dateModified\":\"2021-02-03T19:09:48+00:00\",\"breadcrumb\":{\"@id\":\"https:\/\/tecnimport.com.pe\/web\/productos\/devcon-productos\/adhesivos-apoxicos\/2-ton-clear-epoxy\/#breadcrumb\"},\"inLanguage\":\"es\",\"potentialAction\":[{\"@type\":\"ReadAction\",\"target\":[\"https:\/\/tecnimport.com.pe\/web\/productos\/devcon-productos\/adhesivos-apoxicos\/2-ton-clear-epoxy\/\"]}]},{\"@type\":\"ImageObject\",\"inLanguage\":\"es\",\"@id\":\"https:\/\/tecnimport.com.pe\/web\/productos\/devcon-productos\/adhesivos-apoxicos\/2-ton-clear-epoxy\/#primaryimage\",\"url\":\"https:\/\/tecnimport.com.pe\/web\/wp-content\/uploads\/2016\/04\/DEVCON-14310-2-TON-CLEAR-EPOXY.gif\",\"contentUrl\":\"https:\/\/tecnimport.com.pe\/web\/wp-content\/uploads\/2016\/04\/DEVCON-14310-2-TON-CLEAR-EPOXY.gif\",\"width\":1000,\"height\":1000},{\"@type\":\"BreadcrumbList\",\"@id\":\"https:\/\/tecnimport.com.pe\/web\/productos\/devcon-productos\/adhesivos-apoxicos\/2-ton-clear-epoxy\/#breadcrumb\",\"itemListElement\":[{\"@type\":\"ListItem\",\"position\":1,\"name\":\"Portada\",\"item\":\"https:\/\/tecnimport.com.pe\/web\/\"},{\"@type\":\"ListItem\",\"position\":2,\"name\":\"Productos\",\"item\":\"https:\/\/tecnimport.com.pe\/web\/productos-navigation\/\"},{\"@type\":\"ListItem\",\"position\":3,\"name\":\"Devcon 14310 &#8211; 2 Ton Epoxy | Adhesivo Ep\u00f3xico\"}]},{\"@type\":\"WebSite\",\"@id\":\"https:\/\/tecnimport.com.pe\/web\/#website\",\"url\":\"https:\/\/tecnimport.com.pe\/web\/\",\"name\":\"TECNIMPORT S.A.\",\"description\":\"Representante de Devcon, LPS, Rocol y Procyon en el Per\u00fa\",\"publisher\":{\"@id\":\"https:\/\/tecnimport.com.pe\/web\/#organization\"},\"potentialAction\":[{\"@type\":\"SearchAction\",\"target\":{\"@type\":\"EntryPoint\",\"urlTemplate\":\"https:\/\/tecnimport.com.pe\/web\/?s={search_term_string}\"},\"query-input\":{\"@type\":\"PropertyValueSpecification\",\"valueRequired\":true,\"valueName\":\"search_term_string\"}}],\"inLanguage\":\"es\"},{\"@type\":\"Organization\",\"@id\":\"https:\/\/tecnimport.com.pe\/web\/#organization\",\"name\":\"Tecnimport S.A\",\"url\":\"https:\/\/tecnimport.com.pe\/web\/\",\"logo\":{\"@type\":\"ImageObject\",\"inLanguage\":\"es\",\"@id\":\"https:\/\/tecnimport.com.pe\/web\/#\/schema\/logo\/image\/\",\"url\":\"https:\/\/tecnimport.com.pe\/web\/wp-content\/uploads\/2020\/03\/logo_tecnimport.png\",\"contentUrl\":\"https:\/\/tecnimport.com.pe\/web\/wp-content\/uploads\/2020\/03\/logo_tecnimport.png\",\"width\":367,\"height\":49,\"caption\":\"Tecnimport S.A\"},\"image\":{\"@id\":\"https:\/\/tecnimport.com.pe\/web\/#\/schema\/logo\/image\/\"}}]}<\/script>\n<meta property=\"product:price:amount\" content=\"0.00\" \/>\n<meta property=\"product:price:currency\" content=\"USD\" \/>\n<meta property=\"og:availability\" content=\"instock\" \/>\n<meta property=\"product:availability\" content=\"instock\" \/>\n<meta property=\"product:condition\" content=\"new\" \/>\n<!-- \/ Yoast SEO plugin. -->","yoast_head_json":{"title":"Devcon 14310 - 2 Ton Epoxy | Adhesivo Ep\u00f3xico - TECNIMPORT S.A.","robots":{"index":"index","follow":"follow","max-snippet":"max-snippet:-1","max-image-preview":"max-image-preview:large","max-video-preview":"max-video-preview:-1"},"canonical":"https:\/\/tecnimport.com.pe\/web\/productos\/devcon-productos\/adhesivos-apoxicos\/2-ton-clear-epoxy\/","og_locale":"es_ES","og_type":"article","og_title":"Devcon 14310 - 2 Ton Epoxy | Adhesivo Ep\u00f3xico - TECNIMPORT S.A.","og_description":"2 TON EPOXY Acero L\u00edquido DEVCON 2 TON EPOXY | Devcon 14310\u00a0es un adhesivo ep\u00f3xico extremadamente fuerte y resistente al agua que forma una uni\u00f3n poderosa con metales ferrosos y no ferrosos, madera de cer\u00e1mica, concreto o vidrio en cualquier combinaci\u00f3n. Caracter\u00edsticas   Adhesivo de curado medio, que produce uniones r\u00edgidas y no retr\u00e1ctiles.  Rellena las superficies de uni\u00f3n mal acopladas y proporciona una excelente adherencia.  F\u00f3rmula resistente al agua.  Buena resistencia al impacto.  Se puede utilizar para encapsular piezas.  Enumerados en NSN # 8040-00-162-9704.  Tiempo abierto: 8-12 minutos.  Tiempo de montaje: 30-35 minutos.  Relleno de huecos: 0.01 \"- 0.05\".  Color: claro.  Proporci\u00f3n de mezcla: 1: 1.  Tiempo de trabajo min: 8.  Tiempo de trabajo max: 12.  Tiempo M\u00cdnimo de Aparato: 30.  Tiempo M\u00e1ximo del Accesorio: 35.  Presentaci\u00f3n    N\u00ba de Parte Capacidad   14310 Envase x 25ml    Ficha T\u00e9cnica","og_url":"https:\/\/tecnimport.com.pe\/web\/productos\/devcon-productos\/adhesivos-apoxicos\/2-ton-clear-epoxy\/","og_site_name":"TECNIMPORT S.A.","article_modified_time":"2021-02-03T19:09:48+00:00","og_image":[{"width":1000,"height":1000,"url":"https:\/\/tecnimport.com.pe\/web\/wp-content\/uploads\/2016\/04\/DEVCON-14310-2-TON-CLEAR-EPOXY.gif","type":"image\/gif"}],"twitter_card":"summary_large_image","twitter_misc":{"Precio":"","Disponibilidad":"Disponible"},"schema":{"@context":"https:\/\/schema.org","@graph":[{"@type":"WebPage","@id":"https:\/\/tecnimport.com.pe\/web\/productos\/devcon-productos\/adhesivos-apoxicos\/2-ton-clear-epoxy\/","url":"https:\/\/tecnimport.com.pe\/web\/productos\/devcon-productos\/adhesivos-apoxicos\/2-ton-clear-epoxy\/","name":"Devcon 14310 - 2 Ton Epoxy | Adhesivo Ep\u00f3xico - TECNIMPORT S.A.","isPartOf":{"@id":"https:\/\/tecnimport.com.pe\/web\/#website"},"primaryImageOfPage":{"@id":"https:\/\/tecnimport.com.pe\/web\/productos\/devcon-productos\/adhesivos-apoxicos\/2-ton-clear-epoxy\/#primaryimage"},"image":{"@id":"https:\/\/tecnimport.com.pe\/web\/productos\/devcon-productos\/adhesivos-apoxicos\/2-ton-clear-epoxy\/#primaryimage"},"thumbnailUrl":"https:\/\/tecnimport.com.pe\/web\/wp-content\/uploads\/2016\/04\/DEVCON-14310-2-TON-CLEAR-EPOXY.gif","datePublished":"2016-04-28T00:57:30+00:00","dateModified":"2021-02-03T19:09:48+00:00","breadcrumb":{"@id":"https:\/\/tecnimport.com.pe\/web\/productos\/devcon-productos\/adhesivos-apoxicos\/2-ton-clear-epoxy\/#breadcrumb"},"inLanguage":"es","potentialAction":[{"@type":"ReadAction","target":["https:\/\/tecnimport.com.pe\/web\/productos\/devcon-productos\/adhesivos-apoxicos\/2-ton-clear-epoxy\/"]}]},{"@type":"ImageObject","inLanguage":"es","@id":"https:\/\/tecnimport.com.pe\/web\/productos\/devcon-productos\/adhesivos-apoxicos\/2-ton-clear-epoxy\/#primaryimage","url":"https:\/\/tecnimport.com.pe\/web\/wp-content\/uploads\/2016\/04\/DEVCON-14310-2-TON-CLEAR-EPOXY.gif","contentUrl":"https:\/\/tecnimport.com.pe\/web\/wp-content\/uploads\/2016\/04\/DEVCON-14310-2-TON-CLEAR-EPOXY.gif","width":1000,"height":1000},{"@type":"BreadcrumbList","@id":"https:\/\/tecnimport.com.pe\/web\/productos\/devcon-productos\/adhesivos-apoxicos\/2-ton-clear-epoxy\/#breadcrumb","itemListElement":[{"@type":"ListItem","position":1,"name":"Portada","item":"https:\/\/tecnimport.com.pe\/web\/"},{"@type":"ListItem","position":2,"name":"Productos","item":"https:\/\/tecnimport.com.pe\/web\/productos-navigation\/"},{"@type":"ListItem","position":3,"name":"Devcon 14310 &#8211; 2 Ton Epoxy | Adhesivo Ep\u00f3xico"}]},{"@type":"WebSite","@id":"https:\/\/tecnimport.com.pe\/web\/#website","url":"https:\/\/tecnimport.com.pe\/web\/","name":"TECNIMPORT S.A.","description":"Representante de Devcon, LPS, Rocol y Procyon en el Per\u00fa","publisher":{"@id":"https:\/\/tecnimport.com.pe\/web\/#organization"},"potentialAction":[{"@type":"SearchAction","target":{"@type":"EntryPoint","urlTemplate":"https:\/\/tecnimport.com.pe\/web\/?s={search_term_string}"},"query-input":{"@type":"PropertyValueSpecification","valueRequired":true,"valueName":"search_term_string"}}],"inLanguage":"es"},{"@type":"Organization","@id":"https:\/\/tecnimport.com.pe\/web\/#organization","name":"Tecnimport S.A","url":"https:\/\/tecnimport.com.pe\/web\/","logo":{"@type":"ImageObject","inLanguage":"es","@id":"https:\/\/tecnimport.com.pe\/web\/#\/schema\/logo\/image\/","url":"https:\/\/tecnimport.com.pe\/web\/wp-content\/uploads\/2020\/03\/logo_tecnimport.png","contentUrl":"https:\/\/tecnimport.com.pe\/web\/wp-content\/uploads\/2020\/03\/logo_tecnimport.png","width":367,"height":49,"caption":"Tecnimport S.A"},"image":{"@id":"https:\/\/tecnimport.com.pe\/web\/#\/schema\/logo\/image\/"}}]},"product_price_amount":"0.00","product_price_currency":"USD","og_availability":"instock","product_availability":"instock","product_condition":"new"},"_links":{"self":[{"href":"https:\/\/tecnimport.com.pe\/web\/wp-json\/wp\/v2\/product\/2411","targetHints":{"allow":["GET"]}}],"collection":[{"href":"https:\/\/tecnimport.com.pe\/web\/wp-json\/wp\/v2\/product"}],"about":[{"href":"https:\/\/tecnimport.com.pe\/web\/wp-json\/wp\/v2\/types\/product"}],"wp:featuredmedia":[{"embeddable":true,"href":"https:\/\/tecnimport.com.pe\/web\/wp-json\/wp\/v2\/media\/3738"}],"wp:attachment":[{"href":"https:\/\/tecnimport.com.pe\/web\/wp-json\/wp\/v2\/media?parent=2411"}],"wp:term":[{"taxonomy":"product_brand","embeddable":true,"href":"https:\/\/tecnimport.com.pe\/web\/wp-json\/wp\/v2\/product_brand?post=2411"},{"taxonomy":"product_cat","embeddable":true,"href":"https:\/\/tecnimport.com.pe\/web\/wp-json\/wp\/v2\/product_cat?post=2411"},{"taxonomy":"product_tag","embeddable":true,"href":"https:\/\/tecnimport.com.pe\/web\/wp-json\/wp\/v2\/product_tag?post=2411"}],"curies":[{"name":"wp","href":"https:\/\/api.w.org\/{rel}","templated":true}]}}