{"id":2406,"date":"2016-04-27T19:48:03","date_gmt":"2016-04-28T00:48:03","guid":{"rendered":"http:\/\/tecnimport.com.pe\/web\/?post_type=product&#038;p=2406"},"modified":"2021-02-03T14:31:07","modified_gmt":"2021-02-03T19:31:07","slug":"5-minute-epoxy","status":"publish","type":"product","link":"https:\/\/tecnimport.com.pe\/web\/productos\/devcon-productos\/adhesivos-apoxicos\/5-minute-epoxy\/","title":{"rendered":"Devcon 14250 &#8211; 5 Minute Epoxy | Adhesivo Ep\u00f3xico"},"content":{"rendered":"<h3>5-MINUTE EPOXY<\/h3>\n<table border=\"0\">\n<tbody>\n<tr>\n<td><\/td>\n<td>N\u00daMERO DE PARTE<\/td>\n<td><\/td>\n<td align=\"left\" valign=\"middle\">14250<\/td>\n<\/tr>\n<tr>\n<td><\/td>\n<td>TAMA\u00d1O DE ENVASE<\/td>\n<td><\/td>\n<td align=\"left\" valign=\"middle\">25ml<\/td>\n<\/tr>\n<tr>\n<td><\/td>\n<td>PROPORCI\u00d3N DE MEZCLA POR VOL\u00daMEN<\/td>\n<td><\/td>\n<td align=\"left\" valign=\"middle\">&#8211;<\/td>\n<\/tr>\n<tr>\n<td><\/td>\n<td>POT LIFE A 24\u00baC<\/td>\n<td><\/td>\n<td align=\"left\" valign=\"middle\">&#8211;<\/td>\n<\/tr>\n<tr>\n<td><\/td>\n<td>TEMPERATURA M\u00c1XIMA DE TRABAJO \u00baC<\/td>\n<td><\/td>\n<td align=\"left\" valign=\"middle\">&#8211;<\/td>\n<\/tr>\n<tr>\n<td><\/td>\n<td>RESISTENCIA COMPRESIVA (ASTM D695) psi<\/td>\n<td><\/td>\n<td align=\"left\" valign=\"middle\">&#8211;<\/td>\n<\/tr>\n<tr>\n<td><\/td>\n<td>DUREZA\u00a0SHORE D\u00a0(ASTM D2240)<\/td>\n<td><\/td>\n<td align=\"left\" valign=\"middle\">&#8211;<\/td>\n<\/tr>\n<tr>\n<td><\/td>\n<td>COLOR<\/td>\n<td><\/td>\n<td align=\"left\" valign=\"middle\">&#8211;<\/td>\n<\/tr>\n<\/tbody>\n<\/table>\n<p>&nbsp;<\/p>\n","protected":false},"excerpt":{"rendered":"<h2><strong>DEVCON 5-MINUTE EPOXY\u00a0<\/strong><\/h2>\n<h3><strong>Adhesivo de Fraguado R\u00e1pido&gt;<\/strong><\/h3>\n<p><strong>DEVCON 5-MINUTE EPOXY | Devcon 14250\u00a0<\/strong> Adhesivo \/ encapsulante de uso general de curado r\u00e1pido que se dispensa y mezcla f\u00e1cilmente en segundos, se seca en 15 minutos y alcanza su resistencia funcional en 1 hora.<\/p>\n<p><strong class=\"sub_titulo\">Caracter\u00edsticas<\/strong><\/p>\n<ul>\n<li>Une sustratos r\u00edgidos duraderos como metales, vidrio, cer\u00e1mica, concreto y madera en todas las combinaciones.<\/li>\n<li>Forma un l\u00edquido autonivelante claro r\u00edgido y r\u00edgido en minutos.<\/li>\n<li>Listado en NSN Stock # 8040-00-264-6816: # 8040-01-067-6126.<\/li>\n<li>Fuerza funcional en 1 hora.<\/li>\n<li>100% reactivo, sin disolventes.<\/li>\n<li>Baja viscosidad (10,000 cps).<\/li>\n<li>Tiempo abierto: 4-7 minutos.<\/li>\n<li>Tiempo de montaje: 10-15 minutos.<\/li>\n<li>Color: claro.<\/li>\n<li>Proporci\u00f3n de mezcla: 1: 1.<\/li>\n<li>Tiempo de trabajo min: 3<\/li>\n<li>Tiempo de trabajo max: 6.<\/li>\n<li>Tiempo Minimo de Aparato: 10.<\/li>\n<li>Tiempo M\u00e1ximo de Aparato: 15.<\/li>\n<\/ul>\n<p><strong class=\"sub_titulo\">Presentaci\u00f3n<\/strong><\/p>\n<table style=\"height: 132px;\" width=\"245\">\n<tbody>\n<tr>\n<td><strong>N\u00ba de Parte<\/strong><\/td>\n<td><strong>Capacidad<\/strong><\/td>\n<\/tr>\n<tr>\n<td>14250<\/td>\n<td>Envase x 25ml<\/td>\n<\/tr>\n<\/tbody>\n<\/table>\n<p><a class=\"btn ft\" href=\"https:\/\/tecnimport.com.pe\/web\/wp-content\/uploads\/2021\/02\/DEVCON-14250-5-MINUTE-EPOXY-FT.pdf\" target=\"_blank\" rel=\"noopener noreferrer\">Ficha T\u00e9cnica<\/a><\/p>\n","protected":false},"featured_media":3736,"template":"","meta":[],"product_brand":[233],"product_cat":[206,224],"product_tag":[],"class_list":{"0":"post-2406","1":"product","2":"type-product","3":"status-publish","4":"has-post-thumbnail","6":"product_brand-devcon","7":"product_cat-devcon-productos","8":"product_cat-adhesivos-apoxicos","10":"first","11":"instock","12":"shipping-taxable","13":"product-type-simple"},"yoast_head":"<!-- This site is optimized with the Yoast SEO plugin v26.9 - https:\/\/yoast.com\/product\/yoast-seo-wordpress\/ -->\n<title>Devcon 14250 - 5 Minute Epoxy | Adhesivo Ep\u00f3xico - TECNIMPORT S.A.<\/title>\n<meta name=\"robots\" content=\"index, follow, max-snippet:-1, max-image-preview:large, max-video-preview:-1\" \/>\n<link rel=\"canonical\" href=\"https:\/\/tecnimport.com.pe\/web\/productos\/devcon-productos\/adhesivos-apoxicos\/5-minute-epoxy\/\" \/>\n<meta property=\"og:locale\" content=\"es_ES\" \/>\n<meta property=\"og:type\" content=\"article\" \/>\n<meta property=\"og:title\" content=\"Devcon 14250 - 5 Minute Epoxy | Adhesivo Ep\u00f3xico - TECNIMPORT S.A.\" \/>\n<meta property=\"og:description\" content=\"DEVCON 5-MINUTE EPOXY\u00a0 Adhesivo de Fraguado R\u00e1pido&gt; DEVCON 5-MINUTE EPOXY | Devcon 14250\u00a0 Adhesivo \/ encapsulante de uso general de curado r\u00e1pido que se dispensa y mezcla f\u00e1cilmente en segundos, se seca en 15 minutos y alcanza su resistencia funcional en 1 hora.  Caracter\u00edsticas   Une sustratos r\u00edgidos duraderos como metales, vidrio, cer\u00e1mica, concreto y madera en todas las combinaciones.  Forma un l\u00edquido autonivelante claro r\u00edgido y r\u00edgido en minutos.  Listado en NSN Stock # 8040-00-264-6816: # 8040-01-067-6126.  Fuerza funcional en 1 hora.  100% reactivo, sin disolventes.  Baja viscosidad (10,000 cps).  Tiempo abierto: 4-7 minutos.  Tiempo de montaje: 10-15 minutos.  Color: claro.  Proporci\u00f3n de mezcla: 1: 1.  Tiempo de trabajo min: 3  Tiempo de trabajo max: 6.  Tiempo Minimo de Aparato: 10.  Tiempo M\u00e1ximo de Aparato: 15.  Presentaci\u00f3n    N\u00ba de Parte Capacidad   14250 Envase x 25ml    Ficha T\u00e9cnica\" \/>\n<meta property=\"og:url\" content=\"https:\/\/tecnimport.com.pe\/web\/productos\/devcon-productos\/adhesivos-apoxicos\/5-minute-epoxy\/\" \/>\n<meta property=\"og:site_name\" content=\"TECNIMPORT S.A.\" \/>\n<meta property=\"article:modified_time\" content=\"2021-02-03T19:31:07+00:00\" \/>\n<meta property=\"og:image\" content=\"https:\/\/tecnimport.com.pe\/web\/wp-content\/uploads\/2016\/04\/DEVCON-14250-5-MINUTE-EPOXY.gif\" \/>\n\t<meta property=\"og:image:width\" content=\"1000\" \/>\n\t<meta property=\"og:image:height\" content=\"1000\" \/>\n\t<meta property=\"og:image:type\" content=\"image\/gif\" \/>\n<meta name=\"twitter:card\" content=\"summary_large_image\" \/>\n<meta name=\"twitter:label1\" content=\"Precio\" \/>\n\t<meta name=\"twitter:data1\" content=\"\" \/>\n\t<meta name=\"twitter:label2\" content=\"Disponibilidad\" \/>\n\t<meta name=\"twitter:data2\" content=\"Disponible\" \/>\n<script type=\"application\/ld+json\" class=\"yoast-schema-graph\">{\"@context\":\"https:\/\/schema.org\",\"@graph\":[{\"@type\":\"WebPage\",\"@id\":\"https:\/\/tecnimport.com.pe\/web\/productos\/devcon-productos\/adhesivos-apoxicos\/5-minute-epoxy\/\",\"url\":\"https:\/\/tecnimport.com.pe\/web\/productos\/devcon-productos\/adhesivos-apoxicos\/5-minute-epoxy\/\",\"name\":\"Devcon 14250 - 5 Minute Epoxy | Adhesivo Ep\u00f3xico - TECNIMPORT S.A.\",\"isPartOf\":{\"@id\":\"https:\/\/tecnimport.com.pe\/web\/#website\"},\"primaryImageOfPage\":{\"@id\":\"https:\/\/tecnimport.com.pe\/web\/productos\/devcon-productos\/adhesivos-apoxicos\/5-minute-epoxy\/#primaryimage\"},\"image\":{\"@id\":\"https:\/\/tecnimport.com.pe\/web\/productos\/devcon-productos\/adhesivos-apoxicos\/5-minute-epoxy\/#primaryimage\"},\"thumbnailUrl\":\"https:\/\/tecnimport.com.pe\/web\/wp-content\/uploads\/2016\/04\/DEVCON-14250-5-MINUTE-EPOXY.gif\",\"datePublished\":\"2016-04-28T00:48:03+00:00\",\"dateModified\":\"2021-02-03T19:31:07+00:00\",\"breadcrumb\":{\"@id\":\"https:\/\/tecnimport.com.pe\/web\/productos\/devcon-productos\/adhesivos-apoxicos\/5-minute-epoxy\/#breadcrumb\"},\"inLanguage\":\"es\",\"potentialAction\":[{\"@type\":\"ReadAction\",\"target\":[\"https:\/\/tecnimport.com.pe\/web\/productos\/devcon-productos\/adhesivos-apoxicos\/5-minute-epoxy\/\"]}]},{\"@type\":\"ImageObject\",\"inLanguage\":\"es\",\"@id\":\"https:\/\/tecnimport.com.pe\/web\/productos\/devcon-productos\/adhesivos-apoxicos\/5-minute-epoxy\/#primaryimage\",\"url\":\"https:\/\/tecnimport.com.pe\/web\/wp-content\/uploads\/2016\/04\/DEVCON-14250-5-MINUTE-EPOXY.gif\",\"contentUrl\":\"https:\/\/tecnimport.com.pe\/web\/wp-content\/uploads\/2016\/04\/DEVCON-14250-5-MINUTE-EPOXY.gif\",\"width\":1000,\"height\":1000},{\"@type\":\"BreadcrumbList\",\"@id\":\"https:\/\/tecnimport.com.pe\/web\/productos\/devcon-productos\/adhesivos-apoxicos\/5-minute-epoxy\/#breadcrumb\",\"itemListElement\":[{\"@type\":\"ListItem\",\"position\":1,\"name\":\"Portada\",\"item\":\"https:\/\/tecnimport.com.pe\/web\/\"},{\"@type\":\"ListItem\",\"position\":2,\"name\":\"Productos\",\"item\":\"https:\/\/tecnimport.com.pe\/web\/productos-navigation\/\"},{\"@type\":\"ListItem\",\"position\":3,\"name\":\"Devcon 14250 &#8211; 5 Minute Epoxy | Adhesivo Ep\u00f3xico\"}]},{\"@type\":\"WebSite\",\"@id\":\"https:\/\/tecnimport.com.pe\/web\/#website\",\"url\":\"https:\/\/tecnimport.com.pe\/web\/\",\"name\":\"TECNIMPORT S.A.\",\"description\":\"Representante de Devcon, LPS, Rocol y Procyon en el Per\u00fa\",\"publisher\":{\"@id\":\"https:\/\/tecnimport.com.pe\/web\/#organization\"},\"potentialAction\":[{\"@type\":\"SearchAction\",\"target\":{\"@type\":\"EntryPoint\",\"urlTemplate\":\"https:\/\/tecnimport.com.pe\/web\/?s={search_term_string}\"},\"query-input\":{\"@type\":\"PropertyValueSpecification\",\"valueRequired\":true,\"valueName\":\"search_term_string\"}}],\"inLanguage\":\"es\"},{\"@type\":\"Organization\",\"@id\":\"https:\/\/tecnimport.com.pe\/web\/#organization\",\"name\":\"Tecnimport S.A\",\"url\":\"https:\/\/tecnimport.com.pe\/web\/\",\"logo\":{\"@type\":\"ImageObject\",\"inLanguage\":\"es\",\"@id\":\"https:\/\/tecnimport.com.pe\/web\/#\/schema\/logo\/image\/\",\"url\":\"https:\/\/tecnimport.com.pe\/web\/wp-content\/uploads\/2020\/03\/logo_tecnimport.png\",\"contentUrl\":\"https:\/\/tecnimport.com.pe\/web\/wp-content\/uploads\/2020\/03\/logo_tecnimport.png\",\"width\":367,\"height\":49,\"caption\":\"Tecnimport S.A\"},\"image\":{\"@id\":\"https:\/\/tecnimport.com.pe\/web\/#\/schema\/logo\/image\/\"}}]}<\/script>\n<meta property=\"product:price:amount\" content=\"0.00\" \/>\n<meta property=\"product:price:currency\" content=\"USD\" \/>\n<meta property=\"og:availability\" content=\"instock\" \/>\n<meta property=\"product:availability\" content=\"instock\" \/>\n<meta property=\"product:condition\" content=\"new\" \/>\n<!-- \/ Yoast SEO plugin. -->","yoast_head_json":{"title":"Devcon 14250 - 5 Minute Epoxy | Adhesivo Ep\u00f3xico - TECNIMPORT S.A.","robots":{"index":"index","follow":"follow","max-snippet":"max-snippet:-1","max-image-preview":"max-image-preview:large","max-video-preview":"max-video-preview:-1"},"canonical":"https:\/\/tecnimport.com.pe\/web\/productos\/devcon-productos\/adhesivos-apoxicos\/5-minute-epoxy\/","og_locale":"es_ES","og_type":"article","og_title":"Devcon 14250 - 5 Minute Epoxy | Adhesivo Ep\u00f3xico - TECNIMPORT S.A.","og_description":"DEVCON 5-MINUTE EPOXY\u00a0 Adhesivo de Fraguado R\u00e1pido&gt; DEVCON 5-MINUTE EPOXY | Devcon 14250\u00a0 Adhesivo \/ encapsulante de uso general de curado r\u00e1pido que se dispensa y mezcla f\u00e1cilmente en segundos, se seca en 15 minutos y alcanza su resistencia funcional en 1 hora.  Caracter\u00edsticas   Une sustratos r\u00edgidos duraderos como metales, vidrio, cer\u00e1mica, concreto y madera en todas las combinaciones.  Forma un l\u00edquido autonivelante claro r\u00edgido y r\u00edgido en minutos.  Listado en NSN Stock # 8040-00-264-6816: # 8040-01-067-6126.  Fuerza funcional en 1 hora.  100% reactivo, sin disolventes.  Baja viscosidad (10,000 cps).  Tiempo abierto: 4-7 minutos.  Tiempo de montaje: 10-15 minutos.  Color: claro.  Proporci\u00f3n de mezcla: 1: 1.  Tiempo de trabajo min: 3  Tiempo de trabajo max: 6.  Tiempo Minimo de Aparato: 10.  Tiempo M\u00e1ximo de Aparato: 15.  Presentaci\u00f3n    N\u00ba de Parte Capacidad   14250 Envase x 25ml    Ficha T\u00e9cnica","og_url":"https:\/\/tecnimport.com.pe\/web\/productos\/devcon-productos\/adhesivos-apoxicos\/5-minute-epoxy\/","og_site_name":"TECNIMPORT S.A.","article_modified_time":"2021-02-03T19:31:07+00:00","og_image":[{"width":1000,"height":1000,"url":"https:\/\/tecnimport.com.pe\/web\/wp-content\/uploads\/2016\/04\/DEVCON-14250-5-MINUTE-EPOXY.gif","type":"image\/gif"}],"twitter_card":"summary_large_image","twitter_misc":{"Precio":"","Disponibilidad":"Disponible"},"schema":{"@context":"https:\/\/schema.org","@graph":[{"@type":"WebPage","@id":"https:\/\/tecnimport.com.pe\/web\/productos\/devcon-productos\/adhesivos-apoxicos\/5-minute-epoxy\/","url":"https:\/\/tecnimport.com.pe\/web\/productos\/devcon-productos\/adhesivos-apoxicos\/5-minute-epoxy\/","name":"Devcon 14250 - 5 Minute Epoxy | Adhesivo Ep\u00f3xico - TECNIMPORT S.A.","isPartOf":{"@id":"https:\/\/tecnimport.com.pe\/web\/#website"},"primaryImageOfPage":{"@id":"https:\/\/tecnimport.com.pe\/web\/productos\/devcon-productos\/adhesivos-apoxicos\/5-minute-epoxy\/#primaryimage"},"image":{"@id":"https:\/\/tecnimport.com.pe\/web\/productos\/devcon-productos\/adhesivos-apoxicos\/5-minute-epoxy\/#primaryimage"},"thumbnailUrl":"https:\/\/tecnimport.com.pe\/web\/wp-content\/uploads\/2016\/04\/DEVCON-14250-5-MINUTE-EPOXY.gif","datePublished":"2016-04-28T00:48:03+00:00","dateModified":"2021-02-03T19:31:07+00:00","breadcrumb":{"@id":"https:\/\/tecnimport.com.pe\/web\/productos\/devcon-productos\/adhesivos-apoxicos\/5-minute-epoxy\/#breadcrumb"},"inLanguage":"es","potentialAction":[{"@type":"ReadAction","target":["https:\/\/tecnimport.com.pe\/web\/productos\/devcon-productos\/adhesivos-apoxicos\/5-minute-epoxy\/"]}]},{"@type":"ImageObject","inLanguage":"es","@id":"https:\/\/tecnimport.com.pe\/web\/productos\/devcon-productos\/adhesivos-apoxicos\/5-minute-epoxy\/#primaryimage","url":"https:\/\/tecnimport.com.pe\/web\/wp-content\/uploads\/2016\/04\/DEVCON-14250-5-MINUTE-EPOXY.gif","contentUrl":"https:\/\/tecnimport.com.pe\/web\/wp-content\/uploads\/2016\/04\/DEVCON-14250-5-MINUTE-EPOXY.gif","width":1000,"height":1000},{"@type":"BreadcrumbList","@id":"https:\/\/tecnimport.com.pe\/web\/productos\/devcon-productos\/adhesivos-apoxicos\/5-minute-epoxy\/#breadcrumb","itemListElement":[{"@type":"ListItem","position":1,"name":"Portada","item":"https:\/\/tecnimport.com.pe\/web\/"},{"@type":"ListItem","position":2,"name":"Productos","item":"https:\/\/tecnimport.com.pe\/web\/productos-navigation\/"},{"@type":"ListItem","position":3,"name":"Devcon 14250 &#8211; 5 Minute Epoxy | Adhesivo Ep\u00f3xico"}]},{"@type":"WebSite","@id":"https:\/\/tecnimport.com.pe\/web\/#website","url":"https:\/\/tecnimport.com.pe\/web\/","name":"TECNIMPORT S.A.","description":"Representante de Devcon, LPS, Rocol y Procyon en el Per\u00fa","publisher":{"@id":"https:\/\/tecnimport.com.pe\/web\/#organization"},"potentialAction":[{"@type":"SearchAction","target":{"@type":"EntryPoint","urlTemplate":"https:\/\/tecnimport.com.pe\/web\/?s={search_term_string}"},"query-input":{"@type":"PropertyValueSpecification","valueRequired":true,"valueName":"search_term_string"}}],"inLanguage":"es"},{"@type":"Organization","@id":"https:\/\/tecnimport.com.pe\/web\/#organization","name":"Tecnimport S.A","url":"https:\/\/tecnimport.com.pe\/web\/","logo":{"@type":"ImageObject","inLanguage":"es","@id":"https:\/\/tecnimport.com.pe\/web\/#\/schema\/logo\/image\/","url":"https:\/\/tecnimport.com.pe\/web\/wp-content\/uploads\/2020\/03\/logo_tecnimport.png","contentUrl":"https:\/\/tecnimport.com.pe\/web\/wp-content\/uploads\/2020\/03\/logo_tecnimport.png","width":367,"height":49,"caption":"Tecnimport S.A"},"image":{"@id":"https:\/\/tecnimport.com.pe\/web\/#\/schema\/logo\/image\/"}}]},"product_price_amount":"0.00","product_price_currency":"USD","og_availability":"instock","product_availability":"instock","product_condition":"new"},"_links":{"self":[{"href":"https:\/\/tecnimport.com.pe\/web\/wp-json\/wp\/v2\/product\/2406","targetHints":{"allow":["GET"]}}],"collection":[{"href":"https:\/\/tecnimport.com.pe\/web\/wp-json\/wp\/v2\/product"}],"about":[{"href":"https:\/\/tecnimport.com.pe\/web\/wp-json\/wp\/v2\/types\/product"}],"wp:featuredmedia":[{"embeddable":true,"href":"https:\/\/tecnimport.com.pe\/web\/wp-json\/wp\/v2\/media\/3736"}],"wp:attachment":[{"href":"https:\/\/tecnimport.com.pe\/web\/wp-json\/wp\/v2\/media?parent=2406"}],"wp:term":[{"taxonomy":"product_brand","embeddable":true,"href":"https:\/\/tecnimport.com.pe\/web\/wp-json\/wp\/v2\/product_brand?post=2406"},{"taxonomy":"product_cat","embeddable":true,"href":"https:\/\/tecnimport.com.pe\/web\/wp-json\/wp\/v2\/product_cat?post=2406"},{"taxonomy":"product_tag","embeddable":true,"href":"https:\/\/tecnimport.com.pe\/web\/wp-json\/wp\/v2\/product_tag?post=2406"}],"curies":[{"name":"wp","href":"https:\/\/api.w.org\/{rel}","templated":true}]}}