{"id":2355,"date":"2016-04-27T15:46:17","date_gmt":"2016-04-27T20:46:17","guid":{"rendered":"http:\/\/tecnimport.com.pe\/web\/?post_type=product&#038;p=2355"},"modified":"2025-05-20T16:28:23","modified_gmt":"2025-05-20T21:28:23","slug":"devcon-combowear-fast-cure-wearing-curado-rapido","status":"publish","type":"product","link":"https:\/\/tecnimport.com.pe\/web\/productos\/devcon-productos\/wearing-compound\/devcon-combowear-fast-cure-wearing-curado-rapido\/","title":{"rendered":"Devcon ComboWear Fast Cure 11450 97450"},"content":{"rendered":"<div class=\"wpb-content-wrapper\"><p>[vc_row][vc_column][vc_row_inner][vc_column_inner][vc_column_text css=\u00bb\u00bb woodmart_inline=\u00bbno\u00bb text_larger=\u00bbno\u00bb]<\/p>\n<h3>Devcon ComboWear Fast Cure 11450 97450 &#8211; Wearing Curado R\u00e1pido<\/h3>\n<h5><strong class=\"subtitulo_prod\">Presentaci\u00f3n &amp; Fichas<\/strong><\/h5>\n<div class=\"table-container\">\n<table class=\"responsive-table\">\n<thead>\n<tr>\n<th style=\"text-align: center;\">N\u00ba de Parte<\/th>\n<th style=\"text-align: center;\">Capacidad<\/th>\n<th style=\"text-align: center;\">Envase<\/th>\n<th style=\"text-align: center;\"><i class=\"fas fa-download\"><\/i> Ficha T\u00e9cnica<\/th>\n<\/tr>\n<\/thead>\n<tbody>\n<tr>\n<td style=\"text-align: center;\">11450<\/td>\n<td style=\"text-align: center;\">9 lb<\/td>\n<td style=\"text-align: center;\">Envase<\/td>\n<td style=\"text-align: center;\"><a href=\"https:\/\/tecnimport.com.pe\/web\/wp-content\/uploads\/2024\/09\/DEVCON-97450-11450-DEVCON-COMBO-WEAR-FC-FICHA-TECNICA-TECNIMPORT-WEARING-COMPOUND-SECADO-RAPIDO.pdf\" target=\"_blank\" rel=\"noopener\"><i class=\"fas fa-download\"><\/i>Descargar<\/a><\/td>\n<\/tr>\n<tr>\n<td style=\"text-align: center;\">97450<\/td>\n<td style=\"text-align: center;\">25 lb<\/td>\n<td style=\"text-align: center;\">Envase<\/td>\n<td style=\"text-align: center;\"><a href=\"https:\/\/tecnimport.com.pe\/web\/wp-content\/uploads\/2024\/09\/DEVCON-97450-11450-DEVCON-COMBO-WEAR-FC-FICHA-TECNICA-TECNIMPORT-WEARING-COMPOUND-SECADO-RAPIDO.pdf\" target=\"_blank\" rel=\"noopener\"><i class=\"fas fa-download\"><\/i>Descargar<\/a><\/td>\n<\/tr>\n<\/tbody>\n<\/table>\n<\/div>\n<p>[\/vc_column_text][\/vc_column_inner][\/vc_row_inner][\/vc_column][\/vc_row][vc_row][vc_column width=\u00bb1\/3&#8243;][vc_column_text css=\u00bb\u00bb woodmart_inline=\u00bbno\u00bb text_larger=\u00bbno\u00bb]<\/p>\n<h5><strong class=\"subtitulo_prod\">Principales Caracter\u00edsticas<\/strong><\/h5>\n<ul>\n<li><strong>Curado R\u00e1pido:<\/strong> Vuelve al servicio en menos de 90 minutos.<\/li>\n<li><strong>F\u00e1cil de Aplicar:<\/strong> Se adhiere a todo tipo de superficies, incluso h\u00famedas \u00f3 mojadas.<\/li>\n<li><strong>Mejor Resistencia:<\/strong> 45% mayor resistencia al desgaste.<\/li>\n<li><strong>Facil de Mezclar:<\/strong> Reduzca el tiempo de trabajo con <a href=\"https:\/\/tecnimport.com.pe\/web\/productos\/devcon-productos\/wearing-compound\/mezclador-dfense-blok-power-with-paddle\/\" target=\"_blank\" rel=\"noopener\">\u201cDevcon Power Mixer 11301\u201d<\/a>.<\/li>\n<\/ul>\n<p>[\/vc_column_text][\/vc_column][vc_column width=\u00bb1\/3&#8243;][vc_column_text css=\u00bb\u00bb woodmart_inline=\u00bbno\u00bb text_larger=\u00bbno\u00bb]<\/p>\n<h5><strong class=\"subtitulo_prod\">Otras Caracter\u00edsticas<\/strong><\/h5>\n<ul>\n<li>Reforzado con 3 tama\u00f1os de esferas y carburo de silicio.<\/li>\n<li>Excelente adhesi\u00f3n a metal, cer\u00e1mica, concreto y superficies h\u00famedas.<\/li>\n<li>Curado funcional en menos de 90 minutos.<\/li>\n<li>Curado total en solo 8 horas.<\/li>\n<li>Temperatura de trabajo: hasta 150\u00b0C.<\/li>\n<\/ul>\n<p>[\/vc_column_text][\/vc_column][vc_column width=\u00bb1\/3&#8243;][vc_column_text css=\u00bb\u00bb woodmart_inline=\u00bbno\u00bb text_larger=\u00bbno\u00bb]<\/p>\n<h5><strong class=\"subtitulo_prod\">Aplicaciones<\/strong><\/h5>\n<ul>\n<li>reparaci\u00f3n de depuradores<\/li>\n<li>Chutes<\/li>\n<li>Colectores de polvo y cenizas<\/li>\n<li>Codos de tuber\u00edas<\/li>\n<li>Pantallas y rampas<\/li>\n<li>Chipeadores<\/li>\n<\/ul>\n<p>[\/vc_column_text][\/vc_column][\/vc_row][vc_row][vc_column width=\u00bb1\/3&#8243;][vc_column_text css=\u00bb\u00bb woodmart_inline=\u00bbno\u00bb text_larger=\u00bbno\u00bb]<\/p>\n<h5><strong class=\"subtitulo_prod\">Aplicaciones<\/strong><\/h5>\n<ul>\n<li>Bins<\/li>\n<li>Tolvas<\/li>\n<li>Tanques<\/li>\n<li>Separadores<\/li>\n<li>Mesas Deister<\/li>\n<\/ul>\n<p>[\/vc_column_text][\/vc_column][vc_column width=\u00bb1\/3&#8243;][vc_column_text css=\u00bb\u00bb woodmart_inline=\u00bbno\u00bb text_larger=\u00bbno\u00bb]<\/p>\n<h5><strong class=\"subtitulo_prod\">Protege<\/strong><\/h5>\n<ul>\n<li>Extractores<\/li>\n<li>Lavaderos<\/li>\n<li>Ventiladores<\/li>\n<li>Chancadores<\/li>\n<li>Trituradores.<\/li>\n<\/ul>\n<p>[\/vc_column_text][\/vc_column][vc_column width=\u00bb1\/3&#8243;][vc_column_text css=\u00bb\u00bb woodmart_inline=\u00bbno\u00bb text_larger=\u00bbno\u00bb]<\/p>\n<h5><strong class=\"subtitulo_prod\">Aplicaci\u00f3n<\/strong><\/h5>\n<p>[\/vc_column_text][vc_single_image image=\u00bb5909&#8243; img_size=\u00bblarge\u00bb add_caption=\u00bbyes\u00bb alignment=\u00bbcenter\u00bb parallax_scroll=\u00bbno\u00bb woodmart_inline=\u00bbno\u00bb][\/vc_column][\/vc_row][vc_row][vc_column width=\u00bb1\/3&#8243;][vc_column_text woodmart_inline=\u00bbno\u00bb text_larger=\u00bbno\u00bb]<strong class=\"subtitulo_prod\">Marca &amp; Fabricante<\/strong><\/p>\n<table class=\"table\">\n<tbody>\n<tr>\n<td>Marca<\/td>\n<td><strong><a href=\"https:\/\/tecnimport.com.pe\/web\/devcon-peru\/\" target=\"_blank\" rel=\"noopener\">DEVCON<\/a><\/strong><\/td>\n<\/tr>\n<tr>\n<td>Fabricante<\/td>\n<td><strong><a href=\"https:\/\/itwperformancepolymers.com\/products\/devcon\/wearing-compounds\/devcon-combowear-fc-fast-cure\" target=\"_blank\" rel=\"noopener\">ITW Performance polymers<\/a><\/strong><\/td>\n<\/tr>\n<\/tbody>\n<\/table>\n<p>[\/vc_column_text][\/vc_column][vc_column width=\u00bb1\/3&#8243;][vc_column_text woodmart_inline=\u00bbno\u00bb text_larger=\u00bbno\u00bb]<strong class=\"subtitulo_prod\">Flyer<\/strong>[\/vc_column_text][vc_single_image image=\u00bb6440&#8243; img_size=\u00bblarge\u00bb add_caption=\u00bbyes\u00bb alignment=\u00bbcenter\u00bb onclick=\u00bbcustom_link\u00bb img_link_target=\u00bb_blank\u00bb parallax_scroll=\u00bbno\u00bb woodmart_inline=\u00bbno\u00bb link=\u00bbhttps:\/\/tecnimport.com.pe\/web\/wp-content\/uploads\/2024\/03\/ComboWear_FC_11450_97450.pdf\u00bb][\/vc_column][vc_column width=\u00bb1\/3&#8243;][\/vc_column][\/vc_row][vc_row][\/vc_row][vc_column][vc_column_text woodmart_inline=\u00bbno\u00bb text_larger=\u00bbno\u00bb]<strong class=\"subtitulo_prod\">Propiedades de Curado 7 d\u00edas @ 24\u00b0C<\/strong><\/p>\n<table class=\"table\">\n<thead><\/thead>\n<tbody>\n<tr>\n<td>Resistancia al corte por adhesi\u00f3n<\/td>\n<td>1,450 psi (10.0 MPa)<\/td>\n<\/tr>\n<tr>\n<td>Resistencia a la tracci\u00f3n<\/td>\n<td>4,300 psi (29.7 MPa)<\/td>\n<\/tr>\n<tr>\n<td>Resistencia a la compresi\u00f3n<\/td>\n<td>11,000 psi (76 MPa)<\/td>\n<\/tr>\n<tr>\n<td>Rigidez diel\u00e9ctrica<\/td>\n<td>41 V\/mil (1.6 kV\/mm)<\/td>\n<\/tr>\n<tr>\n<td>Resistencia a la flexi\u00f3n<\/td>\n<td>7,140 psi (49.2 MPa)<\/td>\n<\/tr>\n<tr>\n<td>Resistencia a la temperatura<\/td>\n<td>41 V\/mil (1.6 kV\/mm)<\/td>\n<\/tr>\n<tr>\n<td>Dureza de curado<\/td>\n<td>87 Shore D<\/td>\n<\/tr>\n<tr>\n<td>Coeficiente de Expansion Termica<\/td>\n<td>61.2(x10-6) mm\/mm\u00b0C<\/td>\n<\/tr>\n<tr>\n<td>Contracci\u00f3n curado<\/td>\n<td>0.0008 cm\/cm<\/td>\n<\/tr>\n<\/tbody>\n<\/table>\n<p>[\/vc_column_text][vc_column_text woodmart_inline=\u00bbno\u00bb text_larger=\u00bbno\u00bb]<strong class=\"subtitulo_prod\">Propiedades sin Curar<\/strong><\/p>\n<table class=\"table\">\n<thead><\/thead>\n<tbody>\n<tr>\n<td>Color<\/td>\n<td>Gris<\/td>\n<\/tr>\n<tr>\n<td>Tiempo de Trabajo<\/td>\n<td>7 minutos<\/td>\n<\/tr>\n<tr>\n<td>Curado funcional<\/td>\n<td>1.5-3 horas<\/td>\n<\/tr>\n<tr>\n<td>Curado Total<\/td>\n<td>8 horas<\/td>\n<\/tr>\n<tr>\n<td>Tiempo de recapa<\/td>\n<td>1-2 horas<\/td>\n<\/tr>\n<tr>\n<td>Raz\u00f3n de mezcla por volumen<\/td>\n<td>8 horas<\/td>\n<\/tr>\n<tr>\n<td>Raz\u00f3n de mezcla por peso<\/td>\n<td>2:1<\/td>\n<\/tr>\n<tr>\n<td>Viscosidad de mezcla<\/td>\n<td>Pasta<\/td>\n<\/tr>\n<tr>\n<td>S\u00f3lidos por volumen<\/td>\n<td>100%<\/td>\n<\/tr>\n<tr>\n<td>Gravedad especifica<\/td>\n<td>2.04 g\/cm3<\/td>\n<\/tr>\n<tr>\n<td>Volumen especifico<\/td>\n<td>0.491 cm3\/g<\/td>\n<\/tr>\n<tr>\n<td>Cobertura (6.35mm)<\/td>\n<td>773 cm2\/Kg<\/td>\n<\/tr>\n<\/tbody>\n<\/table>\n<p>[\/vc_column_text][\/vc_column]<\/p>\n<\/div>","protected":false},"excerpt":{"rendered":"<p><strong>Devcon ComboWear Fast Cure 11450 97450<\/strong> es un compuesto anti abrasivo de curado r\u00e1pido de alta tecnolog\u00eda dise\u00f1ado para proteger contra el impacto, desgaste, cavitaci\u00f3n y abrasi\u00f3n a equipos de procesamiento y regresa al servicio en menos de 90 minutos.<\/p>\n","protected":false},"featured_media":5908,"template":"","meta":[],"product_brand":[233],"product_cat":[206,221],"product_tag":[1246,1352,1270],"class_list":{"0":"post-2355","1":"product","2":"type-product","3":"status-publish","4":"has-post-thumbnail","6":"product_brand-devcon","7":"product_cat-devcon-productos","8":"product_cat-wearing-compound","9":"product_tag-anti-abrasivo","10":"product_tag-curado-rapido","11":"product_tag-wearing-compound","13":"first","14":"instock","15":"shipping-taxable","16":"purchasable","17":"product-type-variable"},"yoast_head":"<!-- This site is optimized with the Yoast SEO plugin v26.9 - https:\/\/yoast.com\/product\/yoast-seo-wordpress\/ -->\n<title>Devcon ComboWear Fast Cure 11450 97450 - Curado R\u00e1pido<\/title>\n<meta name=\"description\" content=\"Devcon Combo Wear Fast Cure es un Wearing de curado r\u00e1pido, protege contra el impacto, desgaste, cavitaci\u00f3n y abrasi\u00f3n (puesta en servicio &lt; 90 minutos).\" \/>\n<meta name=\"robots\" content=\"index, follow, max-snippet:-1, max-image-preview:large, max-video-preview:-1\" \/>\n<link rel=\"canonical\" href=\"https:\/\/tecnimport.com.pe\/web\/productos\/devcon-productos\/wearing-compound\/devcon-combowear-fast-cure-wearing-curado-rapido\/\" \/>\n<meta property=\"og:locale\" content=\"es_ES\" \/>\n<meta property=\"og:type\" content=\"article\" \/>\n<meta property=\"og:title\" content=\"Devcon ComboWear Fast Cure 11450 97450 - Curado R\u00e1pido\" \/>\n<meta property=\"og:description\" content=\"Devcon Combo Wear Fast Cure es un Wearing de curado r\u00e1pido, protege contra el impacto, desgaste, cavitaci\u00f3n y abrasi\u00f3n (puesta en servicio &lt; 90 minutos).\" \/>\n<meta property=\"og:url\" content=\"https:\/\/tecnimport.com.pe\/web\/productos\/devcon-productos\/wearing-compound\/devcon-combowear-fast-cure-wearing-curado-rapido\/\" \/>\n<meta property=\"og:site_name\" content=\"TECNIMPORT S.A.\" \/>\n<meta property=\"article:modified_time\" content=\"2025-05-20T21:28:23+00:00\" \/>\n<meta property=\"og:image\" content=\"https:\/\/tecnimport.com.pe\/web\/wp-content\/uploads\/2016\/04\/WEARING-SECADO-RAPIDO-DEVCON-COMBOWEAR-FC-11450-97450.gif\" \/>\n\t<meta property=\"og:image:width\" content=\"1000\" \/>\n\t<meta property=\"og:image:height\" content=\"1000\" \/>\n\t<meta property=\"og:image:type\" content=\"image\/gif\" \/>\n<meta name=\"twitter:card\" content=\"summary_large_image\" \/>\n<meta name=\"twitter:label1\" content=\"Disponibilidad\" \/>\n\t<meta name=\"twitter:data1\" content=\"Disponible\" \/>\n<script type=\"application\/ld+json\" class=\"yoast-schema-graph\">{\"@context\":\"https:\/\/schema.org\",\"@graph\":[{\"@type\":\"WebPage\",\"@id\":\"https:\/\/tecnimport.com.pe\/web\/productos\/devcon-productos\/wearing-compound\/devcon-combowear-fast-cure-wearing-curado-rapido\/\",\"url\":\"https:\/\/tecnimport.com.pe\/web\/productos\/devcon-productos\/wearing-compound\/devcon-combowear-fast-cure-wearing-curado-rapido\/\",\"name\":\"Devcon ComboWear Fast Cure 11450 97450 - Curado R\u00e1pido\",\"isPartOf\":{\"@id\":\"https:\/\/tecnimport.com.pe\/web\/#website\"},\"primaryImageOfPage\":{\"@id\":\"https:\/\/tecnimport.com.pe\/web\/productos\/devcon-productos\/wearing-compound\/devcon-combowear-fast-cure-wearing-curado-rapido\/#primaryimage\"},\"image\":{\"@id\":\"https:\/\/tecnimport.com.pe\/web\/productos\/devcon-productos\/wearing-compound\/devcon-combowear-fast-cure-wearing-curado-rapido\/#primaryimage\"},\"thumbnailUrl\":\"https:\/\/tecnimport.com.pe\/web\/wp-content\/uploads\/2016\/04\/WEARING-SECADO-RAPIDO-DEVCON-COMBOWEAR-FC-11450-97450.gif\",\"datePublished\":\"2016-04-27T20:46:17+00:00\",\"dateModified\":\"2025-05-20T21:28:23+00:00\",\"description\":\"Devcon Combo Wear Fast Cure es un Wearing de curado r\u00e1pido, protege contra el impacto, desgaste, cavitaci\u00f3n y abrasi\u00f3n (puesta en servicio &lt; 90 minutos).\",\"breadcrumb\":{\"@id\":\"https:\/\/tecnimport.com.pe\/web\/productos\/devcon-productos\/wearing-compound\/devcon-combowear-fast-cure-wearing-curado-rapido\/#breadcrumb\"},\"inLanguage\":\"es\",\"potentialAction\":[{\"@type\":\"ReadAction\",\"target\":[\"https:\/\/tecnimport.com.pe\/web\/productos\/devcon-productos\/wearing-compound\/devcon-combowear-fast-cure-wearing-curado-rapido\/\"]}]},{\"@type\":\"ImageObject\",\"inLanguage\":\"es\",\"@id\":\"https:\/\/tecnimport.com.pe\/web\/productos\/devcon-productos\/wearing-compound\/devcon-combowear-fast-cure-wearing-curado-rapido\/#primaryimage\",\"url\":\"https:\/\/tecnimport.com.pe\/web\/wp-content\/uploads\/2016\/04\/WEARING-SECADO-RAPIDO-DEVCON-COMBOWEAR-FC-11450-97450.gif\",\"contentUrl\":\"https:\/\/tecnimport.com.pe\/web\/wp-content\/uploads\/2016\/04\/WEARING-SECADO-RAPIDO-DEVCON-COMBOWEAR-FC-11450-97450.gif\",\"width\":1000,\"height\":1000,\"caption\":\"Wearing Compound secado r\u00e1pido COMBOWEAR FC\"},{\"@type\":\"BreadcrumbList\",\"@id\":\"https:\/\/tecnimport.com.pe\/web\/productos\/devcon-productos\/wearing-compound\/devcon-combowear-fast-cure-wearing-curado-rapido\/#breadcrumb\",\"itemListElement\":[{\"@type\":\"ListItem\",\"position\":1,\"name\":\"Portada\",\"item\":\"https:\/\/tecnimport.com.pe\/web\/\"},{\"@type\":\"ListItem\",\"position\":2,\"name\":\"Productos\",\"item\":\"https:\/\/tecnimport.com.pe\/web\/productos-navigation\/\"},{\"@type\":\"ListItem\",\"position\":3,\"name\":\"Devcon ComboWear Fast Cure 11450 97450\"}]},{\"@type\":\"WebSite\",\"@id\":\"https:\/\/tecnimport.com.pe\/web\/#website\",\"url\":\"https:\/\/tecnimport.com.pe\/web\/\",\"name\":\"TECNIMPORT S.A.\",\"description\":\"Representante de Devcon, LPS, Rocol y Procyon en el Per\u00fa\",\"publisher\":{\"@id\":\"https:\/\/tecnimport.com.pe\/web\/#organization\"},\"potentialAction\":[{\"@type\":\"SearchAction\",\"target\":{\"@type\":\"EntryPoint\",\"urlTemplate\":\"https:\/\/tecnimport.com.pe\/web\/?s={search_term_string}\"},\"query-input\":{\"@type\":\"PropertyValueSpecification\",\"valueRequired\":true,\"valueName\":\"search_term_string\"}}],\"inLanguage\":\"es\"},{\"@type\":\"Organization\",\"@id\":\"https:\/\/tecnimport.com.pe\/web\/#organization\",\"name\":\"Tecnimport S.A\",\"url\":\"https:\/\/tecnimport.com.pe\/web\/\",\"logo\":{\"@type\":\"ImageObject\",\"inLanguage\":\"es\",\"@id\":\"https:\/\/tecnimport.com.pe\/web\/#\/schema\/logo\/image\/\",\"url\":\"https:\/\/tecnimport.com.pe\/web\/wp-content\/uploads\/2020\/03\/logo_tecnimport.png\",\"contentUrl\":\"https:\/\/tecnimport.com.pe\/web\/wp-content\/uploads\/2020\/03\/logo_tecnimport.png\",\"width\":367,\"height\":49,\"caption\":\"Tecnimport S.A\"},\"image\":{\"@id\":\"https:\/\/tecnimport.com.pe\/web\/#\/schema\/logo\/image\/\"}}]}<\/script>\n<meta property=\"og:availability\" content=\"instock\" \/>\n<meta property=\"product:availability\" content=\"instock\" \/>\n<meta property=\"product:retailer_item_id\" content=\"97450\" \/>\n<meta property=\"product:condition\" content=\"new\" \/>\n<!-- \/ Yoast SEO plugin. -->","yoast_head_json":{"title":"Devcon ComboWear Fast Cure 11450 97450 - Curado R\u00e1pido","description":"Devcon Combo Wear Fast Cure es un Wearing de curado r\u00e1pido, protege contra el impacto, desgaste, cavitaci\u00f3n y abrasi\u00f3n (puesta en servicio &lt; 90 minutos).","robots":{"index":"index","follow":"follow","max-snippet":"max-snippet:-1","max-image-preview":"max-image-preview:large","max-video-preview":"max-video-preview:-1"},"canonical":"https:\/\/tecnimport.com.pe\/web\/productos\/devcon-productos\/wearing-compound\/devcon-combowear-fast-cure-wearing-curado-rapido\/","og_locale":"es_ES","og_type":"article","og_title":"Devcon ComboWear Fast Cure 11450 97450 - Curado R\u00e1pido","og_description":"Devcon Combo Wear Fast Cure es un Wearing de curado r\u00e1pido, protege contra el impacto, desgaste, cavitaci\u00f3n y abrasi\u00f3n (puesta en servicio &lt; 90 minutos).","og_url":"https:\/\/tecnimport.com.pe\/web\/productos\/devcon-productos\/wearing-compound\/devcon-combowear-fast-cure-wearing-curado-rapido\/","og_site_name":"TECNIMPORT S.A.","article_modified_time":"2025-05-20T21:28:23+00:00","og_image":[{"width":1000,"height":1000,"url":"https:\/\/tecnimport.com.pe\/web\/wp-content\/uploads\/2016\/04\/WEARING-SECADO-RAPIDO-DEVCON-COMBOWEAR-FC-11450-97450.gif","type":"image\/gif"}],"twitter_card":"summary_large_image","twitter_misc":{"Disponibilidad":"Disponible"},"schema":{"@context":"https:\/\/schema.org","@graph":[{"@type":"WebPage","@id":"https:\/\/tecnimport.com.pe\/web\/productos\/devcon-productos\/wearing-compound\/devcon-combowear-fast-cure-wearing-curado-rapido\/","url":"https:\/\/tecnimport.com.pe\/web\/productos\/devcon-productos\/wearing-compound\/devcon-combowear-fast-cure-wearing-curado-rapido\/","name":"Devcon ComboWear Fast Cure 11450 97450 - Curado R\u00e1pido","isPartOf":{"@id":"https:\/\/tecnimport.com.pe\/web\/#website"},"primaryImageOfPage":{"@id":"https:\/\/tecnimport.com.pe\/web\/productos\/devcon-productos\/wearing-compound\/devcon-combowear-fast-cure-wearing-curado-rapido\/#primaryimage"},"image":{"@id":"https:\/\/tecnimport.com.pe\/web\/productos\/devcon-productos\/wearing-compound\/devcon-combowear-fast-cure-wearing-curado-rapido\/#primaryimage"},"thumbnailUrl":"https:\/\/tecnimport.com.pe\/web\/wp-content\/uploads\/2016\/04\/WEARING-SECADO-RAPIDO-DEVCON-COMBOWEAR-FC-11450-97450.gif","datePublished":"2016-04-27T20:46:17+00:00","dateModified":"2025-05-20T21:28:23+00:00","description":"Devcon Combo Wear Fast Cure es un Wearing de curado r\u00e1pido, protege contra el impacto, desgaste, cavitaci\u00f3n y abrasi\u00f3n (puesta en servicio &lt; 90 minutos).","breadcrumb":{"@id":"https:\/\/tecnimport.com.pe\/web\/productos\/devcon-productos\/wearing-compound\/devcon-combowear-fast-cure-wearing-curado-rapido\/#breadcrumb"},"inLanguage":"es","potentialAction":[{"@type":"ReadAction","target":["https:\/\/tecnimport.com.pe\/web\/productos\/devcon-productos\/wearing-compound\/devcon-combowear-fast-cure-wearing-curado-rapido\/"]}]},{"@type":"ImageObject","inLanguage":"es","@id":"https:\/\/tecnimport.com.pe\/web\/productos\/devcon-productos\/wearing-compound\/devcon-combowear-fast-cure-wearing-curado-rapido\/#primaryimage","url":"https:\/\/tecnimport.com.pe\/web\/wp-content\/uploads\/2016\/04\/WEARING-SECADO-RAPIDO-DEVCON-COMBOWEAR-FC-11450-97450.gif","contentUrl":"https:\/\/tecnimport.com.pe\/web\/wp-content\/uploads\/2016\/04\/WEARING-SECADO-RAPIDO-DEVCON-COMBOWEAR-FC-11450-97450.gif","width":1000,"height":1000,"caption":"Wearing Compound secado r\u00e1pido COMBOWEAR FC"},{"@type":"BreadcrumbList","@id":"https:\/\/tecnimport.com.pe\/web\/productos\/devcon-productos\/wearing-compound\/devcon-combowear-fast-cure-wearing-curado-rapido\/#breadcrumb","itemListElement":[{"@type":"ListItem","position":1,"name":"Portada","item":"https:\/\/tecnimport.com.pe\/web\/"},{"@type":"ListItem","position":2,"name":"Productos","item":"https:\/\/tecnimport.com.pe\/web\/productos-navigation\/"},{"@type":"ListItem","position":3,"name":"Devcon ComboWear Fast Cure 11450 97450"}]},{"@type":"WebSite","@id":"https:\/\/tecnimport.com.pe\/web\/#website","url":"https:\/\/tecnimport.com.pe\/web\/","name":"TECNIMPORT S.A.","description":"Representante de Devcon, LPS, Rocol y Procyon en el Per\u00fa","publisher":{"@id":"https:\/\/tecnimport.com.pe\/web\/#organization"},"potentialAction":[{"@type":"SearchAction","target":{"@type":"EntryPoint","urlTemplate":"https:\/\/tecnimport.com.pe\/web\/?s={search_term_string}"},"query-input":{"@type":"PropertyValueSpecification","valueRequired":true,"valueName":"search_term_string"}}],"inLanguage":"es"},{"@type":"Organization","@id":"https:\/\/tecnimport.com.pe\/web\/#organization","name":"Tecnimport S.A","url":"https:\/\/tecnimport.com.pe\/web\/","logo":{"@type":"ImageObject","inLanguage":"es","@id":"https:\/\/tecnimport.com.pe\/web\/#\/schema\/logo\/image\/","url":"https:\/\/tecnimport.com.pe\/web\/wp-content\/uploads\/2020\/03\/logo_tecnimport.png","contentUrl":"https:\/\/tecnimport.com.pe\/web\/wp-content\/uploads\/2020\/03\/logo_tecnimport.png","width":367,"height":49,"caption":"Tecnimport S.A"},"image":{"@id":"https:\/\/tecnimport.com.pe\/web\/#\/schema\/logo\/image\/"}}]},"og_availability":"instock","product_availability":"instock","product_retailer_item_id":"97450","product_condition":"new"},"_links":{"self":[{"href":"https:\/\/tecnimport.com.pe\/web\/wp-json\/wp\/v2\/product\/2355","targetHints":{"allow":["GET"]}}],"collection":[{"href":"https:\/\/tecnimport.com.pe\/web\/wp-json\/wp\/v2\/product"}],"about":[{"href":"https:\/\/tecnimport.com.pe\/web\/wp-json\/wp\/v2\/types\/product"}],"wp:featuredmedia":[{"embeddable":true,"href":"https:\/\/tecnimport.com.pe\/web\/wp-json\/wp\/v2\/media\/5908"}],"wp:attachment":[{"href":"https:\/\/tecnimport.com.pe\/web\/wp-json\/wp\/v2\/media?parent=2355"}],"wp:term":[{"taxonomy":"product_brand","embeddable":true,"href":"https:\/\/tecnimport.com.pe\/web\/wp-json\/wp\/v2\/product_brand?post=2355"},{"taxonomy":"product_cat","embeddable":true,"href":"https:\/\/tecnimport.com.pe\/web\/wp-json\/wp\/v2\/product_cat?post=2355"},{"taxonomy":"product_tag","embeddable":true,"href":"https:\/\/tecnimport.com.pe\/web\/wp-json\/wp\/v2\/product_tag?post=2355"}],"curies":[{"name":"wp","href":"https:\/\/api.w.org\/{rel}","templated":true}]}}