{"id":2335,"date":"2016-04-27T15:02:55","date_gmt":"2016-04-27T20:02:55","guid":{"rendered":"http:\/\/tecnimport.com.pe\/web\/?post_type=product&#038;p=2335"},"modified":"2025-05-20T16:28:11","modified_gmt":"2025-05-20T21:28:11","slug":"devcon-wear-guard-high-load-11490-wearing-de-alta-carga","status":"publish","type":"product","link":"https:\/\/tecnimport.com.pe\/web\/productos\/devcon-productos\/wearing-compound\/devcon-wear-guard-high-load-11490-wearing-de-alta-carga\/","title":{"rendered":"Devcon Wear Guard High Load 11490"},"content":{"rendered":"<div class=\"wpb-content-wrapper\"><p>[vc_row][vc_column][vc_row_inner][vc_column_inner][vc_column_text css=\u00bb\u00bb woodmart_inline=\u00bbno\u00bb text_larger=\u00bbno\u00bb]<\/p>\n<h3>Devcon Wear Guard High Load 11490 &#8211; Wearing Compound de Alta Carga<\/h3>\n<h5><strong class=\"subtitulo_prod\">Presentaci\u00f3n &amp; Fichas<\/strong><\/h5>\n<div class=\"table-container\">\n<table class=\"responsive-table\">\n<thead>\n<tr>\n<th style=\"text-align: center;\">N\u00ba de Parte<\/th>\n<th style=\"text-align: center;\">Capacidad<\/th>\n<th style=\"text-align: center;\">Envase<\/th>\n<th style=\"text-align: center;\"><i class=\"fas fa-download\"><\/i> Ficha T\u00e9cnica<\/th>\n<\/tr>\n<\/thead>\n<tbody>\n<tr>\n<td style=\"text-align: center;\">11490<\/td>\n<td style=\"text-align: center;\">30 lb<\/td>\n<td style=\"text-align: center;\">Envase<\/td>\n<td style=\"text-align: center;\"><a href=\"https:\/\/tecnimport.com.pe\/web\/wp-content\/uploads\/2024\/09\/DEVCON-11490-WEAR-GUARD-HIGH-LOAD-TECNIMPORT-FICHA-TECNICA.pdf\" target=\"_blank\" rel=\"noopener\"><i class=\"fas fa-download\"><\/i>Descargar<\/a><\/td>\n<\/tr>\n<\/tbody>\n<\/table>\n<\/div>\n<p>[\/vc_column_text][\/vc_column_inner][\/vc_row_inner][\/vc_column][\/vc_row][vc_row][vc_column width=\u00bb1\/3&#8243;][vc_column_text css=\u00bb\u00bb woodmart_inline=\u00bbno\u00bb text_larger=\u00bbno\u00bb]<\/p>\n<h5><strong class=\"subtitulo_prod\">Otras Caracter\u00edsticas<\/strong><\/h5>\n<ul>\n<li>Soporta impactos de part\u00edculas con granulometr\u00eda mayor a 1\/8\u201d de di\u00e1metro.<\/li>\n<li>No se desliza verticalmente.<\/li>\n<li>Excepcional resistencia a \u00e1cidos, bases, soluciones salinas, aceites, otros productos qu\u00edmicos y temperaturas de trabajo hasta 150 \u00b0C.<\/li>\n<li>Ideal para recubrir y reparar molinos de bolas, chutes, bombas de relaves, codos, tolvas, ductos de cemento.<\/li>\n<li>Aplicable con esp\u00e1tula.<\/li>\n<\/ul>\n<p>[\/vc_column_text][\/vc_column][vc_column width=\u00bb1\/3&#8243;][vc_column_text css=\u00bb\u00bb woodmart_inline=\u00bbno\u00bb text_larger=\u00bbno\u00bb]<\/p>\n<h5><strong class=\"subtitulo_prod\">Aplicaciones<\/strong><\/h5>\n<ul>\n<li>reparaci\u00f3n de depuradores<\/li>\n<li>Chutes<\/li>\n<li>Colectores de polvo y cenizas<\/li>\n<li>Codos de tuber\u00edas<\/li>\n<li>Pantallas y rampas<\/li>\n<li>Chipeadores<\/li>\n<li>Bins<\/li>\n<li>Tolvas<\/li>\n<li>Tanques<\/li>\n<li>Separadores<\/li>\n<li>Mesas Deister<\/li>\n<\/ul>\n<p>[\/vc_column_text][\/vc_column][vc_column width=\u00bb1\/3&#8243;][vc_column_text css=\u00bb\u00bb woodmart_inline=\u00bbno\u00bb text_larger=\u00bbno\u00bb]<\/p>\n<h5><strong class=\"subtitulo_prod\">Protege<\/strong><\/h5>\n<ul>\n<li>Extractores<\/li>\n<li>Lavaderos<\/li>\n<li>Ventiladores<\/li>\n<li>Chancadores<\/li>\n<li>Trituradores.<\/li>\n<\/ul>\n<p>[\/vc_column_text][\/vc_column][\/vc_row][vc_row][vc_column width=\u00bb1\/3&#8243;][vc_column_text css=\u00bb\u00bb woodmart_inline=\u00bbno\u00bb text_larger=\u00bbno\u00bb]<\/p>\n<h5><strong class=\"subtitulo_prod\">Marca &amp; Fabricante<\/strong><\/h5>\n<table class=\"table\">\n<tbody>\n<tr>\n<td>Marca<\/td>\n<td><strong><a href=\"https:\/\/tecnimport.com.pe\/web\/devcon-peru\/\" target=\"_blank\" rel=\"noopener\">DEVCON<\/a><\/strong><\/td>\n<\/tr>\n<tr>\n<td>Fabricante<\/td>\n<td><strong><a href=\"https:\/\/itwperformancepolymers.com\/products\/devcon\/wearing-compounds\/devcon-wear-guard-high-load\" target=\"_blank\" rel=\"noopener\">ITW Performance polymers<\/a><\/strong><\/td>\n<\/tr>\n<\/tbody>\n<\/table>\n<p>[\/vc_column_text][\/vc_column][vc_column width=\u00bb1\/3&#8243;][vc_column_text css=\u00bb\u00bb woodmart_inline=\u00bbno\u00bb text_larger=\u00bbno\u00bb]<\/p>\n<h5><strong class=\"subtitulo_prod\">Aplicaci\u00f3n<\/strong><\/h5>\n<p>[\/vc_column_text][vc_single_image image=\u00bb5932&#8243; img_size=\u00bblarge\u00bb add_caption=\u00bbyes\u00bb alignment=\u00bbcenter\u00bb parallax_scroll=\u00bbno\u00bb woodmart_inline=\u00bbno\u00bb][\/vc_column][vc_column width=\u00bb1\/3&#8243;][\/vc_column][\/vc_row][vc_row][\/vc_row][vc_column][vc_column_text woodmart_inline=\u00bbno\u00bb text_larger=\u00bbno\u00bb]<strong class=\"subtitulo_prod\">Propiedades de Curado 7 d\u00edas @ 24\u00b0C<\/strong><\/p>\n<table class=\"table\">\n<thead><\/thead>\n<tbody>\n<tr>\n<td>Resistencia al corte por adhesi\u00f3n<\/td>\n<td>1,474 psi (10.2 MPa)<\/td>\n<\/tr>\n<tr>\n<td>Coeficiente de expansi\u00f3n t\u00e9rmica<\/td>\n<td>29 in\/in.\u00b0F (52.2 cm\/cm.\u00b0C)<\/td>\n<\/tr>\n<tr>\n<td>Resistencia a la compresi\u00f3n<\/td>\n<td>11,000 psi (75.8 MPa)<\/td>\n<\/tr>\n<tr>\n<td>Contracci\u00f3n curada<\/td>\n<td>0.0006 in\/in (cm\/cm)<\/td>\n<\/tr>\n<tr>\n<td>Constante diel\u00e9ctrica<\/td>\n<td>41<\/td>\n<\/tr>\n<tr>\n<td>Resistencia a la flexi\u00f3n<\/td>\n<td>7,140 psi (49.2 MPa)<\/td>\n<\/tr>\n<tr>\n<td>Dureza<\/td>\n<td>87 Shore D<\/td>\n<\/tr>\n<tr>\n<td>S\u00f3lidos por volumen<\/td>\n<td>1<\/td>\n<\/tr>\n<tr>\n<td>Resistencia a la temperatura<\/td>\n<td>Wet: 140\u00b0F (60\u00b0C); Dry: 300\u00b0F (149\u00b0C)<\/td>\n<\/tr>\n<tr>\n<td>Resistencia a la tracci\u00f3n<\/td>\n<td>4,210 psi (29 MPa)<\/td>\n<\/tr>\n<\/tbody>\n<\/table>\n<p>[\/vc_column_text][vc_column_text woodmart_inline=\u00bbno\u00bb text_larger=\u00bbno\u00bb]<strong class=\"subtitulo_prod\">Propiedades sin Curar<\/strong><\/p>\n<table class=\"table\">\n<thead><\/thead>\n<tbody>\n<tr>\n<td>Color<\/td>\n<td>Gris<\/td>\n<\/tr>\n<tr>\n<td>Cobertura (1\/4&#8243; \/ 6,35 mm)<\/td>\n<td>50 in2\/lb (711 cm2\/Kg)<\/td>\n<\/tr>\n<tr>\n<td>Cura completa<\/td>\n<td>16 hr.<\/td>\n<\/tr>\n<tr>\n<td>Curado funcional<\/td>\n<td>3 hr.<\/td>\n<\/tr>\n<tr>\n<td>Relaci\u00f3n de mezcla por volumen<\/td>\n<td>2:1<\/td>\n<\/tr>\n<tr>\n<td>Relaci\u00f3n de mezcla por peso<\/td>\n<td>2:1<\/td>\n<\/tr>\n<tr>\n<td>Viscosidad mixta<\/td>\n<td>Masilla que no escurre<\/td>\n<\/tr>\n<tr>\n<td>Tiempo de aplicaci\u00f3n @ 75\u00b0F (24\u00b0C)<\/td>\n<td>30 min.<\/td>\n<\/tr>\n<tr>\n<td>Tiempo de repintado<\/td>\n<td>4-6 hrs.<\/td>\n<\/tr>\n<tr>\n<td>Peso espec\u00edfico<\/td>\n<td>18.4 lb\/Gal (2.20 g\/cm3)<\/td>\n<\/tr>\n<tr>\n<td>Volumen<\/td>\n<td>12.9 in3\/lb (0.466 cm3\/g)<\/td>\n<\/tr>\n<\/tbody>\n<\/table>\n<p>[\/vc_column_text][\/vc_column]<\/p>\n<\/div>","protected":false},"excerpt":{"rendered":"<p><strong>Devcon Wear Guard High Load 11490<\/strong> es un Wearing Compound de Alta Carga relleno de perlas de cer\u00e1mica con alto contenido de al\u00famina dise\u00f1ado para proteger contra el impacto, desgaste, cavitaci\u00f3n y abrasi\u00f3n a equipos de procesamiento, con una sobresaliente resistencia para condiciones de servicio severo, con part\u00edcula mayor que 1\/8\u201d (3mm.).<\/p>\n","protected":false},"featured_media":5931,"template":"","meta":[],"product_brand":[233],"product_cat":[206,221],"product_tag":[1353,1246,1270],"class_list":{"0":"post-2335","1":"product","2":"type-product","3":"status-publish","4":"has-post-thumbnail","6":"product_brand-devcon","7":"product_cat-devcon-productos","8":"product_cat-wearing-compound","9":"product_tag-alta-carga","10":"product_tag-anti-abrasivo","11":"product_tag-wearing-compound","13":"first","14":"instock","15":"shipping-taxable","16":"purchasable","17":"product-type-simple"},"yoast_head":"<!-- This site is optimized with the Yoast SEO plugin v26.9 - https:\/\/yoast.com\/product\/yoast-seo-wordpress\/ -->\n<title>Devcon Wear Guard High Load 11490 - Wearing de Alta Carga<\/title>\n<meta name=\"description\" content=\"Devcon Wear Guard High Load Wearing Compound de Alta Carga dise\u00f1ado para proteger contra el impacto, desgaste, cavitaci\u00f3n y abrasi\u00f3n.\" \/>\n<meta name=\"robots\" content=\"index, follow, max-snippet:-1, max-image-preview:large, max-video-preview:-1\" \/>\n<link rel=\"canonical\" href=\"https:\/\/tecnimport.com.pe\/web\/productos\/devcon-productos\/wearing-compound\/devcon-wear-guard-high-load-11490-wearing-de-alta-carga\/\" \/>\n<meta property=\"og:locale\" content=\"es_ES\" \/>\n<meta property=\"og:type\" content=\"article\" \/>\n<meta property=\"og:title\" content=\"Devcon Wear Guard High Load 11490 - Wearing de Alta Carga\" \/>\n<meta property=\"og:description\" content=\"Devcon Wear Guard High Load Wearing Compound de Alta Carga dise\u00f1ado para proteger contra el impacto, desgaste, cavitaci\u00f3n y abrasi\u00f3n.\" \/>\n<meta property=\"og:url\" content=\"https:\/\/tecnimport.com.pe\/web\/productos\/devcon-productos\/wearing-compound\/devcon-wear-guard-high-load-11490-wearing-de-alta-carga\/\" \/>\n<meta property=\"og:site_name\" content=\"TECNIMPORT S.A.\" \/>\n<meta property=\"article:modified_time\" content=\"2025-05-20T21:28:11+00:00\" \/>\n<meta property=\"og:image\" content=\"https:\/\/tecnimport.com.pe\/web\/wp-content\/uploads\/2024\/03\/DEVCON-11490-WEAR-GUARD-HIGH-LOAD-WEARING-COMPOUND_.gif\" \/>\n\t<meta property=\"og:image:width\" content=\"1000\" \/>\n\t<meta property=\"og:image:height\" content=\"1000\" \/>\n\t<meta property=\"og:image:type\" content=\"image\/gif\" \/>\n<meta name=\"twitter:card\" content=\"summary_large_image\" \/>\n<meta name=\"twitter:label1\" content=\"Precio\" \/>\n\t<meta name=\"twitter:data1\" content=\"&#036;1.00\" \/>\n\t<meta name=\"twitter:label2\" content=\"Disponibilidad\" \/>\n\t<meta name=\"twitter:data2\" content=\"Disponible\" \/>\n<script type=\"application\/ld+json\" class=\"yoast-schema-graph\">{\"@context\":\"https:\/\/schema.org\",\"@graph\":[{\"@type\":\"WebPage\",\"@id\":\"https:\/\/tecnimport.com.pe\/web\/productos\/devcon-productos\/wearing-compound\/devcon-wear-guard-high-load-11490-wearing-de-alta-carga\/\",\"url\":\"https:\/\/tecnimport.com.pe\/web\/productos\/devcon-productos\/wearing-compound\/devcon-wear-guard-high-load-11490-wearing-de-alta-carga\/\",\"name\":\"Devcon Wear Guard High Load 11490 - Wearing de Alta Carga\",\"isPartOf\":{\"@id\":\"https:\/\/tecnimport.com.pe\/web\/#website\"},\"primaryImageOfPage\":{\"@id\":\"https:\/\/tecnimport.com.pe\/web\/productos\/devcon-productos\/wearing-compound\/devcon-wear-guard-high-load-11490-wearing-de-alta-carga\/#primaryimage\"},\"image\":{\"@id\":\"https:\/\/tecnimport.com.pe\/web\/productos\/devcon-productos\/wearing-compound\/devcon-wear-guard-high-load-11490-wearing-de-alta-carga\/#primaryimage\"},\"thumbnailUrl\":\"https:\/\/tecnimport.com.pe\/web\/wp-content\/uploads\/2024\/03\/DEVCON-11490-WEAR-GUARD-HIGH-LOAD-WEARING-COMPOUND_.gif\",\"datePublished\":\"2016-04-27T20:02:55+00:00\",\"dateModified\":\"2025-05-20T21:28:11+00:00\",\"description\":\"Devcon Wear Guard High Load Wearing Compound de Alta Carga dise\u00f1ado para proteger contra el impacto, desgaste, cavitaci\u00f3n y abrasi\u00f3n.\",\"breadcrumb\":{\"@id\":\"https:\/\/tecnimport.com.pe\/web\/productos\/devcon-productos\/wearing-compound\/devcon-wear-guard-high-load-11490-wearing-de-alta-carga\/#breadcrumb\"},\"inLanguage\":\"es\",\"potentialAction\":[{\"@type\":\"ReadAction\",\"target\":[\"https:\/\/tecnimport.com.pe\/web\/productos\/devcon-productos\/wearing-compound\/devcon-wear-guard-high-load-11490-wearing-de-alta-carga\/\"]}]},{\"@type\":\"ImageObject\",\"inLanguage\":\"es\",\"@id\":\"https:\/\/tecnimport.com.pe\/web\/productos\/devcon-productos\/wearing-compound\/devcon-wear-guard-high-load-11490-wearing-de-alta-carga\/#primaryimage\",\"url\":\"https:\/\/tecnimport.com.pe\/web\/wp-content\/uploads\/2024\/03\/DEVCON-11490-WEAR-GUARD-HIGH-LOAD-WEARING-COMPOUND_.gif\",\"contentUrl\":\"https:\/\/tecnimport.com.pe\/web\/wp-content\/uploads\/2024\/03\/DEVCON-11490-WEAR-GUARD-HIGH-LOAD-WEARING-COMPOUND_.gif\",\"width\":1000,\"height\":1000,\"caption\":\"DEVCON-WEAR-GUARD-HIGH-LOAD-WEARING-COMPOUND ALTA CARGA - N PARTE 11490\"},{\"@type\":\"BreadcrumbList\",\"@id\":\"https:\/\/tecnimport.com.pe\/web\/productos\/devcon-productos\/wearing-compound\/devcon-wear-guard-high-load-11490-wearing-de-alta-carga\/#breadcrumb\",\"itemListElement\":[{\"@type\":\"ListItem\",\"position\":1,\"name\":\"Portada\",\"item\":\"https:\/\/tecnimport.com.pe\/web\/\"},{\"@type\":\"ListItem\",\"position\":2,\"name\":\"Productos\",\"item\":\"https:\/\/tecnimport.com.pe\/web\/productos-navigation\/\"},{\"@type\":\"ListItem\",\"position\":3,\"name\":\"Devcon Wear Guard High Load 11490\"}]},{\"@type\":\"WebSite\",\"@id\":\"https:\/\/tecnimport.com.pe\/web\/#website\",\"url\":\"https:\/\/tecnimport.com.pe\/web\/\",\"name\":\"TECNIMPORT S.A.\",\"description\":\"Representante de Devcon, LPS, Rocol y Procyon en el Per\u00fa\",\"publisher\":{\"@id\":\"https:\/\/tecnimport.com.pe\/web\/#organization\"},\"potentialAction\":[{\"@type\":\"SearchAction\",\"target\":{\"@type\":\"EntryPoint\",\"urlTemplate\":\"https:\/\/tecnimport.com.pe\/web\/?s={search_term_string}\"},\"query-input\":{\"@type\":\"PropertyValueSpecification\",\"valueRequired\":true,\"valueName\":\"search_term_string\"}}],\"inLanguage\":\"es\"},{\"@type\":\"Organization\",\"@id\":\"https:\/\/tecnimport.com.pe\/web\/#organization\",\"name\":\"Tecnimport S.A\",\"url\":\"https:\/\/tecnimport.com.pe\/web\/\",\"logo\":{\"@type\":\"ImageObject\",\"inLanguage\":\"es\",\"@id\":\"https:\/\/tecnimport.com.pe\/web\/#\/schema\/logo\/image\/\",\"url\":\"https:\/\/tecnimport.com.pe\/web\/wp-content\/uploads\/2020\/03\/logo_tecnimport.png\",\"contentUrl\":\"https:\/\/tecnimport.com.pe\/web\/wp-content\/uploads\/2020\/03\/logo_tecnimport.png\",\"width\":367,\"height\":49,\"caption\":\"Tecnimport S.A\"},\"image\":{\"@id\":\"https:\/\/tecnimport.com.pe\/web\/#\/schema\/logo\/image\/\"}}]}<\/script>\n<meta property=\"product:price:amount\" content=\"1.00\" \/>\n<meta property=\"product:price:currency\" content=\"USD\" \/>\n<meta property=\"og:availability\" content=\"instock\" \/>\n<meta property=\"product:availability\" content=\"instock\" \/>\n<meta property=\"product:retailer_item_id\" content=\"11490\" \/>\n<meta property=\"product:condition\" content=\"new\" \/>\n<!-- \/ Yoast SEO plugin. -->","yoast_head_json":{"title":"Devcon Wear Guard High Load 11490 - Wearing de Alta Carga","description":"Devcon Wear Guard High Load Wearing Compound de Alta Carga dise\u00f1ado para proteger contra el impacto, desgaste, cavitaci\u00f3n y abrasi\u00f3n.","robots":{"index":"index","follow":"follow","max-snippet":"max-snippet:-1","max-image-preview":"max-image-preview:large","max-video-preview":"max-video-preview:-1"},"canonical":"https:\/\/tecnimport.com.pe\/web\/productos\/devcon-productos\/wearing-compound\/devcon-wear-guard-high-load-11490-wearing-de-alta-carga\/","og_locale":"es_ES","og_type":"article","og_title":"Devcon Wear Guard High Load 11490 - Wearing de Alta Carga","og_description":"Devcon Wear Guard High Load Wearing Compound de Alta Carga dise\u00f1ado para proteger contra el impacto, desgaste, cavitaci\u00f3n y abrasi\u00f3n.","og_url":"https:\/\/tecnimport.com.pe\/web\/productos\/devcon-productos\/wearing-compound\/devcon-wear-guard-high-load-11490-wearing-de-alta-carga\/","og_site_name":"TECNIMPORT S.A.","article_modified_time":"2025-05-20T21:28:11+00:00","og_image":[{"width":1000,"height":1000,"url":"https:\/\/tecnimport.com.pe\/web\/wp-content\/uploads\/2024\/03\/DEVCON-11490-WEAR-GUARD-HIGH-LOAD-WEARING-COMPOUND_.gif","type":"image\/gif"}],"twitter_card":"summary_large_image","twitter_misc":{"Precio":"&#36;1.00","Disponibilidad":"Disponible"},"schema":{"@context":"https:\/\/schema.org","@graph":[{"@type":"WebPage","@id":"https:\/\/tecnimport.com.pe\/web\/productos\/devcon-productos\/wearing-compound\/devcon-wear-guard-high-load-11490-wearing-de-alta-carga\/","url":"https:\/\/tecnimport.com.pe\/web\/productos\/devcon-productos\/wearing-compound\/devcon-wear-guard-high-load-11490-wearing-de-alta-carga\/","name":"Devcon Wear Guard High Load 11490 - Wearing de Alta Carga","isPartOf":{"@id":"https:\/\/tecnimport.com.pe\/web\/#website"},"primaryImageOfPage":{"@id":"https:\/\/tecnimport.com.pe\/web\/productos\/devcon-productos\/wearing-compound\/devcon-wear-guard-high-load-11490-wearing-de-alta-carga\/#primaryimage"},"image":{"@id":"https:\/\/tecnimport.com.pe\/web\/productos\/devcon-productos\/wearing-compound\/devcon-wear-guard-high-load-11490-wearing-de-alta-carga\/#primaryimage"},"thumbnailUrl":"https:\/\/tecnimport.com.pe\/web\/wp-content\/uploads\/2024\/03\/DEVCON-11490-WEAR-GUARD-HIGH-LOAD-WEARING-COMPOUND_.gif","datePublished":"2016-04-27T20:02:55+00:00","dateModified":"2025-05-20T21:28:11+00:00","description":"Devcon Wear Guard High Load Wearing Compound de Alta Carga dise\u00f1ado para proteger contra el impacto, desgaste, cavitaci\u00f3n y abrasi\u00f3n.","breadcrumb":{"@id":"https:\/\/tecnimport.com.pe\/web\/productos\/devcon-productos\/wearing-compound\/devcon-wear-guard-high-load-11490-wearing-de-alta-carga\/#breadcrumb"},"inLanguage":"es","potentialAction":[{"@type":"ReadAction","target":["https:\/\/tecnimport.com.pe\/web\/productos\/devcon-productos\/wearing-compound\/devcon-wear-guard-high-load-11490-wearing-de-alta-carga\/"]}]},{"@type":"ImageObject","inLanguage":"es","@id":"https:\/\/tecnimport.com.pe\/web\/productos\/devcon-productos\/wearing-compound\/devcon-wear-guard-high-load-11490-wearing-de-alta-carga\/#primaryimage","url":"https:\/\/tecnimport.com.pe\/web\/wp-content\/uploads\/2024\/03\/DEVCON-11490-WEAR-GUARD-HIGH-LOAD-WEARING-COMPOUND_.gif","contentUrl":"https:\/\/tecnimport.com.pe\/web\/wp-content\/uploads\/2024\/03\/DEVCON-11490-WEAR-GUARD-HIGH-LOAD-WEARING-COMPOUND_.gif","width":1000,"height":1000,"caption":"DEVCON-WEAR-GUARD-HIGH-LOAD-WEARING-COMPOUND ALTA CARGA - N PARTE 11490"},{"@type":"BreadcrumbList","@id":"https:\/\/tecnimport.com.pe\/web\/productos\/devcon-productos\/wearing-compound\/devcon-wear-guard-high-load-11490-wearing-de-alta-carga\/#breadcrumb","itemListElement":[{"@type":"ListItem","position":1,"name":"Portada","item":"https:\/\/tecnimport.com.pe\/web\/"},{"@type":"ListItem","position":2,"name":"Productos","item":"https:\/\/tecnimport.com.pe\/web\/productos-navigation\/"},{"@type":"ListItem","position":3,"name":"Devcon Wear Guard High Load 11490"}]},{"@type":"WebSite","@id":"https:\/\/tecnimport.com.pe\/web\/#website","url":"https:\/\/tecnimport.com.pe\/web\/","name":"TECNIMPORT S.A.","description":"Representante de Devcon, LPS, Rocol y Procyon en el Per\u00fa","publisher":{"@id":"https:\/\/tecnimport.com.pe\/web\/#organization"},"potentialAction":[{"@type":"SearchAction","target":{"@type":"EntryPoint","urlTemplate":"https:\/\/tecnimport.com.pe\/web\/?s={search_term_string}"},"query-input":{"@type":"PropertyValueSpecification","valueRequired":true,"valueName":"search_term_string"}}],"inLanguage":"es"},{"@type":"Organization","@id":"https:\/\/tecnimport.com.pe\/web\/#organization","name":"Tecnimport S.A","url":"https:\/\/tecnimport.com.pe\/web\/","logo":{"@type":"ImageObject","inLanguage":"es","@id":"https:\/\/tecnimport.com.pe\/web\/#\/schema\/logo\/image\/","url":"https:\/\/tecnimport.com.pe\/web\/wp-content\/uploads\/2020\/03\/logo_tecnimport.png","contentUrl":"https:\/\/tecnimport.com.pe\/web\/wp-content\/uploads\/2020\/03\/logo_tecnimport.png","width":367,"height":49,"caption":"Tecnimport S.A"},"image":{"@id":"https:\/\/tecnimport.com.pe\/web\/#\/schema\/logo\/image\/"}}]},"product_price_amount":"1.00","product_price_currency":"USD","og_availability":"instock","product_availability":"instock","product_retailer_item_id":"11490","product_condition":"new"},"_links":{"self":[{"href":"https:\/\/tecnimport.com.pe\/web\/wp-json\/wp\/v2\/product\/2335","targetHints":{"allow":["GET"]}}],"collection":[{"href":"https:\/\/tecnimport.com.pe\/web\/wp-json\/wp\/v2\/product"}],"about":[{"href":"https:\/\/tecnimport.com.pe\/web\/wp-json\/wp\/v2\/types\/product"}],"wp:featuredmedia":[{"embeddable":true,"href":"https:\/\/tecnimport.com.pe\/web\/wp-json\/wp\/v2\/media\/5931"}],"wp:attachment":[{"href":"https:\/\/tecnimport.com.pe\/web\/wp-json\/wp\/v2\/media?parent=2335"}],"wp:term":[{"taxonomy":"product_brand","embeddable":true,"href":"https:\/\/tecnimport.com.pe\/web\/wp-json\/wp\/v2\/product_brand?post=2335"},{"taxonomy":"product_cat","embeddable":true,"href":"https:\/\/tecnimport.com.pe\/web\/wp-json\/wp\/v2\/product_cat?post=2335"},{"taxonomy":"product_tag","embeddable":true,"href":"https:\/\/tecnimport.com.pe\/web\/wp-json\/wp\/v2\/product_tag?post=2335"}],"curies":[{"name":"wp","href":"https:\/\/api.w.org\/{rel}","templated":true}]}}