{"id":2321,"date":"2016-04-27T14:35:40","date_gmt":"2016-04-27T19:35:40","guid":{"rendered":"http:\/\/tecnimport.com.pe\/web\/?post_type=product&#038;p=2321"},"modified":"2021-02-03T12:03:38","modified_gmt":"2021-02-03T17:03:38","slug":"dfense-blok-surface-wetting-agent-swa-compuestos-antiabrasivos-resistente-a-golpes-e-impactos-2","status":"publish","type":"product","link":"https:\/\/tecnimport.com.pe\/web\/productos\/devcon-productos\/wearing-compound\/dfense-blok-surface-wetting-agent-swa-compuestos-antiabrasivos-resistente-a-golpes-e-impactos-2\/","title":{"rendered":"Devcon 11340 Dfense Blok Surface Wetting Agent (SWA) | Mejora la Adhesi\u00f3n"},"content":{"rendered":"<h3>DEVCON DFENSE BLOK SURFACE WETTING AGENT (SWA)<\/h3>\n<table border=\"0\">\n<tbody>\n<tr>\n<td><\/td>\n<td>TAMA\u00d1O DE ENVASE<\/td>\n<td><\/td>\n<td align=\"left\" valign=\"middle\">11340\/1 lb<\/td>\n<\/tr>\n<tr>\n<td><\/td>\n<td>PROPORCI\u00d3N DE MEZCLA POR VOL\u00daMEN<\/td>\n<td><\/td>\n<td align=\"left\" valign=\"middle\">2:1<\/td>\n<\/tr>\n<tr>\n<td><\/td>\n<td>POT LIFE A 24\u00baC<\/td>\n<td><\/td>\n<td align=\"left\" valign=\"middle\">15 min<\/td>\n<\/tr>\n<tr>\n<td><\/td>\n<td>TEMPERATURA M\u00c1XIMA DE TRABAJO \u00baC<\/td>\n<td><\/td>\n<td align=\"left\" valign=\"middle\">150<\/td>\n<\/tr>\n<tr>\n<td><\/td>\n<td>RESISTENCIA\u00a0COMPRESIVA\u00a0(ASTM D695) psi<\/td>\n<td><\/td>\n<td align=\"left\" valign=\"middle\">5,032<\/td>\n<\/tr>\n<tr>\n<td><\/td>\n<td>DUREZA\u00a0SHORE D\u00a0(ASTM D2240)<\/td>\n<td><\/td>\n<td align=\"left\" valign=\"middle\">71<\/td>\n<\/tr>\n<tr>\n<td><\/td>\n<td>COLOR<\/td>\n<td><\/td>\n<td align=\"left\" valign=\"middle\">Naranja<\/td>\n<\/tr>\n<\/tbody>\n<\/table>\n<p>&nbsp;<\/p>\n","protected":false},"excerpt":{"rendered":"<h2><strong>Dfense Blok Surface Wetting Agent (SWA)<\/strong><\/h2>\n<h3><strong>Compuesto Antiabrasivo Resistente a Golpes e Impactos<\/strong><\/h3>\n<p><strong>Dfense Blok Surface Wetting Agent (SWA) | Devcon 11340<\/strong> Es un agente humectante &#8211; Gel tixotr\u00f3pico ep\u00f3xico que facilita la aplicaci\u00f3n, curado y mejora las propiedades de adhesi\u00f3n de los productos DFense Blok&#x2122; y Wear Guard&#x2122;.<\/p>\n<p><strong class=\"sub_titulo\">Caracter\u00edsticas<\/strong><\/p>\n<ul>\n<li>Cero tiempo de espera antes de aplicar DFense Blok&#x2122;.<\/li>\n<li>Permite uana excelente adhesi\u00f3n a superficies elevadas.<\/li>\n<li>Reemplaza el uso de metal despegado o mallas electro soldadas.<\/li>\n<li>De color naranja para f\u00e1cil inspecci\u00f3n visual.<\/li>\n<\/ul>\n<p><strong class=\"sub_titulo\">Presentaci\u00f3n<\/strong><\/p>\n<table style=\"height: 132px;\" width=\"245\">\n<tbody>\n<tr>\n<td><strong>N\u00ba de Parte<\/strong><\/td>\n<td><strong>Capacidad<\/strong><\/td>\n<\/tr>\n<tr>\n<td>11340<\/td>\n<td>Envase x 1 lb<\/td>\n<\/tr>\n<\/tbody>\n<\/table>\n<p><a class=\"btn ft\" href=\"https:\/\/tecnimport.com.pe\/web\/wp-content\/uploads\/2021\/02\/DEVCON-11340-DFENSE-BLOCK-SURFACE-WETTING-AGENT-FT.pdf\" target=\"_blank\" rel=\"noopener noreferrer\">Ficha T\u00e9cnica<\/a><\/p>\n","protected":false},"featured_media":3721,"template":"","meta":[],"product_brand":[233],"product_cat":[206,221],"product_tag":[],"class_list":{"0":"post-2321","1":"product","2":"type-product","3":"status-publish","4":"has-post-thumbnail","6":"product_brand-devcon","7":"product_cat-devcon-productos","8":"product_cat-wearing-compound","10":"first","11":"instock","12":"shipping-taxable","13":"product-type-simple"},"yoast_head":"<!-- This site is optimized with the Yoast SEO plugin v26.9 - https:\/\/yoast.com\/product\/yoast-seo-wordpress\/ -->\n<title>Devcon 11340 Dfense Blok Surface Wetting Agent (SWA) | Mejora la Adhesi\u00f3n - TECNIMPORT S.A.<\/title>\n<meta name=\"robots\" content=\"index, follow, max-snippet:-1, max-image-preview:large, max-video-preview:-1\" \/>\n<link rel=\"canonical\" href=\"https:\/\/tecnimport.com.pe\/web\/productos\/devcon-productos\/wearing-compound\/dfense-blok-surface-wetting-agent-swa-compuestos-antiabrasivos-resistente-a-golpes-e-impactos-2\/\" \/>\n<meta property=\"og:locale\" content=\"es_ES\" \/>\n<meta property=\"og:type\" content=\"article\" \/>\n<meta property=\"og:title\" content=\"Devcon 11340 Dfense Blok Surface Wetting Agent (SWA) | Mejora la Adhesi\u00f3n - TECNIMPORT S.A.\" \/>\n<meta property=\"og:description\" content=\"Dfense Blok Surface Wetting Agent (SWA) Compuesto Antiabrasivo Resistente a Golpes e Impactos Dfense Blok Surface Wetting Agent (SWA) | Devcon 11340 Es un agente humectante - Gel tixotr\u00f3pico ep\u00f3xico que facilita la aplicaci\u00f3n, curado y mejora las propiedades de adhesi\u00f3n de los productos DFense Blok&#x2122; y Wear Guard&#x2122;.  Caracter\u00edsticas   Cero tiempo de espera antes de aplicar DFense Blok&#x2122;.  Permite uana excelente adhesi\u00f3n a superficies elevadas.  Reemplaza el uso de metal despegado o mallas electro soldadas.  De color naranja para f\u00e1cil inspecci\u00f3n visual.  Presentaci\u00f3n    N\u00ba de Parte Capacidad   11340 Envase x 1 lb    Ficha T\u00e9cnica\" \/>\n<meta property=\"og:url\" content=\"https:\/\/tecnimport.com.pe\/web\/productos\/devcon-productos\/wearing-compound\/dfense-blok-surface-wetting-agent-swa-compuestos-antiabrasivos-resistente-a-golpes-e-impactos-2\/\" \/>\n<meta property=\"og:site_name\" content=\"TECNIMPORT S.A.\" \/>\n<meta property=\"article:modified_time\" content=\"2021-02-03T17:03:38+00:00\" \/>\n<meta property=\"og:image\" content=\"https:\/\/tecnimport.com.pe\/web\/wp-content\/uploads\/2016\/04\/DEVCON-11340-DFENSE-BLOCK-SURFACE-WETTING-AGENT.gif\" \/>\n\t<meta property=\"og:image:width\" content=\"1000\" \/>\n\t<meta property=\"og:image:height\" content=\"1000\" \/>\n\t<meta property=\"og:image:type\" content=\"image\/gif\" \/>\n<meta name=\"twitter:card\" content=\"summary_large_image\" \/>\n<meta name=\"twitter:label1\" content=\"Precio\" \/>\n\t<meta name=\"twitter:data1\" content=\"\" \/>\n\t<meta name=\"twitter:label2\" content=\"Disponibilidad\" \/>\n\t<meta name=\"twitter:data2\" content=\"Disponible\" \/>\n<script type=\"application\/ld+json\" class=\"yoast-schema-graph\">{\"@context\":\"https:\/\/schema.org\",\"@graph\":[{\"@type\":\"WebPage\",\"@id\":\"https:\/\/tecnimport.com.pe\/web\/productos\/devcon-productos\/wearing-compound\/dfense-blok-surface-wetting-agent-swa-compuestos-antiabrasivos-resistente-a-golpes-e-impactos-2\/\",\"url\":\"https:\/\/tecnimport.com.pe\/web\/productos\/devcon-productos\/wearing-compound\/dfense-blok-surface-wetting-agent-swa-compuestos-antiabrasivos-resistente-a-golpes-e-impactos-2\/\",\"name\":\"Devcon 11340 Dfense Blok Surface Wetting Agent (SWA) | Mejora la Adhesi\u00f3n - TECNIMPORT S.A.\",\"isPartOf\":{\"@id\":\"https:\/\/tecnimport.com.pe\/web\/#website\"},\"primaryImageOfPage\":{\"@id\":\"https:\/\/tecnimport.com.pe\/web\/productos\/devcon-productos\/wearing-compound\/dfense-blok-surface-wetting-agent-swa-compuestos-antiabrasivos-resistente-a-golpes-e-impactos-2\/#primaryimage\"},\"image\":{\"@id\":\"https:\/\/tecnimport.com.pe\/web\/productos\/devcon-productos\/wearing-compound\/dfense-blok-surface-wetting-agent-swa-compuestos-antiabrasivos-resistente-a-golpes-e-impactos-2\/#primaryimage\"},\"thumbnailUrl\":\"https:\/\/tecnimport.com.pe\/web\/wp-content\/uploads\/2016\/04\/DEVCON-11340-DFENSE-BLOCK-SURFACE-WETTING-AGENT.gif\",\"datePublished\":\"2016-04-27T19:35:40+00:00\",\"dateModified\":\"2021-02-03T17:03:38+00:00\",\"breadcrumb\":{\"@id\":\"https:\/\/tecnimport.com.pe\/web\/productos\/devcon-productos\/wearing-compound\/dfense-blok-surface-wetting-agent-swa-compuestos-antiabrasivos-resistente-a-golpes-e-impactos-2\/#breadcrumb\"},\"inLanguage\":\"es\",\"potentialAction\":[{\"@type\":\"ReadAction\",\"target\":[\"https:\/\/tecnimport.com.pe\/web\/productos\/devcon-productos\/wearing-compound\/dfense-blok-surface-wetting-agent-swa-compuestos-antiabrasivos-resistente-a-golpes-e-impactos-2\/\"]}]},{\"@type\":\"ImageObject\",\"inLanguage\":\"es\",\"@id\":\"https:\/\/tecnimport.com.pe\/web\/productos\/devcon-productos\/wearing-compound\/dfense-blok-surface-wetting-agent-swa-compuestos-antiabrasivos-resistente-a-golpes-e-impactos-2\/#primaryimage\",\"url\":\"https:\/\/tecnimport.com.pe\/web\/wp-content\/uploads\/2016\/04\/DEVCON-11340-DFENSE-BLOCK-SURFACE-WETTING-AGENT.gif\",\"contentUrl\":\"https:\/\/tecnimport.com.pe\/web\/wp-content\/uploads\/2016\/04\/DEVCON-11340-DFENSE-BLOCK-SURFACE-WETTING-AGENT.gif\",\"width\":1000,\"height\":1000},{\"@type\":\"BreadcrumbList\",\"@id\":\"https:\/\/tecnimport.com.pe\/web\/productos\/devcon-productos\/wearing-compound\/dfense-blok-surface-wetting-agent-swa-compuestos-antiabrasivos-resistente-a-golpes-e-impactos-2\/#breadcrumb\",\"itemListElement\":[{\"@type\":\"ListItem\",\"position\":1,\"name\":\"Portada\",\"item\":\"https:\/\/tecnimport.com.pe\/web\/\"},{\"@type\":\"ListItem\",\"position\":2,\"name\":\"Productos\",\"item\":\"https:\/\/tecnimport.com.pe\/web\/productos-navigation\/\"},{\"@type\":\"ListItem\",\"position\":3,\"name\":\"Devcon 11340 Dfense Blok Surface Wetting Agent (SWA) | Mejora la Adhesi\u00f3n\"}]},{\"@type\":\"WebSite\",\"@id\":\"https:\/\/tecnimport.com.pe\/web\/#website\",\"url\":\"https:\/\/tecnimport.com.pe\/web\/\",\"name\":\"TECNIMPORT S.A.\",\"description\":\"Representante de Devcon, LPS, Rocol y Procyon en el Per\u00fa\",\"publisher\":{\"@id\":\"https:\/\/tecnimport.com.pe\/web\/#organization\"},\"potentialAction\":[{\"@type\":\"SearchAction\",\"target\":{\"@type\":\"EntryPoint\",\"urlTemplate\":\"https:\/\/tecnimport.com.pe\/web\/?s={search_term_string}\"},\"query-input\":{\"@type\":\"PropertyValueSpecification\",\"valueRequired\":true,\"valueName\":\"search_term_string\"}}],\"inLanguage\":\"es\"},{\"@type\":\"Organization\",\"@id\":\"https:\/\/tecnimport.com.pe\/web\/#organization\",\"name\":\"Tecnimport S.A\",\"url\":\"https:\/\/tecnimport.com.pe\/web\/\",\"logo\":{\"@type\":\"ImageObject\",\"inLanguage\":\"es\",\"@id\":\"https:\/\/tecnimport.com.pe\/web\/#\/schema\/logo\/image\/\",\"url\":\"https:\/\/tecnimport.com.pe\/web\/wp-content\/uploads\/2020\/03\/logo_tecnimport.png\",\"contentUrl\":\"https:\/\/tecnimport.com.pe\/web\/wp-content\/uploads\/2020\/03\/logo_tecnimport.png\",\"width\":367,\"height\":49,\"caption\":\"Tecnimport S.A\"},\"image\":{\"@id\":\"https:\/\/tecnimport.com.pe\/web\/#\/schema\/logo\/image\/\"}}]}<\/script>\n<meta property=\"product:price:amount\" content=\"0.00\" \/>\n<meta property=\"product:price:currency\" content=\"USD\" \/>\n<meta property=\"og:availability\" content=\"instock\" \/>\n<meta property=\"product:availability\" content=\"instock\" \/>\n<meta property=\"product:condition\" content=\"new\" \/>\n<!-- \/ Yoast SEO plugin. -->","yoast_head_json":{"title":"Devcon 11340 Dfense Blok Surface Wetting Agent (SWA) | Mejora la Adhesi\u00f3n - TECNIMPORT S.A.","robots":{"index":"index","follow":"follow","max-snippet":"max-snippet:-1","max-image-preview":"max-image-preview:large","max-video-preview":"max-video-preview:-1"},"canonical":"https:\/\/tecnimport.com.pe\/web\/productos\/devcon-productos\/wearing-compound\/dfense-blok-surface-wetting-agent-swa-compuestos-antiabrasivos-resistente-a-golpes-e-impactos-2\/","og_locale":"es_ES","og_type":"article","og_title":"Devcon 11340 Dfense Blok Surface Wetting Agent (SWA) | Mejora la Adhesi\u00f3n - TECNIMPORT S.A.","og_description":"Dfense Blok Surface Wetting Agent (SWA) Compuesto Antiabrasivo Resistente a Golpes e Impactos Dfense Blok Surface Wetting Agent (SWA) | Devcon 11340 Es un agente humectante - Gel tixotr\u00f3pico ep\u00f3xico que facilita la aplicaci\u00f3n, curado y mejora las propiedades de adhesi\u00f3n de los productos DFense Blok&#x2122; y Wear Guard&#x2122;.  Caracter\u00edsticas   Cero tiempo de espera antes de aplicar DFense Blok&#x2122;.  Permite uana excelente adhesi\u00f3n a superficies elevadas.  Reemplaza el uso de metal despegado o mallas electro soldadas.  De color naranja para f\u00e1cil inspecci\u00f3n visual.  Presentaci\u00f3n    N\u00ba de Parte Capacidad   11340 Envase x 1 lb    Ficha T\u00e9cnica","og_url":"https:\/\/tecnimport.com.pe\/web\/productos\/devcon-productos\/wearing-compound\/dfense-blok-surface-wetting-agent-swa-compuestos-antiabrasivos-resistente-a-golpes-e-impactos-2\/","og_site_name":"TECNIMPORT S.A.","article_modified_time":"2021-02-03T17:03:38+00:00","og_image":[{"width":1000,"height":1000,"url":"https:\/\/tecnimport.com.pe\/web\/wp-content\/uploads\/2016\/04\/DEVCON-11340-DFENSE-BLOCK-SURFACE-WETTING-AGENT.gif","type":"image\/gif"}],"twitter_card":"summary_large_image","twitter_misc":{"Precio":"","Disponibilidad":"Disponible"},"schema":{"@context":"https:\/\/schema.org","@graph":[{"@type":"WebPage","@id":"https:\/\/tecnimport.com.pe\/web\/productos\/devcon-productos\/wearing-compound\/dfense-blok-surface-wetting-agent-swa-compuestos-antiabrasivos-resistente-a-golpes-e-impactos-2\/","url":"https:\/\/tecnimport.com.pe\/web\/productos\/devcon-productos\/wearing-compound\/dfense-blok-surface-wetting-agent-swa-compuestos-antiabrasivos-resistente-a-golpes-e-impactos-2\/","name":"Devcon 11340 Dfense Blok Surface Wetting Agent (SWA) | Mejora la Adhesi\u00f3n - TECNIMPORT S.A.","isPartOf":{"@id":"https:\/\/tecnimport.com.pe\/web\/#website"},"primaryImageOfPage":{"@id":"https:\/\/tecnimport.com.pe\/web\/productos\/devcon-productos\/wearing-compound\/dfense-blok-surface-wetting-agent-swa-compuestos-antiabrasivos-resistente-a-golpes-e-impactos-2\/#primaryimage"},"image":{"@id":"https:\/\/tecnimport.com.pe\/web\/productos\/devcon-productos\/wearing-compound\/dfense-blok-surface-wetting-agent-swa-compuestos-antiabrasivos-resistente-a-golpes-e-impactos-2\/#primaryimage"},"thumbnailUrl":"https:\/\/tecnimport.com.pe\/web\/wp-content\/uploads\/2016\/04\/DEVCON-11340-DFENSE-BLOCK-SURFACE-WETTING-AGENT.gif","datePublished":"2016-04-27T19:35:40+00:00","dateModified":"2021-02-03T17:03:38+00:00","breadcrumb":{"@id":"https:\/\/tecnimport.com.pe\/web\/productos\/devcon-productos\/wearing-compound\/dfense-blok-surface-wetting-agent-swa-compuestos-antiabrasivos-resistente-a-golpes-e-impactos-2\/#breadcrumb"},"inLanguage":"es","potentialAction":[{"@type":"ReadAction","target":["https:\/\/tecnimport.com.pe\/web\/productos\/devcon-productos\/wearing-compound\/dfense-blok-surface-wetting-agent-swa-compuestos-antiabrasivos-resistente-a-golpes-e-impactos-2\/"]}]},{"@type":"ImageObject","inLanguage":"es","@id":"https:\/\/tecnimport.com.pe\/web\/productos\/devcon-productos\/wearing-compound\/dfense-blok-surface-wetting-agent-swa-compuestos-antiabrasivos-resistente-a-golpes-e-impactos-2\/#primaryimage","url":"https:\/\/tecnimport.com.pe\/web\/wp-content\/uploads\/2016\/04\/DEVCON-11340-DFENSE-BLOCK-SURFACE-WETTING-AGENT.gif","contentUrl":"https:\/\/tecnimport.com.pe\/web\/wp-content\/uploads\/2016\/04\/DEVCON-11340-DFENSE-BLOCK-SURFACE-WETTING-AGENT.gif","width":1000,"height":1000},{"@type":"BreadcrumbList","@id":"https:\/\/tecnimport.com.pe\/web\/productos\/devcon-productos\/wearing-compound\/dfense-blok-surface-wetting-agent-swa-compuestos-antiabrasivos-resistente-a-golpes-e-impactos-2\/#breadcrumb","itemListElement":[{"@type":"ListItem","position":1,"name":"Portada","item":"https:\/\/tecnimport.com.pe\/web\/"},{"@type":"ListItem","position":2,"name":"Productos","item":"https:\/\/tecnimport.com.pe\/web\/productos-navigation\/"},{"@type":"ListItem","position":3,"name":"Devcon 11340 Dfense Blok Surface Wetting Agent (SWA) | Mejora la Adhesi\u00f3n"}]},{"@type":"WebSite","@id":"https:\/\/tecnimport.com.pe\/web\/#website","url":"https:\/\/tecnimport.com.pe\/web\/","name":"TECNIMPORT S.A.","description":"Representante de Devcon, LPS, Rocol y Procyon en el Per\u00fa","publisher":{"@id":"https:\/\/tecnimport.com.pe\/web\/#organization"},"potentialAction":[{"@type":"SearchAction","target":{"@type":"EntryPoint","urlTemplate":"https:\/\/tecnimport.com.pe\/web\/?s={search_term_string}"},"query-input":{"@type":"PropertyValueSpecification","valueRequired":true,"valueName":"search_term_string"}}],"inLanguage":"es"},{"@type":"Organization","@id":"https:\/\/tecnimport.com.pe\/web\/#organization","name":"Tecnimport S.A","url":"https:\/\/tecnimport.com.pe\/web\/","logo":{"@type":"ImageObject","inLanguage":"es","@id":"https:\/\/tecnimport.com.pe\/web\/#\/schema\/logo\/image\/","url":"https:\/\/tecnimport.com.pe\/web\/wp-content\/uploads\/2020\/03\/logo_tecnimport.png","contentUrl":"https:\/\/tecnimport.com.pe\/web\/wp-content\/uploads\/2020\/03\/logo_tecnimport.png","width":367,"height":49,"caption":"Tecnimport S.A"},"image":{"@id":"https:\/\/tecnimport.com.pe\/web\/#\/schema\/logo\/image\/"}}]},"product_price_amount":"0.00","product_price_currency":"USD","og_availability":"instock","product_availability":"instock","product_condition":"new"},"_links":{"self":[{"href":"https:\/\/tecnimport.com.pe\/web\/wp-json\/wp\/v2\/product\/2321","targetHints":{"allow":["GET"]}}],"collection":[{"href":"https:\/\/tecnimport.com.pe\/web\/wp-json\/wp\/v2\/product"}],"about":[{"href":"https:\/\/tecnimport.com.pe\/web\/wp-json\/wp\/v2\/types\/product"}],"wp:featuredmedia":[{"embeddable":true,"href":"https:\/\/tecnimport.com.pe\/web\/wp-json\/wp\/v2\/media\/3721"}],"wp:attachment":[{"href":"https:\/\/tecnimport.com.pe\/web\/wp-json\/wp\/v2\/media?parent=2321"}],"wp:term":[{"taxonomy":"product_brand","embeddable":true,"href":"https:\/\/tecnimport.com.pe\/web\/wp-json\/wp\/v2\/product_brand?post=2321"},{"taxonomy":"product_cat","embeddable":true,"href":"https:\/\/tecnimport.com.pe\/web\/wp-json\/wp\/v2\/product_cat?post=2321"},{"taxonomy":"product_tag","embeddable":true,"href":"https:\/\/tecnimport.com.pe\/web\/wp-json\/wp\/v2\/product_tag?post=2321"}],"curies":[{"name":"wp","href":"https:\/\/api.w.org\/{rel}","templated":true}]}}