{"id":2310,"date":"2016-04-27T14:16:07","date_gmt":"2016-04-27T19:16:07","guid":{"rendered":"http:\/\/tecnimport.com.pe\/web\/?post_type=product&#038;p=2310"},"modified":"2021-02-03T12:04:02","modified_gmt":"2021-02-03T17:04:02","slug":"dfense-blok-quick-patch-compuesto-antiabrasivos-resistente-a-golpes-e-impactos","status":"publish","type":"product","link":"https:\/\/tecnimport.com.pe\/web\/productos\/devcon-productos\/dfense-blok-quick-patch-compuesto-antiabrasivos-resistente-a-golpes-e-impactos\/","title":{"rendered":"Devcon 11320 Dfense Blok Quick Patch | Recubrimiento Antiabrasivo"},"content":{"rendered":"<h3>DEVCON DFENSE BLOK QUICK PATCH<\/h3>\n<table border=\"0\">\n<tbody>\n<tr>\n<td><\/td>\n<td>TAMA\u00d1O DE ENVASE<\/td>\n<td><\/td>\n<td align=\"left\" valign=\"middle\">11320\/ 1 lb<\/td>\n<\/tr>\n<tr>\n<td><\/td>\n<td>PROPORCI\u00d3N DE MEZCLA POR VOL\u00daMEN<\/td>\n<td><\/td>\n<td align=\"left\" valign=\"middle\">1:1<\/td>\n<\/tr>\n<tr>\n<td><\/td>\n<td>POT LIFE A 24\u00baC<\/td>\n<td><\/td>\n<td align=\"left\" valign=\"middle\">4 min<\/td>\n<\/tr>\n<tr>\n<td><\/td>\n<td>TEMPERATURA M\u00c1XIMA DE TRABAJO \u00baC<\/td>\n<td><\/td>\n<td align=\"left\" valign=\"middle\">150<\/td>\n<\/tr>\n<tr>\n<td><\/td>\n<td>RESISTENCIA\u00a0COMPRESIVA\u00a0(ASTM D695) psi<\/td>\n<td><\/td>\n<td align=\"left\" valign=\"middle\">6,166<\/td>\n<\/tr>\n<tr>\n<td><\/td>\n<td>DUREZA\u00a0SHORE D\u00a0(ASTM D2240)<\/td>\n<td><\/td>\n<td align=\"left\" valign=\"middle\">84<\/td>\n<\/tr>\n<tr>\n<td><\/td>\n<td>COLOR<\/td>\n<td><\/td>\n<td align=\"left\" valign=\"middle\">Gris<\/td>\n<\/tr>\n<\/tbody>\n<\/table>\n<p>&nbsp;<\/p>\n<p>&nbsp;<\/p>\n","protected":false},"excerpt":{"rendered":"<h2><strong>DEVCON DFENSE BLOK QUICK PATCH<\/strong><\/h2>\n<h3><strong>Compuesto Antiabrasivo Resistente a Golpes e Impactos<\/strong><\/h3>\n<p><strong>DEVCON DFENSE BLOK QUICK PATCH | Devcon 11320 <\/strong> es una compuesto epox\u00edco relleno con cer\u00e1mica y al\u00famina para recubrimiento contra el desgaste y la abrasi\u00f3n que act\u00faa como parche r\u00e1pido. Formulado para reparaciones de emergencia, incluso con condiciones severas.<\/p>\n<p><strong class=\"sub_titulo\">Caracter\u00edsticas<\/strong><\/p>\n<ul>\n<li>Elimina el tiempo de inactividad de los equipos, con un secado excepcional r\u00e1pido.<\/li>\n<li>Tiempo de curado funcional: 30 minutos.<\/li>\n<li>Se aplica incluso en superficies verticales de hasta 1&#8243; y en superficie de techo de hasta 3\/4&#8243;<\/li>\n<li>Repara agujeros, goteras, grietas.<\/li>\n<\/ul>\n<p><strong class=\"sub_titulo\">Presentaci\u00f3n<\/strong><\/p>\n<table style=\"height: 132px;\" width=\"245\">\n<tbody>\n<tr>\n<td><strong>N\u00ba de Parte<\/strong><\/td>\n<td><strong>Capacidad<\/strong><\/td>\n<\/tr>\n<tr>\n<td>11320<\/td>\n<td>Envase x 1 lb<\/td>\n<\/tr>\n<\/tbody>\n<\/table>\n<p><a class=\"btn ft\" href=\"https:\/\/tecnimport.com.pe\/web\/wp-content\/uploads\/2021\/02\/DEVCON-11320-QUICK-PATCH-FT.pdf\" target=\"_blank\" rel=\"noopener noreferrer\">Ficha T\u00e9cnica<\/a><\/p>\n","protected":false},"featured_media":3712,"template":"","meta":[],"product_brand":[233],"product_cat":[206,221,220],"product_tag":[],"class_list":{"0":"post-2310","1":"product","2":"type-product","3":"status-publish","4":"has-post-thumbnail","6":"product_brand-devcon","7":"product_cat-devcon-productos","8":"product_cat-wearing-compound","9":"product_cat-reparaciones-de-emergencia","11":"first","12":"instock","13":"shipping-taxable","14":"product-type-simple"},"yoast_head":"<!-- This site is optimized with the Yoast SEO plugin v26.9 - https:\/\/yoast.com\/product\/yoast-seo-wordpress\/ -->\n<title>Devcon 11320 Dfense Blok Quick Patch | Recubrimiento Antiabrasivo - TECNIMPORT S.A.<\/title>\n<meta name=\"robots\" content=\"index, follow, max-snippet:-1, max-image-preview:large, max-video-preview:-1\" \/>\n<link rel=\"canonical\" href=\"https:\/\/tecnimport.com.pe\/web\/productos\/devcon-productos\/dfense-blok-quick-patch-compuesto-antiabrasivos-resistente-a-golpes-e-impactos\/\" \/>\n<meta property=\"og:locale\" content=\"es_ES\" \/>\n<meta property=\"og:type\" content=\"article\" \/>\n<meta property=\"og:title\" content=\"Devcon 11320 Dfense Blok Quick Patch | Recubrimiento Antiabrasivo - TECNIMPORT S.A.\" \/>\n<meta property=\"og:description\" content=\"DEVCON DFENSE BLOK QUICK PATCH Compuesto Antiabrasivo Resistente a Golpes e Impactos DEVCON DFENSE BLOK QUICK PATCH | Devcon 11320 es una compuesto epox\u00edco relleno con cer\u00e1mica y al\u00famina para recubrimiento contra el desgaste y la abrasi\u00f3n que act\u00faa como parche r\u00e1pido. Formulado para reparaciones de emergencia, incluso con condiciones severas.  Caracter\u00edsticas   Elimina el tiempo de inactividad de los equipos, con un secado excepcional r\u00e1pido.  Tiempo de curado funcional: 30 minutos.  Se aplica incluso en superficies verticales de hasta 1&quot; y en superficie de techo de hasta 3\/4&quot;  Repara agujeros, goteras, grietas.  Presentaci\u00f3n    N\u00ba de Parte Capacidad   11320 Envase x 1 lb    Ficha T\u00e9cnica\" \/>\n<meta property=\"og:url\" content=\"https:\/\/tecnimport.com.pe\/web\/productos\/devcon-productos\/dfense-blok-quick-patch-compuesto-antiabrasivos-resistente-a-golpes-e-impactos\/\" \/>\n<meta property=\"og:site_name\" content=\"TECNIMPORT S.A.\" \/>\n<meta property=\"article:modified_time\" content=\"2021-02-03T17:04:02+00:00\" \/>\n<meta property=\"og:image\" content=\"https:\/\/tecnimport.com.pe\/web\/wp-content\/uploads\/2016\/04\/DEVCON-11320-QUICK-PATCH.gif\" \/>\n\t<meta property=\"og:image:width\" content=\"1000\" \/>\n\t<meta property=\"og:image:height\" content=\"1000\" \/>\n\t<meta property=\"og:image:type\" content=\"image\/gif\" \/>\n<meta name=\"twitter:card\" content=\"summary_large_image\" \/>\n<meta name=\"twitter:label1\" content=\"Precio\" \/>\n\t<meta name=\"twitter:data1\" content=\"\" \/>\n\t<meta name=\"twitter:label2\" content=\"Disponibilidad\" \/>\n\t<meta name=\"twitter:data2\" content=\"Disponible\" \/>\n<script type=\"application\/ld+json\" class=\"yoast-schema-graph\">{\"@context\":\"https:\/\/schema.org\",\"@graph\":[{\"@type\":\"WebPage\",\"@id\":\"https:\/\/tecnimport.com.pe\/web\/productos\/devcon-productos\/dfense-blok-quick-patch-compuesto-antiabrasivos-resistente-a-golpes-e-impactos\/\",\"url\":\"https:\/\/tecnimport.com.pe\/web\/productos\/devcon-productos\/dfense-blok-quick-patch-compuesto-antiabrasivos-resistente-a-golpes-e-impactos\/\",\"name\":\"Devcon 11320 Dfense Blok Quick Patch | Recubrimiento Antiabrasivo - TECNIMPORT S.A.\",\"isPartOf\":{\"@id\":\"https:\/\/tecnimport.com.pe\/web\/#website\"},\"primaryImageOfPage\":{\"@id\":\"https:\/\/tecnimport.com.pe\/web\/productos\/devcon-productos\/dfense-blok-quick-patch-compuesto-antiabrasivos-resistente-a-golpes-e-impactos\/#primaryimage\"},\"image\":{\"@id\":\"https:\/\/tecnimport.com.pe\/web\/productos\/devcon-productos\/dfense-blok-quick-patch-compuesto-antiabrasivos-resistente-a-golpes-e-impactos\/#primaryimage\"},\"thumbnailUrl\":\"https:\/\/tecnimport.com.pe\/web\/wp-content\/uploads\/2016\/04\/DEVCON-11320-QUICK-PATCH.gif\",\"datePublished\":\"2016-04-27T19:16:07+00:00\",\"dateModified\":\"2021-02-03T17:04:02+00:00\",\"breadcrumb\":{\"@id\":\"https:\/\/tecnimport.com.pe\/web\/productos\/devcon-productos\/dfense-blok-quick-patch-compuesto-antiabrasivos-resistente-a-golpes-e-impactos\/#breadcrumb\"},\"inLanguage\":\"es\",\"potentialAction\":[{\"@type\":\"ReadAction\",\"target\":[\"https:\/\/tecnimport.com.pe\/web\/productos\/devcon-productos\/dfense-blok-quick-patch-compuesto-antiabrasivos-resistente-a-golpes-e-impactos\/\"]}]},{\"@type\":\"ImageObject\",\"inLanguage\":\"es\",\"@id\":\"https:\/\/tecnimport.com.pe\/web\/productos\/devcon-productos\/dfense-blok-quick-patch-compuesto-antiabrasivos-resistente-a-golpes-e-impactos\/#primaryimage\",\"url\":\"https:\/\/tecnimport.com.pe\/web\/wp-content\/uploads\/2016\/04\/DEVCON-11320-QUICK-PATCH.gif\",\"contentUrl\":\"https:\/\/tecnimport.com.pe\/web\/wp-content\/uploads\/2016\/04\/DEVCON-11320-QUICK-PATCH.gif\",\"width\":1000,\"height\":1000},{\"@type\":\"BreadcrumbList\",\"@id\":\"https:\/\/tecnimport.com.pe\/web\/productos\/devcon-productos\/dfense-blok-quick-patch-compuesto-antiabrasivos-resistente-a-golpes-e-impactos\/#breadcrumb\",\"itemListElement\":[{\"@type\":\"ListItem\",\"position\":1,\"name\":\"Portada\",\"item\":\"https:\/\/tecnimport.com.pe\/web\/\"},{\"@type\":\"ListItem\",\"position\":2,\"name\":\"Productos\",\"item\":\"https:\/\/tecnimport.com.pe\/web\/productos-navigation\/\"},{\"@type\":\"ListItem\",\"position\":3,\"name\":\"Devcon 11320 Dfense Blok Quick Patch | Recubrimiento Antiabrasivo\"}]},{\"@type\":\"WebSite\",\"@id\":\"https:\/\/tecnimport.com.pe\/web\/#website\",\"url\":\"https:\/\/tecnimport.com.pe\/web\/\",\"name\":\"TECNIMPORT S.A.\",\"description\":\"Representante de Devcon, LPS, Rocol y Procyon en el Per\u00fa\",\"publisher\":{\"@id\":\"https:\/\/tecnimport.com.pe\/web\/#organization\"},\"potentialAction\":[{\"@type\":\"SearchAction\",\"target\":{\"@type\":\"EntryPoint\",\"urlTemplate\":\"https:\/\/tecnimport.com.pe\/web\/?s={search_term_string}\"},\"query-input\":{\"@type\":\"PropertyValueSpecification\",\"valueRequired\":true,\"valueName\":\"search_term_string\"}}],\"inLanguage\":\"es\"},{\"@type\":\"Organization\",\"@id\":\"https:\/\/tecnimport.com.pe\/web\/#organization\",\"name\":\"Tecnimport S.A\",\"url\":\"https:\/\/tecnimport.com.pe\/web\/\",\"logo\":{\"@type\":\"ImageObject\",\"inLanguage\":\"es\",\"@id\":\"https:\/\/tecnimport.com.pe\/web\/#\/schema\/logo\/image\/\",\"url\":\"https:\/\/tecnimport.com.pe\/web\/wp-content\/uploads\/2020\/03\/logo_tecnimport.png\",\"contentUrl\":\"https:\/\/tecnimport.com.pe\/web\/wp-content\/uploads\/2020\/03\/logo_tecnimport.png\",\"width\":367,\"height\":49,\"caption\":\"Tecnimport S.A\"},\"image\":{\"@id\":\"https:\/\/tecnimport.com.pe\/web\/#\/schema\/logo\/image\/\"}}]}<\/script>\n<meta property=\"product:price:amount\" content=\"0.00\" \/>\n<meta property=\"product:price:currency\" content=\"USD\" \/>\n<meta property=\"og:availability\" content=\"instock\" \/>\n<meta property=\"product:availability\" content=\"instock\" \/>\n<meta property=\"product:condition\" content=\"new\" \/>\n<!-- \/ Yoast SEO plugin. -->","yoast_head_json":{"title":"Devcon 11320 Dfense Blok Quick Patch | Recubrimiento Antiabrasivo - TECNIMPORT S.A.","robots":{"index":"index","follow":"follow","max-snippet":"max-snippet:-1","max-image-preview":"max-image-preview:large","max-video-preview":"max-video-preview:-1"},"canonical":"https:\/\/tecnimport.com.pe\/web\/productos\/devcon-productos\/dfense-blok-quick-patch-compuesto-antiabrasivos-resistente-a-golpes-e-impactos\/","og_locale":"es_ES","og_type":"article","og_title":"Devcon 11320 Dfense Blok Quick Patch | Recubrimiento Antiabrasivo - TECNIMPORT S.A.","og_description":"DEVCON DFENSE BLOK QUICK PATCH Compuesto Antiabrasivo Resistente a Golpes e Impactos DEVCON DFENSE BLOK QUICK PATCH | Devcon 11320 es una compuesto epox\u00edco relleno con cer\u00e1mica y al\u00famina para recubrimiento contra el desgaste y la abrasi\u00f3n que act\u00faa como parche r\u00e1pido. Formulado para reparaciones de emergencia, incluso con condiciones severas.  Caracter\u00edsticas   Elimina el tiempo de inactividad de los equipos, con un secado excepcional r\u00e1pido.  Tiempo de curado funcional: 30 minutos.  Se aplica incluso en superficies verticales de hasta 1\" y en superficie de techo de hasta 3\/4\"  Repara agujeros, goteras, grietas.  Presentaci\u00f3n    N\u00ba de Parte Capacidad   11320 Envase x 1 lb    Ficha T\u00e9cnica","og_url":"https:\/\/tecnimport.com.pe\/web\/productos\/devcon-productos\/dfense-blok-quick-patch-compuesto-antiabrasivos-resistente-a-golpes-e-impactos\/","og_site_name":"TECNIMPORT S.A.","article_modified_time":"2021-02-03T17:04:02+00:00","og_image":[{"width":1000,"height":1000,"url":"https:\/\/tecnimport.com.pe\/web\/wp-content\/uploads\/2016\/04\/DEVCON-11320-QUICK-PATCH.gif","type":"image\/gif"}],"twitter_card":"summary_large_image","twitter_misc":{"Precio":"","Disponibilidad":"Disponible"},"schema":{"@context":"https:\/\/schema.org","@graph":[{"@type":"WebPage","@id":"https:\/\/tecnimport.com.pe\/web\/productos\/devcon-productos\/dfense-blok-quick-patch-compuesto-antiabrasivos-resistente-a-golpes-e-impactos\/","url":"https:\/\/tecnimport.com.pe\/web\/productos\/devcon-productos\/dfense-blok-quick-patch-compuesto-antiabrasivos-resistente-a-golpes-e-impactos\/","name":"Devcon 11320 Dfense Blok Quick Patch | Recubrimiento Antiabrasivo - TECNIMPORT S.A.","isPartOf":{"@id":"https:\/\/tecnimport.com.pe\/web\/#website"},"primaryImageOfPage":{"@id":"https:\/\/tecnimport.com.pe\/web\/productos\/devcon-productos\/dfense-blok-quick-patch-compuesto-antiabrasivos-resistente-a-golpes-e-impactos\/#primaryimage"},"image":{"@id":"https:\/\/tecnimport.com.pe\/web\/productos\/devcon-productos\/dfense-blok-quick-patch-compuesto-antiabrasivos-resistente-a-golpes-e-impactos\/#primaryimage"},"thumbnailUrl":"https:\/\/tecnimport.com.pe\/web\/wp-content\/uploads\/2016\/04\/DEVCON-11320-QUICK-PATCH.gif","datePublished":"2016-04-27T19:16:07+00:00","dateModified":"2021-02-03T17:04:02+00:00","breadcrumb":{"@id":"https:\/\/tecnimport.com.pe\/web\/productos\/devcon-productos\/dfense-blok-quick-patch-compuesto-antiabrasivos-resistente-a-golpes-e-impactos\/#breadcrumb"},"inLanguage":"es","potentialAction":[{"@type":"ReadAction","target":["https:\/\/tecnimport.com.pe\/web\/productos\/devcon-productos\/dfense-blok-quick-patch-compuesto-antiabrasivos-resistente-a-golpes-e-impactos\/"]}]},{"@type":"ImageObject","inLanguage":"es","@id":"https:\/\/tecnimport.com.pe\/web\/productos\/devcon-productos\/dfense-blok-quick-patch-compuesto-antiabrasivos-resistente-a-golpes-e-impactos\/#primaryimage","url":"https:\/\/tecnimport.com.pe\/web\/wp-content\/uploads\/2016\/04\/DEVCON-11320-QUICK-PATCH.gif","contentUrl":"https:\/\/tecnimport.com.pe\/web\/wp-content\/uploads\/2016\/04\/DEVCON-11320-QUICK-PATCH.gif","width":1000,"height":1000},{"@type":"BreadcrumbList","@id":"https:\/\/tecnimport.com.pe\/web\/productos\/devcon-productos\/dfense-blok-quick-patch-compuesto-antiabrasivos-resistente-a-golpes-e-impactos\/#breadcrumb","itemListElement":[{"@type":"ListItem","position":1,"name":"Portada","item":"https:\/\/tecnimport.com.pe\/web\/"},{"@type":"ListItem","position":2,"name":"Productos","item":"https:\/\/tecnimport.com.pe\/web\/productos-navigation\/"},{"@type":"ListItem","position":3,"name":"Devcon 11320 Dfense Blok Quick Patch | Recubrimiento Antiabrasivo"}]},{"@type":"WebSite","@id":"https:\/\/tecnimport.com.pe\/web\/#website","url":"https:\/\/tecnimport.com.pe\/web\/","name":"TECNIMPORT S.A.","description":"Representante de Devcon, LPS, Rocol y Procyon en el Per\u00fa","publisher":{"@id":"https:\/\/tecnimport.com.pe\/web\/#organization"},"potentialAction":[{"@type":"SearchAction","target":{"@type":"EntryPoint","urlTemplate":"https:\/\/tecnimport.com.pe\/web\/?s={search_term_string}"},"query-input":{"@type":"PropertyValueSpecification","valueRequired":true,"valueName":"search_term_string"}}],"inLanguage":"es"},{"@type":"Organization","@id":"https:\/\/tecnimport.com.pe\/web\/#organization","name":"Tecnimport S.A","url":"https:\/\/tecnimport.com.pe\/web\/","logo":{"@type":"ImageObject","inLanguage":"es","@id":"https:\/\/tecnimport.com.pe\/web\/#\/schema\/logo\/image\/","url":"https:\/\/tecnimport.com.pe\/web\/wp-content\/uploads\/2020\/03\/logo_tecnimport.png","contentUrl":"https:\/\/tecnimport.com.pe\/web\/wp-content\/uploads\/2020\/03\/logo_tecnimport.png","width":367,"height":49,"caption":"Tecnimport S.A"},"image":{"@id":"https:\/\/tecnimport.com.pe\/web\/#\/schema\/logo\/image\/"}}]},"product_price_amount":"0.00","product_price_currency":"USD","og_availability":"instock","product_availability":"instock","product_condition":"new"},"_links":{"self":[{"href":"https:\/\/tecnimport.com.pe\/web\/wp-json\/wp\/v2\/product\/2310","targetHints":{"allow":["GET"]}}],"collection":[{"href":"https:\/\/tecnimport.com.pe\/web\/wp-json\/wp\/v2\/product"}],"about":[{"href":"https:\/\/tecnimport.com.pe\/web\/wp-json\/wp\/v2\/types\/product"}],"wp:featuredmedia":[{"embeddable":true,"href":"https:\/\/tecnimport.com.pe\/web\/wp-json\/wp\/v2\/media\/3712"}],"wp:attachment":[{"href":"https:\/\/tecnimport.com.pe\/web\/wp-json\/wp\/v2\/media?parent=2310"}],"wp:term":[{"taxonomy":"product_brand","embeddable":true,"href":"https:\/\/tecnimport.com.pe\/web\/wp-json\/wp\/v2\/product_brand?post=2310"},{"taxonomy":"product_cat","embeddable":true,"href":"https:\/\/tecnimport.com.pe\/web\/wp-json\/wp\/v2\/product_cat?post=2310"},{"taxonomy":"product_tag","embeddable":true,"href":"https:\/\/tecnimport.com.pe\/web\/wp-json\/wp\/v2\/product_tag?post=2310"}],"curies":[{"name":"wp","href":"https:\/\/api.w.org\/{rel}","templated":true}]}}