{"id":2304,"date":"2016-04-27T14:09:24","date_gmt":"2016-04-27T19:09:24","guid":{"rendered":"http:\/\/tecnimport.com.pe\/web\/?post_type=product&#038;p=2304"},"modified":"2025-06-03T12:40:26","modified_gmt":"2025-06-03T17:40:26","slug":"compuestos-antiabrasivos-resistente-a-golpes-e-impactos","status":"publish","type":"product","link":"https:\/\/tecnimport.com.pe\/web\/productos\/devcon-productos\/wearing-compound\/compuestos-antiabrasivos-resistente-a-golpes-e-impactos\/","title":{"rendered":"Devcon 11350 Dfense Blok Fast Cure (FC) | Recubrimiento Curado R\u00e1pido"},"content":{"rendered":"<div class=\"wpb-content-wrapper\"><p>[vc_row][vc_column][vc_row_inner][vc_column_inner][vc_column_text css=\u00bb\u00bb woodmart_inline=\u00bbno\u00bb text_larger=\u00bbno\u00bb]<\/p>\n<h3>Devcon Dfense Block &#8211; Wearing Compound de Alto Impacto<\/h3>\n<h5><strong class=\"subtitulo_prod\">Presentaci\u00f3n &amp; Fichas<\/strong><\/h5>\n<div class=\"table-container\">\n<table class=\"responsive-table\">\n<thead>\n<tr>\n<th style=\"text-align: center;\">N\u00ba de Parte<\/th>\n<th style=\"text-align: center;\">Capacidad<\/th>\n<th style=\"text-align: center;\">Envase<\/th>\n<th style=\"text-align: center;\"><i class=\"fas fa-download\"><\/i> Brochure<\/th>\n<th style=\"text-align: center;\"><i class=\"fas fa-download\"><\/i> Ficha T\u00e9cnica<\/th>\n<\/tr>\n<\/thead>\n<tbody>\n<tr>\n<td style=\"text-align: center;\">11330<\/td>\n<td style=\"text-align: center;\">30 lb<\/td>\n<td style=\"text-align: center;\">Envase<\/td>\n<td style=\"text-align: center;\"><a href=\"https:\/\/tecnimport.com.pe\/web\/wp-content\/uploads\/2024\/01\/DFENSE_BLOCK_WEB_2024.pdf\" target=\"_blank\" rel=\"noopener\"><i class=\"fas fa-download\"><\/i>Brochure<\/a><\/td>\n<td style=\"text-align: center;\"><a href=\"https:\/\/tecnimport.com.pe\/web\/wp-content\/uploads\/2025\/05\/Ficha-tecnica-TDS-Devcon-dfense-blok-tecnimport.pdf\" target=\"_blank\" rel=\"noopener\"><i class=\"fas fa-download\"><\/i>Descargar<\/a><\/td>\n<\/tr>\n<\/tbody>\n<\/table>\n<\/div>\n<p>[\/vc_column_text][\/vc_column_inner][\/vc_row_inner][\/vc_column][\/vc_row][vc_row][vc_column][vc_single_image image=\u00bb5873&#8243; img_size=\u00bbfull\u00bb parallax_scroll=\u00bbno\u00bb woodmart_inline=\u00bbno\u00bb][\/vc_column][\/vc_row][vc_row][vc_column width=\u00bb1\/3&#8243;][vc_column_text css=\u00bb\u00bb woodmart_inline=\u00bbno\u00bb text_larger=\u00bbno\u00bb]<\/p>\n<h5><strong class=\"subtitulo_prod\">Caracter\u00edsticas<\/strong><\/h5>\n<ul>\n<li><strong style=\"color: red; font-size: 26px; font-weight: bold;\">4X<\/strong> mejor resistencia a la abrasi\u00f3n que<br \/>\nla competencia.<\/li>\n<li><strong style=\"color: red; font-size: 26px; font-weight: bold;\">7X<\/strong> mejor resistencia al impacto de ca\u00edda<br \/>\nque las baldosas cer\u00e1micas.<\/li>\n<li>Excelente resistencia a la abrasi\u00f3n por deslizamiento.<\/li>\n<li>Soporta condiciones de alto impacto.<\/li>\n<li>Menos propenso a las fracturas inesperadas.<\/li>\n<li>Relleno de huecos: .25 \u00ab- 1.5\u00bb +<\/li>\n<li>Curado Funcional: 4-5 Horas.<\/li>\n<\/ul>\n<p>[\/vc_column_text][\/vc_column][vc_column width=\u00bb1\/3&#8243;][vc_column_text css=\u00bb\u00bb woodmart_inline=\u00bbno\u00bb text_larger=\u00bbno\u00bb]<\/p>\n<h5><strong class=\"subtitulo_prod\">Aplicaciones<\/strong><\/h5>\n<ul>\n<li>Reparaci\u00f3n de depuradores<\/li>\n<li>Chutes<\/li>\n<li>Colectores de polvo y cenizas<\/li>\n<li>Codos de tuber\u00edas<\/li>\n<li>Pantallas y rampas<\/li>\n<li>Chipeadores<\/li>\n<li>Bins<\/li>\n<li>Tolvas<\/li>\n<li>Tanques<\/li>\n<li>Separadores<\/li>\n<li>Mesas Deister<\/li>\n<\/ul>\n<p>[\/vc_column_text][\/vc_column][vc_column width=\u00bb1\/3&#8243;][vc_column_text css=\u00bb\u00bb woodmart_inline=\u00bbno\u00bb text_larger=\u00bbno\u00bb]<\/p>\n<h5><strong class=\"subtitulo_prod\">Protege<\/strong><\/h5>\n<ul>\n<li>Extractores<\/li>\n<li>Lavaderos<\/li>\n<li>Ventiladores<\/li>\n<li>Chancadores<\/li>\n<li>Trituradores.<\/li>\n<\/ul>\n<p>[\/vc_column_text][\/vc_column][\/vc_row][vc_row][vc_column width=\u00bb1\/3&#8243;][vc_column_text css=\u00bb\u00bb woodmart_inline=\u00bbno\u00bb text_larger=\u00bbno\u00bb]<\/p>\n<h5><strong class=\"subtitulo_prod\">Marca &amp; Fabricante<\/strong><\/h5>\n<table class=\"table\">\n<tbody>\n<tr>\n<td>Marca<\/td>\n<td><strong><a href=\"https:\/\/tecnimport.com.pe\/web\/devcon-peru\/\" target=\"_blank\" rel=\"noopener\">DEVCON<\/a><\/strong><\/td>\n<\/tr>\n<tr>\n<td>Fabricante<\/td>\n<td><strong><a href=\"https:\/\/itwperformancepolymers.com\/products\/devcon\/wearing-compounds\/devcon-dfense-blok\" target=\"_blank\" rel=\"noopener\">ITW Performance polymers<\/a><\/strong><\/td>\n<\/tr>\n<\/tbody>\n<\/table>\n<p>[\/vc_column_text][\/vc_column][vc_column width=\u00bb1\/3&#8243;][vc_single_image image=\u00bb5872&#8243; parallax_scroll=\u00bbno\u00bb woodmart_inline=\u00bbno\u00bb][\/vc_column][vc_column width=\u00bb1\/3&#8243;][vc_column_text css=\u00bb\u00bb woodmart_inline=\u00bbno\u00bb text_larger=\u00bbno\u00bb]<\/p>\n<h5><strong class=\"subtitulo_prod\">Dfense Blok<\/strong><\/h5>\n<p>[\/vc_column_text][vc_column_text woodmart_inline=\u00bbno\u00bb text_larger=\u00bbno\u00bb]<strong style=\"color: #000; font-weight: bold; text-align: justify;\">DFense Blok&#x2122; es una l\u00ednea nueva e innovadora de productos de desgaste y abrasi\u00f3n especialmente formulados y dise\u00f1ados para superar y durar m\u00e1s que los epoxis de desgaste y abrasi\u00f3n tradicionales, al mismo tiempo que brindan un rendimiento superior en las condiciones m\u00e1s severas.<\/strong>[\/vc_column_text][\/vc_column][\/vc_row][vc_row][\/vc_row][vc_column][vc_column_text css=\u00bb\u00bb woodmart_inline=\u00bbno\u00bb text_larger=\u00bbno\u00bb]<\/p>\n<h5><strong class=\"subtitulo_prod\">Curado 7 D\u00edas @ 75\u00b0F (24\u00b0C)<\/strong><\/h5>\n<table class=\"table\">\n<thead><\/thead>\n<tbody>\n<tr>\n<td>Resistencia al corte por adhesi\u00f3n<\/td>\n<td>2,616 psi (18 MPa)<\/td>\n<\/tr>\n<tr>\n<td>Coeficiente de expansi\u00f3n t\u00e9rmica (x10-6)<\/td>\n<td>29 in\/in.\u00b0F (52.2 cm\/cm.\u00b0C)<\/td>\n<\/tr>\n<tr>\n<td>Color<\/td>\n<td>Gris<\/td>\n<\/tr>\n<tr>\n<td>Resistencia a la compresi\u00f3n<\/td>\n<td>7,145 psi (49 MPa)<\/td>\n<\/tr>\n<tr>\n<td>Cobertura (1\/4&#8243; \/ 6.35mm)<\/td>\n<td>50 in2\/lb (905 cm2\/Kg)<\/td>\n<\/tr>\n<tr>\n<td>Cured Shrinkage<\/td>\n<td>0.0005 in\/in (0.0005 cm\/cm)<\/td>\n<\/tr>\n<tr>\n<td>Constante diel\u00e9ctrica<\/td>\n<td>49<\/td>\n<\/tr>\n<tr>\n<td>Resistencia a la flexi\u00f3n<\/td>\n<td>7,876 psi (54 MPa)<\/td>\n<\/tr>\n<tr>\n<td>Dureza de curado<\/td>\n<td>77 Shore D<\/td>\n<\/tr>\n<tr>\n<td>Tiempo de recapa<\/td>\n<td>2 a 3 horas<\/td>\n<\/tr>\n<tr>\n<td>Gravedad espec\u00edfica<\/td>\n<td>2.21<\/td>\n<\/tr>\n<tr>\n<td>Resistencia a la temperatura<\/td>\n<td>Seco 300 \u00b0F (149\u00b0C) ; H\u00famedo 140\u00b0F (60\u00b0C)<\/td>\n<\/tr>\n<\/tbody>\n<\/table>\n<p>[\/vc_column_text][vc_column_text css=\u00bb\u00bb woodmart_inline=\u00bbno\u00bb text_larger=\u00bbno\u00bb]<\/p>\n<h5><strong class=\"subtitulo_prod\">Sin Curar @ 72\u00b0F (23\u00b0C)<\/strong><\/h5>\n<table class=\"table\">\n<thead><\/thead>\n<tbody>\n<tr>\n<td>% s\u00f3lidos por volumen<\/td>\n<td>100<\/td>\n<\/tr>\n<tr>\n<td>Tiempo de curado total<\/td>\n<td>16 horas<\/td>\n<\/tr>\n<tr>\n<td>Tiempo de curado funcional<\/td>\n<td>4.5 horas @ 70\u00b0F (21\u00b0C)<\/td>\n<\/tr>\n<tr>\n<td>Raz\u00f3n de mezcla por volumen<\/td>\n<td>0.0840277777777778<\/td>\n<\/tr>\n<tr>\n<td>Raz\u00f3n de mezcla por peso<\/td>\n<td>4.19791666666667<\/td>\n<\/tr>\n<tr>\n<td>Viscosidad de la mezcla<\/td>\n<td>Pasta que no escurre @ 75\u00b0F (24\u00b0C)<\/td>\n<\/tr>\n<tr>\n<td>Tiempo de trabajo<\/td>\n<td>25 minutos<\/td>\n<\/tr>\n<\/tbody>\n<\/table>\n<p>[\/vc_column_text][\/vc_column]<\/p>\n<p>&#8212;&#8212;&#8212;&#8212;&#8212;&#8212;&#8212;&#8212;&#8212;&#8212;&#8211;<\/p>\n<h3>DEVCON DFENSE BLOK FAST CURE (FC)<\/h3>\n<table border=\"0\">\n<tbody>\n<tr>\n<td><\/td>\n<td>TAMA\u00d1O DE ENVASE<\/td>\n<td><\/td>\n<td align=\"left\" valign=\"middle\">11350\/ 9 lb<\/td>\n<\/tr>\n<tr>\n<td><\/td>\n<td>PROPORCI\u00d3N DE MEZCLA POR VOL\u00daMEN<\/td>\n<td><\/td>\n<td align=\"left\" valign=\"middle\">2:1<\/td>\n<\/tr>\n<tr>\n<td><\/td>\n<td>POT LIFE A 24\u00baC<\/td>\n<td><\/td>\n<td align=\"left\" valign=\"middle\">15 min<\/td>\n<\/tr>\n<tr>\n<td><\/td>\n<td>TEMPERATURA M\u00c1XIMA DE TRABAJO \u00baC<\/td>\n<td><\/td>\n<td align=\"left\" valign=\"middle\">150<\/td>\n<\/tr>\n<tr>\n<td><\/td>\n<td>RESISTENCIA\u00a0COMPRESIVA\u00a0(ASTM D695) psi<\/td>\n<td><\/td>\n<td align=\"left\" valign=\"middle\">7,178<\/td>\n<\/tr>\n<tr>\n<td><\/td>\n<td>DUREZA\u00a0SHORE D\u00a0(ASTM D2240)<\/td>\n<td><\/td>\n<td align=\"left\" valign=\"middle\">80<\/td>\n<\/tr>\n<tr>\n<td><\/td>\n<td>DUREZA\u00a0SHORE D\u00a0(ASTM D2240)<\/td>\n<td><\/td>\n<td align=\"left\" valign=\"middle\">80<\/td>\n<\/tr>\n<tr>\n<td><\/td>\n<td>COLOR<\/td>\n<td><\/td>\n<td align=\"left\" valign=\"middle\">Gris<\/td>\n<\/tr>\n<\/tbody>\n<\/table>\n<\/div>","protected":false},"excerpt":{"rendered":"<h2><strong>DEVCON DFENSE BLOK FAST CURE (FC)<\/strong><\/h2>\n<h3><strong>Compuesto Antiabrasivo Resistente a Golpes e Impactos<\/strong><\/h3>\n<p><strong>DEVCON DFENSE BLOK FAST CURE (FC) | Devcon 11350 <\/strong> es una versi\u00f3n revolucionaria de curado r\u00e1pido para la protecci\u00f3n contra el desgaste y abrasi\u00f3n.<br \/>\nFormulado para resistir de manera significativa el desgaste y la abrasi\u00f3n. El equipo volver\u00e1 a estar en servicio en 2 horas.<\/p>\n<p><strong class=\"sub_titulo\">Caracter\u00edsticas<\/strong><\/p>\n<ul>\n<li>La versi\u00f3n Dfense Blok&#x2122; \u00a0FAST CURE permite\u00a0\u00a0poner nuevamente en servicio al equipo en 2 horas.<\/li>\n<li>Menos propenso a las fracturas inesperadas.<\/li>\n<li>Resiste una amplia gama de productos qu\u00edmicos.<\/li>\n<li>No se contrae<\/li>\n<\/ul>\n<p><strong class=\"sub_titulo\">Presentaci\u00f3n<\/strong><\/p>\n<table style=\"height: 132px;\" width=\"245\">\n<tbody>\n<tr>\n<td><strong>N\u00ba de Parte<\/strong><\/td>\n<td><strong>Capacidad<\/strong><\/td>\n<\/tr>\n<tr>\n<td>11350<\/td>\n<td>Envase x 9 lb<\/td>\n<\/tr>\n<\/tbody>\n<\/table>\n<p><a class=\"btn ft\" href=\"https:\/\/tecnimport.com.pe\/web\/wp-content\/uploads\/2021\/02\/DEVCON-11350-DFENSE-BLOCK-FAST-CURE-FT.pdf\" target=\"_blank\" rel=\"noopener noreferrer\">Ficha T\u00e9cnica<\/a><\/p>\n","protected":false},"featured_media":3714,"template":"","meta":[],"product_brand":[233],"product_cat":[206,221],"product_tag":[],"class_list":{"0":"post-2304","1":"product","2":"type-product","3":"status-publish","4":"has-post-thumbnail","6":"product_brand-devcon","7":"product_cat-devcon-productos","8":"product_cat-wearing-compound","10":"first","11":"instock","12":"shipping-taxable","13":"product-type-simple"},"yoast_head":"<!-- This site is optimized with the Yoast SEO plugin v26.9 - https:\/\/yoast.com\/product\/yoast-seo-wordpress\/ -->\n<title>Devcon 11350 Dfense Blok Fast Cure (FC) | Recubrimiento Curado R\u00e1pido - TECNIMPORT S.A.<\/title>\n<meta name=\"robots\" content=\"index, follow, max-snippet:-1, max-image-preview:large, max-video-preview:-1\" \/>\n<link rel=\"canonical\" href=\"https:\/\/tecnimport.com.pe\/web\/productos\/devcon-productos\/wearing-compound\/compuestos-antiabrasivos-resistente-a-golpes-e-impactos\/\" \/>\n<meta property=\"og:locale\" content=\"es_ES\" \/>\n<meta property=\"og:type\" content=\"article\" \/>\n<meta property=\"og:title\" content=\"Devcon 11350 Dfense Blok Fast Cure (FC) | Recubrimiento Curado R\u00e1pido - TECNIMPORT S.A.\" \/>\n<meta property=\"og:description\" content=\"DEVCON DFENSE BLOK FAST CURE (FC) Compuesto Antiabrasivo Resistente a Golpes e Impactos DEVCON DFENSE BLOK FAST CURE (FC) | Devcon 11350 es una versi\u00f3n revolucionaria de curado r\u00e1pido para la protecci\u00f3n contra el desgaste y abrasi\u00f3n. Formulado para resistir de manera significativa el desgaste y la abrasi\u00f3n. El equipo volver\u00e1 a estar en servicio en 2 horas.  Caracter\u00edsticas   La versi\u00f3n Dfense Blok&#x2122; \u00a0FAST CURE permite\u00a0\u00a0poner nuevamente en servicio al equipo en 2 horas.  Menos propenso a las fracturas inesperadas.  Resiste una amplia gama de productos qu\u00edmicos.  No se contrae  Presentaci\u00f3n    N\u00ba de Parte Capacidad   11350 Envase x 9 lb    Ficha T\u00e9cnica\" \/>\n<meta property=\"og:url\" content=\"https:\/\/tecnimport.com.pe\/web\/productos\/devcon-productos\/wearing-compound\/compuestos-antiabrasivos-resistente-a-golpes-e-impactos\/\" \/>\n<meta property=\"og:site_name\" content=\"TECNIMPORT S.A.\" \/>\n<meta property=\"article:modified_time\" content=\"2025-06-03T17:40:26+00:00\" \/>\n<meta property=\"og:image\" content=\"https:\/\/tecnimport.com.pe\/web\/wp-content\/uploads\/2016\/04\/DEVCON-11350-DFENSE-BLOCK-FAST-CURE.gif\" \/>\n\t<meta property=\"og:image:width\" content=\"1000\" \/>\n\t<meta property=\"og:image:height\" content=\"1000\" \/>\n\t<meta property=\"og:image:type\" content=\"image\/gif\" \/>\n<meta name=\"twitter:card\" content=\"summary_large_image\" \/>\n<meta name=\"twitter:label1\" content=\"Precio\" \/>\n\t<meta name=\"twitter:data1\" content=\"\" \/>\n\t<meta name=\"twitter:label2\" content=\"Disponibilidad\" \/>\n\t<meta name=\"twitter:data2\" content=\"Disponible\" \/>\n<script type=\"application\/ld+json\" class=\"yoast-schema-graph\">{\"@context\":\"https:\/\/schema.org\",\"@graph\":[{\"@type\":\"WebPage\",\"@id\":\"https:\/\/tecnimport.com.pe\/web\/productos\/devcon-productos\/wearing-compound\/compuestos-antiabrasivos-resistente-a-golpes-e-impactos\/\",\"url\":\"https:\/\/tecnimport.com.pe\/web\/productos\/devcon-productos\/wearing-compound\/compuestos-antiabrasivos-resistente-a-golpes-e-impactos\/\",\"name\":\"Devcon 11350 Dfense Blok Fast Cure (FC) | Recubrimiento Curado R\u00e1pido - TECNIMPORT S.A.\",\"isPartOf\":{\"@id\":\"https:\/\/tecnimport.com.pe\/web\/#website\"},\"primaryImageOfPage\":{\"@id\":\"https:\/\/tecnimport.com.pe\/web\/productos\/devcon-productos\/wearing-compound\/compuestos-antiabrasivos-resistente-a-golpes-e-impactos\/#primaryimage\"},\"image\":{\"@id\":\"https:\/\/tecnimport.com.pe\/web\/productos\/devcon-productos\/wearing-compound\/compuestos-antiabrasivos-resistente-a-golpes-e-impactos\/#primaryimage\"},\"thumbnailUrl\":\"https:\/\/tecnimport.com.pe\/web\/wp-content\/uploads\/2016\/04\/DEVCON-11350-DFENSE-BLOCK-FAST-CURE.gif\",\"datePublished\":\"2016-04-27T19:09:24+00:00\",\"dateModified\":\"2025-06-03T17:40:26+00:00\",\"breadcrumb\":{\"@id\":\"https:\/\/tecnimport.com.pe\/web\/productos\/devcon-productos\/wearing-compound\/compuestos-antiabrasivos-resistente-a-golpes-e-impactos\/#breadcrumb\"},\"inLanguage\":\"es\",\"potentialAction\":[{\"@type\":\"ReadAction\",\"target\":[\"https:\/\/tecnimport.com.pe\/web\/productos\/devcon-productos\/wearing-compound\/compuestos-antiabrasivos-resistente-a-golpes-e-impactos\/\"]}]},{\"@type\":\"ImageObject\",\"inLanguage\":\"es\",\"@id\":\"https:\/\/tecnimport.com.pe\/web\/productos\/devcon-productos\/wearing-compound\/compuestos-antiabrasivos-resistente-a-golpes-e-impactos\/#primaryimage\",\"url\":\"https:\/\/tecnimport.com.pe\/web\/wp-content\/uploads\/2016\/04\/DEVCON-11350-DFENSE-BLOCK-FAST-CURE.gif\",\"contentUrl\":\"https:\/\/tecnimport.com.pe\/web\/wp-content\/uploads\/2016\/04\/DEVCON-11350-DFENSE-BLOCK-FAST-CURE.gif\",\"width\":1000,\"height\":1000},{\"@type\":\"BreadcrumbList\",\"@id\":\"https:\/\/tecnimport.com.pe\/web\/productos\/devcon-productos\/wearing-compound\/compuestos-antiabrasivos-resistente-a-golpes-e-impactos\/#breadcrumb\",\"itemListElement\":[{\"@type\":\"ListItem\",\"position\":1,\"name\":\"Portada\",\"item\":\"https:\/\/tecnimport.com.pe\/web\/\"},{\"@type\":\"ListItem\",\"position\":2,\"name\":\"Productos\",\"item\":\"https:\/\/tecnimport.com.pe\/web\/productos-navigation\/\"},{\"@type\":\"ListItem\",\"position\":3,\"name\":\"Devcon 11350 Dfense Blok Fast Cure (FC) | Recubrimiento Curado R\u00e1pido\"}]},{\"@type\":\"WebSite\",\"@id\":\"https:\/\/tecnimport.com.pe\/web\/#website\",\"url\":\"https:\/\/tecnimport.com.pe\/web\/\",\"name\":\"TECNIMPORT S.A.\",\"description\":\"Representante de Devcon, LPS, Rocol y Procyon en el Per\u00fa\",\"publisher\":{\"@id\":\"https:\/\/tecnimport.com.pe\/web\/#organization\"},\"potentialAction\":[{\"@type\":\"SearchAction\",\"target\":{\"@type\":\"EntryPoint\",\"urlTemplate\":\"https:\/\/tecnimport.com.pe\/web\/?s={search_term_string}\"},\"query-input\":{\"@type\":\"PropertyValueSpecification\",\"valueRequired\":true,\"valueName\":\"search_term_string\"}}],\"inLanguage\":\"es\"},{\"@type\":\"Organization\",\"@id\":\"https:\/\/tecnimport.com.pe\/web\/#organization\",\"name\":\"Tecnimport S.A\",\"url\":\"https:\/\/tecnimport.com.pe\/web\/\",\"logo\":{\"@type\":\"ImageObject\",\"inLanguage\":\"es\",\"@id\":\"https:\/\/tecnimport.com.pe\/web\/#\/schema\/logo\/image\/\",\"url\":\"https:\/\/tecnimport.com.pe\/web\/wp-content\/uploads\/2020\/03\/logo_tecnimport.png\",\"contentUrl\":\"https:\/\/tecnimport.com.pe\/web\/wp-content\/uploads\/2020\/03\/logo_tecnimport.png\",\"width\":367,\"height\":49,\"caption\":\"Tecnimport S.A\"},\"image\":{\"@id\":\"https:\/\/tecnimport.com.pe\/web\/#\/schema\/logo\/image\/\"}}]}<\/script>\n<meta property=\"product:price:amount\" content=\"0.00\" \/>\n<meta property=\"product:price:currency\" content=\"USD\" \/>\n<meta property=\"og:availability\" content=\"instock\" \/>\n<meta property=\"product:availability\" content=\"instock\" \/>\n<meta property=\"product:condition\" content=\"new\" \/>\n<!-- \/ Yoast SEO plugin. -->","yoast_head_json":{"title":"Devcon 11350 Dfense Blok Fast Cure (FC) | Recubrimiento Curado R\u00e1pido - TECNIMPORT S.A.","robots":{"index":"index","follow":"follow","max-snippet":"max-snippet:-1","max-image-preview":"max-image-preview:large","max-video-preview":"max-video-preview:-1"},"canonical":"https:\/\/tecnimport.com.pe\/web\/productos\/devcon-productos\/wearing-compound\/compuestos-antiabrasivos-resistente-a-golpes-e-impactos\/","og_locale":"es_ES","og_type":"article","og_title":"Devcon 11350 Dfense Blok Fast Cure (FC) | Recubrimiento Curado R\u00e1pido - TECNIMPORT S.A.","og_description":"DEVCON DFENSE BLOK FAST CURE (FC) Compuesto Antiabrasivo Resistente a Golpes e Impactos DEVCON DFENSE BLOK FAST CURE (FC) | Devcon 11350 es una versi\u00f3n revolucionaria de curado r\u00e1pido para la protecci\u00f3n contra el desgaste y abrasi\u00f3n. Formulado para resistir de manera significativa el desgaste y la abrasi\u00f3n. El equipo volver\u00e1 a estar en servicio en 2 horas.  Caracter\u00edsticas   La versi\u00f3n Dfense Blok&#x2122; \u00a0FAST CURE permite\u00a0\u00a0poner nuevamente en servicio al equipo en 2 horas.  Menos propenso a las fracturas inesperadas.  Resiste una amplia gama de productos qu\u00edmicos.  No se contrae  Presentaci\u00f3n    N\u00ba de Parte Capacidad   11350 Envase x 9 lb    Ficha T\u00e9cnica","og_url":"https:\/\/tecnimport.com.pe\/web\/productos\/devcon-productos\/wearing-compound\/compuestos-antiabrasivos-resistente-a-golpes-e-impactos\/","og_site_name":"TECNIMPORT S.A.","article_modified_time":"2025-06-03T17:40:26+00:00","og_image":[{"width":1000,"height":1000,"url":"https:\/\/tecnimport.com.pe\/web\/wp-content\/uploads\/2016\/04\/DEVCON-11350-DFENSE-BLOCK-FAST-CURE.gif","type":"image\/gif"}],"twitter_card":"summary_large_image","twitter_misc":{"Precio":"","Disponibilidad":"Disponible"},"schema":{"@context":"https:\/\/schema.org","@graph":[{"@type":"WebPage","@id":"https:\/\/tecnimport.com.pe\/web\/productos\/devcon-productos\/wearing-compound\/compuestos-antiabrasivos-resistente-a-golpes-e-impactos\/","url":"https:\/\/tecnimport.com.pe\/web\/productos\/devcon-productos\/wearing-compound\/compuestos-antiabrasivos-resistente-a-golpes-e-impactos\/","name":"Devcon 11350 Dfense Blok Fast Cure (FC) | Recubrimiento Curado R\u00e1pido - TECNIMPORT S.A.","isPartOf":{"@id":"https:\/\/tecnimport.com.pe\/web\/#website"},"primaryImageOfPage":{"@id":"https:\/\/tecnimport.com.pe\/web\/productos\/devcon-productos\/wearing-compound\/compuestos-antiabrasivos-resistente-a-golpes-e-impactos\/#primaryimage"},"image":{"@id":"https:\/\/tecnimport.com.pe\/web\/productos\/devcon-productos\/wearing-compound\/compuestos-antiabrasivos-resistente-a-golpes-e-impactos\/#primaryimage"},"thumbnailUrl":"https:\/\/tecnimport.com.pe\/web\/wp-content\/uploads\/2016\/04\/DEVCON-11350-DFENSE-BLOCK-FAST-CURE.gif","datePublished":"2016-04-27T19:09:24+00:00","dateModified":"2025-06-03T17:40:26+00:00","breadcrumb":{"@id":"https:\/\/tecnimport.com.pe\/web\/productos\/devcon-productos\/wearing-compound\/compuestos-antiabrasivos-resistente-a-golpes-e-impactos\/#breadcrumb"},"inLanguage":"es","potentialAction":[{"@type":"ReadAction","target":["https:\/\/tecnimport.com.pe\/web\/productos\/devcon-productos\/wearing-compound\/compuestos-antiabrasivos-resistente-a-golpes-e-impactos\/"]}]},{"@type":"ImageObject","inLanguage":"es","@id":"https:\/\/tecnimport.com.pe\/web\/productos\/devcon-productos\/wearing-compound\/compuestos-antiabrasivos-resistente-a-golpes-e-impactos\/#primaryimage","url":"https:\/\/tecnimport.com.pe\/web\/wp-content\/uploads\/2016\/04\/DEVCON-11350-DFENSE-BLOCK-FAST-CURE.gif","contentUrl":"https:\/\/tecnimport.com.pe\/web\/wp-content\/uploads\/2016\/04\/DEVCON-11350-DFENSE-BLOCK-FAST-CURE.gif","width":1000,"height":1000},{"@type":"BreadcrumbList","@id":"https:\/\/tecnimport.com.pe\/web\/productos\/devcon-productos\/wearing-compound\/compuestos-antiabrasivos-resistente-a-golpes-e-impactos\/#breadcrumb","itemListElement":[{"@type":"ListItem","position":1,"name":"Portada","item":"https:\/\/tecnimport.com.pe\/web\/"},{"@type":"ListItem","position":2,"name":"Productos","item":"https:\/\/tecnimport.com.pe\/web\/productos-navigation\/"},{"@type":"ListItem","position":3,"name":"Devcon 11350 Dfense Blok Fast Cure (FC) | Recubrimiento Curado R\u00e1pido"}]},{"@type":"WebSite","@id":"https:\/\/tecnimport.com.pe\/web\/#website","url":"https:\/\/tecnimport.com.pe\/web\/","name":"TECNIMPORT S.A.","description":"Representante de Devcon, LPS, Rocol y Procyon en el Per\u00fa","publisher":{"@id":"https:\/\/tecnimport.com.pe\/web\/#organization"},"potentialAction":[{"@type":"SearchAction","target":{"@type":"EntryPoint","urlTemplate":"https:\/\/tecnimport.com.pe\/web\/?s={search_term_string}"},"query-input":{"@type":"PropertyValueSpecification","valueRequired":true,"valueName":"search_term_string"}}],"inLanguage":"es"},{"@type":"Organization","@id":"https:\/\/tecnimport.com.pe\/web\/#organization","name":"Tecnimport S.A","url":"https:\/\/tecnimport.com.pe\/web\/","logo":{"@type":"ImageObject","inLanguage":"es","@id":"https:\/\/tecnimport.com.pe\/web\/#\/schema\/logo\/image\/","url":"https:\/\/tecnimport.com.pe\/web\/wp-content\/uploads\/2020\/03\/logo_tecnimport.png","contentUrl":"https:\/\/tecnimport.com.pe\/web\/wp-content\/uploads\/2020\/03\/logo_tecnimport.png","width":367,"height":49,"caption":"Tecnimport S.A"},"image":{"@id":"https:\/\/tecnimport.com.pe\/web\/#\/schema\/logo\/image\/"}}]},"product_price_amount":"0.00","product_price_currency":"USD","og_availability":"instock","product_availability":"instock","product_condition":"new"},"_links":{"self":[{"href":"https:\/\/tecnimport.com.pe\/web\/wp-json\/wp\/v2\/product\/2304","targetHints":{"allow":["GET"]}}],"collection":[{"href":"https:\/\/tecnimport.com.pe\/web\/wp-json\/wp\/v2\/product"}],"about":[{"href":"https:\/\/tecnimport.com.pe\/web\/wp-json\/wp\/v2\/types\/product"}],"wp:featuredmedia":[{"embeddable":true,"href":"https:\/\/tecnimport.com.pe\/web\/wp-json\/wp\/v2\/media\/3714"}],"wp:attachment":[{"href":"https:\/\/tecnimport.com.pe\/web\/wp-json\/wp\/v2\/media?parent=2304"}],"wp:term":[{"taxonomy":"product_brand","embeddable":true,"href":"https:\/\/tecnimport.com.pe\/web\/wp-json\/wp\/v2\/product_brand?post=2304"},{"taxonomy":"product_cat","embeddable":true,"href":"https:\/\/tecnimport.com.pe\/web\/wp-json\/wp\/v2\/product_cat?post=2304"},{"taxonomy":"product_tag","embeddable":true,"href":"https:\/\/tecnimport.com.pe\/web\/wp-json\/wp\/v2\/product_tag?post=2304"}],"curies":[{"name":"wp","href":"https:\/\/api.w.org\/{rel}","templated":true}]}}