{"id":2270,"date":"2016-04-27T13:10:11","date_gmt":"2016-04-27T18:10:11","guid":{"rendered":"http:\/\/tecnimport.com.pe\/web\/?post_type=product&#038;p=2270"},"modified":"2025-05-23T15:52:20","modified_gmt":"2025-05-23T20:52:20","slug":"devcon-brushable-ceramic-blue-ceramico-liquido","status":"publish","type":"product","link":"https:\/\/tecnimport.com.pe\/web\/productos\/devcon-productos\/reparaciones-de-precision-y-proteccion\/devcon-brushable-ceramic-blue-ceramico-liquido\/","title":{"rendered":"Devcon Brushable Ceramic Blue 11765 11767"},"content":{"rendered":"<div class=\"wpb-content-wrapper\"><p>[vc_row][vc_column][vc_column_text css=\u00bb\u00bb woodmart_inline=\u00bbno\u00bb text_larger=\u00bbno\u00bb]<\/p>\n<h3><strong class=\"subtitulo_prod\">Devcon Brushable Ceramic Blue &#8211; Cer\u00e1mico L\u00edquido<\/strong><\/h3>\n<h5><strong class=\"subtitulo_prod\">Presentaci\u00f3n &amp; Fichas<\/strong><\/h5>\n<div class=\"table-container\">\n<table class=\"responsive-table\">\n<thead>\n<tr>\n<th style=\"text-align: center;\">N\u00ba de Parte<\/th>\n<th style=\"text-align: center;\">Capacidad<\/th>\n<th style=\"text-align: center;\">Envase<\/th>\n<th style=\"text-align: center;\"><i class=\"fas fa-download\"><\/i> Ficha T\u00e9cnica (TDS)<\/th>\n<\/tr>\n<\/thead>\n<tbody>\n<tr>\n<td style=\"text-align: center;\">11765<\/td>\n<td style=\"text-align: center;\">2 lb<\/td>\n<td style=\"text-align: center;\">Envase<\/td>\n<td style=\"text-align: center;\"><a href=\"https:\/\/tecnimport.com.pe\/web\/wp-content\/uploads\/2021\/02\/DEVCON-11765-BRUSHABLE-CERAMIC-BLUE-FT.pdf\" target=\"_blank\" rel=\"noopener\"><i class=\"fas fa-download\"><\/i> Descargar<\/a><\/td>\n<\/tr>\n<tr>\n<td style=\"text-align: center;\">11767<\/td>\n<td style=\"text-align: center;\">12 lb<\/td>\n<td style=\"text-align: center;\">Balde<\/td>\n<td style=\"text-align: center;\"><a href=\"https:\/\/tecnimport.com.pe\/web\/wp-content\/uploads\/2021\/02\/DEVCON-11765-BRUSHABLE-CERAMIC-BLUE-FT.pdf\" target=\"_blank\" rel=\"noopener\"><i class=\"fas fa-download\"><\/i> Descargar<\/a><\/td>\n<\/tr>\n<\/tbody>\n<\/table>\n<\/div>\n<p>[\/vc_column_text][\/vc_column][\/vc_row][vc_row][vc_column width=\u00bb1\/3&#8243;][vc_column_text css=\u00bb\u00bb woodmart_inline=\u00bbno\u00bb text_larger=\u00bbno\u00bb]<\/p>\n<h5><strong class=\"subtitulo_prod\">Otras Caracter\u00edsticas<\/strong><\/h5>\n<ul>\n<li>La superficie de baja fricci\u00f3n reduce la turbulencia, el desgaste y la cavitaci\u00f3n.<\/li>\n<li>Extraordinaria resistencia qu\u00edmica a los\u00a0\u00e1cidos, solventes y \u00e1lcalis.<\/li>\n<li>Aceptado para ser usado en plantas de\u00a0procesamiento de carnes y aves.<\/li>\n<li>Rango de temperatura hasta 176\u00b0C \/ 350 \u00b0 F.<\/li>\n<li>3 colores (rojo, azul y blanco) para asegurar un recubrimiento uniforme.<\/li>\n<li>Tiempo abierto: 40 minutos.<\/li>\n<li>Relleno de huecos: .0625 \u00ab- .075\u00bb.<\/li>\n<li>Color azul.<\/li>\n<li>Tiempo de curado: 16 hrs.<\/li>\n<\/ul>\n<p>[\/vc_column_text][\/vc_column][vc_column width=\u00bb1\/3&#8243;][vc_column_text css=\u00bb\u00bb woodmart_inline=\u00bbno\u00bb text_larger=\u00bbno\u00bb]<\/p>\n<h5><strong class=\"subtitulo_prod\">Aplicaciones<\/strong><\/h5>\n<ul>\n<li>Puede ser rociado de una manera similar a las pinturas de alto contenido s\u00f3lido.<\/li>\n<li>Ideal para proteger:\n<ul>\n<li>Bombas<\/li>\n<li>M\u00e1quinas procesadoras de papel<\/li>\n<li>Tubos de escape<\/li>\n<li>Cojinetes de bombas<\/li>\n<li>Estructuras de acero.<\/li>\n<\/ul>\n<\/li>\n<\/ul>\n<p>[\/vc_column_text][\/vc_column][vc_column width=\u00bb1\/3&#8243;][vc_column_text css=\u00bb\u00bb woodmart_inline=\u00bbno\u00bb text_larger=\u00bbno\u00bb]<\/p>\n<h5><strong class=\"subtitulo_prod\">Aplicaci\u00f3n<\/strong><\/h5>\n<p>[\/vc_column_text][vc_single_image image=\u00bb6757&#8243; img_size=\u00bblarge\u00bb add_caption=\u00bbyes\u00bb alignment=\u00bbcenter\u00bb css=\u00bb\u00bb parallax_scroll=\u00bbno\u00bb woodmart_inline=\u00bbno\u00bb][\/vc_column][\/vc_row][vc_row][vc_column width=\u00bb1\/3&#8243;][vc_column_text css=\u00bb\u00bb woodmart_inline=\u00bbno\u00bb text_larger=\u00bbno\u00bb]<\/p>\n<h5><strong class=\"subtitulo_prod\">Certificaciones &amp; Especificaciones<\/strong><\/h5>\n<ul>\n<li>Certificado por NSF para recubrimiento de\u00a0equipos de agua potable.<\/li>\n<\/ul>\n<p>[\/vc_column_text][\/vc_column][vc_column width=\u00bb1\/3&#8243;][vc_column_text css=\u00bb\u00bb woodmart_inline=\u00bbno\u00bb text_larger=\u00bbno\u00bb]<\/p>\n<h5><strong class=\"subtitulo_prod\">Marca &amp; Fabricante<\/strong><\/h5>\n<table class=\"table\">\n<tbody>\n<tr>\n<td>Marca<\/td>\n<td><strong><a href=\"https:\/\/tecnimport.com.pe\/web\/devcon-peru\/\" target=\"_blank\" rel=\"noopener\">DEVCON<\/a><\/strong><\/td>\n<\/tr>\n<tr>\n<td>Fabricante<\/td>\n<td><strong><a href=\"https:\/\/itwperformancepolymers.com\/products\/devcon\/corrosion-erosion-repair\/devcon-brushable-ceramic-blue\" target=\"_blank\" rel=\"noopener\">ITW Performance polymers<\/a><\/strong><\/td>\n<\/tr>\n<\/tbody>\n<\/table>\n<p>[\/vc_column_text][\/vc_column][vc_column width=\u00bb1\/3&#8243;][\/vc_column][\/vc_row][vc_row][\/vc_row][vc_column][vc_column_text css=\u00bb\u00bb woodmart_inline=\u00bbno\u00bb text_larger=\u00bbno\u00bb]<\/p>\n<h5><strong class=\"subtitulo_prod\">Propiedades de Curado 7 d\u00edas @ 75\u00b0F (24\u00b0C)<\/strong><\/h5>\n<table class=\"table\">\n<thead><\/thead>\n<tbody>\n<tr>\n<td>Resistencia al Corte por Adhesi\u00f3n<\/td>\n<td>2,000 psi<\/td>\n<\/tr>\n<tr>\n<td>Espesor de la Capa (con Brocha)<\/td>\n<td>10-20 mils (.010 &#8211; .020in.)<\/td>\n<\/tr>\n<tr>\n<td>Coef. de Expansi\u00f3n T\u00e9rmica<\/td>\n<td>25.6 [in\/in\/\u00b0F)]x10(-6)<\/td>\n<\/tr>\n<tr>\n<td>Color<\/td>\n<td>Rojo o Azul<\/td>\n<\/tr>\n<tr>\n<td>Resistencia a la Compresi\u00f3n<\/td>\n<td>13,700 psi<\/td>\n<\/tr>\n<tr>\n<td>Cobertura\/lb<\/td>\n<td>7.9 sq.ft.\/lb@ 0.015&#8243;<\/td>\n<\/tr>\n<tr>\n<td>Dureza de Curado<\/td>\n<td>85D<\/td>\n<\/tr>\n<tr>\n<td>Contracci\u00f3n despu\u00e9s de Curado<\/td>\n<td>0.0020 in.\/in.<\/td>\n<\/tr>\n<tr>\n<td>Constante Diel\u00e9ctrica<\/td>\n<td>3.87 @ 1 MHz<\/td>\n<\/tr>\n<tr>\n<td>Resistencia a la Flexi\u00f3n<\/td>\n<td>8,000 psi<\/td>\n<\/tr>\n<tr>\n<td>Tiempo de Curado<\/td>\n<td>16 hrs<\/td>\n<\/tr>\n<tr>\n<td>3.4:1<\/td>\n<td>3.4:1<\/td>\n<\/tr>\n<tr>\n<td>Raz\u00f3n de Mezcla por Peso<\/td>\n<td>5.6:1<\/td>\n<\/tr>\n<tr>\n<td>Viscosidad de la Mezcla<\/td>\n<td>32,000 cps<\/td>\n<\/tr>\n<tr>\n<td>Vida \u00datil @ 75F<\/td>\n<td>40 min.<\/td>\n<\/tr>\n<tr>\n<td>Tiempo de Recapa<\/td>\n<td>4-6 hrs<\/td>\n<\/tr>\n<tr>\n<td>Resistencia a la Sal Aerosol<\/td>\n<td>5,000 hrs<\/td>\n<\/tr>\n<tr>\n<td>S\u00f3lidos por Vol\u00famen<\/td>\n<td>100<\/td>\n<\/tr>\n<tr>\n<td>Gravedad Espec\u00edfica<\/td>\n<td>1.64<\/td>\n<\/tr>\n<tr>\n<td>Volumen Espec\u00edfico<\/td>\n<td>16.9 in.(3)\/lb.<\/td>\n<\/tr>\n<tr>\n<td>Resistencia a la Temperatura<\/td>\n<td>H\u00famedo: 150\u00b0F; Seco: 350\u00b0F<\/td>\n<\/tr>\n<\/tbody>\n<\/table>\n<p>[\/vc_column_text][\/vc_column]<\/p>\n<\/div>","protected":false},"excerpt":{"rendered":"<p><strong>Devcon Brushable Ceramic Blue 11765 11767<\/strong> Cer\u00e1mico L\u00edquido, compuesto de resina ep\u00f3xica de baja viscosidad, contiene cer\u00e1mica y al\u00famina aplicable con brocha. Proporciona una barrera protectora uniforme contra corrosi\u00f3n, abrasi\u00f3n, cavitaci\u00f3n, erosi\u00f3n y ataque qu\u00edmico.<\/p>\n","protected":false},"featured_media":3707,"template":"","meta":[],"product_brand":[233],"product_cat":[206,219],"product_tag":[1395,1394],"class_list":{"0":"post-2270","1":"product","2":"type-product","3":"status-publish","4":"has-post-thumbnail","6":"product_brand-devcon","7":"product_cat-devcon-productos","8":"product_cat-reparaciones-de-precision-y-proteccion","9":"product_tag-azul","10":"product_tag-ceramico-liquido","12":"first","13":"instock","14":"shipping-taxable","15":"purchasable","16":"product-type-variable"},"yoast_head":"<!-- This site is optimized with the Yoast SEO plugin v26.9 - https:\/\/yoast.com\/product\/yoast-seo-wordpress\/ -->\n<title>Devcon Brushable Ceramic Blue - Cer\u00e1mico L\u00edquido<\/title>\n<meta name=\"description\" content=\"Devcon Brushable Ceramic Blue compuesto con cer\u00e1mica y al\u00famina que proporciona protecci\u00f3n contra corrosi\u00f3n, abrasi\u00f3n, cavitaci\u00f3n, erosi\u00f3n y ataque qu\u00edmico.\" \/>\n<meta name=\"robots\" content=\"index, follow, max-snippet:-1, max-image-preview:large, max-video-preview:-1\" \/>\n<link rel=\"canonical\" href=\"https:\/\/tecnimport.com.pe\/web\/productos\/devcon-productos\/reparaciones-de-precision-y-proteccion\/devcon-brushable-ceramic-blue-ceramico-liquido\/\" \/>\n<meta property=\"og:locale\" content=\"es_ES\" \/>\n<meta property=\"og:type\" content=\"article\" \/>\n<meta property=\"og:title\" content=\"Devcon Brushable Ceramic Blue - Cer\u00e1mico L\u00edquido\" \/>\n<meta property=\"og:description\" content=\"Devcon Brushable Ceramic Blue compuesto con cer\u00e1mica y al\u00famina que proporciona protecci\u00f3n contra corrosi\u00f3n, abrasi\u00f3n, cavitaci\u00f3n, erosi\u00f3n y ataque qu\u00edmico.\" \/>\n<meta property=\"og:url\" content=\"https:\/\/tecnimport.com.pe\/web\/productos\/devcon-productos\/reparaciones-de-precision-y-proteccion\/devcon-brushable-ceramic-blue-ceramico-liquido\/\" \/>\n<meta property=\"og:site_name\" content=\"TECNIMPORT S.A.\" \/>\n<meta property=\"article:modified_time\" content=\"2025-05-23T20:52:20+00:00\" \/>\n<meta property=\"og:image\" content=\"https:\/\/tecnimport.com.pe\/web\/wp-content\/uploads\/2018\/11\/Devcon-11765-Brushable-Ceramic-Blue.gif\" \/>\n\t<meta property=\"og:image:width\" content=\"1000\" \/>\n\t<meta property=\"og:image:height\" content=\"1000\" \/>\n\t<meta property=\"og:image:type\" content=\"image\/gif\" \/>\n<meta name=\"twitter:card\" content=\"summary_large_image\" \/>\n<meta name=\"twitter:label1\" content=\"Disponibilidad\" \/>\n\t<meta name=\"twitter:data1\" content=\"Disponible\" \/>\n<script type=\"application\/ld+json\" class=\"yoast-schema-graph\">{\"@context\":\"https:\/\/schema.org\",\"@graph\":[{\"@type\":\"WebPage\",\"@id\":\"https:\/\/tecnimport.com.pe\/web\/productos\/devcon-productos\/reparaciones-de-precision-y-proteccion\/devcon-brushable-ceramic-blue-ceramico-liquido\/\",\"url\":\"https:\/\/tecnimport.com.pe\/web\/productos\/devcon-productos\/reparaciones-de-precision-y-proteccion\/devcon-brushable-ceramic-blue-ceramico-liquido\/\",\"name\":\"Devcon Brushable Ceramic Blue - Cer\u00e1mico L\u00edquido\",\"isPartOf\":{\"@id\":\"https:\/\/tecnimport.com.pe\/web\/#website\"},\"primaryImageOfPage\":{\"@id\":\"https:\/\/tecnimport.com.pe\/web\/productos\/devcon-productos\/reparaciones-de-precision-y-proteccion\/devcon-brushable-ceramic-blue-ceramico-liquido\/#primaryimage\"},\"image\":{\"@id\":\"https:\/\/tecnimport.com.pe\/web\/productos\/devcon-productos\/reparaciones-de-precision-y-proteccion\/devcon-brushable-ceramic-blue-ceramico-liquido\/#primaryimage\"},\"thumbnailUrl\":\"https:\/\/tecnimport.com.pe\/web\/wp-content\/uploads\/2018\/11\/Devcon-11765-Brushable-Ceramic-Blue.gif\",\"datePublished\":\"2016-04-27T18:10:11+00:00\",\"dateModified\":\"2025-05-23T20:52:20+00:00\",\"description\":\"Devcon Brushable Ceramic Blue compuesto con cer\u00e1mica y al\u00famina que proporciona protecci\u00f3n contra corrosi\u00f3n, abrasi\u00f3n, cavitaci\u00f3n, erosi\u00f3n y ataque qu\u00edmico.\",\"breadcrumb\":{\"@id\":\"https:\/\/tecnimport.com.pe\/web\/productos\/devcon-productos\/reparaciones-de-precision-y-proteccion\/devcon-brushable-ceramic-blue-ceramico-liquido\/#breadcrumb\"},\"inLanguage\":\"es\",\"potentialAction\":[{\"@type\":\"ReadAction\",\"target\":[\"https:\/\/tecnimport.com.pe\/web\/productos\/devcon-productos\/reparaciones-de-precision-y-proteccion\/devcon-brushable-ceramic-blue-ceramico-liquido\/\"]}]},{\"@type\":\"ImageObject\",\"inLanguage\":\"es\",\"@id\":\"https:\/\/tecnimport.com.pe\/web\/productos\/devcon-productos\/reparaciones-de-precision-y-proteccion\/devcon-brushable-ceramic-blue-ceramico-liquido\/#primaryimage\",\"url\":\"https:\/\/tecnimport.com.pe\/web\/wp-content\/uploads\/2018\/11\/Devcon-11765-Brushable-Ceramic-Blue.gif\",\"contentUrl\":\"https:\/\/tecnimport.com.pe\/web\/wp-content\/uploads\/2018\/11\/Devcon-11765-Brushable-Ceramic-Blue.gif\",\"width\":1000,\"height\":1000,\"caption\":\"Devcon Brushable Ceramic Blue 11765 11767 Cer\u00e1mico L\u00edquido\"},{\"@type\":\"BreadcrumbList\",\"@id\":\"https:\/\/tecnimport.com.pe\/web\/productos\/devcon-productos\/reparaciones-de-precision-y-proteccion\/devcon-brushable-ceramic-blue-ceramico-liquido\/#breadcrumb\",\"itemListElement\":[{\"@type\":\"ListItem\",\"position\":1,\"name\":\"Portada\",\"item\":\"https:\/\/tecnimport.com.pe\/web\/\"},{\"@type\":\"ListItem\",\"position\":2,\"name\":\"Productos\",\"item\":\"https:\/\/tecnimport.com.pe\/web\/productos-navigation\/\"},{\"@type\":\"ListItem\",\"position\":3,\"name\":\"Devcon Brushable Ceramic Blue 11765 11767\"}]},{\"@type\":\"WebSite\",\"@id\":\"https:\/\/tecnimport.com.pe\/web\/#website\",\"url\":\"https:\/\/tecnimport.com.pe\/web\/\",\"name\":\"TECNIMPORT S.A.\",\"description\":\"Representante de Devcon, LPS, Rocol y Procyon en el Per\u00fa\",\"publisher\":{\"@id\":\"https:\/\/tecnimport.com.pe\/web\/#organization\"},\"potentialAction\":[{\"@type\":\"SearchAction\",\"target\":{\"@type\":\"EntryPoint\",\"urlTemplate\":\"https:\/\/tecnimport.com.pe\/web\/?s={search_term_string}\"},\"query-input\":{\"@type\":\"PropertyValueSpecification\",\"valueRequired\":true,\"valueName\":\"search_term_string\"}}],\"inLanguage\":\"es\"},{\"@type\":\"Organization\",\"@id\":\"https:\/\/tecnimport.com.pe\/web\/#organization\",\"name\":\"Tecnimport S.A\",\"url\":\"https:\/\/tecnimport.com.pe\/web\/\",\"logo\":{\"@type\":\"ImageObject\",\"inLanguage\":\"es\",\"@id\":\"https:\/\/tecnimport.com.pe\/web\/#\/schema\/logo\/image\/\",\"url\":\"https:\/\/tecnimport.com.pe\/web\/wp-content\/uploads\/2020\/03\/logo_tecnimport.png\",\"contentUrl\":\"https:\/\/tecnimport.com.pe\/web\/wp-content\/uploads\/2020\/03\/logo_tecnimport.png\",\"width\":367,\"height\":49,\"caption\":\"Tecnimport S.A\"},\"image\":{\"@id\":\"https:\/\/tecnimport.com.pe\/web\/#\/schema\/logo\/image\/\"}}]}<\/script>\n<meta property=\"og:availability\" content=\"instock\" \/>\n<meta property=\"product:availability\" content=\"instock\" \/>\n<meta property=\"product:condition\" content=\"new\" \/>\n<!-- \/ Yoast SEO plugin. -->","yoast_head_json":{"title":"Devcon Brushable Ceramic Blue - Cer\u00e1mico L\u00edquido","description":"Devcon Brushable Ceramic Blue compuesto con cer\u00e1mica y al\u00famina que proporciona protecci\u00f3n contra corrosi\u00f3n, abrasi\u00f3n, cavitaci\u00f3n, erosi\u00f3n y ataque qu\u00edmico.","robots":{"index":"index","follow":"follow","max-snippet":"max-snippet:-1","max-image-preview":"max-image-preview:large","max-video-preview":"max-video-preview:-1"},"canonical":"https:\/\/tecnimport.com.pe\/web\/productos\/devcon-productos\/reparaciones-de-precision-y-proteccion\/devcon-brushable-ceramic-blue-ceramico-liquido\/","og_locale":"es_ES","og_type":"article","og_title":"Devcon Brushable Ceramic Blue - Cer\u00e1mico L\u00edquido","og_description":"Devcon Brushable Ceramic Blue compuesto con cer\u00e1mica y al\u00famina que proporciona protecci\u00f3n contra corrosi\u00f3n, abrasi\u00f3n, cavitaci\u00f3n, erosi\u00f3n y ataque qu\u00edmico.","og_url":"https:\/\/tecnimport.com.pe\/web\/productos\/devcon-productos\/reparaciones-de-precision-y-proteccion\/devcon-brushable-ceramic-blue-ceramico-liquido\/","og_site_name":"TECNIMPORT S.A.","article_modified_time":"2025-05-23T20:52:20+00:00","og_image":[{"width":1000,"height":1000,"url":"https:\/\/tecnimport.com.pe\/web\/wp-content\/uploads\/2018\/11\/Devcon-11765-Brushable-Ceramic-Blue.gif","type":"image\/gif"}],"twitter_card":"summary_large_image","twitter_misc":{"Disponibilidad":"Disponible"},"schema":{"@context":"https:\/\/schema.org","@graph":[{"@type":"WebPage","@id":"https:\/\/tecnimport.com.pe\/web\/productos\/devcon-productos\/reparaciones-de-precision-y-proteccion\/devcon-brushable-ceramic-blue-ceramico-liquido\/","url":"https:\/\/tecnimport.com.pe\/web\/productos\/devcon-productos\/reparaciones-de-precision-y-proteccion\/devcon-brushable-ceramic-blue-ceramico-liquido\/","name":"Devcon Brushable Ceramic Blue - Cer\u00e1mico L\u00edquido","isPartOf":{"@id":"https:\/\/tecnimport.com.pe\/web\/#website"},"primaryImageOfPage":{"@id":"https:\/\/tecnimport.com.pe\/web\/productos\/devcon-productos\/reparaciones-de-precision-y-proteccion\/devcon-brushable-ceramic-blue-ceramico-liquido\/#primaryimage"},"image":{"@id":"https:\/\/tecnimport.com.pe\/web\/productos\/devcon-productos\/reparaciones-de-precision-y-proteccion\/devcon-brushable-ceramic-blue-ceramico-liquido\/#primaryimage"},"thumbnailUrl":"https:\/\/tecnimport.com.pe\/web\/wp-content\/uploads\/2018\/11\/Devcon-11765-Brushable-Ceramic-Blue.gif","datePublished":"2016-04-27T18:10:11+00:00","dateModified":"2025-05-23T20:52:20+00:00","description":"Devcon Brushable Ceramic Blue compuesto con cer\u00e1mica y al\u00famina que proporciona protecci\u00f3n contra corrosi\u00f3n, abrasi\u00f3n, cavitaci\u00f3n, erosi\u00f3n y ataque qu\u00edmico.","breadcrumb":{"@id":"https:\/\/tecnimport.com.pe\/web\/productos\/devcon-productos\/reparaciones-de-precision-y-proteccion\/devcon-brushable-ceramic-blue-ceramico-liquido\/#breadcrumb"},"inLanguage":"es","potentialAction":[{"@type":"ReadAction","target":["https:\/\/tecnimport.com.pe\/web\/productos\/devcon-productos\/reparaciones-de-precision-y-proteccion\/devcon-brushable-ceramic-blue-ceramico-liquido\/"]}]},{"@type":"ImageObject","inLanguage":"es","@id":"https:\/\/tecnimport.com.pe\/web\/productos\/devcon-productos\/reparaciones-de-precision-y-proteccion\/devcon-brushable-ceramic-blue-ceramico-liquido\/#primaryimage","url":"https:\/\/tecnimport.com.pe\/web\/wp-content\/uploads\/2018\/11\/Devcon-11765-Brushable-Ceramic-Blue.gif","contentUrl":"https:\/\/tecnimport.com.pe\/web\/wp-content\/uploads\/2018\/11\/Devcon-11765-Brushable-Ceramic-Blue.gif","width":1000,"height":1000,"caption":"Devcon Brushable Ceramic Blue 11765 11767 Cer\u00e1mico L\u00edquido"},{"@type":"BreadcrumbList","@id":"https:\/\/tecnimport.com.pe\/web\/productos\/devcon-productos\/reparaciones-de-precision-y-proteccion\/devcon-brushable-ceramic-blue-ceramico-liquido\/#breadcrumb","itemListElement":[{"@type":"ListItem","position":1,"name":"Portada","item":"https:\/\/tecnimport.com.pe\/web\/"},{"@type":"ListItem","position":2,"name":"Productos","item":"https:\/\/tecnimport.com.pe\/web\/productos-navigation\/"},{"@type":"ListItem","position":3,"name":"Devcon Brushable Ceramic Blue 11765 11767"}]},{"@type":"WebSite","@id":"https:\/\/tecnimport.com.pe\/web\/#website","url":"https:\/\/tecnimport.com.pe\/web\/","name":"TECNIMPORT S.A.","description":"Representante de Devcon, LPS, Rocol y Procyon en el Per\u00fa","publisher":{"@id":"https:\/\/tecnimport.com.pe\/web\/#organization"},"potentialAction":[{"@type":"SearchAction","target":{"@type":"EntryPoint","urlTemplate":"https:\/\/tecnimport.com.pe\/web\/?s={search_term_string}"},"query-input":{"@type":"PropertyValueSpecification","valueRequired":true,"valueName":"search_term_string"}}],"inLanguage":"es"},{"@type":"Organization","@id":"https:\/\/tecnimport.com.pe\/web\/#organization","name":"Tecnimport S.A","url":"https:\/\/tecnimport.com.pe\/web\/","logo":{"@type":"ImageObject","inLanguage":"es","@id":"https:\/\/tecnimport.com.pe\/web\/#\/schema\/logo\/image\/","url":"https:\/\/tecnimport.com.pe\/web\/wp-content\/uploads\/2020\/03\/logo_tecnimport.png","contentUrl":"https:\/\/tecnimport.com.pe\/web\/wp-content\/uploads\/2020\/03\/logo_tecnimport.png","width":367,"height":49,"caption":"Tecnimport S.A"},"image":{"@id":"https:\/\/tecnimport.com.pe\/web\/#\/schema\/logo\/image\/"}}]},"og_availability":"instock","product_availability":"instock","product_condition":"new"},"_links":{"self":[{"href":"https:\/\/tecnimport.com.pe\/web\/wp-json\/wp\/v2\/product\/2270","targetHints":{"allow":["GET"]}}],"collection":[{"href":"https:\/\/tecnimport.com.pe\/web\/wp-json\/wp\/v2\/product"}],"about":[{"href":"https:\/\/tecnimport.com.pe\/web\/wp-json\/wp\/v2\/types\/product"}],"wp:featuredmedia":[{"embeddable":true,"href":"https:\/\/tecnimport.com.pe\/web\/wp-json\/wp\/v2\/media\/3707"}],"wp:attachment":[{"href":"https:\/\/tecnimport.com.pe\/web\/wp-json\/wp\/v2\/media?parent=2270"}],"wp:term":[{"taxonomy":"product_brand","embeddable":true,"href":"https:\/\/tecnimport.com.pe\/web\/wp-json\/wp\/v2\/product_brand?post=2270"},{"taxonomy":"product_cat","embeddable":true,"href":"https:\/\/tecnimport.com.pe\/web\/wp-json\/wp\/v2\/product_cat?post=2270"},{"taxonomy":"product_tag","embeddable":true,"href":"https:\/\/tecnimport.com.pe\/web\/wp-json\/wp\/v2\/product_tag?post=2270"}],"curies":[{"name":"wp","href":"https:\/\/api.w.org\/{rel}","templated":true}]}}