{"id":2265,"date":"2016-04-27T11:18:58","date_gmt":"2016-04-27T16:18:58","guid":{"rendered":"http:\/\/tecnimport.com.pe\/web\/?post_type=product&#038;p=2265"},"modified":"2025-06-02T15:18:40","modified_gmt":"2025-06-02T20:18:40","slug":"devcon-ceramic-repair-putty-11700-11730-ceramico-en-pasta","status":"publish","type":"product","link":"https:\/\/tecnimport.com.pe\/web\/productos\/devcon-productos\/devcon-ceramic-repair-putty-11700-11730-ceramico-en-pasta\/","title":{"rendered":"Devcon Ceramic Repair Putty 11700 11730"},"content":{"rendered":"<div class=\"wpb-content-wrapper\"><p>[vc_row][vc_column][vc_column_text css=\u00bb\u00bb woodmart_inline=\u00bbno\u00bb text_larger=\u00bbno\u00bb]<\/p>\n<h3><strong class=\"subtitulo_prod\">Devcon Ceramic Repair Putty\u00a0 &#8211; Cer\u00e1mico en Pasta<\/strong><\/h3>\n<h5><strong class=\"subtitulo_prod\">Presentaci\u00f3n &amp; Fichas<\/strong><\/h5>\n<div class=\"table-container\">\n<table class=\"responsive-table\">\n<thead>\n<tr>\n<th style=\"text-align: center;\">N\u00ba de Parte<\/th>\n<th style=\"text-align: center;\">Capacidad<\/th>\n<th style=\"text-align: center;\">Envase<\/th>\n<th style=\"text-align: center;\"><i class=\"fas fa-download\"><\/i> Ficha T\u00e9cnica (TDS)<\/th>\n<\/tr>\n<\/thead>\n<tbody>\n<tr>\n<td style=\"text-align: center;\">11700<\/td>\n<td style=\"text-align: center;\">3 lb<\/td>\n<td style=\"text-align: center;\">Envase<\/td>\n<td style=\"text-align: center;\"><a href=\"https:\/\/tecnimport.com.pe\/web\/wp-content\/uploads\/2021\/02\/Devcon-11700-CERAMIC-REPAIR-PUTTY-FT.pdf\" target=\"_blank\" rel=\"noopener\"><i class=\"fas fa-download\"><\/i> Descargar<\/a><\/td>\n<\/tr>\n<tr>\n<td style=\"text-align: center;\">11770<\/td>\n<td style=\"text-align: center;\">30 lb<\/td>\n<td style=\"text-align: center;\">Envase<\/td>\n<td style=\"text-align: center;\"><a href=\"https:\/\/tecnimport.com.pe\/web\/wp-content\/uploads\/2021\/02\/Devcon-11700-CERAMIC-REPAIR-PUTTY-FT.pdf\" target=\"_blank\" rel=\"noopener\"><i class=\"fas fa-download\"><\/i> Descargar<\/a><\/td>\n<\/tr>\n<\/tbody>\n<\/table>\n<\/div>\n<p>[\/vc_column_text][\/vc_column][\/vc_row][vc_row][vc_column width=\u00bb1\/3&#8243;][vc_column_text css=\u00bb\u00bb woodmart_inline=\u00bbno\u00bb text_larger=\u00bbno\u00bb]<\/p>\n<h5><strong class=\"subtitulo_prod\">Otras Caracter\u00edsticas<\/strong><\/h5>\n<ul>\n<li>Rango de temperatura de hasta 175 \u00b0C<\/li>\n<li>Excelente para rellenar huecos y reconstruir piezas fundidas de metal<\/li>\n<li>Cumple con la especificaci\u00f3n militar DOD-C-24176B(SH) Tipo I II<\/li>\n<li>Tiempo abierto: 25 minutos<\/li>\n<li>Relleno de huecos: 0,0625\u2033 \u2013 0,075\u2033<\/li>\n<\/ul>\n<p>[\/vc_column_text][\/vc_column][vc_column width=\u00bb1\/3&#8243;][vc_column_text css=\u00bb\u00bb woodmart_inline=\u00bbno\u00bb text_larger=\u00bbno\u00bb]<\/p>\n<h5><strong class=\"subtitulo_prod\">Aplicaciones<\/strong><\/h5>\n<ul>\n<li>Ruedas<\/li>\n<li>Cadenas<\/li>\n<li>Canales<\/li>\n<li>Transportadores<\/li>\n<li>Equipos de llenado<\/li>\n<li>Estantes para alimentos<\/li>\n<li>Carritos de servicio de alimentos<\/li>\n<li>Cortadoras<\/li>\n<\/ul>\n<p>[\/vc_column_text][\/vc_column][vc_column width=\u00bb1\/3&#8243;][vc_column_text css=\u00bb\u00bb woodmart_inline=\u00bbno\u00bb text_larger=\u00bbno\u00bb]<\/p>\n<h5><strong class=\"subtitulo_prod\">Aplicaci\u00f3n<\/strong><\/h5>\n<p>[\/vc_column_text][vc_single_image image=\u00bb3706&#8243; img_size=\u00bblarge\u00bb add_caption=\u00bbyes\u00bb alignment=\u00bbcenter\u00bb css=\u00bb\u00bb parallax_scroll=\u00bbno\u00bb woodmart_inline=\u00bbno\u00bb][\/vc_column][\/vc_row][vc_row][vc_column width=\u00bb1\/3&#8243;][vc_column_text css=\u00bb\u00bb woodmart_inline=\u00bbno\u00bb text_larger=\u00bbno\u00bb]<\/p>\n<h5><strong class=\"subtitulo_prod\">Marca &amp; Fabricante<\/strong><\/h5>\n<table class=\"table\">\n<tbody>\n<tr>\n<td>Marca<\/td>\n<td><strong><a href=\"https:\/\/tecnimport.com.pe\/web\/devcon-peru\/\" target=\"_blank\" rel=\"noopener\">DEVCON<\/a><\/strong><\/td>\n<\/tr>\n<tr>\n<td>Fabricante<\/td>\n<td><strong><a href=\"https:\/\/itwperformancepolymers.com\/products\/devcon\/corrosion-erosion-repair\/devcon-ceramic-repair-putty\" target=\"_blank\" rel=\"noopener\">ITW Performance polymers<\/a><\/strong><\/td>\n<\/tr>\n<\/tbody>\n<\/table>\n<p>[\/vc_column_text][\/vc_column][vc_column width=\u00bb1\/3&#8243;][\/vc_column][vc_column width=\u00bb1\/3&#8243;][\/vc_column][\/vc_row][vc_row][\/vc_row][vc_column][vc_column_text css=\u00bb\u00bb woodmart_inline=\u00bbno\u00bb text_larger=\u00bbno\u00bb]<\/p>\n<h5><strong class=\"subtitulo_prod\">Propiedades de Curado 7 d\u00edas @ 75\u00b0F (24\u00b0C)<\/strong><\/h5>\n<table class=\"table\">\n<thead><\/thead>\n<tbody>\n<tr>\n<td>Resistencia al Corte por Adhesi\u00f3n<\/td>\n<td>2,000 psi<\/td>\n<\/tr>\n<tr>\n<td>Coef. de Expansi\u00f3n T\u00e9rmica<\/td>\n<td>23.8 [(in)(in) x \u00b0F)]x10(-6)<\/td>\n<\/tr>\n<tr>\n<td>Color<\/td>\n<td>Azul Oscuro<\/td>\n<\/tr>\n<tr>\n<td>Resistencia a la Compresi\u00f3n<\/td>\n<td>12,700 psi<\/td>\n<\/tr>\n<tr>\n<td>Cobertura\/lb<\/td>\n<td>66 sq.in.\/lb.@1\/4\u201d<\/td>\n<\/tr>\n<tr>\n<td>Dureza de Curado<\/td>\n<td>86D<\/td>\n<\/tr>\n<tr>\n<td>Contracci\u00f3n despu\u00e9s de Curado<\/td>\n<td>0.0020 in.\/in.<\/td>\n<\/tr>\n<tr>\n<td>Constante Diel\u00e9ctrica<\/td>\n<td>4.1 @ 1 MHz<\/td>\n<\/tr>\n<tr>\n<td>Tensi\u00f3n Diel\u00e9ctrica<\/td>\n<td>370 volts\/mils<\/td>\n<\/tr>\n<tr>\n<td>Resistencia a la Flexi\u00f3n<\/td>\n<td>6,475 psi<\/td>\n<\/tr>\n<tr>\n<td>Tiempo de Curado<\/td>\n<td>16 hrs<\/td>\n<\/tr>\n<tr>\n<td>Raz\u00f3n de Mezcla por Volumen<\/td>\n<td>4.3:1<\/td>\n<\/tr>\n<tr>\n<td>Raz\u00f3n de Mezcla por Peso<\/td>\n<td>0.292361111111111<\/td>\n<\/tr>\n<tr>\n<td>Viscosidad de la Mezcla<\/td>\n<td>Masilla<\/td>\n<\/tr>\n<tr>\n<td>Vida \u00datil @ 75F<\/td>\n<td>25 min.<\/td>\n<\/tr>\n<tr>\n<td>Tiempo de Recapa<\/td>\n<td>2-4 hrs<\/td>\n<\/tr>\n<tr>\n<td>S\u00f3lidos por Volumen<\/td>\n<td>100<\/td>\n<\/tr>\n<tr>\n<td>Gravedad Espec\u00edfica<\/td>\n<td>1.69 gm\/cc<\/td>\n<\/tr>\n<tr>\n<td>Volumen Espec\u00edfico<\/td>\n<td>16.4 in.(3)\/lb.<\/td>\n<\/tr>\n<tr>\n<td>Resistencia a la Temperatura<\/td>\n<td>H\u00famedo: 150\u00b0F; Seco: 350\u00b0F<\/td>\n<\/tr>\n<tr>\n<td>Conductividad T\u00e9rmica<\/td>\n<td>1.88 [cal\/sec \u00baC cm]x10(3)<\/td>\n<\/tr>\n<\/tbody>\n<\/table>\n<p>[\/vc_column_text][\/vc_column]<\/p>\n<\/div>","protected":false},"excerpt":{"rendered":"<p><strong>Devcon Ceramic Repair Putty 11700 11730 <\/strong>es un cer\u00e1mico en pasta, compuesto de resina ep\u00f3dica, aplicable con esp\u00e1tula, que contiene al\u00famina, para reconstruir, alisar y proteger equipos de procesamiento expuestos a la corrosi\u00f3n, erosi\u00f3n, cavitaci\u00f3n, productos qu\u00edmicos y \u00e1cidos.<\/p>\n","protected":false},"featured_media":3706,"template":"","meta":[],"product_brand":[233],"product_cat":[206,219,218],"product_tag":[1402,1368,1369],"class_list":{"0":"post-2265","1":"product","2":"type-product","3":"status-publish","4":"has-post-thumbnail","6":"product_brand-devcon","7":"product_cat-devcon-productos","8":"product_cat-reparaciones-de-precision-y-proteccion","9":"product_cat-reparaciones-y-reconstrucciones-metalicas","10":"product_tag-ceramico-en-pasta","11":"product_tag-masilla-epoxica","12":"product_tag-reparaciones-de-precision","14":"first","15":"instock","16":"shipping-taxable","17":"purchasable","18":"product-type-variable"},"yoast_head":"<!-- This site is optimized with the Yoast SEO plugin v26.9 - https:\/\/yoast.com\/product\/yoast-seo-wordpress\/ -->\n<title>Devcon Ceramic Repair Putty 11700 11730 - Cer\u00e1mico en Pasta<\/title>\n<meta name=\"description\" content=\"Devcon Ceramic Repair Putty Cer\u00e1mico en pasta, compuesto de resina ep\u00f3xica, aplicable con esp\u00e1tula, que contiene al\u00famina, para reconstruir, alisar y proteger equipos de procesamiento expuestos a la corrosi\u00f3n, erosi\u00f3n, cavitaci\u00f3n, productos qu\u00edmicos y \u00e1cidos.\" \/>\n<meta name=\"robots\" content=\"index, follow, max-snippet:-1, max-image-preview:large, max-video-preview:-1\" \/>\n<link rel=\"canonical\" href=\"https:\/\/tecnimport.com.pe\/web\/productos\/devcon-productos\/devcon-ceramic-repair-putty-11700-11730-ceramico-en-pasta\/\" \/>\n<meta property=\"og:locale\" content=\"es_ES\" \/>\n<meta property=\"og:type\" content=\"article\" \/>\n<meta property=\"og:title\" content=\"Devcon Ceramic Repair Putty 11700 11730 - Cer\u00e1mico en Pasta\" \/>\n<meta property=\"og:description\" content=\"Devcon Ceramic Repair Putty Cer\u00e1mico en pasta, compuesto de resina ep\u00f3xica, aplicable con esp\u00e1tula, que contiene al\u00famina, para reconstruir, alisar y proteger equipos de procesamiento expuestos a la corrosi\u00f3n, erosi\u00f3n, cavitaci\u00f3n, productos qu\u00edmicos y \u00e1cidos.\" \/>\n<meta property=\"og:url\" content=\"https:\/\/tecnimport.com.pe\/web\/productos\/devcon-productos\/devcon-ceramic-repair-putty-11700-11730-ceramico-en-pasta\/\" \/>\n<meta property=\"og:site_name\" content=\"TECNIMPORT S.A.\" \/>\n<meta property=\"article:modified_time\" content=\"2025-06-02T20:18:40+00:00\" \/>\n<meta property=\"og:image\" content=\"https:\/\/tecnimport.com.pe\/web\/wp-content\/uploads\/2018\/11\/Devcon-11700-Ceramica-Reapir-Putty.gif\" \/>\n\t<meta property=\"og:image:width\" content=\"1000\" \/>\n\t<meta property=\"og:image:height\" content=\"1000\" \/>\n\t<meta property=\"og:image:type\" content=\"image\/gif\" \/>\n<meta name=\"twitter:card\" content=\"summary_large_image\" \/>\n<meta name=\"twitter:label1\" content=\"Disponibilidad\" \/>\n\t<meta name=\"twitter:data1\" content=\"Disponible\" \/>\n<script type=\"application\/ld+json\" class=\"yoast-schema-graph\">{\"@context\":\"https:\/\/schema.org\",\"@graph\":[{\"@type\":\"WebPage\",\"@id\":\"https:\/\/tecnimport.com.pe\/web\/productos\/devcon-productos\/devcon-ceramic-repair-putty-11700-11730-ceramico-en-pasta\/\",\"url\":\"https:\/\/tecnimport.com.pe\/web\/productos\/devcon-productos\/devcon-ceramic-repair-putty-11700-11730-ceramico-en-pasta\/\",\"name\":\"Devcon Ceramic Repair Putty 11700 11730 - Cer\u00e1mico en Pasta\",\"isPartOf\":{\"@id\":\"https:\/\/tecnimport.com.pe\/web\/#website\"},\"primaryImageOfPage\":{\"@id\":\"https:\/\/tecnimport.com.pe\/web\/productos\/devcon-productos\/devcon-ceramic-repair-putty-11700-11730-ceramico-en-pasta\/#primaryimage\"},\"image\":{\"@id\":\"https:\/\/tecnimport.com.pe\/web\/productos\/devcon-productos\/devcon-ceramic-repair-putty-11700-11730-ceramico-en-pasta\/#primaryimage\"},\"thumbnailUrl\":\"https:\/\/tecnimport.com.pe\/web\/wp-content\/uploads\/2018\/11\/Devcon-11700-Ceramica-Reapir-Putty.gif\",\"datePublished\":\"2016-04-27T16:18:58+00:00\",\"dateModified\":\"2025-06-02T20:18:40+00:00\",\"description\":\"Devcon Ceramic Repair Putty Cer\u00e1mico en pasta, compuesto de resina ep\u00f3xica, aplicable con esp\u00e1tula, que contiene al\u00famina, para reconstruir, alisar y proteger equipos de procesamiento expuestos a la corrosi\u00f3n, erosi\u00f3n, cavitaci\u00f3n, productos qu\u00edmicos y \u00e1cidos.\",\"breadcrumb\":{\"@id\":\"https:\/\/tecnimport.com.pe\/web\/productos\/devcon-productos\/devcon-ceramic-repair-putty-11700-11730-ceramico-en-pasta\/#breadcrumb\"},\"inLanguage\":\"es\",\"potentialAction\":[{\"@type\":\"ReadAction\",\"target\":[\"https:\/\/tecnimport.com.pe\/web\/productos\/devcon-productos\/devcon-ceramic-repair-putty-11700-11730-ceramico-en-pasta\/\"]}]},{\"@type\":\"ImageObject\",\"inLanguage\":\"es\",\"@id\":\"https:\/\/tecnimport.com.pe\/web\/productos\/devcon-productos\/devcon-ceramic-repair-putty-11700-11730-ceramico-en-pasta\/#primaryimage\",\"url\":\"https:\/\/tecnimport.com.pe\/web\/wp-content\/uploads\/2018\/11\/Devcon-11700-Ceramica-Reapir-Putty.gif\",\"contentUrl\":\"https:\/\/tecnimport.com.pe\/web\/wp-content\/uploads\/2018\/11\/Devcon-11700-Ceramica-Reapir-Putty.gif\",\"width\":1000,\"height\":1000,\"caption\":\"Devcon Ceramic Repair Putty 11700 11730 - Cer\u00e1mico en Pasta\"},{\"@type\":\"BreadcrumbList\",\"@id\":\"https:\/\/tecnimport.com.pe\/web\/productos\/devcon-productos\/devcon-ceramic-repair-putty-11700-11730-ceramico-en-pasta\/#breadcrumb\",\"itemListElement\":[{\"@type\":\"ListItem\",\"position\":1,\"name\":\"Portada\",\"item\":\"https:\/\/tecnimport.com.pe\/web\/\"},{\"@type\":\"ListItem\",\"position\":2,\"name\":\"Productos\",\"item\":\"https:\/\/tecnimport.com.pe\/web\/productos-navigation\/\"},{\"@type\":\"ListItem\",\"position\":3,\"name\":\"Devcon Ceramic Repair Putty 11700 11730\"}]},{\"@type\":\"WebSite\",\"@id\":\"https:\/\/tecnimport.com.pe\/web\/#website\",\"url\":\"https:\/\/tecnimport.com.pe\/web\/\",\"name\":\"TECNIMPORT S.A.\",\"description\":\"Representante de Devcon, LPS, Rocol y Procyon en el Per\u00fa\",\"publisher\":{\"@id\":\"https:\/\/tecnimport.com.pe\/web\/#organization\"},\"potentialAction\":[{\"@type\":\"SearchAction\",\"target\":{\"@type\":\"EntryPoint\",\"urlTemplate\":\"https:\/\/tecnimport.com.pe\/web\/?s={search_term_string}\"},\"query-input\":{\"@type\":\"PropertyValueSpecification\",\"valueRequired\":true,\"valueName\":\"search_term_string\"}}],\"inLanguage\":\"es\"},{\"@type\":\"Organization\",\"@id\":\"https:\/\/tecnimport.com.pe\/web\/#organization\",\"name\":\"Tecnimport S.A\",\"url\":\"https:\/\/tecnimport.com.pe\/web\/\",\"logo\":{\"@type\":\"ImageObject\",\"inLanguage\":\"es\",\"@id\":\"https:\/\/tecnimport.com.pe\/web\/#\/schema\/logo\/image\/\",\"url\":\"https:\/\/tecnimport.com.pe\/web\/wp-content\/uploads\/2020\/03\/logo_tecnimport.png\",\"contentUrl\":\"https:\/\/tecnimport.com.pe\/web\/wp-content\/uploads\/2020\/03\/logo_tecnimport.png\",\"width\":367,\"height\":49,\"caption\":\"Tecnimport S.A\"},\"image\":{\"@id\":\"https:\/\/tecnimport.com.pe\/web\/#\/schema\/logo\/image\/\"}}]}<\/script>\n<meta property=\"og:availability\" content=\"instock\" \/>\n<meta property=\"product:availability\" content=\"instock\" \/>\n<meta property=\"product:retailer_item_id\" content=\"11700\" \/>\n<meta property=\"product:condition\" content=\"new\" \/>\n<!-- \/ Yoast SEO plugin. -->","yoast_head_json":{"title":"Devcon Ceramic Repair Putty 11700 11730 - Cer\u00e1mico en Pasta","description":"Devcon Ceramic Repair Putty Cer\u00e1mico en pasta, compuesto de resina ep\u00f3xica, aplicable con esp\u00e1tula, que contiene al\u00famina, para reconstruir, alisar y proteger equipos de procesamiento expuestos a la corrosi\u00f3n, erosi\u00f3n, cavitaci\u00f3n, productos qu\u00edmicos y \u00e1cidos.","robots":{"index":"index","follow":"follow","max-snippet":"max-snippet:-1","max-image-preview":"max-image-preview:large","max-video-preview":"max-video-preview:-1"},"canonical":"https:\/\/tecnimport.com.pe\/web\/productos\/devcon-productos\/devcon-ceramic-repair-putty-11700-11730-ceramico-en-pasta\/","og_locale":"es_ES","og_type":"article","og_title":"Devcon Ceramic Repair Putty 11700 11730 - Cer\u00e1mico en Pasta","og_description":"Devcon Ceramic Repair Putty Cer\u00e1mico en pasta, compuesto de resina ep\u00f3xica, aplicable con esp\u00e1tula, que contiene al\u00famina, para reconstruir, alisar y proteger equipos de procesamiento expuestos a la corrosi\u00f3n, erosi\u00f3n, cavitaci\u00f3n, productos qu\u00edmicos y \u00e1cidos.","og_url":"https:\/\/tecnimport.com.pe\/web\/productos\/devcon-productos\/devcon-ceramic-repair-putty-11700-11730-ceramico-en-pasta\/","og_site_name":"TECNIMPORT S.A.","article_modified_time":"2025-06-02T20:18:40+00:00","og_image":[{"width":1000,"height":1000,"url":"https:\/\/tecnimport.com.pe\/web\/wp-content\/uploads\/2018\/11\/Devcon-11700-Ceramica-Reapir-Putty.gif","type":"image\/gif"}],"twitter_card":"summary_large_image","twitter_misc":{"Disponibilidad":"Disponible"},"schema":{"@context":"https:\/\/schema.org","@graph":[{"@type":"WebPage","@id":"https:\/\/tecnimport.com.pe\/web\/productos\/devcon-productos\/devcon-ceramic-repair-putty-11700-11730-ceramico-en-pasta\/","url":"https:\/\/tecnimport.com.pe\/web\/productos\/devcon-productos\/devcon-ceramic-repair-putty-11700-11730-ceramico-en-pasta\/","name":"Devcon Ceramic Repair Putty 11700 11730 - Cer\u00e1mico en Pasta","isPartOf":{"@id":"https:\/\/tecnimport.com.pe\/web\/#website"},"primaryImageOfPage":{"@id":"https:\/\/tecnimport.com.pe\/web\/productos\/devcon-productos\/devcon-ceramic-repair-putty-11700-11730-ceramico-en-pasta\/#primaryimage"},"image":{"@id":"https:\/\/tecnimport.com.pe\/web\/productos\/devcon-productos\/devcon-ceramic-repair-putty-11700-11730-ceramico-en-pasta\/#primaryimage"},"thumbnailUrl":"https:\/\/tecnimport.com.pe\/web\/wp-content\/uploads\/2018\/11\/Devcon-11700-Ceramica-Reapir-Putty.gif","datePublished":"2016-04-27T16:18:58+00:00","dateModified":"2025-06-02T20:18:40+00:00","description":"Devcon Ceramic Repair Putty Cer\u00e1mico en pasta, compuesto de resina ep\u00f3xica, aplicable con esp\u00e1tula, que contiene al\u00famina, para reconstruir, alisar y proteger equipos de procesamiento expuestos a la corrosi\u00f3n, erosi\u00f3n, cavitaci\u00f3n, productos qu\u00edmicos y \u00e1cidos.","breadcrumb":{"@id":"https:\/\/tecnimport.com.pe\/web\/productos\/devcon-productos\/devcon-ceramic-repair-putty-11700-11730-ceramico-en-pasta\/#breadcrumb"},"inLanguage":"es","potentialAction":[{"@type":"ReadAction","target":["https:\/\/tecnimport.com.pe\/web\/productos\/devcon-productos\/devcon-ceramic-repair-putty-11700-11730-ceramico-en-pasta\/"]}]},{"@type":"ImageObject","inLanguage":"es","@id":"https:\/\/tecnimport.com.pe\/web\/productos\/devcon-productos\/devcon-ceramic-repair-putty-11700-11730-ceramico-en-pasta\/#primaryimage","url":"https:\/\/tecnimport.com.pe\/web\/wp-content\/uploads\/2018\/11\/Devcon-11700-Ceramica-Reapir-Putty.gif","contentUrl":"https:\/\/tecnimport.com.pe\/web\/wp-content\/uploads\/2018\/11\/Devcon-11700-Ceramica-Reapir-Putty.gif","width":1000,"height":1000,"caption":"Devcon Ceramic Repair Putty 11700 11730 - Cer\u00e1mico en Pasta"},{"@type":"BreadcrumbList","@id":"https:\/\/tecnimport.com.pe\/web\/productos\/devcon-productos\/devcon-ceramic-repair-putty-11700-11730-ceramico-en-pasta\/#breadcrumb","itemListElement":[{"@type":"ListItem","position":1,"name":"Portada","item":"https:\/\/tecnimport.com.pe\/web\/"},{"@type":"ListItem","position":2,"name":"Productos","item":"https:\/\/tecnimport.com.pe\/web\/productos-navigation\/"},{"@type":"ListItem","position":3,"name":"Devcon Ceramic Repair Putty 11700 11730"}]},{"@type":"WebSite","@id":"https:\/\/tecnimport.com.pe\/web\/#website","url":"https:\/\/tecnimport.com.pe\/web\/","name":"TECNIMPORT S.A.","description":"Representante de Devcon, LPS, Rocol y Procyon en el Per\u00fa","publisher":{"@id":"https:\/\/tecnimport.com.pe\/web\/#organization"},"potentialAction":[{"@type":"SearchAction","target":{"@type":"EntryPoint","urlTemplate":"https:\/\/tecnimport.com.pe\/web\/?s={search_term_string}"},"query-input":{"@type":"PropertyValueSpecification","valueRequired":true,"valueName":"search_term_string"}}],"inLanguage":"es"},{"@type":"Organization","@id":"https:\/\/tecnimport.com.pe\/web\/#organization","name":"Tecnimport S.A","url":"https:\/\/tecnimport.com.pe\/web\/","logo":{"@type":"ImageObject","inLanguage":"es","@id":"https:\/\/tecnimport.com.pe\/web\/#\/schema\/logo\/image\/","url":"https:\/\/tecnimport.com.pe\/web\/wp-content\/uploads\/2020\/03\/logo_tecnimport.png","contentUrl":"https:\/\/tecnimport.com.pe\/web\/wp-content\/uploads\/2020\/03\/logo_tecnimport.png","width":367,"height":49,"caption":"Tecnimport S.A"},"image":{"@id":"https:\/\/tecnimport.com.pe\/web\/#\/schema\/logo\/image\/"}}]},"og_availability":"instock","product_availability":"instock","product_retailer_item_id":"11700","product_condition":"new"},"_links":{"self":[{"href":"https:\/\/tecnimport.com.pe\/web\/wp-json\/wp\/v2\/product\/2265","targetHints":{"allow":["GET"]}}],"collection":[{"href":"https:\/\/tecnimport.com.pe\/web\/wp-json\/wp\/v2\/product"}],"about":[{"href":"https:\/\/tecnimport.com.pe\/web\/wp-json\/wp\/v2\/types\/product"}],"wp:featuredmedia":[{"embeddable":true,"href":"https:\/\/tecnimport.com.pe\/web\/wp-json\/wp\/v2\/media\/3706"}],"wp:attachment":[{"href":"https:\/\/tecnimport.com.pe\/web\/wp-json\/wp\/v2\/media?parent=2265"}],"wp:term":[{"taxonomy":"product_brand","embeddable":true,"href":"https:\/\/tecnimport.com.pe\/web\/wp-json\/wp\/v2\/product_brand?post=2265"},{"taxonomy":"product_cat","embeddable":true,"href":"https:\/\/tecnimport.com.pe\/web\/wp-json\/wp\/v2\/product_cat?post=2265"},{"taxonomy":"product_tag","embeddable":true,"href":"https:\/\/tecnimport.com.pe\/web\/wp-json\/wp\/v2\/product_tag?post=2265"}],"curies":[{"name":"wp","href":"https:\/\/api.w.org\/{rel}","templated":true}]}}