{"id":2249,"date":"2016-04-21T13:35:05","date_gmt":"2016-04-21T18:35:05","guid":{"rendered":"http:\/\/tecnimport.com.pe\/web\/?post_type=product&#038;p=2249"},"modified":"2025-05-22T12:11:56","modified_gmt":"2025-05-22T17:11:56","slug":"devcon-titanium-putty-10760-10770-masilla-epoxica-de-titanio","status":"publish","type":"product","link":"https:\/\/tecnimport.com.pe\/web\/productos\/devcon-productos\/devcon-titanium-putty-10760-10770-masilla-epoxica-de-titanio\/","title":{"rendered":"Devcon Titanium Putty 10760 10770"},"content":{"rendered":"<div class=\"wpb-content-wrapper\"><p>[vc_row][vc_column][vc_column_text css=\u00bb\u00bb woodmart_inline=\u00bbno\u00bb text_larger=\u00bbno\u00bb]<\/p>\n<h3><strong class=\"subtitulo_prod\">Devcon Titanium Putty &#8211; Masilla Ep\u00f3xica de Titanio<\/strong><\/h3>\n<h5><strong class=\"subtitulo_prod\">Presentaci\u00f3n &amp; Fichas<\/strong><\/h5>\n<div class=\"table-container\">\n<table class=\"responsive-table\">\n<thead>\n<tr>\n<th style=\"text-align: center;\">N\u00ba de Parte<\/th>\n<th style=\"text-align: center;\">Capacidad<\/th>\n<th style=\"text-align: center;\">Envase<\/th>\n<th style=\"text-align: center;\"><i class=\"fas fa-download\"><\/i> Ficha T\u00e9cnica (TDS)<\/th>\n<\/tr>\n<\/thead>\n<tbody>\n<tr>\n<td style=\"text-align: center;\">10760<\/td>\n<td style=\"text-align: center;\">1 lb<\/td>\n<td style=\"text-align: center;\">Envase<\/td>\n<td style=\"text-align: center;\"><a href=\"https:\/\/tecnimport.com.pe\/web\/wp-content\/uploads\/2021\/02\/DEVCON-10770-TITANIUM-PUTTY-FT.pdf\" target=\"_blank\" rel=\"noopener\"><i class=\"fas fa-download\"><\/i> Descargar<\/a><\/td>\n<\/tr>\n<tr>\n<td style=\"text-align: center;\">10770<\/td>\n<td style=\"text-align: center;\">2 lb<\/td>\n<td style=\"text-align: center;\">Envase<\/td>\n<td style=\"text-align: center;\"><a href=\"https:\/\/tecnimport.com.pe\/web\/wp-content\/uploads\/2021\/02\/DEVCON-10770-TITANIUM-PUTTY-FT.pdf\" target=\"_blank\" rel=\"noopener\"><i class=\"fas fa-download\"><\/i> Descargar<\/a><\/td>\n<\/tr>\n<\/tbody>\n<\/table>\n<\/div>\n<p>[\/vc_column_text][\/vc_column][\/vc_row][vc_row][vc_column width=\u00bb1\/3&#8243;][vc_column_text css=\u00bb\u00bb woodmart_inline=\u00bbno\u00bb text_larger=\u00bbno\u00bb]<\/p>\n<h5><strong class=\"subtitulo_prod\">Otras Caracter\u00edsticas<\/strong><\/h5>\n<ul>\n<li>Ideal para reparar ejes desgastados.<\/li>\n<li>Resistencia a los productos qu\u00edmicos\u00a0y a la mayor\u00eda de los \u00e1cidos, bases,\u00a0solventes y \u00e1lcalis.<\/li>\n<li>Excelente resistencia a la temperatura 176\u00b0C. (350 \u00b0 F)<\/li>\n<li>Alta resistencia a la compresi\u00f3n (15,200 psi).<\/li>\n<li>Forma una capa de 0,4 mm a 0,8 mm en\u00a0una pasada con equipos est\u00e1ndar sin aire.<\/li>\n<li>Tiempo abierto: 21 minutos.<\/li>\n<li>Relleno de huecos: .0625 \u00ab- .075\u00bb.<\/li>\n<li>Color: gris<\/li>\n<\/ul>\n<p>[\/vc_column_text][\/vc_column][vc_column width=\u00bb1\/3&#8243;][vc_column_text css=\u00bb\u00bb woodmart_inline=\u00bbno\u00bb text_larger=\u00bbno\u00bb]<\/p>\n<h5><strong class=\"subtitulo_prod\">Aplicaciones<\/strong><\/h5>\n<ul>\n<li>Ejes<\/li>\n<li>Ruedas<\/li>\n<li>Cadenas<\/li>\n<li>Canales<\/li>\n<li>Transportadores<\/li>\n<li>Equipos de llenado<\/li>\n<li>Estantes para alimentos<\/li>\n<li>Carritos de servicio de alimentos<\/li>\n<li>Cortadoras<\/li>\n<\/ul>\n<p>[\/vc_column_text][\/vc_column][vc_column width=\u00bb1\/3&#8243;][vc_column_text css=\u00bb\u00bb woodmart_inline=\u00bbno\u00bb text_larger=\u00bbno\u00bb]<\/p>\n<h5><strong class=\"subtitulo_prod\">Aplicaci\u00f3n<\/strong><\/h5>\n<p>[\/vc_column_text][vc_single_image image=\u00bb6731&#8243; img_size=\u00bblarge\u00bb add_caption=\u00bbyes\u00bb alignment=\u00bbcenter\u00bb css=\u00bb\u00bb parallax_scroll=\u00bbno\u00bb woodmart_inline=\u00bbno\u00bb][\/vc_column][\/vc_row][vc_row][vc_column width=\u00bb1\/3&#8243;][vc_column_text css=\u00bb\u00bb woodmart_inline=\u00bbno\u00bb text_larger=\u00bbno\u00bb]<\/p>\n<h5><strong class=\"subtitulo_prod\">Certificaciones &amp; Especificaciones<\/strong><\/h5>\n<ul>\n<li>Califica bajo Mil Spec MIL-PRF-24176C, Tipo I.<\/li>\n<li>Listado bajo NSN # 8030-01-335-0562.<\/li>\n<\/ul>\n<p>[\/vc_column_text][\/vc_column][vc_column width=\u00bb1\/3&#8243;][vc_column_text css=\u00bb\u00bb woodmart_inline=\u00bbno\u00bb text_larger=\u00bbno\u00bb]<\/p>\n<h5><strong class=\"subtitulo_prod\">Marca &amp; Fabricante<\/strong><\/h5>\n<table class=\"table\">\n<tbody>\n<tr>\n<td>Marca<\/td>\n<td><strong><a href=\"https:\/\/tecnimport.com.pe\/web\/devcon-peru\/\" target=\"_blank\" rel=\"noopener\">DEVCON<\/a><\/strong><\/td>\n<\/tr>\n<tr>\n<td>Fabricante<\/td>\n<td><strong><a href=\"https:\/\/itwperformancepolymers.com\/products\/devcon\/corrosion-erosion-repair\/devcon-titanium-putty\" target=\"_blank\" rel=\"noopener\">ITW Performance polymers<\/a><\/strong><\/td>\n<\/tr>\n<\/tbody>\n<\/table>\n<p>[\/vc_column_text][\/vc_column][vc_column width=\u00bb1\/3&#8243;][\/vc_column][\/vc_row][vc_row][\/vc_row][vc_column][vc_column_text css=\u00bb\u00bb woodmart_inline=\u00bbno\u00bb text_larger=\u00bbno\u00bb]<\/p>\n<h5><strong class=\"subtitulo_prod\">Propiedades de Curado 7 d\u00edas @ 75\u00b0F (24\u00b0C)<\/strong><\/h5>\n<table class=\"table\">\n<thead><\/thead>\n<tbody>\n<tr>\n<td>Resistencia al corte por adhesi\u00f3n<\/td>\n<td>2800 psi<\/td>\n<\/tr>\n<tr>\n<td>Coeficiente de expansi\u00f3n t\u00e9rmica<\/td>\n<td>48 [(in.) \/ (in) x \u00baF)] x 10 (-6)<\/td>\n<\/tr>\n<tr>\n<td>Color<\/td>\n<td>Gris<\/td>\n<\/tr>\n<tr>\n<td>Resistencia a la compresi\u00f3n<\/td>\n<td>8260 psi<\/td>\n<\/tr>\n<tr>\n<td>Cobertura \/ lb<\/td>\n<td>48 sq.in.\/lb. @ \u00bc\u201d<\/td>\n<\/tr>\n<tr>\n<td>Tiempo de curado<\/td>\n<td>16 hrs.<\/td>\n<\/tr>\n<tr>\n<td>Dureza de curado<\/td>\n<td>85D<\/td>\n<\/tr>\n<tr>\n<td>Contracci\u00f3n despu\u00e9s de curado<\/td>\n<td>0.0006 in.\/in.<\/td>\n<\/tr>\n<tr>\n<td>Constante diel\u00e9ctrica<\/td>\n<td>67.5<\/td>\n<\/tr>\n<tr>\n<td>Tensi\u00f3n diel\u00e9ctrica<\/td>\n<td>30 volts\/mil.<\/td>\n<\/tr>\n<tr>\n<td>Resistencia a la flexi\u00f3n<\/td>\n<td>5600 psi<\/td>\n<\/tr>\n<tr>\n<td>Raz\u00f3n de mezcla por volumen<\/td>\n<td>2.5:1<\/td>\n<\/tr>\n<tr>\n<td>Raz\u00f3n de mezcla por peso<\/td>\n<td>9:1<\/td>\n<\/tr>\n<tr>\n<td>Viscosidad de la mezcla<\/td>\n<td>Pasta<\/td>\n<\/tr>\n<tr>\n<td>M\u00f3dulos de elasticidad<\/td>\n<td>8.5 psi x 10(5) psi<\/td>\n<\/tr>\n<tr>\n<td>Pot Life @ 25\u00baC<\/td>\n<td>45 min.<\/td>\n<\/tr>\n<tr>\n<td>Tiempo de recapa<\/td>\n<td>2-4 hrs.<\/td>\n<\/tr>\n<tr>\n<td>S\u00f3lidos por volumen<\/td>\n<td>100<\/td>\n<\/tr>\n<tr>\n<td>Conductividad t\u00e9rmica<\/td>\n<td>1.37 [(cal x cm) \/ (sec x cm (2)<\/td>\n<\/tr>\n<\/tbody>\n<\/table>\n<p>[\/vc_column_text][\/vc_column]<\/p>\n<\/div>","protected":false},"excerpt":{"rendered":"<p><strong>Devcon Titanium Putty 10760 10770<\/strong> es un compuesto ep\u00f3xico de alta tecnolog\u00eda reforzada con titanio para realizar reparaciones que pueden ser mecanizadas con precisi\u00f3n as\u00ed como equipos que trabajan en condiciones severas.<\/p>\n","protected":false},"featured_media":3704,"template":"","meta":[],"product_brand":[233],"product_cat":[206,219,218],"product_tag":[1376,1368,1369],"class_list":{"0":"post-2249","1":"product","2":"type-product","3":"status-publish","4":"has-post-thumbnail","6":"product_brand-devcon","7":"product_cat-devcon-productos","8":"product_cat-reparaciones-de-precision-y-proteccion","9":"product_cat-reparaciones-y-reconstrucciones-metalicas","10":"product_tag-carga-metalica-de-titaneo","11":"product_tag-masilla-epoxica","12":"product_tag-reparaciones-de-precision","14":"first","15":"instock","16":"shipping-taxable","17":"purchasable","18":"product-type-variable"},"yoast_head":"<!-- This site is optimized with the Yoast SEO plugin v26.9 - https:\/\/yoast.com\/product\/yoast-seo-wordpress\/ -->\n<title>Devcon Titanium Putty 10760 10770 - Masilla Ep\u00f3xica de Titanio<\/title>\n<meta name=\"description\" content=\"Epoxi reforzado con titanio de alto rendimiento, dise\u00f1ado para reparaciones de maquinaria y equipos que pueden mecanizarse con precisi\u00f3n.\" \/>\n<meta name=\"robots\" content=\"index, follow, max-snippet:-1, max-image-preview:large, max-video-preview:-1\" \/>\n<link rel=\"canonical\" href=\"https:\/\/tecnimport.com.pe\/web\/productos\/devcon-productos\/devcon-titanium-putty-10760-10770-masilla-epoxica-de-titanio\/\" \/>\n<meta property=\"og:locale\" content=\"es_ES\" \/>\n<meta property=\"og:type\" content=\"article\" \/>\n<meta property=\"og:title\" content=\"Devcon Titanium Putty 10760 10770 - Masilla Ep\u00f3xica de Titanio\" \/>\n<meta property=\"og:description\" content=\"Epoxi reforzado con titanio de alto rendimiento, dise\u00f1ado para reparaciones de maquinaria y equipos que pueden mecanizarse con precisi\u00f3n.\" \/>\n<meta property=\"og:url\" content=\"https:\/\/tecnimport.com.pe\/web\/productos\/devcon-productos\/devcon-titanium-putty-10760-10770-masilla-epoxica-de-titanio\/\" \/>\n<meta property=\"og:site_name\" content=\"TECNIMPORT S.A.\" \/>\n<meta property=\"article:modified_time\" content=\"2025-05-22T17:11:56+00:00\" \/>\n<meta property=\"og:image\" content=\"https:\/\/tecnimport.com.pe\/web\/wp-content\/uploads\/2018\/11\/Devcon-10770-Titanium-Putty.gif\" \/>\n\t<meta property=\"og:image:width\" content=\"1000\" \/>\n\t<meta property=\"og:image:height\" content=\"1000\" \/>\n\t<meta property=\"og:image:type\" content=\"image\/gif\" \/>\n<meta name=\"twitter:card\" content=\"summary_large_image\" \/>\n<meta name=\"twitter:label1\" content=\"Disponibilidad\" \/>\n\t<meta name=\"twitter:data1\" content=\"Disponible\" \/>\n<script type=\"application\/ld+json\" class=\"yoast-schema-graph\">{\"@context\":\"https:\/\/schema.org\",\"@graph\":[{\"@type\":\"WebPage\",\"@id\":\"https:\/\/tecnimport.com.pe\/web\/productos\/devcon-productos\/devcon-titanium-putty-10760-10770-masilla-epoxica-de-titanio\/\",\"url\":\"https:\/\/tecnimport.com.pe\/web\/productos\/devcon-productos\/devcon-titanium-putty-10760-10770-masilla-epoxica-de-titanio\/\",\"name\":\"Devcon Titanium Putty 10760 10770 - Masilla Ep\u00f3xica de Titanio\",\"isPartOf\":{\"@id\":\"https:\/\/tecnimport.com.pe\/web\/#website\"},\"primaryImageOfPage\":{\"@id\":\"https:\/\/tecnimport.com.pe\/web\/productos\/devcon-productos\/devcon-titanium-putty-10760-10770-masilla-epoxica-de-titanio\/#primaryimage\"},\"image\":{\"@id\":\"https:\/\/tecnimport.com.pe\/web\/productos\/devcon-productos\/devcon-titanium-putty-10760-10770-masilla-epoxica-de-titanio\/#primaryimage\"},\"thumbnailUrl\":\"https:\/\/tecnimport.com.pe\/web\/wp-content\/uploads\/2018\/11\/Devcon-10770-Titanium-Putty.gif\",\"datePublished\":\"2016-04-21T18:35:05+00:00\",\"dateModified\":\"2025-05-22T17:11:56+00:00\",\"description\":\"Epoxi reforzado con titanio de alto rendimiento, dise\u00f1ado para reparaciones de maquinaria y equipos que pueden mecanizarse con precisi\u00f3n.\",\"breadcrumb\":{\"@id\":\"https:\/\/tecnimport.com.pe\/web\/productos\/devcon-productos\/devcon-titanium-putty-10760-10770-masilla-epoxica-de-titanio\/#breadcrumb\"},\"inLanguage\":\"es\",\"potentialAction\":[{\"@type\":\"ReadAction\",\"target\":[\"https:\/\/tecnimport.com.pe\/web\/productos\/devcon-productos\/devcon-titanium-putty-10760-10770-masilla-epoxica-de-titanio\/\"]}]},{\"@type\":\"ImageObject\",\"inLanguage\":\"es\",\"@id\":\"https:\/\/tecnimport.com.pe\/web\/productos\/devcon-productos\/devcon-titanium-putty-10760-10770-masilla-epoxica-de-titanio\/#primaryimage\",\"url\":\"https:\/\/tecnimport.com.pe\/web\/wp-content\/uploads\/2018\/11\/Devcon-10770-Titanium-Putty.gif\",\"contentUrl\":\"https:\/\/tecnimport.com.pe\/web\/wp-content\/uploads\/2018\/11\/Devcon-10770-Titanium-Putty.gif\",\"width\":1000,\"height\":1000,\"caption\":\"Devcon Titanium Putty 10760 10770 Masilla Ep\u00f3xica de Titanio\"},{\"@type\":\"BreadcrumbList\",\"@id\":\"https:\/\/tecnimport.com.pe\/web\/productos\/devcon-productos\/devcon-titanium-putty-10760-10770-masilla-epoxica-de-titanio\/#breadcrumb\",\"itemListElement\":[{\"@type\":\"ListItem\",\"position\":1,\"name\":\"Portada\",\"item\":\"https:\/\/tecnimport.com.pe\/web\/\"},{\"@type\":\"ListItem\",\"position\":2,\"name\":\"Productos\",\"item\":\"https:\/\/tecnimport.com.pe\/web\/productos-navigation\/\"},{\"@type\":\"ListItem\",\"position\":3,\"name\":\"Devcon Titanium Putty 10760 10770\"}]},{\"@type\":\"WebSite\",\"@id\":\"https:\/\/tecnimport.com.pe\/web\/#website\",\"url\":\"https:\/\/tecnimport.com.pe\/web\/\",\"name\":\"TECNIMPORT S.A.\",\"description\":\"Representante de Devcon, LPS, Rocol y Procyon en el Per\u00fa\",\"publisher\":{\"@id\":\"https:\/\/tecnimport.com.pe\/web\/#organization\"},\"potentialAction\":[{\"@type\":\"SearchAction\",\"target\":{\"@type\":\"EntryPoint\",\"urlTemplate\":\"https:\/\/tecnimport.com.pe\/web\/?s={search_term_string}\"},\"query-input\":{\"@type\":\"PropertyValueSpecification\",\"valueRequired\":true,\"valueName\":\"search_term_string\"}}],\"inLanguage\":\"es\"},{\"@type\":\"Organization\",\"@id\":\"https:\/\/tecnimport.com.pe\/web\/#organization\",\"name\":\"Tecnimport S.A\",\"url\":\"https:\/\/tecnimport.com.pe\/web\/\",\"logo\":{\"@type\":\"ImageObject\",\"inLanguage\":\"es\",\"@id\":\"https:\/\/tecnimport.com.pe\/web\/#\/schema\/logo\/image\/\",\"url\":\"https:\/\/tecnimport.com.pe\/web\/wp-content\/uploads\/2020\/03\/logo_tecnimport.png\",\"contentUrl\":\"https:\/\/tecnimport.com.pe\/web\/wp-content\/uploads\/2020\/03\/logo_tecnimport.png\",\"width\":367,\"height\":49,\"caption\":\"Tecnimport S.A\"},\"image\":{\"@id\":\"https:\/\/tecnimport.com.pe\/web\/#\/schema\/logo\/image\/\"}}]}<\/script>\n<meta property=\"og:availability\" content=\"instock\" \/>\n<meta property=\"product:availability\" content=\"instock\" \/>\n<meta property=\"product:condition\" content=\"new\" \/>\n<!-- \/ Yoast SEO plugin. -->","yoast_head_json":{"title":"Devcon Titanium Putty 10760 10770 - Masilla Ep\u00f3xica de Titanio","description":"Epoxi reforzado con titanio de alto rendimiento, dise\u00f1ado para reparaciones de maquinaria y equipos que pueden mecanizarse con precisi\u00f3n.","robots":{"index":"index","follow":"follow","max-snippet":"max-snippet:-1","max-image-preview":"max-image-preview:large","max-video-preview":"max-video-preview:-1"},"canonical":"https:\/\/tecnimport.com.pe\/web\/productos\/devcon-productos\/devcon-titanium-putty-10760-10770-masilla-epoxica-de-titanio\/","og_locale":"es_ES","og_type":"article","og_title":"Devcon Titanium Putty 10760 10770 - Masilla Ep\u00f3xica de Titanio","og_description":"Epoxi reforzado con titanio de alto rendimiento, dise\u00f1ado para reparaciones de maquinaria y equipos que pueden mecanizarse con precisi\u00f3n.","og_url":"https:\/\/tecnimport.com.pe\/web\/productos\/devcon-productos\/devcon-titanium-putty-10760-10770-masilla-epoxica-de-titanio\/","og_site_name":"TECNIMPORT S.A.","article_modified_time":"2025-05-22T17:11:56+00:00","og_image":[{"width":1000,"height":1000,"url":"https:\/\/tecnimport.com.pe\/web\/wp-content\/uploads\/2018\/11\/Devcon-10770-Titanium-Putty.gif","type":"image\/gif"}],"twitter_card":"summary_large_image","twitter_misc":{"Disponibilidad":"Disponible"},"schema":{"@context":"https:\/\/schema.org","@graph":[{"@type":"WebPage","@id":"https:\/\/tecnimport.com.pe\/web\/productos\/devcon-productos\/devcon-titanium-putty-10760-10770-masilla-epoxica-de-titanio\/","url":"https:\/\/tecnimport.com.pe\/web\/productos\/devcon-productos\/devcon-titanium-putty-10760-10770-masilla-epoxica-de-titanio\/","name":"Devcon Titanium Putty 10760 10770 - Masilla Ep\u00f3xica de Titanio","isPartOf":{"@id":"https:\/\/tecnimport.com.pe\/web\/#website"},"primaryImageOfPage":{"@id":"https:\/\/tecnimport.com.pe\/web\/productos\/devcon-productos\/devcon-titanium-putty-10760-10770-masilla-epoxica-de-titanio\/#primaryimage"},"image":{"@id":"https:\/\/tecnimport.com.pe\/web\/productos\/devcon-productos\/devcon-titanium-putty-10760-10770-masilla-epoxica-de-titanio\/#primaryimage"},"thumbnailUrl":"https:\/\/tecnimport.com.pe\/web\/wp-content\/uploads\/2018\/11\/Devcon-10770-Titanium-Putty.gif","datePublished":"2016-04-21T18:35:05+00:00","dateModified":"2025-05-22T17:11:56+00:00","description":"Epoxi reforzado con titanio de alto rendimiento, dise\u00f1ado para reparaciones de maquinaria y equipos que pueden mecanizarse con precisi\u00f3n.","breadcrumb":{"@id":"https:\/\/tecnimport.com.pe\/web\/productos\/devcon-productos\/devcon-titanium-putty-10760-10770-masilla-epoxica-de-titanio\/#breadcrumb"},"inLanguage":"es","potentialAction":[{"@type":"ReadAction","target":["https:\/\/tecnimport.com.pe\/web\/productos\/devcon-productos\/devcon-titanium-putty-10760-10770-masilla-epoxica-de-titanio\/"]}]},{"@type":"ImageObject","inLanguage":"es","@id":"https:\/\/tecnimport.com.pe\/web\/productos\/devcon-productos\/devcon-titanium-putty-10760-10770-masilla-epoxica-de-titanio\/#primaryimage","url":"https:\/\/tecnimport.com.pe\/web\/wp-content\/uploads\/2018\/11\/Devcon-10770-Titanium-Putty.gif","contentUrl":"https:\/\/tecnimport.com.pe\/web\/wp-content\/uploads\/2018\/11\/Devcon-10770-Titanium-Putty.gif","width":1000,"height":1000,"caption":"Devcon Titanium Putty 10760 10770 Masilla Ep\u00f3xica de Titanio"},{"@type":"BreadcrumbList","@id":"https:\/\/tecnimport.com.pe\/web\/productos\/devcon-productos\/devcon-titanium-putty-10760-10770-masilla-epoxica-de-titanio\/#breadcrumb","itemListElement":[{"@type":"ListItem","position":1,"name":"Portada","item":"https:\/\/tecnimport.com.pe\/web\/"},{"@type":"ListItem","position":2,"name":"Productos","item":"https:\/\/tecnimport.com.pe\/web\/productos-navigation\/"},{"@type":"ListItem","position":3,"name":"Devcon Titanium Putty 10760 10770"}]},{"@type":"WebSite","@id":"https:\/\/tecnimport.com.pe\/web\/#website","url":"https:\/\/tecnimport.com.pe\/web\/","name":"TECNIMPORT S.A.","description":"Representante de Devcon, LPS, Rocol y Procyon en el Per\u00fa","publisher":{"@id":"https:\/\/tecnimport.com.pe\/web\/#organization"},"potentialAction":[{"@type":"SearchAction","target":{"@type":"EntryPoint","urlTemplate":"https:\/\/tecnimport.com.pe\/web\/?s={search_term_string}"},"query-input":{"@type":"PropertyValueSpecification","valueRequired":true,"valueName":"search_term_string"}}],"inLanguage":"es"},{"@type":"Organization","@id":"https:\/\/tecnimport.com.pe\/web\/#organization","name":"Tecnimport S.A","url":"https:\/\/tecnimport.com.pe\/web\/","logo":{"@type":"ImageObject","inLanguage":"es","@id":"https:\/\/tecnimport.com.pe\/web\/#\/schema\/logo\/image\/","url":"https:\/\/tecnimport.com.pe\/web\/wp-content\/uploads\/2020\/03\/logo_tecnimport.png","contentUrl":"https:\/\/tecnimport.com.pe\/web\/wp-content\/uploads\/2020\/03\/logo_tecnimport.png","width":367,"height":49,"caption":"Tecnimport S.A"},"image":{"@id":"https:\/\/tecnimport.com.pe\/web\/#\/schema\/logo\/image\/"}}]},"og_availability":"instock","product_availability":"instock","product_condition":"new"},"_links":{"self":[{"href":"https:\/\/tecnimport.com.pe\/web\/wp-json\/wp\/v2\/product\/2249","targetHints":{"allow":["GET"]}}],"collection":[{"href":"https:\/\/tecnimport.com.pe\/web\/wp-json\/wp\/v2\/product"}],"about":[{"href":"https:\/\/tecnimport.com.pe\/web\/wp-json\/wp\/v2\/types\/product"}],"wp:featuredmedia":[{"embeddable":true,"href":"https:\/\/tecnimport.com.pe\/web\/wp-json\/wp\/v2\/media\/3704"}],"wp:attachment":[{"href":"https:\/\/tecnimport.com.pe\/web\/wp-json\/wp\/v2\/media?parent=2249"}],"wp:term":[{"taxonomy":"product_brand","embeddable":true,"href":"https:\/\/tecnimport.com.pe\/web\/wp-json\/wp\/v2\/product_brand?post=2249"},{"taxonomy":"product_cat","embeddable":true,"href":"https:\/\/tecnimport.com.pe\/web\/wp-json\/wp\/v2\/product_cat?post=2249"},{"taxonomy":"product_tag","embeddable":true,"href":"https:\/\/tecnimport.com.pe\/web\/wp-json\/wp\/v2\/product_tag?post=2249"}],"curies":[{"name":"wp","href":"https:\/\/api.w.org\/{rel}","templated":true}]}}