{"id":2207,"date":"2016-04-21T11:11:33","date_gmt":"2016-04-21T16:11:33","guid":{"rendered":"http:\/\/tecnimport.com.pe\/web\/?post_type=product&#038;p=2207"},"modified":"2025-03-13T16:21:44","modified_gmt":"2025-03-13T21:21:44","slug":"lps-cold-galvanize-galvanizado-en-frio","status":"publish","type":"product","link":"https:\/\/tecnimport.com.pe\/web\/productos\/lps\/inhibidores-de-corrosionn\/lps-cold-galvanize-galvanizado-en-frio\/","title":{"rendered":"LPS Cold Galvanize"},"content":{"rendered":"<div class=\"wpb-content-wrapper\"><p>[vc_row][vc_column][vc_row_inner][vc_column_inner][vc_column_text woodmart_inline=\u00bbno\u00bb text_larger=\u00bbno\u00bb]<strong class=\"subtitulo_prod\">LPS COLD GALVANIZE<br \/>\n<\/strong><\/p>\n<p><strong class=\"subtitulo_prod\">Presentaci\u00f3n &amp; Fichas<\/strong><\/p>\n<div class=\"table-container\">\n<table class=\"responsive-table\">\n<thead>\n<tr>\n<th style=\"text-align: center;\">N\u00ba de Parte<\/th>\n<th style=\"text-align: center;\">Capacidad<\/th>\n<th style=\"text-align: center;\">Envase<\/th>\n<th style=\"text-align: center;\"><i class=\"fas fa-download\"><\/i> TDS<\/th>\n<\/tr>\n<\/thead>\n<tbody>\n<tr>\n<td style=\"text-align: center;\">00516<\/td>\n<td style=\"text-align: center;\">14 wt oz \/ 397 g \/ 336 mL<\/td>\n<td style=\"text-align: center;\">Aerosol<\/td>\n<td style=\"text-align: center;\"><a href=\"https:\/\/tecnimport.com.pe\/web\/wp-content\/uploads\/2024\/09\/ColdGalvanize-CorrosionInhibitor.pdf\" target=\"_blank\" rel=\"noopener\"><i class=\"fas fa-download\"><\/i><\/a><\/td>\n<\/tr>\n<\/tbody>\n<\/table>\n<\/div>\n<p>[\/vc_column_text][\/vc_column_inner][\/vc_row_inner][\/vc_column][\/vc_row][vc_row][vc_column width=\u00bb1\/3&#8243;][vc_column_text woodmart_inline=\u00bbno\u00bb text_larger=\u00bbno\u00bb]<strong class=\"subtitulo_prod\">Otras Caracter\u00edsticas<\/strong><\/p>\n<ul>\n<li>Recubrimiento galvanizado rico en zinc \u2013 Pureza del zinc: 99+%.<\/li>\n<li>Funciona como galvanizado por inmersi\u00f3n en caliente en metales ferrosos en interiores y exteriores.<\/li>\n<li>Resiste temperaturas del agua de hasta 212 \u00b0F (100 \u00b0C) y calor seco continuo de hasta 750 \u00b0F (400 \u00b0C).<\/li>\n<li>Se utiliza com\u00fanmente como un preventivo de \u00f3xido instant\u00e1neo en \u00e1reas soldadas.<\/li>\n<li>Inhibe el \u00f3xido en el acero en entornos severos.<\/li>\n<li>Proporciona un recubrimiento resistente y flexible que no se amarillea, no se tiza, no se agrieta ni se pela.<\/li>\n<li>La acci\u00f3n galv\u00e1nica protege electroqu\u00edmicamente el metal desnudo.<\/li>\n<li>Se seca en 3-5 minutos.<\/li>\n<li>Se puede utilizar como imprimaci\u00f3n de pintura.<\/li>\n<li>Protege bajo el agua.<\/li>\n<\/ul>\n<p>[\/vc_column_text][\/vc_column][vc_column width=\u00bb1\/3&#8243;][vc_column_text woodmart_inline=\u00bbno\u00bb text_larger=\u00bbno\u00bb]<strong class=\"subtitulo_prod\">Aplicaciones<\/strong><\/p>\n<ul>\n<li>Piezas de aire acondicionado<\/li>\n<li>Antenas<\/li>\n<li>Puentes<\/li>\n<li>Vallas de alambre de cadena<\/li>\n<li>Muelles<\/li>\n<li>Conductos<\/li>\n<li>Piezas de calefacci\u00f3n<\/li>\n<li>Carcasas de m\u00e1quinas<\/li>\n<li>Tanques<\/li>\n<\/ul>\n<p>[\/vc_column_text][\/vc_column][vc_column width=\u00bb1\/3&#8243;][vc_column_text woodmart_inline=\u00bbno\u00bb text_larger=\u00bbno\u00bb]<strong class=\"subtitulo_prod\">Aplicaciones<\/strong><\/p>\n<ul>\n<li>Equipos de manipulaci\u00f3n de materiales<\/li>\n<li>Superficies reci\u00e9n soldadas<\/li>\n<li>Plataformas marinas<\/li>\n<li>Tanques de almacenamiento exteriores<\/li>\n<li>Tuber\u00edas<\/li>\n<li>Plomer\u00eda<\/li>\n<li>Cubiertas de poleas y cadenas<\/li>\n<li>Acero estructural<\/li>\n<li>Tonificadores de transmisi\u00f3n<\/li>\n<\/ul>\n<p>[\/vc_column_text][\/vc_column][\/vc_row][vc_row][vc_column width=\u00bb1\/3&#8243;][vc_column_text woodmart_inline=\u00bbno\u00bb text_larger=\u00bbno\u00bb]<strong class=\"subtitulo_prod\">Certificaciones &amp; Especificaciones<\/strong><\/p>\n<ul>\n<li>ASTM A780<\/li>\n<li>MIL-P-26915D<\/li>\n<li>MIL-P-46105<\/li>\n<li>DOD-P-21035B<\/li>\n<li>SSPC-Paint 20<\/li>\n<\/ul>\n<p>[\/vc_column_text][\/vc_column][vc_column width=\u00bb1\/3&#8243;][vc_column_text woodmart_inline=\u00bbno\u00bb text_larger=\u00bbno\u00bb]<strong class=\"subtitulo_prod\">Marca &amp; Fabricante<\/strong><\/p>\n<table class=\"table\">\n<tbody>\n<tr>\n<td>Marca<\/td>\n<td><strong><a href=\"https:\/\/tecnimport.com.pe\/web\/lps-probrands-itw-peru\/\" target=\"_blank\" rel=\"noopener\">LPS<\/a><\/strong><\/td>\n<\/tr>\n<tr>\n<td>Fabricante<\/td>\n<td><strong><a href=\"https:\/\/www.itwprobrands.com\/product\/cold-galvanize\" target=\"_blank\" rel=\"noopener\">ITW PROBRANDS<\/a><\/strong><\/td>\n<\/tr>\n<\/tbody>\n<\/table>\n<p>[\/vc_column_text][\/vc_column][vc_column width=\u00bb1\/3&#8243;][vc_column_text woodmart_inline=\u00bbno\u00bb text_larger=\u00bbno\u00bb]<strong class=\"subtitulo_prod\">Aplicaci\u00f3n<\/strong>[\/vc_column_text][vc_single_image image=\u00bb6289&#8243; img_size=\u00bblarge\u00bb add_caption=\u00bbyes\u00bb alignment=\u00bbcenter\u00bb parallax_scroll=\u00bbno\u00bb woodmart_inline=\u00bbno\u00bb][\/vc_column][\/vc_row][vc_row][\/vc_row][vc_column][vc_column_text woodmart_inline=\u00bbno\u00bb text_larger=\u00bbno\u00bb]<strong class=\"subtitulo_prod\">Propiedades<\/strong><\/p>\n<table class=\"table\">\n<tbody>\n<tr>\n<td>Aspecto\/estado f\u00edsico<\/td>\n<td>Gris\/Gas licuado<\/td>\n<\/tr>\n<tr>\n<td>Color<\/td>\n<td>Gris<\/td>\n<\/tr>\n<tr>\n<td>Olor<\/td>\n<td>Arom\u00e1tico<\/td>\n<\/tr>\n<tr>\n<td>Punto\/rango de ebullici\u00f3n<\/td>\n<td>-48,1 \u00b0F (-44,5 \u00b0C)<\/td>\n<\/tr>\n<tr>\n<td>Punto de inflamaci\u00f3n<\/td>\n<td>-2,2 \u00b0F (-19 \u00b0C)<\/td>\n<\/tr>\n<tr>\n<td>Gravedad espec\u00edfica<\/td>\n<td>0,75 &#8211; 0,87<\/td>\n<\/tr>\n<tr>\n<td>Propelente<\/td>\n<td>Gases licuados de petr\u00f3leo (GLP)<\/td>\n<\/tr>\n<tr>\n<td>Inflamabilidad<\/td>\n<td>Extremadamente inflamable<\/td>\n<\/tr>\n<tr>\n<td>Propiedades explosivas<\/td>\n<td>LEL = 1,7 %, UEL = 10,9 %<\/td>\n<\/tr>\n<tr>\n<td>Rango de temperatura<\/td>\n<td>350 \u00b0F m\u00e1x.<\/td>\n<\/tr>\n<tr>\n<td>Contenido de COV<\/td>\n<td>MIR = 1,18, no puede superar 1,25<\/td>\n<\/tr>\n<\/tbody>\n<\/table>\n<p>[\/vc_column_text][\/vc_column]<\/p>\n<\/div>","protected":false},"excerpt":{"rendered":"<h2 class=\"h2_subtitulo\"><i>GALVANIZADO EN FR\u00cdO<\/i><\/h2>\n<p>LPS COLD GALVANIZE es un GALVANIZADO EN FR\u00cdO que brinda un revestimiento rico en zinc al 99% que previene la corrosi\u00f3n y el \u00f3xido en todas las superficies met\u00e1licas durante un m\u00e1ximo de tres a\u00f1os.<\/p>\n","protected":false},"featured_media":6290,"template":"","meta":[],"product_brand":[232],"product_cat":[205,217],"product_tag":[1285,1286],"class_list":{"0":"post-2207","1":"product","2":"type-product","3":"status-publish","4":"has-post-thumbnail","6":"product_brand-lps","7":"product_cat-lps","8":"product_cat-inhibidores-de-corrosionn","9":"product_tag-galvanizado-en-frio","10":"product_tag-inhibidor-de-corrosion","12":"first","13":"instock","14":"shipping-taxable","15":"purchasable","16":"product-type-simple"},"yoast_head":"<!-- This site is optimized with the Yoast SEO plugin v26.9 - https:\/\/yoast.com\/product\/yoast-seo-wordpress\/ -->\n<title>LPS COLD GALVANIZE - GALVANIZADO EN FR\u00cdO<\/title>\n<meta name=\"description\" content=\"LPS COLD GALVANIZE, GALVANIZADO EN FR\u00cdO, revestimiento rico en zinc al 99%, previene la corrosi\u00f3n y \u00f3xido en todas las superficies met\u00e1licas durante 3 a\u00f1os.\" \/>\n<meta name=\"robots\" content=\"index, follow, max-snippet:-1, max-image-preview:large, max-video-preview:-1\" \/>\n<link rel=\"canonical\" href=\"https:\/\/tecnimport.com.pe\/web\/productos\/lps\/inhibidores-de-corrosionn\/lps-cold-galvanize-galvanizado-en-frio\/\" \/>\n<meta property=\"og:locale\" content=\"es_ES\" \/>\n<meta property=\"og:type\" content=\"article\" \/>\n<meta property=\"og:title\" content=\"LPS COLD GALVANIZE - GALVANIZADO EN FR\u00cdO\" \/>\n<meta property=\"og:description\" content=\"LPS COLD GALVANIZE, GALVANIZADO EN FR\u00cdO, revestimiento rico en zinc al 99%, previene la corrosi\u00f3n y \u00f3xido en todas las superficies met\u00e1licas durante 3 a\u00f1os.\" \/>\n<meta property=\"og:url\" content=\"https:\/\/tecnimport.com.pe\/web\/productos\/lps\/inhibidores-de-corrosionn\/lps-cold-galvanize-galvanizado-en-frio\/\" \/>\n<meta property=\"og:site_name\" content=\"TECNIMPORT S.A.\" \/>\n<meta property=\"article:modified_time\" content=\"2025-03-13T21:21:44+00:00\" \/>\n<meta property=\"og:image\" content=\"https:\/\/tecnimport.com.pe\/web\/wp-content\/uploads\/2024\/08\/LPS-COLG-GALVANIZE-GALVANIZADO-EN-FRIO-TECNIMPORT2.gif\" \/>\n\t<meta property=\"og:image:width\" content=\"1000\" \/>\n\t<meta property=\"og:image:height\" content=\"1000\" \/>\n\t<meta property=\"og:image:type\" content=\"image\/gif\" \/>\n<meta name=\"twitter:card\" content=\"summary_large_image\" \/>\n<meta name=\"twitter:label1\" content=\"Precio\" \/>\n\t<meta name=\"twitter:data1\" content=\"&#036;1.00\" \/>\n\t<meta name=\"twitter:label2\" content=\"Disponibilidad\" \/>\n\t<meta name=\"twitter:data2\" content=\"Disponible\" \/>\n<script type=\"application\/ld+json\" class=\"yoast-schema-graph\">{\"@context\":\"https:\/\/schema.org\",\"@graph\":[{\"@type\":\"WebPage\",\"@id\":\"https:\/\/tecnimport.com.pe\/web\/productos\/lps\/inhibidores-de-corrosionn\/lps-cold-galvanize-galvanizado-en-frio\/\",\"url\":\"https:\/\/tecnimport.com.pe\/web\/productos\/lps\/inhibidores-de-corrosionn\/lps-cold-galvanize-galvanizado-en-frio\/\",\"name\":\"LPS COLD GALVANIZE - GALVANIZADO EN FR\u00cdO\",\"isPartOf\":{\"@id\":\"https:\/\/tecnimport.com.pe\/web\/#website\"},\"primaryImageOfPage\":{\"@id\":\"https:\/\/tecnimport.com.pe\/web\/productos\/lps\/inhibidores-de-corrosionn\/lps-cold-galvanize-galvanizado-en-frio\/#primaryimage\"},\"image\":{\"@id\":\"https:\/\/tecnimport.com.pe\/web\/productos\/lps\/inhibidores-de-corrosionn\/lps-cold-galvanize-galvanizado-en-frio\/#primaryimage\"},\"thumbnailUrl\":\"https:\/\/tecnimport.com.pe\/web\/wp-content\/uploads\/2024\/08\/LPS-COLG-GALVANIZE-GALVANIZADO-EN-FRIO-TECNIMPORT2.gif\",\"datePublished\":\"2016-04-21T16:11:33+00:00\",\"dateModified\":\"2025-03-13T21:21:44+00:00\",\"description\":\"LPS COLD GALVANIZE, GALVANIZADO EN FR\u00cdO, revestimiento rico en zinc al 99%, previene la corrosi\u00f3n y \u00f3xido en todas las superficies met\u00e1licas durante 3 a\u00f1os.\",\"breadcrumb\":{\"@id\":\"https:\/\/tecnimport.com.pe\/web\/productos\/lps\/inhibidores-de-corrosionn\/lps-cold-galvanize-galvanizado-en-frio\/#breadcrumb\"},\"inLanguage\":\"es\",\"potentialAction\":[{\"@type\":\"ReadAction\",\"target\":[\"https:\/\/tecnimport.com.pe\/web\/productos\/lps\/inhibidores-de-corrosionn\/lps-cold-galvanize-galvanizado-en-frio\/\"]}]},{\"@type\":\"ImageObject\",\"inLanguage\":\"es\",\"@id\":\"https:\/\/tecnimport.com.pe\/web\/productos\/lps\/inhibidores-de-corrosionn\/lps-cold-galvanize-galvanizado-en-frio\/#primaryimage\",\"url\":\"https:\/\/tecnimport.com.pe\/web\/wp-content\/uploads\/2024\/08\/LPS-COLG-GALVANIZE-GALVANIZADO-EN-FRIO-TECNIMPORT2.gif\",\"contentUrl\":\"https:\/\/tecnimport.com.pe\/web\/wp-content\/uploads\/2024\/08\/LPS-COLG-GALVANIZE-GALVANIZADO-EN-FRIO-TECNIMPORT2.gif\",\"width\":1000,\"height\":1000,\"caption\":\"LPS COLD GALVANIZ GALVANIZADO EN FRIO\"},{\"@type\":\"BreadcrumbList\",\"@id\":\"https:\/\/tecnimport.com.pe\/web\/productos\/lps\/inhibidores-de-corrosionn\/lps-cold-galvanize-galvanizado-en-frio\/#breadcrumb\",\"itemListElement\":[{\"@type\":\"ListItem\",\"position\":1,\"name\":\"Portada\",\"item\":\"https:\/\/tecnimport.com.pe\/web\/\"},{\"@type\":\"ListItem\",\"position\":2,\"name\":\"Productos\",\"item\":\"https:\/\/tecnimport.com.pe\/web\/productos-navigation\/\"},{\"@type\":\"ListItem\",\"position\":3,\"name\":\"LPS Cold Galvanize\"}]},{\"@type\":\"WebSite\",\"@id\":\"https:\/\/tecnimport.com.pe\/web\/#website\",\"url\":\"https:\/\/tecnimport.com.pe\/web\/\",\"name\":\"TECNIMPORT S.A.\",\"description\":\"Representante de Devcon, LPS, Rocol y Procyon en el Per\u00fa\",\"publisher\":{\"@id\":\"https:\/\/tecnimport.com.pe\/web\/#organization\"},\"potentialAction\":[{\"@type\":\"SearchAction\",\"target\":{\"@type\":\"EntryPoint\",\"urlTemplate\":\"https:\/\/tecnimport.com.pe\/web\/?s={search_term_string}\"},\"query-input\":{\"@type\":\"PropertyValueSpecification\",\"valueRequired\":true,\"valueName\":\"search_term_string\"}}],\"inLanguage\":\"es\"},{\"@type\":\"Organization\",\"@id\":\"https:\/\/tecnimport.com.pe\/web\/#organization\",\"name\":\"Tecnimport S.A\",\"url\":\"https:\/\/tecnimport.com.pe\/web\/\",\"logo\":{\"@type\":\"ImageObject\",\"inLanguage\":\"es\",\"@id\":\"https:\/\/tecnimport.com.pe\/web\/#\/schema\/logo\/image\/\",\"url\":\"https:\/\/tecnimport.com.pe\/web\/wp-content\/uploads\/2020\/03\/logo_tecnimport.png\",\"contentUrl\":\"https:\/\/tecnimport.com.pe\/web\/wp-content\/uploads\/2020\/03\/logo_tecnimport.png\",\"width\":367,\"height\":49,\"caption\":\"Tecnimport S.A\"},\"image\":{\"@id\":\"https:\/\/tecnimport.com.pe\/web\/#\/schema\/logo\/image\/\"}}]}<\/script>\n<meta property=\"product:price:amount\" content=\"1.00\" \/>\n<meta property=\"product:price:currency\" content=\"USD\" \/>\n<meta property=\"og:availability\" content=\"instock\" \/>\n<meta property=\"product:availability\" content=\"instock\" \/>\n<meta property=\"product:retailer_item_id\" content=\"LPS00516\" \/>\n<meta property=\"product:condition\" content=\"new\" \/>\n<!-- \/ Yoast SEO plugin. -->","yoast_head_json":{"title":"LPS COLD GALVANIZE - GALVANIZADO EN FR\u00cdO","description":"LPS COLD GALVANIZE, GALVANIZADO EN FR\u00cdO, revestimiento rico en zinc al 99%, previene la corrosi\u00f3n y \u00f3xido en todas las superficies met\u00e1licas durante 3 a\u00f1os.","robots":{"index":"index","follow":"follow","max-snippet":"max-snippet:-1","max-image-preview":"max-image-preview:large","max-video-preview":"max-video-preview:-1"},"canonical":"https:\/\/tecnimport.com.pe\/web\/productos\/lps\/inhibidores-de-corrosionn\/lps-cold-galvanize-galvanizado-en-frio\/","og_locale":"es_ES","og_type":"article","og_title":"LPS COLD GALVANIZE - GALVANIZADO EN FR\u00cdO","og_description":"LPS COLD GALVANIZE, GALVANIZADO EN FR\u00cdO, revestimiento rico en zinc al 99%, previene la corrosi\u00f3n y \u00f3xido en todas las superficies met\u00e1licas durante 3 a\u00f1os.","og_url":"https:\/\/tecnimport.com.pe\/web\/productos\/lps\/inhibidores-de-corrosionn\/lps-cold-galvanize-galvanizado-en-frio\/","og_site_name":"TECNIMPORT S.A.","article_modified_time":"2025-03-13T21:21:44+00:00","og_image":[{"width":1000,"height":1000,"url":"https:\/\/tecnimport.com.pe\/web\/wp-content\/uploads\/2024\/08\/LPS-COLG-GALVANIZE-GALVANIZADO-EN-FRIO-TECNIMPORT2.gif","type":"image\/gif"}],"twitter_card":"summary_large_image","twitter_misc":{"Precio":"&#36;1.00","Disponibilidad":"Disponible"},"schema":{"@context":"https:\/\/schema.org","@graph":[{"@type":"WebPage","@id":"https:\/\/tecnimport.com.pe\/web\/productos\/lps\/inhibidores-de-corrosionn\/lps-cold-galvanize-galvanizado-en-frio\/","url":"https:\/\/tecnimport.com.pe\/web\/productos\/lps\/inhibidores-de-corrosionn\/lps-cold-galvanize-galvanizado-en-frio\/","name":"LPS COLD GALVANIZE - GALVANIZADO EN FR\u00cdO","isPartOf":{"@id":"https:\/\/tecnimport.com.pe\/web\/#website"},"primaryImageOfPage":{"@id":"https:\/\/tecnimport.com.pe\/web\/productos\/lps\/inhibidores-de-corrosionn\/lps-cold-galvanize-galvanizado-en-frio\/#primaryimage"},"image":{"@id":"https:\/\/tecnimport.com.pe\/web\/productos\/lps\/inhibidores-de-corrosionn\/lps-cold-galvanize-galvanizado-en-frio\/#primaryimage"},"thumbnailUrl":"https:\/\/tecnimport.com.pe\/web\/wp-content\/uploads\/2024\/08\/LPS-COLG-GALVANIZE-GALVANIZADO-EN-FRIO-TECNIMPORT2.gif","datePublished":"2016-04-21T16:11:33+00:00","dateModified":"2025-03-13T21:21:44+00:00","description":"LPS COLD GALVANIZE, GALVANIZADO EN FR\u00cdO, revestimiento rico en zinc al 99%, previene la corrosi\u00f3n y \u00f3xido en todas las superficies met\u00e1licas durante 3 a\u00f1os.","breadcrumb":{"@id":"https:\/\/tecnimport.com.pe\/web\/productos\/lps\/inhibidores-de-corrosionn\/lps-cold-galvanize-galvanizado-en-frio\/#breadcrumb"},"inLanguage":"es","potentialAction":[{"@type":"ReadAction","target":["https:\/\/tecnimport.com.pe\/web\/productos\/lps\/inhibidores-de-corrosionn\/lps-cold-galvanize-galvanizado-en-frio\/"]}]},{"@type":"ImageObject","inLanguage":"es","@id":"https:\/\/tecnimport.com.pe\/web\/productos\/lps\/inhibidores-de-corrosionn\/lps-cold-galvanize-galvanizado-en-frio\/#primaryimage","url":"https:\/\/tecnimport.com.pe\/web\/wp-content\/uploads\/2024\/08\/LPS-COLG-GALVANIZE-GALVANIZADO-EN-FRIO-TECNIMPORT2.gif","contentUrl":"https:\/\/tecnimport.com.pe\/web\/wp-content\/uploads\/2024\/08\/LPS-COLG-GALVANIZE-GALVANIZADO-EN-FRIO-TECNIMPORT2.gif","width":1000,"height":1000,"caption":"LPS COLD GALVANIZ GALVANIZADO EN FRIO"},{"@type":"BreadcrumbList","@id":"https:\/\/tecnimport.com.pe\/web\/productos\/lps\/inhibidores-de-corrosionn\/lps-cold-galvanize-galvanizado-en-frio\/#breadcrumb","itemListElement":[{"@type":"ListItem","position":1,"name":"Portada","item":"https:\/\/tecnimport.com.pe\/web\/"},{"@type":"ListItem","position":2,"name":"Productos","item":"https:\/\/tecnimport.com.pe\/web\/productos-navigation\/"},{"@type":"ListItem","position":3,"name":"LPS Cold Galvanize"}]},{"@type":"WebSite","@id":"https:\/\/tecnimport.com.pe\/web\/#website","url":"https:\/\/tecnimport.com.pe\/web\/","name":"TECNIMPORT S.A.","description":"Representante de Devcon, LPS, Rocol y Procyon en el Per\u00fa","publisher":{"@id":"https:\/\/tecnimport.com.pe\/web\/#organization"},"potentialAction":[{"@type":"SearchAction","target":{"@type":"EntryPoint","urlTemplate":"https:\/\/tecnimport.com.pe\/web\/?s={search_term_string}"},"query-input":{"@type":"PropertyValueSpecification","valueRequired":true,"valueName":"search_term_string"}}],"inLanguage":"es"},{"@type":"Organization","@id":"https:\/\/tecnimport.com.pe\/web\/#organization","name":"Tecnimport S.A","url":"https:\/\/tecnimport.com.pe\/web\/","logo":{"@type":"ImageObject","inLanguage":"es","@id":"https:\/\/tecnimport.com.pe\/web\/#\/schema\/logo\/image\/","url":"https:\/\/tecnimport.com.pe\/web\/wp-content\/uploads\/2020\/03\/logo_tecnimport.png","contentUrl":"https:\/\/tecnimport.com.pe\/web\/wp-content\/uploads\/2020\/03\/logo_tecnimport.png","width":367,"height":49,"caption":"Tecnimport S.A"},"image":{"@id":"https:\/\/tecnimport.com.pe\/web\/#\/schema\/logo\/image\/"}}]},"product_price_amount":"1.00","product_price_currency":"USD","og_availability":"instock","product_availability":"instock","product_retailer_item_id":"LPS00516","product_condition":"new"},"_links":{"self":[{"href":"https:\/\/tecnimport.com.pe\/web\/wp-json\/wp\/v2\/product\/2207","targetHints":{"allow":["GET"]}}],"collection":[{"href":"https:\/\/tecnimport.com.pe\/web\/wp-json\/wp\/v2\/product"}],"about":[{"href":"https:\/\/tecnimport.com.pe\/web\/wp-json\/wp\/v2\/types\/product"}],"wp:featuredmedia":[{"embeddable":true,"href":"https:\/\/tecnimport.com.pe\/web\/wp-json\/wp\/v2\/media\/6290"}],"wp:attachment":[{"href":"https:\/\/tecnimport.com.pe\/web\/wp-json\/wp\/v2\/media?parent=2207"}],"wp:term":[{"taxonomy":"product_brand","embeddable":true,"href":"https:\/\/tecnimport.com.pe\/web\/wp-json\/wp\/v2\/product_brand?post=2207"},{"taxonomy":"product_cat","embeddable":true,"href":"https:\/\/tecnimport.com.pe\/web\/wp-json\/wp\/v2\/product_cat?post=2207"},{"taxonomy":"product_tag","embeddable":true,"href":"https:\/\/tecnimport.com.pe\/web\/wp-json\/wp\/v2\/product_tag?post=2207"}],"curies":[{"name":"wp","href":"https:\/\/api.w.org\/{rel}","templated":true}]}}