{"id":2132,"date":"2016-04-21T02:14:04","date_gmt":"2016-04-21T07:14:04","guid":{"rendered":"http:\/\/tecnimport.com.pe\/web\/?post_type=product&#038;p=2132"},"modified":"2025-05-27T16:36:54","modified_gmt":"2025-05-27T21:36:54","slug":"devcon-plastic-steel-putty-a-10110-masilla-epoxica-de-acero","status":"publish","type":"product","link":"https:\/\/tecnimport.com.pe\/web\/productos\/devcon-productos\/reparaciones-y-reconstrucciones-metalicas\/devcon-plastic-steel-putty-a-10110-masilla-epoxica-de-acero\/","title":{"rendered":"Devcon Plastic Steel Putty (A) 10110"},"content":{"rendered":"<div class=\"wpb-content-wrapper\"><p>[vc_row][vc_column][vc_column_text css=\u00bb\u00bb woodmart_inline=\u00bbno\u00bb text_larger=\u00bbno\u00bb]<\/p>\n<h3><strong class=\"subtitulo_prod\">Devcon Plastic Steel PuttY (A) &#8211; Masilla Ep\u00f3xica de Acero<\/strong><\/h3>\n<h5><strong class=\"subtitulo_prod\">Presentaci\u00f3n &amp; Fichas<\/strong><\/h5>\n<div class=\"table-container\">\n<table class=\"responsive-table\">\n<thead>\n<tr>\n<th style=\"text-align: center;\">N\u00ba de Parte<\/th>\n<th style=\"text-align: center;\">Capacidad<\/th>\n<th style=\"text-align: center;\">Envase<\/th>\n<th style=\"text-align: center;\"><i class=\"fas fa-download\"><\/i> Ficha T\u00e9cnica (TDS)<\/th>\n<\/tr>\n<\/thead>\n<tbody>\n<tr>\n<td style=\"text-align: center;\">10110<\/td>\n<td style=\"text-align: center;\">1 lb<\/td>\n<td style=\"text-align: center;\">Envase<\/td>\n<td style=\"text-align: center;\"><a href=\"https:\/\/tecnimport.com.pe\/web\/wp-content\/uploads\/2024\/09\/DEVCON-10110-PLASTIC-STEEL-PUTTY-A-MASILLA-EPOXICA-DE-ACERO.pdf\" target=\"_blank\" rel=\"noopener\"><i class=\"fas fa-download\"><\/i> Descargar<\/a><\/td>\n<\/tr>\n<\/tbody>\n<\/table>\n<\/div>\n<p>[\/vc_column_text][\/vc_column][\/vc_row][vc_row][vc_column width=\u00bb1\/3&#8243;][vc_column_text css=\u00bb\u00bb woodmart_inline=\u00bbno\u00bb text_larger=\u00bbno\u00bb]<\/p>\n<h5><strong class=\"subtitulo_prod\">Otras Caracter\u00edsticas<\/strong><\/h5>\n<ul>\n<li>Se adhiere a la mayor\u00eda de los metales, al hormig\u00f3n y a algunos pl\u00e1sticos.<\/li>\n<li>Se cura a temperatura ambiente y forma una masa met\u00e1lica resistente y duradera que se puede perforar, roscar, mecanizar o pintar.<\/li>\n<li>Excelente resistencia al aceite, la gasolina, el agua y muchos productos qu\u00edmicos.<\/li>\n<li>Ideal para rellenar y reparar \u00e1reas en las cuales la soldadura no es una opci\u00f3n.<\/li>\n<li>Resiste temperaturas de operaci\u00f3n hasta 121\u00b0C.<\/li>\n<li>Tiempo de exposici\u00f3n: 45 minutos<\/li>\n<li>Color: Gris<\/li>\n<li>Relaci\u00f3n de mezcla: 2,5:1<\/li>\n<\/ul>\n<p>[\/vc_column_text][\/vc_column][vc_column width=\u00bb1\/3&#8243;][vc_column_text css=\u00bb\u00bb woodmart_inline=\u00bbno\u00bb text_larger=\u00bbno\u00bb]<\/p>\n<h5><strong class=\"subtitulo_prod\">Aplicaciones<\/strong><\/h5>\n<ul>\n<li>Ruedas<\/li>\n<li>Cadenas<\/li>\n<li>Canales<\/li>\n<li>Transportadores<\/li>\n<li>Equipos de llenado<\/li>\n<li>Estantes para alimentos<\/li>\n<li>Carritos de servicio de alimentos<\/li>\n<li>Cortadoras<\/li>\n<\/ul>\n<p>[\/vc_column_text][\/vc_column][vc_column width=\u00bb1\/3&#8243;][vc_column_text css=\u00bb\u00bb woodmart_inline=\u00bbno\u00bb text_larger=\u00bbno\u00bb]<\/p>\n<h5><strong class=\"subtitulo_prod\">Aplicaci\u00f3n<\/strong><\/h5>\n<p>[\/vc_column_text][vc_single_image image=\u00bb6421&#8243; img_size=\u00bblarge\u00bb add_caption=\u00bbyes\u00bb alignment=\u00bbcenter\u00bb parallax_scroll=\u00bbno\u00bb woodmart_inline=\u00bbno\u00bb][\/vc_column][\/vc_row][vc_row][vc_column width=\u00bb1\/3&#8243;][vc_column_text css=\u00bb\u00bb woodmart_inline=\u00bbno\u00bb text_larger=\u00bbno\u00bb]<\/p>\n<h5><strong class=\"subtitulo_prod\">Certificaciones &amp; Especificaciones<\/strong><\/h5>\n<ul>\n<li>Cumple con norma: DOD-C-24176B (SH), Tipo I.<\/li>\n<li>Incluido en la lista de NSN Stock #8030-00-903-6545; #8030-00-962-4430.<\/li>\n<\/ul>\n<p>[\/vc_column_text][\/vc_column][vc_column width=\u00bb1\/3&#8243;][vc_column_text css=\u00bb\u00bb woodmart_inline=\u00bbno\u00bb text_larger=\u00bbno\u00bb]<\/p>\n<h5><strong class=\"subtitulo_prod\">Marca &amp; Fabricante<\/strong><\/h5>\n<table class=\"table\">\n<tbody>\n<tr>\n<td>Marca<\/td>\n<td><strong><a href=\"https:\/\/tecnimport.com.pe\/web\/devcon-peru\/\" target=\"_blank\" rel=\"noopener\">DEVCON<\/a><\/strong><\/td>\n<\/tr>\n<tr>\n<td>Fabricante<\/td>\n<td><strong><a href=\"https:\/\/itwperformancepolymers.com\/products\/devcon\/metal-rebuilding-repair\/devcon-plastic-steel-putty-a\" target=\"_blank\" rel=\"noopener\">ITW Performance polymers<\/a><\/strong><\/td>\n<\/tr>\n<\/tbody>\n<\/table>\n<p>[\/vc_column_text][\/vc_column][vc_column width=\u00bb1\/3&#8243;][\/vc_column][\/vc_row][vc_row][\/vc_row][vc_column][vc_column_text css=\u00bb\u00bb woodmart_inline=\u00bbno\u00bb text_larger=\u00bbno\u00bb]<\/p>\n<h5><strong class=\"subtitulo_prod\">Propiedades de Curado 7 d\u00edas @ 75\u00b0F (24\u00b0C)<\/strong><\/h5>\n<table class=\"table\">\n<thead><\/thead>\n<tbody>\n<tr>\n<td>Resistencia al corte por adhesi\u00f3n<\/td>\n<td>2800 psi<\/td>\n<\/tr>\n<tr>\n<td>Coeficiente de expansi\u00f3n t\u00e9rmica<\/td>\n<td>48 [(in.) \/ (in) x \u00baF)] x 10 (-6)<\/td>\n<\/tr>\n<tr>\n<td>Color<\/td>\n<td>Gris<\/td>\n<\/tr>\n<tr>\n<td>Resistencia a la compresi\u00f3n<\/td>\n<td>8260 psi<\/td>\n<\/tr>\n<tr>\n<td>Cobertura \/ lb<\/td>\n<td>48 sq.in.\/lb. @ \u00bc\u201d<\/td>\n<\/tr>\n<tr>\n<td>Tiempo de curado<\/td>\n<td>16 hrs.<\/td>\n<\/tr>\n<tr>\n<td>Dureza de curado<\/td>\n<td>85D<\/td>\n<\/tr>\n<tr>\n<td>Contracci\u00f3n despu\u00e9s de curado<\/td>\n<td>0.0006 in.\/in.<\/td>\n<\/tr>\n<tr>\n<td>Constante diel\u00e9ctrica<\/td>\n<td>67.5<\/td>\n<\/tr>\n<tr>\n<td>Tensi\u00f3n diel\u00e9ctrica<\/td>\n<td>30 volts\/mil.<\/td>\n<\/tr>\n<tr>\n<td>Resistencia a la flexi\u00f3n<\/td>\n<td>5600 psi<\/td>\n<\/tr>\n<tr>\n<td>Raz\u00f3n de mezcla por volumen<\/td>\n<td>2.5:1<\/td>\n<\/tr>\n<tr>\n<td>Raz\u00f3n de mezcla por peso<\/td>\n<td>9:1<\/td>\n<\/tr>\n<tr>\n<td>Viscosidad de la mezcla<\/td>\n<td>Pasta<\/td>\n<\/tr>\n<tr>\n<td>M\u00f3dulos de elasticidad<\/td>\n<td>8.5 psi x 10(5) psi<\/td>\n<\/tr>\n<tr>\n<td>Pot Life @ 25\u00baC<\/td>\n<td>45 min.<\/td>\n<\/tr>\n<tr>\n<td>Tiempo de recapa<\/td>\n<td>2-4 hrs.<\/td>\n<\/tr>\n<tr>\n<td>S\u00f3lidos por volumen<\/td>\n<td>100<\/td>\n<\/tr>\n<tr>\n<td>Conductividad t\u00e9rmica<\/td>\n<td>1.37 [(cal x cm) \/ (sec x cm (2)<\/td>\n<\/tr>\n<\/tbody>\n<\/table>\n<p>[\/vc_column_text][\/vc_column]<\/p>\n<\/div>","protected":false},"excerpt":{"rendered":"<p><strong>Devcon Plastic Steel Putty(A) 10110<\/strong> es una masilla ep\u00f3xica rellena de metal que se utiliza para cientos de aplicaciones rutinarias de mantenimiento, producci\u00f3n y fabricaci\u00f3n de herramientas.<br \/>\nParche y repare \u00e1reas donde la soldadura o la soldadura fuerte ser\u00edan indeseables o imposibles.<\/p>\n","protected":false},"featured_media":6415,"template":"","meta":[],"product_brand":[233],"product_cat":[206,218],"product_tag":[1397,1368,1369],"class_list":{"0":"post-2132","1":"product","2":"type-product","3":"status-publish","4":"has-post-thumbnail","6":"product_brand-devcon","7":"product_cat-devcon-productos","8":"product_cat-reparaciones-y-reconstrucciones-metalicas","9":"product_tag-masilla-de-acero","10":"product_tag-masilla-epoxica","11":"product_tag-reparaciones-de-precision","13":"first","14":"instock","15":"shipping-taxable","16":"purchasable","17":"product-type-simple"},"yoast_head":"<!-- This site is optimized with the Yoast SEO plugin v26.9 - https:\/\/yoast.com\/product\/yoast-seo-wordpress\/ -->\n<title>Devcon Plastic Steel Putty (A) 10110 - Masilla Ep\u00f3xica de Acero<\/title>\n<meta name=\"description\" content=\"Devcon Plastic Steel PuttY (A) 10110 es una masilla de acero relleno de metal utilizado para aplicaciones de mantenimiento, producci\u00f3n y herramientas.\" \/>\n<meta name=\"robots\" content=\"index, follow, max-snippet:-1, max-image-preview:large, max-video-preview:-1\" \/>\n<link rel=\"canonical\" href=\"https:\/\/tecnimport.com.pe\/web\/productos\/devcon-productos\/reparaciones-y-reconstrucciones-metalicas\/devcon-plastic-steel-putty-a-10110-masilla-epoxica-de-acero\/\" \/>\n<meta property=\"og:locale\" content=\"es_ES\" \/>\n<meta property=\"og:type\" content=\"article\" \/>\n<meta property=\"og:title\" content=\"Devcon Plastic Steel Putty (A) 10110 - Masilla Ep\u00f3xica de Acero\" \/>\n<meta property=\"og:description\" content=\"Devcon Plastic Steel PuttY (A) 10110 es una masilla de acero relleno de metal utilizado para aplicaciones de mantenimiento, producci\u00f3n y herramientas.\" \/>\n<meta property=\"og:url\" content=\"https:\/\/tecnimport.com.pe\/web\/productos\/devcon-productos\/reparaciones-y-reconstrucciones-metalicas\/devcon-plastic-steel-putty-a-10110-masilla-epoxica-de-acero\/\" \/>\n<meta property=\"og:site_name\" content=\"TECNIMPORT S.A.\" \/>\n<meta property=\"article:modified_time\" content=\"2025-05-27T21:36:54+00:00\" \/>\n<meta property=\"og:image\" content=\"https:\/\/tecnimport.com.pe\/web\/wp-content\/uploads\/2016\/04\/DEVCON-PLASTIC-STEEL-PUTTY-A-MASILLA-EPOXICA-DE-ACERO10110-.gif\" \/>\n\t<meta property=\"og:image:width\" content=\"1000\" \/>\n\t<meta property=\"og:image:height\" content=\"1000\" \/>\n\t<meta property=\"og:image:type\" content=\"image\/gif\" \/>\n<meta name=\"twitter:card\" content=\"summary_large_image\" \/>\n<meta name=\"twitter:label1\" content=\"Precio\" \/>\n\t<meta name=\"twitter:data1\" content=\"&#036;1.00\" \/>\n\t<meta name=\"twitter:label2\" content=\"Disponibilidad\" \/>\n\t<meta name=\"twitter:data2\" content=\"Disponible\" \/>\n<script type=\"application\/ld+json\" class=\"yoast-schema-graph\">{\"@context\":\"https:\/\/schema.org\",\"@graph\":[{\"@type\":\"WebPage\",\"@id\":\"https:\/\/tecnimport.com.pe\/web\/productos\/devcon-productos\/reparaciones-y-reconstrucciones-metalicas\/devcon-plastic-steel-putty-a-10110-masilla-epoxica-de-acero\/\",\"url\":\"https:\/\/tecnimport.com.pe\/web\/productos\/devcon-productos\/reparaciones-y-reconstrucciones-metalicas\/devcon-plastic-steel-putty-a-10110-masilla-epoxica-de-acero\/\",\"name\":\"Devcon Plastic Steel Putty (A) 10110 - Masilla Ep\u00f3xica de Acero\",\"isPartOf\":{\"@id\":\"https:\/\/tecnimport.com.pe\/web\/#website\"},\"primaryImageOfPage\":{\"@id\":\"https:\/\/tecnimport.com.pe\/web\/productos\/devcon-productos\/reparaciones-y-reconstrucciones-metalicas\/devcon-plastic-steel-putty-a-10110-masilla-epoxica-de-acero\/#primaryimage\"},\"image\":{\"@id\":\"https:\/\/tecnimport.com.pe\/web\/productos\/devcon-productos\/reparaciones-y-reconstrucciones-metalicas\/devcon-plastic-steel-putty-a-10110-masilla-epoxica-de-acero\/#primaryimage\"},\"thumbnailUrl\":\"https:\/\/tecnimport.com.pe\/web\/wp-content\/uploads\/2016\/04\/DEVCON-PLASTIC-STEEL-PUTTY-A-MASILLA-EPOXICA-DE-ACERO10110-.gif\",\"datePublished\":\"2016-04-21T07:14:04+00:00\",\"dateModified\":\"2025-05-27T21:36:54+00:00\",\"description\":\"Devcon Plastic Steel PuttY (A) 10110 es una masilla de acero relleno de metal utilizado para aplicaciones de mantenimiento, producci\u00f3n y herramientas.\",\"breadcrumb\":{\"@id\":\"https:\/\/tecnimport.com.pe\/web\/productos\/devcon-productos\/reparaciones-y-reconstrucciones-metalicas\/devcon-plastic-steel-putty-a-10110-masilla-epoxica-de-acero\/#breadcrumb\"},\"inLanguage\":\"es\",\"potentialAction\":[{\"@type\":\"ReadAction\",\"target\":[\"https:\/\/tecnimport.com.pe\/web\/productos\/devcon-productos\/reparaciones-y-reconstrucciones-metalicas\/devcon-plastic-steel-putty-a-10110-masilla-epoxica-de-acero\/\"]}]},{\"@type\":\"ImageObject\",\"inLanguage\":\"es\",\"@id\":\"https:\/\/tecnimport.com.pe\/web\/productos\/devcon-productos\/reparaciones-y-reconstrucciones-metalicas\/devcon-plastic-steel-putty-a-10110-masilla-epoxica-de-acero\/#primaryimage\",\"url\":\"https:\/\/tecnimport.com.pe\/web\/wp-content\/uploads\/2016\/04\/DEVCON-PLASTIC-STEEL-PUTTY-A-MASILLA-EPOXICA-DE-ACERO10110-.gif\",\"contentUrl\":\"https:\/\/tecnimport.com.pe\/web\/wp-content\/uploads\/2016\/04\/DEVCON-PLASTIC-STEEL-PUTTY-A-MASILLA-EPOXICA-DE-ACERO10110-.gif\",\"width\":1000,\"height\":1000,\"caption\":\"DEVCON PLASTIC STEEL PUTTY (A) MASILLA-EP\u00d3XICA DE ACERO 10110\"},{\"@type\":\"BreadcrumbList\",\"@id\":\"https:\/\/tecnimport.com.pe\/web\/productos\/devcon-productos\/reparaciones-y-reconstrucciones-metalicas\/devcon-plastic-steel-putty-a-10110-masilla-epoxica-de-acero\/#breadcrumb\",\"itemListElement\":[{\"@type\":\"ListItem\",\"position\":1,\"name\":\"Portada\",\"item\":\"https:\/\/tecnimport.com.pe\/web\/\"},{\"@type\":\"ListItem\",\"position\":2,\"name\":\"Productos\",\"item\":\"https:\/\/tecnimport.com.pe\/web\/productos-navigation\/\"},{\"@type\":\"ListItem\",\"position\":3,\"name\":\"Devcon Plastic Steel Putty (A) 10110\"}]},{\"@type\":\"WebSite\",\"@id\":\"https:\/\/tecnimport.com.pe\/web\/#website\",\"url\":\"https:\/\/tecnimport.com.pe\/web\/\",\"name\":\"TECNIMPORT S.A.\",\"description\":\"Representante de Devcon, LPS, Rocol y Procyon en el Per\u00fa\",\"publisher\":{\"@id\":\"https:\/\/tecnimport.com.pe\/web\/#organization\"},\"potentialAction\":[{\"@type\":\"SearchAction\",\"target\":{\"@type\":\"EntryPoint\",\"urlTemplate\":\"https:\/\/tecnimport.com.pe\/web\/?s={search_term_string}\"},\"query-input\":{\"@type\":\"PropertyValueSpecification\",\"valueRequired\":true,\"valueName\":\"search_term_string\"}}],\"inLanguage\":\"es\"},{\"@type\":\"Organization\",\"@id\":\"https:\/\/tecnimport.com.pe\/web\/#organization\",\"name\":\"Tecnimport S.A\",\"url\":\"https:\/\/tecnimport.com.pe\/web\/\",\"logo\":{\"@type\":\"ImageObject\",\"inLanguage\":\"es\",\"@id\":\"https:\/\/tecnimport.com.pe\/web\/#\/schema\/logo\/image\/\",\"url\":\"https:\/\/tecnimport.com.pe\/web\/wp-content\/uploads\/2020\/03\/logo_tecnimport.png\",\"contentUrl\":\"https:\/\/tecnimport.com.pe\/web\/wp-content\/uploads\/2020\/03\/logo_tecnimport.png\",\"width\":367,\"height\":49,\"caption\":\"Tecnimport S.A\"},\"image\":{\"@id\":\"https:\/\/tecnimport.com.pe\/web\/#\/schema\/logo\/image\/\"}}]}<\/script>\n<meta property=\"product:price:amount\" content=\"1.00\" \/>\n<meta property=\"product:price:currency\" content=\"USD\" \/>\n<meta property=\"og:availability\" content=\"instock\" \/>\n<meta property=\"product:availability\" content=\"instock\" \/>\n<meta property=\"product:retailer_item_id\" content=\"10110\" \/>\n<meta property=\"product:condition\" content=\"new\" \/>\n<!-- \/ Yoast SEO plugin. -->","yoast_head_json":{"title":"Devcon Plastic Steel Putty (A) 10110 - Masilla Ep\u00f3xica de Acero","description":"Devcon Plastic Steel PuttY (A) 10110 es una masilla de acero relleno de metal utilizado para aplicaciones de mantenimiento, producci\u00f3n y herramientas.","robots":{"index":"index","follow":"follow","max-snippet":"max-snippet:-1","max-image-preview":"max-image-preview:large","max-video-preview":"max-video-preview:-1"},"canonical":"https:\/\/tecnimport.com.pe\/web\/productos\/devcon-productos\/reparaciones-y-reconstrucciones-metalicas\/devcon-plastic-steel-putty-a-10110-masilla-epoxica-de-acero\/","og_locale":"es_ES","og_type":"article","og_title":"Devcon Plastic Steel Putty (A) 10110 - Masilla Ep\u00f3xica de Acero","og_description":"Devcon Plastic Steel PuttY (A) 10110 es una masilla de acero relleno de metal utilizado para aplicaciones de mantenimiento, producci\u00f3n y herramientas.","og_url":"https:\/\/tecnimport.com.pe\/web\/productos\/devcon-productos\/reparaciones-y-reconstrucciones-metalicas\/devcon-plastic-steel-putty-a-10110-masilla-epoxica-de-acero\/","og_site_name":"TECNIMPORT S.A.","article_modified_time":"2025-05-27T21:36:54+00:00","og_image":[{"width":1000,"height":1000,"url":"https:\/\/tecnimport.com.pe\/web\/wp-content\/uploads\/2016\/04\/DEVCON-PLASTIC-STEEL-PUTTY-A-MASILLA-EPOXICA-DE-ACERO10110-.gif","type":"image\/gif"}],"twitter_card":"summary_large_image","twitter_misc":{"Precio":"&#36;1.00","Disponibilidad":"Disponible"},"schema":{"@context":"https:\/\/schema.org","@graph":[{"@type":"WebPage","@id":"https:\/\/tecnimport.com.pe\/web\/productos\/devcon-productos\/reparaciones-y-reconstrucciones-metalicas\/devcon-plastic-steel-putty-a-10110-masilla-epoxica-de-acero\/","url":"https:\/\/tecnimport.com.pe\/web\/productos\/devcon-productos\/reparaciones-y-reconstrucciones-metalicas\/devcon-plastic-steel-putty-a-10110-masilla-epoxica-de-acero\/","name":"Devcon Plastic Steel Putty (A) 10110 - Masilla Ep\u00f3xica de Acero","isPartOf":{"@id":"https:\/\/tecnimport.com.pe\/web\/#website"},"primaryImageOfPage":{"@id":"https:\/\/tecnimport.com.pe\/web\/productos\/devcon-productos\/reparaciones-y-reconstrucciones-metalicas\/devcon-plastic-steel-putty-a-10110-masilla-epoxica-de-acero\/#primaryimage"},"image":{"@id":"https:\/\/tecnimport.com.pe\/web\/productos\/devcon-productos\/reparaciones-y-reconstrucciones-metalicas\/devcon-plastic-steel-putty-a-10110-masilla-epoxica-de-acero\/#primaryimage"},"thumbnailUrl":"https:\/\/tecnimport.com.pe\/web\/wp-content\/uploads\/2016\/04\/DEVCON-PLASTIC-STEEL-PUTTY-A-MASILLA-EPOXICA-DE-ACERO10110-.gif","datePublished":"2016-04-21T07:14:04+00:00","dateModified":"2025-05-27T21:36:54+00:00","description":"Devcon Plastic Steel PuttY (A) 10110 es una masilla de acero relleno de metal utilizado para aplicaciones de mantenimiento, producci\u00f3n y herramientas.","breadcrumb":{"@id":"https:\/\/tecnimport.com.pe\/web\/productos\/devcon-productos\/reparaciones-y-reconstrucciones-metalicas\/devcon-plastic-steel-putty-a-10110-masilla-epoxica-de-acero\/#breadcrumb"},"inLanguage":"es","potentialAction":[{"@type":"ReadAction","target":["https:\/\/tecnimport.com.pe\/web\/productos\/devcon-productos\/reparaciones-y-reconstrucciones-metalicas\/devcon-plastic-steel-putty-a-10110-masilla-epoxica-de-acero\/"]}]},{"@type":"ImageObject","inLanguage":"es","@id":"https:\/\/tecnimport.com.pe\/web\/productos\/devcon-productos\/reparaciones-y-reconstrucciones-metalicas\/devcon-plastic-steel-putty-a-10110-masilla-epoxica-de-acero\/#primaryimage","url":"https:\/\/tecnimport.com.pe\/web\/wp-content\/uploads\/2016\/04\/DEVCON-PLASTIC-STEEL-PUTTY-A-MASILLA-EPOXICA-DE-ACERO10110-.gif","contentUrl":"https:\/\/tecnimport.com.pe\/web\/wp-content\/uploads\/2016\/04\/DEVCON-PLASTIC-STEEL-PUTTY-A-MASILLA-EPOXICA-DE-ACERO10110-.gif","width":1000,"height":1000,"caption":"DEVCON PLASTIC STEEL PUTTY (A) MASILLA-EP\u00d3XICA DE ACERO 10110"},{"@type":"BreadcrumbList","@id":"https:\/\/tecnimport.com.pe\/web\/productos\/devcon-productos\/reparaciones-y-reconstrucciones-metalicas\/devcon-plastic-steel-putty-a-10110-masilla-epoxica-de-acero\/#breadcrumb","itemListElement":[{"@type":"ListItem","position":1,"name":"Portada","item":"https:\/\/tecnimport.com.pe\/web\/"},{"@type":"ListItem","position":2,"name":"Productos","item":"https:\/\/tecnimport.com.pe\/web\/productos-navigation\/"},{"@type":"ListItem","position":3,"name":"Devcon Plastic Steel Putty (A) 10110"}]},{"@type":"WebSite","@id":"https:\/\/tecnimport.com.pe\/web\/#website","url":"https:\/\/tecnimport.com.pe\/web\/","name":"TECNIMPORT S.A.","description":"Representante de Devcon, LPS, Rocol y Procyon en el Per\u00fa","publisher":{"@id":"https:\/\/tecnimport.com.pe\/web\/#organization"},"potentialAction":[{"@type":"SearchAction","target":{"@type":"EntryPoint","urlTemplate":"https:\/\/tecnimport.com.pe\/web\/?s={search_term_string}"},"query-input":{"@type":"PropertyValueSpecification","valueRequired":true,"valueName":"search_term_string"}}],"inLanguage":"es"},{"@type":"Organization","@id":"https:\/\/tecnimport.com.pe\/web\/#organization","name":"Tecnimport S.A","url":"https:\/\/tecnimport.com.pe\/web\/","logo":{"@type":"ImageObject","inLanguage":"es","@id":"https:\/\/tecnimport.com.pe\/web\/#\/schema\/logo\/image\/","url":"https:\/\/tecnimport.com.pe\/web\/wp-content\/uploads\/2020\/03\/logo_tecnimport.png","contentUrl":"https:\/\/tecnimport.com.pe\/web\/wp-content\/uploads\/2020\/03\/logo_tecnimport.png","width":367,"height":49,"caption":"Tecnimport S.A"},"image":{"@id":"https:\/\/tecnimport.com.pe\/web\/#\/schema\/logo\/image\/"}}]},"product_price_amount":"1.00","product_price_currency":"USD","og_availability":"instock","product_availability":"instock","product_retailer_item_id":"10110","product_condition":"new"},"_links":{"self":[{"href":"https:\/\/tecnimport.com.pe\/web\/wp-json\/wp\/v2\/product\/2132","targetHints":{"allow":["GET"]}}],"collection":[{"href":"https:\/\/tecnimport.com.pe\/web\/wp-json\/wp\/v2\/product"}],"about":[{"href":"https:\/\/tecnimport.com.pe\/web\/wp-json\/wp\/v2\/types\/product"}],"wp:featuredmedia":[{"embeddable":true,"href":"https:\/\/tecnimport.com.pe\/web\/wp-json\/wp\/v2\/media\/6415"}],"wp:attachment":[{"href":"https:\/\/tecnimport.com.pe\/web\/wp-json\/wp\/v2\/media?parent=2132"}],"wp:term":[{"taxonomy":"product_brand","embeddable":true,"href":"https:\/\/tecnimport.com.pe\/web\/wp-json\/wp\/v2\/product_brand?post=2132"},{"taxonomy":"product_cat","embeddable":true,"href":"https:\/\/tecnimport.com.pe\/web\/wp-json\/wp\/v2\/product_cat?post=2132"},{"taxonomy":"product_tag","embeddable":true,"href":"https:\/\/tecnimport.com.pe\/web\/wp-json\/wp\/v2\/product_tag?post=2132"}],"curies":[{"name":"wp","href":"https:\/\/api.w.org\/{rel}","templated":true}]}}